{"id":2701,"date":"2025-12-11T09:21:40","date_gmt":"2025-12-11T09:21:40","guid":{"rendered":"https:\/\/anadolupet.com.tr\/?page_id=2701"},"modified":"2025-12-24T10:58:35","modified_gmt":"2025-12-24T10:58:35","slug":"points-of-sale","status":"publish","type":"page","link":"https:\/\/anadolupet.com.tr\/en\/satis-noktalarimiz\/","title":{"rendered":"Points of Sale"},"content":{"rendered":"<div class=\"fusion-fullwidth fullwidth-box fusion-builder-row-1 fusion-flex-container has-pattern-background has-mask-background nonhundred-percent-fullwidth non-hundred-percent-height-scrolling\" style=\"--awb-border-radius-top-left:0px;--awb-border-radius-top-right:0px;--awb-border-radius-bottom-right:0px;--awb-border-radius-bottom-left:0px;--awb-flex-wrap:wrap;\" ><div class=\"fusion-builder-row fusion-row fusion-flex-align-items-flex-start fusion-flex-content-wrap\" style=\"max-width:1248px;margin-left: calc(-4% \/ 2 );margin-right: calc(-4% \/ 2 );\"><div class=\"fusion-layout-column fusion_builder_column fusion-builder-column-0 fusion_builder_column_3_4 3_4 fusion-flex-column\" style=\"--awb-bg-size:cover;--awb-width-large:75%;--awb-margin-top-large:0px;--awb-spacing-right-large:2.56%;--awb-margin-bottom-large:20px;--awb-spacing-left-large:2.56%;--awb-width-medium:75%;--awb-order-medium:0;--awb-spacing-right-medium:2.56%;--awb-spacing-left-medium:2.56%;--awb-width-small:100%;--awb-order-small:0;--awb-spacing-right-small:1.92%;--awb-spacing-left-small:1.92%;\"><div class=\"fusion-column-wrapper fusion-column-has-shadow fusion-flex-justify-content-flex-start fusion-content-layout-column\">    \n    <div class=\"bayi-filtre-container\">\n        <form id=\"bayi-filter-form\" action=\"\">\n            <select name=\"kanal\" id=\"kanal-secim\">\n                <option value=\"\">All Sales Channels<\/option>\n                <option value=\"online\">Online Sales Points<\/option>\n                <option value=\"veteriner\">Veterinary Clinic<\/option>\n                <option value=\"petshop\">Petshop<\/option>\n            <\/select>\n\n            <select name=\"il\" id=\"il-secim\">\n                <option value=\"\">Select Province<\/option>\n                                    <option value=\"2719\">Adana<\/option>\n                                    <option value=\"2734\">Adiyaman<\/option>\n                                    <option value=\"3766\">Afyon<\/option>\n                                    <option value=\"2744\">Afyonkarahisar<\/option>\n                                    <option value=\"2762\">Agri<\/option>\n                                    <option value=\"2771\">Aksaray<\/option>\n                                    <option value=\"2779\">Amasya<\/option>\n                                    <option value=\"2787\">Ankara<\/option>\n                                    <option value=\"2813\">Antalya<\/option>\n                                    <option value=\"2833\">Ardahan<\/option>\n                                    <option value=\"2840\">Artvin<\/option>\n                                    <option value=\"2849\">Aydin<\/option>\n                                    <option value=\"2867\">Bal\u0131kesir<\/option>\n                                    <option value=\"2888\">Bartin<\/option>\n                                    <option value=\"2893\">Batman<\/option>\n                                    <option value=\"2900\">Bayburt<\/option>\n                                    <option value=\"2904\">Bilecik<\/option>\n                                    <option value=\"2913\">Bingol<\/option>\n                                    <option value=\"2922\">Bitlis<\/option>\n                                    <option value=\"2930\">Bolu<\/option>\n                                    <option value=\"2940\">Burdur<\/option>\n                                    <option value=\"2952\">Bursa<\/option>\n                                    <option value=\"2970\">Canakkale<\/option>\n                                    <option value=\"2982\">Cankiri<\/option>\n                                    <option value=\"2995\">Corum<\/option>\n                                    <option value=\"3010\">Denizli<\/option>\n                                    <option value=\"3030\">Diyarbakir<\/option>\n                                    <option value=\"3048\">Duzce<\/option>\n                                    <option value=\"3057\">Edirne<\/option>\n                                    <option value=\"3067\">Elazig<\/option>\n                                    <option value=\"3079\">Erzincan<\/option>\n                                    <option value=\"3089\">Erzurum<\/option>\n                                    <option value=\"3110\">Eskisehir<\/option>\n                                    <option value=\"3125\">Gaziantep<\/option>\n                                    <option value=\"3135\">Giresun<\/option>\n                                    <option value=\"3152\">Gumushane<\/option>\n                                    <option value=\"3159\">Hakkari<\/option>\n                                    <option value=\"3164\">Hatay<\/option>\n                                    <option value=\"3180\">Igdir<\/option>\n                                    <option value=\"3185\">Isparta<\/option>\n                                    <option value=\"3199\">Istanbul<\/option>\n                                    <option value=\"3239\">Izmir<\/option>\n                                    <option value=\"3270\">Kahramanmaras<\/option>\n                                    <option value=\"3282\">Karabuk<\/option>\n                                    <option value=\"3289\">Karaman<\/option>\n                                    <option value=\"3296\">Kars<\/option>\n                                    <option value=\"3305\">Kastamonu<\/option>\n                                    <option value=\"3326\">Kayseri<\/option>\n                                    <option value=\"3370\">Kilis<\/option>\n                                    <option value=\"3343\">Kirikkale<\/option>\n                                    <option value=\"3353\">Kirklareli<\/option>\n                                    <option value=\"3362\">Kirsehir<\/option>\n                                    <option value=\"3375\">Kocaeli<\/option>\n                                    <option value=\"3388\">Konya<\/option>\n                                    <option value=\"3420\">Kutahya<\/option>\n                                    <option value=\"3434\">Malatya<\/option>\n                                    <option value=\"3448\">Manisa<\/option>\n                                    <option value=\"3466\">Mardin<\/option>\n                                    <option value=\"3477\">Mersin<\/option>\n                                    <option value=\"3490\">Mugla<\/option>\n                                    <option value=\"3504\">Mush<\/option>\n                                    <option value=\"3511\">Nevsehir<\/option>\n                                    <option value=\"3520\">Nigde<\/option>\n                                    <option value=\"3527\">Army<\/option>\n                                    <option value=\"3547\">Osmaniye<\/option>\n                                    <option value=\"3555\">Rize<\/option>\n                                    <option value=\"3568\">Sakarya<\/option>\n                                    <option value=\"3585\">Samsun<\/option>\n                                    <option value=\"3639\">Sanliurfa<\/option>\n                                    <option value=\"3603\">Siirt<\/option>\n                                    <option value=\"3611\">Sinop<\/option>\n                                    <option value=\"3621\">Sivas<\/option>\n                                    <option value=\"3653\">Sirnak<\/option>\n                                    <option value=\"3661\">Tekirdag<\/option>\n                                    <option value=\"3672\">Slap<\/option>\n                                    <option value=\"3685\">Trabzon<\/option>\n                                    <option value=\"3704\">Tunceli<\/option>\n                                    <option value=\"3713\">Butler<\/option>\n                                    <option value=\"3720\">Van<\/option>\n                                    <option value=\"3734\">Yalova<\/option>\n                                    <option value=\"3741\">Yozgat<\/option>\n                                    <option value=\"3756\">Zonguldak<\/option>\n                            <\/select>\n\n            <select name=\"ilce\" id=\"ilce-secim\" disabled>\n                <option value=\"\">Select District<\/option>\n            <\/select>\n\n            <button type=\"submit\" id=\"bayi-ara-btn\">Find<\/button>\n        <input type=\"hidden\" name=\"trp-form-language\" value=\"en\"\/><\/form>\n    <\/div>\n\n    <div id=\"bayi-sonuclar\"><\/div>\n\n    <script>\n    jQuery(document).ready(function($) {\n        \/\/ Kanal se\u00e7imini kontrol eden fonksiyon\n        function konumAlanlariniYonet() {\n            var secilenKanal = $('#kanal-secim').val();\n            \n            if(secilenKanal === 'online') {\n                \/\/ Online se\u00e7ildiyse \u0130l ve \u0130l\u00e7e kutular\u0131n\u0131 gizle ve de\u011ferlerini temizle\n                $('#il-secim').hide().val('');\n                $('#ilce-secim').hide().html('<option value=\"\">\u0130l\u00e7e Se\u00e7iniz<\/option>').prop('disabled', true);\n            } else {\n                \/\/ Di\u011ferlerinde g\u00f6ster\n                $('#il-secim').show();\n                $('#ilce-secim').show(); \/\/ \u0130l\u00e7e kutusu disabled olsa bile g\u00f6r\u00fcn\u00fcr olmal\u0131\n            }\n        }\n\n        \/\/ Kanal de\u011fi\u015fti\u011finde \u00e7al\u0131\u015ft\u0131r\n        $('#kanal-secim').change(function(){\n            konumAlanlariniYonet();\n        });\n\n        \/\/ Sayfa ilk y\u00fcklendi\u011finde de \u00e7al\u0131\u015ft\u0131r (Taray\u0131c\u0131 \u00f6nbelle\u011fi se\u00e7imi hat\u0131rlarsa diye)\n        konumAlanlariniYonet();\n        \n        \/\/ --- YEN\u0130 EKLENEN KISIM B\u0130T\u0130\u015e ---\n\n        \/\/ Mevcut \u0130l -> \u0130l\u00e7e Getirme Kodu\n        $('#il-secim').change(function(){\n            var il_id = $(this).val();\n            if(il_id != '') {\n                $.ajax({\n                    url: 'https:\/\/anadolupet.com.tr\/wp-admin\/admin-ajax.php',\n                    type: 'POST',\n                    data: { action: 'ilce_getir', il_id: il_id },\n                    success: function(response) { $('#ilce-secim').html(response).prop('disabled', false); }\n                });\n            } else {\n                $('#ilce-secim').html('<option value=\"\">\u0130l\u00e7e Se\u00e7iniz<\/option>').prop('disabled', true);\n            }\n        });\n\n        \/\/ Arama Formu Submit\n        $('#bayi-filter-form').submit(function(e){\n            e.preventDefault();\n            $('#bayi-sonuclar').html('<div class=\"loading\" style=\"text-align:center; padding:20px;\">Y\u00fckleniyor...<\/div>');\n            $.ajax({\n                url: 'https:\/\/anadolupet.com.tr\/wp-admin\/admin-ajax.php',\n                type: 'POST',\n                data: $(this).serialize() + '&action=bayi_listele',\n                success: function(response) { $('#bayi-sonuclar').html(response); }\n            });\n        });\n    });\n    <\/script>\n    \n    <style>\n        .bayi-filtre-container { display: flex; flex-wrap: wrap; gap: 15px; margin-bottom: 30px; background:#f9f9f9; padding:25px; border-radius:10px; border:1px solid #eee; align-items: center; }\n        .bayi-filtre-container select { flex: 1; min-width: 200px; height: 50px; padding: 0 15px; border-radius: 5px; border: 1px solid #ddd; font-size: 15px; background:#fff; }\n        .bayi-filtre-container button { height: 50px; background: #ff6600; color: white; border: none; padding: 0 40px; border-radius: 5px; cursor: pointer; font-weight: bold; font-size: 16px; }\n        .bayi-kart { background: #fff; border-radius: 12px; padding: 25px; margin-bottom: 20px; box-shadow: 0 5px 15px rgba(0,0,0,0.05); border: 1px solid #f0f0f0; }\n        .bayi-kart h3 { margin: 0 0 10px 0; font-size: 18px; color: #333; font-weight: 700; text-transform: uppercase; }\n        .bayi-kart p { margin: 5px 0; color: #666; font-size: 14px; }\n        .bayi-web-btn { display: inline-block; margin-top: 15px; padding: 10px 20px; background-color: #ff6600; color: #fff !important; text-decoration: none; border-radius: 5px; font-size: 14px; font-weight: bold; }\n        .bayi-web-btn:hover { background-color: #e65c00; }\n    <\/style>\n    <\/div><\/div><div class=\"fusion-layout-column fusion_builder_column fusion-builder-column-1 fusion_builder_column_1_4 1_4 fusion-flex-column\" style=\"--awb-bg-size:cover;--awb-width-large:25%;--awb-margin-top-large:0px;--awb-spacing-right-large:7.68%;--awb-margin-bottom-large:20px;--awb-spacing-left-large:7.68%;--awb-width-medium:25%;--awb-order-medium:0;--awb-spacing-right-medium:7.68%;--awb-spacing-left-medium:7.68%;--awb-width-small:100%;--awb-order-small:0;--awb-spacing-right-small:1.92%;--awb-spacing-left-small:1.92%;\"><div class=\"fusion-column-wrapper fusion-column-has-shadow fusion-flex-justify-content-flex-start fusion-content-layout-column\"><div class=\"fusion-text fusion-text-1\"><p>Our online and offline sales channels where you can reach our products are listed. Please use the top menus to list the nearest sales points to your location.<\/p>\n<\/div><\/div><\/div><\/div><\/div>","protected":false},"excerpt":{"rendered":"","protected":false},"author":1,"featured_media":0,"parent":0,"menu_order":0,"comment_status":"closed","ping_status":"closed","template":"100-width.php","meta":{"_acf_changed":false,"footnotes":""},"class_list":["post-2701","page","type-page","status-publish","hentry"],"acf":[],"yoast_head":"<!-- This site is optimized with the Yoast SEO plugin v27.3 - https:\/\/yoast.com\/product\/yoast-seo-wordpress\/ -->\n<title>Sat\u0131\u015f Noktalar\u0131m\u0131z - Anadolu Pet Grup<\/title>\n<meta name=\"robots\" content=\"index, follow, max-snippet:-1, max-image-preview:large, max-video-preview:-1\" \/>\n<link rel=\"canonical\" href=\"https:\/\/anadolupet.com.tr\/en\/points-of-sale\/\" \/>\n<meta property=\"og:locale\" content=\"en_US\" \/>\n<meta property=\"og:type\" content=\"article\" \/>\n<meta property=\"og:title\" content=\"Sat\u0131\u015f Noktalar\u0131m\u0131z - Anadolu Pet Grup\" \/>\n<meta property=\"og:url\" content=\"https:\/\/anadolupet.com.tr\/en\/points-of-sale\/\" \/>\n<meta property=\"og:site_name\" content=\"Anadolu Pet Grup\" \/>\n<meta property=\"article:modified_time\" content=\"2025-12-24T10:58:35+00:00\" \/>\n<meta name=\"twitter:card\" content=\"summary_large_image\" \/>\n<meta name=\"twitter:label1\" content=\"Est. reading time\" \/>\n\t<meta name=\"twitter:data1\" content=\"7 minutes\" \/>\n<script type=\"application\/ld+json\" class=\"yoast-schema-graph\">{\"@context\":\"https:\\\/\\\/schema.org\",\"@graph\":[{\"@type\":\"WebPage\",\"@id\":\"https:\\\/\\\/anadolupet.com.tr\\\/satis-noktalarimiz\\\/\",\"url\":\"https:\\\/\\\/anadolupet.com.tr\\\/satis-noktalarimiz\\\/\",\"name\":\"Sat\u0131\u015f Noktalar\u0131m\u0131z - Anadolu Pet Grup\",\"isPartOf\":{\"@id\":\"https:\\\/\\\/anadolupet.com.tr\\\/#website\"},\"datePublished\":\"2025-12-11T09:21:40+00:00\",\"dateModified\":\"2025-12-24T10:58:35+00:00\",\"breadcrumb\":{\"@id\":\"https:\\\/\\\/anadolupet.com.tr\\\/satis-noktalarimiz\\\/#breadcrumb\"},\"inLanguage\":\"en-US\",\"potentialAction\":[{\"@type\":\"ReadAction\",\"target\":[\"https:\\\/\\\/anadolupet.com.tr\\\/satis-noktalarimiz\\\/\"]}]},{\"@type\":\"BreadcrumbList\",\"@id\":\"https:\\\/\\\/anadolupet.com.tr\\\/satis-noktalarimiz\\\/#breadcrumb\",\"itemListElement\":[{\"@type\":\"ListItem\",\"position\":1,\"name\":\"Anasayfa\",\"item\":\"https:\\\/\\\/anadolupet.com.tr\\\/\"},{\"@type\":\"ListItem\",\"position\":2,\"name\":\"Sat\u0131\u015f Noktalar\u0131m\u0131z\"}]},{\"@type\":\"WebSite\",\"@id\":\"https:\\\/\\\/anadolupet.com.tr\\\/#website\",\"url\":\"https:\\\/\\\/anadolupet.com.tr\\\/\",\"name\":\"Anadolu Pet Grup\",\"description\":\"Her Can\u0131n \u0130yi Ya\u015fam\u0131 \u0130\u00e7in Biraraday\u0131z\",\"publisher\":{\"@id\":\"https:\\\/\\\/anadolupet.com.tr\\\/#organization\"},\"potentialAction\":[{\"@type\":\"SearchAction\",\"target\":{\"@type\":\"EntryPoint\",\"urlTemplate\":\"https:\\\/\\\/anadolupet.com.tr\\\/?s={search_term_string}\"},\"query-input\":{\"@type\":\"PropertyValueSpecification\",\"valueRequired\":true,\"valueName\":\"search_term_string\"}}],\"inLanguage\":\"en-US\"},{\"@type\":\"Organization\",\"@id\":\"https:\\\/\\\/anadolupet.com.tr\\\/#organization\",\"name\":\"Anadolu Pet Grup\",\"alternateName\":\"Anadolu Pet\",\"url\":\"https:\\\/\\\/anadolupet.com.tr\\\/\",\"logo\":{\"@type\":\"ImageObject\",\"inLanguage\":\"en-US\",\"@id\":\"https:\\\/\\\/anadolupet.com.tr\\\/#\\\/schema\\\/logo\\\/image\\\/\",\"url\":\"https:\\\/\\\/anadolupet.com.tr\\\/wp-content\\\/uploads\\\/2026\\\/03\\\/1614666743370.jpg\",\"contentUrl\":\"https:\\\/\\\/anadolupet.com.tr\\\/wp-content\\\/uploads\\\/2026\\\/03\\\/1614666743370.jpg\",\"width\":800,\"height\":571,\"caption\":\"Anadolu Pet Grup\"},\"image\":{\"@id\":\"https:\\\/\\\/anadolupet.com.tr\\\/#\\\/schema\\\/logo\\\/image\\\/\"}}]}<\/script>\n<!-- \/ Yoast SEO plugin. -->","yoast_head_json":{"title":"Sat\u0131\u015f Noktalar\u0131m\u0131z - Anadolu Pet Grup","robots":{"index":"index","follow":"follow","max-snippet":"max-snippet:-1","max-image-preview":"max-image-preview:large","max-video-preview":"max-video-preview:-1"},"canonical":"https:\/\/anadolupet.com.tr\/en\/points-of-sale\/","og_locale":"en_US","og_type":"article","og_title":"Sat\u0131\u015f Noktalar\u0131m\u0131z - Anadolu Pet Grup","og_url":"https:\/\/anadolupet.com.tr\/en\/points-of-sale\/","og_site_name":"Anadolu Pet Grup","article_modified_time":"2025-12-24T10:58:35+00:00","twitter_card":"summary_large_image","twitter_misc":{"Est. reading time":"7 minutes"},"schema":{"@context":"https:\/\/schema.org","@graph":[{"@type":"WebPage","@id":"https:\/\/anadolupet.com.tr\/satis-noktalarimiz\/","url":"https:\/\/anadolupet.com.tr\/satis-noktalarimiz\/","name":"Sat\u0131\u015f Noktalar\u0131m\u0131z - Anadolu Pet Grup","isPartOf":{"@id":"https:\/\/anadolupet.com.tr\/#website"},"datePublished":"2025-12-11T09:21:40+00:00","dateModified":"2025-12-24T10:58:35+00:00","breadcrumb":{"@id":"https:\/\/anadolupet.com.tr\/satis-noktalarimiz\/#breadcrumb"},"inLanguage":"en-US","potentialAction":[{"@type":"ReadAction","target":["https:\/\/anadolupet.com.tr\/satis-noktalarimiz\/"]}]},{"@type":"BreadcrumbList","@id":"https:\/\/anadolupet.com.tr\/satis-noktalarimiz\/#breadcrumb","itemListElement":[{"@type":"ListItem","position":1,"name":"Anasayfa","item":"https:\/\/anadolupet.com.tr\/"},{"@type":"ListItem","position":2,"name":"Sat\u0131\u015f Noktalar\u0131m\u0131z"}]},{"@type":"WebSite","@id":"https:\/\/anadolupet.com.tr\/#website","url":"https:\/\/anadolupet.com.tr\/","name":"Anadolu Pet Group","description":"We Stand Together for the Well-Being of Every Life","publisher":{"@id":"https:\/\/anadolupet.com.tr\/#organization"},"potentialAction":[{"@type":"SearchAction","target":{"@type":"EntryPoint","urlTemplate":"https:\/\/anadolupet.com.tr\/?s={search_term_string}"},"query-input":{"@type":"PropertyValueSpecification","valueRequired":true,"valueName":"search_term_string"}}],"inLanguage":"en-US"},{"@type":"Organization","@id":"https:\/\/anadolupet.com.tr\/#organization","name":"Anadolu Pet Group","alternateName":"Anadolu Pet","url":"https:\/\/anadolupet.com.tr\/","logo":{"@type":"ImageObject","inLanguage":"en-US","@id":"https:\/\/anadolupet.com.tr\/#\/schema\/logo\/image\/","url":"https:\/\/anadolupet.com.tr\/wp-content\/uploads\/2026\/03\/1614666743370.jpg","contentUrl":"https:\/\/anadolupet.com.tr\/wp-content\/uploads\/2026\/03\/1614666743370.jpg","width":800,"height":571,"caption":"Anadolu Pet Grup"},"image":{"@id":"https:\/\/anadolupet.com.tr\/#\/schema\/logo\/image\/"}}]}},"_links":{"self":[{"href":"https:\/\/anadolupet.com.tr\/en\/wp-json\/wp\/v2\/pages\/2701","targetHints":{"allow":["GET"]}}],"collection":[{"href":"https:\/\/anadolupet.com.tr\/en\/wp-json\/wp\/v2\/pages"}],"about":[{"href":"https:\/\/anadolupet.com.tr\/en\/wp-json\/wp\/v2\/types\/page"}],"author":[{"embeddable":true,"href":"https:\/\/anadolupet.com.tr\/en\/wp-json\/wp\/v2\/users\/1"}],"replies":[{"embeddable":true,"href":"https:\/\/anadolupet.com.tr\/en\/wp-json\/wp\/v2\/comments?post=2701"}],"version-history":[{"count":5,"href":"https:\/\/anadolupet.com.tr\/en\/wp-json\/wp\/v2\/pages\/2701\/revisions"}],"predecessor-version":[{"id":2820,"href":"https:\/\/anadolupet.com.tr\/en\/wp-json\/wp\/v2\/pages\/2701\/revisions\/2820"}],"wp:attachment":[{"href":"https:\/\/anadolupet.com.tr\/en\/wp-json\/wp\/v2\/media?parent=2701"}],"curies":[{"name":"wp","href":"https:\/\/api.w.org\/{rel}","templated":true}]}}