{"id":162381,"date":"2026-05-14T11:08:40","date_gmt":"2026-05-14T08:08:40","guid":{"rendered":"https:\/\/anadolupet.com.tr\/?post_type=product&#038;p=162381"},"modified":"2026-05-14T11:09:33","modified_gmt":"2026-05-14T08:09:33","slug":"lavital-kuzu-etli-balkabakli-ve-adacayli-mini-irk-yetiskin-kopek-konservesi-85gr-2","status":"publish","type":"product","link":"https:\/\/anadolupet.com.tr\/en\/urun\/lavital-kuzu-etli-balkabakli-ve-adacayli-mini-irk-yetiskin-kopek-konservesi-85gr-2\/","title":{"rendered":"LaVital Kuzu Etli, Balkabakl\u0131 ve Ada\u00e7ayl\u0131 Mini Irk Yeti\u015fkin K\u00f6pek Konservesi 85GR"},"content":{"rendered":"","protected":false},"excerpt":{"rendered":"<p><em><strong>LaVital Kuzu Etli, Balkabakl\u0131 ve Ada\u00e7ayl\u0131 Mini Irk Yeti\u015fkin K\u00f6pek Konservesi 85GR,<\/strong><\/em> Evcil dostunuzun sa\u011fl\u0131\u011f\u0131 i\u00e7in \u00f6zenle geli\u015ftirilen bu \u00f6zel form\u00fcl; E vitamini sayesinde g\u00fc\u00e7l\u00fc bir ba\u011f\u0131\u015f\u0131kl\u0131k sistemi sa\u011flar. Zengin multivitamin i\u00e7eri\u011fi v\u00fccut sa\u011fl\u0131\u011f\u0131n\u0131 destekler. Balkaba\u011f\u0131 sindirim sistemini d\u00fczenleyerek lif deste\u011fi sa\u011flar, ada\u00e7ay\u0131 ise do\u011fal antioksidan etkisiyle h\u00fccreleri korur. Biotin i\u00e7eri\u011fi ise t\u00fcylerin canl\u0131l\u0131\u011f\u0131n\u0131 art\u0131rarak parlak ve sa\u011fl\u0131kl\u0131 bir g\u00f6r\u00fcn\u00fcm kazand\u0131r\u0131r. Kuzu eti i\u00e7eri\u011fi ise y\u00fcksek kaliteli protein kayna\u011f\u0131 olarak kas geli\u015fimini destekler ve genel enerji seviyesini art\u0131r\u0131r.<\/p>\n<p><strong>\u0130\u00e7indekiler :<\/strong><\/p>\n<p>Et ve hayvansal t\u00fcrevler (Kuzu Eti %4), Mineraller, Bitkisel k\u00f6kenli t\u00fcrevler (Kurutulmu\u015f bal kaba\u011f\u0131, ada\u00e7ay\u0131).<\/p>\n<p><strong>Besleyici \u0130laveler:<\/strong><\/p>\n<p>D3 Vitamini (3a671) 300 IU, E Vitamini (3a700i)\u00a022 mg, B1 (3a821) 3.9 mg, B6 (3a831) 1.3 mg, Biotin (3a880) 110 \u00b5g, B9 (3a316) 123 \u00b5g, Bak\u0131r (3b405) 0.2 mg, \u00c7inko (3b605)\u00a06.1 mg, Manganez (3b503)\u00a01.5 mg, \u0130yot (3b201)\u00a00.3 mg, Kolin Klor\u00fcr (3a890) 14.8 mg.<\/p>\n<p><strong>Analitik Bile\u015fenler :<\/strong><\/p>\n<p>Ham protein %8, Ham ya\u011f %5, Ham lif %0.5, Ham k\u00fcl %2.5, Nem %80.<\/p>\n<p><strong>Saklama Ko\u015fullar\u0131 :<\/strong><\/p>\n<p>Serin ve kuru yerde saklay\u0131n\u0131z. Tavsiye edilen t\u00fcketim tarihinden \u00f6nce t\u00fcketmesini sa\u011flay\u0131n. \u0130nsan g\u0131das\u0131 olarak kullan\u0131ma uygun de\u011fildir. Tavsiye edilen t\u00fcketim tarihi ve parti no i\u00e7in kutu alt\u0131ndaki bask\u0131ya bak\u0131n\u0131z.<\/p>","protected":false},"featured_media":162382,"comment_status":"open","ping_status":"closed","template":"","meta":{"_acf_changed":false},"product_brand":[],"product_cat":[2464],"product_tag":[],"class_list":{"0":"post-162381","1":"product","2":"type-product","3":"status-publish","4":"has-post-thumbnail","6":"product_cat-yetiskin-kopek-mamalari","8":"first","9":"instock","10":"shipping-taxable","11":"product-type-simple"},"acf":[],"yoast_head":"<!-- This site is optimized with the Yoast SEO plugin v27.5 - https:\/\/yoast.com\/product\/yoast-seo-wordpress\/ -->\n<title>LaVital Kuzu Etli, Balkabakl\u0131 ve Ada\u00e7ayl\u0131 Mini Irk Yeti\u015fkin K\u00f6pek Konservesi 85GR - Anadolu Pet Grup<\/title>\n<meta name=\"robots\" content=\"index, follow, max-snippet:-1, max-image-preview:large, max-video-preview:-1\" \/>\n<link rel=\"canonical\" href=\"https:\/\/anadolupet.com.tr\/en\/product\/lavital-kuzu-etli-balkabakli-ve-adacayli-mini-irk-yetiskin-kopek-konservesi-85gr-2\/\" \/>\n<meta property=\"og:locale\" content=\"en_US\" \/>\n<meta property=\"og:type\" content=\"article\" \/>\n<meta property=\"og:title\" content=\"LaVital Kuzu Etli, Balkabakl\u0131 ve Ada\u00e7ayl\u0131 Mini Irk Yeti\u015fkin K\u00f6pek Konservesi 85GR - Anadolu Pet Grup\" \/>\n<meta property=\"og:description\" content=\"LaVital Kuzu Etli, Balkabakl\u0131 ve Ada\u00e7ayl\u0131 Mini Irk Yeti\u015fkin K\u00f6pek Konservesi 85GR, Evcil dostunuzun sa\u011fl\u0131\u011f\u0131 i\u00e7in \u00f6zenle geli\u015ftirilen bu \u00f6zel form\u00fcl; E vitamini sayesinde g\u00fc\u00e7l\u00fc bir ba\u011f\u0131\u015f\u0131kl\u0131k sistemi sa\u011flar. Zengin multivitamin i\u00e7eri\u011fi v\u00fccut sa\u011fl\u0131\u011f\u0131n\u0131 destekler. Balkaba\u011f\u0131 sindirim sistemini d\u00fczenleyerek lif deste\u011fi sa\u011flar, ada\u00e7ay\u0131 ise do\u011fal antioksidan etkisiyle h\u00fccreleri korur. Biotin i\u00e7eri\u011fi ise t\u00fcylerin canl\u0131l\u0131\u011f\u0131n\u0131 art\u0131rarak parlak ve sa\u011fl\u0131kl\u0131 bir g\u00f6r\u00fcn\u00fcm kazand\u0131r\u0131r. Kuzu eti i\u00e7eri\u011fi ise y\u00fcksek kaliteli protein kayna\u011f\u0131 olarak kas geli\u015fimini destekler ve genel enerji seviyesini art\u0131r\u0131r.  \u0130\u00e7indekiler :  Et ve hayvansal t\u00fcrevler (Kuzu Eti %4), Mineraller, Bitkisel k\u00f6kenli t\u00fcrevler (Kurutulmu\u015f bal kaba\u011f\u0131, ada\u00e7ay\u0131).  Besleyici \u0130laveler:  D3 Vitamini (3a671) 300 IU, E Vitamini (3a700i)\u00a022 mg, B1 (3a821) 3.9 mg, B6 (3a831) 1.3 mg, Biotin (3a880) 110 \u00b5g, B9 (3a316) 123 \u00b5g, Bak\u0131r (3b405) 0.2 mg, \u00c7inko (3b605)\u00a06.1 mg, Manganez (3b503)\u00a01.5 mg, \u0130yot (3b201)\u00a00.3 mg, Kolin Klor\u00fcr (3a890) 14.8 mg.  Analitik Bile\u015fenler :  Ham protein %8, Ham ya\u011f %5, Ham lif %0.5, Ham k\u00fcl %2.5, Nem %80.  Saklama Ko\u015fullar\u0131 :  Serin ve kuru yerde saklay\u0131n\u0131z. Tavsiye edilen t\u00fcketim tarihinden \u00f6nce t\u00fcketmesini sa\u011flay\u0131n. \u0130nsan g\u0131das\u0131 olarak kullan\u0131ma uygun de\u011fildir. Tavsiye edilen t\u00fcketim tarihi ve parti no i\u00e7in kutu alt\u0131ndaki bask\u0131ya bak\u0131n\u0131z.\" \/>\n<meta property=\"og:url\" content=\"https:\/\/anadolupet.com.tr\/en\/product\/lavital-kuzu-etli-balkabakli-ve-adacayli-mini-irk-yetiskin-kopek-konservesi-85gr-2\/\" \/>\n<meta property=\"og:site_name\" content=\"Anadolu Pet Grup\" \/>\n<meta property=\"article:modified_time\" content=\"2026-05-14T08:09:33+00:00\" \/>\n<meta property=\"og:image\" content=\"https:\/\/anadolupet.com.tr\/wp-content\/uploads\/2026\/05\/807-000011.jpg\" \/>\n\t<meta property=\"og:image:width\" content=\"1200\" \/>\n\t<meta property=\"og:image:height\" content=\"1800\" \/>\n\t<meta property=\"og:image:type\" content=\"image\/jpeg\" \/>\n<meta name=\"twitter:card\" content=\"summary_large_image\" \/>\n<script type=\"application\/ld+json\" class=\"yoast-schema-graph\">{\"@context\":\"https:\\\/\\\/schema.org\",\"@graph\":[{\"@type\":\"WebPage\",\"@id\":\"https:\\\/\\\/anadolupet.com.tr\\\/urun\\\/lavital-kuzu-etli-balkabakli-ve-adacayli-mini-irk-yetiskin-kopek-konservesi-85gr-2\\\/\",\"url\":\"https:\\\/\\\/anadolupet.com.tr\\\/urun\\\/lavital-kuzu-etli-balkabakli-ve-adacayli-mini-irk-yetiskin-kopek-konservesi-85gr-2\\\/\",\"name\":\"LaVital Kuzu Etli, Balkabakl\u0131 ve Ada\u00e7ayl\u0131 Mini Irk Yeti\u015fkin K\u00f6pek Konservesi 85GR - Anadolu Pet Grup\",\"isPartOf\":{\"@id\":\"https:\\\/\\\/anadolupet.com.tr\\\/#website\"},\"primaryImageOfPage\":{\"@id\":\"https:\\\/\\\/anadolupet.com.tr\\\/urun\\\/lavital-kuzu-etli-balkabakli-ve-adacayli-mini-irk-yetiskin-kopek-konservesi-85gr-2\\\/#primaryimage\"},\"image\":{\"@id\":\"https:\\\/\\\/anadolupet.com.tr\\\/urun\\\/lavital-kuzu-etli-balkabakli-ve-adacayli-mini-irk-yetiskin-kopek-konservesi-85gr-2\\\/#primaryimage\"},\"thumbnailUrl\":\"https:\\\/\\\/anadolupet.com.tr\\\/wp-content\\\/uploads\\\/2026\\\/05\\\/807-000011.jpg\",\"datePublished\":\"2026-05-14T08:08:40+00:00\",\"dateModified\":\"2026-05-14T08:09:33+00:00\",\"breadcrumb\":{\"@id\":\"https:\\\/\\\/anadolupet.com.tr\\\/urun\\\/lavital-kuzu-etli-balkabakli-ve-adacayli-mini-irk-yetiskin-kopek-konservesi-85gr-2\\\/#breadcrumb\"},\"inLanguage\":\"en-US\",\"potentialAction\":[{\"@type\":\"ReadAction\",\"target\":[\"https:\\\/\\\/anadolupet.com.tr\\\/urun\\\/lavital-kuzu-etli-balkabakli-ve-adacayli-mini-irk-yetiskin-kopek-konservesi-85gr-2\\\/\"]}]},{\"@type\":\"ImageObject\",\"inLanguage\":\"en-US\",\"@id\":\"https:\\\/\\\/anadolupet.com.tr\\\/urun\\\/lavital-kuzu-etli-balkabakli-ve-adacayli-mini-irk-yetiskin-kopek-konservesi-85gr-2\\\/#primaryimage\",\"url\":\"https:\\\/\\\/anadolupet.com.tr\\\/wp-content\\\/uploads\\\/2026\\\/05\\\/807-000011.jpg\",\"contentUrl\":\"https:\\\/\\\/anadolupet.com.tr\\\/wp-content\\\/uploads\\\/2026\\\/05\\\/807-000011.jpg\",\"width\":1200,\"height\":1800},{\"@type\":\"BreadcrumbList\",\"@id\":\"https:\\\/\\\/anadolupet.com.tr\\\/urun\\\/lavital-kuzu-etli-balkabakli-ve-adacayli-mini-irk-yetiskin-kopek-konservesi-85gr-2\\\/#breadcrumb\",\"itemListElement\":[{\"@type\":\"ListItem\",\"position\":1,\"name\":\"Anasayfa\",\"item\":\"https:\\\/\\\/anadolupet.com.tr\\\/\"},{\"@type\":\"ListItem\",\"position\":2,\"name\":\"\u00dcr\u00fcnler\",\"item\":\"https:\\\/\\\/anadolupet.com.tr\\\/urunler\\\/\"},{\"@type\":\"ListItem\",\"position\":3,\"name\":\"LaVital Kuzu Etli, Balkabakl\u0131 ve Ada\u00e7ayl\u0131 Mini Irk Yeti\u015fkin K\u00f6pek Konservesi 85GR\"}]},{\"@type\":\"WebSite\",\"@id\":\"https:\\\/\\\/anadolupet.com.tr\\\/#website\",\"url\":\"https:\\\/\\\/anadolupet.com.tr\\\/\",\"name\":\"Anadolu Pet Grup\",\"description\":\"Her Can\u0131n \u0130yi Ya\u015fam\u0131 \u0130\u00e7in Biraraday\u0131z\",\"publisher\":{\"@id\":\"https:\\\/\\\/anadolupet.com.tr\\\/#organization\"},\"potentialAction\":[{\"@type\":\"SearchAction\",\"target\":{\"@type\":\"EntryPoint\",\"urlTemplate\":\"https:\\\/\\\/anadolupet.com.tr\\\/?s={search_term_string}\"},\"query-input\":{\"@type\":\"PropertyValueSpecification\",\"valueRequired\":true,\"valueName\":\"search_term_string\"}}],\"inLanguage\":\"en-US\"},{\"@type\":\"Organization\",\"@id\":\"https:\\\/\\\/anadolupet.com.tr\\\/#organization\",\"name\":\"Anadolu Pet Grup\",\"alternateName\":\"Anadolu Pet\",\"url\":\"https:\\\/\\\/anadolupet.com.tr\\\/\",\"logo\":{\"@type\":\"ImageObject\",\"inLanguage\":\"en-US\",\"@id\":\"https:\\\/\\\/anadolupet.com.tr\\\/#\\\/schema\\\/logo\\\/image\\\/\",\"url\":\"https:\\\/\\\/anadolupet.com.tr\\\/wp-content\\\/uploads\\\/2026\\\/03\\\/1614666743370.jpg\",\"contentUrl\":\"https:\\\/\\\/anadolupet.com.tr\\\/wp-content\\\/uploads\\\/2026\\\/03\\\/1614666743370.jpg\",\"width\":800,\"height\":571,\"caption\":\"Anadolu Pet Grup\"},\"image\":{\"@id\":\"https:\\\/\\\/anadolupet.com.tr\\\/#\\\/schema\\\/logo\\\/image\\\/\"}}]}<\/script>\n<!-- \/ Yoast SEO plugin. -->","yoast_head_json":{"title":"LaVital Kuzu Etli, Balkabakl\u0131 ve Ada\u00e7ayl\u0131 Mini Irk Yeti\u015fkin K\u00f6pek Konservesi 85GR - Anadolu Pet Grup","robots":{"index":"index","follow":"follow","max-snippet":"max-snippet:-1","max-image-preview":"max-image-preview:large","max-video-preview":"max-video-preview:-1"},"canonical":"https:\/\/anadolupet.com.tr\/en\/product\/lavital-kuzu-etli-balkabakli-ve-adacayli-mini-irk-yetiskin-kopek-konservesi-85gr-2\/","og_locale":"en_US","og_type":"article","og_title":"LaVital Kuzu Etli, Balkabakl\u0131 ve Ada\u00e7ayl\u0131 Mini Irk Yeti\u015fkin K\u00f6pek Konservesi 85GR - Anadolu Pet Grup","og_description":"LaVital Kuzu Etli, Balkabakl\u0131 ve Ada\u00e7ayl\u0131 Mini Irk Yeti\u015fkin K\u00f6pek Konservesi 85GR, Evcil dostunuzun sa\u011fl\u0131\u011f\u0131 i\u00e7in \u00f6zenle geli\u015ftirilen bu \u00f6zel form\u00fcl; E vitamini sayesinde g\u00fc\u00e7l\u00fc bir ba\u011f\u0131\u015f\u0131kl\u0131k sistemi sa\u011flar. Zengin multivitamin i\u00e7eri\u011fi v\u00fccut sa\u011fl\u0131\u011f\u0131n\u0131 destekler. Balkaba\u011f\u0131 sindirim sistemini d\u00fczenleyerek lif deste\u011fi sa\u011flar, ada\u00e7ay\u0131 ise do\u011fal antioksidan etkisiyle h\u00fccreleri korur. Biotin i\u00e7eri\u011fi ise t\u00fcylerin canl\u0131l\u0131\u011f\u0131n\u0131 art\u0131rarak parlak ve sa\u011fl\u0131kl\u0131 bir g\u00f6r\u00fcn\u00fcm kazand\u0131r\u0131r. Kuzu eti i\u00e7eri\u011fi ise y\u00fcksek kaliteli protein kayna\u011f\u0131 olarak kas geli\u015fimini destekler ve genel enerji seviyesini art\u0131r\u0131r.  \u0130\u00e7indekiler :  Et ve hayvansal t\u00fcrevler (Kuzu Eti %4), Mineraller, Bitkisel k\u00f6kenli t\u00fcrevler (Kurutulmu\u015f bal kaba\u011f\u0131, ada\u00e7ay\u0131).  Besleyici \u0130laveler:  D3 Vitamini (3a671) 300 IU, E Vitamini (3a700i)\u00a022 mg, B1 (3a821) 3.9 mg, B6 (3a831) 1.3 mg, Biotin (3a880) 110 \u00b5g, B9 (3a316) 123 \u00b5g, Bak\u0131r (3b405) 0.2 mg, \u00c7inko (3b605)\u00a06.1 mg, Manganez (3b503)\u00a01.5 mg, \u0130yot (3b201)\u00a00.3 mg, Kolin Klor\u00fcr (3a890) 14.8 mg.  Analitik Bile\u015fenler :  Ham protein %8, Ham ya\u011f %5, Ham lif %0.5, Ham k\u00fcl %2.5, Nem %80.  Saklama Ko\u015fullar\u0131 :  Serin ve kuru yerde saklay\u0131n\u0131z. Tavsiye edilen t\u00fcketim tarihinden \u00f6nce t\u00fcketmesini sa\u011flay\u0131n. \u0130nsan g\u0131das\u0131 olarak kullan\u0131ma uygun de\u011fildir. Tavsiye edilen t\u00fcketim tarihi ve parti no i\u00e7in kutu alt\u0131ndaki bask\u0131ya bak\u0131n\u0131z.","og_url":"https:\/\/anadolupet.com.tr\/en\/product\/lavital-kuzu-etli-balkabakli-ve-adacayli-mini-irk-yetiskin-kopek-konservesi-85gr-2\/","og_site_name":"Anadolu Pet Grup","article_modified_time":"2026-05-14T08:09:33+00:00","og_image":[{"width":1200,"height":1800,"url":"https:\/\/anadolupet.com.tr\/wp-content\/uploads\/2026\/05\/807-000011.jpg","type":"image\/jpeg"}],"twitter_card":"summary_large_image","schema":{"@context":"https:\/\/schema.org","@graph":[{"@type":"WebPage","@id":"https:\/\/anadolupet.com.tr\/urun\/lavital-kuzu-etli-balkabakli-ve-adacayli-mini-irk-yetiskin-kopek-konservesi-85gr-2\/","url":"https:\/\/anadolupet.com.tr\/urun\/lavital-kuzu-etli-balkabakli-ve-adacayli-mini-irk-yetiskin-kopek-konservesi-85gr-2\/","name":"LaVital Kuzu Etli, Balkabakl\u0131 ve Ada\u00e7ayl\u0131 Mini Irk Yeti\u015fkin K\u00f6pek Konservesi 85GR - Anadolu Pet Grup","isPartOf":{"@id":"https:\/\/anadolupet.com.tr\/#website"},"primaryImageOfPage":{"@id":"https:\/\/anadolupet.com.tr\/urun\/lavital-kuzu-etli-balkabakli-ve-adacayli-mini-irk-yetiskin-kopek-konservesi-85gr-2\/#primaryimage"},"image":{"@id":"https:\/\/anadolupet.com.tr\/urun\/lavital-kuzu-etli-balkabakli-ve-adacayli-mini-irk-yetiskin-kopek-konservesi-85gr-2\/#primaryimage"},"thumbnailUrl":"https:\/\/anadolupet.com.tr\/wp-content\/uploads\/2026\/05\/807-000011.jpg","datePublished":"2026-05-14T08:08:40+00:00","dateModified":"2026-05-14T08:09:33+00:00","breadcrumb":{"@id":"https:\/\/anadolupet.com.tr\/urun\/lavital-kuzu-etli-balkabakli-ve-adacayli-mini-irk-yetiskin-kopek-konservesi-85gr-2\/#breadcrumb"},"inLanguage":"en-US","potentialAction":[{"@type":"ReadAction","target":["https:\/\/anadolupet.com.tr\/urun\/lavital-kuzu-etli-balkabakli-ve-adacayli-mini-irk-yetiskin-kopek-konservesi-85gr-2\/"]}]},{"@type":"ImageObject","inLanguage":"en-US","@id":"https:\/\/anadolupet.com.tr\/urun\/lavital-kuzu-etli-balkabakli-ve-adacayli-mini-irk-yetiskin-kopek-konservesi-85gr-2\/#primaryimage","url":"https:\/\/anadolupet.com.tr\/wp-content\/uploads\/2026\/05\/807-000011.jpg","contentUrl":"https:\/\/anadolupet.com.tr\/wp-content\/uploads\/2026\/05\/807-000011.jpg","width":1200,"height":1800},{"@type":"BreadcrumbList","@id":"https:\/\/anadolupet.com.tr\/urun\/lavital-kuzu-etli-balkabakli-ve-adacayli-mini-irk-yetiskin-kopek-konservesi-85gr-2\/#breadcrumb","itemListElement":[{"@type":"ListItem","position":1,"name":"Anasayfa","item":"https:\/\/anadolupet.com.tr\/"},{"@type":"ListItem","position":2,"name":"\u00dcr\u00fcnler","item":"https:\/\/anadolupet.com.tr\/urunler\/"},{"@type":"ListItem","position":3,"name":"LaVital Kuzu Etli, Balkabakl\u0131 ve Ada\u00e7ayl\u0131 Mini Irk Yeti\u015fkin K\u00f6pek Konservesi 85GR"}]},{"@type":"WebSite","@id":"https:\/\/anadolupet.com.tr\/#website","url":"https:\/\/anadolupet.com.tr\/","name":"Anadolu Pet Group","description":"We Stand Together for the Well-Being of Every Life","publisher":{"@id":"https:\/\/anadolupet.com.tr\/#organization"},"potentialAction":[{"@type":"SearchAction","target":{"@type":"EntryPoint","urlTemplate":"https:\/\/anadolupet.com.tr\/?s={search_term_string}"},"query-input":{"@type":"PropertyValueSpecification","valueRequired":true,"valueName":"search_term_string"}}],"inLanguage":"en-US"},{"@type":"Organization","@id":"https:\/\/anadolupet.com.tr\/#organization","name":"Anadolu Pet Group","alternateName":"Anadolu Pet","url":"https:\/\/anadolupet.com.tr\/","logo":{"@type":"ImageObject","inLanguage":"en-US","@id":"https:\/\/anadolupet.com.tr\/#\/schema\/logo\/image\/","url":"https:\/\/anadolupet.com.tr\/wp-content\/uploads\/2026\/03\/1614666743370.jpg","contentUrl":"https:\/\/anadolupet.com.tr\/wp-content\/uploads\/2026\/03\/1614666743370.jpg","width":800,"height":571,"caption":"Anadolu Pet Grup"},"image":{"@id":"https:\/\/anadolupet.com.tr\/#\/schema\/logo\/image\/"}}]}},"_links":{"self":[{"href":"https:\/\/anadolupet.com.tr\/en\/wp-json\/wp\/v2\/product\/162381","targetHints":{"allow":["GET"]}}],"collection":[{"href":"https:\/\/anadolupet.com.tr\/en\/wp-json\/wp\/v2\/product"}],"about":[{"href":"https:\/\/anadolupet.com.tr\/en\/wp-json\/wp\/v2\/types\/product"}],"replies":[{"embeddable":true,"href":"https:\/\/anadolupet.com.tr\/en\/wp-json\/wp\/v2\/comments?post=162381"}],"wp:featuredmedia":[{"embeddable":true,"href":"https:\/\/anadolupet.com.tr\/en\/wp-json\/wp\/v2\/media\/162382"}],"wp:attachment":[{"href":"https:\/\/anadolupet.com.tr\/en\/wp-json\/wp\/v2\/media?parent=162381"}],"wp:term":[{"taxonomy":"product_brand","embeddable":true,"href":"https:\/\/anadolupet.com.tr\/en\/wp-json\/wp\/v2\/product_brand?post=162381"},{"taxonomy":"product_cat","embeddable":true,"href":"https:\/\/anadolupet.com.tr\/en\/wp-json\/wp\/v2\/product_cat?post=162381"},{"taxonomy":"product_tag","embeddable":true,"href":"https:\/\/anadolupet.com.tr\/en\/wp-json\/wp\/v2\/product_tag?post=162381"}],"curies":[{"name":"wp","href":"https:\/\/api.w.org\/{rel}","templated":true}]}}