{"id":44550,"date":"2026-02-14T14:39:01","date_gmt":"2026-02-14T14:39:01","guid":{"rendered":"https:\/\/anadolupet.com.tr\/?post_type=product&#038;p=44550"},"modified":"2026-02-23T12:47:42","modified_gmt":"2026-02-23T12:47:42","slug":"8in1-delights-cubuk-kopek-odul-kemigi-sigir-etli-75gr","status":"publish","type":"product","link":"https:\/\/anadolupet.com.tr\/en\/urun\/8in1-delights-cubuk-kopek-odul-kemigi-sigir-etli-75gr\/","title":{"rendered":"8IN1 Delights Stick Dog Treat Bone with Beef - 75GR"},"content":{"rendered":"","protected":false},"excerpt":{"rendered":"<p>T\u00fcyl\u00fc dostlar\u0131n\u0131z\u0131n, kemirme i\u00e7 g\u00fcd\u00fclerini kar\u015f\u0131laman\u0131n yan\u0131s\u0131ra e\u011flenceli vakit ge\u00e7irmelerini sa\u011flayan, di\u015f ve di\u015f eti sa\u011fl\u0131\u011f\u0131n\u0131 korumaya yard\u0131mc\u0131, ger\u00e7ek s\u0131\u011f\u0131r etinden yap\u0131lm\u0131\u015f \u00e7ubuk \u015feklinde nefis \u00f6d\u00fcl kemi\u011fi!<br \/>\nYeti\u015fkin b\u00fcy\u00fck cins k\u00f6pekler i\u00e7in \u00f6nerilir (20+kg)<br \/>\nYaln\u0131zca% 3,5 ya\u011f oran\u0131na sahiptir. Yapay renklendirici ve lezzet artt\u0131r\u0131c\u0131 i\u00e7ermez.<\/p>","protected":false},"featured_media":44072,"comment_status":"open","ping_status":"closed","template":"","meta":{"_acf_changed":false},"product_brand":[],"product_cat":[2449],"product_tag":[],"class_list":{"0":"post-44550","1":"product","2":"type-product","3":"status-publish","4":"has-post-thumbnail","6":"product_cat-kopek-kemikleri","8":"first","9":"instock","10":"shipping-taxable","11":"product-type-simple"},"acf":[],"yoast_head":"<!-- This site is optimized with the Yoast SEO plugin v27.5 - https:\/\/yoast.com\/product\/yoast-seo-wordpress\/ -->\n<title>8IN1 Delights \u00c7ubuk K\u00f6pek \u00d6d\u00fcl Kemi\u011fi S\u0131\u011f\u0131r Etli - 75GR - Anadolu Pet Grup<\/title>\n<meta name=\"robots\" content=\"index, follow, max-snippet:-1, max-image-preview:large, max-video-preview:-1\" \/>\n<link rel=\"canonical\" href=\"https:\/\/anadolupet.com.tr\/en\/product\/8in1-delights-cubuk-kopek-odul-kemigi-sigir-etli-75gr\/\" \/>\n<meta property=\"og:locale\" content=\"en_US\" \/>\n<meta property=\"og:type\" content=\"article\" \/>\n<meta property=\"og:title\" content=\"8IN1 Delights \u00c7ubuk K\u00f6pek \u00d6d\u00fcl Kemi\u011fi S\u0131\u011f\u0131r Etli - 75GR - Anadolu Pet Grup\" \/>\n<meta property=\"og:description\" content=\"T\u00fcyl\u00fc dostlar\u0131n\u0131z\u0131n, kemirme i\u00e7 g\u00fcd\u00fclerini kar\u015f\u0131laman\u0131n yan\u0131s\u0131ra e\u011flenceli vakit ge\u00e7irmelerini sa\u011flayan, di\u015f ve di\u015f eti sa\u011fl\u0131\u011f\u0131n\u0131 korumaya yard\u0131mc\u0131, ger\u00e7ek s\u0131\u011f\u0131r etinden yap\u0131lm\u0131\u015f \u00e7ubuk \u015feklinde nefis \u00f6d\u00fcl kemi\u011fi! Yeti\u015fkin b\u00fcy\u00fck cins k\u00f6pekler i\u00e7in \u00f6nerilir (20+kg) Yaln\u0131zca% 3,5 ya\u011f oran\u0131na sahiptir. Yapay renklendirici ve lezzet artt\u0131r\u0131c\u0131 i\u00e7ermez.\" \/>\n<meta property=\"og:url\" content=\"https:\/\/anadolupet.com.tr\/en\/product\/8in1-delights-cubuk-kopek-odul-kemigi-sigir-etli-75gr\/\" \/>\n<meta property=\"og:site_name\" content=\"Anadolu Pet Grup\" \/>\n<meta property=\"article:modified_time\" content=\"2026-02-23T12:47:42+00:00\" \/>\n<meta property=\"og:image\" content=\"https:\/\/anadolupet.com.tr\/wp-content\/uploads\/2026\/02\/406-660443.jpg\" \/>\n\t<meta property=\"og:image:width\" content=\"750\" \/>\n\t<meta property=\"og:image:height\" content=\"750\" \/>\n\t<meta property=\"og:image:type\" content=\"image\/jpeg\" \/>\n<meta name=\"twitter:card\" content=\"summary_large_image\" \/>\n<script type=\"application\/ld+json\" class=\"yoast-schema-graph\">{\"@context\":\"https:\\\/\\\/schema.org\",\"@graph\":[{\"@type\":\"WebPage\",\"@id\":\"https:\\\/\\\/anadolupet.com.tr\\\/urun\\\/8in1-delights-cubuk-kopek-odul-kemigi-sigir-etli-75gr\\\/\",\"url\":\"https:\\\/\\\/anadolupet.com.tr\\\/urun\\\/8in1-delights-cubuk-kopek-odul-kemigi-sigir-etli-75gr\\\/\",\"name\":\"8IN1 Delights \u00c7ubuk K\u00f6pek \u00d6d\u00fcl Kemi\u011fi S\u0131\u011f\u0131r Etli - 75GR - Anadolu Pet Grup\",\"isPartOf\":{\"@id\":\"https:\\\/\\\/anadolupet.com.tr\\\/#website\"},\"primaryImageOfPage\":{\"@id\":\"https:\\\/\\\/anadolupet.com.tr\\\/urun\\\/8in1-delights-cubuk-kopek-odul-kemigi-sigir-etli-75gr\\\/#primaryimage\"},\"image\":{\"@id\":\"https:\\\/\\\/anadolupet.com.tr\\\/urun\\\/8in1-delights-cubuk-kopek-odul-kemigi-sigir-etli-75gr\\\/#primaryimage\"},\"thumbnailUrl\":\"https:\\\/\\\/anadolupet.com.tr\\\/wp-content\\\/uploads\\\/2026\\\/02\\\/406-660443.jpg\",\"datePublished\":\"2026-02-14T14:39:01+00:00\",\"dateModified\":\"2026-02-23T12:47:42+00:00\",\"breadcrumb\":{\"@id\":\"https:\\\/\\\/anadolupet.com.tr\\\/urun\\\/8in1-delights-cubuk-kopek-odul-kemigi-sigir-etli-75gr\\\/#breadcrumb\"},\"inLanguage\":\"en-US\",\"potentialAction\":[{\"@type\":\"ReadAction\",\"target\":[\"https:\\\/\\\/anadolupet.com.tr\\\/urun\\\/8in1-delights-cubuk-kopek-odul-kemigi-sigir-etli-75gr\\\/\"]}]},{\"@type\":\"ImageObject\",\"inLanguage\":\"en-US\",\"@id\":\"https:\\\/\\\/anadolupet.com.tr\\\/urun\\\/8in1-delights-cubuk-kopek-odul-kemigi-sigir-etli-75gr\\\/#primaryimage\",\"url\":\"https:\\\/\\\/anadolupet.com.tr\\\/wp-content\\\/uploads\\\/2026\\\/02\\\/406-660443.jpg\",\"contentUrl\":\"https:\\\/\\\/anadolupet.com.tr\\\/wp-content\\\/uploads\\\/2026\\\/02\\\/406-660443.jpg\",\"width\":750,\"height\":750},{\"@type\":\"BreadcrumbList\",\"@id\":\"https:\\\/\\\/anadolupet.com.tr\\\/urun\\\/8in1-delights-cubuk-kopek-odul-kemigi-sigir-etli-75gr\\\/#breadcrumb\",\"itemListElement\":[{\"@type\":\"ListItem\",\"position\":1,\"name\":\"Anasayfa\",\"item\":\"https:\\\/\\\/anadolupet.com.tr\\\/\"},{\"@type\":\"ListItem\",\"position\":2,\"name\":\"\u00dcr\u00fcnler\",\"item\":\"https:\\\/\\\/anadolupet.com.tr\\\/urunler\\\/\"},{\"@type\":\"ListItem\",\"position\":3,\"name\":\"8IN1 Delights \u00c7ubuk K\u00f6pek \u00d6d\u00fcl Kemi\u011fi S\u0131\u011f\u0131r Etli &#8211; 75GR\"}]},{\"@type\":\"WebSite\",\"@id\":\"https:\\\/\\\/anadolupet.com.tr\\\/#website\",\"url\":\"https:\\\/\\\/anadolupet.com.tr\\\/\",\"name\":\"Anadolu Pet Grup\",\"description\":\"Her Can\u0131n \u0130yi Ya\u015fam\u0131 \u0130\u00e7in Biraraday\u0131z\",\"publisher\":{\"@id\":\"https:\\\/\\\/anadolupet.com.tr\\\/#organization\"},\"potentialAction\":[{\"@type\":\"SearchAction\",\"target\":{\"@type\":\"EntryPoint\",\"urlTemplate\":\"https:\\\/\\\/anadolupet.com.tr\\\/?s={search_term_string}\"},\"query-input\":{\"@type\":\"PropertyValueSpecification\",\"valueRequired\":true,\"valueName\":\"search_term_string\"}}],\"inLanguage\":\"en-US\"},{\"@type\":\"Organization\",\"@id\":\"https:\\\/\\\/anadolupet.com.tr\\\/#organization\",\"name\":\"Anadolu Pet Grup\",\"alternateName\":\"Anadolu Pet\",\"url\":\"https:\\\/\\\/anadolupet.com.tr\\\/\",\"logo\":{\"@type\":\"ImageObject\",\"inLanguage\":\"en-US\",\"@id\":\"https:\\\/\\\/anadolupet.com.tr\\\/#\\\/schema\\\/logo\\\/image\\\/\",\"url\":\"https:\\\/\\\/anadolupet.com.tr\\\/wp-content\\\/uploads\\\/2026\\\/03\\\/1614666743370.jpg\",\"contentUrl\":\"https:\\\/\\\/anadolupet.com.tr\\\/wp-content\\\/uploads\\\/2026\\\/03\\\/1614666743370.jpg\",\"width\":800,\"height\":571,\"caption\":\"Anadolu Pet Grup\"},\"image\":{\"@id\":\"https:\\\/\\\/anadolupet.com.tr\\\/#\\\/schema\\\/logo\\\/image\\\/\"}}]}<\/script>\n<!-- \/ Yoast SEO plugin. -->","yoast_head_json":{"title":"8IN1 Delights \u00c7ubuk K\u00f6pek \u00d6d\u00fcl Kemi\u011fi S\u0131\u011f\u0131r Etli - 75GR - Anadolu Pet Grup","robots":{"index":"index","follow":"follow","max-snippet":"max-snippet:-1","max-image-preview":"max-image-preview:large","max-video-preview":"max-video-preview:-1"},"canonical":"https:\/\/anadolupet.com.tr\/en\/product\/8in1-delights-cubuk-kopek-odul-kemigi-sigir-etli-75gr\/","og_locale":"en_US","og_type":"article","og_title":"8IN1 Delights \u00c7ubuk K\u00f6pek \u00d6d\u00fcl Kemi\u011fi S\u0131\u011f\u0131r Etli - 75GR - Anadolu Pet Grup","og_description":"T\u00fcyl\u00fc dostlar\u0131n\u0131z\u0131n, kemirme i\u00e7 g\u00fcd\u00fclerini kar\u015f\u0131laman\u0131n yan\u0131s\u0131ra e\u011flenceli vakit ge\u00e7irmelerini sa\u011flayan, di\u015f ve di\u015f eti sa\u011fl\u0131\u011f\u0131n\u0131 korumaya yard\u0131mc\u0131, ger\u00e7ek s\u0131\u011f\u0131r etinden yap\u0131lm\u0131\u015f \u00e7ubuk \u015feklinde nefis \u00f6d\u00fcl kemi\u011fi! Yeti\u015fkin b\u00fcy\u00fck cins k\u00f6pekler i\u00e7in \u00f6nerilir (20+kg) Yaln\u0131zca% 3,5 ya\u011f oran\u0131na sahiptir. Yapay renklendirici ve lezzet artt\u0131r\u0131c\u0131 i\u00e7ermez.","og_url":"https:\/\/anadolupet.com.tr\/en\/product\/8in1-delights-cubuk-kopek-odul-kemigi-sigir-etli-75gr\/","og_site_name":"Anadolu Pet Grup","article_modified_time":"2026-02-23T12:47:42+00:00","og_image":[{"width":750,"height":750,"url":"https:\/\/anadolupet.com.tr\/wp-content\/uploads\/2026\/02\/406-660443.jpg","type":"image\/jpeg"}],"twitter_card":"summary_large_image","schema":{"@context":"https:\/\/schema.org","@graph":[{"@type":"WebPage","@id":"https:\/\/anadolupet.com.tr\/urun\/8in1-delights-cubuk-kopek-odul-kemigi-sigir-etli-75gr\/","url":"https:\/\/anadolupet.com.tr\/urun\/8in1-delights-cubuk-kopek-odul-kemigi-sigir-etli-75gr\/","name":"8IN1 Delights \u00c7ubuk K\u00f6pek \u00d6d\u00fcl Kemi\u011fi S\u0131\u011f\u0131r Etli - 75GR - Anadolu Pet Grup","isPartOf":{"@id":"https:\/\/anadolupet.com.tr\/#website"},"primaryImageOfPage":{"@id":"https:\/\/anadolupet.com.tr\/urun\/8in1-delights-cubuk-kopek-odul-kemigi-sigir-etli-75gr\/#primaryimage"},"image":{"@id":"https:\/\/anadolupet.com.tr\/urun\/8in1-delights-cubuk-kopek-odul-kemigi-sigir-etli-75gr\/#primaryimage"},"thumbnailUrl":"https:\/\/anadolupet.com.tr\/wp-content\/uploads\/2026\/02\/406-660443.jpg","datePublished":"2026-02-14T14:39:01+00:00","dateModified":"2026-02-23T12:47:42+00:00","breadcrumb":{"@id":"https:\/\/anadolupet.com.tr\/urun\/8in1-delights-cubuk-kopek-odul-kemigi-sigir-etli-75gr\/#breadcrumb"},"inLanguage":"en-US","potentialAction":[{"@type":"ReadAction","target":["https:\/\/anadolupet.com.tr\/urun\/8in1-delights-cubuk-kopek-odul-kemigi-sigir-etli-75gr\/"]}]},{"@type":"ImageObject","inLanguage":"en-US","@id":"https:\/\/anadolupet.com.tr\/urun\/8in1-delights-cubuk-kopek-odul-kemigi-sigir-etli-75gr\/#primaryimage","url":"https:\/\/anadolupet.com.tr\/wp-content\/uploads\/2026\/02\/406-660443.jpg","contentUrl":"https:\/\/anadolupet.com.tr\/wp-content\/uploads\/2026\/02\/406-660443.jpg","width":750,"height":750},{"@type":"BreadcrumbList","@id":"https:\/\/anadolupet.com.tr\/urun\/8in1-delights-cubuk-kopek-odul-kemigi-sigir-etli-75gr\/#breadcrumb","itemListElement":[{"@type":"ListItem","position":1,"name":"Anasayfa","item":"https:\/\/anadolupet.com.tr\/"},{"@type":"ListItem","position":2,"name":"\u00dcr\u00fcnler","item":"https:\/\/anadolupet.com.tr\/urunler\/"},{"@type":"ListItem","position":3,"name":"8IN1 Delights \u00c7ubuk K\u00f6pek \u00d6d\u00fcl Kemi\u011fi S\u0131\u011f\u0131r Etli &#8211; 75GR"}]},{"@type":"WebSite","@id":"https:\/\/anadolupet.com.tr\/#website","url":"https:\/\/anadolupet.com.tr\/","name":"Anadolu Pet Group","description":"We Stand Together for the Well-Being of Every Life","publisher":{"@id":"https:\/\/anadolupet.com.tr\/#organization"},"potentialAction":[{"@type":"SearchAction","target":{"@type":"EntryPoint","urlTemplate":"https:\/\/anadolupet.com.tr\/?s={search_term_string}"},"query-input":{"@type":"PropertyValueSpecification","valueRequired":true,"valueName":"search_term_string"}}],"inLanguage":"en-US"},{"@type":"Organization","@id":"https:\/\/anadolupet.com.tr\/#organization","name":"Anadolu Pet Group","alternateName":"Anadolu Pet","url":"https:\/\/anadolupet.com.tr\/","logo":{"@type":"ImageObject","inLanguage":"en-US","@id":"https:\/\/anadolupet.com.tr\/#\/schema\/logo\/image\/","url":"https:\/\/anadolupet.com.tr\/wp-content\/uploads\/2026\/03\/1614666743370.jpg","contentUrl":"https:\/\/anadolupet.com.tr\/wp-content\/uploads\/2026\/03\/1614666743370.jpg","width":800,"height":571,"caption":"Anadolu Pet Grup"},"image":{"@id":"https:\/\/anadolupet.com.tr\/#\/schema\/logo\/image\/"}}]}},"_links":{"self":[{"href":"https:\/\/anadolupet.com.tr\/en\/wp-json\/wp\/v2\/product\/44550","targetHints":{"allow":["GET"]}}],"collection":[{"href":"https:\/\/anadolupet.com.tr\/en\/wp-json\/wp\/v2\/product"}],"about":[{"href":"https:\/\/anadolupet.com.tr\/en\/wp-json\/wp\/v2\/types\/product"}],"replies":[{"embeddable":true,"href":"https:\/\/anadolupet.com.tr\/en\/wp-json\/wp\/v2\/comments?post=44550"}],"wp:featuredmedia":[{"embeddable":true,"href":"https:\/\/anadolupet.com.tr\/en\/wp-json\/wp\/v2\/media\/44072"}],"wp:attachment":[{"href":"https:\/\/anadolupet.com.tr\/en\/wp-json\/wp\/v2\/media?parent=44550"}],"wp:term":[{"taxonomy":"product_brand","embeddable":true,"href":"https:\/\/anadolupet.com.tr\/en\/wp-json\/wp\/v2\/product_brand?post=44550"},{"taxonomy":"product_cat","embeddable":true,"href":"https:\/\/anadolupet.com.tr\/en\/wp-json\/wp\/v2\/product_cat?post=44550"},{"taxonomy":"product_tag","embeddable":true,"href":"https:\/\/anadolupet.com.tr\/en\/wp-json\/wp\/v2\/product_tag?post=44550"}],"curies":[{"name":"wp","href":"https:\/\/api.w.org\/{rel}","templated":true}]}}