{"id":44557,"date":"2026-02-14T14:39:01","date_gmt":"2026-02-14T14:39:01","guid":{"rendered":"https:\/\/anadolupet.com.tr\/?post_type=product&#038;p=44557"},"modified":"2026-02-23T12:47:42","modified_gmt":"2026-02-23T12:47:42","slug":"8in1-delights-pro-dental-dis-sagligi-icin-kopek-odul-kemigi-tavuklu-xs-84gr","status":"publish","type":"product","link":"https:\/\/anadolupet.com.tr\/en\/urun\/8in1-delights-pro-dental-dis-sagligi-icin-kopek-odul-kemigi-tavuklu-xs-84gr\/","title":{"rendered":"8IN1 Delights Pro Dental Dog Treat Bone for Dental Health Chicken XS - 84GR"},"content":{"rendered":"","protected":false},"excerpt":{"rendered":"<p>Delicious chicken meat treat bone for your furry friend, wrapped in tough premium rawhide with added dental cleaning minerals!<br \/>\nYour dog will love chewing on these bones and will love the taste of the product while chewing!<br \/>\nDelights Pro Dental plaklar\u0131n \u00e7\u0131kar\u0131lmas\u0131na yard\u0131mc\u0131 olur, tartar olu\u015fumunu \u00f6nler ve ferah nefes sa\u011flayarak k\u00f6pe\u011finizi mutlu eder!<br \/>\nYeti\u015fkin k\u00fc\u00e7\u00fck cins k\u00f6pekler i\u00e7in \u00f6nerilir (2-12kg)<br \/>\nIt has only % 2 fat content. Contains no artificial coloring or flavor enhancers.<\/p>","protected":false},"featured_media":44064,"comment_status":"open","ping_status":"closed","template":"","meta":{"_acf_changed":false},"product_brand":[],"product_cat":[2451],"product_tag":[],"class_list":{"0":"post-44557","1":"product","2":"type-product","3":"status-publish","4":"has-post-thumbnail","6":"product_cat-kopek-odulleri","8":"first","9":"instock","10":"shipping-taxable","11":"product-type-simple"},"acf":[],"yoast_head":"<!-- This site is optimized with the Yoast SEO plugin v27.4 - https:\/\/yoast.com\/product\/yoast-seo-wordpress\/ -->\n<title>8IN1 Delights Pro Dental Di\u015f Sa\u011fl\u0131\u011f\u0131 i\u00e7in K\u00f6pek \u00d6d\u00fcl Kemi\u011fi Tavuklu XS - 84GR - Anadolu Pet Grup<\/title>\n<meta name=\"robots\" content=\"index, follow, max-snippet:-1, max-image-preview:large, max-video-preview:-1\" \/>\n<link rel=\"canonical\" href=\"https:\/\/anadolupet.com.tr\/en\/product\/8in1-delights-pro-dental-dis-sagligi-icin-kopek-odul-kemigi-tavuklu-xs-84gr\/\" \/>\n<meta property=\"og:locale\" content=\"en_US\" \/>\n<meta property=\"og:type\" content=\"article\" \/>\n<meta property=\"og:title\" content=\"8IN1 Delights Pro Dental Di\u015f Sa\u011fl\u0131\u011f\u0131 i\u00e7in K\u00f6pek \u00d6d\u00fcl Kemi\u011fi Tavuklu XS - 84GR - Anadolu Pet Grup\" \/>\n<meta property=\"og:description\" content=\"T\u00fcyl\u00fc dostunuz i\u00e7in, eklenmi\u015f di\u015f temizleme mineralleri ile sert birinci s\u0131n\u0131f ham deriye sar\u0131lm\u0131\u015f lezzetli tavuk etine sahip \u00f6d\u00fcl kemi\u011fi! K\u00f6pe\u011finiz bu kemikleri severek \u00e7i\u011fneyecek ve \u00e7i\u011fnerken \u00fcr\u00fcn\u00fcn tad\u0131na bay\u0131lacak! Delights Pro Dental plaklar\u0131n \u00e7\u0131kar\u0131lmas\u0131na yard\u0131mc\u0131 olur, tartar olu\u015fumunu \u00f6nler ve ferah nefes sa\u011flayarak k\u00f6pe\u011finizi mutlu eder! Yeti\u015fkin k\u00fc\u00e7\u00fck cins k\u00f6pekler i\u00e7in \u00f6nerilir (2-12kg) Yaln\u0131zca% 2 ya\u011f oran\u0131na sahiptir. Yapay renklendirici ve lezzet artt\u0131r\u0131c\u0131 i\u00e7ermez.\" \/>\n<meta property=\"og:url\" content=\"https:\/\/anadolupet.com.tr\/en\/product\/8in1-delights-pro-dental-dis-sagligi-icin-kopek-odul-kemigi-tavuklu-xs-84gr\/\" \/>\n<meta property=\"og:site_name\" content=\"Anadolu Pet Grup\" \/>\n<meta property=\"article:modified_time\" content=\"2026-02-23T12:47:42+00:00\" \/>\n<meta property=\"og:image\" content=\"https:\/\/anadolupet.com.tr\/wp-content\/uploads\/2026\/02\/406-660330.jpg\" \/>\n\t<meta property=\"og:image:width\" content=\"750\" \/>\n\t<meta property=\"og:image:height\" content=\"750\" \/>\n\t<meta property=\"og:image:type\" content=\"image\/jpeg\" \/>\n<meta name=\"twitter:card\" content=\"summary_large_image\" \/>\n<script type=\"application\/ld+json\" class=\"yoast-schema-graph\">{\"@context\":\"https:\\\/\\\/schema.org\",\"@graph\":[{\"@type\":\"WebPage\",\"@id\":\"https:\\\/\\\/anadolupet.com.tr\\\/urun\\\/8in1-delights-pro-dental-dis-sagligi-icin-kopek-odul-kemigi-tavuklu-xs-84gr\\\/\",\"url\":\"https:\\\/\\\/anadolupet.com.tr\\\/urun\\\/8in1-delights-pro-dental-dis-sagligi-icin-kopek-odul-kemigi-tavuklu-xs-84gr\\\/\",\"name\":\"8IN1 Delights Pro Dental Di\u015f Sa\u011fl\u0131\u011f\u0131 i\u00e7in K\u00f6pek \u00d6d\u00fcl Kemi\u011fi Tavuklu XS - 84GR - Anadolu Pet Grup\",\"isPartOf\":{\"@id\":\"https:\\\/\\\/anadolupet.com.tr\\\/#website\"},\"primaryImageOfPage\":{\"@id\":\"https:\\\/\\\/anadolupet.com.tr\\\/urun\\\/8in1-delights-pro-dental-dis-sagligi-icin-kopek-odul-kemigi-tavuklu-xs-84gr\\\/#primaryimage\"},\"image\":{\"@id\":\"https:\\\/\\\/anadolupet.com.tr\\\/urun\\\/8in1-delights-pro-dental-dis-sagligi-icin-kopek-odul-kemigi-tavuklu-xs-84gr\\\/#primaryimage\"},\"thumbnailUrl\":\"https:\\\/\\\/anadolupet.com.tr\\\/wp-content\\\/uploads\\\/2026\\\/02\\\/406-660330.jpg\",\"datePublished\":\"2026-02-14T14:39:01+00:00\",\"dateModified\":\"2026-02-23T12:47:42+00:00\",\"breadcrumb\":{\"@id\":\"https:\\\/\\\/anadolupet.com.tr\\\/urun\\\/8in1-delights-pro-dental-dis-sagligi-icin-kopek-odul-kemigi-tavuklu-xs-84gr\\\/#breadcrumb\"},\"inLanguage\":\"en-US\",\"potentialAction\":[{\"@type\":\"ReadAction\",\"target\":[\"https:\\\/\\\/anadolupet.com.tr\\\/urun\\\/8in1-delights-pro-dental-dis-sagligi-icin-kopek-odul-kemigi-tavuklu-xs-84gr\\\/\"]}]},{\"@type\":\"ImageObject\",\"inLanguage\":\"en-US\",\"@id\":\"https:\\\/\\\/anadolupet.com.tr\\\/urun\\\/8in1-delights-pro-dental-dis-sagligi-icin-kopek-odul-kemigi-tavuklu-xs-84gr\\\/#primaryimage\",\"url\":\"https:\\\/\\\/anadolupet.com.tr\\\/wp-content\\\/uploads\\\/2026\\\/02\\\/406-660330.jpg\",\"contentUrl\":\"https:\\\/\\\/anadolupet.com.tr\\\/wp-content\\\/uploads\\\/2026\\\/02\\\/406-660330.jpg\",\"width\":750,\"height\":750},{\"@type\":\"BreadcrumbList\",\"@id\":\"https:\\\/\\\/anadolupet.com.tr\\\/urun\\\/8in1-delights-pro-dental-dis-sagligi-icin-kopek-odul-kemigi-tavuklu-xs-84gr\\\/#breadcrumb\",\"itemListElement\":[{\"@type\":\"ListItem\",\"position\":1,\"name\":\"Anasayfa\",\"item\":\"https:\\\/\\\/anadolupet.com.tr\\\/\"},{\"@type\":\"ListItem\",\"position\":2,\"name\":\"\u00dcr\u00fcnler\",\"item\":\"https:\\\/\\\/anadolupet.com.tr\\\/urunler\\\/\"},{\"@type\":\"ListItem\",\"position\":3,\"name\":\"8IN1 Delights Pro Dental Di\u015f Sa\u011fl\u0131\u011f\u0131 i\u00e7in K\u00f6pek \u00d6d\u00fcl Kemi\u011fi Tavuklu XS &#8211; 84GR\"}]},{\"@type\":\"WebSite\",\"@id\":\"https:\\\/\\\/anadolupet.com.tr\\\/#website\",\"url\":\"https:\\\/\\\/anadolupet.com.tr\\\/\",\"name\":\"Anadolu Pet Grup\",\"description\":\"Her Can\u0131n \u0130yi Ya\u015fam\u0131 \u0130\u00e7in Biraraday\u0131z\",\"publisher\":{\"@id\":\"https:\\\/\\\/anadolupet.com.tr\\\/#organization\"},\"potentialAction\":[{\"@type\":\"SearchAction\",\"target\":{\"@type\":\"EntryPoint\",\"urlTemplate\":\"https:\\\/\\\/anadolupet.com.tr\\\/?s={search_term_string}\"},\"query-input\":{\"@type\":\"PropertyValueSpecification\",\"valueRequired\":true,\"valueName\":\"search_term_string\"}}],\"inLanguage\":\"en-US\"},{\"@type\":\"Organization\",\"@id\":\"https:\\\/\\\/anadolupet.com.tr\\\/#organization\",\"name\":\"Anadolu Pet Grup\",\"alternateName\":\"Anadolu Pet\",\"url\":\"https:\\\/\\\/anadolupet.com.tr\\\/\",\"logo\":{\"@type\":\"ImageObject\",\"inLanguage\":\"en-US\",\"@id\":\"https:\\\/\\\/anadolupet.com.tr\\\/#\\\/schema\\\/logo\\\/image\\\/\",\"url\":\"https:\\\/\\\/anadolupet.com.tr\\\/wp-content\\\/uploads\\\/2026\\\/03\\\/1614666743370.jpg\",\"contentUrl\":\"https:\\\/\\\/anadolupet.com.tr\\\/wp-content\\\/uploads\\\/2026\\\/03\\\/1614666743370.jpg\",\"width\":800,\"height\":571,\"caption\":\"Anadolu Pet Grup\"},\"image\":{\"@id\":\"https:\\\/\\\/anadolupet.com.tr\\\/#\\\/schema\\\/logo\\\/image\\\/\"}}]}<\/script>\n<!-- \/ Yoast SEO plugin. -->","yoast_head_json":{"title":"8IN1 Delights Pro Dental Di\u015f Sa\u011fl\u0131\u011f\u0131 i\u00e7in K\u00f6pek \u00d6d\u00fcl Kemi\u011fi Tavuklu XS - 84GR - Anadolu Pet Grup","robots":{"index":"index","follow":"follow","max-snippet":"max-snippet:-1","max-image-preview":"max-image-preview:large","max-video-preview":"max-video-preview:-1"},"canonical":"https:\/\/anadolupet.com.tr\/en\/product\/8in1-delights-pro-dental-dis-sagligi-icin-kopek-odul-kemigi-tavuklu-xs-84gr\/","og_locale":"en_US","og_type":"article","og_title":"8IN1 Delights Pro Dental Di\u015f Sa\u011fl\u0131\u011f\u0131 i\u00e7in K\u00f6pek \u00d6d\u00fcl Kemi\u011fi Tavuklu XS - 84GR - Anadolu Pet Grup","og_description":"T\u00fcyl\u00fc dostunuz i\u00e7in, eklenmi\u015f di\u015f temizleme mineralleri ile sert birinci s\u0131n\u0131f ham deriye sar\u0131lm\u0131\u015f lezzetli tavuk etine sahip \u00f6d\u00fcl kemi\u011fi! K\u00f6pe\u011finiz bu kemikleri severek \u00e7i\u011fneyecek ve \u00e7i\u011fnerken \u00fcr\u00fcn\u00fcn tad\u0131na bay\u0131lacak! Delights Pro Dental plaklar\u0131n \u00e7\u0131kar\u0131lmas\u0131na yard\u0131mc\u0131 olur, tartar olu\u015fumunu \u00f6nler ve ferah nefes sa\u011flayarak k\u00f6pe\u011finizi mutlu eder! Yeti\u015fkin k\u00fc\u00e7\u00fck cins k\u00f6pekler i\u00e7in \u00f6nerilir (2-12kg) Yaln\u0131zca% 2 ya\u011f oran\u0131na sahiptir. Yapay renklendirici ve lezzet artt\u0131r\u0131c\u0131 i\u00e7ermez.","og_url":"https:\/\/anadolupet.com.tr\/en\/product\/8in1-delights-pro-dental-dis-sagligi-icin-kopek-odul-kemigi-tavuklu-xs-84gr\/","og_site_name":"Anadolu Pet Grup","article_modified_time":"2026-02-23T12:47:42+00:00","og_image":[{"width":750,"height":750,"url":"https:\/\/anadolupet.com.tr\/wp-content\/uploads\/2026\/02\/406-660330.jpg","type":"image\/jpeg"}],"twitter_card":"summary_large_image","schema":{"@context":"https:\/\/schema.org","@graph":[{"@type":"WebPage","@id":"https:\/\/anadolupet.com.tr\/urun\/8in1-delights-pro-dental-dis-sagligi-icin-kopek-odul-kemigi-tavuklu-xs-84gr\/","url":"https:\/\/anadolupet.com.tr\/urun\/8in1-delights-pro-dental-dis-sagligi-icin-kopek-odul-kemigi-tavuklu-xs-84gr\/","name":"8IN1 Delights Pro Dental Di\u015f Sa\u011fl\u0131\u011f\u0131 i\u00e7in K\u00f6pek \u00d6d\u00fcl Kemi\u011fi Tavuklu XS - 84GR - Anadolu Pet Grup","isPartOf":{"@id":"https:\/\/anadolupet.com.tr\/#website"},"primaryImageOfPage":{"@id":"https:\/\/anadolupet.com.tr\/urun\/8in1-delights-pro-dental-dis-sagligi-icin-kopek-odul-kemigi-tavuklu-xs-84gr\/#primaryimage"},"image":{"@id":"https:\/\/anadolupet.com.tr\/urun\/8in1-delights-pro-dental-dis-sagligi-icin-kopek-odul-kemigi-tavuklu-xs-84gr\/#primaryimage"},"thumbnailUrl":"https:\/\/anadolupet.com.tr\/wp-content\/uploads\/2026\/02\/406-660330.jpg","datePublished":"2026-02-14T14:39:01+00:00","dateModified":"2026-02-23T12:47:42+00:00","breadcrumb":{"@id":"https:\/\/anadolupet.com.tr\/urun\/8in1-delights-pro-dental-dis-sagligi-icin-kopek-odul-kemigi-tavuklu-xs-84gr\/#breadcrumb"},"inLanguage":"en-US","potentialAction":[{"@type":"ReadAction","target":["https:\/\/anadolupet.com.tr\/urun\/8in1-delights-pro-dental-dis-sagligi-icin-kopek-odul-kemigi-tavuklu-xs-84gr\/"]}]},{"@type":"ImageObject","inLanguage":"en-US","@id":"https:\/\/anadolupet.com.tr\/urun\/8in1-delights-pro-dental-dis-sagligi-icin-kopek-odul-kemigi-tavuklu-xs-84gr\/#primaryimage","url":"https:\/\/anadolupet.com.tr\/wp-content\/uploads\/2026\/02\/406-660330.jpg","contentUrl":"https:\/\/anadolupet.com.tr\/wp-content\/uploads\/2026\/02\/406-660330.jpg","width":750,"height":750},{"@type":"BreadcrumbList","@id":"https:\/\/anadolupet.com.tr\/urun\/8in1-delights-pro-dental-dis-sagligi-icin-kopek-odul-kemigi-tavuklu-xs-84gr\/#breadcrumb","itemListElement":[{"@type":"ListItem","position":1,"name":"Anasayfa","item":"https:\/\/anadolupet.com.tr\/"},{"@type":"ListItem","position":2,"name":"\u00dcr\u00fcnler","item":"https:\/\/anadolupet.com.tr\/urunler\/"},{"@type":"ListItem","position":3,"name":"8IN1 Delights Pro Dental Di\u015f Sa\u011fl\u0131\u011f\u0131 i\u00e7in K\u00f6pek \u00d6d\u00fcl Kemi\u011fi Tavuklu XS &#8211; 84GR"}]},{"@type":"WebSite","@id":"https:\/\/anadolupet.com.tr\/#website","url":"https:\/\/anadolupet.com.tr\/","name":"Anadolu Pet Group","description":"We Stand Together for the Well-Being of Every Life","publisher":{"@id":"https:\/\/anadolupet.com.tr\/#organization"},"potentialAction":[{"@type":"SearchAction","target":{"@type":"EntryPoint","urlTemplate":"https:\/\/anadolupet.com.tr\/?s={search_term_string}"},"query-input":{"@type":"PropertyValueSpecification","valueRequired":true,"valueName":"search_term_string"}}],"inLanguage":"en-US"},{"@type":"Organization","@id":"https:\/\/anadolupet.com.tr\/#organization","name":"Anadolu Pet Group","alternateName":"Anadolu Pet","url":"https:\/\/anadolupet.com.tr\/","logo":{"@type":"ImageObject","inLanguage":"en-US","@id":"https:\/\/anadolupet.com.tr\/#\/schema\/logo\/image\/","url":"https:\/\/anadolupet.com.tr\/wp-content\/uploads\/2026\/03\/1614666743370.jpg","contentUrl":"https:\/\/anadolupet.com.tr\/wp-content\/uploads\/2026\/03\/1614666743370.jpg","width":800,"height":571,"caption":"Anadolu Pet Grup"},"image":{"@id":"https:\/\/anadolupet.com.tr\/#\/schema\/logo\/image\/"}}]}},"_links":{"self":[{"href":"https:\/\/anadolupet.com.tr\/en\/wp-json\/wp\/v2\/product\/44557","targetHints":{"allow":["GET"]}}],"collection":[{"href":"https:\/\/anadolupet.com.tr\/en\/wp-json\/wp\/v2\/product"}],"about":[{"href":"https:\/\/anadolupet.com.tr\/en\/wp-json\/wp\/v2\/types\/product"}],"replies":[{"embeddable":true,"href":"https:\/\/anadolupet.com.tr\/en\/wp-json\/wp\/v2\/comments?post=44557"}],"wp:featuredmedia":[{"embeddable":true,"href":"https:\/\/anadolupet.com.tr\/en\/wp-json\/wp\/v2\/media\/44064"}],"wp:attachment":[{"href":"https:\/\/anadolupet.com.tr\/en\/wp-json\/wp\/v2\/media?parent=44557"}],"wp:term":[{"taxonomy":"product_brand","embeddable":true,"href":"https:\/\/anadolupet.com.tr\/en\/wp-json\/wp\/v2\/product_brand?post=44557"},{"taxonomy":"product_cat","embeddable":true,"href":"https:\/\/anadolupet.com.tr\/en\/wp-json\/wp\/v2\/product_cat?post=44557"},{"taxonomy":"product_tag","embeddable":true,"href":"https:\/\/anadolupet.com.tr\/en\/wp-json\/wp\/v2\/product_tag?post=44557"}],"curies":[{"name":"wp","href":"https:\/\/api.w.org\/{rel}","templated":true}]}}