{"id":44569,"date":"2026-02-14T14:39:05","date_gmt":"2026-02-14T14:39:05","guid":{"rendered":"https:\/\/anadolupet.com.tr\/urun\/8in1-fillets-pro-dental-dis-sagligi-icin-fileto-kopek-odul-mamasi-tavuklu-80gr\/"},"modified":"2026-02-23T12:47:43","modified_gmt":"2026-02-23T12:47:43","slug":"8in1-fillets-pro-dental-dis-sagligi-icin-fileto-kopek-odul-mamasi-tavuklu-80gr","status":"publish","type":"product","link":"https:\/\/anadolupet.com.tr\/en\/urun\/8in1-fillets-pro-dental-dis-sagligi-icin-fileto-kopek-odul-mamasi-tavuklu-80gr\/","title":{"rendered":"8IN1 Fillets Pro Dental Fillet Dog Treats for Dental Health - Chicken - 80GR"},"content":{"rendered":"","protected":false},"excerpt":{"rendered":"<p>T\u00fcyl\u00fc dostunuz i\u00e7in birinci s\u0131n\u0131f tavuk etinden yap\u0131lm\u0131\u015f besleyici bir aperatif!<br \/>\nK\u00f6pe\u011finizin daha hareketli ve aktif olmas\u0131n\u0131 ayr\u0131ca rahat bir nefes almas\u0131n\u0131 sa\u011flayacak maydonoz ve nane ile tatland\u0131r\u0131lm\u0131\u015f harika bir besin kayna\u011f\u0131!<br \/>\nSadece %4,5 ya\u011f oran\u0131na sahiptir!<br \/>\nYeti\u015fkin k\u00f6pekler i\u00e7in \u00f6nerilir!<\/p>","protected":false},"featured_media":44080,"comment_status":"open","ping_status":"closed","template":"","meta":{"_acf_changed":false},"product_brand":[],"product_cat":[2449],"product_tag":[],"class_list":{"0":"post-44569","1":"product","2":"type-product","3":"status-publish","4":"has-post-thumbnail","6":"product_cat-kopek-kemikleri","8":"first","9":"instock","10":"shipping-taxable","11":"product-type-simple"},"acf":[],"yoast_head":"<!-- This site is optimized with the Yoast SEO plugin v27.5 - https:\/\/yoast.com\/product\/yoast-seo-wordpress\/ -->\n<title>8IN1 Fillets Pro Dental Di\u015f Sa\u011fl\u0131\u011f\u0131 i\u00e7in Fileto K\u00f6pek \u00d6d\u00fcl Mamas\u0131 - Tavuklu - 80GR - Anadolu Pet Grup<\/title>\n<meta name=\"robots\" content=\"index, follow, max-snippet:-1, max-image-preview:large, max-video-preview:-1\" \/>\n<link rel=\"canonical\" href=\"https:\/\/anadolupet.com.tr\/en\/product\/8in1-fillets-pro-dental-dis-sagligi-icin-fileto-kopek-odul-mamasi-tavuklu-80gr\/\" \/>\n<meta property=\"og:locale\" content=\"en_US\" \/>\n<meta property=\"og:type\" content=\"article\" \/>\n<meta property=\"og:title\" content=\"8IN1 Fillets Pro Dental Di\u015f Sa\u011fl\u0131\u011f\u0131 i\u00e7in Fileto K\u00f6pek \u00d6d\u00fcl Mamas\u0131 - Tavuklu - 80GR - Anadolu Pet Grup\" \/>\n<meta property=\"og:description\" content=\"T\u00fcyl\u00fc dostunuz i\u00e7in birinci s\u0131n\u0131f tavuk etinden yap\u0131lm\u0131\u015f besleyici bir aperatif! K\u00f6pe\u011finizin daha hareketli ve aktif olmas\u0131n\u0131 ayr\u0131ca rahat bir nefes almas\u0131n\u0131 sa\u011flayacak maydonoz ve nane ile tatland\u0131r\u0131lm\u0131\u015f harika bir besin kayna\u011f\u0131! Sadece %4,5 ya\u011f oran\u0131na sahiptir! Yeti\u015fkin k\u00f6pekler i\u00e7in \u00f6nerilir!\" \/>\n<meta property=\"og:url\" content=\"https:\/\/anadolupet.com.tr\/en\/product\/8in1-fillets-pro-dental-dis-sagligi-icin-fileto-kopek-odul-mamasi-tavuklu-80gr\/\" \/>\n<meta property=\"og:site_name\" content=\"Anadolu Pet Grup\" \/>\n<meta property=\"article:modified_time\" content=\"2026-02-23T12:47:43+00:00\" \/>\n<meta property=\"og:image\" content=\"https:\/\/anadolupet.com.tr\/wp-content\/uploads\/2026\/02\/406-660981.jpg\" \/>\n\t<meta property=\"og:image:width\" content=\"750\" \/>\n\t<meta property=\"og:image:height\" content=\"750\" \/>\n\t<meta property=\"og:image:type\" content=\"image\/jpeg\" \/>\n<meta name=\"twitter:card\" content=\"summary_large_image\" \/>\n<script type=\"application\/ld+json\" class=\"yoast-schema-graph\">{\"@context\":\"https:\\\/\\\/schema.org\",\"@graph\":[{\"@type\":\"WebPage\",\"@id\":\"https:\\\/\\\/anadolupet.com.tr\\\/urun\\\/8in1-fillets-pro-dental-dis-sagligi-icin-fileto-kopek-odul-mamasi-tavuklu-80gr\\\/\",\"url\":\"https:\\\/\\\/anadolupet.com.tr\\\/urun\\\/8in1-fillets-pro-dental-dis-sagligi-icin-fileto-kopek-odul-mamasi-tavuklu-80gr\\\/\",\"name\":\"8IN1 Fillets Pro Dental Di\u015f Sa\u011fl\u0131\u011f\u0131 i\u00e7in Fileto K\u00f6pek \u00d6d\u00fcl Mamas\u0131 - Tavuklu - 80GR - Anadolu Pet Grup\",\"isPartOf\":{\"@id\":\"https:\\\/\\\/anadolupet.com.tr\\\/#website\"},\"primaryImageOfPage\":{\"@id\":\"https:\\\/\\\/anadolupet.com.tr\\\/urun\\\/8in1-fillets-pro-dental-dis-sagligi-icin-fileto-kopek-odul-mamasi-tavuklu-80gr\\\/#primaryimage\"},\"image\":{\"@id\":\"https:\\\/\\\/anadolupet.com.tr\\\/urun\\\/8in1-fillets-pro-dental-dis-sagligi-icin-fileto-kopek-odul-mamasi-tavuklu-80gr\\\/#primaryimage\"},\"thumbnailUrl\":\"https:\\\/\\\/anadolupet.com.tr\\\/wp-content\\\/uploads\\\/2026\\\/02\\\/406-660981.jpg\",\"datePublished\":\"2026-02-14T14:39:05+00:00\",\"dateModified\":\"2026-02-23T12:47:43+00:00\",\"breadcrumb\":{\"@id\":\"https:\\\/\\\/anadolupet.com.tr\\\/urun\\\/8in1-fillets-pro-dental-dis-sagligi-icin-fileto-kopek-odul-mamasi-tavuklu-80gr\\\/#breadcrumb\"},\"inLanguage\":\"en-US\",\"potentialAction\":[{\"@type\":\"ReadAction\",\"target\":[\"https:\\\/\\\/anadolupet.com.tr\\\/urun\\\/8in1-fillets-pro-dental-dis-sagligi-icin-fileto-kopek-odul-mamasi-tavuklu-80gr\\\/\"]}]},{\"@type\":\"ImageObject\",\"inLanguage\":\"en-US\",\"@id\":\"https:\\\/\\\/anadolupet.com.tr\\\/urun\\\/8in1-fillets-pro-dental-dis-sagligi-icin-fileto-kopek-odul-mamasi-tavuklu-80gr\\\/#primaryimage\",\"url\":\"https:\\\/\\\/anadolupet.com.tr\\\/wp-content\\\/uploads\\\/2026\\\/02\\\/406-660981.jpg\",\"contentUrl\":\"https:\\\/\\\/anadolupet.com.tr\\\/wp-content\\\/uploads\\\/2026\\\/02\\\/406-660981.jpg\",\"width\":750,\"height\":750},{\"@type\":\"BreadcrumbList\",\"@id\":\"https:\\\/\\\/anadolupet.com.tr\\\/urun\\\/8in1-fillets-pro-dental-dis-sagligi-icin-fileto-kopek-odul-mamasi-tavuklu-80gr\\\/#breadcrumb\",\"itemListElement\":[{\"@type\":\"ListItem\",\"position\":1,\"name\":\"Anasayfa\",\"item\":\"https:\\\/\\\/anadolupet.com.tr\\\/\"},{\"@type\":\"ListItem\",\"position\":2,\"name\":\"\u00dcr\u00fcnler\",\"item\":\"https:\\\/\\\/anadolupet.com.tr\\\/urunler\\\/\"},{\"@type\":\"ListItem\",\"position\":3,\"name\":\"8IN1 Fillets Pro Dental Di\u015f Sa\u011fl\u0131\u011f\u0131 i\u00e7in Fileto K\u00f6pek \u00d6d\u00fcl Mamas\u0131 &#8211; Tavuklu &#8211; 80GR\"}]},{\"@type\":\"WebSite\",\"@id\":\"https:\\\/\\\/anadolupet.com.tr\\\/#website\",\"url\":\"https:\\\/\\\/anadolupet.com.tr\\\/\",\"name\":\"Anadolu Pet Grup\",\"description\":\"Her Can\u0131n \u0130yi Ya\u015fam\u0131 \u0130\u00e7in Biraraday\u0131z\",\"publisher\":{\"@id\":\"https:\\\/\\\/anadolupet.com.tr\\\/#organization\"},\"potentialAction\":[{\"@type\":\"SearchAction\",\"target\":{\"@type\":\"EntryPoint\",\"urlTemplate\":\"https:\\\/\\\/anadolupet.com.tr\\\/?s={search_term_string}\"},\"query-input\":{\"@type\":\"PropertyValueSpecification\",\"valueRequired\":true,\"valueName\":\"search_term_string\"}}],\"inLanguage\":\"en-US\"},{\"@type\":\"Organization\",\"@id\":\"https:\\\/\\\/anadolupet.com.tr\\\/#organization\",\"name\":\"Anadolu Pet Grup\",\"alternateName\":\"Anadolu Pet\",\"url\":\"https:\\\/\\\/anadolupet.com.tr\\\/\",\"logo\":{\"@type\":\"ImageObject\",\"inLanguage\":\"en-US\",\"@id\":\"https:\\\/\\\/anadolupet.com.tr\\\/#\\\/schema\\\/logo\\\/image\\\/\",\"url\":\"https:\\\/\\\/anadolupet.com.tr\\\/wp-content\\\/uploads\\\/2026\\\/03\\\/1614666743370.jpg\",\"contentUrl\":\"https:\\\/\\\/anadolupet.com.tr\\\/wp-content\\\/uploads\\\/2026\\\/03\\\/1614666743370.jpg\",\"width\":800,\"height\":571,\"caption\":\"Anadolu Pet Grup\"},\"image\":{\"@id\":\"https:\\\/\\\/anadolupet.com.tr\\\/#\\\/schema\\\/logo\\\/image\\\/\"}}]}<\/script>\n<!-- \/ Yoast SEO plugin. -->","yoast_head_json":{"title":"8IN1 Fillets Pro Dental Di\u015f Sa\u011fl\u0131\u011f\u0131 i\u00e7in Fileto K\u00f6pek \u00d6d\u00fcl Mamas\u0131 - Tavuklu - 80GR - Anadolu Pet Grup","robots":{"index":"index","follow":"follow","max-snippet":"max-snippet:-1","max-image-preview":"max-image-preview:large","max-video-preview":"max-video-preview:-1"},"canonical":"https:\/\/anadolupet.com.tr\/en\/product\/8in1-fillets-pro-dental-dis-sagligi-icin-fileto-kopek-odul-mamasi-tavuklu-80gr\/","og_locale":"en_US","og_type":"article","og_title":"8IN1 Fillets Pro Dental Di\u015f Sa\u011fl\u0131\u011f\u0131 i\u00e7in Fileto K\u00f6pek \u00d6d\u00fcl Mamas\u0131 - Tavuklu - 80GR - Anadolu Pet Grup","og_description":"T\u00fcyl\u00fc dostunuz i\u00e7in birinci s\u0131n\u0131f tavuk etinden yap\u0131lm\u0131\u015f besleyici bir aperatif! K\u00f6pe\u011finizin daha hareketli ve aktif olmas\u0131n\u0131 ayr\u0131ca rahat bir nefes almas\u0131n\u0131 sa\u011flayacak maydonoz ve nane ile tatland\u0131r\u0131lm\u0131\u015f harika bir besin kayna\u011f\u0131! Sadece %4,5 ya\u011f oran\u0131na sahiptir! Yeti\u015fkin k\u00f6pekler i\u00e7in \u00f6nerilir!","og_url":"https:\/\/anadolupet.com.tr\/en\/product\/8in1-fillets-pro-dental-dis-sagligi-icin-fileto-kopek-odul-mamasi-tavuklu-80gr\/","og_site_name":"Anadolu Pet Grup","article_modified_time":"2026-02-23T12:47:43+00:00","og_image":[{"width":750,"height":750,"url":"https:\/\/anadolupet.com.tr\/wp-content\/uploads\/2026\/02\/406-660981.jpg","type":"image\/jpeg"}],"twitter_card":"summary_large_image","schema":{"@context":"https:\/\/schema.org","@graph":[{"@type":"WebPage","@id":"https:\/\/anadolupet.com.tr\/urun\/8in1-fillets-pro-dental-dis-sagligi-icin-fileto-kopek-odul-mamasi-tavuklu-80gr\/","url":"https:\/\/anadolupet.com.tr\/urun\/8in1-fillets-pro-dental-dis-sagligi-icin-fileto-kopek-odul-mamasi-tavuklu-80gr\/","name":"8IN1 Fillets Pro Dental Di\u015f Sa\u011fl\u0131\u011f\u0131 i\u00e7in Fileto K\u00f6pek \u00d6d\u00fcl Mamas\u0131 - Tavuklu - 80GR - Anadolu Pet Grup","isPartOf":{"@id":"https:\/\/anadolupet.com.tr\/#website"},"primaryImageOfPage":{"@id":"https:\/\/anadolupet.com.tr\/urun\/8in1-fillets-pro-dental-dis-sagligi-icin-fileto-kopek-odul-mamasi-tavuklu-80gr\/#primaryimage"},"image":{"@id":"https:\/\/anadolupet.com.tr\/urun\/8in1-fillets-pro-dental-dis-sagligi-icin-fileto-kopek-odul-mamasi-tavuklu-80gr\/#primaryimage"},"thumbnailUrl":"https:\/\/anadolupet.com.tr\/wp-content\/uploads\/2026\/02\/406-660981.jpg","datePublished":"2026-02-14T14:39:05+00:00","dateModified":"2026-02-23T12:47:43+00:00","breadcrumb":{"@id":"https:\/\/anadolupet.com.tr\/urun\/8in1-fillets-pro-dental-dis-sagligi-icin-fileto-kopek-odul-mamasi-tavuklu-80gr\/#breadcrumb"},"inLanguage":"en-US","potentialAction":[{"@type":"ReadAction","target":["https:\/\/anadolupet.com.tr\/urun\/8in1-fillets-pro-dental-dis-sagligi-icin-fileto-kopek-odul-mamasi-tavuklu-80gr\/"]}]},{"@type":"ImageObject","inLanguage":"en-US","@id":"https:\/\/anadolupet.com.tr\/urun\/8in1-fillets-pro-dental-dis-sagligi-icin-fileto-kopek-odul-mamasi-tavuklu-80gr\/#primaryimage","url":"https:\/\/anadolupet.com.tr\/wp-content\/uploads\/2026\/02\/406-660981.jpg","contentUrl":"https:\/\/anadolupet.com.tr\/wp-content\/uploads\/2026\/02\/406-660981.jpg","width":750,"height":750},{"@type":"BreadcrumbList","@id":"https:\/\/anadolupet.com.tr\/urun\/8in1-fillets-pro-dental-dis-sagligi-icin-fileto-kopek-odul-mamasi-tavuklu-80gr\/#breadcrumb","itemListElement":[{"@type":"ListItem","position":1,"name":"Anasayfa","item":"https:\/\/anadolupet.com.tr\/"},{"@type":"ListItem","position":2,"name":"\u00dcr\u00fcnler","item":"https:\/\/anadolupet.com.tr\/urunler\/"},{"@type":"ListItem","position":3,"name":"8IN1 Fillets Pro Dental Di\u015f Sa\u011fl\u0131\u011f\u0131 i\u00e7in Fileto K\u00f6pek \u00d6d\u00fcl Mamas\u0131 &#8211; Tavuklu &#8211; 80GR"}]},{"@type":"WebSite","@id":"https:\/\/anadolupet.com.tr\/#website","url":"https:\/\/anadolupet.com.tr\/","name":"Anadolu Pet Group","description":"We Stand Together for the Well-Being of Every Life","publisher":{"@id":"https:\/\/anadolupet.com.tr\/#organization"},"potentialAction":[{"@type":"SearchAction","target":{"@type":"EntryPoint","urlTemplate":"https:\/\/anadolupet.com.tr\/?s={search_term_string}"},"query-input":{"@type":"PropertyValueSpecification","valueRequired":true,"valueName":"search_term_string"}}],"inLanguage":"en-US"},{"@type":"Organization","@id":"https:\/\/anadolupet.com.tr\/#organization","name":"Anadolu Pet Group","alternateName":"Anadolu Pet","url":"https:\/\/anadolupet.com.tr\/","logo":{"@type":"ImageObject","inLanguage":"en-US","@id":"https:\/\/anadolupet.com.tr\/#\/schema\/logo\/image\/","url":"https:\/\/anadolupet.com.tr\/wp-content\/uploads\/2026\/03\/1614666743370.jpg","contentUrl":"https:\/\/anadolupet.com.tr\/wp-content\/uploads\/2026\/03\/1614666743370.jpg","width":800,"height":571,"caption":"Anadolu Pet Grup"},"image":{"@id":"https:\/\/anadolupet.com.tr\/#\/schema\/logo\/image\/"}}]}},"_links":{"self":[{"href":"https:\/\/anadolupet.com.tr\/en\/wp-json\/wp\/v2\/product\/44569","targetHints":{"allow":["GET"]}}],"collection":[{"href":"https:\/\/anadolupet.com.tr\/en\/wp-json\/wp\/v2\/product"}],"about":[{"href":"https:\/\/anadolupet.com.tr\/en\/wp-json\/wp\/v2\/types\/product"}],"replies":[{"embeddable":true,"href":"https:\/\/anadolupet.com.tr\/en\/wp-json\/wp\/v2\/comments?post=44569"}],"wp:featuredmedia":[{"embeddable":true,"href":"https:\/\/anadolupet.com.tr\/en\/wp-json\/wp\/v2\/media\/44080"}],"wp:attachment":[{"href":"https:\/\/anadolupet.com.tr\/en\/wp-json\/wp\/v2\/media?parent=44569"}],"wp:term":[{"taxonomy":"product_brand","embeddable":true,"href":"https:\/\/anadolupet.com.tr\/en\/wp-json\/wp\/v2\/product_brand?post=44569"},{"taxonomy":"product_cat","embeddable":true,"href":"https:\/\/anadolupet.com.tr\/en\/wp-json\/wp\/v2\/product_cat?post=44569"},{"taxonomy":"product_tag","embeddable":true,"href":"https:\/\/anadolupet.com.tr\/en\/wp-json\/wp\/v2\/product_tag?post=44569"}],"curies":[{"name":"wp","href":"https:\/\/api.w.org\/{rel}","templated":true}]}}