{"id":44573,"date":"2026-02-14T14:39:06","date_gmt":"2026-02-14T14:39:06","guid":{"rendered":"https:\/\/anadolupet.com.tr\/?post_type=product&#038;p=44573"},"modified":"2026-02-23T12:47:43","modified_gmt":"2026-02-23T12:47:43","slug":"8in1-tasties-calcium-bones-kopek-odul-mamasi-tavuklu-kalsiyumlu-85gr","status":"publish","type":"product","link":"https:\/\/anadolupet.com.tr\/en\/urun\/8in1-tasties-calcium-bones-kopek-odul-mamasi-tavuklu-kalsiyumlu-85gr\/","title":{"rendered":"8IN1 Tasties Calcium Bones K\u00f6pek \u00d6d\u00fcl Mamas\u0131 &#8211; Tavuklu &#038; Kalsiyumlu &#8211; 85GR"},"content":{"rendered":"","protected":false},"excerpt":{"rendered":"<p>8in1 Tasties Calcium Bones, k\u00f6pe\u011finizin kar\u015f\u0131 koyamayaca\u011f\u0131 lezzette \u00f6d\u00fcl at\u0131\u015ft\u0131rmal\u0131klar\u0131d\u0131r. Kalsiyum kemi\u011fine sar\u0131lm\u0131\u015f enfes tavuk g\u00f6\u011fs\u00fcnden yap\u0131lm\u0131\u015ft\u0131r. Bu doyurucu ve sa\u011fl\u0131kl\u0131 at\u0131\u015ft\u0131rmal\u0131klar, ara \u00f6\u011f\u00fcnler i\u00e7in idealdir. Sindirimi kolayd\u0131r, ilave \u015feker i\u00e7ermez ve ya\u011f oran\u0131 d\u00fc\u015f\u00fckt\u00fcr. 8in1 Tasties Calcium Bones, lezzet artt\u0131r\u0131c\u0131, GDO, yapay koruyucular ve renklendiriciler olmadan form\u00fcle edilmi\u015ftir. F\u0131r\u0131nda pi\u015firilen \u00f6d\u00fcller protein a\u00e7\u0131s\u0131ndan zengindir. 8in1 Tasties Calcium Bones, k\u00fc\u00e7\u00fck \u0131rk (XS,S) k\u00f6pekler i\u00e7in ideal bir \u00f6d\u00fcld\u00fcr. \u2022 Tavuk g\u00f6\u011fs\u00fc i\u00e7eren, kalsiyum ile zenginle\u015ftirilmi\u015f \u00f6d\u00fcl at\u0131\u015ft\u0131rmal\u0131\u011f\u0131<br \/>\n\u2022 Sindirimi kolay<br \/>\n\u2022 \u0130lave \u015feker i\u00e7ermez<br \/>\n\u2022 Az ya\u011fl\u0131<br \/>\n\u2022 Lezzet artt\u0131r\u0131c\u0131, GDO, yapay koruyucu ve renklendirici i\u00e7ermez<br \/>\n\u2022 Protein a\u00e7\u0131s\u0131ndan zengin<br \/>\n\u2022 F\u0131r\u0131nda pi\u015fmi\u015f<br \/>\nK\u00f6pe\u011finizin a\u011fz\u0131ndan biraz daha b\u00fcy\u00fck bir \u00f6d\u00fcl se\u00e7in. Bu \u00f6d\u00fcl mamas\u0131yla k\u00f6pe\u011finizin g\u0131da al\u0131m\u0131n\u0131 dengeleyin ve egzersiz yapmas\u0131n\u0131 sa\u011flay\u0131n. Her zaman taze su verin. Bu \u00fcr\u00fcn \u00e7i\u011fnenmek i\u00e7in tasarlanm\u0131\u015ft\u0131r. \u00d6d\u00fcl mamas\u0131n\u0131 \u00e7i\u011fnerken k\u00f6pe\u011finizi g\u00f6zlemleyin.<br \/>\nVerilen \u00f6d\u00fcller, k\u00f6pe\u011finizin g\u00fcnl\u00fck kalori al\u0131m\u0131n\u0131n %10&#8217;unu ge\u00e7memelidir.<br \/>\nXS (1-<5kg) boy k\u00f6pekler: 2 g\u00fcn boyunca 1 adet \u00f6d\u00fcl verin.\nS (5-<10 kg) boy k\u00f6pekler: G\u00fcnde 1 adet \u00f6d\u00fcl verin.\n<\/p>","protected":false},"featured_media":44101,"comment_status":"open","ping_status":"closed","template":"","meta":{"_acf_changed":false},"product_brand":[],"product_cat":[2451],"product_tag":[],"class_list":{"0":"post-44573","1":"product","2":"type-product","3":"status-publish","4":"has-post-thumbnail","6":"product_cat-kopek-odulleri","8":"first","9":"instock","10":"shipping-taxable","11":"product-type-simple"},"acf":[],"yoast_head":"<!-- This site is optimized with the Yoast SEO plugin v27.4 - https:\/\/yoast.com\/product\/yoast-seo-wordpress\/ -->\n<title>8IN1 Tasties Calcium Bones K\u00f6pek \u00d6d\u00fcl Mamas\u0131 - Tavuklu &amp; Kalsiyumlu - 85GR - Anadolu Pet Grup<\/title>\n<meta name=\"robots\" content=\"index, follow, max-snippet:-1, max-image-preview:large, max-video-preview:-1\" \/>\n<link rel=\"canonical\" href=\"https:\/\/anadolupet.com.tr\/en\/product\/8in1-tasties-calcium-bones-kopek-odul-mamasi-tavuklu-kalsiyumlu-85gr\/\" \/>\n<meta property=\"og:locale\" content=\"en_US\" \/>\n<meta property=\"og:type\" content=\"article\" \/>\n<meta property=\"og:title\" content=\"8IN1 Tasties Calcium Bones K\u00f6pek \u00d6d\u00fcl Mamas\u0131 - Tavuklu &amp; Kalsiyumlu - 85GR - Anadolu Pet Grup\" \/>\n<meta property=\"og:description\" content=\"8in1 Tasties Calcium Bones, k\u00f6pe\u011finizin kar\u015f\u0131 koyamayaca\u011f\u0131 lezzette \u00f6d\u00fcl at\u0131\u015ft\u0131rmal\u0131klar\u0131d\u0131r. Kalsiyum kemi\u011fine sar\u0131lm\u0131\u015f enfes tavuk g\u00f6\u011fs\u00fcnden yap\u0131lm\u0131\u015ft\u0131r. Bu doyurucu ve sa\u011fl\u0131kl\u0131 at\u0131\u015ft\u0131rmal\u0131klar, ara \u00f6\u011f\u00fcnler i\u00e7in idealdir. Sindirimi kolayd\u0131r, ilave \u015feker i\u00e7ermez ve ya\u011f oran\u0131 d\u00fc\u015f\u00fckt\u00fcr. 8in1 Tasties Calcium Bones, lezzet artt\u0131r\u0131c\u0131, GDO, yapay koruyucular ve renklendiriciler olmadan form\u00fcle edilmi\u015ftir. F\u0131r\u0131nda pi\u015firilen \u00f6d\u00fcller protein a\u00e7\u0131s\u0131ndan zengindir. 8in1 Tasties Calcium Bones, k\u00fc\u00e7\u00fck \u0131rk (XS,S) k\u00f6pekler i\u00e7in ideal bir \u00f6d\u00fcld\u00fcr. \u2022 Tavuk g\u00f6\u011fs\u00fc i\u00e7eren, kalsiyum ile zenginle\u015ftirilmi\u015f \u00f6d\u00fcl at\u0131\u015ft\u0131rmal\u0131\u011f\u0131 \u2022 Sindirimi kolay \u2022 \u0130lave \u015feker i\u00e7ermez \u2022 Az ya\u011fl\u0131 \u2022 Lezzet artt\u0131r\u0131c\u0131, GDO, yapay koruyucu ve renklendirici i\u00e7ermez \u2022 Protein a\u00e7\u0131s\u0131ndan zengin \u2022 F\u0131r\u0131nda pi\u015fmi\u015f K\u00f6pe\u011finizin a\u011fz\u0131ndan biraz daha b\u00fcy\u00fck bir \u00f6d\u00fcl se\u00e7in. Bu \u00f6d\u00fcl mamas\u0131yla k\u00f6pe\u011finizin g\u0131da al\u0131m\u0131n\u0131 dengeleyin ve egzersiz yapmas\u0131n\u0131 sa\u011flay\u0131n. Her zaman taze su verin. Bu \u00fcr\u00fcn \u00e7i\u011fnenmek i\u00e7in tasarlanm\u0131\u015ft\u0131r. \u00d6d\u00fcl mamas\u0131n\u0131 \u00e7i\u011fnerken k\u00f6pe\u011finizi g\u00f6zlemleyin. Verilen \u00f6d\u00fcller, k\u00f6pe\u011finizin g\u00fcnl\u00fck kalori al\u0131m\u0131n\u0131n %10&#039;unu ge\u00e7memelidir. XS (1-\" \/>\n<meta property=\"og:url\" content=\"https:\/\/anadolupet.com.tr\/en\/product\/8in1-tasties-calcium-bones-kopek-odul-mamasi-tavuklu-kalsiyumlu-85gr\/\" \/>\n<meta property=\"og:site_name\" content=\"Anadolu Pet Grup\" \/>\n<meta property=\"article:modified_time\" content=\"2026-02-23T12:47:43+00:00\" \/>\n<meta property=\"og:image\" content=\"https:\/\/anadolupet.com.tr\/wp-content\/uploads\/2026\/02\/406-661627.jpg\" \/>\n\t<meta property=\"og:image:width\" content=\"750\" \/>\n\t<meta property=\"og:image:height\" content=\"750\" \/>\n\t<meta property=\"og:image:type\" content=\"image\/jpeg\" \/>\n<meta name=\"twitter:card\" content=\"summary_large_image\" \/>\n<script type=\"application\/ld+json\" class=\"yoast-schema-graph\">{\"@context\":\"https:\\\/\\\/schema.org\",\"@graph\":[{\"@type\":\"WebPage\",\"@id\":\"https:\\\/\\\/anadolupet.com.tr\\\/urun\\\/8in1-tasties-calcium-bones-kopek-odul-mamasi-tavuklu-kalsiyumlu-85gr\\\/\",\"url\":\"https:\\\/\\\/anadolupet.com.tr\\\/urun\\\/8in1-tasties-calcium-bones-kopek-odul-mamasi-tavuklu-kalsiyumlu-85gr\\\/\",\"name\":\"8IN1 Tasties Calcium Bones K\u00f6pek \u00d6d\u00fcl Mamas\u0131 - Tavuklu & Kalsiyumlu - 85GR - Anadolu Pet Grup\",\"isPartOf\":{\"@id\":\"https:\\\/\\\/anadolupet.com.tr\\\/#website\"},\"primaryImageOfPage\":{\"@id\":\"https:\\\/\\\/anadolupet.com.tr\\\/urun\\\/8in1-tasties-calcium-bones-kopek-odul-mamasi-tavuklu-kalsiyumlu-85gr\\\/#primaryimage\"},\"image\":{\"@id\":\"https:\\\/\\\/anadolupet.com.tr\\\/urun\\\/8in1-tasties-calcium-bones-kopek-odul-mamasi-tavuklu-kalsiyumlu-85gr\\\/#primaryimage\"},\"thumbnailUrl\":\"https:\\\/\\\/anadolupet.com.tr\\\/wp-content\\\/uploads\\\/2026\\\/02\\\/406-661627.jpg\",\"datePublished\":\"2026-02-14T14:39:06+00:00\",\"dateModified\":\"2026-02-23T12:47:43+00:00\",\"breadcrumb\":{\"@id\":\"https:\\\/\\\/anadolupet.com.tr\\\/urun\\\/8in1-tasties-calcium-bones-kopek-odul-mamasi-tavuklu-kalsiyumlu-85gr\\\/#breadcrumb\"},\"inLanguage\":\"en-US\",\"potentialAction\":[{\"@type\":\"ReadAction\",\"target\":[\"https:\\\/\\\/anadolupet.com.tr\\\/urun\\\/8in1-tasties-calcium-bones-kopek-odul-mamasi-tavuklu-kalsiyumlu-85gr\\\/\"]}]},{\"@type\":\"ImageObject\",\"inLanguage\":\"en-US\",\"@id\":\"https:\\\/\\\/anadolupet.com.tr\\\/urun\\\/8in1-tasties-calcium-bones-kopek-odul-mamasi-tavuklu-kalsiyumlu-85gr\\\/#primaryimage\",\"url\":\"https:\\\/\\\/anadolupet.com.tr\\\/wp-content\\\/uploads\\\/2026\\\/02\\\/406-661627.jpg\",\"contentUrl\":\"https:\\\/\\\/anadolupet.com.tr\\\/wp-content\\\/uploads\\\/2026\\\/02\\\/406-661627.jpg\",\"width\":750,\"height\":750},{\"@type\":\"BreadcrumbList\",\"@id\":\"https:\\\/\\\/anadolupet.com.tr\\\/urun\\\/8in1-tasties-calcium-bones-kopek-odul-mamasi-tavuklu-kalsiyumlu-85gr\\\/#breadcrumb\",\"itemListElement\":[{\"@type\":\"ListItem\",\"position\":1,\"name\":\"Anasayfa\",\"item\":\"https:\\\/\\\/anadolupet.com.tr\\\/\"},{\"@type\":\"ListItem\",\"position\":2,\"name\":\"\u00dcr\u00fcnler\",\"item\":\"https:\\\/\\\/anadolupet.com.tr\\\/urunler\\\/\"},{\"@type\":\"ListItem\",\"position\":3,\"name\":\"8IN1 Tasties Calcium Bones K\u00f6pek \u00d6d\u00fcl Mamas\u0131 &#8211; Tavuklu &#038; Kalsiyumlu &#8211; 85GR\"}]},{\"@type\":\"WebSite\",\"@id\":\"https:\\\/\\\/anadolupet.com.tr\\\/#website\",\"url\":\"https:\\\/\\\/anadolupet.com.tr\\\/\",\"name\":\"Anadolu Pet Grup\",\"description\":\"Her Can\u0131n \u0130yi Ya\u015fam\u0131 \u0130\u00e7in Biraraday\u0131z\",\"publisher\":{\"@id\":\"https:\\\/\\\/anadolupet.com.tr\\\/#organization\"},\"potentialAction\":[{\"@type\":\"SearchAction\",\"target\":{\"@type\":\"EntryPoint\",\"urlTemplate\":\"https:\\\/\\\/anadolupet.com.tr\\\/?s={search_term_string}\"},\"query-input\":{\"@type\":\"PropertyValueSpecification\",\"valueRequired\":true,\"valueName\":\"search_term_string\"}}],\"inLanguage\":\"en-US\"},{\"@type\":\"Organization\",\"@id\":\"https:\\\/\\\/anadolupet.com.tr\\\/#organization\",\"name\":\"Anadolu Pet Grup\",\"alternateName\":\"Anadolu Pet\",\"url\":\"https:\\\/\\\/anadolupet.com.tr\\\/\",\"logo\":{\"@type\":\"ImageObject\",\"inLanguage\":\"en-US\",\"@id\":\"https:\\\/\\\/anadolupet.com.tr\\\/#\\\/schema\\\/logo\\\/image\\\/\",\"url\":\"https:\\\/\\\/anadolupet.com.tr\\\/wp-content\\\/uploads\\\/2026\\\/03\\\/1614666743370.jpg\",\"contentUrl\":\"https:\\\/\\\/anadolupet.com.tr\\\/wp-content\\\/uploads\\\/2026\\\/03\\\/1614666743370.jpg\",\"width\":800,\"height\":571,\"caption\":\"Anadolu Pet Grup\"},\"image\":{\"@id\":\"https:\\\/\\\/anadolupet.com.tr\\\/#\\\/schema\\\/logo\\\/image\\\/\"}}]}<\/script>\n<!-- \/ Yoast SEO plugin. -->","yoast_head_json":{"title":"8IN1 Tasties Calcium Bones K\u00f6pek \u00d6d\u00fcl Mamas\u0131 - Tavuklu & Kalsiyumlu - 85GR - Anadolu Pet Grup","robots":{"index":"index","follow":"follow","max-snippet":"max-snippet:-1","max-image-preview":"max-image-preview:large","max-video-preview":"max-video-preview:-1"},"canonical":"https:\/\/anadolupet.com.tr\/en\/product\/8in1-tasties-calcium-bones-kopek-odul-mamasi-tavuklu-kalsiyumlu-85gr\/","og_locale":"en_US","og_type":"article","og_title":"8IN1 Tasties Calcium Bones K\u00f6pek \u00d6d\u00fcl Mamas\u0131 - Tavuklu & Kalsiyumlu - 85GR - Anadolu Pet Grup","og_description":"8in1 Tasties Calcium Bones, k\u00f6pe\u011finizin kar\u015f\u0131 koyamayaca\u011f\u0131 lezzette \u00f6d\u00fcl at\u0131\u015ft\u0131rmal\u0131klar\u0131d\u0131r. Kalsiyum kemi\u011fine sar\u0131lm\u0131\u015f enfes tavuk g\u00f6\u011fs\u00fcnden yap\u0131lm\u0131\u015ft\u0131r. Bu doyurucu ve sa\u011fl\u0131kl\u0131 at\u0131\u015ft\u0131rmal\u0131klar, ara \u00f6\u011f\u00fcnler i\u00e7in idealdir. Sindirimi kolayd\u0131r, ilave \u015feker i\u00e7ermez ve ya\u011f oran\u0131 d\u00fc\u015f\u00fckt\u00fcr. 8in1 Tasties Calcium Bones, lezzet artt\u0131r\u0131c\u0131, GDO, yapay koruyucular ve renklendiriciler olmadan form\u00fcle edilmi\u015ftir. F\u0131r\u0131nda pi\u015firilen \u00f6d\u00fcller protein a\u00e7\u0131s\u0131ndan zengindir. 8in1 Tasties Calcium Bones, k\u00fc\u00e7\u00fck \u0131rk (XS,S) k\u00f6pekler i\u00e7in ideal bir \u00f6d\u00fcld\u00fcr. \u2022 Tavuk g\u00f6\u011fs\u00fc i\u00e7eren, kalsiyum ile zenginle\u015ftirilmi\u015f \u00f6d\u00fcl at\u0131\u015ft\u0131rmal\u0131\u011f\u0131 \u2022 Sindirimi kolay \u2022 \u0130lave \u015feker i\u00e7ermez \u2022 Az ya\u011fl\u0131 \u2022 Lezzet artt\u0131r\u0131c\u0131, GDO, yapay koruyucu ve renklendirici i\u00e7ermez \u2022 Protein a\u00e7\u0131s\u0131ndan zengin \u2022 F\u0131r\u0131nda pi\u015fmi\u015f K\u00f6pe\u011finizin a\u011fz\u0131ndan biraz daha b\u00fcy\u00fck bir \u00f6d\u00fcl se\u00e7in. Bu \u00f6d\u00fcl mamas\u0131yla k\u00f6pe\u011finizin g\u0131da al\u0131m\u0131n\u0131 dengeleyin ve egzersiz yapmas\u0131n\u0131 sa\u011flay\u0131n. Her zaman taze su verin. Bu \u00fcr\u00fcn \u00e7i\u011fnenmek i\u00e7in tasarlanm\u0131\u015ft\u0131r. \u00d6d\u00fcl mamas\u0131n\u0131 \u00e7i\u011fnerken k\u00f6pe\u011finizi g\u00f6zlemleyin. Verilen \u00f6d\u00fcller, k\u00f6pe\u011finizin g\u00fcnl\u00fck kalori al\u0131m\u0131n\u0131n %10'unu ge\u00e7memelidir. XS (1-","og_url":"https:\/\/anadolupet.com.tr\/en\/product\/8in1-tasties-calcium-bones-kopek-odul-mamasi-tavuklu-kalsiyumlu-85gr\/","og_site_name":"Anadolu Pet Grup","article_modified_time":"2026-02-23T12:47:43+00:00","og_image":[{"width":750,"height":750,"url":"https:\/\/anadolupet.com.tr\/wp-content\/uploads\/2026\/02\/406-661627.jpg","type":"image\/jpeg"}],"twitter_card":"summary_large_image","schema":{"@context":"https:\/\/schema.org","@graph":[{"@type":"WebPage","@id":"https:\/\/anadolupet.com.tr\/urun\/8in1-tasties-calcium-bones-kopek-odul-mamasi-tavuklu-kalsiyumlu-85gr\/","url":"https:\/\/anadolupet.com.tr\/urun\/8in1-tasties-calcium-bones-kopek-odul-mamasi-tavuklu-kalsiyumlu-85gr\/","name":"8IN1 Tasties Calcium Bones K\u00f6pek \u00d6d\u00fcl Mamas\u0131 - Tavuklu & Kalsiyumlu - 85GR - Anadolu Pet Grup","isPartOf":{"@id":"https:\/\/anadolupet.com.tr\/#website"},"primaryImageOfPage":{"@id":"https:\/\/anadolupet.com.tr\/urun\/8in1-tasties-calcium-bones-kopek-odul-mamasi-tavuklu-kalsiyumlu-85gr\/#primaryimage"},"image":{"@id":"https:\/\/anadolupet.com.tr\/urun\/8in1-tasties-calcium-bones-kopek-odul-mamasi-tavuklu-kalsiyumlu-85gr\/#primaryimage"},"thumbnailUrl":"https:\/\/anadolupet.com.tr\/wp-content\/uploads\/2026\/02\/406-661627.jpg","datePublished":"2026-02-14T14:39:06+00:00","dateModified":"2026-02-23T12:47:43+00:00","breadcrumb":{"@id":"https:\/\/anadolupet.com.tr\/urun\/8in1-tasties-calcium-bones-kopek-odul-mamasi-tavuklu-kalsiyumlu-85gr\/#breadcrumb"},"inLanguage":"en-US","potentialAction":[{"@type":"ReadAction","target":["https:\/\/anadolupet.com.tr\/urun\/8in1-tasties-calcium-bones-kopek-odul-mamasi-tavuklu-kalsiyumlu-85gr\/"]}]},{"@type":"ImageObject","inLanguage":"en-US","@id":"https:\/\/anadolupet.com.tr\/urun\/8in1-tasties-calcium-bones-kopek-odul-mamasi-tavuklu-kalsiyumlu-85gr\/#primaryimage","url":"https:\/\/anadolupet.com.tr\/wp-content\/uploads\/2026\/02\/406-661627.jpg","contentUrl":"https:\/\/anadolupet.com.tr\/wp-content\/uploads\/2026\/02\/406-661627.jpg","width":750,"height":750},{"@type":"BreadcrumbList","@id":"https:\/\/anadolupet.com.tr\/urun\/8in1-tasties-calcium-bones-kopek-odul-mamasi-tavuklu-kalsiyumlu-85gr\/#breadcrumb","itemListElement":[{"@type":"ListItem","position":1,"name":"Anasayfa","item":"https:\/\/anadolupet.com.tr\/"},{"@type":"ListItem","position":2,"name":"\u00dcr\u00fcnler","item":"https:\/\/anadolupet.com.tr\/urunler\/"},{"@type":"ListItem","position":3,"name":"8IN1 Tasties Calcium Bones K\u00f6pek \u00d6d\u00fcl Mamas\u0131 &#8211; Tavuklu &#038; Kalsiyumlu &#8211; 85GR"}]},{"@type":"WebSite","@id":"https:\/\/anadolupet.com.tr\/#website","url":"https:\/\/anadolupet.com.tr\/","name":"Anadolu Pet Group","description":"We Stand Together for the Well-Being of Every Life","publisher":{"@id":"https:\/\/anadolupet.com.tr\/#organization"},"potentialAction":[{"@type":"SearchAction","target":{"@type":"EntryPoint","urlTemplate":"https:\/\/anadolupet.com.tr\/?s={search_term_string}"},"query-input":{"@type":"PropertyValueSpecification","valueRequired":true,"valueName":"search_term_string"}}],"inLanguage":"en-US"},{"@type":"Organization","@id":"https:\/\/anadolupet.com.tr\/#organization","name":"Anadolu Pet Group","alternateName":"Anadolu Pet","url":"https:\/\/anadolupet.com.tr\/","logo":{"@type":"ImageObject","inLanguage":"en-US","@id":"https:\/\/anadolupet.com.tr\/#\/schema\/logo\/image\/","url":"https:\/\/anadolupet.com.tr\/wp-content\/uploads\/2026\/03\/1614666743370.jpg","contentUrl":"https:\/\/anadolupet.com.tr\/wp-content\/uploads\/2026\/03\/1614666743370.jpg","width":800,"height":571,"caption":"Anadolu Pet Grup"},"image":{"@id":"https:\/\/anadolupet.com.tr\/#\/schema\/logo\/image\/"}}]}},"_links":{"self":[{"href":"https:\/\/anadolupet.com.tr\/en\/wp-json\/wp\/v2\/product\/44573","targetHints":{"allow":["GET"]}}],"collection":[{"href":"https:\/\/anadolupet.com.tr\/en\/wp-json\/wp\/v2\/product"}],"about":[{"href":"https:\/\/anadolupet.com.tr\/en\/wp-json\/wp\/v2\/types\/product"}],"replies":[{"embeddable":true,"href":"https:\/\/anadolupet.com.tr\/en\/wp-json\/wp\/v2\/comments?post=44573"}],"wp:featuredmedia":[{"embeddable":true,"href":"https:\/\/anadolupet.com.tr\/en\/wp-json\/wp\/v2\/media\/44101"}],"wp:attachment":[{"href":"https:\/\/anadolupet.com.tr\/en\/wp-json\/wp\/v2\/media?parent=44573"}],"wp:term":[{"taxonomy":"product_brand","embeddable":true,"href":"https:\/\/anadolupet.com.tr\/en\/wp-json\/wp\/v2\/product_brand?post=44573"},{"taxonomy":"product_cat","embeddable":true,"href":"https:\/\/anadolupet.com.tr\/en\/wp-json\/wp\/v2\/product_cat?post=44573"},{"taxonomy":"product_tag","embeddable":true,"href":"https:\/\/anadolupet.com.tr\/en\/wp-json\/wp\/v2\/product_tag?post=44573"}],"curies":[{"name":"wp","href":"https:\/\/api.w.org\/{rel}","templated":true}]}}