{"id":44580,"date":"2026-02-14T14:39:06","date_gmt":"2026-02-14T14:39:06","guid":{"rendered":"https:\/\/anadolupet.com.tr\/?post_type=product&#038;p=44580"},"modified":"2026-02-23T12:47:44","modified_gmt":"2026-02-23T12:47:44","slug":"animonda-carny-karisik-etli-yetiskin-kedi-konservesi-200g","status":"publish","type":"product","link":"https:\/\/anadolupet.com.tr\/en\/urun\/animonda-carny-karisik-etli-yetiskin-kedi-konservesi-200g\/","title":{"rendered":"Animonda Carny Mixed Meat Adult Cat Canned Food 200g"},"content":{"rendered":"","protected":false},"excerpt":{"rendered":"<p>Sadece Kar\u0131\u015f\u0131k etler i\u00e7ermekte olup \u0130\u00e7eri\u011findeki taurin g\u00f6z ve kalp sa\u011fl\u0131\u011f\u0131n\u0131n korunmas\u0131na yard\u0131mc\u0131 olur. Renklendirici ve koruyucu madde i\u00e7ermeyen Animonda Carny kar\u0131\u015f\u0131k etli Kedi Konservesi Alman m\u00fchendisler ve uzmanlar taraf\u0131ndan geli\u015ftirilip \u00fcretilmi\u015ftir.<br \/>\nCarny Adult stands for the ultimate in delicious, healthy, balanced nutrition for adult cats aged 1-6 years. The fresh, meaty ingredients selected guarantee the unique taste that cats appreciate so much. Carny Adult provides all the essential nutrients an adult cat needs.<br \/>\n% 100 Costs with fresh meat<br \/>\nThe best unadulterated taste<br \/>\nGrain Free<br \/>\nFree from flavor enhancers, artificial colors and preservatives.<br \/>\nSoy and sugar free<br \/>\nHigh quality cat food should contain a high proportion of high quality meat raw materials. Cat food should be natural and unadulterated and should not contain added sugar, flavor enhancers or artificial colors and preservatives. The product packaging provides you with important information when making your choice. animonda offers a variety of products that provide cats with all essential minerals and vitamins.<br \/>\nBile\u015fimi :\u2022%34 S\u0131\u011f\u0131r Eti \u2022%31 Et suyu<br \/>\n\u2022%27 Tavuk Eti \u2022%7 Av hayvan\u0131 boyun<br \/>\nAnalitik De\u011ferler\u2022Ham Protein: 11.5%<br \/>\n\u2022Ham Ya\u011f: %5.5<br \/>\n\u2022Ham Sel\u00fcloz: %0.5<br \/>\n\u2022Ham K\u00fcl: % 1.4<br \/>\n\u2022Nem: % 79.0<br \/>\nMJ cinsinden 100g ba\u015f\u0131na d\u00f6n\u00fc\u015ft\u00fcr\u00fclebilir enerji: 0.44 Kcal<\/p>","protected":false},"featured_media":42876,"comment_status":"open","ping_status":"closed","template":"","meta":{"_acf_changed":false},"product_brand":[],"product_cat":[2427],"product_tag":[],"class_list":{"0":"post-44580","1":"product","2":"type-product","3":"status-publish","4":"has-post-thumbnail","6":"product_cat-kedi-konserveleri","8":"first","9":"instock","10":"shipping-taxable","11":"product-type-simple"},"acf":[],"yoast_head":"<!-- This site is optimized with the Yoast SEO plugin v27.4 - https:\/\/yoast.com\/product\/yoast-seo-wordpress\/ -->\n<title>Animonda Carny Kar\u0131\u015f\u0131k Etli Yeti\u015fkin Kedi Konservesi 200g - Anadolu Pet Grup<\/title>\n<meta name=\"robots\" content=\"index, follow, max-snippet:-1, max-image-preview:large, max-video-preview:-1\" \/>\n<link rel=\"canonical\" href=\"https:\/\/anadolupet.com.tr\/en\/product\/animonda-carny-karisik-etli-yetiskin-kedi-konservesi-200g\/\" \/>\n<meta property=\"og:locale\" content=\"en_US\" \/>\n<meta property=\"og:type\" content=\"article\" \/>\n<meta property=\"og:title\" content=\"Animonda Carny Kar\u0131\u015f\u0131k Etli Yeti\u015fkin Kedi Konservesi 200g - Anadolu Pet Grup\" \/>\n<meta property=\"og:description\" content=\"Sadece Kar\u0131\u015f\u0131k etler i\u00e7ermekte olup \u0130\u00e7eri\u011findeki taurin g\u00f6z ve kalp sa\u011fl\u0131\u011f\u0131n\u0131n korunmas\u0131na yard\u0131mc\u0131 olur. Renklendirici ve koruyucu madde i\u00e7ermeyen Animonda Carny kar\u0131\u015f\u0131k etli Kedi Konservesi Alman m\u00fchendisler ve uzmanlar taraf\u0131ndan geli\u015ftirilip \u00fcretilmi\u015ftir. Carny Adult, 1-6 ya\u015f aras\u0131ndaki yeti\u015fkin kediler i\u00e7in en \u00fcst d\u00fczeyde lezzetli, sa\u011fl\u0131kl\u0131, dengeli beslenme anlam\u0131na gelir. Se\u00e7ilen taze, etli malzemeler kedilerin \u00e7ok takdir etti\u011fi e\u015fsiz tad\u0131 garanti eder. Carny Adult, yeti\u015fkin bir kedinin ihtiya\u00e7 duydu\u011fu t\u00fcm temel besinleri sa\u011flar. % 100 Taze etli maliyetler En iyi katk\u0131s\u0131z tat Tah\u0131ls\u0131z Tat artt\u0131r\u0131c\u0131lar, yapay renkler ve koruyucular i\u00e7ermez. Soya ve \u015fekersiz Y\u00fcksek kaliteli kedi mamas\u0131, y\u00fcksek oranda y\u00fcksek kaliteli et hammaddesi i\u00e7ermelidir. Kedi mamas\u0131 do\u011fal ve katk\u0131s\u0131z olmal\u0131 ve ilave \u015feker, tat artt\u0131r\u0131c\u0131 veya yapay renkler ve koruyucular i\u00e7ermemelidir. \u00dcr\u00fcn ambalaj\u0131, se\u00e7iminizi yaparken size \u00f6nemli bilgiler sa\u011flar. animonda, kedilere t\u00fcm temel mineralleri ve vitaminleri sa\u011flayan \u00e7e\u015fitli \u00fcr\u00fcnler sunar. Bile\u015fimi :\u2022%34 S\u0131\u011f\u0131r Eti \u2022%31 Et suyu \u2022%27 Tavuk Eti \u2022%7 Av hayvan\u0131 boyun Analitik De\u011ferler\u2022Ham Protein: 11.5% \u2022Ham Ya\u011f: %5.5 \u2022Ham Sel\u00fcloz: %0.5 \u2022Ham K\u00fcl: % 1.4 \u2022Nem: % 79.0 MJ cinsinden 100g ba\u015f\u0131na d\u00f6n\u00fc\u015ft\u00fcr\u00fclebilir enerji: 0.44 Kcal\" \/>\n<meta property=\"og:url\" content=\"https:\/\/anadolupet.com.tr\/en\/product\/animonda-carny-karisik-etli-yetiskin-kedi-konservesi-200g\/\" \/>\n<meta property=\"og:site_name\" content=\"Anadolu Pet Grup\" \/>\n<meta property=\"article:modified_time\" content=\"2026-02-23T12:47:44+00:00\" \/>\n<meta property=\"og:image\" content=\"https:\/\/anadolupet.com.tr\/wp-content\/uploads\/2026\/02\/200-083493.jpg\" \/>\n\t<meta property=\"og:image:width\" content=\"750\" \/>\n\t<meta property=\"og:image:height\" content=\"750\" \/>\n\t<meta property=\"og:image:type\" content=\"image\/jpeg\" \/>\n<meta name=\"twitter:card\" content=\"summary_large_image\" \/>\n<script type=\"application\/ld+json\" class=\"yoast-schema-graph\">{\"@context\":\"https:\\\/\\\/schema.org\",\"@graph\":[{\"@type\":\"WebPage\",\"@id\":\"https:\\\/\\\/anadolupet.com.tr\\\/urun\\\/animonda-carny-karisik-etli-yetiskin-kedi-konservesi-200g\\\/\",\"url\":\"https:\\\/\\\/anadolupet.com.tr\\\/urun\\\/animonda-carny-karisik-etli-yetiskin-kedi-konservesi-200g\\\/\",\"name\":\"Animonda Carny Kar\u0131\u015f\u0131k Etli Yeti\u015fkin Kedi Konservesi 200g - Anadolu Pet Grup\",\"isPartOf\":{\"@id\":\"https:\\\/\\\/anadolupet.com.tr\\\/#website\"},\"primaryImageOfPage\":{\"@id\":\"https:\\\/\\\/anadolupet.com.tr\\\/urun\\\/animonda-carny-karisik-etli-yetiskin-kedi-konservesi-200g\\\/#primaryimage\"},\"image\":{\"@id\":\"https:\\\/\\\/anadolupet.com.tr\\\/urun\\\/animonda-carny-karisik-etli-yetiskin-kedi-konservesi-200g\\\/#primaryimage\"},\"thumbnailUrl\":\"https:\\\/\\\/anadolupet.com.tr\\\/wp-content\\\/uploads\\\/2026\\\/02\\\/200-083493.jpg\",\"datePublished\":\"2026-02-14T14:39:06+00:00\",\"dateModified\":\"2026-02-23T12:47:44+00:00\",\"breadcrumb\":{\"@id\":\"https:\\\/\\\/anadolupet.com.tr\\\/urun\\\/animonda-carny-karisik-etli-yetiskin-kedi-konservesi-200g\\\/#breadcrumb\"},\"inLanguage\":\"en-US\",\"potentialAction\":[{\"@type\":\"ReadAction\",\"target\":[\"https:\\\/\\\/anadolupet.com.tr\\\/urun\\\/animonda-carny-karisik-etli-yetiskin-kedi-konservesi-200g\\\/\"]}]},{\"@type\":\"ImageObject\",\"inLanguage\":\"en-US\",\"@id\":\"https:\\\/\\\/anadolupet.com.tr\\\/urun\\\/animonda-carny-karisik-etli-yetiskin-kedi-konservesi-200g\\\/#primaryimage\",\"url\":\"https:\\\/\\\/anadolupet.com.tr\\\/wp-content\\\/uploads\\\/2026\\\/02\\\/200-083493.jpg\",\"contentUrl\":\"https:\\\/\\\/anadolupet.com.tr\\\/wp-content\\\/uploads\\\/2026\\\/02\\\/200-083493.jpg\",\"width\":750,\"height\":750},{\"@type\":\"BreadcrumbList\",\"@id\":\"https:\\\/\\\/anadolupet.com.tr\\\/urun\\\/animonda-carny-karisik-etli-yetiskin-kedi-konservesi-200g\\\/#breadcrumb\",\"itemListElement\":[{\"@type\":\"ListItem\",\"position\":1,\"name\":\"Anasayfa\",\"item\":\"https:\\\/\\\/anadolupet.com.tr\\\/\"},{\"@type\":\"ListItem\",\"position\":2,\"name\":\"\u00dcr\u00fcnler\",\"item\":\"https:\\\/\\\/anadolupet.com.tr\\\/urunler\\\/\"},{\"@type\":\"ListItem\",\"position\":3,\"name\":\"Animonda Carny Kar\u0131\u015f\u0131k Etli Yeti\u015fkin Kedi Konservesi 200g\"}]},{\"@type\":\"WebSite\",\"@id\":\"https:\\\/\\\/anadolupet.com.tr\\\/#website\",\"url\":\"https:\\\/\\\/anadolupet.com.tr\\\/\",\"name\":\"Anadolu Pet Grup\",\"description\":\"Her Can\u0131n \u0130yi Ya\u015fam\u0131 \u0130\u00e7in Biraraday\u0131z\",\"publisher\":{\"@id\":\"https:\\\/\\\/anadolupet.com.tr\\\/#organization\"},\"potentialAction\":[{\"@type\":\"SearchAction\",\"target\":{\"@type\":\"EntryPoint\",\"urlTemplate\":\"https:\\\/\\\/anadolupet.com.tr\\\/?s={search_term_string}\"},\"query-input\":{\"@type\":\"PropertyValueSpecification\",\"valueRequired\":true,\"valueName\":\"search_term_string\"}}],\"inLanguage\":\"en-US\"},{\"@type\":\"Organization\",\"@id\":\"https:\\\/\\\/anadolupet.com.tr\\\/#organization\",\"name\":\"Anadolu Pet Grup\",\"alternateName\":\"Anadolu Pet\",\"url\":\"https:\\\/\\\/anadolupet.com.tr\\\/\",\"logo\":{\"@type\":\"ImageObject\",\"inLanguage\":\"en-US\",\"@id\":\"https:\\\/\\\/anadolupet.com.tr\\\/#\\\/schema\\\/logo\\\/image\\\/\",\"url\":\"https:\\\/\\\/anadolupet.com.tr\\\/wp-content\\\/uploads\\\/2026\\\/03\\\/1614666743370.jpg\",\"contentUrl\":\"https:\\\/\\\/anadolupet.com.tr\\\/wp-content\\\/uploads\\\/2026\\\/03\\\/1614666743370.jpg\",\"width\":800,\"height\":571,\"caption\":\"Anadolu Pet Grup\"},\"image\":{\"@id\":\"https:\\\/\\\/anadolupet.com.tr\\\/#\\\/schema\\\/logo\\\/image\\\/\"}}]}<\/script>\n<!-- \/ Yoast SEO plugin. -->","yoast_head_json":{"title":"Animonda Carny Kar\u0131\u015f\u0131k Etli Yeti\u015fkin Kedi Konservesi 200g - Anadolu Pet Grup","robots":{"index":"index","follow":"follow","max-snippet":"max-snippet:-1","max-image-preview":"max-image-preview:large","max-video-preview":"max-video-preview:-1"},"canonical":"https:\/\/anadolupet.com.tr\/en\/product\/animonda-carny-karisik-etli-yetiskin-kedi-konservesi-200g\/","og_locale":"en_US","og_type":"article","og_title":"Animonda Carny Kar\u0131\u015f\u0131k Etli Yeti\u015fkin Kedi Konservesi 200g - Anadolu Pet Grup","og_description":"Sadece Kar\u0131\u015f\u0131k etler i\u00e7ermekte olup \u0130\u00e7eri\u011findeki taurin g\u00f6z ve kalp sa\u011fl\u0131\u011f\u0131n\u0131n korunmas\u0131na yard\u0131mc\u0131 olur. Renklendirici ve koruyucu madde i\u00e7ermeyen Animonda Carny kar\u0131\u015f\u0131k etli Kedi Konservesi Alman m\u00fchendisler ve uzmanlar taraf\u0131ndan geli\u015ftirilip \u00fcretilmi\u015ftir. Carny Adult, 1-6 ya\u015f aras\u0131ndaki yeti\u015fkin kediler i\u00e7in en \u00fcst d\u00fczeyde lezzetli, sa\u011fl\u0131kl\u0131, dengeli beslenme anlam\u0131na gelir. Se\u00e7ilen taze, etli malzemeler kedilerin \u00e7ok takdir etti\u011fi e\u015fsiz tad\u0131 garanti eder. Carny Adult, yeti\u015fkin bir kedinin ihtiya\u00e7 duydu\u011fu t\u00fcm temel besinleri sa\u011flar. % 100 Taze etli maliyetler En iyi katk\u0131s\u0131z tat Tah\u0131ls\u0131z Tat artt\u0131r\u0131c\u0131lar, yapay renkler ve koruyucular i\u00e7ermez. Soya ve \u015fekersiz Y\u00fcksek kaliteli kedi mamas\u0131, y\u00fcksek oranda y\u00fcksek kaliteli et hammaddesi i\u00e7ermelidir. Kedi mamas\u0131 do\u011fal ve katk\u0131s\u0131z olmal\u0131 ve ilave \u015feker, tat artt\u0131r\u0131c\u0131 veya yapay renkler ve koruyucular i\u00e7ermemelidir. \u00dcr\u00fcn ambalaj\u0131, se\u00e7iminizi yaparken size \u00f6nemli bilgiler sa\u011flar. animonda, kedilere t\u00fcm temel mineralleri ve vitaminleri sa\u011flayan \u00e7e\u015fitli \u00fcr\u00fcnler sunar. Bile\u015fimi :\u2022%34 S\u0131\u011f\u0131r Eti \u2022%31 Et suyu \u2022%27 Tavuk Eti \u2022%7 Av hayvan\u0131 boyun Analitik De\u011ferler\u2022Ham Protein: 11.5% \u2022Ham Ya\u011f: %5.5 \u2022Ham Sel\u00fcloz: %0.5 \u2022Ham K\u00fcl: % 1.4 \u2022Nem: % 79.0 MJ cinsinden 100g ba\u015f\u0131na d\u00f6n\u00fc\u015ft\u00fcr\u00fclebilir enerji: 0.44 Kcal","og_url":"https:\/\/anadolupet.com.tr\/en\/product\/animonda-carny-karisik-etli-yetiskin-kedi-konservesi-200g\/","og_site_name":"Anadolu Pet Grup","article_modified_time":"2026-02-23T12:47:44+00:00","og_image":[{"width":750,"height":750,"url":"https:\/\/anadolupet.com.tr\/wp-content\/uploads\/2026\/02\/200-083493.jpg","type":"image\/jpeg"}],"twitter_card":"summary_large_image","schema":{"@context":"https:\/\/schema.org","@graph":[{"@type":"WebPage","@id":"https:\/\/anadolupet.com.tr\/urun\/animonda-carny-karisik-etli-yetiskin-kedi-konservesi-200g\/","url":"https:\/\/anadolupet.com.tr\/urun\/animonda-carny-karisik-etli-yetiskin-kedi-konservesi-200g\/","name":"Animonda Carny Kar\u0131\u015f\u0131k Etli Yeti\u015fkin Kedi Konservesi 200g - Anadolu Pet Grup","isPartOf":{"@id":"https:\/\/anadolupet.com.tr\/#website"},"primaryImageOfPage":{"@id":"https:\/\/anadolupet.com.tr\/urun\/animonda-carny-karisik-etli-yetiskin-kedi-konservesi-200g\/#primaryimage"},"image":{"@id":"https:\/\/anadolupet.com.tr\/urun\/animonda-carny-karisik-etli-yetiskin-kedi-konservesi-200g\/#primaryimage"},"thumbnailUrl":"https:\/\/anadolupet.com.tr\/wp-content\/uploads\/2026\/02\/200-083493.jpg","datePublished":"2026-02-14T14:39:06+00:00","dateModified":"2026-02-23T12:47:44+00:00","breadcrumb":{"@id":"https:\/\/anadolupet.com.tr\/urun\/animonda-carny-karisik-etli-yetiskin-kedi-konservesi-200g\/#breadcrumb"},"inLanguage":"en-US","potentialAction":[{"@type":"ReadAction","target":["https:\/\/anadolupet.com.tr\/urun\/animonda-carny-karisik-etli-yetiskin-kedi-konservesi-200g\/"]}]},{"@type":"ImageObject","inLanguage":"en-US","@id":"https:\/\/anadolupet.com.tr\/urun\/animonda-carny-karisik-etli-yetiskin-kedi-konservesi-200g\/#primaryimage","url":"https:\/\/anadolupet.com.tr\/wp-content\/uploads\/2026\/02\/200-083493.jpg","contentUrl":"https:\/\/anadolupet.com.tr\/wp-content\/uploads\/2026\/02\/200-083493.jpg","width":750,"height":750},{"@type":"BreadcrumbList","@id":"https:\/\/anadolupet.com.tr\/urun\/animonda-carny-karisik-etli-yetiskin-kedi-konservesi-200g\/#breadcrumb","itemListElement":[{"@type":"ListItem","position":1,"name":"Anasayfa","item":"https:\/\/anadolupet.com.tr\/"},{"@type":"ListItem","position":2,"name":"\u00dcr\u00fcnler","item":"https:\/\/anadolupet.com.tr\/urunler\/"},{"@type":"ListItem","position":3,"name":"Animonda Carny Kar\u0131\u015f\u0131k Etli Yeti\u015fkin Kedi Konservesi 200g"}]},{"@type":"WebSite","@id":"https:\/\/anadolupet.com.tr\/#website","url":"https:\/\/anadolupet.com.tr\/","name":"Anadolu Pet Group","description":"We Stand Together for the Well-Being of Every Life","publisher":{"@id":"https:\/\/anadolupet.com.tr\/#organization"},"potentialAction":[{"@type":"SearchAction","target":{"@type":"EntryPoint","urlTemplate":"https:\/\/anadolupet.com.tr\/?s={search_term_string}"},"query-input":{"@type":"PropertyValueSpecification","valueRequired":true,"valueName":"search_term_string"}}],"inLanguage":"en-US"},{"@type":"Organization","@id":"https:\/\/anadolupet.com.tr\/#organization","name":"Anadolu Pet Group","alternateName":"Anadolu Pet","url":"https:\/\/anadolupet.com.tr\/","logo":{"@type":"ImageObject","inLanguage":"en-US","@id":"https:\/\/anadolupet.com.tr\/#\/schema\/logo\/image\/","url":"https:\/\/anadolupet.com.tr\/wp-content\/uploads\/2026\/03\/1614666743370.jpg","contentUrl":"https:\/\/anadolupet.com.tr\/wp-content\/uploads\/2026\/03\/1614666743370.jpg","width":800,"height":571,"caption":"Anadolu Pet Grup"},"image":{"@id":"https:\/\/anadolupet.com.tr\/#\/schema\/logo\/image\/"}}]}},"_links":{"self":[{"href":"https:\/\/anadolupet.com.tr\/en\/wp-json\/wp\/v2\/product\/44580","targetHints":{"allow":["GET"]}}],"collection":[{"href":"https:\/\/anadolupet.com.tr\/en\/wp-json\/wp\/v2\/product"}],"about":[{"href":"https:\/\/anadolupet.com.tr\/en\/wp-json\/wp\/v2\/types\/product"}],"replies":[{"embeddable":true,"href":"https:\/\/anadolupet.com.tr\/en\/wp-json\/wp\/v2\/comments?post=44580"}],"wp:featuredmedia":[{"embeddable":true,"href":"https:\/\/anadolupet.com.tr\/en\/wp-json\/wp\/v2\/media\/42876"}],"wp:attachment":[{"href":"https:\/\/anadolupet.com.tr\/en\/wp-json\/wp\/v2\/media?parent=44580"}],"wp:term":[{"taxonomy":"product_brand","embeddable":true,"href":"https:\/\/anadolupet.com.tr\/en\/wp-json\/wp\/v2\/product_brand?post=44580"},{"taxonomy":"product_cat","embeddable":true,"href":"https:\/\/anadolupet.com.tr\/en\/wp-json\/wp\/v2\/product_cat?post=44580"},{"taxonomy":"product_tag","embeddable":true,"href":"https:\/\/anadolupet.com.tr\/en\/wp-json\/wp\/v2\/product_tag?post=44580"}],"curies":[{"name":"wp","href":"https:\/\/api.w.org\/{rel}","templated":true}]}}