{"id":44581,"date":"2026-02-14T14:39:07","date_gmt":"2026-02-14T14:39:07","guid":{"rendered":"https:\/\/anadolupet.com.tr\/?post_type=product&#038;p=44581"},"modified":"2026-02-23T12:47:44","modified_gmt":"2026-02-23T12:47:44","slug":"animonda-carny-kumes-hayvanli-yavru-kedi-konservesi-200g","status":"publish","type":"product","link":"https:\/\/anadolupet.com.tr\/en\/urun\/animonda-carny-kumes-hayvanli-yavru-kedi-konservesi-200g\/","title":{"rendered":"Animonda Carny Poultry Kitten Canned Food 200g"},"content":{"rendered":"","protected":false},"excerpt":{"rendered":"<p>Carny Kitten Baby-Pat\u00e9 &#8211; taze etli malzemelerden yap\u0131lm\u0131\u015ft\u0131r &#8211; 4 haftal\u0131k ve daha b\u00fcy\u00fck yavru kediler i\u00e7in en y\u00fcksek seviyede lezzetli, sa\u011fl\u0131kl\u0131 ve dengeli beslenmeyi ifade eder. Yavru kediler do\u011fumdan \u00f6nce ve emmeye devam ederken bile ilk tat tercihlerini geli\u015ftirirler. Baby-Pat\u00e9\u2019nin yumu\u015fak, kremsi k\u0131vam\u0131 anne s\u00fct\u00fcnden kat\u0131 mamaya ge\u00e7i\u015fi kolayla\u015ft\u0131r\u0131r. \u00d6zellikle 16. haftaya kadar b\u00fcy\u00fcyen yavru kedilerin ihtiya\u00e7lar\u0131na g\u00f6re uyarlanm\u0131\u015ft\u0131r.<br \/>\n\u0130\u00e7indekiler:<br \/>\n%38 S\u0131\u011f\u0131r eti (akci\u011fer, et, kalp, b\u00f6brek, meme), %32 tavuk (et, karaci\u011fer, mide), kalsiyum karbonat, sodyum klor\u00fcr<br \/>\nAnalitik Bile\u015fenler:<br \/>\nProtein %10<br \/>\nYa\u011f i\u00e7eri\u011fi %6.5<br \/>\nHam sel\u00fcloz %0.3<br \/>\nHam k\u00fcl %1.8<br \/>\nNem %81<br \/>\nTaurin 0,8 g\/kg<br \/>\nBesinsel \u0130laveler (kg):<br \/>\n200 IU 3a671<br \/>\n0.75 mg 3b202<br \/>\n1,4 mg 3b503<br \/>\n25 mg 3b605<\/p>","protected":false},"featured_media":42875,"comment_status":"open","ping_status":"closed","template":"","meta":{"_acf_changed":false},"product_brand":[],"product_cat":[2427],"product_tag":[],"class_list":{"0":"post-44581","1":"product","2":"type-product","3":"status-publish","4":"has-post-thumbnail","6":"product_cat-kedi-konserveleri","8":"first","9":"instock","10":"shipping-taxable","11":"product-type-simple"},"acf":[],"yoast_head":"<!-- This site is optimized with the Yoast SEO plugin v27.5 - https:\/\/yoast.com\/product\/yoast-seo-wordpress\/ -->\n<title>Animonda Carny K\u00fcmes Hayvanl\u0131 Yavru Kedi Konservesi 200g - Anadolu Pet Grup<\/title>\n<meta name=\"robots\" content=\"index, follow, max-snippet:-1, max-image-preview:large, max-video-preview:-1\" \/>\n<link rel=\"canonical\" href=\"https:\/\/anadolupet.com.tr\/en\/product\/animonda-carny-kumes-hayvanli-yavru-kedi-konservesi-200g\/\" \/>\n<meta property=\"og:locale\" content=\"en_US\" \/>\n<meta property=\"og:type\" content=\"article\" \/>\n<meta property=\"og:title\" content=\"Animonda Carny K\u00fcmes Hayvanl\u0131 Yavru Kedi Konservesi 200g - Anadolu Pet Grup\" \/>\n<meta property=\"og:description\" content=\"Carny Kitten Baby-Pat\u00e9 - taze etli malzemelerden yap\u0131lm\u0131\u015ft\u0131r - 4 haftal\u0131k ve daha b\u00fcy\u00fck yavru kediler i\u00e7in en y\u00fcksek seviyede lezzetli, sa\u011fl\u0131kl\u0131 ve dengeli beslenmeyi ifade eder. Yavru kediler do\u011fumdan \u00f6nce ve emmeye devam ederken bile ilk tat tercihlerini geli\u015ftirirler. Baby-Pat\u00e9\u2019nin yumu\u015fak, kremsi k\u0131vam\u0131 anne s\u00fct\u00fcnden kat\u0131 mamaya ge\u00e7i\u015fi kolayla\u015ft\u0131r\u0131r. \u00d6zellikle 16. haftaya kadar b\u00fcy\u00fcyen yavru kedilerin ihtiya\u00e7lar\u0131na g\u00f6re uyarlanm\u0131\u015ft\u0131r. \u0130\u00e7indekiler: %38 S\u0131\u011f\u0131r eti (akci\u011fer, et, kalp, b\u00f6brek, meme), %32 tavuk (et, karaci\u011fer, mide), kalsiyum karbonat, sodyum klor\u00fcr Analitik Bile\u015fenler: Protein %10 Ya\u011f i\u00e7eri\u011fi %6.5 Ham sel\u00fcloz %0.3 Ham k\u00fcl %1.8 Nem %81 Taurin 0,8 g\/kg Besinsel \u0130laveler (kg): 200 IU 3a671 0.75 mg 3b202 1,4 mg 3b503 25 mg 3b605\" \/>\n<meta property=\"og:url\" content=\"https:\/\/anadolupet.com.tr\/en\/product\/animonda-carny-kumes-hayvanli-yavru-kedi-konservesi-200g\/\" \/>\n<meta property=\"og:site_name\" content=\"Anadolu Pet Grup\" \/>\n<meta property=\"article:modified_time\" content=\"2026-02-23T12:47:44+00:00\" \/>\n<meta property=\"og:image\" content=\"https:\/\/anadolupet.com.tr\/wp-content\/uploads\/2026\/02\/200-083491.jpg\" \/>\n\t<meta property=\"og:image:width\" content=\"750\" \/>\n\t<meta property=\"og:image:height\" content=\"750\" \/>\n\t<meta property=\"og:image:type\" content=\"image\/jpeg\" \/>\n<meta name=\"twitter:card\" content=\"summary_large_image\" \/>\n<script type=\"application\/ld+json\" class=\"yoast-schema-graph\">{\"@context\":\"https:\\\/\\\/schema.org\",\"@graph\":[{\"@type\":\"WebPage\",\"@id\":\"https:\\\/\\\/anadolupet.com.tr\\\/urun\\\/animonda-carny-kumes-hayvanli-yavru-kedi-konservesi-200g\\\/\",\"url\":\"https:\\\/\\\/anadolupet.com.tr\\\/urun\\\/animonda-carny-kumes-hayvanli-yavru-kedi-konservesi-200g\\\/\",\"name\":\"Animonda Carny K\u00fcmes Hayvanl\u0131 Yavru Kedi Konservesi 200g - Anadolu Pet Grup\",\"isPartOf\":{\"@id\":\"https:\\\/\\\/anadolupet.com.tr\\\/#website\"},\"primaryImageOfPage\":{\"@id\":\"https:\\\/\\\/anadolupet.com.tr\\\/urun\\\/animonda-carny-kumes-hayvanli-yavru-kedi-konservesi-200g\\\/#primaryimage\"},\"image\":{\"@id\":\"https:\\\/\\\/anadolupet.com.tr\\\/urun\\\/animonda-carny-kumes-hayvanli-yavru-kedi-konservesi-200g\\\/#primaryimage\"},\"thumbnailUrl\":\"https:\\\/\\\/anadolupet.com.tr\\\/wp-content\\\/uploads\\\/2026\\\/02\\\/200-083491.jpg\",\"datePublished\":\"2026-02-14T14:39:07+00:00\",\"dateModified\":\"2026-02-23T12:47:44+00:00\",\"breadcrumb\":{\"@id\":\"https:\\\/\\\/anadolupet.com.tr\\\/urun\\\/animonda-carny-kumes-hayvanli-yavru-kedi-konservesi-200g\\\/#breadcrumb\"},\"inLanguage\":\"en-US\",\"potentialAction\":[{\"@type\":\"ReadAction\",\"target\":[\"https:\\\/\\\/anadolupet.com.tr\\\/urun\\\/animonda-carny-kumes-hayvanli-yavru-kedi-konservesi-200g\\\/\"]}]},{\"@type\":\"ImageObject\",\"inLanguage\":\"en-US\",\"@id\":\"https:\\\/\\\/anadolupet.com.tr\\\/urun\\\/animonda-carny-kumes-hayvanli-yavru-kedi-konservesi-200g\\\/#primaryimage\",\"url\":\"https:\\\/\\\/anadolupet.com.tr\\\/wp-content\\\/uploads\\\/2026\\\/02\\\/200-083491.jpg\",\"contentUrl\":\"https:\\\/\\\/anadolupet.com.tr\\\/wp-content\\\/uploads\\\/2026\\\/02\\\/200-083491.jpg\",\"width\":750,\"height\":750},{\"@type\":\"BreadcrumbList\",\"@id\":\"https:\\\/\\\/anadolupet.com.tr\\\/urun\\\/animonda-carny-kumes-hayvanli-yavru-kedi-konservesi-200g\\\/#breadcrumb\",\"itemListElement\":[{\"@type\":\"ListItem\",\"position\":1,\"name\":\"Anasayfa\",\"item\":\"https:\\\/\\\/anadolupet.com.tr\\\/\"},{\"@type\":\"ListItem\",\"position\":2,\"name\":\"\u00dcr\u00fcnler\",\"item\":\"https:\\\/\\\/anadolupet.com.tr\\\/urunler\\\/\"},{\"@type\":\"ListItem\",\"position\":3,\"name\":\"Animonda Carny K\u00fcmes Hayvanl\u0131 Yavru Kedi Konservesi 200g\"}]},{\"@type\":\"WebSite\",\"@id\":\"https:\\\/\\\/anadolupet.com.tr\\\/#website\",\"url\":\"https:\\\/\\\/anadolupet.com.tr\\\/\",\"name\":\"Anadolu Pet Grup\",\"description\":\"Her Can\u0131n \u0130yi Ya\u015fam\u0131 \u0130\u00e7in Biraraday\u0131z\",\"publisher\":{\"@id\":\"https:\\\/\\\/anadolupet.com.tr\\\/#organization\"},\"potentialAction\":[{\"@type\":\"SearchAction\",\"target\":{\"@type\":\"EntryPoint\",\"urlTemplate\":\"https:\\\/\\\/anadolupet.com.tr\\\/?s={search_term_string}\"},\"query-input\":{\"@type\":\"PropertyValueSpecification\",\"valueRequired\":true,\"valueName\":\"search_term_string\"}}],\"inLanguage\":\"en-US\"},{\"@type\":\"Organization\",\"@id\":\"https:\\\/\\\/anadolupet.com.tr\\\/#organization\",\"name\":\"Anadolu Pet Grup\",\"alternateName\":\"Anadolu Pet\",\"url\":\"https:\\\/\\\/anadolupet.com.tr\\\/\",\"logo\":{\"@type\":\"ImageObject\",\"inLanguage\":\"en-US\",\"@id\":\"https:\\\/\\\/anadolupet.com.tr\\\/#\\\/schema\\\/logo\\\/image\\\/\",\"url\":\"https:\\\/\\\/anadolupet.com.tr\\\/wp-content\\\/uploads\\\/2026\\\/03\\\/1614666743370.jpg\",\"contentUrl\":\"https:\\\/\\\/anadolupet.com.tr\\\/wp-content\\\/uploads\\\/2026\\\/03\\\/1614666743370.jpg\",\"width\":800,\"height\":571,\"caption\":\"Anadolu Pet Grup\"},\"image\":{\"@id\":\"https:\\\/\\\/anadolupet.com.tr\\\/#\\\/schema\\\/logo\\\/image\\\/\"}}]}<\/script>\n<!-- \/ Yoast SEO plugin. -->","yoast_head_json":{"title":"Animonda Carny K\u00fcmes Hayvanl\u0131 Yavru Kedi Konservesi 200g - Anadolu Pet Grup","robots":{"index":"index","follow":"follow","max-snippet":"max-snippet:-1","max-image-preview":"max-image-preview:large","max-video-preview":"max-video-preview:-1"},"canonical":"https:\/\/anadolupet.com.tr\/en\/product\/animonda-carny-kumes-hayvanli-yavru-kedi-konservesi-200g\/","og_locale":"en_US","og_type":"article","og_title":"Animonda Carny K\u00fcmes Hayvanl\u0131 Yavru Kedi Konservesi 200g - Anadolu Pet Grup","og_description":"Carny Kitten Baby-Pat\u00e9 - taze etli malzemelerden yap\u0131lm\u0131\u015ft\u0131r - 4 haftal\u0131k ve daha b\u00fcy\u00fck yavru kediler i\u00e7in en y\u00fcksek seviyede lezzetli, sa\u011fl\u0131kl\u0131 ve dengeli beslenmeyi ifade eder. Yavru kediler do\u011fumdan \u00f6nce ve emmeye devam ederken bile ilk tat tercihlerini geli\u015ftirirler. Baby-Pat\u00e9\u2019nin yumu\u015fak, kremsi k\u0131vam\u0131 anne s\u00fct\u00fcnden kat\u0131 mamaya ge\u00e7i\u015fi kolayla\u015ft\u0131r\u0131r. \u00d6zellikle 16. haftaya kadar b\u00fcy\u00fcyen yavru kedilerin ihtiya\u00e7lar\u0131na g\u00f6re uyarlanm\u0131\u015ft\u0131r. \u0130\u00e7indekiler: %38 S\u0131\u011f\u0131r eti (akci\u011fer, et, kalp, b\u00f6brek, meme), %32 tavuk (et, karaci\u011fer, mide), kalsiyum karbonat, sodyum klor\u00fcr Analitik Bile\u015fenler: Protein %10 Ya\u011f i\u00e7eri\u011fi %6.5 Ham sel\u00fcloz %0.3 Ham k\u00fcl %1.8 Nem %81 Taurin 0,8 g\/kg Besinsel \u0130laveler (kg): 200 IU 3a671 0.75 mg 3b202 1,4 mg 3b503 25 mg 3b605","og_url":"https:\/\/anadolupet.com.tr\/en\/product\/animonda-carny-kumes-hayvanli-yavru-kedi-konservesi-200g\/","og_site_name":"Anadolu Pet Grup","article_modified_time":"2026-02-23T12:47:44+00:00","og_image":[{"width":750,"height":750,"url":"https:\/\/anadolupet.com.tr\/wp-content\/uploads\/2026\/02\/200-083491.jpg","type":"image\/jpeg"}],"twitter_card":"summary_large_image","schema":{"@context":"https:\/\/schema.org","@graph":[{"@type":"WebPage","@id":"https:\/\/anadolupet.com.tr\/urun\/animonda-carny-kumes-hayvanli-yavru-kedi-konservesi-200g\/","url":"https:\/\/anadolupet.com.tr\/urun\/animonda-carny-kumes-hayvanli-yavru-kedi-konservesi-200g\/","name":"Animonda Carny K\u00fcmes Hayvanl\u0131 Yavru Kedi Konservesi 200g - Anadolu Pet Grup","isPartOf":{"@id":"https:\/\/anadolupet.com.tr\/#website"},"primaryImageOfPage":{"@id":"https:\/\/anadolupet.com.tr\/urun\/animonda-carny-kumes-hayvanli-yavru-kedi-konservesi-200g\/#primaryimage"},"image":{"@id":"https:\/\/anadolupet.com.tr\/urun\/animonda-carny-kumes-hayvanli-yavru-kedi-konservesi-200g\/#primaryimage"},"thumbnailUrl":"https:\/\/anadolupet.com.tr\/wp-content\/uploads\/2026\/02\/200-083491.jpg","datePublished":"2026-02-14T14:39:07+00:00","dateModified":"2026-02-23T12:47:44+00:00","breadcrumb":{"@id":"https:\/\/anadolupet.com.tr\/urun\/animonda-carny-kumes-hayvanli-yavru-kedi-konservesi-200g\/#breadcrumb"},"inLanguage":"en-US","potentialAction":[{"@type":"ReadAction","target":["https:\/\/anadolupet.com.tr\/urun\/animonda-carny-kumes-hayvanli-yavru-kedi-konservesi-200g\/"]}]},{"@type":"ImageObject","inLanguage":"en-US","@id":"https:\/\/anadolupet.com.tr\/urun\/animonda-carny-kumes-hayvanli-yavru-kedi-konservesi-200g\/#primaryimage","url":"https:\/\/anadolupet.com.tr\/wp-content\/uploads\/2026\/02\/200-083491.jpg","contentUrl":"https:\/\/anadolupet.com.tr\/wp-content\/uploads\/2026\/02\/200-083491.jpg","width":750,"height":750},{"@type":"BreadcrumbList","@id":"https:\/\/anadolupet.com.tr\/urun\/animonda-carny-kumes-hayvanli-yavru-kedi-konservesi-200g\/#breadcrumb","itemListElement":[{"@type":"ListItem","position":1,"name":"Anasayfa","item":"https:\/\/anadolupet.com.tr\/"},{"@type":"ListItem","position":2,"name":"\u00dcr\u00fcnler","item":"https:\/\/anadolupet.com.tr\/urunler\/"},{"@type":"ListItem","position":3,"name":"Animonda Carny K\u00fcmes Hayvanl\u0131 Yavru Kedi Konservesi 200g"}]},{"@type":"WebSite","@id":"https:\/\/anadolupet.com.tr\/#website","url":"https:\/\/anadolupet.com.tr\/","name":"Anadolu Pet Group","description":"We Stand Together for the Well-Being of Every Life","publisher":{"@id":"https:\/\/anadolupet.com.tr\/#organization"},"potentialAction":[{"@type":"SearchAction","target":{"@type":"EntryPoint","urlTemplate":"https:\/\/anadolupet.com.tr\/?s={search_term_string}"},"query-input":{"@type":"PropertyValueSpecification","valueRequired":true,"valueName":"search_term_string"}}],"inLanguage":"en-US"},{"@type":"Organization","@id":"https:\/\/anadolupet.com.tr\/#organization","name":"Anadolu Pet Group","alternateName":"Anadolu Pet","url":"https:\/\/anadolupet.com.tr\/","logo":{"@type":"ImageObject","inLanguage":"en-US","@id":"https:\/\/anadolupet.com.tr\/#\/schema\/logo\/image\/","url":"https:\/\/anadolupet.com.tr\/wp-content\/uploads\/2026\/03\/1614666743370.jpg","contentUrl":"https:\/\/anadolupet.com.tr\/wp-content\/uploads\/2026\/03\/1614666743370.jpg","width":800,"height":571,"caption":"Anadolu Pet Grup"},"image":{"@id":"https:\/\/anadolupet.com.tr\/#\/schema\/logo\/image\/"}}]}},"_links":{"self":[{"href":"https:\/\/anadolupet.com.tr\/en\/wp-json\/wp\/v2\/product\/44581","targetHints":{"allow":["GET"]}}],"collection":[{"href":"https:\/\/anadolupet.com.tr\/en\/wp-json\/wp\/v2\/product"}],"about":[{"href":"https:\/\/anadolupet.com.tr\/en\/wp-json\/wp\/v2\/types\/product"}],"replies":[{"embeddable":true,"href":"https:\/\/anadolupet.com.tr\/en\/wp-json\/wp\/v2\/comments?post=44581"}],"wp:featuredmedia":[{"embeddable":true,"href":"https:\/\/anadolupet.com.tr\/en\/wp-json\/wp\/v2\/media\/42875"}],"wp:attachment":[{"href":"https:\/\/anadolupet.com.tr\/en\/wp-json\/wp\/v2\/media?parent=44581"}],"wp:term":[{"taxonomy":"product_brand","embeddable":true,"href":"https:\/\/anadolupet.com.tr\/en\/wp-json\/wp\/v2\/product_brand?post=44581"},{"taxonomy":"product_cat","embeddable":true,"href":"https:\/\/anadolupet.com.tr\/en\/wp-json\/wp\/v2\/product_cat?post=44581"},{"taxonomy":"product_tag","embeddable":true,"href":"https:\/\/anadolupet.com.tr\/en\/wp-json\/wp\/v2\/product_tag?post=44581"}],"curies":[{"name":"wp","href":"https:\/\/api.w.org\/{rel}","templated":true}]}}