{"id":44590,"date":"2026-02-14T14:39:08","date_gmt":"2026-02-14T14:39:08","guid":{"rendered":"https:\/\/anadolupet.com.tr\/urun\/8in1-perfect-coat-deshedder-kopek-taragi-m\/"},"modified":"2026-02-23T12:47:44","modified_gmt":"2026-02-23T12:47:44","slug":"8in1-perfect-coat-deshedder-kopek-taragi-m","status":"publish","type":"product","link":"https:\/\/anadolupet.com.tr\/en\/urun\/8in1-perfect-coat-deshedder-kopek-taragi-m\/","title":{"rendered":"8IN1 Perfect Coat DeShedder Dog Comb - M"},"content":{"rendered":"","protected":false},"excerpt":{"rendered":"<p>8in1 Perfect Coat DeShedder Dog M: Orta Irk K\u00f6pekler<br \/>\n8in1 Perfect Coat DeShedder, t\u00fcy d\u00f6ken t\u00fcm k\u00f6pek ve kedi \u0131rklar\u0131nda t\u00fcyleri etkili bir \u015fekilde toplar. Perfect Coat d\u00f6k\u00fclmeyi % 90&#8217;a varan oranda azalt\u0131r. D\u00f6k\u00fclen t\u00fcyleri toplamak i\u00e7in Perfect Coat kullanmak sa\u011fl\u0131kl\u0131 ve parlak t\u00fcylerin geli\u015fimini destekler. Ergonomik kaymaz sap, taramay\u0131 g\u00fcvenli hale getirir. T\u00fcylere sadece d\u00f6k\u00fclme s\u0131ras\u0131nda de\u011fil y\u0131l boyunca \u00f6zen g\u00f6sterilmesi \u00f6nemlidir. D\u00fczenli tarama, evcil dostlar\u0131n t\u00fcylerinin dola\u015fmas\u0131n\u0131 (k\u0131t\u0131k olu\u015fumunu) \u00f6nler ve b\u00f6ylece derideki tahri\u015fi azalt\u0131r.<br \/>\nT\u00fcyler azal\u0131rken Mutluluk \u00e7o\u011fals\u0131n&#8230;<br \/>\n\u2022 \u00d6l\u00fc t\u00fcyleri etkili bir \u015fekilde toplar<br \/>\n\u2022 D\u00f6k\u00fclmeyi % 90&#8217;a varan oranda azalt\u0131r<br \/>\n\u2022 Evcil dostlar\u0131n cildine zarar vermeden hassas bak\u0131m sa\u011flar<br \/>\n\u2022 Sa\u011fl\u0131kl\u0131 ve parlak t\u00fcy geli\u015fimini destekler<br \/>\n\u2022 Kedilerin midesinde t\u00fcy yuma\u011f\u0131 olu\u015fumunu engeller<\/p>","protected":false},"featured_media":44090,"comment_status":"open","ping_status":"closed","template":"","meta":{"_acf_changed":false},"product_brand":[],"product_cat":[2446],"product_tag":[],"class_list":{"0":"post-44590","1":"product","2":"type-product","3":"status-publish","4":"has-post-thumbnail","6":"product_cat-fircalar-ve-taraklar-kopek","8":"first","9":"instock","10":"shipping-taxable","11":"product-type-simple"},"acf":[],"yoast_head":"<!-- This site is optimized with the Yoast SEO plugin v27.4 - https:\/\/yoast.com\/product\/yoast-seo-wordpress\/ -->\n<title>8IN1 Perfect Coat DeShedder K\u00f6pek Tara\u011f\u0131 - M - Anadolu Pet Grup<\/title>\n<meta name=\"robots\" content=\"index, follow, max-snippet:-1, max-image-preview:large, max-video-preview:-1\" \/>\n<link rel=\"canonical\" href=\"https:\/\/anadolupet.com.tr\/en\/product\/8in1-perfect-coat-deshedder-kopek-taragi-m\/\" \/>\n<meta property=\"og:locale\" content=\"en_US\" \/>\n<meta property=\"og:type\" content=\"article\" \/>\n<meta property=\"og:title\" content=\"8IN1 Perfect Coat DeShedder K\u00f6pek Tara\u011f\u0131 - M - Anadolu Pet Grup\" \/>\n<meta property=\"og:description\" content=\"8in1 Perfect Coat DeShedder Dog M: Orta Irk K\u00f6pekler 8in1 Perfect Coat DeShedder, t\u00fcy d\u00f6ken t\u00fcm k\u00f6pek ve kedi \u0131rklar\u0131nda t\u00fcyleri etkili bir \u015fekilde toplar. Perfect Coat d\u00f6k\u00fclmeyi % 90&#039;a varan oranda azalt\u0131r. D\u00f6k\u00fclen t\u00fcyleri toplamak i\u00e7in Perfect Coat kullanmak sa\u011fl\u0131kl\u0131 ve parlak t\u00fcylerin geli\u015fimini destekler. Ergonomik kaymaz sap, taramay\u0131 g\u00fcvenli hale getirir. T\u00fcylere sadece d\u00f6k\u00fclme s\u0131ras\u0131nda de\u011fil y\u0131l boyunca \u00f6zen g\u00f6sterilmesi \u00f6nemlidir. D\u00fczenli tarama, evcil dostlar\u0131n t\u00fcylerinin dola\u015fmas\u0131n\u0131 (k\u0131t\u0131k olu\u015fumunu) \u00f6nler ve b\u00f6ylece derideki tahri\u015fi azalt\u0131r. T\u00fcyler azal\u0131rken Mutluluk \u00e7o\u011fals\u0131n... \u2022 \u00d6l\u00fc t\u00fcyleri etkili bir \u015fekilde toplar \u2022 D\u00f6k\u00fclmeyi % 90&#039;a varan oranda azalt\u0131r \u2022 Evcil dostlar\u0131n cildine zarar vermeden hassas bak\u0131m sa\u011flar \u2022 Sa\u011fl\u0131kl\u0131 ve parlak t\u00fcy geli\u015fimini destekler \u2022 Kedilerin midesinde t\u00fcy yuma\u011f\u0131 olu\u015fumunu engeller\" \/>\n<meta property=\"og:url\" content=\"https:\/\/anadolupet.com.tr\/en\/product\/8in1-perfect-coat-deshedder-kopek-taragi-m\/\" \/>\n<meta property=\"og:site_name\" content=\"Anadolu Pet Grup\" \/>\n<meta property=\"article:modified_time\" content=\"2026-02-23T12:47:44+00:00\" \/>\n<meta property=\"og:image\" content=\"https:\/\/anadolupet.com.tr\/wp-content\/uploads\/2026\/02\/406-661508.jpg\" \/>\n\t<meta property=\"og:image:width\" content=\"750\" \/>\n\t<meta property=\"og:image:height\" content=\"750\" \/>\n\t<meta property=\"og:image:type\" content=\"image\/jpeg\" \/>\n<meta name=\"twitter:card\" content=\"summary_large_image\" \/>\n<script type=\"application\/ld+json\" class=\"yoast-schema-graph\">{\"@context\":\"https:\\\/\\\/schema.org\",\"@graph\":[{\"@type\":\"WebPage\",\"@id\":\"https:\\\/\\\/anadolupet.com.tr\\\/urun\\\/8in1-perfect-coat-deshedder-kopek-taragi-m\\\/\",\"url\":\"https:\\\/\\\/anadolupet.com.tr\\\/urun\\\/8in1-perfect-coat-deshedder-kopek-taragi-m\\\/\",\"name\":\"8IN1 Perfect Coat DeShedder K\u00f6pek Tara\u011f\u0131 - M - Anadolu Pet Grup\",\"isPartOf\":{\"@id\":\"https:\\\/\\\/anadolupet.com.tr\\\/#website\"},\"primaryImageOfPage\":{\"@id\":\"https:\\\/\\\/anadolupet.com.tr\\\/urun\\\/8in1-perfect-coat-deshedder-kopek-taragi-m\\\/#primaryimage\"},\"image\":{\"@id\":\"https:\\\/\\\/anadolupet.com.tr\\\/urun\\\/8in1-perfect-coat-deshedder-kopek-taragi-m\\\/#primaryimage\"},\"thumbnailUrl\":\"https:\\\/\\\/anadolupet.com.tr\\\/wp-content\\\/uploads\\\/2026\\\/02\\\/406-661508.jpg\",\"datePublished\":\"2026-02-14T14:39:08+00:00\",\"dateModified\":\"2026-02-23T12:47:44+00:00\",\"breadcrumb\":{\"@id\":\"https:\\\/\\\/anadolupet.com.tr\\\/urun\\\/8in1-perfect-coat-deshedder-kopek-taragi-m\\\/#breadcrumb\"},\"inLanguage\":\"en-US\",\"potentialAction\":[{\"@type\":\"ReadAction\",\"target\":[\"https:\\\/\\\/anadolupet.com.tr\\\/urun\\\/8in1-perfect-coat-deshedder-kopek-taragi-m\\\/\"]}]},{\"@type\":\"ImageObject\",\"inLanguage\":\"en-US\",\"@id\":\"https:\\\/\\\/anadolupet.com.tr\\\/urun\\\/8in1-perfect-coat-deshedder-kopek-taragi-m\\\/#primaryimage\",\"url\":\"https:\\\/\\\/anadolupet.com.tr\\\/wp-content\\\/uploads\\\/2026\\\/02\\\/406-661508.jpg\",\"contentUrl\":\"https:\\\/\\\/anadolupet.com.tr\\\/wp-content\\\/uploads\\\/2026\\\/02\\\/406-661508.jpg\",\"width\":750,\"height\":750},{\"@type\":\"BreadcrumbList\",\"@id\":\"https:\\\/\\\/anadolupet.com.tr\\\/urun\\\/8in1-perfect-coat-deshedder-kopek-taragi-m\\\/#breadcrumb\",\"itemListElement\":[{\"@type\":\"ListItem\",\"position\":1,\"name\":\"Anasayfa\",\"item\":\"https:\\\/\\\/anadolupet.com.tr\\\/\"},{\"@type\":\"ListItem\",\"position\":2,\"name\":\"\u00dcr\u00fcnler\",\"item\":\"https:\\\/\\\/anadolupet.com.tr\\\/urunler\\\/\"},{\"@type\":\"ListItem\",\"position\":3,\"name\":\"8IN1 Perfect Coat DeShedder K\u00f6pek Tara\u011f\u0131 &#8211; M\"}]},{\"@type\":\"WebSite\",\"@id\":\"https:\\\/\\\/anadolupet.com.tr\\\/#website\",\"url\":\"https:\\\/\\\/anadolupet.com.tr\\\/\",\"name\":\"Anadolu Pet Grup\",\"description\":\"Her Can\u0131n \u0130yi Ya\u015fam\u0131 \u0130\u00e7in Biraraday\u0131z\",\"publisher\":{\"@id\":\"https:\\\/\\\/anadolupet.com.tr\\\/#organization\"},\"potentialAction\":[{\"@type\":\"SearchAction\",\"target\":{\"@type\":\"EntryPoint\",\"urlTemplate\":\"https:\\\/\\\/anadolupet.com.tr\\\/?s={search_term_string}\"},\"query-input\":{\"@type\":\"PropertyValueSpecification\",\"valueRequired\":true,\"valueName\":\"search_term_string\"}}],\"inLanguage\":\"en-US\"},{\"@type\":\"Organization\",\"@id\":\"https:\\\/\\\/anadolupet.com.tr\\\/#organization\",\"name\":\"Anadolu Pet Grup\",\"alternateName\":\"Anadolu Pet\",\"url\":\"https:\\\/\\\/anadolupet.com.tr\\\/\",\"logo\":{\"@type\":\"ImageObject\",\"inLanguage\":\"en-US\",\"@id\":\"https:\\\/\\\/anadolupet.com.tr\\\/#\\\/schema\\\/logo\\\/image\\\/\",\"url\":\"https:\\\/\\\/anadolupet.com.tr\\\/wp-content\\\/uploads\\\/2026\\\/03\\\/1614666743370.jpg\",\"contentUrl\":\"https:\\\/\\\/anadolupet.com.tr\\\/wp-content\\\/uploads\\\/2026\\\/03\\\/1614666743370.jpg\",\"width\":800,\"height\":571,\"caption\":\"Anadolu Pet Grup\"},\"image\":{\"@id\":\"https:\\\/\\\/anadolupet.com.tr\\\/#\\\/schema\\\/logo\\\/image\\\/\"}}]}<\/script>\n<!-- \/ Yoast SEO plugin. -->","yoast_head_json":{"title":"8IN1 Perfect Coat DeShedder K\u00f6pek Tara\u011f\u0131 - M - Anadolu Pet Grup","robots":{"index":"index","follow":"follow","max-snippet":"max-snippet:-1","max-image-preview":"max-image-preview:large","max-video-preview":"max-video-preview:-1"},"canonical":"https:\/\/anadolupet.com.tr\/en\/product\/8in1-perfect-coat-deshedder-kopek-taragi-m\/","og_locale":"en_US","og_type":"article","og_title":"8IN1 Perfect Coat DeShedder K\u00f6pek Tara\u011f\u0131 - M - Anadolu Pet Grup","og_description":"8in1 Perfect Coat DeShedder Dog M: Orta Irk K\u00f6pekler 8in1 Perfect Coat DeShedder, t\u00fcy d\u00f6ken t\u00fcm k\u00f6pek ve kedi \u0131rklar\u0131nda t\u00fcyleri etkili bir \u015fekilde toplar. Perfect Coat d\u00f6k\u00fclmeyi % 90'a varan oranda azalt\u0131r. D\u00f6k\u00fclen t\u00fcyleri toplamak i\u00e7in Perfect Coat kullanmak sa\u011fl\u0131kl\u0131 ve parlak t\u00fcylerin geli\u015fimini destekler. Ergonomik kaymaz sap, taramay\u0131 g\u00fcvenli hale getirir. T\u00fcylere sadece d\u00f6k\u00fclme s\u0131ras\u0131nda de\u011fil y\u0131l boyunca \u00f6zen g\u00f6sterilmesi \u00f6nemlidir. D\u00fczenli tarama, evcil dostlar\u0131n t\u00fcylerinin dola\u015fmas\u0131n\u0131 (k\u0131t\u0131k olu\u015fumunu) \u00f6nler ve b\u00f6ylece derideki tahri\u015fi azalt\u0131r. T\u00fcyler azal\u0131rken Mutluluk \u00e7o\u011fals\u0131n... \u2022 \u00d6l\u00fc t\u00fcyleri etkili bir \u015fekilde toplar \u2022 D\u00f6k\u00fclmeyi % 90'a varan oranda azalt\u0131r \u2022 Evcil dostlar\u0131n cildine zarar vermeden hassas bak\u0131m sa\u011flar \u2022 Sa\u011fl\u0131kl\u0131 ve parlak t\u00fcy geli\u015fimini destekler \u2022 Kedilerin midesinde t\u00fcy yuma\u011f\u0131 olu\u015fumunu engeller","og_url":"https:\/\/anadolupet.com.tr\/en\/product\/8in1-perfect-coat-deshedder-kopek-taragi-m\/","og_site_name":"Anadolu Pet Grup","article_modified_time":"2026-02-23T12:47:44+00:00","og_image":[{"width":750,"height":750,"url":"https:\/\/anadolupet.com.tr\/wp-content\/uploads\/2026\/02\/406-661508.jpg","type":"image\/jpeg"}],"twitter_card":"summary_large_image","schema":{"@context":"https:\/\/schema.org","@graph":[{"@type":"WebPage","@id":"https:\/\/anadolupet.com.tr\/urun\/8in1-perfect-coat-deshedder-kopek-taragi-m\/","url":"https:\/\/anadolupet.com.tr\/urun\/8in1-perfect-coat-deshedder-kopek-taragi-m\/","name":"8IN1 Perfect Coat DeShedder K\u00f6pek Tara\u011f\u0131 - M - Anadolu Pet Grup","isPartOf":{"@id":"https:\/\/anadolupet.com.tr\/#website"},"primaryImageOfPage":{"@id":"https:\/\/anadolupet.com.tr\/urun\/8in1-perfect-coat-deshedder-kopek-taragi-m\/#primaryimage"},"image":{"@id":"https:\/\/anadolupet.com.tr\/urun\/8in1-perfect-coat-deshedder-kopek-taragi-m\/#primaryimage"},"thumbnailUrl":"https:\/\/anadolupet.com.tr\/wp-content\/uploads\/2026\/02\/406-661508.jpg","datePublished":"2026-02-14T14:39:08+00:00","dateModified":"2026-02-23T12:47:44+00:00","breadcrumb":{"@id":"https:\/\/anadolupet.com.tr\/urun\/8in1-perfect-coat-deshedder-kopek-taragi-m\/#breadcrumb"},"inLanguage":"en-US","potentialAction":[{"@type":"ReadAction","target":["https:\/\/anadolupet.com.tr\/urun\/8in1-perfect-coat-deshedder-kopek-taragi-m\/"]}]},{"@type":"ImageObject","inLanguage":"en-US","@id":"https:\/\/anadolupet.com.tr\/urun\/8in1-perfect-coat-deshedder-kopek-taragi-m\/#primaryimage","url":"https:\/\/anadolupet.com.tr\/wp-content\/uploads\/2026\/02\/406-661508.jpg","contentUrl":"https:\/\/anadolupet.com.tr\/wp-content\/uploads\/2026\/02\/406-661508.jpg","width":750,"height":750},{"@type":"BreadcrumbList","@id":"https:\/\/anadolupet.com.tr\/urun\/8in1-perfect-coat-deshedder-kopek-taragi-m\/#breadcrumb","itemListElement":[{"@type":"ListItem","position":1,"name":"Anasayfa","item":"https:\/\/anadolupet.com.tr\/"},{"@type":"ListItem","position":2,"name":"\u00dcr\u00fcnler","item":"https:\/\/anadolupet.com.tr\/urunler\/"},{"@type":"ListItem","position":3,"name":"8IN1 Perfect Coat DeShedder K\u00f6pek Tara\u011f\u0131 &#8211; M"}]},{"@type":"WebSite","@id":"https:\/\/anadolupet.com.tr\/#website","url":"https:\/\/anadolupet.com.tr\/","name":"Anadolu Pet Group","description":"We Stand Together for the Well-Being of Every Life","publisher":{"@id":"https:\/\/anadolupet.com.tr\/#organization"},"potentialAction":[{"@type":"SearchAction","target":{"@type":"EntryPoint","urlTemplate":"https:\/\/anadolupet.com.tr\/?s={search_term_string}"},"query-input":{"@type":"PropertyValueSpecification","valueRequired":true,"valueName":"search_term_string"}}],"inLanguage":"en-US"},{"@type":"Organization","@id":"https:\/\/anadolupet.com.tr\/#organization","name":"Anadolu Pet Group","alternateName":"Anadolu Pet","url":"https:\/\/anadolupet.com.tr\/","logo":{"@type":"ImageObject","inLanguage":"en-US","@id":"https:\/\/anadolupet.com.tr\/#\/schema\/logo\/image\/","url":"https:\/\/anadolupet.com.tr\/wp-content\/uploads\/2026\/03\/1614666743370.jpg","contentUrl":"https:\/\/anadolupet.com.tr\/wp-content\/uploads\/2026\/03\/1614666743370.jpg","width":800,"height":571,"caption":"Anadolu Pet Grup"},"image":{"@id":"https:\/\/anadolupet.com.tr\/#\/schema\/logo\/image\/"}}]}},"_links":{"self":[{"href":"https:\/\/anadolupet.com.tr\/en\/wp-json\/wp\/v2\/product\/44590","targetHints":{"allow":["GET"]}}],"collection":[{"href":"https:\/\/anadolupet.com.tr\/en\/wp-json\/wp\/v2\/product"}],"about":[{"href":"https:\/\/anadolupet.com.tr\/en\/wp-json\/wp\/v2\/types\/product"}],"replies":[{"embeddable":true,"href":"https:\/\/anadolupet.com.tr\/en\/wp-json\/wp\/v2\/comments?post=44590"}],"wp:featuredmedia":[{"embeddable":true,"href":"https:\/\/anadolupet.com.tr\/en\/wp-json\/wp\/v2\/media\/44090"}],"wp:attachment":[{"href":"https:\/\/anadolupet.com.tr\/en\/wp-json\/wp\/v2\/media?parent=44590"}],"wp:term":[{"taxonomy":"product_brand","embeddable":true,"href":"https:\/\/anadolupet.com.tr\/en\/wp-json\/wp\/v2\/product_brand?post=44590"},{"taxonomy":"product_cat","embeddable":true,"href":"https:\/\/anadolupet.com.tr\/en\/wp-json\/wp\/v2\/product_cat?post=44590"},{"taxonomy":"product_tag","embeddable":true,"href":"https:\/\/anadolupet.com.tr\/en\/wp-json\/wp\/v2\/product_tag?post=44590"}],"curies":[{"name":"wp","href":"https:\/\/api.w.org\/{rel}","templated":true}]}}