{"id":44597,"date":"2026-02-14T14:39:10","date_gmt":"2026-02-14T14:39:10","guid":{"rendered":"https:\/\/anadolupet.com.tr\/urun\/animonda-grancarno-elmali-geyikli-yetiskin-kopek-konservesi-400g\/"},"modified":"2026-02-23T12:47:44","modified_gmt":"2026-02-23T12:47:44","slug":"animonda-grancarno-elmali-geyikli-yetiskin-kopek-konservesi-400g","status":"publish","type":"product","link":"https:\/\/anadolupet.com.tr\/en\/urun\/animonda-grancarno-elmali-geyikli-yetiskin-kopek-konservesi-400g\/","title":{"rendered":"Animonda GranCarno Apple Deer Adult Dog Canned Food 400g"},"content":{"rendered":"","protected":false},"excerpt":{"rendered":"<p>Animonda Gran Carno Elmal\u0131 Geyikli Yeti\u015fkin K\u00f6pek Konservesi 400gr, yeti\u015fkin k\u00f6peklerin beslenmesi i\u00e7in \u00f6zel olarak form\u00fcle edilmi\u015f, s\u0131\u011f\u0131r ve geyik eti kombinasyonu ile haz\u0131rlanm\u0131\u015f premium ya\u015f konserve k\u00f6pek mamas\u0131d\u0131r. \u0130\u00e7eri\u011findeki elma p\u00fcresi ile sindirimi kolayla\u015ft\u0131r\u0131r ve lezzet zenginli\u011fi sunar. Tah\u0131ls\u0131z form\u00fcl\u00fc ile hassas sindirim sistemine sahip k\u00f6pekler i\u00e7in idealdir. Geyik etinin do\u011fal tad\u0131n\u0131 ta\u015f\u0131yan bu k\u00f6pek konserve mamas\u0131, %100 taze et i\u00e7eri\u011fiyle k\u00f6pe\u011finizin en iyi \u015fekilde beslenmesini garanti eder.Taze et par\u00e7alar\u0131yla haz\u0131rlanan bu \u00f6zel k\u00f6pek mamas\u0131 konserve form\u00fcl\u00fc, yapay renklendirici, koruyucu ve tah\u0131l i\u00e7ermez. Tek ba\u015f\u0131na tam \u00f6\u011f\u00fcn olarak sunulabilen bu konserve mama, sindirim sistemi hassas olan ve farkl\u0131 lezzetler denemeyi seven yeti\u015fkin k\u00f6pekler i\u00e7in idealdir.<br \/>\nGranCarno serisinin kalitesini yans\u0131tan bu Animonda ya\u015f mama, y\u00fcksek nem oran\u0131yla k\u00f6pe\u011finizin hidrasyonunu desteklerken \u00f6\u011f\u00fcnlerini daha i\u015ftah a\u00e7\u0131c\u0131 hale getirir. Hayvansal proteinin yan\u0131 s\u0131ra do\u011fal vitaminler ve mineraller de sunan bu lezzetli konserve ya\u015f mama, k\u00f6pe\u011finizin g\u00fcnl\u00fck canl\u0131l\u0131\u011f\u0131n\u0131, ba\u011f\u0131\u015f\u0131kl\u0131k sistemini ve sa\u011fl\u0131kl\u0131 deri\/t\u00fcy yap\u0131s\u0131n\u0131 desteklemek i\u00e7in \u00f6zel olarak \u00fcretilmi\u015ftir<br \/>\n\u00d6ne \u00e7\u0131kan \u00f6zellikleri;<br \/>\nEgzotik Protein Kayna\u011f\u0131: Geyik eti ile zenginle\u015ftirilmi\u015f, farkl\u0131 lezzet arayan k\u00f6pekler i\u00e7in m\u00fckemmeldir.<br \/>\nMeyve Katk\u0131s\u0131: Elma i\u00e7eri\u011fi sayesinde do\u011fal vitamin ve lif deste\u011fi sa\u011flar, sindirime yard\u0131mc\u0131 olur.<br \/>\nYeti\u015fkin Form\u00fcl\u00fc: Yeti\u015fkin k\u00f6peklerin enerji ve besin gereksinimlerine g\u00f6re dengelenmi\u015f tam bir \u00f6\u011f\u00fcnd\u00fcr.<br \/>\nTah\u0131ls\u0131z ve Soya \u0130\u00e7ermez: Hassas sindirim sistemine sahip k\u00f6pekler i\u00e7in uygundur.<br \/>\nDo\u011fal Lezzet: Taze et i\u00e7eri\u011fi ve do\u011fal malzemelerle e\u015fsiz bir lezzet sunar.<br \/>\nAnimonda Gran Carno Elmal\u0131 Geyikli Yeti\u015fkin K\u00f6pek Konservesi Avantajlar\u0131;<br \/>\nDo\u011fal Beslenme Sa\u011flar: Ger\u00e7ek s\u0131\u011f\u0131r ve geyik etiyle k\u00f6pe\u011finizin do\u011fal beslenme ihtiyac\u0131n\u0131 kar\u015f\u0131lar.<br \/>\nY\u00fcksek Protein Deste\u011fi Sunar: Kas yap\u0131s\u0131n\u0131n korunmas\u0131na ve g\u00fc\u00e7l\u00fc bir v\u00fccut formuna katk\u0131 sa\u011flar.<br \/>\nEnerji Seviyesini Y\u00fckseltir: G\u00fcnl\u00fck aktivite ve hareketlili\u011fi destekler.<br \/>\nSindirim Sistemini Rahatlat\u0131r: Tah\u0131ls\u0131z yap\u0131s\u0131 sayesinde kolay sindirilir.<br \/>\nBa\u011f\u0131\u015f\u0131kl\u0131\u011f\u0131 G\u00fc\u00e7lendirir: Elma i\u00e7eri\u011fiyle do\u011fal vitamin ve antioksidan deste\u011fi sunar.<br \/>\nKatk\u0131s\u0131z Beslenme \u0130mk\u00e2n\u0131 Verir: Yapay renklendirici, tatland\u0131r\u0131c\u0131 ve koruyucu i\u00e7ermez.<br \/>\nMama i\u00e7eri\u011fi;<br \/>\nS\u0131\u011f\u0131r eti %47 (et, akci\u011fer, karaci\u011fer, meme, b\u00f6brek, kalp), Geyik eti (%15), Elma (%6), Kalsiyum, karbonat, Sodyum klor\u00fcr.<br \/>\nAnalitik bile\u015fenler;<br \/>\nProtein %11<br \/>\nYa\u011f %8<br \/>\nHam Sel\u00fcloz %0,5<br \/>\nHam K\u00fcl %2<br \/>\nNem %77<\/p>","protected":false},"featured_media":42825,"comment_status":"open","ping_status":"closed","template":"","meta":{"_acf_changed":false},"product_brand":[],"product_cat":[2450],"product_tag":[],"class_list":{"0":"post-44597","1":"product","2":"type-product","3":"status-publish","4":"has-post-thumbnail","6":"product_cat-kopek-konserveleri","8":"first","9":"instock","10":"shipping-taxable","11":"product-type-simple"},"acf":[],"yoast_head":"<!-- This site is optimized with the Yoast SEO plugin v27.5 - https:\/\/yoast.com\/product\/yoast-seo-wordpress\/ -->\n<title>Animonda GranCarno Elmal\u0131 Geyikli Yeti\u015fkin K\u00f6pek Konservesi 400g - Anadolu Pet Grup<\/title>\n<meta name=\"robots\" content=\"index, follow, max-snippet:-1, max-image-preview:large, max-video-preview:-1\" \/>\n<link rel=\"canonical\" href=\"https:\/\/anadolupet.com.tr\/en\/product\/animonda-grancarno-elmali-geyikli-yetiskin-kopek-konservesi-400g\/\" \/>\n<meta property=\"og:locale\" content=\"en_US\" \/>\n<meta property=\"og:type\" content=\"article\" \/>\n<meta property=\"og:title\" content=\"Animonda GranCarno Elmal\u0131 Geyikli Yeti\u015fkin K\u00f6pek Konservesi 400g - Anadolu Pet Grup\" \/>\n<meta property=\"og:description\" content=\"Animonda Gran Carno Elmal\u0131 Geyikli Yeti\u015fkin K\u00f6pek Konservesi 400gr, yeti\u015fkin k\u00f6peklerin beslenmesi i\u00e7in \u00f6zel olarak form\u00fcle edilmi\u015f, s\u0131\u011f\u0131r ve geyik eti kombinasyonu ile haz\u0131rlanm\u0131\u015f premium ya\u015f konserve k\u00f6pek mamas\u0131d\u0131r. \u0130\u00e7eri\u011findeki elma p\u00fcresi ile sindirimi kolayla\u015ft\u0131r\u0131r ve lezzet zenginli\u011fi sunar. Tah\u0131ls\u0131z form\u00fcl\u00fc ile hassas sindirim sistemine sahip k\u00f6pekler i\u00e7in idealdir. Geyik etinin do\u011fal tad\u0131n\u0131 ta\u015f\u0131yan bu k\u00f6pek konserve mamas\u0131, %100 taze et i\u00e7eri\u011fiyle k\u00f6pe\u011finizin en iyi \u015fekilde beslenmesini garanti eder.Taze et par\u00e7alar\u0131yla haz\u0131rlanan bu \u00f6zel k\u00f6pek mamas\u0131 konserve form\u00fcl\u00fc, yapay renklendirici, koruyucu ve tah\u0131l i\u00e7ermez. Tek ba\u015f\u0131na tam \u00f6\u011f\u00fcn olarak sunulabilen bu konserve mama, sindirim sistemi hassas olan ve farkl\u0131 lezzetler denemeyi seven yeti\u015fkin k\u00f6pekler i\u00e7in idealdir. GranCarno serisinin kalitesini yans\u0131tan bu Animonda ya\u015f mama, y\u00fcksek nem oran\u0131yla k\u00f6pe\u011finizin hidrasyonunu desteklerken \u00f6\u011f\u00fcnlerini daha i\u015ftah a\u00e7\u0131c\u0131 hale getirir. Hayvansal proteinin yan\u0131 s\u0131ra do\u011fal vitaminler ve mineraller de sunan bu lezzetli konserve ya\u015f mama, k\u00f6pe\u011finizin g\u00fcnl\u00fck canl\u0131l\u0131\u011f\u0131n\u0131, ba\u011f\u0131\u015f\u0131kl\u0131k sistemini ve sa\u011fl\u0131kl\u0131 deri\/t\u00fcy yap\u0131s\u0131n\u0131 desteklemek i\u00e7in \u00f6zel olarak \u00fcretilmi\u015ftir \u00d6ne \u00e7\u0131kan \u00f6zellikleri; Egzotik Protein Kayna\u011f\u0131: Geyik eti ile zenginle\u015ftirilmi\u015f, farkl\u0131 lezzet arayan k\u00f6pekler i\u00e7in m\u00fckemmeldir. Meyve Katk\u0131s\u0131: Elma i\u00e7eri\u011fi sayesinde do\u011fal vitamin ve lif deste\u011fi sa\u011flar, sindirime yard\u0131mc\u0131 olur. Yeti\u015fkin Form\u00fcl\u00fc: Yeti\u015fkin k\u00f6peklerin enerji ve besin gereksinimlerine g\u00f6re dengelenmi\u015f tam bir \u00f6\u011f\u00fcnd\u00fcr. Tah\u0131ls\u0131z ve Soya \u0130\u00e7ermez: Hassas sindirim sistemine sahip k\u00f6pekler i\u00e7in uygundur. Do\u011fal Lezzet: Taze et i\u00e7eri\u011fi ve do\u011fal malzemelerle e\u015fsiz bir lezzet sunar. Animonda Gran Carno Elmal\u0131 Geyikli Yeti\u015fkin K\u00f6pek Konservesi Avantajlar\u0131; Do\u011fal Beslenme Sa\u011flar: Ger\u00e7ek s\u0131\u011f\u0131r ve geyik etiyle k\u00f6pe\u011finizin do\u011fal beslenme ihtiyac\u0131n\u0131 kar\u015f\u0131lar. Y\u00fcksek Protein Deste\u011fi Sunar: Kas yap\u0131s\u0131n\u0131n korunmas\u0131na ve g\u00fc\u00e7l\u00fc bir v\u00fccut formuna katk\u0131 sa\u011flar. Enerji Seviyesini Y\u00fckseltir: G\u00fcnl\u00fck aktivite ve hareketlili\u011fi destekler. Sindirim Sistemini Rahatlat\u0131r: Tah\u0131ls\u0131z yap\u0131s\u0131 sayesinde kolay sindirilir. Ba\u011f\u0131\u015f\u0131kl\u0131\u011f\u0131 G\u00fc\u00e7lendirir: Elma i\u00e7eri\u011fiyle do\u011fal vitamin ve antioksidan deste\u011fi sunar. Katk\u0131s\u0131z Beslenme \u0130mk\u00e2n\u0131 Verir: Yapay renklendirici, tatland\u0131r\u0131c\u0131 ve koruyucu i\u00e7ermez. Mama i\u00e7eri\u011fi; S\u0131\u011f\u0131r eti %47 (et, akci\u011fer, karaci\u011fer, meme, b\u00f6brek, kalp), Geyik eti (%15), Elma (%6), Kalsiyum, karbonat, Sodyum klor\u00fcr. Analitik bile\u015fenler; Protein %11 Ya\u011f %8 Ham Sel\u00fcloz %0,5 Ham K\u00fcl %2 Nem %77\" \/>\n<meta property=\"og:url\" content=\"https:\/\/anadolupet.com.tr\/en\/product\/animonda-grancarno-elmali-geyikli-yetiskin-kopek-konservesi-400g\/\" \/>\n<meta property=\"og:site_name\" content=\"Anadolu Pet Grup\" \/>\n<meta property=\"article:modified_time\" content=\"2026-02-23T12:47:44+00:00\" \/>\n<meta property=\"og:image\" content=\"https:\/\/anadolupet.com.tr\/wp-content\/uploads\/2026\/02\/200-082479.jpg\" \/>\n\t<meta property=\"og:image:width\" content=\"750\" \/>\n\t<meta property=\"og:image:height\" content=\"750\" \/>\n\t<meta property=\"og:image:type\" content=\"image\/jpeg\" \/>\n<meta name=\"twitter:card\" content=\"summary_large_image\" \/>\n<script type=\"application\/ld+json\" class=\"yoast-schema-graph\">{\"@context\":\"https:\\\/\\\/schema.org\",\"@graph\":[{\"@type\":\"WebPage\",\"@id\":\"https:\\\/\\\/anadolupet.com.tr\\\/urun\\\/animonda-grancarno-elmali-geyikli-yetiskin-kopek-konservesi-400g\\\/\",\"url\":\"https:\\\/\\\/anadolupet.com.tr\\\/urun\\\/animonda-grancarno-elmali-geyikli-yetiskin-kopek-konservesi-400g\\\/\",\"name\":\"Animonda GranCarno Elmal\u0131 Geyikli Yeti\u015fkin K\u00f6pek Konservesi 400g - Anadolu Pet Grup\",\"isPartOf\":{\"@id\":\"https:\\\/\\\/anadolupet.com.tr\\\/#website\"},\"primaryImageOfPage\":{\"@id\":\"https:\\\/\\\/anadolupet.com.tr\\\/urun\\\/animonda-grancarno-elmali-geyikli-yetiskin-kopek-konservesi-400g\\\/#primaryimage\"},\"image\":{\"@id\":\"https:\\\/\\\/anadolupet.com.tr\\\/urun\\\/animonda-grancarno-elmali-geyikli-yetiskin-kopek-konservesi-400g\\\/#primaryimage\"},\"thumbnailUrl\":\"https:\\\/\\\/anadolupet.com.tr\\\/wp-content\\\/uploads\\\/2026\\\/02\\\/200-082479.jpg\",\"datePublished\":\"2026-02-14T14:39:10+00:00\",\"dateModified\":\"2026-02-23T12:47:44+00:00\",\"breadcrumb\":{\"@id\":\"https:\\\/\\\/anadolupet.com.tr\\\/urun\\\/animonda-grancarno-elmali-geyikli-yetiskin-kopek-konservesi-400g\\\/#breadcrumb\"},\"inLanguage\":\"en-US\",\"potentialAction\":[{\"@type\":\"ReadAction\",\"target\":[\"https:\\\/\\\/anadolupet.com.tr\\\/urun\\\/animonda-grancarno-elmali-geyikli-yetiskin-kopek-konservesi-400g\\\/\"]}]},{\"@type\":\"ImageObject\",\"inLanguage\":\"en-US\",\"@id\":\"https:\\\/\\\/anadolupet.com.tr\\\/urun\\\/animonda-grancarno-elmali-geyikli-yetiskin-kopek-konservesi-400g\\\/#primaryimage\",\"url\":\"https:\\\/\\\/anadolupet.com.tr\\\/wp-content\\\/uploads\\\/2026\\\/02\\\/200-082479.jpg\",\"contentUrl\":\"https:\\\/\\\/anadolupet.com.tr\\\/wp-content\\\/uploads\\\/2026\\\/02\\\/200-082479.jpg\",\"width\":750,\"height\":750},{\"@type\":\"BreadcrumbList\",\"@id\":\"https:\\\/\\\/anadolupet.com.tr\\\/urun\\\/animonda-grancarno-elmali-geyikli-yetiskin-kopek-konservesi-400g\\\/#breadcrumb\",\"itemListElement\":[{\"@type\":\"ListItem\",\"position\":1,\"name\":\"Anasayfa\",\"item\":\"https:\\\/\\\/anadolupet.com.tr\\\/\"},{\"@type\":\"ListItem\",\"position\":2,\"name\":\"\u00dcr\u00fcnler\",\"item\":\"https:\\\/\\\/anadolupet.com.tr\\\/urunler\\\/\"},{\"@type\":\"ListItem\",\"position\":3,\"name\":\"Animonda GranCarno Elmal\u0131 Geyikli Yeti\u015fkin K\u00f6pek Konservesi 400g\"}]},{\"@type\":\"WebSite\",\"@id\":\"https:\\\/\\\/anadolupet.com.tr\\\/#website\",\"url\":\"https:\\\/\\\/anadolupet.com.tr\\\/\",\"name\":\"Anadolu Pet Grup\",\"description\":\"Her Can\u0131n \u0130yi Ya\u015fam\u0131 \u0130\u00e7in Biraraday\u0131z\",\"publisher\":{\"@id\":\"https:\\\/\\\/anadolupet.com.tr\\\/#organization\"},\"potentialAction\":[{\"@type\":\"SearchAction\",\"target\":{\"@type\":\"EntryPoint\",\"urlTemplate\":\"https:\\\/\\\/anadolupet.com.tr\\\/?s={search_term_string}\"},\"query-input\":{\"@type\":\"PropertyValueSpecification\",\"valueRequired\":true,\"valueName\":\"search_term_string\"}}],\"inLanguage\":\"en-US\"},{\"@type\":\"Organization\",\"@id\":\"https:\\\/\\\/anadolupet.com.tr\\\/#organization\",\"name\":\"Anadolu Pet Grup\",\"alternateName\":\"Anadolu Pet\",\"url\":\"https:\\\/\\\/anadolupet.com.tr\\\/\",\"logo\":{\"@type\":\"ImageObject\",\"inLanguage\":\"en-US\",\"@id\":\"https:\\\/\\\/anadolupet.com.tr\\\/#\\\/schema\\\/logo\\\/image\\\/\",\"url\":\"https:\\\/\\\/anadolupet.com.tr\\\/wp-content\\\/uploads\\\/2026\\\/03\\\/1614666743370.jpg\",\"contentUrl\":\"https:\\\/\\\/anadolupet.com.tr\\\/wp-content\\\/uploads\\\/2026\\\/03\\\/1614666743370.jpg\",\"width\":800,\"height\":571,\"caption\":\"Anadolu Pet Grup\"},\"image\":{\"@id\":\"https:\\\/\\\/anadolupet.com.tr\\\/#\\\/schema\\\/logo\\\/image\\\/\"}}]}<\/script>\n<!-- \/ Yoast SEO plugin. -->","yoast_head_json":{"title":"Animonda GranCarno Elmal\u0131 Geyikli Yeti\u015fkin K\u00f6pek Konservesi 400g - Anadolu Pet Grup","robots":{"index":"index","follow":"follow","max-snippet":"max-snippet:-1","max-image-preview":"max-image-preview:large","max-video-preview":"max-video-preview:-1"},"canonical":"https:\/\/anadolupet.com.tr\/en\/product\/animonda-grancarno-elmali-geyikli-yetiskin-kopek-konservesi-400g\/","og_locale":"en_US","og_type":"article","og_title":"Animonda GranCarno Elmal\u0131 Geyikli Yeti\u015fkin K\u00f6pek Konservesi 400g - Anadolu Pet Grup","og_description":"Animonda Gran Carno Elmal\u0131 Geyikli Yeti\u015fkin K\u00f6pek Konservesi 400gr, yeti\u015fkin k\u00f6peklerin beslenmesi i\u00e7in \u00f6zel olarak form\u00fcle edilmi\u015f, s\u0131\u011f\u0131r ve geyik eti kombinasyonu ile haz\u0131rlanm\u0131\u015f premium ya\u015f konserve k\u00f6pek mamas\u0131d\u0131r. \u0130\u00e7eri\u011findeki elma p\u00fcresi ile sindirimi kolayla\u015ft\u0131r\u0131r ve lezzet zenginli\u011fi sunar. Tah\u0131ls\u0131z form\u00fcl\u00fc ile hassas sindirim sistemine sahip k\u00f6pekler i\u00e7in idealdir. Geyik etinin do\u011fal tad\u0131n\u0131 ta\u015f\u0131yan bu k\u00f6pek konserve mamas\u0131, %100 taze et i\u00e7eri\u011fiyle k\u00f6pe\u011finizin en iyi \u015fekilde beslenmesini garanti eder.Taze et par\u00e7alar\u0131yla haz\u0131rlanan bu \u00f6zel k\u00f6pek mamas\u0131 konserve form\u00fcl\u00fc, yapay renklendirici, koruyucu ve tah\u0131l i\u00e7ermez. Tek ba\u015f\u0131na tam \u00f6\u011f\u00fcn olarak sunulabilen bu konserve mama, sindirim sistemi hassas olan ve farkl\u0131 lezzetler denemeyi seven yeti\u015fkin k\u00f6pekler i\u00e7in idealdir. GranCarno serisinin kalitesini yans\u0131tan bu Animonda ya\u015f mama, y\u00fcksek nem oran\u0131yla k\u00f6pe\u011finizin hidrasyonunu desteklerken \u00f6\u011f\u00fcnlerini daha i\u015ftah a\u00e7\u0131c\u0131 hale getirir. Hayvansal proteinin yan\u0131 s\u0131ra do\u011fal vitaminler ve mineraller de sunan bu lezzetli konserve ya\u015f mama, k\u00f6pe\u011finizin g\u00fcnl\u00fck canl\u0131l\u0131\u011f\u0131n\u0131, ba\u011f\u0131\u015f\u0131kl\u0131k sistemini ve sa\u011fl\u0131kl\u0131 deri\/t\u00fcy yap\u0131s\u0131n\u0131 desteklemek i\u00e7in \u00f6zel olarak \u00fcretilmi\u015ftir \u00d6ne \u00e7\u0131kan \u00f6zellikleri; Egzotik Protein Kayna\u011f\u0131: Geyik eti ile zenginle\u015ftirilmi\u015f, farkl\u0131 lezzet arayan k\u00f6pekler i\u00e7in m\u00fckemmeldir. Meyve Katk\u0131s\u0131: Elma i\u00e7eri\u011fi sayesinde do\u011fal vitamin ve lif deste\u011fi sa\u011flar, sindirime yard\u0131mc\u0131 olur. Yeti\u015fkin Form\u00fcl\u00fc: Yeti\u015fkin k\u00f6peklerin enerji ve besin gereksinimlerine g\u00f6re dengelenmi\u015f tam bir \u00f6\u011f\u00fcnd\u00fcr. Tah\u0131ls\u0131z ve Soya \u0130\u00e7ermez: Hassas sindirim sistemine sahip k\u00f6pekler i\u00e7in uygundur. Do\u011fal Lezzet: Taze et i\u00e7eri\u011fi ve do\u011fal malzemelerle e\u015fsiz bir lezzet sunar. Animonda Gran Carno Elmal\u0131 Geyikli Yeti\u015fkin K\u00f6pek Konservesi Avantajlar\u0131; Do\u011fal Beslenme Sa\u011flar: Ger\u00e7ek s\u0131\u011f\u0131r ve geyik etiyle k\u00f6pe\u011finizin do\u011fal beslenme ihtiyac\u0131n\u0131 kar\u015f\u0131lar. Y\u00fcksek Protein Deste\u011fi Sunar: Kas yap\u0131s\u0131n\u0131n korunmas\u0131na ve g\u00fc\u00e7l\u00fc bir v\u00fccut formuna katk\u0131 sa\u011flar. Enerji Seviyesini Y\u00fckseltir: G\u00fcnl\u00fck aktivite ve hareketlili\u011fi destekler. Sindirim Sistemini Rahatlat\u0131r: Tah\u0131ls\u0131z yap\u0131s\u0131 sayesinde kolay sindirilir. Ba\u011f\u0131\u015f\u0131kl\u0131\u011f\u0131 G\u00fc\u00e7lendirir: Elma i\u00e7eri\u011fiyle do\u011fal vitamin ve antioksidan deste\u011fi sunar. Katk\u0131s\u0131z Beslenme \u0130mk\u00e2n\u0131 Verir: Yapay renklendirici, tatland\u0131r\u0131c\u0131 ve koruyucu i\u00e7ermez. Mama i\u00e7eri\u011fi; S\u0131\u011f\u0131r eti %47 (et, akci\u011fer, karaci\u011fer, meme, b\u00f6brek, kalp), Geyik eti (%15), Elma (%6), Kalsiyum, karbonat, Sodyum klor\u00fcr. Analitik bile\u015fenler; Protein %11 Ya\u011f %8 Ham Sel\u00fcloz %0,5 Ham K\u00fcl %2 Nem %77","og_url":"https:\/\/anadolupet.com.tr\/en\/product\/animonda-grancarno-elmali-geyikli-yetiskin-kopek-konservesi-400g\/","og_site_name":"Anadolu Pet Grup","article_modified_time":"2026-02-23T12:47:44+00:00","og_image":[{"width":750,"height":750,"url":"https:\/\/anadolupet.com.tr\/wp-content\/uploads\/2026\/02\/200-082479.jpg","type":"image\/jpeg"}],"twitter_card":"summary_large_image","schema":{"@context":"https:\/\/schema.org","@graph":[{"@type":"WebPage","@id":"https:\/\/anadolupet.com.tr\/urun\/animonda-grancarno-elmali-geyikli-yetiskin-kopek-konservesi-400g\/","url":"https:\/\/anadolupet.com.tr\/urun\/animonda-grancarno-elmali-geyikli-yetiskin-kopek-konservesi-400g\/","name":"Animonda GranCarno Elmal\u0131 Geyikli Yeti\u015fkin K\u00f6pek Konservesi 400g - Anadolu Pet Grup","isPartOf":{"@id":"https:\/\/anadolupet.com.tr\/#website"},"primaryImageOfPage":{"@id":"https:\/\/anadolupet.com.tr\/urun\/animonda-grancarno-elmali-geyikli-yetiskin-kopek-konservesi-400g\/#primaryimage"},"image":{"@id":"https:\/\/anadolupet.com.tr\/urun\/animonda-grancarno-elmali-geyikli-yetiskin-kopek-konservesi-400g\/#primaryimage"},"thumbnailUrl":"https:\/\/anadolupet.com.tr\/wp-content\/uploads\/2026\/02\/200-082479.jpg","datePublished":"2026-02-14T14:39:10+00:00","dateModified":"2026-02-23T12:47:44+00:00","breadcrumb":{"@id":"https:\/\/anadolupet.com.tr\/urun\/animonda-grancarno-elmali-geyikli-yetiskin-kopek-konservesi-400g\/#breadcrumb"},"inLanguage":"en-US","potentialAction":[{"@type":"ReadAction","target":["https:\/\/anadolupet.com.tr\/urun\/animonda-grancarno-elmali-geyikli-yetiskin-kopek-konservesi-400g\/"]}]},{"@type":"ImageObject","inLanguage":"en-US","@id":"https:\/\/anadolupet.com.tr\/urun\/animonda-grancarno-elmali-geyikli-yetiskin-kopek-konservesi-400g\/#primaryimage","url":"https:\/\/anadolupet.com.tr\/wp-content\/uploads\/2026\/02\/200-082479.jpg","contentUrl":"https:\/\/anadolupet.com.tr\/wp-content\/uploads\/2026\/02\/200-082479.jpg","width":750,"height":750},{"@type":"BreadcrumbList","@id":"https:\/\/anadolupet.com.tr\/urun\/animonda-grancarno-elmali-geyikli-yetiskin-kopek-konservesi-400g\/#breadcrumb","itemListElement":[{"@type":"ListItem","position":1,"name":"Anasayfa","item":"https:\/\/anadolupet.com.tr\/"},{"@type":"ListItem","position":2,"name":"\u00dcr\u00fcnler","item":"https:\/\/anadolupet.com.tr\/urunler\/"},{"@type":"ListItem","position":3,"name":"Animonda GranCarno Elmal\u0131 Geyikli Yeti\u015fkin K\u00f6pek Konservesi 400g"}]},{"@type":"WebSite","@id":"https:\/\/anadolupet.com.tr\/#website","url":"https:\/\/anadolupet.com.tr\/","name":"Anadolu Pet Group","description":"We Stand Together for the Well-Being of Every Life","publisher":{"@id":"https:\/\/anadolupet.com.tr\/#organization"},"potentialAction":[{"@type":"SearchAction","target":{"@type":"EntryPoint","urlTemplate":"https:\/\/anadolupet.com.tr\/?s={search_term_string}"},"query-input":{"@type":"PropertyValueSpecification","valueRequired":true,"valueName":"search_term_string"}}],"inLanguage":"en-US"},{"@type":"Organization","@id":"https:\/\/anadolupet.com.tr\/#organization","name":"Anadolu Pet Group","alternateName":"Anadolu Pet","url":"https:\/\/anadolupet.com.tr\/","logo":{"@type":"ImageObject","inLanguage":"en-US","@id":"https:\/\/anadolupet.com.tr\/#\/schema\/logo\/image\/","url":"https:\/\/anadolupet.com.tr\/wp-content\/uploads\/2026\/03\/1614666743370.jpg","contentUrl":"https:\/\/anadolupet.com.tr\/wp-content\/uploads\/2026\/03\/1614666743370.jpg","width":800,"height":571,"caption":"Anadolu Pet Grup"},"image":{"@id":"https:\/\/anadolupet.com.tr\/#\/schema\/logo\/image\/"}}]}},"_links":{"self":[{"href":"https:\/\/anadolupet.com.tr\/en\/wp-json\/wp\/v2\/product\/44597","targetHints":{"allow":["GET"]}}],"collection":[{"href":"https:\/\/anadolupet.com.tr\/en\/wp-json\/wp\/v2\/product"}],"about":[{"href":"https:\/\/anadolupet.com.tr\/en\/wp-json\/wp\/v2\/types\/product"}],"replies":[{"embeddable":true,"href":"https:\/\/anadolupet.com.tr\/en\/wp-json\/wp\/v2\/comments?post=44597"}],"wp:featuredmedia":[{"embeddable":true,"href":"https:\/\/anadolupet.com.tr\/en\/wp-json\/wp\/v2\/media\/42825"}],"wp:attachment":[{"href":"https:\/\/anadolupet.com.tr\/en\/wp-json\/wp\/v2\/media?parent=44597"}],"wp:term":[{"taxonomy":"product_brand","embeddable":true,"href":"https:\/\/anadolupet.com.tr\/en\/wp-json\/wp\/v2\/product_brand?post=44597"},{"taxonomy":"product_cat","embeddable":true,"href":"https:\/\/anadolupet.com.tr\/en\/wp-json\/wp\/v2\/product_cat?post=44597"},{"taxonomy":"product_tag","embeddable":true,"href":"https:\/\/anadolupet.com.tr\/en\/wp-json\/wp\/v2\/product_tag?post=44597"}],"curies":[{"name":"wp","href":"https:\/\/api.w.org\/{rel}","templated":true}]}}