{"id":44599,"date":"2026-02-14T14:39:10","date_gmt":"2026-02-14T14:39:10","guid":{"rendered":"https:\/\/anadolupet.com.tr\/urun\/animonda-grancarno-hindili-yavru-kopek-konservesi-400g-2\/"},"modified":"2026-02-23T12:47:45","modified_gmt":"2026-02-23T12:47:45","slug":"animonda-grancarno-hindili-yavru-kopek-konservesi-400g-2","status":"publish","type":"product","link":"https:\/\/anadolupet.com.tr\/en\/urun\/animonda-grancarno-hindili-yavru-kopek-konservesi-400g-2\/","title":{"rendered":"Animonda GranCarno Turkey Puppy Canned Food 400g"},"content":{"rendered":"","protected":false},"excerpt":{"rendered":"<p>GranCarno Junior Hindi Etli: Yavru K\u00f6pekler \u0130\u00e7in \u0130deal Beslenme<br \/>\nGranCarno Junior Hindi Etli, ilk ya\u015f\u0131ndaki yavru k\u00f6pekler i\u00e7in dengeli, lezzetli ve sa\u011fl\u0131kl\u0131 bir beslenme sunar.<br \/>\nKaliteli \u0130\u00e7erik: Se\u00e7ilmi\u015f taze et par\u00e7alar\u0131, k\u00f6peklerin sevdi\u011fi e\u015fsiz lezzeti garanti eder.<br \/>\nYavru Dostu: K\u00fc\u00e7\u00fck et par\u00e7alar\u0131, b\u00fcy\u00fcyen k\u00f6peklerin beslenme ihtiya\u00e7lar\u0131na m\u00fckemmel uyum sa\u011flar.<br \/>\nGranCarno Junior Hindi Etli ile yavrunuza en iyisini sunun!<br \/>\n\u0130\u00e7indekiler:<br \/>\n\u2022 53% Domuz Eti (kalp, karaci\u011fer, akci\u011fer, et)<br \/>\n\u2022 28,5% Hindi Suyu<br \/>\n\u2022 15% Hindi Eti (kalp, mide, boyun)<br \/>\n\u2022 Mineraller<br \/>\n\u2022 Aspir Ya\u011f\u0131<br \/>\n\u2022 Somon Ya\u011f\u0131<br \/>\nAnalitik Bile\u015fenler:<br \/>\n\u2022 Protein: %11<br \/>\n\u2022 Ya\u011f Oran\u0131: %5<br \/>\n\u2022 Ham Sel\u00fcloz (Lif): %0,3<br \/>\n\u2022 Ham K\u00fcl (Mineral Madde): %2,4<br \/>\n\u2022 Nem (Su Oran\u0131): %79<br \/>\nBeslenme Fizyolojisi A\u00e7\u0131s\u0131ndan \u0130lave Maddeler (kg ba\u015f\u0131na):<br \/>\n\u2022 200 IU D3 Vitamini<br \/>\n\u2022 0,5 mg Mangan s\u00fclfat monohidrat<br \/>\n\u2022 1,4 mg \u00c7inko s\u00fclfat monohidrat<br \/>\n\u2022 25 mg Bak\u0131r s\u00fclfat pentahidrat<br \/>\nG\u00fcnl\u00fck Mama Miktar\u0131 (kg ba\u015f\u0131na):<br \/>\nK\u00f6pe\u011fin A\u011f\u0131rl\u0131\u011f\u0131 Ya\u015f G\u00fcnl\u00fck Mama Miktar\u0131<br \/>\n1,1 &#8211; 2,2 kg 3 ay | 200 &#8211; 340 g<br \/>\n2,6 &#8211; 3,7 kg 4 ay | 385 &#8211; 500 g<br \/>\n2,6 &#8211; 3,7 kg 5-6 ay | 410 g<br \/>\n2,6 &#8211; 3,7 kg >6 ay | 425 g<br \/>\n5,2 &#8211; 7 kg 5-6 ay | 690 g<br \/>\n5,2 &#8211; 7 kg >6 ay | 785 g<br \/>\n\u00d6zellikler:<br \/>\n\u2022 Tam Mama: Yavru k\u00f6pekler i\u00e7in tek ba\u015f\u0131na beslenme<br \/>\n\u2022 Tah\u0131ls\u0131z ve \u015eekersiz: \u0130\u00e7eri\u011finde tah\u0131l ve \u015feker bulunmaz<br \/>\n\u2022 Glutensiz: Glutensiz form\u00fclasyon<br \/>\n\u2022 So\u011fuk \u0130\u015flem: Besin de\u011ferlerinin korunmas\u0131 i\u00e7in so\u011fuk i\u015flemle haz\u0131rlanm\u0131\u015f<br \/>\n\u2022 Yapay Renklendirici ve Koruyucu \u0130\u00e7ermez: Do\u011fal i\u00e7eriklerle haz\u0131rlanm\u0131\u015ft\u0131r<\/p>","protected":false},"featured_media":42823,"comment_status":"open","ping_status":"closed","template":"","meta":{"_acf_changed":false},"product_brand":[],"product_cat":[2450],"product_tag":[],"class_list":{"0":"post-44599","1":"product","2":"type-product","3":"status-publish","4":"has-post-thumbnail","6":"product_cat-kopek-konserveleri","8":"first","9":"instock","10":"shipping-taxable","11":"product-type-simple"},"acf":[],"yoast_head":"<!-- This site is optimized with the Yoast SEO plugin v27.5 - https:\/\/yoast.com\/product\/yoast-seo-wordpress\/ -->\n<title>Animonda GranCarno Hindili Yavru K\u00f6pek Konservesi 400g - Anadolu Pet Grup<\/title>\n<meta name=\"robots\" content=\"index, follow, max-snippet:-1, max-image-preview:large, max-video-preview:-1\" \/>\n<link rel=\"canonical\" href=\"https:\/\/anadolupet.com.tr\/en\/product\/animonda-grancarno-hindili-yavru-kopek-konservesi-400g-2\/\" \/>\n<meta property=\"og:locale\" content=\"en_US\" \/>\n<meta property=\"og:type\" content=\"article\" \/>\n<meta property=\"og:title\" content=\"Animonda GranCarno Hindili Yavru K\u00f6pek Konservesi 400g - Anadolu Pet Grup\" \/>\n<meta property=\"og:description\" content=\"GranCarno Junior Hindi Etli: Yavru K\u00f6pekler \u0130\u00e7in \u0130deal Beslenme GranCarno Junior Hindi Etli, ilk ya\u015f\u0131ndaki yavru k\u00f6pekler i\u00e7in dengeli, lezzetli ve sa\u011fl\u0131kl\u0131 bir beslenme sunar. Kaliteli \u0130\u00e7erik: Se\u00e7ilmi\u015f taze et par\u00e7alar\u0131, k\u00f6peklerin sevdi\u011fi e\u015fsiz lezzeti garanti eder. Yavru Dostu: K\u00fc\u00e7\u00fck et par\u00e7alar\u0131, b\u00fcy\u00fcyen k\u00f6peklerin beslenme ihtiya\u00e7lar\u0131na m\u00fckemmel uyum sa\u011flar. GranCarno Junior Hindi Etli ile yavrunuza en iyisini sunun! \u0130\u00e7indekiler: \u2022 53% Domuz Eti (kalp, karaci\u011fer, akci\u011fer, et) \u2022 28,5% Hindi Suyu \u2022 15% Hindi Eti (kalp, mide, boyun) \u2022 Mineraller \u2022 Aspir Ya\u011f\u0131 \u2022 Somon Ya\u011f\u0131 Analitik Bile\u015fenler: \u2022 Protein: %11 \u2022 Ya\u011f Oran\u0131: %5 \u2022 Ham Sel\u00fcloz (Lif): %0,3 \u2022 Ham K\u00fcl (Mineral Madde): %2,4 \u2022 Nem (Su Oran\u0131): %79 Beslenme Fizyolojisi A\u00e7\u0131s\u0131ndan \u0130lave Maddeler (kg ba\u015f\u0131na): \u2022 200 IU D3 Vitamini \u2022 0,5 mg Mangan s\u00fclfat monohidrat \u2022 1,4 mg \u00c7inko s\u00fclfat monohidrat \u2022 25 mg Bak\u0131r s\u00fclfat pentahidrat G\u00fcnl\u00fck Mama Miktar\u0131 (kg ba\u015f\u0131na): K\u00f6pe\u011fin A\u011f\u0131rl\u0131\u011f\u0131 Ya\u015f G\u00fcnl\u00fck Mama Miktar\u0131 1,1 - 2,2 kg 3 ay | 200 - 340 g 2,6 - 3,7 kg 4 ay | 385 - 500 g 2,6 - 3,7 kg 5-6 ay | 410 g 2,6 - 3,7 kg &gt;6 ay | 425 g 5,2 - 7 kg 5-6 ay | 690 g 5,2 - 7 kg &gt;6 ay | 785 g \u00d6zellikler: \u2022 Tam Mama: Yavru k\u00f6pekler i\u00e7in tek ba\u015f\u0131na beslenme \u2022 Tah\u0131ls\u0131z ve \u015eekersiz: \u0130\u00e7eri\u011finde tah\u0131l ve \u015feker bulunmaz \u2022 Glutensiz: Glutensiz form\u00fclasyon \u2022 So\u011fuk \u0130\u015flem: Besin de\u011ferlerinin korunmas\u0131 i\u00e7in so\u011fuk i\u015flemle haz\u0131rlanm\u0131\u015f \u2022 Yapay Renklendirici ve Koruyucu \u0130\u00e7ermez: Do\u011fal i\u00e7eriklerle haz\u0131rlanm\u0131\u015ft\u0131r\" \/>\n<meta property=\"og:url\" content=\"https:\/\/anadolupet.com.tr\/en\/product\/animonda-grancarno-hindili-yavru-kopek-konservesi-400g-2\/\" \/>\n<meta property=\"og:site_name\" content=\"Anadolu Pet Grup\" \/>\n<meta property=\"article:modified_time\" content=\"2026-02-23T12:47:45+00:00\" \/>\n<meta property=\"og:image\" content=\"https:\/\/anadolupet.com.tr\/wp-content\/uploads\/2026\/02\/200-082474.jpg\" \/>\n\t<meta property=\"og:image:width\" content=\"750\" \/>\n\t<meta property=\"og:image:height\" content=\"750\" \/>\n\t<meta property=\"og:image:type\" content=\"image\/jpeg\" \/>\n<meta name=\"twitter:card\" content=\"summary_large_image\" \/>\n<script type=\"application\/ld+json\" class=\"yoast-schema-graph\">{\"@context\":\"https:\\\/\\\/schema.org\",\"@graph\":[{\"@type\":\"WebPage\",\"@id\":\"https:\\\/\\\/anadolupet.com.tr\\\/urun\\\/animonda-grancarno-hindili-yavru-kopek-konservesi-400g-2\\\/\",\"url\":\"https:\\\/\\\/anadolupet.com.tr\\\/urun\\\/animonda-grancarno-hindili-yavru-kopek-konservesi-400g-2\\\/\",\"name\":\"Animonda GranCarno Hindili Yavru K\u00f6pek Konservesi 400g - Anadolu Pet Grup\",\"isPartOf\":{\"@id\":\"https:\\\/\\\/anadolupet.com.tr\\\/#website\"},\"primaryImageOfPage\":{\"@id\":\"https:\\\/\\\/anadolupet.com.tr\\\/urun\\\/animonda-grancarno-hindili-yavru-kopek-konservesi-400g-2\\\/#primaryimage\"},\"image\":{\"@id\":\"https:\\\/\\\/anadolupet.com.tr\\\/urun\\\/animonda-grancarno-hindili-yavru-kopek-konservesi-400g-2\\\/#primaryimage\"},\"thumbnailUrl\":\"https:\\\/\\\/anadolupet.com.tr\\\/wp-content\\\/uploads\\\/2026\\\/02\\\/200-082474.jpg\",\"datePublished\":\"2026-02-14T14:39:10+00:00\",\"dateModified\":\"2026-02-23T12:47:45+00:00\",\"breadcrumb\":{\"@id\":\"https:\\\/\\\/anadolupet.com.tr\\\/urun\\\/animonda-grancarno-hindili-yavru-kopek-konservesi-400g-2\\\/#breadcrumb\"},\"inLanguage\":\"en-US\",\"potentialAction\":[{\"@type\":\"ReadAction\",\"target\":[\"https:\\\/\\\/anadolupet.com.tr\\\/urun\\\/animonda-grancarno-hindili-yavru-kopek-konservesi-400g-2\\\/\"]}]},{\"@type\":\"ImageObject\",\"inLanguage\":\"en-US\",\"@id\":\"https:\\\/\\\/anadolupet.com.tr\\\/urun\\\/animonda-grancarno-hindili-yavru-kopek-konservesi-400g-2\\\/#primaryimage\",\"url\":\"https:\\\/\\\/anadolupet.com.tr\\\/wp-content\\\/uploads\\\/2026\\\/02\\\/200-082474.jpg\",\"contentUrl\":\"https:\\\/\\\/anadolupet.com.tr\\\/wp-content\\\/uploads\\\/2026\\\/02\\\/200-082474.jpg\",\"width\":750,\"height\":750},{\"@type\":\"BreadcrumbList\",\"@id\":\"https:\\\/\\\/anadolupet.com.tr\\\/urun\\\/animonda-grancarno-hindili-yavru-kopek-konservesi-400g-2\\\/#breadcrumb\",\"itemListElement\":[{\"@type\":\"ListItem\",\"position\":1,\"name\":\"Anasayfa\",\"item\":\"https:\\\/\\\/anadolupet.com.tr\\\/\"},{\"@type\":\"ListItem\",\"position\":2,\"name\":\"\u00dcr\u00fcnler\",\"item\":\"https:\\\/\\\/anadolupet.com.tr\\\/urunler\\\/\"},{\"@type\":\"ListItem\",\"position\":3,\"name\":\"Animonda GranCarno Hindili Yavru K\u00f6pek Konservesi 400g\"}]},{\"@type\":\"WebSite\",\"@id\":\"https:\\\/\\\/anadolupet.com.tr\\\/#website\",\"url\":\"https:\\\/\\\/anadolupet.com.tr\\\/\",\"name\":\"Anadolu Pet Grup\",\"description\":\"Her Can\u0131n \u0130yi Ya\u015fam\u0131 \u0130\u00e7in Biraraday\u0131z\",\"publisher\":{\"@id\":\"https:\\\/\\\/anadolupet.com.tr\\\/#organization\"},\"potentialAction\":[{\"@type\":\"SearchAction\",\"target\":{\"@type\":\"EntryPoint\",\"urlTemplate\":\"https:\\\/\\\/anadolupet.com.tr\\\/?s={search_term_string}\"},\"query-input\":{\"@type\":\"PropertyValueSpecification\",\"valueRequired\":true,\"valueName\":\"search_term_string\"}}],\"inLanguage\":\"en-US\"},{\"@type\":\"Organization\",\"@id\":\"https:\\\/\\\/anadolupet.com.tr\\\/#organization\",\"name\":\"Anadolu Pet Grup\",\"alternateName\":\"Anadolu Pet\",\"url\":\"https:\\\/\\\/anadolupet.com.tr\\\/\",\"logo\":{\"@type\":\"ImageObject\",\"inLanguage\":\"en-US\",\"@id\":\"https:\\\/\\\/anadolupet.com.tr\\\/#\\\/schema\\\/logo\\\/image\\\/\",\"url\":\"https:\\\/\\\/anadolupet.com.tr\\\/wp-content\\\/uploads\\\/2026\\\/03\\\/1614666743370.jpg\",\"contentUrl\":\"https:\\\/\\\/anadolupet.com.tr\\\/wp-content\\\/uploads\\\/2026\\\/03\\\/1614666743370.jpg\",\"width\":800,\"height\":571,\"caption\":\"Anadolu Pet Grup\"},\"image\":{\"@id\":\"https:\\\/\\\/anadolupet.com.tr\\\/#\\\/schema\\\/logo\\\/image\\\/\"}}]}<\/script>\n<!-- \/ Yoast SEO plugin. -->","yoast_head_json":{"title":"Animonda GranCarno Hindili Yavru K\u00f6pek Konservesi 400g - Anadolu Pet Grup","robots":{"index":"index","follow":"follow","max-snippet":"max-snippet:-1","max-image-preview":"max-image-preview:large","max-video-preview":"max-video-preview:-1"},"canonical":"https:\/\/anadolupet.com.tr\/en\/product\/animonda-grancarno-hindili-yavru-kopek-konservesi-400g-2\/","og_locale":"en_US","og_type":"article","og_title":"Animonda GranCarno Hindili Yavru K\u00f6pek Konservesi 400g - Anadolu Pet Grup","og_description":"GranCarno Junior Hindi Etli: Yavru K\u00f6pekler \u0130\u00e7in \u0130deal Beslenme GranCarno Junior Hindi Etli, ilk ya\u015f\u0131ndaki yavru k\u00f6pekler i\u00e7in dengeli, lezzetli ve sa\u011fl\u0131kl\u0131 bir beslenme sunar. Kaliteli \u0130\u00e7erik: Se\u00e7ilmi\u015f taze et par\u00e7alar\u0131, k\u00f6peklerin sevdi\u011fi e\u015fsiz lezzeti garanti eder. Yavru Dostu: K\u00fc\u00e7\u00fck et par\u00e7alar\u0131, b\u00fcy\u00fcyen k\u00f6peklerin beslenme ihtiya\u00e7lar\u0131na m\u00fckemmel uyum sa\u011flar. GranCarno Junior Hindi Etli ile yavrunuza en iyisini sunun! \u0130\u00e7indekiler: \u2022 53% Domuz Eti (kalp, karaci\u011fer, akci\u011fer, et) \u2022 28,5% Hindi Suyu \u2022 15% Hindi Eti (kalp, mide, boyun) \u2022 Mineraller \u2022 Aspir Ya\u011f\u0131 \u2022 Somon Ya\u011f\u0131 Analitik Bile\u015fenler: \u2022 Protein: %11 \u2022 Ya\u011f Oran\u0131: %5 \u2022 Ham Sel\u00fcloz (Lif): %0,3 \u2022 Ham K\u00fcl (Mineral Madde): %2,4 \u2022 Nem (Su Oran\u0131): %79 Beslenme Fizyolojisi A\u00e7\u0131s\u0131ndan \u0130lave Maddeler (kg ba\u015f\u0131na): \u2022 200 IU D3 Vitamini \u2022 0,5 mg Mangan s\u00fclfat monohidrat \u2022 1,4 mg \u00c7inko s\u00fclfat monohidrat \u2022 25 mg Bak\u0131r s\u00fclfat pentahidrat G\u00fcnl\u00fck Mama Miktar\u0131 (kg ba\u015f\u0131na): K\u00f6pe\u011fin A\u011f\u0131rl\u0131\u011f\u0131 Ya\u015f G\u00fcnl\u00fck Mama Miktar\u0131 1,1 - 2,2 kg 3 ay | 200 - 340 g 2,6 - 3,7 kg 4 ay | 385 - 500 g 2,6 - 3,7 kg 5-6 ay | 410 g 2,6 - 3,7 kg >6 ay | 425 g 5,2 - 7 kg 5-6 ay | 690 g 5,2 - 7 kg >6 ay | 785 g \u00d6zellikler: \u2022 Tam Mama: Yavru k\u00f6pekler i\u00e7in tek ba\u015f\u0131na beslenme \u2022 Tah\u0131ls\u0131z ve \u015eekersiz: \u0130\u00e7eri\u011finde tah\u0131l ve \u015feker bulunmaz \u2022 Glutensiz: Glutensiz form\u00fclasyon \u2022 So\u011fuk \u0130\u015flem: Besin de\u011ferlerinin korunmas\u0131 i\u00e7in so\u011fuk i\u015flemle haz\u0131rlanm\u0131\u015f \u2022 Yapay Renklendirici ve Koruyucu \u0130\u00e7ermez: Do\u011fal i\u00e7eriklerle haz\u0131rlanm\u0131\u015ft\u0131r","og_url":"https:\/\/anadolupet.com.tr\/en\/product\/animonda-grancarno-hindili-yavru-kopek-konservesi-400g-2\/","og_site_name":"Anadolu Pet Grup","article_modified_time":"2026-02-23T12:47:45+00:00","og_image":[{"width":750,"height":750,"url":"https:\/\/anadolupet.com.tr\/wp-content\/uploads\/2026\/02\/200-082474.jpg","type":"image\/jpeg"}],"twitter_card":"summary_large_image","schema":{"@context":"https:\/\/schema.org","@graph":[{"@type":"WebPage","@id":"https:\/\/anadolupet.com.tr\/urun\/animonda-grancarno-hindili-yavru-kopek-konservesi-400g-2\/","url":"https:\/\/anadolupet.com.tr\/urun\/animonda-grancarno-hindili-yavru-kopek-konservesi-400g-2\/","name":"Animonda GranCarno Hindili Yavru K\u00f6pek Konservesi 400g - Anadolu Pet Grup","isPartOf":{"@id":"https:\/\/anadolupet.com.tr\/#website"},"primaryImageOfPage":{"@id":"https:\/\/anadolupet.com.tr\/urun\/animonda-grancarno-hindili-yavru-kopek-konservesi-400g-2\/#primaryimage"},"image":{"@id":"https:\/\/anadolupet.com.tr\/urun\/animonda-grancarno-hindili-yavru-kopek-konservesi-400g-2\/#primaryimage"},"thumbnailUrl":"https:\/\/anadolupet.com.tr\/wp-content\/uploads\/2026\/02\/200-082474.jpg","datePublished":"2026-02-14T14:39:10+00:00","dateModified":"2026-02-23T12:47:45+00:00","breadcrumb":{"@id":"https:\/\/anadolupet.com.tr\/urun\/animonda-grancarno-hindili-yavru-kopek-konservesi-400g-2\/#breadcrumb"},"inLanguage":"en-US","potentialAction":[{"@type":"ReadAction","target":["https:\/\/anadolupet.com.tr\/urun\/animonda-grancarno-hindili-yavru-kopek-konservesi-400g-2\/"]}]},{"@type":"ImageObject","inLanguage":"en-US","@id":"https:\/\/anadolupet.com.tr\/urun\/animonda-grancarno-hindili-yavru-kopek-konservesi-400g-2\/#primaryimage","url":"https:\/\/anadolupet.com.tr\/wp-content\/uploads\/2026\/02\/200-082474.jpg","contentUrl":"https:\/\/anadolupet.com.tr\/wp-content\/uploads\/2026\/02\/200-082474.jpg","width":750,"height":750},{"@type":"BreadcrumbList","@id":"https:\/\/anadolupet.com.tr\/urun\/animonda-grancarno-hindili-yavru-kopek-konservesi-400g-2\/#breadcrumb","itemListElement":[{"@type":"ListItem","position":1,"name":"Anasayfa","item":"https:\/\/anadolupet.com.tr\/"},{"@type":"ListItem","position":2,"name":"\u00dcr\u00fcnler","item":"https:\/\/anadolupet.com.tr\/urunler\/"},{"@type":"ListItem","position":3,"name":"Animonda GranCarno Hindili Yavru K\u00f6pek Konservesi 400g"}]},{"@type":"WebSite","@id":"https:\/\/anadolupet.com.tr\/#website","url":"https:\/\/anadolupet.com.tr\/","name":"Anadolu Pet Group","description":"We Stand Together for the Well-Being of Every Life","publisher":{"@id":"https:\/\/anadolupet.com.tr\/#organization"},"potentialAction":[{"@type":"SearchAction","target":{"@type":"EntryPoint","urlTemplate":"https:\/\/anadolupet.com.tr\/?s={search_term_string}"},"query-input":{"@type":"PropertyValueSpecification","valueRequired":true,"valueName":"search_term_string"}}],"inLanguage":"en-US"},{"@type":"Organization","@id":"https:\/\/anadolupet.com.tr\/#organization","name":"Anadolu Pet Group","alternateName":"Anadolu Pet","url":"https:\/\/anadolupet.com.tr\/","logo":{"@type":"ImageObject","inLanguage":"en-US","@id":"https:\/\/anadolupet.com.tr\/#\/schema\/logo\/image\/","url":"https:\/\/anadolupet.com.tr\/wp-content\/uploads\/2026\/03\/1614666743370.jpg","contentUrl":"https:\/\/anadolupet.com.tr\/wp-content\/uploads\/2026\/03\/1614666743370.jpg","width":800,"height":571,"caption":"Anadolu Pet Grup"},"image":{"@id":"https:\/\/anadolupet.com.tr\/#\/schema\/logo\/image\/"}}]}},"_links":{"self":[{"href":"https:\/\/anadolupet.com.tr\/en\/wp-json\/wp\/v2\/product\/44599","targetHints":{"allow":["GET"]}}],"collection":[{"href":"https:\/\/anadolupet.com.tr\/en\/wp-json\/wp\/v2\/product"}],"about":[{"href":"https:\/\/anadolupet.com.tr\/en\/wp-json\/wp\/v2\/types\/product"}],"replies":[{"embeddable":true,"href":"https:\/\/anadolupet.com.tr\/en\/wp-json\/wp\/v2\/comments?post=44599"}],"wp:featuredmedia":[{"embeddable":true,"href":"https:\/\/anadolupet.com.tr\/en\/wp-json\/wp\/v2\/media\/42823"}],"wp:attachment":[{"href":"https:\/\/anadolupet.com.tr\/en\/wp-json\/wp\/v2\/media?parent=44599"}],"wp:term":[{"taxonomy":"product_brand","embeddable":true,"href":"https:\/\/anadolupet.com.tr\/en\/wp-json\/wp\/v2\/product_brand?post=44599"},{"taxonomy":"product_cat","embeddable":true,"href":"https:\/\/anadolupet.com.tr\/en\/wp-json\/wp\/v2\/product_cat?post=44599"},{"taxonomy":"product_tag","embeddable":true,"href":"https:\/\/anadolupet.com.tr\/en\/wp-json\/wp\/v2\/product_tag?post=44599"}],"curies":[{"name":"wp","href":"https:\/\/api.w.org\/{rel}","templated":true}]}}