{"id":44600,"date":"2026-02-14T14:39:10","date_gmt":"2026-02-14T14:39:10","guid":{"rendered":"https:\/\/anadolupet.com.tr\/urun\/animonda-grancarno-hindili-yavru-kopek-konservesi-400g-51\/"},"modified":"2026-02-23T12:47:45","modified_gmt":"2026-02-23T12:47:45","slug":"animonda-grancarno-hindili-yavru-kopek-konservesi-400g-51","status":"publish","type":"product","link":"https:\/\/anadolupet.com.tr\/en\/urun\/animonda-grancarno-hindili-yavru-kopek-konservesi-400g-51\/","title":{"rendered":"Animonda GranCarno Turkey Puppy Canned Food 400g 5+1"},"content":{"rendered":"","protected":false},"excerpt":{"rendered":"<p>&#8220;GranCarno\u00ae Junior, yavrular\u0131n\u0131 ilk y\u0131llar\u0131nda b\u00fcy\u00fctmek i\u00e7in en iyi \u015fekilde lezzetli, sa\u011fl\u0131kl\u0131 ve dengeli beslenmeyi ifade eder. Se\u00e7ilen taze, etli malzemeler, k\u00f6peklerin \u00e7ok takdir etti\u011fi e\u015fsiz tad\u0131 garanti eder. GranCarno Junior &#8211; yavru k\u00f6pekler i\u00e7in do\u011fru olan k\u00fc\u00e7\u00fck, \u0131s\u0131r\u0131k b\u00fcy\u00fckl\u00fc\u011f\u00fcndeki et par\u00e7alar\u0131 ile &#8211; \u00f6zellikle b\u00fcy\u00fcyen yavrular\u0131n beslenme ihtiya\u00e7lar\u0131na g\u00f6re uyarlanm\u0131\u015ft\u0131r.<br \/>\n\u0130\u00e7indekiler:<br \/>\n%54 S\u0131\u011f\u0131r eti (et, karaci\u011fer, akci\u011fer, kalp, b\u00f6brek, hayvan memesi), %14 hindi y\u00fcre\u011fi, kalsiyum karbonat, %0,2 somon Ya\u011f\u0131, sodyum klor\u00fcr.<br \/>\nAnalitik Bile\u015fenler:<br \/>\nProtein %11<br \/>\nYa\u011f i\u00e7eri\u011fi %8<br \/>\nHam sel\u00fcloz %0,5<br \/>\nHam k\u00fcl %2<br \/>\nNem %77<br \/>\nBesinsel \u0130laveler (kg):<br \/>\n200 IU 3a671<br \/>\n0.75 mg 3b202<br \/>\n1,4 mg 3b503<br \/>\n25 mg 3b605&#8221;<\/p>","protected":false},"featured_media":42831,"comment_status":"open","ping_status":"closed","template":"","meta":{"_acf_changed":false},"product_brand":[],"product_cat":[2450],"product_tag":[],"class_list":{"0":"post-44600","1":"product","2":"type-product","3":"status-publish","4":"has-post-thumbnail","6":"product_cat-kopek-konserveleri","8":"first","9":"instock","10":"shipping-taxable","11":"product-type-simple"},"acf":[],"yoast_head":"<!-- This site is optimized with the Yoast SEO plugin v27.5 - https:\/\/yoast.com\/product\/yoast-seo-wordpress\/ -->\n<title>Animonda GranCarno Hindili Yavru K\u00f6pek Konservesi 400g 5+1 - Anadolu Pet Grup<\/title>\n<meta name=\"robots\" content=\"index, follow, max-snippet:-1, max-image-preview:large, max-video-preview:-1\" \/>\n<link rel=\"canonical\" href=\"https:\/\/anadolupet.com.tr\/en\/product\/animonda-grancarno-hindili-yavru-kopek-konservesi-400g-51\/\" \/>\n<meta property=\"og:locale\" content=\"en_US\" \/>\n<meta property=\"og:type\" content=\"article\" \/>\n<meta property=\"og:title\" content=\"Animonda GranCarno Hindili Yavru K\u00f6pek Konservesi 400g 5+1 - Anadolu Pet Grup\" \/>\n<meta property=\"og:description\" content=\"&quot;GranCarno\u00ae Junior, yavrular\u0131n\u0131 ilk y\u0131llar\u0131nda b\u00fcy\u00fctmek i\u00e7in en iyi \u015fekilde lezzetli, sa\u011fl\u0131kl\u0131 ve dengeli beslenmeyi ifade eder. Se\u00e7ilen taze, etli malzemeler, k\u00f6peklerin \u00e7ok takdir etti\u011fi e\u015fsiz tad\u0131 garanti eder. GranCarno Junior - yavru k\u00f6pekler i\u00e7in do\u011fru olan k\u00fc\u00e7\u00fck, \u0131s\u0131r\u0131k b\u00fcy\u00fckl\u00fc\u011f\u00fcndeki et par\u00e7alar\u0131 ile - \u00f6zellikle b\u00fcy\u00fcyen yavrular\u0131n beslenme ihtiya\u00e7lar\u0131na g\u00f6re uyarlanm\u0131\u015ft\u0131r. \u0130\u00e7indekiler: %54 S\u0131\u011f\u0131r eti (et, karaci\u011fer, akci\u011fer, kalp, b\u00f6brek, hayvan memesi), %14 hindi y\u00fcre\u011fi, kalsiyum karbonat, %0,2 somon Ya\u011f\u0131, sodyum klor\u00fcr. Analitik Bile\u015fenler: Protein %11 Ya\u011f i\u00e7eri\u011fi %8 Ham sel\u00fcloz %0,5 Ham k\u00fcl %2 Nem %77 Besinsel \u0130laveler (kg): 200 IU 3a671 0.75 mg 3b202 1,4 mg 3b503 25 mg 3b605&quot;\" \/>\n<meta property=\"og:url\" content=\"https:\/\/anadolupet.com.tr\/en\/product\/animonda-grancarno-hindili-yavru-kopek-konservesi-400g-51\/\" \/>\n<meta property=\"og:site_name\" content=\"Anadolu Pet Grup\" \/>\n<meta property=\"article:modified_time\" content=\"2026-02-23T12:47:45+00:00\" \/>\n<meta property=\"og:image\" content=\"https:\/\/anadolupet.com.tr\/wp-content\/uploads\/2026\/02\/200-082728-P.jpg\" \/>\n\t<meta property=\"og:image:width\" content=\"750\" \/>\n\t<meta property=\"og:image:height\" content=\"750\" \/>\n\t<meta property=\"og:image:type\" content=\"image\/jpeg\" \/>\n<meta name=\"twitter:card\" content=\"summary_large_image\" \/>\n<script type=\"application\/ld+json\" class=\"yoast-schema-graph\">{\"@context\":\"https:\\\/\\\/schema.org\",\"@graph\":[{\"@type\":\"WebPage\",\"@id\":\"https:\\\/\\\/anadolupet.com.tr\\\/urun\\\/animonda-grancarno-hindili-yavru-kopek-konservesi-400g-51\\\/\",\"url\":\"https:\\\/\\\/anadolupet.com.tr\\\/urun\\\/animonda-grancarno-hindili-yavru-kopek-konservesi-400g-51\\\/\",\"name\":\"Animonda GranCarno Hindili Yavru K\u00f6pek Konservesi 400g 5+1 - Anadolu Pet Grup\",\"isPartOf\":{\"@id\":\"https:\\\/\\\/anadolupet.com.tr\\\/#website\"},\"primaryImageOfPage\":{\"@id\":\"https:\\\/\\\/anadolupet.com.tr\\\/urun\\\/animonda-grancarno-hindili-yavru-kopek-konservesi-400g-51\\\/#primaryimage\"},\"image\":{\"@id\":\"https:\\\/\\\/anadolupet.com.tr\\\/urun\\\/animonda-grancarno-hindili-yavru-kopek-konservesi-400g-51\\\/#primaryimage\"},\"thumbnailUrl\":\"https:\\\/\\\/anadolupet.com.tr\\\/wp-content\\\/uploads\\\/2026\\\/02\\\/200-082728-P.jpg\",\"datePublished\":\"2026-02-14T14:39:10+00:00\",\"dateModified\":\"2026-02-23T12:47:45+00:00\",\"breadcrumb\":{\"@id\":\"https:\\\/\\\/anadolupet.com.tr\\\/urun\\\/animonda-grancarno-hindili-yavru-kopek-konservesi-400g-51\\\/#breadcrumb\"},\"inLanguage\":\"en-US\",\"potentialAction\":[{\"@type\":\"ReadAction\",\"target\":[\"https:\\\/\\\/anadolupet.com.tr\\\/urun\\\/animonda-grancarno-hindili-yavru-kopek-konservesi-400g-51\\\/\"]}]},{\"@type\":\"ImageObject\",\"inLanguage\":\"en-US\",\"@id\":\"https:\\\/\\\/anadolupet.com.tr\\\/urun\\\/animonda-grancarno-hindili-yavru-kopek-konservesi-400g-51\\\/#primaryimage\",\"url\":\"https:\\\/\\\/anadolupet.com.tr\\\/wp-content\\\/uploads\\\/2026\\\/02\\\/200-082728-P.jpg\",\"contentUrl\":\"https:\\\/\\\/anadolupet.com.tr\\\/wp-content\\\/uploads\\\/2026\\\/02\\\/200-082728-P.jpg\",\"width\":750,\"height\":750},{\"@type\":\"BreadcrumbList\",\"@id\":\"https:\\\/\\\/anadolupet.com.tr\\\/urun\\\/animonda-grancarno-hindili-yavru-kopek-konservesi-400g-51\\\/#breadcrumb\",\"itemListElement\":[{\"@type\":\"ListItem\",\"position\":1,\"name\":\"Anasayfa\",\"item\":\"https:\\\/\\\/anadolupet.com.tr\\\/\"},{\"@type\":\"ListItem\",\"position\":2,\"name\":\"\u00dcr\u00fcnler\",\"item\":\"https:\\\/\\\/anadolupet.com.tr\\\/urunler\\\/\"},{\"@type\":\"ListItem\",\"position\":3,\"name\":\"Animonda GranCarno Hindili Yavru K\u00f6pek Konservesi 400g 5+1\"}]},{\"@type\":\"WebSite\",\"@id\":\"https:\\\/\\\/anadolupet.com.tr\\\/#website\",\"url\":\"https:\\\/\\\/anadolupet.com.tr\\\/\",\"name\":\"Anadolu Pet Grup\",\"description\":\"Her Can\u0131n \u0130yi Ya\u015fam\u0131 \u0130\u00e7in Biraraday\u0131z\",\"publisher\":{\"@id\":\"https:\\\/\\\/anadolupet.com.tr\\\/#organization\"},\"potentialAction\":[{\"@type\":\"SearchAction\",\"target\":{\"@type\":\"EntryPoint\",\"urlTemplate\":\"https:\\\/\\\/anadolupet.com.tr\\\/?s={search_term_string}\"},\"query-input\":{\"@type\":\"PropertyValueSpecification\",\"valueRequired\":true,\"valueName\":\"search_term_string\"}}],\"inLanguage\":\"en-US\"},{\"@type\":\"Organization\",\"@id\":\"https:\\\/\\\/anadolupet.com.tr\\\/#organization\",\"name\":\"Anadolu Pet Grup\",\"alternateName\":\"Anadolu Pet\",\"url\":\"https:\\\/\\\/anadolupet.com.tr\\\/\",\"logo\":{\"@type\":\"ImageObject\",\"inLanguage\":\"en-US\",\"@id\":\"https:\\\/\\\/anadolupet.com.tr\\\/#\\\/schema\\\/logo\\\/image\\\/\",\"url\":\"https:\\\/\\\/anadolupet.com.tr\\\/wp-content\\\/uploads\\\/2026\\\/03\\\/1614666743370.jpg\",\"contentUrl\":\"https:\\\/\\\/anadolupet.com.tr\\\/wp-content\\\/uploads\\\/2026\\\/03\\\/1614666743370.jpg\",\"width\":800,\"height\":571,\"caption\":\"Anadolu Pet Grup\"},\"image\":{\"@id\":\"https:\\\/\\\/anadolupet.com.tr\\\/#\\\/schema\\\/logo\\\/image\\\/\"}}]}<\/script>\n<!-- \/ Yoast SEO plugin. -->","yoast_head_json":{"title":"Animonda GranCarno Hindili Yavru K\u00f6pek Konservesi 400g 5+1 - Anadolu Pet Grup","robots":{"index":"index","follow":"follow","max-snippet":"max-snippet:-1","max-image-preview":"max-image-preview:large","max-video-preview":"max-video-preview:-1"},"canonical":"https:\/\/anadolupet.com.tr\/en\/product\/animonda-grancarno-hindili-yavru-kopek-konservesi-400g-51\/","og_locale":"en_US","og_type":"article","og_title":"Animonda GranCarno Hindili Yavru K\u00f6pek Konservesi 400g 5+1 - Anadolu Pet Grup","og_description":"\"GranCarno\u00ae Junior, yavrular\u0131n\u0131 ilk y\u0131llar\u0131nda b\u00fcy\u00fctmek i\u00e7in en iyi \u015fekilde lezzetli, sa\u011fl\u0131kl\u0131 ve dengeli beslenmeyi ifade eder. Se\u00e7ilen taze, etli malzemeler, k\u00f6peklerin \u00e7ok takdir etti\u011fi e\u015fsiz tad\u0131 garanti eder. GranCarno Junior - yavru k\u00f6pekler i\u00e7in do\u011fru olan k\u00fc\u00e7\u00fck, \u0131s\u0131r\u0131k b\u00fcy\u00fckl\u00fc\u011f\u00fcndeki et par\u00e7alar\u0131 ile - \u00f6zellikle b\u00fcy\u00fcyen yavrular\u0131n beslenme ihtiya\u00e7lar\u0131na g\u00f6re uyarlanm\u0131\u015ft\u0131r. \u0130\u00e7indekiler: %54 S\u0131\u011f\u0131r eti (et, karaci\u011fer, akci\u011fer, kalp, b\u00f6brek, hayvan memesi), %14 hindi y\u00fcre\u011fi, kalsiyum karbonat, %0,2 somon Ya\u011f\u0131, sodyum klor\u00fcr. Analitik Bile\u015fenler: Protein %11 Ya\u011f i\u00e7eri\u011fi %8 Ham sel\u00fcloz %0,5 Ham k\u00fcl %2 Nem %77 Besinsel \u0130laveler (kg): 200 IU 3a671 0.75 mg 3b202 1,4 mg 3b503 25 mg 3b605\"","og_url":"https:\/\/anadolupet.com.tr\/en\/product\/animonda-grancarno-hindili-yavru-kopek-konservesi-400g-51\/","og_site_name":"Anadolu Pet Grup","article_modified_time":"2026-02-23T12:47:45+00:00","og_image":[{"width":750,"height":750,"url":"https:\/\/anadolupet.com.tr\/wp-content\/uploads\/2026\/02\/200-082728-P.jpg","type":"image\/jpeg"}],"twitter_card":"summary_large_image","schema":{"@context":"https:\/\/schema.org","@graph":[{"@type":"WebPage","@id":"https:\/\/anadolupet.com.tr\/urun\/animonda-grancarno-hindili-yavru-kopek-konservesi-400g-51\/","url":"https:\/\/anadolupet.com.tr\/urun\/animonda-grancarno-hindili-yavru-kopek-konservesi-400g-51\/","name":"Animonda GranCarno Hindili Yavru K\u00f6pek Konservesi 400g 5+1 - Anadolu Pet Grup","isPartOf":{"@id":"https:\/\/anadolupet.com.tr\/#website"},"primaryImageOfPage":{"@id":"https:\/\/anadolupet.com.tr\/urun\/animonda-grancarno-hindili-yavru-kopek-konservesi-400g-51\/#primaryimage"},"image":{"@id":"https:\/\/anadolupet.com.tr\/urun\/animonda-grancarno-hindili-yavru-kopek-konservesi-400g-51\/#primaryimage"},"thumbnailUrl":"https:\/\/anadolupet.com.tr\/wp-content\/uploads\/2026\/02\/200-082728-P.jpg","datePublished":"2026-02-14T14:39:10+00:00","dateModified":"2026-02-23T12:47:45+00:00","breadcrumb":{"@id":"https:\/\/anadolupet.com.tr\/urun\/animonda-grancarno-hindili-yavru-kopek-konservesi-400g-51\/#breadcrumb"},"inLanguage":"en-US","potentialAction":[{"@type":"ReadAction","target":["https:\/\/anadolupet.com.tr\/urun\/animonda-grancarno-hindili-yavru-kopek-konservesi-400g-51\/"]}]},{"@type":"ImageObject","inLanguage":"en-US","@id":"https:\/\/anadolupet.com.tr\/urun\/animonda-grancarno-hindili-yavru-kopek-konservesi-400g-51\/#primaryimage","url":"https:\/\/anadolupet.com.tr\/wp-content\/uploads\/2026\/02\/200-082728-P.jpg","contentUrl":"https:\/\/anadolupet.com.tr\/wp-content\/uploads\/2026\/02\/200-082728-P.jpg","width":750,"height":750},{"@type":"BreadcrumbList","@id":"https:\/\/anadolupet.com.tr\/urun\/animonda-grancarno-hindili-yavru-kopek-konservesi-400g-51\/#breadcrumb","itemListElement":[{"@type":"ListItem","position":1,"name":"Anasayfa","item":"https:\/\/anadolupet.com.tr\/"},{"@type":"ListItem","position":2,"name":"\u00dcr\u00fcnler","item":"https:\/\/anadolupet.com.tr\/urunler\/"},{"@type":"ListItem","position":3,"name":"Animonda GranCarno Hindili Yavru K\u00f6pek Konservesi 400g 5+1"}]},{"@type":"WebSite","@id":"https:\/\/anadolupet.com.tr\/#website","url":"https:\/\/anadolupet.com.tr\/","name":"Anadolu Pet Group","description":"We Stand Together for the Well-Being of Every Life","publisher":{"@id":"https:\/\/anadolupet.com.tr\/#organization"},"potentialAction":[{"@type":"SearchAction","target":{"@type":"EntryPoint","urlTemplate":"https:\/\/anadolupet.com.tr\/?s={search_term_string}"},"query-input":{"@type":"PropertyValueSpecification","valueRequired":true,"valueName":"search_term_string"}}],"inLanguage":"en-US"},{"@type":"Organization","@id":"https:\/\/anadolupet.com.tr\/#organization","name":"Anadolu Pet Group","alternateName":"Anadolu Pet","url":"https:\/\/anadolupet.com.tr\/","logo":{"@type":"ImageObject","inLanguage":"en-US","@id":"https:\/\/anadolupet.com.tr\/#\/schema\/logo\/image\/","url":"https:\/\/anadolupet.com.tr\/wp-content\/uploads\/2026\/03\/1614666743370.jpg","contentUrl":"https:\/\/anadolupet.com.tr\/wp-content\/uploads\/2026\/03\/1614666743370.jpg","width":800,"height":571,"caption":"Anadolu Pet Grup"},"image":{"@id":"https:\/\/anadolupet.com.tr\/#\/schema\/logo\/image\/"}}]}},"_links":{"self":[{"href":"https:\/\/anadolupet.com.tr\/en\/wp-json\/wp\/v2\/product\/44600","targetHints":{"allow":["GET"]}}],"collection":[{"href":"https:\/\/anadolupet.com.tr\/en\/wp-json\/wp\/v2\/product"}],"about":[{"href":"https:\/\/anadolupet.com.tr\/en\/wp-json\/wp\/v2\/types\/product"}],"replies":[{"embeddable":true,"href":"https:\/\/anadolupet.com.tr\/en\/wp-json\/wp\/v2\/comments?post=44600"}],"wp:featuredmedia":[{"embeddable":true,"href":"https:\/\/anadolupet.com.tr\/en\/wp-json\/wp\/v2\/media\/42831"}],"wp:attachment":[{"href":"https:\/\/anadolupet.com.tr\/en\/wp-json\/wp\/v2\/media?parent=44600"}],"wp:term":[{"taxonomy":"product_brand","embeddable":true,"href":"https:\/\/anadolupet.com.tr\/en\/wp-json\/wp\/v2\/product_brand?post=44600"},{"taxonomy":"product_cat","embeddable":true,"href":"https:\/\/anadolupet.com.tr\/en\/wp-json\/wp\/v2\/product_cat?post=44600"},{"taxonomy":"product_tag","embeddable":true,"href":"https:\/\/anadolupet.com.tr\/en\/wp-json\/wp\/v2\/product_tag?post=44600"}],"curies":[{"name":"wp","href":"https:\/\/api.w.org\/{rel}","templated":true}]}}