{"id":44604,"date":"2026-02-14T14:39:11","date_gmt":"2026-02-14T14:39:11","guid":{"rendered":"https:\/\/anadolupet.com.tr\/?post_type=product&#038;p=44604"},"modified":"2026-02-23T12:47:45","modified_gmt":"2026-02-23T12:47:45","slug":"animonda-grancarno-sigirli-ve-ordekli-yetiskin-kopek-konservesi-400g","status":"publish","type":"product","link":"https:\/\/anadolupet.com.tr\/en\/urun\/animonda-grancarno-sigirli-ve-ordekli-yetiskin-kopek-konservesi-400g\/","title":{"rendered":"Animonda GranCarno Adult Dog Canned Food with Beef and Duck 400g"},"content":{"rendered":"","protected":false},"excerpt":{"rendered":"<p>Animonda Gran Carno S\u0131\u011f\u0131r Eti ve \u00d6rdek Y\u00fcrekli K\u00f6pek Konservesi 400 Gr<br \/>\nAnimonda konserveler \u00f6zenle se\u00e7ilmi\u015f \u00fcr\u00fcnlerden imal edilmi\u015ftir.Hayvansal \u00fcr\u00fcnler ve yan \u00fcr\u00fcnleri kullan\u0131lm\u0131\u015ft\u0131r i\u00e7erik eri\u015fte ve tavuk eti ile zenginle\u015ftirilmi\u015ftir. K\u00f6pe\u011finizin g\u00fcnl\u00fck besin ihtiyac\u0131n\u0131 kar\u015f\u0131layacak \u015fekilde form\u00fcle edilmi\u015ftir.<br \/>\n\u0130\u00e7indekiler :\u2022%52 S\u0131\u011f\u0131r eti,<br \/>\n\u2022%31 Et suyu, \u2022%8 Hindi,<br \/>\n\u2022%8 \u00d6rdek<br \/>\n\u2022Kalsiyum, Karbonat<br \/>\nAnalitik Bile\u015fenler:\u2022Protein % 10<br \/>\n\u2022Ya\u011f % 7<br \/>\n\u2022Ham Sel\u00fcloz % 0,5<br \/>\n\u2022Ham K\u00fcl % 1,5 \u2022Nem % 78<br \/>\nBeslenme katk\u0131s\u0131: Vitamin D3 200 IU, E 2 0.2 mg, E 5 1.5 mg, E 6 10 mg<\/p>","protected":false},"featured_media":42846,"comment_status":"open","ping_status":"closed","template":"","meta":{"_acf_changed":false},"product_brand":[],"product_cat":[2450],"product_tag":[],"class_list":{"0":"post-44604","1":"product","2":"type-product","3":"status-publish","4":"has-post-thumbnail","6":"product_cat-kopek-konserveleri","8":"first","9":"instock","10":"shipping-taxable","11":"product-type-simple"},"acf":[],"yoast_head":"<!-- This site is optimized with the Yoast SEO plugin v27.5 - https:\/\/yoast.com\/product\/yoast-seo-wordpress\/ -->\n<title>Animonda GranCarno S\u0131\u011f\u0131rl\u0131 ve \u00d6rdekli Yeti\u015fkin K\u00f6pek Konservesi 400g - Anadolu Pet Grup<\/title>\n<meta name=\"robots\" content=\"index, follow, max-snippet:-1, max-image-preview:large, max-video-preview:-1\" \/>\n<link rel=\"canonical\" href=\"https:\/\/anadolupet.com.tr\/en\/product\/animonda-grancarno-sigirli-ve-ordekli-yetiskin-kopek-konservesi-400g\/\" \/>\n<meta property=\"og:locale\" content=\"en_US\" \/>\n<meta property=\"og:type\" content=\"article\" \/>\n<meta property=\"og:title\" content=\"Animonda GranCarno S\u0131\u011f\u0131rl\u0131 ve \u00d6rdekli Yeti\u015fkin K\u00f6pek Konservesi 400g - Anadolu Pet Grup\" \/>\n<meta property=\"og:description\" content=\"Animonda Gran Carno S\u0131\u011f\u0131r Eti ve \u00d6rdek Y\u00fcrekli K\u00f6pek Konservesi 400 Gr Animonda konserveler \u00f6zenle se\u00e7ilmi\u015f \u00fcr\u00fcnlerden imal edilmi\u015ftir.Hayvansal \u00fcr\u00fcnler ve yan \u00fcr\u00fcnleri kullan\u0131lm\u0131\u015ft\u0131r i\u00e7erik eri\u015fte ve tavuk eti ile zenginle\u015ftirilmi\u015ftir. K\u00f6pe\u011finizin g\u00fcnl\u00fck besin ihtiyac\u0131n\u0131 kar\u015f\u0131layacak \u015fekilde form\u00fcle edilmi\u015ftir. \u0130\u00e7indekiler :\u2022%52 S\u0131\u011f\u0131r eti, \u2022%31 Et suyu, \u2022%8 Hindi, \u2022%8 \u00d6rdek \u2022Kalsiyum, Karbonat Analitik Bile\u015fenler:\u2022Protein % 10 \u2022Ya\u011f % 7 \u2022Ham Sel\u00fcloz % 0,5 \u2022Ham K\u00fcl % 1,5 \u2022Nem % 78 Beslenme katk\u0131s\u0131: Vitamin D3 200 IU, E 2 0.2 mg, E 5 1.5 mg, E 6 10 mg\" \/>\n<meta property=\"og:url\" content=\"https:\/\/anadolupet.com.tr\/en\/product\/animonda-grancarno-sigirli-ve-ordekli-yetiskin-kopek-konservesi-400g\/\" \/>\n<meta property=\"og:site_name\" content=\"Anadolu Pet Grup\" \/>\n<meta property=\"article:modified_time\" content=\"2026-02-23T12:47:45+00:00\" \/>\n<meta property=\"og:image\" content=\"https:\/\/anadolupet.com.tr\/wp-content\/uploads\/2026\/02\/200-082746-P.jpg\" \/>\n\t<meta property=\"og:image:width\" content=\"750\" \/>\n\t<meta property=\"og:image:height\" content=\"750\" \/>\n\t<meta property=\"og:image:type\" content=\"image\/jpeg\" \/>\n<meta name=\"twitter:card\" content=\"summary_large_image\" \/>\n<script type=\"application\/ld+json\" class=\"yoast-schema-graph\">{\"@context\":\"https:\\\/\\\/schema.org\",\"@graph\":[{\"@type\":\"WebPage\",\"@id\":\"https:\\\/\\\/anadolupet.com.tr\\\/urun\\\/animonda-grancarno-sigirli-ve-ordekli-yetiskin-kopek-konservesi-400g\\\/\",\"url\":\"https:\\\/\\\/anadolupet.com.tr\\\/urun\\\/animonda-grancarno-sigirli-ve-ordekli-yetiskin-kopek-konservesi-400g\\\/\",\"name\":\"Animonda GranCarno S\u0131\u011f\u0131rl\u0131 ve \u00d6rdekli Yeti\u015fkin K\u00f6pek Konservesi 400g - Anadolu Pet Grup\",\"isPartOf\":{\"@id\":\"https:\\\/\\\/anadolupet.com.tr\\\/#website\"},\"primaryImageOfPage\":{\"@id\":\"https:\\\/\\\/anadolupet.com.tr\\\/urun\\\/animonda-grancarno-sigirli-ve-ordekli-yetiskin-kopek-konservesi-400g\\\/#primaryimage\"},\"image\":{\"@id\":\"https:\\\/\\\/anadolupet.com.tr\\\/urun\\\/animonda-grancarno-sigirli-ve-ordekli-yetiskin-kopek-konservesi-400g\\\/#primaryimage\"},\"thumbnailUrl\":\"https:\\\/\\\/anadolupet.com.tr\\\/wp-content\\\/uploads\\\/2026\\\/02\\\/200-082746-P.jpg\",\"datePublished\":\"2026-02-14T14:39:11+00:00\",\"dateModified\":\"2026-02-23T12:47:45+00:00\",\"breadcrumb\":{\"@id\":\"https:\\\/\\\/anadolupet.com.tr\\\/urun\\\/animonda-grancarno-sigirli-ve-ordekli-yetiskin-kopek-konservesi-400g\\\/#breadcrumb\"},\"inLanguage\":\"en-US\",\"potentialAction\":[{\"@type\":\"ReadAction\",\"target\":[\"https:\\\/\\\/anadolupet.com.tr\\\/urun\\\/animonda-grancarno-sigirli-ve-ordekli-yetiskin-kopek-konservesi-400g\\\/\"]}]},{\"@type\":\"ImageObject\",\"inLanguage\":\"en-US\",\"@id\":\"https:\\\/\\\/anadolupet.com.tr\\\/urun\\\/animonda-grancarno-sigirli-ve-ordekli-yetiskin-kopek-konservesi-400g\\\/#primaryimage\",\"url\":\"https:\\\/\\\/anadolupet.com.tr\\\/wp-content\\\/uploads\\\/2026\\\/02\\\/200-082746-P.jpg\",\"contentUrl\":\"https:\\\/\\\/anadolupet.com.tr\\\/wp-content\\\/uploads\\\/2026\\\/02\\\/200-082746-P.jpg\",\"width\":750,\"height\":750},{\"@type\":\"BreadcrumbList\",\"@id\":\"https:\\\/\\\/anadolupet.com.tr\\\/urun\\\/animonda-grancarno-sigirli-ve-ordekli-yetiskin-kopek-konservesi-400g\\\/#breadcrumb\",\"itemListElement\":[{\"@type\":\"ListItem\",\"position\":1,\"name\":\"Anasayfa\",\"item\":\"https:\\\/\\\/anadolupet.com.tr\\\/\"},{\"@type\":\"ListItem\",\"position\":2,\"name\":\"\u00dcr\u00fcnler\",\"item\":\"https:\\\/\\\/anadolupet.com.tr\\\/urunler\\\/\"},{\"@type\":\"ListItem\",\"position\":3,\"name\":\"Animonda GranCarno S\u0131\u011f\u0131rl\u0131 ve \u00d6rdekli Yeti\u015fkin K\u00f6pek Konservesi 400g\"}]},{\"@type\":\"WebSite\",\"@id\":\"https:\\\/\\\/anadolupet.com.tr\\\/#website\",\"url\":\"https:\\\/\\\/anadolupet.com.tr\\\/\",\"name\":\"Anadolu Pet Grup\",\"description\":\"Her Can\u0131n \u0130yi Ya\u015fam\u0131 \u0130\u00e7in Biraraday\u0131z\",\"publisher\":{\"@id\":\"https:\\\/\\\/anadolupet.com.tr\\\/#organization\"},\"potentialAction\":[{\"@type\":\"SearchAction\",\"target\":{\"@type\":\"EntryPoint\",\"urlTemplate\":\"https:\\\/\\\/anadolupet.com.tr\\\/?s={search_term_string}\"},\"query-input\":{\"@type\":\"PropertyValueSpecification\",\"valueRequired\":true,\"valueName\":\"search_term_string\"}}],\"inLanguage\":\"en-US\"},{\"@type\":\"Organization\",\"@id\":\"https:\\\/\\\/anadolupet.com.tr\\\/#organization\",\"name\":\"Anadolu Pet Grup\",\"alternateName\":\"Anadolu Pet\",\"url\":\"https:\\\/\\\/anadolupet.com.tr\\\/\",\"logo\":{\"@type\":\"ImageObject\",\"inLanguage\":\"en-US\",\"@id\":\"https:\\\/\\\/anadolupet.com.tr\\\/#\\\/schema\\\/logo\\\/image\\\/\",\"url\":\"https:\\\/\\\/anadolupet.com.tr\\\/wp-content\\\/uploads\\\/2026\\\/03\\\/1614666743370.jpg\",\"contentUrl\":\"https:\\\/\\\/anadolupet.com.tr\\\/wp-content\\\/uploads\\\/2026\\\/03\\\/1614666743370.jpg\",\"width\":800,\"height\":571,\"caption\":\"Anadolu Pet Grup\"},\"image\":{\"@id\":\"https:\\\/\\\/anadolupet.com.tr\\\/#\\\/schema\\\/logo\\\/image\\\/\"}}]}<\/script>\n<!-- \/ Yoast SEO plugin. -->","yoast_head_json":{"title":"Animonda GranCarno S\u0131\u011f\u0131rl\u0131 ve \u00d6rdekli Yeti\u015fkin K\u00f6pek Konservesi 400g - Anadolu Pet Grup","robots":{"index":"index","follow":"follow","max-snippet":"max-snippet:-1","max-image-preview":"max-image-preview:large","max-video-preview":"max-video-preview:-1"},"canonical":"https:\/\/anadolupet.com.tr\/en\/product\/animonda-grancarno-sigirli-ve-ordekli-yetiskin-kopek-konservesi-400g\/","og_locale":"en_US","og_type":"article","og_title":"Animonda GranCarno S\u0131\u011f\u0131rl\u0131 ve \u00d6rdekli Yeti\u015fkin K\u00f6pek Konservesi 400g - Anadolu Pet Grup","og_description":"Animonda Gran Carno S\u0131\u011f\u0131r Eti ve \u00d6rdek Y\u00fcrekli K\u00f6pek Konservesi 400 Gr Animonda konserveler \u00f6zenle se\u00e7ilmi\u015f \u00fcr\u00fcnlerden imal edilmi\u015ftir.Hayvansal \u00fcr\u00fcnler ve yan \u00fcr\u00fcnleri kullan\u0131lm\u0131\u015ft\u0131r i\u00e7erik eri\u015fte ve tavuk eti ile zenginle\u015ftirilmi\u015ftir. K\u00f6pe\u011finizin g\u00fcnl\u00fck besin ihtiyac\u0131n\u0131 kar\u015f\u0131layacak \u015fekilde form\u00fcle edilmi\u015ftir. \u0130\u00e7indekiler :\u2022%52 S\u0131\u011f\u0131r eti, \u2022%31 Et suyu, \u2022%8 Hindi, \u2022%8 \u00d6rdek \u2022Kalsiyum, Karbonat Analitik Bile\u015fenler:\u2022Protein % 10 \u2022Ya\u011f % 7 \u2022Ham Sel\u00fcloz % 0,5 \u2022Ham K\u00fcl % 1,5 \u2022Nem % 78 Beslenme katk\u0131s\u0131: Vitamin D3 200 IU, E 2 0.2 mg, E 5 1.5 mg, E 6 10 mg","og_url":"https:\/\/anadolupet.com.tr\/en\/product\/animonda-grancarno-sigirli-ve-ordekli-yetiskin-kopek-konservesi-400g\/","og_site_name":"Anadolu Pet Grup","article_modified_time":"2026-02-23T12:47:45+00:00","og_image":[{"width":750,"height":750,"url":"https:\/\/anadolupet.com.tr\/wp-content\/uploads\/2026\/02\/200-082746-P.jpg","type":"image\/jpeg"}],"twitter_card":"summary_large_image","schema":{"@context":"https:\/\/schema.org","@graph":[{"@type":"WebPage","@id":"https:\/\/anadolupet.com.tr\/urun\/animonda-grancarno-sigirli-ve-ordekli-yetiskin-kopek-konservesi-400g\/","url":"https:\/\/anadolupet.com.tr\/urun\/animonda-grancarno-sigirli-ve-ordekli-yetiskin-kopek-konservesi-400g\/","name":"Animonda GranCarno S\u0131\u011f\u0131rl\u0131 ve \u00d6rdekli Yeti\u015fkin K\u00f6pek Konservesi 400g - Anadolu Pet Grup","isPartOf":{"@id":"https:\/\/anadolupet.com.tr\/#website"},"primaryImageOfPage":{"@id":"https:\/\/anadolupet.com.tr\/urun\/animonda-grancarno-sigirli-ve-ordekli-yetiskin-kopek-konservesi-400g\/#primaryimage"},"image":{"@id":"https:\/\/anadolupet.com.tr\/urun\/animonda-grancarno-sigirli-ve-ordekli-yetiskin-kopek-konservesi-400g\/#primaryimage"},"thumbnailUrl":"https:\/\/anadolupet.com.tr\/wp-content\/uploads\/2026\/02\/200-082746-P.jpg","datePublished":"2026-02-14T14:39:11+00:00","dateModified":"2026-02-23T12:47:45+00:00","breadcrumb":{"@id":"https:\/\/anadolupet.com.tr\/urun\/animonda-grancarno-sigirli-ve-ordekli-yetiskin-kopek-konservesi-400g\/#breadcrumb"},"inLanguage":"en-US","potentialAction":[{"@type":"ReadAction","target":["https:\/\/anadolupet.com.tr\/urun\/animonda-grancarno-sigirli-ve-ordekli-yetiskin-kopek-konservesi-400g\/"]}]},{"@type":"ImageObject","inLanguage":"en-US","@id":"https:\/\/anadolupet.com.tr\/urun\/animonda-grancarno-sigirli-ve-ordekli-yetiskin-kopek-konservesi-400g\/#primaryimage","url":"https:\/\/anadolupet.com.tr\/wp-content\/uploads\/2026\/02\/200-082746-P.jpg","contentUrl":"https:\/\/anadolupet.com.tr\/wp-content\/uploads\/2026\/02\/200-082746-P.jpg","width":750,"height":750},{"@type":"BreadcrumbList","@id":"https:\/\/anadolupet.com.tr\/urun\/animonda-grancarno-sigirli-ve-ordekli-yetiskin-kopek-konservesi-400g\/#breadcrumb","itemListElement":[{"@type":"ListItem","position":1,"name":"Anasayfa","item":"https:\/\/anadolupet.com.tr\/"},{"@type":"ListItem","position":2,"name":"\u00dcr\u00fcnler","item":"https:\/\/anadolupet.com.tr\/urunler\/"},{"@type":"ListItem","position":3,"name":"Animonda GranCarno S\u0131\u011f\u0131rl\u0131 ve \u00d6rdekli Yeti\u015fkin K\u00f6pek Konservesi 400g"}]},{"@type":"WebSite","@id":"https:\/\/anadolupet.com.tr\/#website","url":"https:\/\/anadolupet.com.tr\/","name":"Anadolu Pet Group","description":"We Stand Together for the Well-Being of Every Life","publisher":{"@id":"https:\/\/anadolupet.com.tr\/#organization"},"potentialAction":[{"@type":"SearchAction","target":{"@type":"EntryPoint","urlTemplate":"https:\/\/anadolupet.com.tr\/?s={search_term_string}"},"query-input":{"@type":"PropertyValueSpecification","valueRequired":true,"valueName":"search_term_string"}}],"inLanguage":"en-US"},{"@type":"Organization","@id":"https:\/\/anadolupet.com.tr\/#organization","name":"Anadolu Pet Group","alternateName":"Anadolu Pet","url":"https:\/\/anadolupet.com.tr\/","logo":{"@type":"ImageObject","inLanguage":"en-US","@id":"https:\/\/anadolupet.com.tr\/#\/schema\/logo\/image\/","url":"https:\/\/anadolupet.com.tr\/wp-content\/uploads\/2026\/03\/1614666743370.jpg","contentUrl":"https:\/\/anadolupet.com.tr\/wp-content\/uploads\/2026\/03\/1614666743370.jpg","width":800,"height":571,"caption":"Anadolu Pet Grup"},"image":{"@id":"https:\/\/anadolupet.com.tr\/#\/schema\/logo\/image\/"}}]}},"_links":{"self":[{"href":"https:\/\/anadolupet.com.tr\/en\/wp-json\/wp\/v2\/product\/44604","targetHints":{"allow":["GET"]}}],"collection":[{"href":"https:\/\/anadolupet.com.tr\/en\/wp-json\/wp\/v2\/product"}],"about":[{"href":"https:\/\/anadolupet.com.tr\/en\/wp-json\/wp\/v2\/types\/product"}],"replies":[{"embeddable":true,"href":"https:\/\/anadolupet.com.tr\/en\/wp-json\/wp\/v2\/comments?post=44604"}],"wp:featuredmedia":[{"embeddable":true,"href":"https:\/\/anadolupet.com.tr\/en\/wp-json\/wp\/v2\/media\/42846"}],"wp:attachment":[{"href":"https:\/\/anadolupet.com.tr\/en\/wp-json\/wp\/v2\/media?parent=44604"}],"wp:term":[{"taxonomy":"product_brand","embeddable":true,"href":"https:\/\/anadolupet.com.tr\/en\/wp-json\/wp\/v2\/product_brand?post=44604"},{"taxonomy":"product_cat","embeddable":true,"href":"https:\/\/anadolupet.com.tr\/en\/wp-json\/wp\/v2\/product_cat?post=44604"},{"taxonomy":"product_tag","embeddable":true,"href":"https:\/\/anadolupet.com.tr\/en\/wp-json\/wp\/v2\/product_tag?post=44604"}],"curies":[{"name":"wp","href":"https:\/\/api.w.org\/{rel}","templated":true}]}}