{"id":44609,"date":"2026-02-14T14:39:12","date_gmt":"2026-02-14T14:39:12","guid":{"rendered":"https:\/\/anadolupet.com.tr\/?post_type=product&#038;p=44609"},"modified":"2026-02-23T12:47:46","modified_gmt":"2026-02-23T12:47:46","slug":"animonda-milkies-dental-care-dis-bakimi-icin-kedi-odul-mamasi-30g","status":"publish","type":"product","link":"https:\/\/anadolupet.com.tr\/en\/urun\/animonda-milkies-dental-care-dis-bakimi-icin-kedi-odul-mamasi-30g\/","title":{"rendered":"Animonda Milkies Dental Care Cat Treats for Dental Care 30g"},"content":{"rendered":"","protected":false},"excerpt":{"rendered":"<p>Daha iyi at\u0131\u015ft\u0131rma: Sa\u011fl\u0131kl\u0131 gevrek yast\u0131klar sadece gevrek ve lezzetli de\u011fildir, di\u015f bak\u0131m\u0131 etkisiyle kedilerde tartar\u0131 \u00f6nlemeye de yard\u0131mc\u0131 olurlar.<br \/>\n\u0130\u00e7indekiler:<br \/>\nEt ve hayvansal t\u00fcrevler (k\u00fcmes hayvanlar\u0131), sebzeler, s\u0131v\u0131 ve kat\u0131 Ya\u011flar, bitkisel protein \u00f6zleri, bitkisel k\u00f6kenli t\u00fcrevler, s\u00fct ve s\u00fct t\u00fcrevleri, mineraller.<br \/>\nAnalitik Bile\u015fenler:<br \/>\nProtein %35,5<br \/>\nYa\u011f i\u00e7eri\u011fi %20<br \/>\nHam sel\u00fcloz %4<br \/>\nHam k\u00fcl %6<br \/>\nNem %6<br \/>\nBesinsel \u0130laveler (kg):<br \/>\nA Vitamini 9000 IU.<br \/>\nD3 Vitamini 630 IU<br \/>\nC Vitamini 75 mg.<\/p>","protected":false},"featured_media":42859,"comment_status":"open","ping_status":"closed","template":"","meta":{"_acf_changed":false},"product_brand":[],"product_cat":[2429],"product_tag":[],"class_list":{"0":"post-44609","1":"product","2":"type-product","3":"status-publish","4":"has-post-thumbnail","6":"product_cat-kedi-odulleri","8":"first","9":"instock","10":"shipping-taxable","11":"product-type-simple"},"acf":[],"yoast_head":"<!-- This site is optimized with the Yoast SEO plugin v27.4 - https:\/\/yoast.com\/product\/yoast-seo-wordpress\/ -->\n<title>Animonda Milkies Dental Care Di\u015f Bak\u0131m\u0131 i\u00e7in Kedi \u00d6d\u00fcl Mamas\u0131 30g - Anadolu Pet Grup<\/title>\n<meta name=\"robots\" content=\"index, follow, max-snippet:-1, max-image-preview:large, max-video-preview:-1\" \/>\n<link rel=\"canonical\" href=\"https:\/\/anadolupet.com.tr\/en\/product\/animonda-milkies-dental-care-dis-bakimi-icin-kedi-odul-mamasi-30g\/\" \/>\n<meta property=\"og:locale\" content=\"en_US\" \/>\n<meta property=\"og:type\" content=\"article\" \/>\n<meta property=\"og:title\" content=\"Animonda Milkies Dental Care Di\u015f Bak\u0131m\u0131 i\u00e7in Kedi \u00d6d\u00fcl Mamas\u0131 30g - Anadolu Pet Grup\" \/>\n<meta property=\"og:description\" content=\"Daha iyi at\u0131\u015ft\u0131rma: Sa\u011fl\u0131kl\u0131 gevrek yast\u0131klar sadece gevrek ve lezzetli de\u011fildir, di\u015f bak\u0131m\u0131 etkisiyle kedilerde tartar\u0131 \u00f6nlemeye de yard\u0131mc\u0131 olurlar. \u0130\u00e7indekiler: Et ve hayvansal t\u00fcrevler (k\u00fcmes hayvanlar\u0131), sebzeler, s\u0131v\u0131 ve kat\u0131 Ya\u011flar, bitkisel protein \u00f6zleri, bitkisel k\u00f6kenli t\u00fcrevler, s\u00fct ve s\u00fct t\u00fcrevleri, mineraller. Analitik Bile\u015fenler: Protein %35,5 Ya\u011f i\u00e7eri\u011fi %20 Ham sel\u00fcloz %4 Ham k\u00fcl %6 Nem %6 Besinsel \u0130laveler (kg): A Vitamini 9000 IU. D3 Vitamini 630 IU C Vitamini 75 mg.\" \/>\n<meta property=\"og:url\" content=\"https:\/\/anadolupet.com.tr\/en\/product\/animonda-milkies-dental-care-dis-bakimi-icin-kedi-odul-mamasi-30g\/\" \/>\n<meta property=\"og:site_name\" content=\"Anadolu Pet Grup\" \/>\n<meta property=\"article:modified_time\" content=\"2026-02-23T12:47:46+00:00\" \/>\n<meta property=\"og:image\" content=\"https:\/\/anadolupet.com.tr\/wp-content\/uploads\/2026\/02\/200-083117.jpg\" \/>\n\t<meta property=\"og:image:width\" content=\"750\" \/>\n\t<meta property=\"og:image:height\" content=\"750\" \/>\n\t<meta property=\"og:image:type\" content=\"image\/jpeg\" \/>\n<meta name=\"twitter:card\" content=\"summary_large_image\" \/>\n<script type=\"application\/ld+json\" class=\"yoast-schema-graph\">{\"@context\":\"https:\\\/\\\/schema.org\",\"@graph\":[{\"@type\":\"WebPage\",\"@id\":\"https:\\\/\\\/anadolupet.com.tr\\\/urun\\\/animonda-milkies-dental-care-dis-bakimi-icin-kedi-odul-mamasi-30g\\\/\",\"url\":\"https:\\\/\\\/anadolupet.com.tr\\\/urun\\\/animonda-milkies-dental-care-dis-bakimi-icin-kedi-odul-mamasi-30g\\\/\",\"name\":\"Animonda Milkies Dental Care Di\u015f Bak\u0131m\u0131 i\u00e7in Kedi \u00d6d\u00fcl Mamas\u0131 30g - Anadolu Pet Grup\",\"isPartOf\":{\"@id\":\"https:\\\/\\\/anadolupet.com.tr\\\/#website\"},\"primaryImageOfPage\":{\"@id\":\"https:\\\/\\\/anadolupet.com.tr\\\/urun\\\/animonda-milkies-dental-care-dis-bakimi-icin-kedi-odul-mamasi-30g\\\/#primaryimage\"},\"image\":{\"@id\":\"https:\\\/\\\/anadolupet.com.tr\\\/urun\\\/animonda-milkies-dental-care-dis-bakimi-icin-kedi-odul-mamasi-30g\\\/#primaryimage\"},\"thumbnailUrl\":\"https:\\\/\\\/anadolupet.com.tr\\\/wp-content\\\/uploads\\\/2026\\\/02\\\/200-083117.jpg\",\"datePublished\":\"2026-02-14T14:39:12+00:00\",\"dateModified\":\"2026-02-23T12:47:46+00:00\",\"breadcrumb\":{\"@id\":\"https:\\\/\\\/anadolupet.com.tr\\\/urun\\\/animonda-milkies-dental-care-dis-bakimi-icin-kedi-odul-mamasi-30g\\\/#breadcrumb\"},\"inLanguage\":\"en-US\",\"potentialAction\":[{\"@type\":\"ReadAction\",\"target\":[\"https:\\\/\\\/anadolupet.com.tr\\\/urun\\\/animonda-milkies-dental-care-dis-bakimi-icin-kedi-odul-mamasi-30g\\\/\"]}]},{\"@type\":\"ImageObject\",\"inLanguage\":\"en-US\",\"@id\":\"https:\\\/\\\/anadolupet.com.tr\\\/urun\\\/animonda-milkies-dental-care-dis-bakimi-icin-kedi-odul-mamasi-30g\\\/#primaryimage\",\"url\":\"https:\\\/\\\/anadolupet.com.tr\\\/wp-content\\\/uploads\\\/2026\\\/02\\\/200-083117.jpg\",\"contentUrl\":\"https:\\\/\\\/anadolupet.com.tr\\\/wp-content\\\/uploads\\\/2026\\\/02\\\/200-083117.jpg\",\"width\":750,\"height\":750},{\"@type\":\"BreadcrumbList\",\"@id\":\"https:\\\/\\\/anadolupet.com.tr\\\/urun\\\/animonda-milkies-dental-care-dis-bakimi-icin-kedi-odul-mamasi-30g\\\/#breadcrumb\",\"itemListElement\":[{\"@type\":\"ListItem\",\"position\":1,\"name\":\"Anasayfa\",\"item\":\"https:\\\/\\\/anadolupet.com.tr\\\/\"},{\"@type\":\"ListItem\",\"position\":2,\"name\":\"\u00dcr\u00fcnler\",\"item\":\"https:\\\/\\\/anadolupet.com.tr\\\/urunler\\\/\"},{\"@type\":\"ListItem\",\"position\":3,\"name\":\"Animonda Milkies Dental Care Di\u015f Bak\u0131m\u0131 i\u00e7in Kedi \u00d6d\u00fcl Mamas\u0131 30g\"}]},{\"@type\":\"WebSite\",\"@id\":\"https:\\\/\\\/anadolupet.com.tr\\\/#website\",\"url\":\"https:\\\/\\\/anadolupet.com.tr\\\/\",\"name\":\"Anadolu Pet Grup\",\"description\":\"Her Can\u0131n \u0130yi Ya\u015fam\u0131 \u0130\u00e7in Biraraday\u0131z\",\"publisher\":{\"@id\":\"https:\\\/\\\/anadolupet.com.tr\\\/#organization\"},\"potentialAction\":[{\"@type\":\"SearchAction\",\"target\":{\"@type\":\"EntryPoint\",\"urlTemplate\":\"https:\\\/\\\/anadolupet.com.tr\\\/?s={search_term_string}\"},\"query-input\":{\"@type\":\"PropertyValueSpecification\",\"valueRequired\":true,\"valueName\":\"search_term_string\"}}],\"inLanguage\":\"en-US\"},{\"@type\":\"Organization\",\"@id\":\"https:\\\/\\\/anadolupet.com.tr\\\/#organization\",\"name\":\"Anadolu Pet Grup\",\"alternateName\":\"Anadolu Pet\",\"url\":\"https:\\\/\\\/anadolupet.com.tr\\\/\",\"logo\":{\"@type\":\"ImageObject\",\"inLanguage\":\"en-US\",\"@id\":\"https:\\\/\\\/anadolupet.com.tr\\\/#\\\/schema\\\/logo\\\/image\\\/\",\"url\":\"https:\\\/\\\/anadolupet.com.tr\\\/wp-content\\\/uploads\\\/2026\\\/03\\\/1614666743370.jpg\",\"contentUrl\":\"https:\\\/\\\/anadolupet.com.tr\\\/wp-content\\\/uploads\\\/2026\\\/03\\\/1614666743370.jpg\",\"width\":800,\"height\":571,\"caption\":\"Anadolu Pet Grup\"},\"image\":{\"@id\":\"https:\\\/\\\/anadolupet.com.tr\\\/#\\\/schema\\\/logo\\\/image\\\/\"}}]}<\/script>\n<!-- \/ Yoast SEO plugin. -->","yoast_head_json":{"title":"Animonda Milkies Dental Care Di\u015f Bak\u0131m\u0131 i\u00e7in Kedi \u00d6d\u00fcl Mamas\u0131 30g - Anadolu Pet Grup","robots":{"index":"index","follow":"follow","max-snippet":"max-snippet:-1","max-image-preview":"max-image-preview:large","max-video-preview":"max-video-preview:-1"},"canonical":"https:\/\/anadolupet.com.tr\/en\/product\/animonda-milkies-dental-care-dis-bakimi-icin-kedi-odul-mamasi-30g\/","og_locale":"en_US","og_type":"article","og_title":"Animonda Milkies Dental Care Di\u015f Bak\u0131m\u0131 i\u00e7in Kedi \u00d6d\u00fcl Mamas\u0131 30g - Anadolu Pet Grup","og_description":"Daha iyi at\u0131\u015ft\u0131rma: Sa\u011fl\u0131kl\u0131 gevrek yast\u0131klar sadece gevrek ve lezzetli de\u011fildir, di\u015f bak\u0131m\u0131 etkisiyle kedilerde tartar\u0131 \u00f6nlemeye de yard\u0131mc\u0131 olurlar. \u0130\u00e7indekiler: Et ve hayvansal t\u00fcrevler (k\u00fcmes hayvanlar\u0131), sebzeler, s\u0131v\u0131 ve kat\u0131 Ya\u011flar, bitkisel protein \u00f6zleri, bitkisel k\u00f6kenli t\u00fcrevler, s\u00fct ve s\u00fct t\u00fcrevleri, mineraller. Analitik Bile\u015fenler: Protein %35,5 Ya\u011f i\u00e7eri\u011fi %20 Ham sel\u00fcloz %4 Ham k\u00fcl %6 Nem %6 Besinsel \u0130laveler (kg): A Vitamini 9000 IU. D3 Vitamini 630 IU C Vitamini 75 mg.","og_url":"https:\/\/anadolupet.com.tr\/en\/product\/animonda-milkies-dental-care-dis-bakimi-icin-kedi-odul-mamasi-30g\/","og_site_name":"Anadolu Pet Grup","article_modified_time":"2026-02-23T12:47:46+00:00","og_image":[{"width":750,"height":750,"url":"https:\/\/anadolupet.com.tr\/wp-content\/uploads\/2026\/02\/200-083117.jpg","type":"image\/jpeg"}],"twitter_card":"summary_large_image","schema":{"@context":"https:\/\/schema.org","@graph":[{"@type":"WebPage","@id":"https:\/\/anadolupet.com.tr\/urun\/animonda-milkies-dental-care-dis-bakimi-icin-kedi-odul-mamasi-30g\/","url":"https:\/\/anadolupet.com.tr\/urun\/animonda-milkies-dental-care-dis-bakimi-icin-kedi-odul-mamasi-30g\/","name":"Animonda Milkies Dental Care Di\u015f Bak\u0131m\u0131 i\u00e7in Kedi \u00d6d\u00fcl Mamas\u0131 30g - Anadolu Pet Grup","isPartOf":{"@id":"https:\/\/anadolupet.com.tr\/#website"},"primaryImageOfPage":{"@id":"https:\/\/anadolupet.com.tr\/urun\/animonda-milkies-dental-care-dis-bakimi-icin-kedi-odul-mamasi-30g\/#primaryimage"},"image":{"@id":"https:\/\/anadolupet.com.tr\/urun\/animonda-milkies-dental-care-dis-bakimi-icin-kedi-odul-mamasi-30g\/#primaryimage"},"thumbnailUrl":"https:\/\/anadolupet.com.tr\/wp-content\/uploads\/2026\/02\/200-083117.jpg","datePublished":"2026-02-14T14:39:12+00:00","dateModified":"2026-02-23T12:47:46+00:00","breadcrumb":{"@id":"https:\/\/anadolupet.com.tr\/urun\/animonda-milkies-dental-care-dis-bakimi-icin-kedi-odul-mamasi-30g\/#breadcrumb"},"inLanguage":"en-US","potentialAction":[{"@type":"ReadAction","target":["https:\/\/anadolupet.com.tr\/urun\/animonda-milkies-dental-care-dis-bakimi-icin-kedi-odul-mamasi-30g\/"]}]},{"@type":"ImageObject","inLanguage":"en-US","@id":"https:\/\/anadolupet.com.tr\/urun\/animonda-milkies-dental-care-dis-bakimi-icin-kedi-odul-mamasi-30g\/#primaryimage","url":"https:\/\/anadolupet.com.tr\/wp-content\/uploads\/2026\/02\/200-083117.jpg","contentUrl":"https:\/\/anadolupet.com.tr\/wp-content\/uploads\/2026\/02\/200-083117.jpg","width":750,"height":750},{"@type":"BreadcrumbList","@id":"https:\/\/anadolupet.com.tr\/urun\/animonda-milkies-dental-care-dis-bakimi-icin-kedi-odul-mamasi-30g\/#breadcrumb","itemListElement":[{"@type":"ListItem","position":1,"name":"Anasayfa","item":"https:\/\/anadolupet.com.tr\/"},{"@type":"ListItem","position":2,"name":"\u00dcr\u00fcnler","item":"https:\/\/anadolupet.com.tr\/urunler\/"},{"@type":"ListItem","position":3,"name":"Animonda Milkies Dental Care Di\u015f Bak\u0131m\u0131 i\u00e7in Kedi \u00d6d\u00fcl Mamas\u0131 30g"}]},{"@type":"WebSite","@id":"https:\/\/anadolupet.com.tr\/#website","url":"https:\/\/anadolupet.com.tr\/","name":"Anadolu Pet Group","description":"We Stand Together for the Well-Being of Every Life","publisher":{"@id":"https:\/\/anadolupet.com.tr\/#organization"},"potentialAction":[{"@type":"SearchAction","target":{"@type":"EntryPoint","urlTemplate":"https:\/\/anadolupet.com.tr\/?s={search_term_string}"},"query-input":{"@type":"PropertyValueSpecification","valueRequired":true,"valueName":"search_term_string"}}],"inLanguage":"en-US"},{"@type":"Organization","@id":"https:\/\/anadolupet.com.tr\/#organization","name":"Anadolu Pet Group","alternateName":"Anadolu Pet","url":"https:\/\/anadolupet.com.tr\/","logo":{"@type":"ImageObject","inLanguage":"en-US","@id":"https:\/\/anadolupet.com.tr\/#\/schema\/logo\/image\/","url":"https:\/\/anadolupet.com.tr\/wp-content\/uploads\/2026\/03\/1614666743370.jpg","contentUrl":"https:\/\/anadolupet.com.tr\/wp-content\/uploads\/2026\/03\/1614666743370.jpg","width":800,"height":571,"caption":"Anadolu Pet Grup"},"image":{"@id":"https:\/\/anadolupet.com.tr\/#\/schema\/logo\/image\/"}}]}},"_links":{"self":[{"href":"https:\/\/anadolupet.com.tr\/en\/wp-json\/wp\/v2\/product\/44609","targetHints":{"allow":["GET"]}}],"collection":[{"href":"https:\/\/anadolupet.com.tr\/en\/wp-json\/wp\/v2\/product"}],"about":[{"href":"https:\/\/anadolupet.com.tr\/en\/wp-json\/wp\/v2\/types\/product"}],"replies":[{"embeddable":true,"href":"https:\/\/anadolupet.com.tr\/en\/wp-json\/wp\/v2\/comments?post=44609"}],"wp:featuredmedia":[{"embeddable":true,"href":"https:\/\/anadolupet.com.tr\/en\/wp-json\/wp\/v2\/media\/42859"}],"wp:attachment":[{"href":"https:\/\/anadolupet.com.tr\/en\/wp-json\/wp\/v2\/media?parent=44609"}],"wp:term":[{"taxonomy":"product_brand","embeddable":true,"href":"https:\/\/anadolupet.com.tr\/en\/wp-json\/wp\/v2\/product_brand?post=44609"},{"taxonomy":"product_cat","embeddable":true,"href":"https:\/\/anadolupet.com.tr\/en\/wp-json\/wp\/v2\/product_cat?post=44609"},{"taxonomy":"product_tag","embeddable":true,"href":"https:\/\/anadolupet.com.tr\/en\/wp-json\/wp\/v2\/product_tag?post=44609"}],"curies":[{"name":"wp","href":"https:\/\/api.w.org\/{rel}","templated":true}]}}