{"id":44617,"date":"2026-02-14T14:39:12","date_gmt":"2026-02-14T14:39:12","guid":{"rendered":"https:\/\/anadolupet.com.tr\/urun\/animonda-grancarno-sensitive-sigirli-ve-patatesli-yetiskin-kopek-konservesi-400g\/"},"modified":"2026-02-23T12:47:46","modified_gmt":"2026-02-23T12:47:46","slug":"animonda-grancarno-sensitive-sigirli-ve-patatesli-yetiskin-kopek-konservesi-400g","status":"publish","type":"product","link":"https:\/\/anadolupet.com.tr\/en\/urun\/animonda-grancarno-sensitive-sigirli-ve-patatesli-yetiskin-kopek-konservesi-400g\/","title":{"rendered":"Animonda GranCarno Sensitive Adult Dog Canned Food with Beef and Potatoes 400g"},"content":{"rendered":"","protected":false},"excerpt":{"rendered":"<p>GranCarno\u00ae Sensitiv Adult, 1 &#8211; 6 ya\u015f aras\u0131 beslenmeye duyarl\u0131 yeti\u015fkin k\u00f6pekler i\u00e7in en iyi \u015fekilde lezzetli, sa\u011fl\u0131kl\u0131, dengeli beslenme anlam\u0131na gelir. Se\u00e7ilen taze, etli malzemeler &#8211; sadece s\u0131\u011f\u0131r etinden &#8211; k\u00f6peklerin \u00e7ok takdir etti\u011fi e\u015fsiz tad\u0131 garanti eder. GranCarno Sensitiv Adult, yeti\u015fkin bir k\u00f6pe\u011fin ihtiya\u00e7 duydu\u011fu t\u00fcm temel besinleri sa\u011flar.<br \/>\nYeti\u015fkin k\u00f6pekler i\u00e7in tam ve dengeli evcil hayvan mamas\u0131<br \/>\n\u0130\u00e7indekiler:<br \/>\n%53 S\u0131\u011f\u0131r eti (kalpler, akci\u011ferler, et, karaci\u011fer, meme, b\u00f6brekler), %10 patates, kalsiyum karbonat, sodyum klor\u00fcr.<br \/>\nAnalitik bile\u015fenler:<br \/>\n%9 Protein,<br \/>\n%7.5 Ya\u011f i\u00e7eri\u011fi,<br \/>\n%0.5 Ham sel\u00fcloz, %1.7 Ham k\u00fcl, %78 Nem.<br \/>\nBesin katk\u0131 maddeleri (kg):<br \/>\n200 IU 3a671, 0.75 mg 3b202, 1.4 mg 3b503, 25 mg 3b605.<\/p>","protected":false},"featured_media":46413,"comment_status":"open","ping_status":"closed","template":"","meta":{"_acf_changed":false},"product_brand":[],"product_cat":[2450],"product_tag":[],"class_list":{"0":"post-44617","1":"product","2":"type-product","3":"status-publish","4":"has-post-thumbnail","6":"product_cat-kopek-konserveleri","8":"first","9":"instock","10":"shipping-taxable","11":"product-type-simple"},"acf":[],"yoast_head":"<!-- This site is optimized with the Yoast SEO plugin v27.5 - https:\/\/yoast.com\/product\/yoast-seo-wordpress\/ -->\n<title>Animonda GranCarno Sensitive S\u0131\u011f\u0131rl\u0131 ve Patatesli Yeti\u015fkin K\u00f6pek Konservesi 400g - Anadolu Pet Grup<\/title>\n<meta name=\"robots\" content=\"index, follow, max-snippet:-1, max-image-preview:large, max-video-preview:-1\" \/>\n<link rel=\"canonical\" href=\"https:\/\/anadolupet.com.tr\/en\/product\/animonda-grancarno-sensitive-sigirli-ve-patatesli-yetiskin-kopek-konservesi-400g\/\" \/>\n<meta property=\"og:locale\" content=\"en_US\" \/>\n<meta property=\"og:type\" content=\"article\" \/>\n<meta property=\"og:title\" content=\"Animonda GranCarno Sensitive S\u0131\u011f\u0131rl\u0131 ve Patatesli Yeti\u015fkin K\u00f6pek Konservesi 400g - Anadolu Pet Grup\" \/>\n<meta property=\"og:description\" content=\"GranCarno\u00ae Sensitiv Adult, 1 - 6 ya\u015f aras\u0131 beslenmeye duyarl\u0131 yeti\u015fkin k\u00f6pekler i\u00e7in en iyi \u015fekilde lezzetli, sa\u011fl\u0131kl\u0131, dengeli beslenme anlam\u0131na gelir. Se\u00e7ilen taze, etli malzemeler - sadece s\u0131\u011f\u0131r etinden - k\u00f6peklerin \u00e7ok takdir etti\u011fi e\u015fsiz tad\u0131 garanti eder. GranCarno Sensitiv Adult, yeti\u015fkin bir k\u00f6pe\u011fin ihtiya\u00e7 duydu\u011fu t\u00fcm temel besinleri sa\u011flar. Yeti\u015fkin k\u00f6pekler i\u00e7in tam ve dengeli evcil hayvan mamas\u0131 \u0130\u00e7indekiler: %53 S\u0131\u011f\u0131r eti (kalpler, akci\u011ferler, et, karaci\u011fer, meme, b\u00f6brekler), %10 patates, kalsiyum karbonat, sodyum klor\u00fcr. Analitik bile\u015fenler: %9 Protein, %7.5 Ya\u011f i\u00e7eri\u011fi, %0.5 Ham sel\u00fcloz, %1.7 Ham k\u00fcl, %78 Nem. Besin katk\u0131 maddeleri (kg): 200 IU 3a671, 0.75 mg 3b202, 1.4 mg 3b503, 25 mg 3b605.\" \/>\n<meta property=\"og:url\" content=\"https:\/\/anadolupet.com.tr\/en\/product\/animonda-grancarno-sensitive-sigirli-ve-patatesli-yetiskin-kopek-konservesi-400g\/\" \/>\n<meta property=\"og:site_name\" content=\"Anadolu Pet Grup\" \/>\n<meta property=\"article:modified_time\" content=\"2026-02-23T12:47:46+00:00\" \/>\n<meta property=\"og:image\" content=\"https:\/\/anadolupet.com.tr\/wp-content\/uploads\/2026\/02\/200-082409-P.jpg\" \/>\n\t<meta property=\"og:image:width\" content=\"750\" \/>\n\t<meta property=\"og:image:height\" content=\"750\" \/>\n\t<meta property=\"og:image:type\" content=\"image\/jpeg\" \/>\n<meta name=\"twitter:card\" content=\"summary_large_image\" \/>\n<script type=\"application\/ld+json\" class=\"yoast-schema-graph\">{\"@context\":\"https:\\\/\\\/schema.org\",\"@graph\":[{\"@type\":\"WebPage\",\"@id\":\"https:\\\/\\\/anadolupet.com.tr\\\/urun\\\/animonda-grancarno-sensitive-sigirli-ve-patatesli-yetiskin-kopek-konservesi-400g\\\/\",\"url\":\"https:\\\/\\\/anadolupet.com.tr\\\/urun\\\/animonda-grancarno-sensitive-sigirli-ve-patatesli-yetiskin-kopek-konservesi-400g\\\/\",\"name\":\"Animonda GranCarno Sensitive S\u0131\u011f\u0131rl\u0131 ve Patatesli Yeti\u015fkin K\u00f6pek Konservesi 400g - Anadolu Pet Grup\",\"isPartOf\":{\"@id\":\"https:\\\/\\\/anadolupet.com.tr\\\/#website\"},\"primaryImageOfPage\":{\"@id\":\"https:\\\/\\\/anadolupet.com.tr\\\/urun\\\/animonda-grancarno-sensitive-sigirli-ve-patatesli-yetiskin-kopek-konservesi-400g\\\/#primaryimage\"},\"image\":{\"@id\":\"https:\\\/\\\/anadolupet.com.tr\\\/urun\\\/animonda-grancarno-sensitive-sigirli-ve-patatesli-yetiskin-kopek-konservesi-400g\\\/#primaryimage\"},\"thumbnailUrl\":\"https:\\\/\\\/anadolupet.com.tr\\\/wp-content\\\/uploads\\\/2026\\\/02\\\/200-082409-P.jpg\",\"datePublished\":\"2026-02-14T14:39:12+00:00\",\"dateModified\":\"2026-02-23T12:47:46+00:00\",\"breadcrumb\":{\"@id\":\"https:\\\/\\\/anadolupet.com.tr\\\/urun\\\/animonda-grancarno-sensitive-sigirli-ve-patatesli-yetiskin-kopek-konservesi-400g\\\/#breadcrumb\"},\"inLanguage\":\"en-US\",\"potentialAction\":[{\"@type\":\"ReadAction\",\"target\":[\"https:\\\/\\\/anadolupet.com.tr\\\/urun\\\/animonda-grancarno-sensitive-sigirli-ve-patatesli-yetiskin-kopek-konservesi-400g\\\/\"]}]},{\"@type\":\"ImageObject\",\"inLanguage\":\"en-US\",\"@id\":\"https:\\\/\\\/anadolupet.com.tr\\\/urun\\\/animonda-grancarno-sensitive-sigirli-ve-patatesli-yetiskin-kopek-konservesi-400g\\\/#primaryimage\",\"url\":\"https:\\\/\\\/anadolupet.com.tr\\\/wp-content\\\/uploads\\\/2026\\\/02\\\/200-082409-P.jpg\",\"contentUrl\":\"https:\\\/\\\/anadolupet.com.tr\\\/wp-content\\\/uploads\\\/2026\\\/02\\\/200-082409-P.jpg\",\"width\":750,\"height\":750},{\"@type\":\"BreadcrumbList\",\"@id\":\"https:\\\/\\\/anadolupet.com.tr\\\/urun\\\/animonda-grancarno-sensitive-sigirli-ve-patatesli-yetiskin-kopek-konservesi-400g\\\/#breadcrumb\",\"itemListElement\":[{\"@type\":\"ListItem\",\"position\":1,\"name\":\"Anasayfa\",\"item\":\"https:\\\/\\\/anadolupet.com.tr\\\/\"},{\"@type\":\"ListItem\",\"position\":2,\"name\":\"\u00dcr\u00fcnler\",\"item\":\"https:\\\/\\\/anadolupet.com.tr\\\/urunler\\\/\"},{\"@type\":\"ListItem\",\"position\":3,\"name\":\"Animonda GranCarno Sensitive S\u0131\u011f\u0131rl\u0131 ve Patatesli Yeti\u015fkin K\u00f6pek Konservesi 400g\"}]},{\"@type\":\"WebSite\",\"@id\":\"https:\\\/\\\/anadolupet.com.tr\\\/#website\",\"url\":\"https:\\\/\\\/anadolupet.com.tr\\\/\",\"name\":\"Anadolu Pet Grup\",\"description\":\"Her Can\u0131n \u0130yi Ya\u015fam\u0131 \u0130\u00e7in Biraraday\u0131z\",\"publisher\":{\"@id\":\"https:\\\/\\\/anadolupet.com.tr\\\/#organization\"},\"potentialAction\":[{\"@type\":\"SearchAction\",\"target\":{\"@type\":\"EntryPoint\",\"urlTemplate\":\"https:\\\/\\\/anadolupet.com.tr\\\/?s={search_term_string}\"},\"query-input\":{\"@type\":\"PropertyValueSpecification\",\"valueRequired\":true,\"valueName\":\"search_term_string\"}}],\"inLanguage\":\"en-US\"},{\"@type\":\"Organization\",\"@id\":\"https:\\\/\\\/anadolupet.com.tr\\\/#organization\",\"name\":\"Anadolu Pet Grup\",\"alternateName\":\"Anadolu Pet\",\"url\":\"https:\\\/\\\/anadolupet.com.tr\\\/\",\"logo\":{\"@type\":\"ImageObject\",\"inLanguage\":\"en-US\",\"@id\":\"https:\\\/\\\/anadolupet.com.tr\\\/#\\\/schema\\\/logo\\\/image\\\/\",\"url\":\"https:\\\/\\\/anadolupet.com.tr\\\/wp-content\\\/uploads\\\/2026\\\/03\\\/1614666743370.jpg\",\"contentUrl\":\"https:\\\/\\\/anadolupet.com.tr\\\/wp-content\\\/uploads\\\/2026\\\/03\\\/1614666743370.jpg\",\"width\":800,\"height\":571,\"caption\":\"Anadolu Pet Grup\"},\"image\":{\"@id\":\"https:\\\/\\\/anadolupet.com.tr\\\/#\\\/schema\\\/logo\\\/image\\\/\"}}]}<\/script>\n<!-- \/ Yoast SEO plugin. -->","yoast_head_json":{"title":"Animonda GranCarno Sensitive S\u0131\u011f\u0131rl\u0131 ve Patatesli Yeti\u015fkin K\u00f6pek Konservesi 400g - Anadolu Pet Grup","robots":{"index":"index","follow":"follow","max-snippet":"max-snippet:-1","max-image-preview":"max-image-preview:large","max-video-preview":"max-video-preview:-1"},"canonical":"https:\/\/anadolupet.com.tr\/en\/product\/animonda-grancarno-sensitive-sigirli-ve-patatesli-yetiskin-kopek-konservesi-400g\/","og_locale":"en_US","og_type":"article","og_title":"Animonda GranCarno Sensitive S\u0131\u011f\u0131rl\u0131 ve Patatesli Yeti\u015fkin K\u00f6pek Konservesi 400g - Anadolu Pet Grup","og_description":"GranCarno\u00ae Sensitiv Adult, 1 - 6 ya\u015f aras\u0131 beslenmeye duyarl\u0131 yeti\u015fkin k\u00f6pekler i\u00e7in en iyi \u015fekilde lezzetli, sa\u011fl\u0131kl\u0131, dengeli beslenme anlam\u0131na gelir. Se\u00e7ilen taze, etli malzemeler - sadece s\u0131\u011f\u0131r etinden - k\u00f6peklerin \u00e7ok takdir etti\u011fi e\u015fsiz tad\u0131 garanti eder. GranCarno Sensitiv Adult, yeti\u015fkin bir k\u00f6pe\u011fin ihtiya\u00e7 duydu\u011fu t\u00fcm temel besinleri sa\u011flar. Yeti\u015fkin k\u00f6pekler i\u00e7in tam ve dengeli evcil hayvan mamas\u0131 \u0130\u00e7indekiler: %53 S\u0131\u011f\u0131r eti (kalpler, akci\u011ferler, et, karaci\u011fer, meme, b\u00f6brekler), %10 patates, kalsiyum karbonat, sodyum klor\u00fcr. Analitik bile\u015fenler: %9 Protein, %7.5 Ya\u011f i\u00e7eri\u011fi, %0.5 Ham sel\u00fcloz, %1.7 Ham k\u00fcl, %78 Nem. Besin katk\u0131 maddeleri (kg): 200 IU 3a671, 0.75 mg 3b202, 1.4 mg 3b503, 25 mg 3b605.","og_url":"https:\/\/anadolupet.com.tr\/en\/product\/animonda-grancarno-sensitive-sigirli-ve-patatesli-yetiskin-kopek-konservesi-400g\/","og_site_name":"Anadolu Pet Grup","article_modified_time":"2026-02-23T12:47:46+00:00","og_image":[{"width":750,"height":750,"url":"https:\/\/anadolupet.com.tr\/wp-content\/uploads\/2026\/02\/200-082409-P.jpg","type":"image\/jpeg"}],"twitter_card":"summary_large_image","schema":{"@context":"https:\/\/schema.org","@graph":[{"@type":"WebPage","@id":"https:\/\/anadolupet.com.tr\/urun\/animonda-grancarno-sensitive-sigirli-ve-patatesli-yetiskin-kopek-konservesi-400g\/","url":"https:\/\/anadolupet.com.tr\/urun\/animonda-grancarno-sensitive-sigirli-ve-patatesli-yetiskin-kopek-konservesi-400g\/","name":"Animonda GranCarno Sensitive S\u0131\u011f\u0131rl\u0131 ve Patatesli Yeti\u015fkin K\u00f6pek Konservesi 400g - Anadolu Pet Grup","isPartOf":{"@id":"https:\/\/anadolupet.com.tr\/#website"},"primaryImageOfPage":{"@id":"https:\/\/anadolupet.com.tr\/urun\/animonda-grancarno-sensitive-sigirli-ve-patatesli-yetiskin-kopek-konservesi-400g\/#primaryimage"},"image":{"@id":"https:\/\/anadolupet.com.tr\/urun\/animonda-grancarno-sensitive-sigirli-ve-patatesli-yetiskin-kopek-konservesi-400g\/#primaryimage"},"thumbnailUrl":"https:\/\/anadolupet.com.tr\/wp-content\/uploads\/2026\/02\/200-082409-P.jpg","datePublished":"2026-02-14T14:39:12+00:00","dateModified":"2026-02-23T12:47:46+00:00","breadcrumb":{"@id":"https:\/\/anadolupet.com.tr\/urun\/animonda-grancarno-sensitive-sigirli-ve-patatesli-yetiskin-kopek-konservesi-400g\/#breadcrumb"},"inLanguage":"en-US","potentialAction":[{"@type":"ReadAction","target":["https:\/\/anadolupet.com.tr\/urun\/animonda-grancarno-sensitive-sigirli-ve-patatesli-yetiskin-kopek-konservesi-400g\/"]}]},{"@type":"ImageObject","inLanguage":"en-US","@id":"https:\/\/anadolupet.com.tr\/urun\/animonda-grancarno-sensitive-sigirli-ve-patatesli-yetiskin-kopek-konservesi-400g\/#primaryimage","url":"https:\/\/anadolupet.com.tr\/wp-content\/uploads\/2026\/02\/200-082409-P.jpg","contentUrl":"https:\/\/anadolupet.com.tr\/wp-content\/uploads\/2026\/02\/200-082409-P.jpg","width":750,"height":750},{"@type":"BreadcrumbList","@id":"https:\/\/anadolupet.com.tr\/urun\/animonda-grancarno-sensitive-sigirli-ve-patatesli-yetiskin-kopek-konservesi-400g\/#breadcrumb","itemListElement":[{"@type":"ListItem","position":1,"name":"Anasayfa","item":"https:\/\/anadolupet.com.tr\/"},{"@type":"ListItem","position":2,"name":"\u00dcr\u00fcnler","item":"https:\/\/anadolupet.com.tr\/urunler\/"},{"@type":"ListItem","position":3,"name":"Animonda GranCarno Sensitive S\u0131\u011f\u0131rl\u0131 ve Patatesli Yeti\u015fkin K\u00f6pek Konservesi 400g"}]},{"@type":"WebSite","@id":"https:\/\/anadolupet.com.tr\/#website","url":"https:\/\/anadolupet.com.tr\/","name":"Anadolu Pet Group","description":"We Stand Together for the Well-Being of Every Life","publisher":{"@id":"https:\/\/anadolupet.com.tr\/#organization"},"potentialAction":[{"@type":"SearchAction","target":{"@type":"EntryPoint","urlTemplate":"https:\/\/anadolupet.com.tr\/?s={search_term_string}"},"query-input":{"@type":"PropertyValueSpecification","valueRequired":true,"valueName":"search_term_string"}}],"inLanguage":"en-US"},{"@type":"Organization","@id":"https:\/\/anadolupet.com.tr\/#organization","name":"Anadolu Pet Group","alternateName":"Anadolu Pet","url":"https:\/\/anadolupet.com.tr\/","logo":{"@type":"ImageObject","inLanguage":"en-US","@id":"https:\/\/anadolupet.com.tr\/#\/schema\/logo\/image\/","url":"https:\/\/anadolupet.com.tr\/wp-content\/uploads\/2026\/03\/1614666743370.jpg","contentUrl":"https:\/\/anadolupet.com.tr\/wp-content\/uploads\/2026\/03\/1614666743370.jpg","width":800,"height":571,"caption":"Anadolu Pet Grup"},"image":{"@id":"https:\/\/anadolupet.com.tr\/#\/schema\/logo\/image\/"}}]}},"_links":{"self":[{"href":"https:\/\/anadolupet.com.tr\/en\/wp-json\/wp\/v2\/product\/44617","targetHints":{"allow":["GET"]}}],"collection":[{"href":"https:\/\/anadolupet.com.tr\/en\/wp-json\/wp\/v2\/product"}],"about":[{"href":"https:\/\/anadolupet.com.tr\/en\/wp-json\/wp\/v2\/types\/product"}],"replies":[{"embeddable":true,"href":"https:\/\/anadolupet.com.tr\/en\/wp-json\/wp\/v2\/comments?post=44617"}],"wp:featuredmedia":[{"embeddable":true,"href":"https:\/\/anadolupet.com.tr\/en\/wp-json\/wp\/v2\/media\/46413"}],"wp:attachment":[{"href":"https:\/\/anadolupet.com.tr\/en\/wp-json\/wp\/v2\/media?parent=44617"}],"wp:term":[{"taxonomy":"product_brand","embeddable":true,"href":"https:\/\/anadolupet.com.tr\/en\/wp-json\/wp\/v2\/product_brand?post=44617"},{"taxonomy":"product_cat","embeddable":true,"href":"https:\/\/anadolupet.com.tr\/en\/wp-json\/wp\/v2\/product_cat?post=44617"},{"taxonomy":"product_tag","embeddable":true,"href":"https:\/\/anadolupet.com.tr\/en\/wp-json\/wp\/v2\/product_tag?post=44617"}],"curies":[{"name":"wp","href":"https:\/\/api.w.org\/{rel}","templated":true}]}}