{"id":44627,"date":"2026-02-14T14:39:15","date_gmt":"2026-02-14T14:39:15","guid":{"rendered":"https:\/\/anadolupet.com.tr\/urun\/animonda-vom-feinsten-dana-ve-ordek-etli-yetiskin-mini-irk-kopek-konservesi-100g\/"},"modified":"2026-02-23T12:47:46","modified_gmt":"2026-02-23T12:47:46","slug":"animonda-vom-feinsten-dana-ve-ordek-etli-yetiskin-mini-irk-kopek-konservesi-100g","status":"publish","type":"product","link":"https:\/\/anadolupet.com.tr\/en\/urun\/animonda-vom-feinsten-dana-ve-ordek-etli-yetiskin-mini-irk-kopek-konservesi-100g\/","title":{"rendered":"Animonda Vom Feinsten Adult Mini Breed Dog Canned Food with Veal and Duck Meat 100g"},"content":{"rendered":"","protected":false},"excerpt":{"rendered":"<p>K\u00fc\u00e7\u00fck \u0131rk yeti\u015fkin k\u00f6pekler i\u00e7in tam ve dengeli bir beslenme sa\u011flar. Aromatik otlarla zenginle\u015ftirilmi\u015f, lezzetli tarifleri sayesinde i\u015ftah a\u00e7\u0131c\u0131 ve dengeli bir beslenme sunar.<br \/>\n\u0130\u00e7erik: %62 Et ve Hayvansal T\u00fcrevler (Domuz Eti, %8 Tavuk, %4 Kaz Eti) Mineraller: Maydanoz %0,1<br \/>\nAnalitik Bile\u015fenler: Protein %10,5, Ya\u011f \u0130\u00e7eri\u011fi %5, Ham Lif %0,3, Ham K\u00fcl %2, Nem %81<br \/>\nBesinsel \u0130laveler: Vitamin D3 150 IU\/kg, Bak\u0131r Amino Asit \u015eelat\u0131 1 mg\/kg, \u00c7inko S\u00fclfat, Monohidrat 26 mg\/kg, Manganez S\u00fclfat, Monohidrat 1,7 mg\/kg, Kalsiyum \u0130yodat 0,4 mg\/kg<br \/>\nBeslenme Tavsiyesi<br \/>\n2 kg k\u00f6pek i\u00e7in 180 g<br \/>\n4 kg k\u00f6pek i\u00e7in 300 g<br \/>\n6 kg k\u00f6pek i\u00e7in 415 g<br \/>\n8 kg k\u00f6pek i\u00e7in 515 g<\/p>","protected":false},"featured_media":42818,"comment_status":"open","ping_status":"closed","template":"","meta":{"_acf_changed":false},"product_brand":[],"product_cat":[2450],"product_tag":[],"class_list":{"0":"post-44627","1":"product","2":"type-product","3":"status-publish","4":"has-post-thumbnail","6":"product_cat-kopek-konserveleri","8":"first","9":"instock","10":"shipping-taxable","11":"product-type-simple"},"acf":[],"yoast_head":"<!-- This site is optimized with the Yoast SEO plugin v27.5 - https:\/\/yoast.com\/product\/yoast-seo-wordpress\/ -->\n<title>Animonda Vom Feinsten Dana ve \u00d6rdek Etli Yeti\u015fkin Mini Irk K\u00f6pek Konservesi 100g - Anadolu Pet Grup<\/title>\n<meta name=\"robots\" content=\"index, follow, max-snippet:-1, max-image-preview:large, max-video-preview:-1\" \/>\n<link rel=\"canonical\" href=\"https:\/\/anadolupet.com.tr\/en\/product\/animonda-vom-feinsten-dana-ve-ordek-etli-yetiskin-mini-irk-kopek-konservesi-100g\/\" \/>\n<meta property=\"og:locale\" content=\"en_US\" \/>\n<meta property=\"og:type\" content=\"article\" \/>\n<meta property=\"og:title\" content=\"Animonda Vom Feinsten Dana ve \u00d6rdek Etli Yeti\u015fkin Mini Irk K\u00f6pek Konservesi 100g - Anadolu Pet Grup\" \/>\n<meta property=\"og:description\" content=\"K\u00fc\u00e7\u00fck \u0131rk yeti\u015fkin k\u00f6pekler i\u00e7in tam ve dengeli bir beslenme sa\u011flar. Aromatik otlarla zenginle\u015ftirilmi\u015f, lezzetli tarifleri sayesinde i\u015ftah a\u00e7\u0131c\u0131 ve dengeli bir beslenme sunar. \u0130\u00e7erik: %62 Et ve Hayvansal T\u00fcrevler (Domuz Eti, %8 Tavuk, %4 Kaz Eti) Mineraller: Maydanoz %0,1 Analitik Bile\u015fenler: Protein %10,5, Ya\u011f \u0130\u00e7eri\u011fi %5, Ham Lif %0,3, Ham K\u00fcl %2, Nem %81 Besinsel \u0130laveler: Vitamin D3 150 IU\/kg, Bak\u0131r Amino Asit \u015eelat\u0131 1 mg\/kg, \u00c7inko S\u00fclfat, Monohidrat 26 mg\/kg, Manganez S\u00fclfat, Monohidrat 1,7 mg\/kg, Kalsiyum \u0130yodat 0,4 mg\/kg Beslenme Tavsiyesi 2 kg k\u00f6pek i\u00e7in 180 g 4 kg k\u00f6pek i\u00e7in 300 g 6 kg k\u00f6pek i\u00e7in 415 g 8 kg k\u00f6pek i\u00e7in 515 g\" \/>\n<meta property=\"og:url\" content=\"https:\/\/anadolupet.com.tr\/en\/product\/animonda-vom-feinsten-dana-ve-ordek-etli-yetiskin-mini-irk-kopek-konservesi-100g\/\" \/>\n<meta property=\"og:site_name\" content=\"Anadolu Pet Grup\" \/>\n<meta property=\"article:modified_time\" content=\"2026-02-23T12:47:46+00:00\" \/>\n<meta property=\"og:image\" content=\"https:\/\/anadolupet.com.tr\/wp-content\/uploads\/2026\/02\/200-082361.jpg\" \/>\n\t<meta property=\"og:image:width\" content=\"750\" \/>\n\t<meta property=\"og:image:height\" content=\"750\" \/>\n\t<meta property=\"og:image:type\" content=\"image\/jpeg\" \/>\n<meta name=\"twitter:card\" content=\"summary_large_image\" \/>\n<script type=\"application\/ld+json\" class=\"yoast-schema-graph\">{\"@context\":\"https:\\\/\\\/schema.org\",\"@graph\":[{\"@type\":\"WebPage\",\"@id\":\"https:\\\/\\\/anadolupet.com.tr\\\/urun\\\/animonda-vom-feinsten-dana-ve-ordek-etli-yetiskin-mini-irk-kopek-konservesi-100g\\\/\",\"url\":\"https:\\\/\\\/anadolupet.com.tr\\\/urun\\\/animonda-vom-feinsten-dana-ve-ordek-etli-yetiskin-mini-irk-kopek-konservesi-100g\\\/\",\"name\":\"Animonda Vom Feinsten Dana ve \u00d6rdek Etli Yeti\u015fkin Mini Irk K\u00f6pek Konservesi 100g - Anadolu Pet Grup\",\"isPartOf\":{\"@id\":\"https:\\\/\\\/anadolupet.com.tr\\\/#website\"},\"primaryImageOfPage\":{\"@id\":\"https:\\\/\\\/anadolupet.com.tr\\\/urun\\\/animonda-vom-feinsten-dana-ve-ordek-etli-yetiskin-mini-irk-kopek-konservesi-100g\\\/#primaryimage\"},\"image\":{\"@id\":\"https:\\\/\\\/anadolupet.com.tr\\\/urun\\\/animonda-vom-feinsten-dana-ve-ordek-etli-yetiskin-mini-irk-kopek-konservesi-100g\\\/#primaryimage\"},\"thumbnailUrl\":\"https:\\\/\\\/anadolupet.com.tr\\\/wp-content\\\/uploads\\\/2026\\\/02\\\/200-082361.jpg\",\"datePublished\":\"2026-02-14T14:39:15+00:00\",\"dateModified\":\"2026-02-23T12:47:46+00:00\",\"breadcrumb\":{\"@id\":\"https:\\\/\\\/anadolupet.com.tr\\\/urun\\\/animonda-vom-feinsten-dana-ve-ordek-etli-yetiskin-mini-irk-kopek-konservesi-100g\\\/#breadcrumb\"},\"inLanguage\":\"en-US\",\"potentialAction\":[{\"@type\":\"ReadAction\",\"target\":[\"https:\\\/\\\/anadolupet.com.tr\\\/urun\\\/animonda-vom-feinsten-dana-ve-ordek-etli-yetiskin-mini-irk-kopek-konservesi-100g\\\/\"]}]},{\"@type\":\"ImageObject\",\"inLanguage\":\"en-US\",\"@id\":\"https:\\\/\\\/anadolupet.com.tr\\\/urun\\\/animonda-vom-feinsten-dana-ve-ordek-etli-yetiskin-mini-irk-kopek-konservesi-100g\\\/#primaryimage\",\"url\":\"https:\\\/\\\/anadolupet.com.tr\\\/wp-content\\\/uploads\\\/2026\\\/02\\\/200-082361.jpg\",\"contentUrl\":\"https:\\\/\\\/anadolupet.com.tr\\\/wp-content\\\/uploads\\\/2026\\\/02\\\/200-082361.jpg\",\"width\":750,\"height\":750},{\"@type\":\"BreadcrumbList\",\"@id\":\"https:\\\/\\\/anadolupet.com.tr\\\/urun\\\/animonda-vom-feinsten-dana-ve-ordek-etli-yetiskin-mini-irk-kopek-konservesi-100g\\\/#breadcrumb\",\"itemListElement\":[{\"@type\":\"ListItem\",\"position\":1,\"name\":\"Anasayfa\",\"item\":\"https:\\\/\\\/anadolupet.com.tr\\\/\"},{\"@type\":\"ListItem\",\"position\":2,\"name\":\"\u00dcr\u00fcnler\",\"item\":\"https:\\\/\\\/anadolupet.com.tr\\\/urunler\\\/\"},{\"@type\":\"ListItem\",\"position\":3,\"name\":\"Animonda Vom Feinsten Dana ve \u00d6rdek Etli Yeti\u015fkin Mini Irk K\u00f6pek Konservesi 100g\"}]},{\"@type\":\"WebSite\",\"@id\":\"https:\\\/\\\/anadolupet.com.tr\\\/#website\",\"url\":\"https:\\\/\\\/anadolupet.com.tr\\\/\",\"name\":\"Anadolu Pet Grup\",\"description\":\"Her Can\u0131n \u0130yi Ya\u015fam\u0131 \u0130\u00e7in Biraraday\u0131z\",\"publisher\":{\"@id\":\"https:\\\/\\\/anadolupet.com.tr\\\/#organization\"},\"potentialAction\":[{\"@type\":\"SearchAction\",\"target\":{\"@type\":\"EntryPoint\",\"urlTemplate\":\"https:\\\/\\\/anadolupet.com.tr\\\/?s={search_term_string}\"},\"query-input\":{\"@type\":\"PropertyValueSpecification\",\"valueRequired\":true,\"valueName\":\"search_term_string\"}}],\"inLanguage\":\"en-US\"},{\"@type\":\"Organization\",\"@id\":\"https:\\\/\\\/anadolupet.com.tr\\\/#organization\",\"name\":\"Anadolu Pet Grup\",\"alternateName\":\"Anadolu Pet\",\"url\":\"https:\\\/\\\/anadolupet.com.tr\\\/\",\"logo\":{\"@type\":\"ImageObject\",\"inLanguage\":\"en-US\",\"@id\":\"https:\\\/\\\/anadolupet.com.tr\\\/#\\\/schema\\\/logo\\\/image\\\/\",\"url\":\"https:\\\/\\\/anadolupet.com.tr\\\/wp-content\\\/uploads\\\/2026\\\/03\\\/1614666743370.jpg\",\"contentUrl\":\"https:\\\/\\\/anadolupet.com.tr\\\/wp-content\\\/uploads\\\/2026\\\/03\\\/1614666743370.jpg\",\"width\":800,\"height\":571,\"caption\":\"Anadolu Pet Grup\"},\"image\":{\"@id\":\"https:\\\/\\\/anadolupet.com.tr\\\/#\\\/schema\\\/logo\\\/image\\\/\"}}]}<\/script>\n<!-- \/ Yoast SEO plugin. -->","yoast_head_json":{"title":"Animonda Vom Feinsten Dana ve \u00d6rdek Etli Yeti\u015fkin Mini Irk K\u00f6pek Konservesi 100g - Anadolu Pet Grup","robots":{"index":"index","follow":"follow","max-snippet":"max-snippet:-1","max-image-preview":"max-image-preview:large","max-video-preview":"max-video-preview:-1"},"canonical":"https:\/\/anadolupet.com.tr\/en\/product\/animonda-vom-feinsten-dana-ve-ordek-etli-yetiskin-mini-irk-kopek-konservesi-100g\/","og_locale":"en_US","og_type":"article","og_title":"Animonda Vom Feinsten Dana ve \u00d6rdek Etli Yeti\u015fkin Mini Irk K\u00f6pek Konservesi 100g - Anadolu Pet Grup","og_description":"K\u00fc\u00e7\u00fck \u0131rk yeti\u015fkin k\u00f6pekler i\u00e7in tam ve dengeli bir beslenme sa\u011flar. Aromatik otlarla zenginle\u015ftirilmi\u015f, lezzetli tarifleri sayesinde i\u015ftah a\u00e7\u0131c\u0131 ve dengeli bir beslenme sunar. \u0130\u00e7erik: %62 Et ve Hayvansal T\u00fcrevler (Domuz Eti, %8 Tavuk, %4 Kaz Eti) Mineraller: Maydanoz %0,1 Analitik Bile\u015fenler: Protein %10,5, Ya\u011f \u0130\u00e7eri\u011fi %5, Ham Lif %0,3, Ham K\u00fcl %2, Nem %81 Besinsel \u0130laveler: Vitamin D3 150 IU\/kg, Bak\u0131r Amino Asit \u015eelat\u0131 1 mg\/kg, \u00c7inko S\u00fclfat, Monohidrat 26 mg\/kg, Manganez S\u00fclfat, Monohidrat 1,7 mg\/kg, Kalsiyum \u0130yodat 0,4 mg\/kg Beslenme Tavsiyesi 2 kg k\u00f6pek i\u00e7in 180 g 4 kg k\u00f6pek i\u00e7in 300 g 6 kg k\u00f6pek i\u00e7in 415 g 8 kg k\u00f6pek i\u00e7in 515 g","og_url":"https:\/\/anadolupet.com.tr\/en\/product\/animonda-vom-feinsten-dana-ve-ordek-etli-yetiskin-mini-irk-kopek-konservesi-100g\/","og_site_name":"Anadolu Pet Grup","article_modified_time":"2026-02-23T12:47:46+00:00","og_image":[{"width":750,"height":750,"url":"https:\/\/anadolupet.com.tr\/wp-content\/uploads\/2026\/02\/200-082361.jpg","type":"image\/jpeg"}],"twitter_card":"summary_large_image","schema":{"@context":"https:\/\/schema.org","@graph":[{"@type":"WebPage","@id":"https:\/\/anadolupet.com.tr\/urun\/animonda-vom-feinsten-dana-ve-ordek-etli-yetiskin-mini-irk-kopek-konservesi-100g\/","url":"https:\/\/anadolupet.com.tr\/urun\/animonda-vom-feinsten-dana-ve-ordek-etli-yetiskin-mini-irk-kopek-konservesi-100g\/","name":"Animonda Vom Feinsten Dana ve \u00d6rdek Etli Yeti\u015fkin Mini Irk K\u00f6pek Konservesi 100g - Anadolu Pet Grup","isPartOf":{"@id":"https:\/\/anadolupet.com.tr\/#website"},"primaryImageOfPage":{"@id":"https:\/\/anadolupet.com.tr\/urun\/animonda-vom-feinsten-dana-ve-ordek-etli-yetiskin-mini-irk-kopek-konservesi-100g\/#primaryimage"},"image":{"@id":"https:\/\/anadolupet.com.tr\/urun\/animonda-vom-feinsten-dana-ve-ordek-etli-yetiskin-mini-irk-kopek-konservesi-100g\/#primaryimage"},"thumbnailUrl":"https:\/\/anadolupet.com.tr\/wp-content\/uploads\/2026\/02\/200-082361.jpg","datePublished":"2026-02-14T14:39:15+00:00","dateModified":"2026-02-23T12:47:46+00:00","breadcrumb":{"@id":"https:\/\/anadolupet.com.tr\/urun\/animonda-vom-feinsten-dana-ve-ordek-etli-yetiskin-mini-irk-kopek-konservesi-100g\/#breadcrumb"},"inLanguage":"en-US","potentialAction":[{"@type":"ReadAction","target":["https:\/\/anadolupet.com.tr\/urun\/animonda-vom-feinsten-dana-ve-ordek-etli-yetiskin-mini-irk-kopek-konservesi-100g\/"]}]},{"@type":"ImageObject","inLanguage":"en-US","@id":"https:\/\/anadolupet.com.tr\/urun\/animonda-vom-feinsten-dana-ve-ordek-etli-yetiskin-mini-irk-kopek-konservesi-100g\/#primaryimage","url":"https:\/\/anadolupet.com.tr\/wp-content\/uploads\/2026\/02\/200-082361.jpg","contentUrl":"https:\/\/anadolupet.com.tr\/wp-content\/uploads\/2026\/02\/200-082361.jpg","width":750,"height":750},{"@type":"BreadcrumbList","@id":"https:\/\/anadolupet.com.tr\/urun\/animonda-vom-feinsten-dana-ve-ordek-etli-yetiskin-mini-irk-kopek-konservesi-100g\/#breadcrumb","itemListElement":[{"@type":"ListItem","position":1,"name":"Anasayfa","item":"https:\/\/anadolupet.com.tr\/"},{"@type":"ListItem","position":2,"name":"\u00dcr\u00fcnler","item":"https:\/\/anadolupet.com.tr\/urunler\/"},{"@type":"ListItem","position":3,"name":"Animonda Vom Feinsten Dana ve \u00d6rdek Etli Yeti\u015fkin Mini Irk K\u00f6pek Konservesi 100g"}]},{"@type":"WebSite","@id":"https:\/\/anadolupet.com.tr\/#website","url":"https:\/\/anadolupet.com.tr\/","name":"Anadolu Pet Group","description":"We Stand Together for the Well-Being of Every Life","publisher":{"@id":"https:\/\/anadolupet.com.tr\/#organization"},"potentialAction":[{"@type":"SearchAction","target":{"@type":"EntryPoint","urlTemplate":"https:\/\/anadolupet.com.tr\/?s={search_term_string}"},"query-input":{"@type":"PropertyValueSpecification","valueRequired":true,"valueName":"search_term_string"}}],"inLanguage":"en-US"},{"@type":"Organization","@id":"https:\/\/anadolupet.com.tr\/#organization","name":"Anadolu Pet Group","alternateName":"Anadolu Pet","url":"https:\/\/anadolupet.com.tr\/","logo":{"@type":"ImageObject","inLanguage":"en-US","@id":"https:\/\/anadolupet.com.tr\/#\/schema\/logo\/image\/","url":"https:\/\/anadolupet.com.tr\/wp-content\/uploads\/2026\/03\/1614666743370.jpg","contentUrl":"https:\/\/anadolupet.com.tr\/wp-content\/uploads\/2026\/03\/1614666743370.jpg","width":800,"height":571,"caption":"Anadolu Pet Grup"},"image":{"@id":"https:\/\/anadolupet.com.tr\/#\/schema\/logo\/image\/"}}]}},"_links":{"self":[{"href":"https:\/\/anadolupet.com.tr\/en\/wp-json\/wp\/v2\/product\/44627","targetHints":{"allow":["GET"]}}],"collection":[{"href":"https:\/\/anadolupet.com.tr\/en\/wp-json\/wp\/v2\/product"}],"about":[{"href":"https:\/\/anadolupet.com.tr\/en\/wp-json\/wp\/v2\/types\/product"}],"replies":[{"embeddable":true,"href":"https:\/\/anadolupet.com.tr\/en\/wp-json\/wp\/v2\/comments?post=44627"}],"wp:featuredmedia":[{"embeddable":true,"href":"https:\/\/anadolupet.com.tr\/en\/wp-json\/wp\/v2\/media\/42818"}],"wp:attachment":[{"href":"https:\/\/anadolupet.com.tr\/en\/wp-json\/wp\/v2\/media?parent=44627"}],"wp:term":[{"taxonomy":"product_brand","embeddable":true,"href":"https:\/\/anadolupet.com.tr\/en\/wp-json\/wp\/v2\/product_brand?post=44627"},{"taxonomy":"product_cat","embeddable":true,"href":"https:\/\/anadolupet.com.tr\/en\/wp-json\/wp\/v2\/product_cat?post=44627"},{"taxonomy":"product_tag","embeddable":true,"href":"https:\/\/anadolupet.com.tr\/en\/wp-json\/wp\/v2\/product_tag?post=44627"}],"curies":[{"name":"wp","href":"https:\/\/api.w.org\/{rel}","templated":true}]}}