{"id":44632,"date":"2026-02-14T14:39:15","date_gmt":"2026-02-14T14:39:15","guid":{"rendered":"https:\/\/anadolupet.com.tr\/urun\/animonda-vom-feinsten-hindili-ve-somonlu-kisirlastirilmis-kedi-konservesi-100g\/"},"modified":"2026-02-23T12:47:47","modified_gmt":"2026-02-23T12:47:47","slug":"animonda-vom-feinsten-hindili-ve-somonlu-kisirlastirilmis-kedi-konservesi-100g","status":"publish","type":"product","link":"https:\/\/anadolupet.com.tr\/en\/urun\/animonda-vom-feinsten-hindili-ve-somonlu-kisirlastirilmis-kedi-konservesi-100g\/","title":{"rendered":"Animonda Vom Feinsten Spayed Cat Canned Food with Turkey and Salmon 100g"},"content":{"rendered":"","protected":false},"excerpt":{"rendered":"<p>En iyi K\u0131s\u0131rla\u015ft\u0131r\u0131lm\u0131\u015f kediler, yeti\u015fkin ve k\u0131s\u0131rla\u015ft\u0131r\u0131lm\u0131\u015f kediler i\u00e7in en \u00fcst d\u00fczeyde dengeli, lezzetli sa\u011fl\u0131kl\u0131 beslenme anlam\u0131na gelir. Kastrasyon hormonal dengeyi \u00f6nemli \u00f6l\u00e7\u00fcde de\u011fi\u015ftirir. G\u00fcnl\u00fck enerji ihtiyac\u0131 azal\u0131r, ancak ayn\u0131 zamanda i\u015ftah ve b\u00f6ylece yem al\u0131m\u0131 artar. Bu nedenle k\u0131s\u0131rla\u015ft\u0131r\u0131lm\u0131\u015f kediler \u00f6zellikle obezite riski alt\u0131ndad\u0131r. Hindiden gelen saf kas etinden elde edilen y\u00fcksek oranda sindirilebilir protein, d\u00fc\u015f\u00fck ya\u011f i\u00e7eri\u011fi ile birlikte istenen kilo k\u0131vam\u0131n\u0131 destekler. \u0130nce b\u00f6rekler yeti\u015fkin kediye t\u00fcm hayati besinleri sa\u011flar. Et hammaddesinin \u00f6zel se\u00e7imi ve kalitesi benzersiz bir keyfi garantilidir.<br \/>\nK\u0131s\u0131rla\u015ft\u0131r\u0131lm\u0131\u015f ve yeti\u015fkin kediler i\u00e7in tam ve dengeli evcil hayvan mamas\u0131.<br \/>\n\u0130\u00e7indekiler: %45 Hindi, %7.5 somon, alabal\u0131k, kalsiyum karbonat, sodyum klor\u00fcr.<br \/>\nAnalitik bile\u015fenler:<br \/>\n%11,2 Protein,<br \/>\n%4.4 Ya\u011f i\u00e7eri\u011fi,<br \/>\n%0.3 Ham sel\u00fcloz,<br \/>\n%1.8 Ham k\u00fcl,<br \/>\n%81 Nem,<br \/>\nTaurin 650 mg\/kg.<br \/>\nBesin katk\u0131 maddeleri (kg):<br \/>\n4000 IU 3a672a,<br \/>\n200 IU 3a671,<br \/>\n2mg 3b406, 14.7 mg 3b605, 1.4 mg 3b503,<br \/>\n0.1 mg 3b202,<br \/>\n5.7 mg 3b103.<\/p>","protected":false},"featured_media":42857,"comment_status":"open","ping_status":"closed","template":"","meta":{"_acf_changed":false},"product_brand":[],"product_cat":[2427],"product_tag":[],"class_list":{"0":"post-44632","1":"product","2":"type-product","3":"status-publish","4":"has-post-thumbnail","6":"product_cat-kedi-konserveleri","8":"first","9":"instock","10":"shipping-taxable","11":"product-type-simple"},"acf":[],"yoast_head":"<!-- This site is optimized with the Yoast SEO plugin v27.4 - https:\/\/yoast.com\/product\/yoast-seo-wordpress\/ -->\n<title>Animonda Vom Feinsten Hindili ve Somonlu K\u0131s\u0131rla\u015ft\u0131r\u0131lm\u0131\u015f Kedi Konservesi 100g - Anadolu Pet Grup<\/title>\n<meta name=\"robots\" content=\"index, follow, max-snippet:-1, max-image-preview:large, max-video-preview:-1\" \/>\n<link rel=\"canonical\" href=\"https:\/\/anadolupet.com.tr\/en\/product\/animonda-vom-feinsten-hindili-ve-somonlu-kisirlastirilmis-kedi-konservesi-100g\/\" \/>\n<meta property=\"og:locale\" content=\"en_US\" \/>\n<meta property=\"og:type\" content=\"article\" \/>\n<meta property=\"og:title\" content=\"Animonda Vom Feinsten Hindili ve Somonlu K\u0131s\u0131rla\u015ft\u0131r\u0131lm\u0131\u015f Kedi Konservesi 100g - Anadolu Pet Grup\" \/>\n<meta property=\"og:description\" content=\"En iyi K\u0131s\u0131rla\u015ft\u0131r\u0131lm\u0131\u015f kediler, yeti\u015fkin ve k\u0131s\u0131rla\u015ft\u0131r\u0131lm\u0131\u015f kediler i\u00e7in en \u00fcst d\u00fczeyde dengeli, lezzetli sa\u011fl\u0131kl\u0131 beslenme anlam\u0131na gelir. Kastrasyon hormonal dengeyi \u00f6nemli \u00f6l\u00e7\u00fcde de\u011fi\u015ftirir. G\u00fcnl\u00fck enerji ihtiyac\u0131 azal\u0131r, ancak ayn\u0131 zamanda i\u015ftah ve b\u00f6ylece yem al\u0131m\u0131 artar. Bu nedenle k\u0131s\u0131rla\u015ft\u0131r\u0131lm\u0131\u015f kediler \u00f6zellikle obezite riski alt\u0131ndad\u0131r. Hindiden gelen saf kas etinden elde edilen y\u00fcksek oranda sindirilebilir protein, d\u00fc\u015f\u00fck ya\u011f i\u00e7eri\u011fi ile birlikte istenen kilo k\u0131vam\u0131n\u0131 destekler. \u0130nce b\u00f6rekler yeti\u015fkin kediye t\u00fcm hayati besinleri sa\u011flar. Et hammaddesinin \u00f6zel se\u00e7imi ve kalitesi benzersiz bir keyfi garantilidir. K\u0131s\u0131rla\u015ft\u0131r\u0131lm\u0131\u015f ve yeti\u015fkin kediler i\u00e7in tam ve dengeli evcil hayvan mamas\u0131. \u0130\u00e7indekiler: %45 Hindi, %7.5 somon, alabal\u0131k, kalsiyum karbonat, sodyum klor\u00fcr. Analitik bile\u015fenler: %11,2 Protein, %4.4 Ya\u011f i\u00e7eri\u011fi, %0.3 Ham sel\u00fcloz, %1.8 Ham k\u00fcl, %81 Nem, Taurin 650 mg\/kg. Besin katk\u0131 maddeleri (kg): 4000 IU 3a672a, 200 IU 3a671, 2mg 3b406, 14.7 mg 3b605, 1.4 mg 3b503, 0.1 mg 3b202, 5.7 mg 3b103.\" \/>\n<meta property=\"og:url\" content=\"https:\/\/anadolupet.com.tr\/en\/product\/animonda-vom-feinsten-hindili-ve-somonlu-kisirlastirilmis-kedi-konservesi-100g\/\" \/>\n<meta property=\"og:site_name\" content=\"Anadolu Pet Grup\" \/>\n<meta property=\"article:modified_time\" content=\"2026-02-23T12:47:47+00:00\" \/>\n<meta property=\"og:image\" content=\"https:\/\/anadolupet.com.tr\/wp-content\/uploads\/2026\/02\/200-083048.jpg\" \/>\n\t<meta property=\"og:image:width\" content=\"750\" \/>\n\t<meta property=\"og:image:height\" content=\"750\" \/>\n\t<meta property=\"og:image:type\" content=\"image\/jpeg\" \/>\n<meta name=\"twitter:card\" content=\"summary_large_image\" \/>\n<script type=\"application\/ld+json\" class=\"yoast-schema-graph\">{\"@context\":\"https:\\\/\\\/schema.org\",\"@graph\":[{\"@type\":\"WebPage\",\"@id\":\"https:\\\/\\\/anadolupet.com.tr\\\/urun\\\/animonda-vom-feinsten-hindili-ve-somonlu-kisirlastirilmis-kedi-konservesi-100g\\\/\",\"url\":\"https:\\\/\\\/anadolupet.com.tr\\\/urun\\\/animonda-vom-feinsten-hindili-ve-somonlu-kisirlastirilmis-kedi-konservesi-100g\\\/\",\"name\":\"Animonda Vom Feinsten Hindili ve Somonlu K\u0131s\u0131rla\u015ft\u0131r\u0131lm\u0131\u015f Kedi Konservesi 100g - Anadolu Pet Grup\",\"isPartOf\":{\"@id\":\"https:\\\/\\\/anadolupet.com.tr\\\/#website\"},\"primaryImageOfPage\":{\"@id\":\"https:\\\/\\\/anadolupet.com.tr\\\/urun\\\/animonda-vom-feinsten-hindili-ve-somonlu-kisirlastirilmis-kedi-konservesi-100g\\\/#primaryimage\"},\"image\":{\"@id\":\"https:\\\/\\\/anadolupet.com.tr\\\/urun\\\/animonda-vom-feinsten-hindili-ve-somonlu-kisirlastirilmis-kedi-konservesi-100g\\\/#primaryimage\"},\"thumbnailUrl\":\"https:\\\/\\\/anadolupet.com.tr\\\/wp-content\\\/uploads\\\/2026\\\/02\\\/200-083048.jpg\",\"datePublished\":\"2026-02-14T14:39:15+00:00\",\"dateModified\":\"2026-02-23T12:47:47+00:00\",\"breadcrumb\":{\"@id\":\"https:\\\/\\\/anadolupet.com.tr\\\/urun\\\/animonda-vom-feinsten-hindili-ve-somonlu-kisirlastirilmis-kedi-konservesi-100g\\\/#breadcrumb\"},\"inLanguage\":\"en-US\",\"potentialAction\":[{\"@type\":\"ReadAction\",\"target\":[\"https:\\\/\\\/anadolupet.com.tr\\\/urun\\\/animonda-vom-feinsten-hindili-ve-somonlu-kisirlastirilmis-kedi-konservesi-100g\\\/\"]}]},{\"@type\":\"ImageObject\",\"inLanguage\":\"en-US\",\"@id\":\"https:\\\/\\\/anadolupet.com.tr\\\/urun\\\/animonda-vom-feinsten-hindili-ve-somonlu-kisirlastirilmis-kedi-konservesi-100g\\\/#primaryimage\",\"url\":\"https:\\\/\\\/anadolupet.com.tr\\\/wp-content\\\/uploads\\\/2026\\\/02\\\/200-083048.jpg\",\"contentUrl\":\"https:\\\/\\\/anadolupet.com.tr\\\/wp-content\\\/uploads\\\/2026\\\/02\\\/200-083048.jpg\",\"width\":750,\"height\":750},{\"@type\":\"BreadcrumbList\",\"@id\":\"https:\\\/\\\/anadolupet.com.tr\\\/urun\\\/animonda-vom-feinsten-hindili-ve-somonlu-kisirlastirilmis-kedi-konservesi-100g\\\/#breadcrumb\",\"itemListElement\":[{\"@type\":\"ListItem\",\"position\":1,\"name\":\"Anasayfa\",\"item\":\"https:\\\/\\\/anadolupet.com.tr\\\/\"},{\"@type\":\"ListItem\",\"position\":2,\"name\":\"\u00dcr\u00fcnler\",\"item\":\"https:\\\/\\\/anadolupet.com.tr\\\/urunler\\\/\"},{\"@type\":\"ListItem\",\"position\":3,\"name\":\"Animonda Vom Feinsten Hindili ve Somonlu K\u0131s\u0131rla\u015ft\u0131r\u0131lm\u0131\u015f Kedi Konservesi 100g\"}]},{\"@type\":\"WebSite\",\"@id\":\"https:\\\/\\\/anadolupet.com.tr\\\/#website\",\"url\":\"https:\\\/\\\/anadolupet.com.tr\\\/\",\"name\":\"Anadolu Pet Grup\",\"description\":\"Her Can\u0131n \u0130yi Ya\u015fam\u0131 \u0130\u00e7in Biraraday\u0131z\",\"publisher\":{\"@id\":\"https:\\\/\\\/anadolupet.com.tr\\\/#organization\"},\"potentialAction\":[{\"@type\":\"SearchAction\",\"target\":{\"@type\":\"EntryPoint\",\"urlTemplate\":\"https:\\\/\\\/anadolupet.com.tr\\\/?s={search_term_string}\"},\"query-input\":{\"@type\":\"PropertyValueSpecification\",\"valueRequired\":true,\"valueName\":\"search_term_string\"}}],\"inLanguage\":\"en-US\"},{\"@type\":\"Organization\",\"@id\":\"https:\\\/\\\/anadolupet.com.tr\\\/#organization\",\"name\":\"Anadolu Pet Grup\",\"alternateName\":\"Anadolu Pet\",\"url\":\"https:\\\/\\\/anadolupet.com.tr\\\/\",\"logo\":{\"@type\":\"ImageObject\",\"inLanguage\":\"en-US\",\"@id\":\"https:\\\/\\\/anadolupet.com.tr\\\/#\\\/schema\\\/logo\\\/image\\\/\",\"url\":\"https:\\\/\\\/anadolupet.com.tr\\\/wp-content\\\/uploads\\\/2026\\\/03\\\/1614666743370.jpg\",\"contentUrl\":\"https:\\\/\\\/anadolupet.com.tr\\\/wp-content\\\/uploads\\\/2026\\\/03\\\/1614666743370.jpg\",\"width\":800,\"height\":571,\"caption\":\"Anadolu Pet Grup\"},\"image\":{\"@id\":\"https:\\\/\\\/anadolupet.com.tr\\\/#\\\/schema\\\/logo\\\/image\\\/\"}}]}<\/script>\n<!-- \/ Yoast SEO plugin. -->","yoast_head_json":{"title":"Animonda Vom Feinsten Hindili ve Somonlu K\u0131s\u0131rla\u015ft\u0131r\u0131lm\u0131\u015f Kedi Konservesi 100g - Anadolu Pet Grup","robots":{"index":"index","follow":"follow","max-snippet":"max-snippet:-1","max-image-preview":"max-image-preview:large","max-video-preview":"max-video-preview:-1"},"canonical":"https:\/\/anadolupet.com.tr\/en\/product\/animonda-vom-feinsten-hindili-ve-somonlu-kisirlastirilmis-kedi-konservesi-100g\/","og_locale":"en_US","og_type":"article","og_title":"Animonda Vom Feinsten Hindili ve Somonlu K\u0131s\u0131rla\u015ft\u0131r\u0131lm\u0131\u015f Kedi Konservesi 100g - Anadolu Pet Grup","og_description":"En iyi K\u0131s\u0131rla\u015ft\u0131r\u0131lm\u0131\u015f kediler, yeti\u015fkin ve k\u0131s\u0131rla\u015ft\u0131r\u0131lm\u0131\u015f kediler i\u00e7in en \u00fcst d\u00fczeyde dengeli, lezzetli sa\u011fl\u0131kl\u0131 beslenme anlam\u0131na gelir. Kastrasyon hormonal dengeyi \u00f6nemli \u00f6l\u00e7\u00fcde de\u011fi\u015ftirir. G\u00fcnl\u00fck enerji ihtiyac\u0131 azal\u0131r, ancak ayn\u0131 zamanda i\u015ftah ve b\u00f6ylece yem al\u0131m\u0131 artar. Bu nedenle k\u0131s\u0131rla\u015ft\u0131r\u0131lm\u0131\u015f kediler \u00f6zellikle obezite riski alt\u0131ndad\u0131r. Hindiden gelen saf kas etinden elde edilen y\u00fcksek oranda sindirilebilir protein, d\u00fc\u015f\u00fck ya\u011f i\u00e7eri\u011fi ile birlikte istenen kilo k\u0131vam\u0131n\u0131 destekler. \u0130nce b\u00f6rekler yeti\u015fkin kediye t\u00fcm hayati besinleri sa\u011flar. Et hammaddesinin \u00f6zel se\u00e7imi ve kalitesi benzersiz bir keyfi garantilidir. K\u0131s\u0131rla\u015ft\u0131r\u0131lm\u0131\u015f ve yeti\u015fkin kediler i\u00e7in tam ve dengeli evcil hayvan mamas\u0131. \u0130\u00e7indekiler: %45 Hindi, %7.5 somon, alabal\u0131k, kalsiyum karbonat, sodyum klor\u00fcr. Analitik bile\u015fenler: %11,2 Protein, %4.4 Ya\u011f i\u00e7eri\u011fi, %0.3 Ham sel\u00fcloz, %1.8 Ham k\u00fcl, %81 Nem, Taurin 650 mg\/kg. Besin katk\u0131 maddeleri (kg): 4000 IU 3a672a, 200 IU 3a671, 2mg 3b406, 14.7 mg 3b605, 1.4 mg 3b503, 0.1 mg 3b202, 5.7 mg 3b103.","og_url":"https:\/\/anadolupet.com.tr\/en\/product\/animonda-vom-feinsten-hindili-ve-somonlu-kisirlastirilmis-kedi-konservesi-100g\/","og_site_name":"Anadolu Pet Grup","article_modified_time":"2026-02-23T12:47:47+00:00","og_image":[{"width":750,"height":750,"url":"https:\/\/anadolupet.com.tr\/wp-content\/uploads\/2026\/02\/200-083048.jpg","type":"image\/jpeg"}],"twitter_card":"summary_large_image","schema":{"@context":"https:\/\/schema.org","@graph":[{"@type":"WebPage","@id":"https:\/\/anadolupet.com.tr\/urun\/animonda-vom-feinsten-hindili-ve-somonlu-kisirlastirilmis-kedi-konservesi-100g\/","url":"https:\/\/anadolupet.com.tr\/urun\/animonda-vom-feinsten-hindili-ve-somonlu-kisirlastirilmis-kedi-konservesi-100g\/","name":"Animonda Vom Feinsten Hindili ve Somonlu K\u0131s\u0131rla\u015ft\u0131r\u0131lm\u0131\u015f Kedi Konservesi 100g - Anadolu Pet Grup","isPartOf":{"@id":"https:\/\/anadolupet.com.tr\/#website"},"primaryImageOfPage":{"@id":"https:\/\/anadolupet.com.tr\/urun\/animonda-vom-feinsten-hindili-ve-somonlu-kisirlastirilmis-kedi-konservesi-100g\/#primaryimage"},"image":{"@id":"https:\/\/anadolupet.com.tr\/urun\/animonda-vom-feinsten-hindili-ve-somonlu-kisirlastirilmis-kedi-konservesi-100g\/#primaryimage"},"thumbnailUrl":"https:\/\/anadolupet.com.tr\/wp-content\/uploads\/2026\/02\/200-083048.jpg","datePublished":"2026-02-14T14:39:15+00:00","dateModified":"2026-02-23T12:47:47+00:00","breadcrumb":{"@id":"https:\/\/anadolupet.com.tr\/urun\/animonda-vom-feinsten-hindili-ve-somonlu-kisirlastirilmis-kedi-konservesi-100g\/#breadcrumb"},"inLanguage":"en-US","potentialAction":[{"@type":"ReadAction","target":["https:\/\/anadolupet.com.tr\/urun\/animonda-vom-feinsten-hindili-ve-somonlu-kisirlastirilmis-kedi-konservesi-100g\/"]}]},{"@type":"ImageObject","inLanguage":"en-US","@id":"https:\/\/anadolupet.com.tr\/urun\/animonda-vom-feinsten-hindili-ve-somonlu-kisirlastirilmis-kedi-konservesi-100g\/#primaryimage","url":"https:\/\/anadolupet.com.tr\/wp-content\/uploads\/2026\/02\/200-083048.jpg","contentUrl":"https:\/\/anadolupet.com.tr\/wp-content\/uploads\/2026\/02\/200-083048.jpg","width":750,"height":750},{"@type":"BreadcrumbList","@id":"https:\/\/anadolupet.com.tr\/urun\/animonda-vom-feinsten-hindili-ve-somonlu-kisirlastirilmis-kedi-konservesi-100g\/#breadcrumb","itemListElement":[{"@type":"ListItem","position":1,"name":"Anasayfa","item":"https:\/\/anadolupet.com.tr\/"},{"@type":"ListItem","position":2,"name":"\u00dcr\u00fcnler","item":"https:\/\/anadolupet.com.tr\/urunler\/"},{"@type":"ListItem","position":3,"name":"Animonda Vom Feinsten Hindili ve Somonlu K\u0131s\u0131rla\u015ft\u0131r\u0131lm\u0131\u015f Kedi Konservesi 100g"}]},{"@type":"WebSite","@id":"https:\/\/anadolupet.com.tr\/#website","url":"https:\/\/anadolupet.com.tr\/","name":"Anadolu Pet Group","description":"We Stand Together for the Well-Being of Every Life","publisher":{"@id":"https:\/\/anadolupet.com.tr\/#organization"},"potentialAction":[{"@type":"SearchAction","target":{"@type":"EntryPoint","urlTemplate":"https:\/\/anadolupet.com.tr\/?s={search_term_string}"},"query-input":{"@type":"PropertyValueSpecification","valueRequired":true,"valueName":"search_term_string"}}],"inLanguage":"en-US"},{"@type":"Organization","@id":"https:\/\/anadolupet.com.tr\/#organization","name":"Anadolu Pet Group","alternateName":"Anadolu Pet","url":"https:\/\/anadolupet.com.tr\/","logo":{"@type":"ImageObject","inLanguage":"en-US","@id":"https:\/\/anadolupet.com.tr\/#\/schema\/logo\/image\/","url":"https:\/\/anadolupet.com.tr\/wp-content\/uploads\/2026\/03\/1614666743370.jpg","contentUrl":"https:\/\/anadolupet.com.tr\/wp-content\/uploads\/2026\/03\/1614666743370.jpg","width":800,"height":571,"caption":"Anadolu Pet Grup"},"image":{"@id":"https:\/\/anadolupet.com.tr\/#\/schema\/logo\/image\/"}}]}},"_links":{"self":[{"href":"https:\/\/anadolupet.com.tr\/en\/wp-json\/wp\/v2\/product\/44632","targetHints":{"allow":["GET"]}}],"collection":[{"href":"https:\/\/anadolupet.com.tr\/en\/wp-json\/wp\/v2\/product"}],"about":[{"href":"https:\/\/anadolupet.com.tr\/en\/wp-json\/wp\/v2\/types\/product"}],"replies":[{"embeddable":true,"href":"https:\/\/anadolupet.com.tr\/en\/wp-json\/wp\/v2\/comments?post=44632"}],"wp:featuredmedia":[{"embeddable":true,"href":"https:\/\/anadolupet.com.tr\/en\/wp-json\/wp\/v2\/media\/42857"}],"wp:attachment":[{"href":"https:\/\/anadolupet.com.tr\/en\/wp-json\/wp\/v2\/media?parent=44632"}],"wp:term":[{"taxonomy":"product_brand","embeddable":true,"href":"https:\/\/anadolupet.com.tr\/en\/wp-json\/wp\/v2\/product_brand?post=44632"},{"taxonomy":"product_cat","embeddable":true,"href":"https:\/\/anadolupet.com.tr\/en\/wp-json\/wp\/v2\/product_cat?post=44632"},{"taxonomy":"product_tag","embeddable":true,"href":"https:\/\/anadolupet.com.tr\/en\/wp-json\/wp\/v2\/product_tag?post=44632"}],"curies":[{"name":"wp","href":"https:\/\/api.w.org\/{rel}","templated":true}]}}