{"id":44634,"date":"2026-02-14T14:39:16","date_gmt":"2026-02-14T14:39:16","guid":{"rendered":"https:\/\/anadolupet.com.tr\/?post_type=product&#038;p=44634"},"modified":"2026-02-23T12:47:47","modified_gmt":"2026-02-23T12:47:47","slug":"animonda-vom-feinsten-karisik-etli-pate-yavru-kedi-konservesi-100g","status":"publish","type":"product","link":"https:\/\/anadolupet.com.tr\/en\/urun\/animonda-vom-feinsten-karisik-etli-pate-yavru-kedi-konservesi-100g\/","title":{"rendered":"Animonda Vom Feinsten Mixed Meat Pate Kitten Canned Food 100g"},"content":{"rendered":"","protected":false},"excerpt":{"rendered":"<p>Vom Feinsten Kitten Baby Pat\u00e9, 4 haftal\u0131k ve daha b\u00fcy\u00fck yavru kediler i\u00e7in lezzetli, sa\u011fl\u0131kl\u0131 ve dengeli beslenme vaadini en \u00fcst d\u00fczeyde sunar. Yavru kediler do\u011fumdan \u00f6nce ve emmeye devam ederken bile ilk tat tercihlerini geli\u015ftirirler. Baby Pat\u00e9\u2019nin yumu\u015fak, kremsi k\u0131vam\u0131 anne s\u00fct\u00fcnden kat\u0131 mamaya ge\u00e7i\u015fi kolayla\u015ft\u0131r\u0131r. \u00d6zellikle 16. haftaya kadar b\u00fcy\u00fcyen yavru kedilerin ihtiya\u00e7lar\u0131na g\u00f6re uyarlanm\u0131\u015ft\u0131r.<br \/>\n\u0130\u00e7indekiler:<br \/>\n%58 Et ve hayvansal t\u00fcrevler, %5 bal\u0131k ve bal\u0131k t\u00fcrevleri, mineraller.<br \/>\nAnalitik Bile\u015fenler:<br \/>\nProtein %10<br \/>\nYa\u011f i\u00e7eri\u011fi %6<br \/>\nHam sel\u00fcloz %0.3<br \/>\nHam k\u00fcl %2<br \/>\nNem %81<br \/>\nBesinsel \u0130laveler (kg):<br \/>\n200 IU 3a671<br \/>\n1 mg 3b406<br \/>\n11.4 mg 3b605<br \/>\n1,4 mg 3b503<br \/>\n0.1 mg 3b202<\/p>","protected":false},"featured_media":42865,"comment_status":"open","ping_status":"closed","template":"","meta":{"_acf_changed":false},"product_brand":[],"product_cat":[2427],"product_tag":[],"class_list":{"0":"post-44634","1":"product","2":"type-product","3":"status-publish","4":"has-post-thumbnail","6":"product_cat-kedi-konserveleri","8":"first","9":"instock","10":"shipping-taxable","11":"product-type-simple"},"acf":[],"yoast_head":"<!-- This site is optimized with the Yoast SEO plugin v27.5 - https:\/\/yoast.com\/product\/yoast-seo-wordpress\/ -->\n<title>Animonda Vom Feinsten Kar\u0131\u015f\u0131k Etli Pate Yavru Kedi Konservesi 100g - Anadolu Pet Grup<\/title>\n<meta name=\"robots\" content=\"index, follow, max-snippet:-1, max-image-preview:large, max-video-preview:-1\" \/>\n<link rel=\"canonical\" href=\"https:\/\/anadolupet.com.tr\/en\/product\/animonda-vom-feinsten-karisik-etli-pate-yavru-kedi-konservesi-100g\/\" \/>\n<meta property=\"og:locale\" content=\"en_US\" \/>\n<meta property=\"og:type\" content=\"article\" \/>\n<meta property=\"og:title\" content=\"Animonda Vom Feinsten Kar\u0131\u015f\u0131k Etli Pate Yavru Kedi Konservesi 100g - Anadolu Pet Grup\" \/>\n<meta property=\"og:description\" content=\"Vom Feinsten Kitten Baby Pat\u00e9, 4 haftal\u0131k ve daha b\u00fcy\u00fck yavru kediler i\u00e7in lezzetli, sa\u011fl\u0131kl\u0131 ve dengeli beslenme vaadini en \u00fcst d\u00fczeyde sunar. Yavru kediler do\u011fumdan \u00f6nce ve emmeye devam ederken bile ilk tat tercihlerini geli\u015ftirirler. Baby Pat\u00e9\u2019nin yumu\u015fak, kremsi k\u0131vam\u0131 anne s\u00fct\u00fcnden kat\u0131 mamaya ge\u00e7i\u015fi kolayla\u015ft\u0131r\u0131r. \u00d6zellikle 16. haftaya kadar b\u00fcy\u00fcyen yavru kedilerin ihtiya\u00e7lar\u0131na g\u00f6re uyarlanm\u0131\u015ft\u0131r. \u0130\u00e7indekiler: %58 Et ve hayvansal t\u00fcrevler, %5 bal\u0131k ve bal\u0131k t\u00fcrevleri, mineraller. Analitik Bile\u015fenler: Protein %10 Ya\u011f i\u00e7eri\u011fi %6 Ham sel\u00fcloz %0.3 Ham k\u00fcl %2 Nem %81 Besinsel \u0130laveler (kg): 200 IU 3a671 1 mg 3b406 11.4 mg 3b605 1,4 mg 3b503 0.1 mg 3b202\" \/>\n<meta property=\"og:url\" content=\"https:\/\/anadolupet.com.tr\/en\/product\/animonda-vom-feinsten-karisik-etli-pate-yavru-kedi-konservesi-100g\/\" \/>\n<meta property=\"og:site_name\" content=\"Anadolu Pet Grup\" \/>\n<meta property=\"article:modified_time\" content=\"2026-02-23T12:47:47+00:00\" \/>\n<meta property=\"og:image\" content=\"https:\/\/anadolupet.com.tr\/wp-content\/uploads\/2026\/02\/200-083207.jpg\" \/>\n\t<meta property=\"og:image:width\" content=\"750\" \/>\n\t<meta property=\"og:image:height\" content=\"750\" \/>\n\t<meta property=\"og:image:type\" content=\"image\/jpeg\" \/>\n<meta name=\"twitter:card\" content=\"summary_large_image\" \/>\n<script type=\"application\/ld+json\" class=\"yoast-schema-graph\">{\"@context\":\"https:\\\/\\\/schema.org\",\"@graph\":[{\"@type\":\"WebPage\",\"@id\":\"https:\\\/\\\/anadolupet.com.tr\\\/urun\\\/animonda-vom-feinsten-karisik-etli-pate-yavru-kedi-konservesi-100g\\\/\",\"url\":\"https:\\\/\\\/anadolupet.com.tr\\\/urun\\\/animonda-vom-feinsten-karisik-etli-pate-yavru-kedi-konservesi-100g\\\/\",\"name\":\"Animonda Vom Feinsten Kar\u0131\u015f\u0131k Etli Pate Yavru Kedi Konservesi 100g - Anadolu Pet Grup\",\"isPartOf\":{\"@id\":\"https:\\\/\\\/anadolupet.com.tr\\\/#website\"},\"primaryImageOfPage\":{\"@id\":\"https:\\\/\\\/anadolupet.com.tr\\\/urun\\\/animonda-vom-feinsten-karisik-etli-pate-yavru-kedi-konservesi-100g\\\/#primaryimage\"},\"image\":{\"@id\":\"https:\\\/\\\/anadolupet.com.tr\\\/urun\\\/animonda-vom-feinsten-karisik-etli-pate-yavru-kedi-konservesi-100g\\\/#primaryimage\"},\"thumbnailUrl\":\"https:\\\/\\\/anadolupet.com.tr\\\/wp-content\\\/uploads\\\/2026\\\/02\\\/200-083207.jpg\",\"datePublished\":\"2026-02-14T14:39:16+00:00\",\"dateModified\":\"2026-02-23T12:47:47+00:00\",\"breadcrumb\":{\"@id\":\"https:\\\/\\\/anadolupet.com.tr\\\/urun\\\/animonda-vom-feinsten-karisik-etli-pate-yavru-kedi-konservesi-100g\\\/#breadcrumb\"},\"inLanguage\":\"en-US\",\"potentialAction\":[{\"@type\":\"ReadAction\",\"target\":[\"https:\\\/\\\/anadolupet.com.tr\\\/urun\\\/animonda-vom-feinsten-karisik-etli-pate-yavru-kedi-konservesi-100g\\\/\"]}]},{\"@type\":\"ImageObject\",\"inLanguage\":\"en-US\",\"@id\":\"https:\\\/\\\/anadolupet.com.tr\\\/urun\\\/animonda-vom-feinsten-karisik-etli-pate-yavru-kedi-konservesi-100g\\\/#primaryimage\",\"url\":\"https:\\\/\\\/anadolupet.com.tr\\\/wp-content\\\/uploads\\\/2026\\\/02\\\/200-083207.jpg\",\"contentUrl\":\"https:\\\/\\\/anadolupet.com.tr\\\/wp-content\\\/uploads\\\/2026\\\/02\\\/200-083207.jpg\",\"width\":750,\"height\":750},{\"@type\":\"BreadcrumbList\",\"@id\":\"https:\\\/\\\/anadolupet.com.tr\\\/urun\\\/animonda-vom-feinsten-karisik-etli-pate-yavru-kedi-konservesi-100g\\\/#breadcrumb\",\"itemListElement\":[{\"@type\":\"ListItem\",\"position\":1,\"name\":\"Anasayfa\",\"item\":\"https:\\\/\\\/anadolupet.com.tr\\\/\"},{\"@type\":\"ListItem\",\"position\":2,\"name\":\"\u00dcr\u00fcnler\",\"item\":\"https:\\\/\\\/anadolupet.com.tr\\\/urunler\\\/\"},{\"@type\":\"ListItem\",\"position\":3,\"name\":\"Animonda Vom Feinsten Kar\u0131\u015f\u0131k Etli Pate Yavru Kedi Konservesi 100g\"}]},{\"@type\":\"WebSite\",\"@id\":\"https:\\\/\\\/anadolupet.com.tr\\\/#website\",\"url\":\"https:\\\/\\\/anadolupet.com.tr\\\/\",\"name\":\"Anadolu Pet Grup\",\"description\":\"Her Can\u0131n \u0130yi Ya\u015fam\u0131 \u0130\u00e7in Biraraday\u0131z\",\"publisher\":{\"@id\":\"https:\\\/\\\/anadolupet.com.tr\\\/#organization\"},\"potentialAction\":[{\"@type\":\"SearchAction\",\"target\":{\"@type\":\"EntryPoint\",\"urlTemplate\":\"https:\\\/\\\/anadolupet.com.tr\\\/?s={search_term_string}\"},\"query-input\":{\"@type\":\"PropertyValueSpecification\",\"valueRequired\":true,\"valueName\":\"search_term_string\"}}],\"inLanguage\":\"en-US\"},{\"@type\":\"Organization\",\"@id\":\"https:\\\/\\\/anadolupet.com.tr\\\/#organization\",\"name\":\"Anadolu Pet Grup\",\"alternateName\":\"Anadolu Pet\",\"url\":\"https:\\\/\\\/anadolupet.com.tr\\\/\",\"logo\":{\"@type\":\"ImageObject\",\"inLanguage\":\"en-US\",\"@id\":\"https:\\\/\\\/anadolupet.com.tr\\\/#\\\/schema\\\/logo\\\/image\\\/\",\"url\":\"https:\\\/\\\/anadolupet.com.tr\\\/wp-content\\\/uploads\\\/2026\\\/03\\\/1614666743370.jpg\",\"contentUrl\":\"https:\\\/\\\/anadolupet.com.tr\\\/wp-content\\\/uploads\\\/2026\\\/03\\\/1614666743370.jpg\",\"width\":800,\"height\":571,\"caption\":\"Anadolu Pet Grup\"},\"image\":{\"@id\":\"https:\\\/\\\/anadolupet.com.tr\\\/#\\\/schema\\\/logo\\\/image\\\/\"}}]}<\/script>\n<!-- \/ Yoast SEO plugin. -->","yoast_head_json":{"title":"Animonda Vom Feinsten Kar\u0131\u015f\u0131k Etli Pate Yavru Kedi Konservesi 100g - Anadolu Pet Grup","robots":{"index":"index","follow":"follow","max-snippet":"max-snippet:-1","max-image-preview":"max-image-preview:large","max-video-preview":"max-video-preview:-1"},"canonical":"https:\/\/anadolupet.com.tr\/en\/product\/animonda-vom-feinsten-karisik-etli-pate-yavru-kedi-konservesi-100g\/","og_locale":"en_US","og_type":"article","og_title":"Animonda Vom Feinsten Kar\u0131\u015f\u0131k Etli Pate Yavru Kedi Konservesi 100g - Anadolu Pet Grup","og_description":"Vom Feinsten Kitten Baby Pat\u00e9, 4 haftal\u0131k ve daha b\u00fcy\u00fck yavru kediler i\u00e7in lezzetli, sa\u011fl\u0131kl\u0131 ve dengeli beslenme vaadini en \u00fcst d\u00fczeyde sunar. Yavru kediler do\u011fumdan \u00f6nce ve emmeye devam ederken bile ilk tat tercihlerini geli\u015ftirirler. Baby Pat\u00e9\u2019nin yumu\u015fak, kremsi k\u0131vam\u0131 anne s\u00fct\u00fcnden kat\u0131 mamaya ge\u00e7i\u015fi kolayla\u015ft\u0131r\u0131r. \u00d6zellikle 16. haftaya kadar b\u00fcy\u00fcyen yavru kedilerin ihtiya\u00e7lar\u0131na g\u00f6re uyarlanm\u0131\u015ft\u0131r. \u0130\u00e7indekiler: %58 Et ve hayvansal t\u00fcrevler, %5 bal\u0131k ve bal\u0131k t\u00fcrevleri, mineraller. Analitik Bile\u015fenler: Protein %10 Ya\u011f i\u00e7eri\u011fi %6 Ham sel\u00fcloz %0.3 Ham k\u00fcl %2 Nem %81 Besinsel \u0130laveler (kg): 200 IU 3a671 1 mg 3b406 11.4 mg 3b605 1,4 mg 3b503 0.1 mg 3b202","og_url":"https:\/\/anadolupet.com.tr\/en\/product\/animonda-vom-feinsten-karisik-etli-pate-yavru-kedi-konservesi-100g\/","og_site_name":"Anadolu Pet Grup","article_modified_time":"2026-02-23T12:47:47+00:00","og_image":[{"width":750,"height":750,"url":"https:\/\/anadolupet.com.tr\/wp-content\/uploads\/2026\/02\/200-083207.jpg","type":"image\/jpeg"}],"twitter_card":"summary_large_image","schema":{"@context":"https:\/\/schema.org","@graph":[{"@type":"WebPage","@id":"https:\/\/anadolupet.com.tr\/urun\/animonda-vom-feinsten-karisik-etli-pate-yavru-kedi-konservesi-100g\/","url":"https:\/\/anadolupet.com.tr\/urun\/animonda-vom-feinsten-karisik-etli-pate-yavru-kedi-konservesi-100g\/","name":"Animonda Vom Feinsten Kar\u0131\u015f\u0131k Etli Pate Yavru Kedi Konservesi 100g - Anadolu Pet Grup","isPartOf":{"@id":"https:\/\/anadolupet.com.tr\/#website"},"primaryImageOfPage":{"@id":"https:\/\/anadolupet.com.tr\/urun\/animonda-vom-feinsten-karisik-etli-pate-yavru-kedi-konservesi-100g\/#primaryimage"},"image":{"@id":"https:\/\/anadolupet.com.tr\/urun\/animonda-vom-feinsten-karisik-etli-pate-yavru-kedi-konservesi-100g\/#primaryimage"},"thumbnailUrl":"https:\/\/anadolupet.com.tr\/wp-content\/uploads\/2026\/02\/200-083207.jpg","datePublished":"2026-02-14T14:39:16+00:00","dateModified":"2026-02-23T12:47:47+00:00","breadcrumb":{"@id":"https:\/\/anadolupet.com.tr\/urun\/animonda-vom-feinsten-karisik-etli-pate-yavru-kedi-konservesi-100g\/#breadcrumb"},"inLanguage":"en-US","potentialAction":[{"@type":"ReadAction","target":["https:\/\/anadolupet.com.tr\/urun\/animonda-vom-feinsten-karisik-etli-pate-yavru-kedi-konservesi-100g\/"]}]},{"@type":"ImageObject","inLanguage":"en-US","@id":"https:\/\/anadolupet.com.tr\/urun\/animonda-vom-feinsten-karisik-etli-pate-yavru-kedi-konservesi-100g\/#primaryimage","url":"https:\/\/anadolupet.com.tr\/wp-content\/uploads\/2026\/02\/200-083207.jpg","contentUrl":"https:\/\/anadolupet.com.tr\/wp-content\/uploads\/2026\/02\/200-083207.jpg","width":750,"height":750},{"@type":"BreadcrumbList","@id":"https:\/\/anadolupet.com.tr\/urun\/animonda-vom-feinsten-karisik-etli-pate-yavru-kedi-konservesi-100g\/#breadcrumb","itemListElement":[{"@type":"ListItem","position":1,"name":"Anasayfa","item":"https:\/\/anadolupet.com.tr\/"},{"@type":"ListItem","position":2,"name":"\u00dcr\u00fcnler","item":"https:\/\/anadolupet.com.tr\/urunler\/"},{"@type":"ListItem","position":3,"name":"Animonda Vom Feinsten Kar\u0131\u015f\u0131k Etli Pate Yavru Kedi Konservesi 100g"}]},{"@type":"WebSite","@id":"https:\/\/anadolupet.com.tr\/#website","url":"https:\/\/anadolupet.com.tr\/","name":"Anadolu Pet Group","description":"We Stand Together for the Well-Being of Every Life","publisher":{"@id":"https:\/\/anadolupet.com.tr\/#organization"},"potentialAction":[{"@type":"SearchAction","target":{"@type":"EntryPoint","urlTemplate":"https:\/\/anadolupet.com.tr\/?s={search_term_string}"},"query-input":{"@type":"PropertyValueSpecification","valueRequired":true,"valueName":"search_term_string"}}],"inLanguage":"en-US"},{"@type":"Organization","@id":"https:\/\/anadolupet.com.tr\/#organization","name":"Anadolu Pet Group","alternateName":"Anadolu Pet","url":"https:\/\/anadolupet.com.tr\/","logo":{"@type":"ImageObject","inLanguage":"en-US","@id":"https:\/\/anadolupet.com.tr\/#\/schema\/logo\/image\/","url":"https:\/\/anadolupet.com.tr\/wp-content\/uploads\/2026\/03\/1614666743370.jpg","contentUrl":"https:\/\/anadolupet.com.tr\/wp-content\/uploads\/2026\/03\/1614666743370.jpg","width":800,"height":571,"caption":"Anadolu Pet Grup"},"image":{"@id":"https:\/\/anadolupet.com.tr\/#\/schema\/logo\/image\/"}}]}},"_links":{"self":[{"href":"https:\/\/anadolupet.com.tr\/en\/wp-json\/wp\/v2\/product\/44634","targetHints":{"allow":["GET"]}}],"collection":[{"href":"https:\/\/anadolupet.com.tr\/en\/wp-json\/wp\/v2\/product"}],"about":[{"href":"https:\/\/anadolupet.com.tr\/en\/wp-json\/wp\/v2\/types\/product"}],"replies":[{"embeddable":true,"href":"https:\/\/anadolupet.com.tr\/en\/wp-json\/wp\/v2\/comments?post=44634"}],"wp:featuredmedia":[{"embeddable":true,"href":"https:\/\/anadolupet.com.tr\/en\/wp-json\/wp\/v2\/media\/42865"}],"wp:attachment":[{"href":"https:\/\/anadolupet.com.tr\/en\/wp-json\/wp\/v2\/media?parent=44634"}],"wp:term":[{"taxonomy":"product_brand","embeddable":true,"href":"https:\/\/anadolupet.com.tr\/en\/wp-json\/wp\/v2\/product_brand?post=44634"},{"taxonomy":"product_cat","embeddable":true,"href":"https:\/\/anadolupet.com.tr\/en\/wp-json\/wp\/v2\/product_cat?post=44634"},{"taxonomy":"product_tag","embeddable":true,"href":"https:\/\/anadolupet.com.tr\/en\/wp-json\/wp\/v2\/product_tag?post=44634"}],"curies":[{"name":"wp","href":"https:\/\/api.w.org\/{rel}","templated":true}]}}