{"id":44644,"date":"2026-02-14T14:39:17","date_gmt":"2026-02-14T14:39:17","guid":{"rendered":"https:\/\/anadolupet.com.tr\/urun\/animonda-vom-feinsten-kumes-hayvanli-kuzulu-yasli-kopek-konservesi-150g\/"},"modified":"2026-02-23T12:47:48","modified_gmt":"2026-02-23T12:47:48","slug":"animonda-vom-feinsten-kumes-hayvanli-kuzulu-yasli-kopek-konservesi-150g","status":"publish","type":"product","link":"https:\/\/anadolupet.com.tr\/en\/urun\/animonda-vom-feinsten-kumes-hayvanli-kuzulu-yasli-kopek-konservesi-150g\/","title":{"rendered":"Animonda Vom Feinsten Poultry Lamb Senior Dog Canned Food 150g"},"content":{"rendered":"","protected":false},"excerpt":{"rendered":"<p>Feinsten Senior, 7 ya\u015f\u0131ndan itibaren yeti\u015fkin k\u00f6pekler i\u00e7in en \u00fcst d\u00fczeyde dengeli, lezzetli, sa\u011fl\u0131kl\u0131 beslenme anlam\u0131na gelir. et bazl\u0131 hammaddelerin \u00f6zel se\u00e7imi ve kalitesi, e\u015fsiz bir mutfak zevkini garanti eder. \u0130nce t\u0131knaz turtalar, ya\u015fl\u0131 k\u00f6pe\u011fe t\u00fcm hayati besinleri sa\u011flar ve ya\u015fl\u0131 k\u00f6pe\u011fin \u00f6zel ihtiya\u00e7lar\u0131na tam olarak uyarlanm\u0131\u015ft\u0131r.<br \/>\nYa\u015fl\u0131 k\u00f6pekler i\u00e7in tam ve dengeli evcil hayvan mamas\u0131 (7 ya\u015f ve \u00fczeri) \u0130\u00e7indekiler: %63 Et ve hayvansal t\u00fcrevler (%30 k\u00fcmes hayvanlar\u0131, s\u0131\u011f\u0131r eti, %8 kuzu, domuz), mineraller.<br \/>\nAnalitik Bile\u015fenler: Protein %9.5<br \/>\nYa\u011f i\u00e7eri\u011fi %4<br \/>\nHam sel\u00fcloz %0.5<br \/>\nHam k\u00fcl %2<br \/>\nNem %83<br \/>\nBesinsel \u0130laveler (kg): 200 IU 3a671<br \/>\n1 mg 3b406<br \/>\n26 mg 3b605<br \/>\n1.7 mg 3b503<br \/>\n0.4 mg 3b202<\/p>","protected":false},"featured_media":42854,"comment_status":"open","ping_status":"closed","template":"","meta":{"_acf_changed":false},"product_brand":[],"product_cat":[2450],"product_tag":[],"class_list":{"0":"post-44644","1":"product","2":"type-product","3":"status-publish","4":"has-post-thumbnail","6":"product_cat-kopek-konserveleri","8":"first","9":"instock","10":"shipping-taxable","11":"product-type-simple"},"acf":[],"yoast_head":"<!-- This site is optimized with the Yoast SEO plugin v27.5 - https:\/\/yoast.com\/product\/yoast-seo-wordpress\/ -->\n<title>Animonda Vom Feinsten K\u00fcmes Hayvanl\u0131 Kuzulu Ya\u015fl\u0131 K\u00f6pek Konservesi 150g - Anadolu Pet Grup<\/title>\n<meta name=\"robots\" content=\"index, follow, max-snippet:-1, max-image-preview:large, max-video-preview:-1\" \/>\n<link rel=\"canonical\" href=\"https:\/\/anadolupet.com.tr\/en\/product\/animonda-vom-feinsten-kumes-hayvanli-kuzulu-yasli-kopek-konservesi-150g\/\" \/>\n<meta property=\"og:locale\" content=\"en_US\" \/>\n<meta property=\"og:type\" content=\"article\" \/>\n<meta property=\"og:title\" content=\"Animonda Vom Feinsten K\u00fcmes Hayvanl\u0131 Kuzulu Ya\u015fl\u0131 K\u00f6pek Konservesi 150g - Anadolu Pet Grup\" \/>\n<meta property=\"og:description\" content=\"Feinsten Senior, 7 ya\u015f\u0131ndan itibaren yeti\u015fkin k\u00f6pekler i\u00e7in en \u00fcst d\u00fczeyde dengeli, lezzetli, sa\u011fl\u0131kl\u0131 beslenme anlam\u0131na gelir. et bazl\u0131 hammaddelerin \u00f6zel se\u00e7imi ve kalitesi, e\u015fsiz bir mutfak zevkini garanti eder. \u0130nce t\u0131knaz turtalar, ya\u015fl\u0131 k\u00f6pe\u011fe t\u00fcm hayati besinleri sa\u011flar ve ya\u015fl\u0131 k\u00f6pe\u011fin \u00f6zel ihtiya\u00e7lar\u0131na tam olarak uyarlanm\u0131\u015ft\u0131r. Ya\u015fl\u0131 k\u00f6pekler i\u00e7in tam ve dengeli evcil hayvan mamas\u0131 (7 ya\u015f ve \u00fczeri) \u0130\u00e7indekiler: %63 Et ve hayvansal t\u00fcrevler (%30 k\u00fcmes hayvanlar\u0131, s\u0131\u011f\u0131r eti, %8 kuzu, domuz), mineraller. Analitik Bile\u015fenler: Protein %9.5 Ya\u011f i\u00e7eri\u011fi %4 Ham sel\u00fcloz %0.5 Ham k\u00fcl %2 Nem %83 Besinsel \u0130laveler (kg): 200 IU 3a671 1 mg 3b406 26 mg 3b605 1.7 mg 3b503 0.4 mg 3b202\" \/>\n<meta property=\"og:url\" content=\"https:\/\/anadolupet.com.tr\/en\/product\/animonda-vom-feinsten-kumes-hayvanli-kuzulu-yasli-kopek-konservesi-150g\/\" \/>\n<meta property=\"og:site_name\" content=\"Anadolu Pet Grup\" \/>\n<meta property=\"article:modified_time\" content=\"2026-02-23T12:47:48+00:00\" \/>\n<meta property=\"og:image\" content=\"https:\/\/anadolupet.com.tr\/wp-content\/uploads\/2026\/02\/200-082975.jpg\" \/>\n\t<meta property=\"og:image:width\" content=\"750\" \/>\n\t<meta property=\"og:image:height\" content=\"750\" \/>\n\t<meta property=\"og:image:type\" content=\"image\/jpeg\" \/>\n<meta name=\"twitter:card\" content=\"summary_large_image\" \/>\n<script type=\"application\/ld+json\" class=\"yoast-schema-graph\">{\"@context\":\"https:\\\/\\\/schema.org\",\"@graph\":[{\"@type\":\"WebPage\",\"@id\":\"https:\\\/\\\/anadolupet.com.tr\\\/urun\\\/animonda-vom-feinsten-kumes-hayvanli-kuzulu-yasli-kopek-konservesi-150g\\\/\",\"url\":\"https:\\\/\\\/anadolupet.com.tr\\\/urun\\\/animonda-vom-feinsten-kumes-hayvanli-kuzulu-yasli-kopek-konservesi-150g\\\/\",\"name\":\"Animonda Vom Feinsten K\u00fcmes Hayvanl\u0131 Kuzulu Ya\u015fl\u0131 K\u00f6pek Konservesi 150g - Anadolu Pet Grup\",\"isPartOf\":{\"@id\":\"https:\\\/\\\/anadolupet.com.tr\\\/#website\"},\"primaryImageOfPage\":{\"@id\":\"https:\\\/\\\/anadolupet.com.tr\\\/urun\\\/animonda-vom-feinsten-kumes-hayvanli-kuzulu-yasli-kopek-konservesi-150g\\\/#primaryimage\"},\"image\":{\"@id\":\"https:\\\/\\\/anadolupet.com.tr\\\/urun\\\/animonda-vom-feinsten-kumes-hayvanli-kuzulu-yasli-kopek-konservesi-150g\\\/#primaryimage\"},\"thumbnailUrl\":\"https:\\\/\\\/anadolupet.com.tr\\\/wp-content\\\/uploads\\\/2026\\\/02\\\/200-082975.jpg\",\"datePublished\":\"2026-02-14T14:39:17+00:00\",\"dateModified\":\"2026-02-23T12:47:48+00:00\",\"breadcrumb\":{\"@id\":\"https:\\\/\\\/anadolupet.com.tr\\\/urun\\\/animonda-vom-feinsten-kumes-hayvanli-kuzulu-yasli-kopek-konservesi-150g\\\/#breadcrumb\"},\"inLanguage\":\"en-US\",\"potentialAction\":[{\"@type\":\"ReadAction\",\"target\":[\"https:\\\/\\\/anadolupet.com.tr\\\/urun\\\/animonda-vom-feinsten-kumes-hayvanli-kuzulu-yasli-kopek-konservesi-150g\\\/\"]}]},{\"@type\":\"ImageObject\",\"inLanguage\":\"en-US\",\"@id\":\"https:\\\/\\\/anadolupet.com.tr\\\/urun\\\/animonda-vom-feinsten-kumes-hayvanli-kuzulu-yasli-kopek-konservesi-150g\\\/#primaryimage\",\"url\":\"https:\\\/\\\/anadolupet.com.tr\\\/wp-content\\\/uploads\\\/2026\\\/02\\\/200-082975.jpg\",\"contentUrl\":\"https:\\\/\\\/anadolupet.com.tr\\\/wp-content\\\/uploads\\\/2026\\\/02\\\/200-082975.jpg\",\"width\":750,\"height\":750},{\"@type\":\"BreadcrumbList\",\"@id\":\"https:\\\/\\\/anadolupet.com.tr\\\/urun\\\/animonda-vom-feinsten-kumes-hayvanli-kuzulu-yasli-kopek-konservesi-150g\\\/#breadcrumb\",\"itemListElement\":[{\"@type\":\"ListItem\",\"position\":1,\"name\":\"Anasayfa\",\"item\":\"https:\\\/\\\/anadolupet.com.tr\\\/\"},{\"@type\":\"ListItem\",\"position\":2,\"name\":\"\u00dcr\u00fcnler\",\"item\":\"https:\\\/\\\/anadolupet.com.tr\\\/urunler\\\/\"},{\"@type\":\"ListItem\",\"position\":3,\"name\":\"Animonda Vom Feinsten K\u00fcmes Hayvanl\u0131 Kuzulu Ya\u015fl\u0131 K\u00f6pek Konservesi 150g\"}]},{\"@type\":\"WebSite\",\"@id\":\"https:\\\/\\\/anadolupet.com.tr\\\/#website\",\"url\":\"https:\\\/\\\/anadolupet.com.tr\\\/\",\"name\":\"Anadolu Pet Grup\",\"description\":\"Her Can\u0131n \u0130yi Ya\u015fam\u0131 \u0130\u00e7in Biraraday\u0131z\",\"publisher\":{\"@id\":\"https:\\\/\\\/anadolupet.com.tr\\\/#organization\"},\"potentialAction\":[{\"@type\":\"SearchAction\",\"target\":{\"@type\":\"EntryPoint\",\"urlTemplate\":\"https:\\\/\\\/anadolupet.com.tr\\\/?s={search_term_string}\"},\"query-input\":{\"@type\":\"PropertyValueSpecification\",\"valueRequired\":true,\"valueName\":\"search_term_string\"}}],\"inLanguage\":\"en-US\"},{\"@type\":\"Organization\",\"@id\":\"https:\\\/\\\/anadolupet.com.tr\\\/#organization\",\"name\":\"Anadolu Pet Grup\",\"alternateName\":\"Anadolu Pet\",\"url\":\"https:\\\/\\\/anadolupet.com.tr\\\/\",\"logo\":{\"@type\":\"ImageObject\",\"inLanguage\":\"en-US\",\"@id\":\"https:\\\/\\\/anadolupet.com.tr\\\/#\\\/schema\\\/logo\\\/image\\\/\",\"url\":\"https:\\\/\\\/anadolupet.com.tr\\\/wp-content\\\/uploads\\\/2026\\\/03\\\/1614666743370.jpg\",\"contentUrl\":\"https:\\\/\\\/anadolupet.com.tr\\\/wp-content\\\/uploads\\\/2026\\\/03\\\/1614666743370.jpg\",\"width\":800,\"height\":571,\"caption\":\"Anadolu Pet Grup\"},\"image\":{\"@id\":\"https:\\\/\\\/anadolupet.com.tr\\\/#\\\/schema\\\/logo\\\/image\\\/\"}}]}<\/script>\n<!-- \/ Yoast SEO plugin. -->","yoast_head_json":{"title":"Animonda Vom Feinsten K\u00fcmes Hayvanl\u0131 Kuzulu Ya\u015fl\u0131 K\u00f6pek Konservesi 150g - Anadolu Pet Grup","robots":{"index":"index","follow":"follow","max-snippet":"max-snippet:-1","max-image-preview":"max-image-preview:large","max-video-preview":"max-video-preview:-1"},"canonical":"https:\/\/anadolupet.com.tr\/en\/product\/animonda-vom-feinsten-kumes-hayvanli-kuzulu-yasli-kopek-konservesi-150g\/","og_locale":"en_US","og_type":"article","og_title":"Animonda Vom Feinsten K\u00fcmes Hayvanl\u0131 Kuzulu Ya\u015fl\u0131 K\u00f6pek Konservesi 150g - Anadolu Pet Grup","og_description":"Feinsten Senior, 7 ya\u015f\u0131ndan itibaren yeti\u015fkin k\u00f6pekler i\u00e7in en \u00fcst d\u00fczeyde dengeli, lezzetli, sa\u011fl\u0131kl\u0131 beslenme anlam\u0131na gelir. et bazl\u0131 hammaddelerin \u00f6zel se\u00e7imi ve kalitesi, e\u015fsiz bir mutfak zevkini garanti eder. \u0130nce t\u0131knaz turtalar, ya\u015fl\u0131 k\u00f6pe\u011fe t\u00fcm hayati besinleri sa\u011flar ve ya\u015fl\u0131 k\u00f6pe\u011fin \u00f6zel ihtiya\u00e7lar\u0131na tam olarak uyarlanm\u0131\u015ft\u0131r. Ya\u015fl\u0131 k\u00f6pekler i\u00e7in tam ve dengeli evcil hayvan mamas\u0131 (7 ya\u015f ve \u00fczeri) \u0130\u00e7indekiler: %63 Et ve hayvansal t\u00fcrevler (%30 k\u00fcmes hayvanlar\u0131, s\u0131\u011f\u0131r eti, %8 kuzu, domuz), mineraller. Analitik Bile\u015fenler: Protein %9.5 Ya\u011f i\u00e7eri\u011fi %4 Ham sel\u00fcloz %0.5 Ham k\u00fcl %2 Nem %83 Besinsel \u0130laveler (kg): 200 IU 3a671 1 mg 3b406 26 mg 3b605 1.7 mg 3b503 0.4 mg 3b202","og_url":"https:\/\/anadolupet.com.tr\/en\/product\/animonda-vom-feinsten-kumes-hayvanli-kuzulu-yasli-kopek-konservesi-150g\/","og_site_name":"Anadolu Pet Grup","article_modified_time":"2026-02-23T12:47:48+00:00","og_image":[{"width":750,"height":750,"url":"https:\/\/anadolupet.com.tr\/wp-content\/uploads\/2026\/02\/200-082975.jpg","type":"image\/jpeg"}],"twitter_card":"summary_large_image","schema":{"@context":"https:\/\/schema.org","@graph":[{"@type":"WebPage","@id":"https:\/\/anadolupet.com.tr\/urun\/animonda-vom-feinsten-kumes-hayvanli-kuzulu-yasli-kopek-konservesi-150g\/","url":"https:\/\/anadolupet.com.tr\/urun\/animonda-vom-feinsten-kumes-hayvanli-kuzulu-yasli-kopek-konservesi-150g\/","name":"Animonda Vom Feinsten K\u00fcmes Hayvanl\u0131 Kuzulu Ya\u015fl\u0131 K\u00f6pek Konservesi 150g - Anadolu Pet Grup","isPartOf":{"@id":"https:\/\/anadolupet.com.tr\/#website"},"primaryImageOfPage":{"@id":"https:\/\/anadolupet.com.tr\/urun\/animonda-vom-feinsten-kumes-hayvanli-kuzulu-yasli-kopek-konservesi-150g\/#primaryimage"},"image":{"@id":"https:\/\/anadolupet.com.tr\/urun\/animonda-vom-feinsten-kumes-hayvanli-kuzulu-yasli-kopek-konservesi-150g\/#primaryimage"},"thumbnailUrl":"https:\/\/anadolupet.com.tr\/wp-content\/uploads\/2026\/02\/200-082975.jpg","datePublished":"2026-02-14T14:39:17+00:00","dateModified":"2026-02-23T12:47:48+00:00","breadcrumb":{"@id":"https:\/\/anadolupet.com.tr\/urun\/animonda-vom-feinsten-kumes-hayvanli-kuzulu-yasli-kopek-konservesi-150g\/#breadcrumb"},"inLanguage":"en-US","potentialAction":[{"@type":"ReadAction","target":["https:\/\/anadolupet.com.tr\/urun\/animonda-vom-feinsten-kumes-hayvanli-kuzulu-yasli-kopek-konservesi-150g\/"]}]},{"@type":"ImageObject","inLanguage":"en-US","@id":"https:\/\/anadolupet.com.tr\/urun\/animonda-vom-feinsten-kumes-hayvanli-kuzulu-yasli-kopek-konservesi-150g\/#primaryimage","url":"https:\/\/anadolupet.com.tr\/wp-content\/uploads\/2026\/02\/200-082975.jpg","contentUrl":"https:\/\/anadolupet.com.tr\/wp-content\/uploads\/2026\/02\/200-082975.jpg","width":750,"height":750},{"@type":"BreadcrumbList","@id":"https:\/\/anadolupet.com.tr\/urun\/animonda-vom-feinsten-kumes-hayvanli-kuzulu-yasli-kopek-konservesi-150g\/#breadcrumb","itemListElement":[{"@type":"ListItem","position":1,"name":"Anasayfa","item":"https:\/\/anadolupet.com.tr\/"},{"@type":"ListItem","position":2,"name":"\u00dcr\u00fcnler","item":"https:\/\/anadolupet.com.tr\/urunler\/"},{"@type":"ListItem","position":3,"name":"Animonda Vom Feinsten K\u00fcmes Hayvanl\u0131 Kuzulu Ya\u015fl\u0131 K\u00f6pek Konservesi 150g"}]},{"@type":"WebSite","@id":"https:\/\/anadolupet.com.tr\/#website","url":"https:\/\/anadolupet.com.tr\/","name":"Anadolu Pet Group","description":"We Stand Together for the Well-Being of Every Life","publisher":{"@id":"https:\/\/anadolupet.com.tr\/#organization"},"potentialAction":[{"@type":"SearchAction","target":{"@type":"EntryPoint","urlTemplate":"https:\/\/anadolupet.com.tr\/?s={search_term_string}"},"query-input":{"@type":"PropertyValueSpecification","valueRequired":true,"valueName":"search_term_string"}}],"inLanguage":"en-US"},{"@type":"Organization","@id":"https:\/\/anadolupet.com.tr\/#organization","name":"Anadolu Pet Group","alternateName":"Anadolu Pet","url":"https:\/\/anadolupet.com.tr\/","logo":{"@type":"ImageObject","inLanguage":"en-US","@id":"https:\/\/anadolupet.com.tr\/#\/schema\/logo\/image\/","url":"https:\/\/anadolupet.com.tr\/wp-content\/uploads\/2026\/03\/1614666743370.jpg","contentUrl":"https:\/\/anadolupet.com.tr\/wp-content\/uploads\/2026\/03\/1614666743370.jpg","width":800,"height":571,"caption":"Anadolu Pet Grup"},"image":{"@id":"https:\/\/anadolupet.com.tr\/#\/schema\/logo\/image\/"}}]}},"_links":{"self":[{"href":"https:\/\/anadolupet.com.tr\/en\/wp-json\/wp\/v2\/product\/44644","targetHints":{"allow":["GET"]}}],"collection":[{"href":"https:\/\/anadolupet.com.tr\/en\/wp-json\/wp\/v2\/product"}],"about":[{"href":"https:\/\/anadolupet.com.tr\/en\/wp-json\/wp\/v2\/types\/product"}],"replies":[{"embeddable":true,"href":"https:\/\/anadolupet.com.tr\/en\/wp-json\/wp\/v2\/comments?post=44644"}],"wp:featuredmedia":[{"embeddable":true,"href":"https:\/\/anadolupet.com.tr\/en\/wp-json\/wp\/v2\/media\/42854"}],"wp:attachment":[{"href":"https:\/\/anadolupet.com.tr\/en\/wp-json\/wp\/v2\/media?parent=44644"}],"wp:term":[{"taxonomy":"product_brand","embeddable":true,"href":"https:\/\/anadolupet.com.tr\/en\/wp-json\/wp\/v2\/product_brand?post=44644"},{"taxonomy":"product_cat","embeddable":true,"href":"https:\/\/anadolupet.com.tr\/en\/wp-json\/wp\/v2\/product_cat?post=44644"},{"taxonomy":"product_tag","embeddable":true,"href":"https:\/\/anadolupet.com.tr\/en\/wp-json\/wp\/v2\/product_tag?post=44644"}],"curies":[{"name":"wp","href":"https:\/\/api.w.org\/{rel}","templated":true}]}}