{"id":44648,"date":"2026-02-14T14:39:18","date_gmt":"2026-02-14T14:39:18","guid":{"rendered":"https:\/\/anadolupet.com.tr\/urun\/animonda-vom-feinsten-sigir-etli-yetiskin-mini-irk-kopek-odul-mamasi-50g\/"},"modified":"2026-02-23T12:47:48","modified_gmt":"2026-02-23T12:47:48","slug":"animonda-vom-feinsten-sigir-etli-yetiskin-mini-irk-kopek-odul-mamasi-50g","status":"publish","type":"product","link":"https:\/\/anadolupet.com.tr\/en\/urun\/animonda-vom-feinsten-sigir-etli-yetiskin-mini-irk-kopek-odul-mamasi-50g\/","title":{"rendered":"Animonda Vom Feinsten S\u0131\u011f\u0131r Etli Yeti\u015fkin Mini Irk K\u00f6pek \u00d6d\u00fcl Mamas\u0131 50g"},"content":{"rendered":"","protected":false},"excerpt":{"rendered":"<p>Animonda Vom Feinsten S\u0131\u011f\u0131r Etli ve Ada\u00e7ayl\u0131 Yeti\u015fkin K\u00fc\u00e7\u00fck Irk K\u00f6pek \u00d6d\u00fcl Mamas\u0131 i\u015ftahl\u0131 k\u00fc\u00e7\u00fck k\u00f6pekler i\u00e7in lezzetli bir \u00f6d\u00fcl mamas\u0131d\u0131r.<br \/>\n\u0130\u00e7erik: Et ve Hayvansal T\u00fcrevler (%95, %30 s\u0131\u011f\u0131r eti), Mineraller Ada\u00e7ay\u0131 %0,1<br \/>\nBesin De\u011ferleri: Protein %39, Ya\u011f \u0130\u00e7eri\u011fi %22, Ham Sel\u00fcloz %1,5, Ham K\u00fcl %10, Nem %27<br \/>\nG\u00fcnl\u00fck T\u00fcketim Miktar\u0131<br \/>\n2-4 kg k\u00f6pekler i\u00e7in g\u00fcnde 4-6 adet<br \/>\n6-8 kg k\u00f6pekler i\u00e7in g\u00fcnde 9-11 adet<\/p>","protected":false},"featured_media":42853,"comment_status":"open","ping_status":"closed","template":"","meta":{"_acf_changed":false},"product_brand":[],"product_cat":[2450],"product_tag":[],"class_list":{"0":"post-44648","1":"product","2":"type-product","3":"status-publish","4":"has-post-thumbnail","6":"product_cat-kopek-konserveleri","8":"first","9":"instock","10":"shipping-taxable","11":"product-type-simple"},"acf":[],"yoast_head":"<!-- This site is optimized with the Yoast SEO plugin v27.4 - https:\/\/yoast.com\/product\/yoast-seo-wordpress\/ -->\n<title>Animonda Vom Feinsten S\u0131\u011f\u0131r Etli Yeti\u015fkin Mini Irk K\u00f6pek \u00d6d\u00fcl Mamas\u0131 50g - Anadolu Pet Grup<\/title>\n<meta name=\"robots\" content=\"index, follow, max-snippet:-1, max-image-preview:large, max-video-preview:-1\" \/>\n<link rel=\"canonical\" href=\"https:\/\/anadolupet.com.tr\/en\/product\/animonda-vom-feinsten-sigir-etli-yetiskin-mini-irk-kopek-odul-mamasi-50g\/\" \/>\n<meta property=\"og:locale\" content=\"en_US\" \/>\n<meta property=\"og:type\" content=\"article\" \/>\n<meta property=\"og:title\" content=\"Animonda Vom Feinsten S\u0131\u011f\u0131r Etli Yeti\u015fkin Mini Irk K\u00f6pek \u00d6d\u00fcl Mamas\u0131 50g - Anadolu Pet Grup\" \/>\n<meta property=\"og:description\" content=\"Animonda Vom Feinsten S\u0131\u011f\u0131r Etli ve Ada\u00e7ayl\u0131 Yeti\u015fkin K\u00fc\u00e7\u00fck Irk K\u00f6pek \u00d6d\u00fcl Mamas\u0131 i\u015ftahl\u0131 k\u00fc\u00e7\u00fck k\u00f6pekler i\u00e7in lezzetli bir \u00f6d\u00fcl mamas\u0131d\u0131r. \u0130\u00e7erik: Et ve Hayvansal T\u00fcrevler (%95, %30 s\u0131\u011f\u0131r eti), Mineraller Ada\u00e7ay\u0131 %0,1 Besin De\u011ferleri: Protein %39, Ya\u011f \u0130\u00e7eri\u011fi %22, Ham Sel\u00fcloz %1,5, Ham K\u00fcl %10, Nem %27 G\u00fcnl\u00fck T\u00fcketim Miktar\u0131 2-4 kg k\u00f6pekler i\u00e7in g\u00fcnde 4-6 adet 6-8 kg k\u00f6pekler i\u00e7in g\u00fcnde 9-11 adet\" \/>\n<meta property=\"og:url\" content=\"https:\/\/anadolupet.com.tr\/en\/product\/animonda-vom-feinsten-sigir-etli-yetiskin-mini-irk-kopek-odul-mamasi-50g\/\" \/>\n<meta property=\"og:site_name\" content=\"Anadolu Pet Grup\" \/>\n<meta property=\"article:modified_time\" content=\"2026-02-23T12:47:48+00:00\" \/>\n<meta property=\"og:image\" content=\"https:\/\/anadolupet.com.tr\/wp-content\/uploads\/2026\/02\/200-082864.jpg\" \/>\n\t<meta property=\"og:image:width\" content=\"750\" \/>\n\t<meta property=\"og:image:height\" content=\"750\" \/>\n\t<meta property=\"og:image:type\" content=\"image\/jpeg\" \/>\n<meta name=\"twitter:card\" content=\"summary_large_image\" \/>\n<script type=\"application\/ld+json\" class=\"yoast-schema-graph\">{\"@context\":\"https:\\\/\\\/schema.org\",\"@graph\":[{\"@type\":\"WebPage\",\"@id\":\"https:\\\/\\\/anadolupet.com.tr\\\/urun\\\/animonda-vom-feinsten-sigir-etli-yetiskin-mini-irk-kopek-odul-mamasi-50g\\\/\",\"url\":\"https:\\\/\\\/anadolupet.com.tr\\\/urun\\\/animonda-vom-feinsten-sigir-etli-yetiskin-mini-irk-kopek-odul-mamasi-50g\\\/\",\"name\":\"Animonda Vom Feinsten S\u0131\u011f\u0131r Etli Yeti\u015fkin Mini Irk K\u00f6pek \u00d6d\u00fcl Mamas\u0131 50g - Anadolu Pet Grup\",\"isPartOf\":{\"@id\":\"https:\\\/\\\/anadolupet.com.tr\\\/#website\"},\"primaryImageOfPage\":{\"@id\":\"https:\\\/\\\/anadolupet.com.tr\\\/urun\\\/animonda-vom-feinsten-sigir-etli-yetiskin-mini-irk-kopek-odul-mamasi-50g\\\/#primaryimage\"},\"image\":{\"@id\":\"https:\\\/\\\/anadolupet.com.tr\\\/urun\\\/animonda-vom-feinsten-sigir-etli-yetiskin-mini-irk-kopek-odul-mamasi-50g\\\/#primaryimage\"},\"thumbnailUrl\":\"https:\\\/\\\/anadolupet.com.tr\\\/wp-content\\\/uploads\\\/2026\\\/02\\\/200-082864.jpg\",\"datePublished\":\"2026-02-14T14:39:18+00:00\",\"dateModified\":\"2026-02-23T12:47:48+00:00\",\"breadcrumb\":{\"@id\":\"https:\\\/\\\/anadolupet.com.tr\\\/urun\\\/animonda-vom-feinsten-sigir-etli-yetiskin-mini-irk-kopek-odul-mamasi-50g\\\/#breadcrumb\"},\"inLanguage\":\"en-US\",\"potentialAction\":[{\"@type\":\"ReadAction\",\"target\":[\"https:\\\/\\\/anadolupet.com.tr\\\/urun\\\/animonda-vom-feinsten-sigir-etli-yetiskin-mini-irk-kopek-odul-mamasi-50g\\\/\"]}]},{\"@type\":\"ImageObject\",\"inLanguage\":\"en-US\",\"@id\":\"https:\\\/\\\/anadolupet.com.tr\\\/urun\\\/animonda-vom-feinsten-sigir-etli-yetiskin-mini-irk-kopek-odul-mamasi-50g\\\/#primaryimage\",\"url\":\"https:\\\/\\\/anadolupet.com.tr\\\/wp-content\\\/uploads\\\/2026\\\/02\\\/200-082864.jpg\",\"contentUrl\":\"https:\\\/\\\/anadolupet.com.tr\\\/wp-content\\\/uploads\\\/2026\\\/02\\\/200-082864.jpg\",\"width\":750,\"height\":750},{\"@type\":\"BreadcrumbList\",\"@id\":\"https:\\\/\\\/anadolupet.com.tr\\\/urun\\\/animonda-vom-feinsten-sigir-etli-yetiskin-mini-irk-kopek-odul-mamasi-50g\\\/#breadcrumb\",\"itemListElement\":[{\"@type\":\"ListItem\",\"position\":1,\"name\":\"Anasayfa\",\"item\":\"https:\\\/\\\/anadolupet.com.tr\\\/\"},{\"@type\":\"ListItem\",\"position\":2,\"name\":\"\u00dcr\u00fcnler\",\"item\":\"https:\\\/\\\/anadolupet.com.tr\\\/urunler\\\/\"},{\"@type\":\"ListItem\",\"position\":3,\"name\":\"Animonda Vom Feinsten S\u0131\u011f\u0131r Etli Yeti\u015fkin Mini Irk K\u00f6pek \u00d6d\u00fcl Mamas\u0131 50g\"}]},{\"@type\":\"WebSite\",\"@id\":\"https:\\\/\\\/anadolupet.com.tr\\\/#website\",\"url\":\"https:\\\/\\\/anadolupet.com.tr\\\/\",\"name\":\"Anadolu Pet Grup\",\"description\":\"Her Can\u0131n \u0130yi Ya\u015fam\u0131 \u0130\u00e7in Biraraday\u0131z\",\"publisher\":{\"@id\":\"https:\\\/\\\/anadolupet.com.tr\\\/#organization\"},\"potentialAction\":[{\"@type\":\"SearchAction\",\"target\":{\"@type\":\"EntryPoint\",\"urlTemplate\":\"https:\\\/\\\/anadolupet.com.tr\\\/?s={search_term_string}\"},\"query-input\":{\"@type\":\"PropertyValueSpecification\",\"valueRequired\":true,\"valueName\":\"search_term_string\"}}],\"inLanguage\":\"en-US\"},{\"@type\":\"Organization\",\"@id\":\"https:\\\/\\\/anadolupet.com.tr\\\/#organization\",\"name\":\"Anadolu Pet Grup\",\"alternateName\":\"Anadolu Pet\",\"url\":\"https:\\\/\\\/anadolupet.com.tr\\\/\",\"logo\":{\"@type\":\"ImageObject\",\"inLanguage\":\"en-US\",\"@id\":\"https:\\\/\\\/anadolupet.com.tr\\\/#\\\/schema\\\/logo\\\/image\\\/\",\"url\":\"https:\\\/\\\/anadolupet.com.tr\\\/wp-content\\\/uploads\\\/2026\\\/03\\\/1614666743370.jpg\",\"contentUrl\":\"https:\\\/\\\/anadolupet.com.tr\\\/wp-content\\\/uploads\\\/2026\\\/03\\\/1614666743370.jpg\",\"width\":800,\"height\":571,\"caption\":\"Anadolu Pet Grup\"},\"image\":{\"@id\":\"https:\\\/\\\/anadolupet.com.tr\\\/#\\\/schema\\\/logo\\\/image\\\/\"}}]}<\/script>\n<!-- \/ Yoast SEO plugin. -->","yoast_head_json":{"title":"Animonda Vom Feinsten S\u0131\u011f\u0131r Etli Yeti\u015fkin Mini Irk K\u00f6pek \u00d6d\u00fcl Mamas\u0131 50g - Anadolu Pet Grup","robots":{"index":"index","follow":"follow","max-snippet":"max-snippet:-1","max-image-preview":"max-image-preview:large","max-video-preview":"max-video-preview:-1"},"canonical":"https:\/\/anadolupet.com.tr\/en\/product\/animonda-vom-feinsten-sigir-etli-yetiskin-mini-irk-kopek-odul-mamasi-50g\/","og_locale":"en_US","og_type":"article","og_title":"Animonda Vom Feinsten S\u0131\u011f\u0131r Etli Yeti\u015fkin Mini Irk K\u00f6pek \u00d6d\u00fcl Mamas\u0131 50g - Anadolu Pet Grup","og_description":"Animonda Vom Feinsten S\u0131\u011f\u0131r Etli ve Ada\u00e7ayl\u0131 Yeti\u015fkin K\u00fc\u00e7\u00fck Irk K\u00f6pek \u00d6d\u00fcl Mamas\u0131 i\u015ftahl\u0131 k\u00fc\u00e7\u00fck k\u00f6pekler i\u00e7in lezzetli bir \u00f6d\u00fcl mamas\u0131d\u0131r. \u0130\u00e7erik: Et ve Hayvansal T\u00fcrevler (%95, %30 s\u0131\u011f\u0131r eti), Mineraller Ada\u00e7ay\u0131 %0,1 Besin De\u011ferleri: Protein %39, Ya\u011f \u0130\u00e7eri\u011fi %22, Ham Sel\u00fcloz %1,5, Ham K\u00fcl %10, Nem %27 G\u00fcnl\u00fck T\u00fcketim Miktar\u0131 2-4 kg k\u00f6pekler i\u00e7in g\u00fcnde 4-6 adet 6-8 kg k\u00f6pekler i\u00e7in g\u00fcnde 9-11 adet","og_url":"https:\/\/anadolupet.com.tr\/en\/product\/animonda-vom-feinsten-sigir-etli-yetiskin-mini-irk-kopek-odul-mamasi-50g\/","og_site_name":"Anadolu Pet Grup","article_modified_time":"2026-02-23T12:47:48+00:00","og_image":[{"width":750,"height":750,"url":"https:\/\/anadolupet.com.tr\/wp-content\/uploads\/2026\/02\/200-082864.jpg","type":"image\/jpeg"}],"twitter_card":"summary_large_image","schema":{"@context":"https:\/\/schema.org","@graph":[{"@type":"WebPage","@id":"https:\/\/anadolupet.com.tr\/urun\/animonda-vom-feinsten-sigir-etli-yetiskin-mini-irk-kopek-odul-mamasi-50g\/","url":"https:\/\/anadolupet.com.tr\/urun\/animonda-vom-feinsten-sigir-etli-yetiskin-mini-irk-kopek-odul-mamasi-50g\/","name":"Animonda Vom Feinsten S\u0131\u011f\u0131r Etli Yeti\u015fkin Mini Irk K\u00f6pek \u00d6d\u00fcl Mamas\u0131 50g - Anadolu Pet Grup","isPartOf":{"@id":"https:\/\/anadolupet.com.tr\/#website"},"primaryImageOfPage":{"@id":"https:\/\/anadolupet.com.tr\/urun\/animonda-vom-feinsten-sigir-etli-yetiskin-mini-irk-kopek-odul-mamasi-50g\/#primaryimage"},"image":{"@id":"https:\/\/anadolupet.com.tr\/urun\/animonda-vom-feinsten-sigir-etli-yetiskin-mini-irk-kopek-odul-mamasi-50g\/#primaryimage"},"thumbnailUrl":"https:\/\/anadolupet.com.tr\/wp-content\/uploads\/2026\/02\/200-082864.jpg","datePublished":"2026-02-14T14:39:18+00:00","dateModified":"2026-02-23T12:47:48+00:00","breadcrumb":{"@id":"https:\/\/anadolupet.com.tr\/urun\/animonda-vom-feinsten-sigir-etli-yetiskin-mini-irk-kopek-odul-mamasi-50g\/#breadcrumb"},"inLanguage":"en-US","potentialAction":[{"@type":"ReadAction","target":["https:\/\/anadolupet.com.tr\/urun\/animonda-vom-feinsten-sigir-etli-yetiskin-mini-irk-kopek-odul-mamasi-50g\/"]}]},{"@type":"ImageObject","inLanguage":"en-US","@id":"https:\/\/anadolupet.com.tr\/urun\/animonda-vom-feinsten-sigir-etli-yetiskin-mini-irk-kopek-odul-mamasi-50g\/#primaryimage","url":"https:\/\/anadolupet.com.tr\/wp-content\/uploads\/2026\/02\/200-082864.jpg","contentUrl":"https:\/\/anadolupet.com.tr\/wp-content\/uploads\/2026\/02\/200-082864.jpg","width":750,"height":750},{"@type":"BreadcrumbList","@id":"https:\/\/anadolupet.com.tr\/urun\/animonda-vom-feinsten-sigir-etli-yetiskin-mini-irk-kopek-odul-mamasi-50g\/#breadcrumb","itemListElement":[{"@type":"ListItem","position":1,"name":"Anasayfa","item":"https:\/\/anadolupet.com.tr\/"},{"@type":"ListItem","position":2,"name":"\u00dcr\u00fcnler","item":"https:\/\/anadolupet.com.tr\/urunler\/"},{"@type":"ListItem","position":3,"name":"Animonda Vom Feinsten S\u0131\u011f\u0131r Etli Yeti\u015fkin Mini Irk K\u00f6pek \u00d6d\u00fcl Mamas\u0131 50g"}]},{"@type":"WebSite","@id":"https:\/\/anadolupet.com.tr\/#website","url":"https:\/\/anadolupet.com.tr\/","name":"Anadolu Pet Group","description":"We Stand Together for the Well-Being of Every Life","publisher":{"@id":"https:\/\/anadolupet.com.tr\/#organization"},"potentialAction":[{"@type":"SearchAction","target":{"@type":"EntryPoint","urlTemplate":"https:\/\/anadolupet.com.tr\/?s={search_term_string}"},"query-input":{"@type":"PropertyValueSpecification","valueRequired":true,"valueName":"search_term_string"}}],"inLanguage":"en-US"},{"@type":"Organization","@id":"https:\/\/anadolupet.com.tr\/#organization","name":"Anadolu Pet Group","alternateName":"Anadolu Pet","url":"https:\/\/anadolupet.com.tr\/","logo":{"@type":"ImageObject","inLanguage":"en-US","@id":"https:\/\/anadolupet.com.tr\/#\/schema\/logo\/image\/","url":"https:\/\/anadolupet.com.tr\/wp-content\/uploads\/2026\/03\/1614666743370.jpg","contentUrl":"https:\/\/anadolupet.com.tr\/wp-content\/uploads\/2026\/03\/1614666743370.jpg","width":800,"height":571,"caption":"Anadolu Pet Grup"},"image":{"@id":"https:\/\/anadolupet.com.tr\/#\/schema\/logo\/image\/"}}]}},"_links":{"self":[{"href":"https:\/\/anadolupet.com.tr\/en\/wp-json\/wp\/v2\/product\/44648","targetHints":{"allow":["GET"]}}],"collection":[{"href":"https:\/\/anadolupet.com.tr\/en\/wp-json\/wp\/v2\/product"}],"about":[{"href":"https:\/\/anadolupet.com.tr\/en\/wp-json\/wp\/v2\/types\/product"}],"replies":[{"embeddable":true,"href":"https:\/\/anadolupet.com.tr\/en\/wp-json\/wp\/v2\/comments?post=44648"}],"wp:featuredmedia":[{"embeddable":true,"href":"https:\/\/anadolupet.com.tr\/en\/wp-json\/wp\/v2\/media\/42853"}],"wp:attachment":[{"href":"https:\/\/anadolupet.com.tr\/en\/wp-json\/wp\/v2\/media?parent=44648"}],"wp:term":[{"taxonomy":"product_brand","embeddable":true,"href":"https:\/\/anadolupet.com.tr\/en\/wp-json\/wp\/v2\/product_brand?post=44648"},{"taxonomy":"product_cat","embeddable":true,"href":"https:\/\/anadolupet.com.tr\/en\/wp-json\/wp\/v2\/product_cat?post=44648"},{"taxonomy":"product_tag","embeddable":true,"href":"https:\/\/anadolupet.com.tr\/en\/wp-json\/wp\/v2\/product_tag?post=44648"}],"curies":[{"name":"wp","href":"https:\/\/api.w.org\/{rel}","templated":true}]}}