{"id":44653,"date":"2026-02-14T14:39:19","date_gmt":"2026-02-14T14:39:19","guid":{"rendered":"https:\/\/anadolupet.com.tr\/urun\/autofeeder-climacontrol-icin-eheim-trafosu\/"},"modified":"2026-02-23T12:47:48","modified_gmt":"2026-02-23T12:47:48","slug":"autofeeder-climacontrol-icin-eheim-trafosu","status":"publish","type":"product","link":"https:\/\/anadolupet.com.tr\/en\/urun\/autofeeder-climacontrol-icin-eheim-trafosu\/","title":{"rendered":"EHEIM transformer for Autofeeder+ \/ climacontrol+"},"content":{"rendered":"","protected":false},"excerpt":{"rendered":"<p>EHEIM power supply (adapt\u00f6r\/trafo \u00fcnitesi), Autofeeder+ otomatik yemleme cihaz\u0131 ve Climacontrol+ akvaryum iklim kontrol cihaz\u0131 i\u00e7in \u00f6zel olarak \u00fcretilmi\u015f orijinal yedek par\u00e7ad\u0131r. Bu g\u00fc\u00e7 kayna\u011f\u0131, cihazlar\u0131n g\u00fcvenli ve stabil \u015fekilde \u00e7al\u0131\u015fmas\u0131 i\u00e7in gerekli voltaj ve ak\u0131m\u0131 sa\u011flar.<\/p>\n<p>Avantajlar ve \u00d6zellikler<br \/>\nOrijinal EHEIM yedek par\u00e7a \u2013 tam uyum ve g\u00fcvenilirlik<\/p>\n<p>Uyumlu cihazlar: Autofeeder+ ve Climacontrol+<\/p>\n<p>Elektronik bile\u015fenlere do\u011fru voltaj ve ak\u0131m sa\u011flar<\/p>\n<p>G\u00fcvenli, stabil ve uzun \u00f6m\u00fcrl\u00fc kullan\u0131m<\/p>\n<p>Kolay montaj \u2013 mevcut adapt\u00f6rle do\u011frudan de\u011fi\u015ftirilebilir<\/p>\n<p>Dayan\u0131kl\u0131 yap\u0131 \u2013 a\u015f\u0131r\u0131 \u0131s\u0131nmaya kar\u015f\u0131 korumal\u0131<\/p>","protected":false},"featured_media":42811,"comment_status":"open","ping_status":"closed","template":"","meta":{"_acf_changed":false},"product_brand":[],"product_cat":[2393],"product_tag":[],"class_list":{"0":"post-44653","1":"product","2":"type-product","3":"status-publish","4":"has-post-thumbnail","6":"product_cat-kafa-pompalari","8":"first","9":"instock","10":"shipping-taxable","11":"product-type-simple"},"acf":[],"yoast_head":"<!-- This site is optimized with the Yoast SEO plugin v27.5 - https:\/\/yoast.com\/product\/yoast-seo-wordpress\/ -->\n<title>Autofeeder+ \/ climacontrol+ i\u00e7in EHEIM trafosu - Anadolu Pet Grup<\/title>\n<meta name=\"robots\" content=\"index, follow, max-snippet:-1, max-image-preview:large, max-video-preview:-1\" \/>\n<link rel=\"canonical\" href=\"https:\/\/anadolupet.com.tr\/en\/product\/autofeeder-climacontrol-icin-eheim-trafosu\/\" \/>\n<meta property=\"og:locale\" content=\"en_US\" \/>\n<meta property=\"og:type\" content=\"article\" \/>\n<meta property=\"og:title\" content=\"Autofeeder+ \/ climacontrol+ i\u00e7in EHEIM trafosu - Anadolu Pet Grup\" \/>\n<meta property=\"og:description\" content=\"EHEIM power supply (adapt\u00f6r\/trafo \u00fcnitesi), Autofeeder+ otomatik yemleme cihaz\u0131 ve Climacontrol+ akvaryum iklim kontrol cihaz\u0131 i\u00e7in \u00f6zel olarak \u00fcretilmi\u015f orijinal yedek par\u00e7ad\u0131r. Bu g\u00fc\u00e7 kayna\u011f\u0131, cihazlar\u0131n g\u00fcvenli ve stabil \u015fekilde \u00e7al\u0131\u015fmas\u0131 i\u00e7in gerekli voltaj ve ak\u0131m\u0131 sa\u011flar. Avantajlar ve \u00d6zellikler Orijinal EHEIM yedek par\u00e7a \u2013 tam uyum ve g\u00fcvenilirlik Uyumlu cihazlar: Autofeeder+ ve Climacontrol+ Elektronik bile\u015fenlere do\u011fru voltaj ve ak\u0131m sa\u011flar G\u00fcvenli, stabil ve uzun \u00f6m\u00fcrl\u00fc kullan\u0131m Kolay montaj \u2013 mevcut adapt\u00f6rle do\u011frudan de\u011fi\u015ftirilebilir Dayan\u0131kl\u0131 yap\u0131 \u2013 a\u015f\u0131r\u0131 \u0131s\u0131nmaya kar\u015f\u0131 korumal\u0131\" \/>\n<meta property=\"og:url\" content=\"https:\/\/anadolupet.com.tr\/en\/product\/autofeeder-climacontrol-icin-eheim-trafosu\/\" \/>\n<meta property=\"og:site_name\" content=\"Anadolu Pet Grup\" \/>\n<meta property=\"article:modified_time\" content=\"2026-02-23T12:47:48+00:00\" \/>\n<meta property=\"og:image\" content=\"https:\/\/anadolupet.com.tr\/wp-content\/uploads\/2026\/02\/115-7341218.jpg\" \/>\n\t<meta property=\"og:image:width\" content=\"750\" \/>\n\t<meta property=\"og:image:height\" content=\"750\" \/>\n\t<meta property=\"og:image:type\" content=\"image\/jpeg\" \/>\n<meta name=\"twitter:card\" content=\"summary_large_image\" \/>\n<script type=\"application\/ld+json\" class=\"yoast-schema-graph\">{\"@context\":\"https:\\\/\\\/schema.org\",\"@graph\":[{\"@type\":\"WebPage\",\"@id\":\"https:\\\/\\\/anadolupet.com.tr\\\/urun\\\/autofeeder-climacontrol-icin-eheim-trafosu\\\/\",\"url\":\"https:\\\/\\\/anadolupet.com.tr\\\/urun\\\/autofeeder-climacontrol-icin-eheim-trafosu\\\/\",\"name\":\"Autofeeder+ \\\/ climacontrol+ i\u00e7in EHEIM trafosu - Anadolu Pet Grup\",\"isPartOf\":{\"@id\":\"https:\\\/\\\/anadolupet.com.tr\\\/#website\"},\"primaryImageOfPage\":{\"@id\":\"https:\\\/\\\/anadolupet.com.tr\\\/urun\\\/autofeeder-climacontrol-icin-eheim-trafosu\\\/#primaryimage\"},\"image\":{\"@id\":\"https:\\\/\\\/anadolupet.com.tr\\\/urun\\\/autofeeder-climacontrol-icin-eheim-trafosu\\\/#primaryimage\"},\"thumbnailUrl\":\"https:\\\/\\\/anadolupet.com.tr\\\/wp-content\\\/uploads\\\/2026\\\/02\\\/115-7341218.jpg\",\"datePublished\":\"2026-02-14T14:39:19+00:00\",\"dateModified\":\"2026-02-23T12:47:48+00:00\",\"breadcrumb\":{\"@id\":\"https:\\\/\\\/anadolupet.com.tr\\\/urun\\\/autofeeder-climacontrol-icin-eheim-trafosu\\\/#breadcrumb\"},\"inLanguage\":\"en-US\",\"potentialAction\":[{\"@type\":\"ReadAction\",\"target\":[\"https:\\\/\\\/anadolupet.com.tr\\\/urun\\\/autofeeder-climacontrol-icin-eheim-trafosu\\\/\"]}]},{\"@type\":\"ImageObject\",\"inLanguage\":\"en-US\",\"@id\":\"https:\\\/\\\/anadolupet.com.tr\\\/urun\\\/autofeeder-climacontrol-icin-eheim-trafosu\\\/#primaryimage\",\"url\":\"https:\\\/\\\/anadolupet.com.tr\\\/wp-content\\\/uploads\\\/2026\\\/02\\\/115-7341218.jpg\",\"contentUrl\":\"https:\\\/\\\/anadolupet.com.tr\\\/wp-content\\\/uploads\\\/2026\\\/02\\\/115-7341218.jpg\",\"width\":750,\"height\":750},{\"@type\":\"BreadcrumbList\",\"@id\":\"https:\\\/\\\/anadolupet.com.tr\\\/urun\\\/autofeeder-climacontrol-icin-eheim-trafosu\\\/#breadcrumb\",\"itemListElement\":[{\"@type\":\"ListItem\",\"position\":1,\"name\":\"Anasayfa\",\"item\":\"https:\\\/\\\/anadolupet.com.tr\\\/\"},{\"@type\":\"ListItem\",\"position\":2,\"name\":\"\u00dcr\u00fcnler\",\"item\":\"https:\\\/\\\/anadolupet.com.tr\\\/urunler\\\/\"},{\"@type\":\"ListItem\",\"position\":3,\"name\":\"Autofeeder+ \\\/ climacontrol+ i\u00e7in EHEIM trafosu\"}]},{\"@type\":\"WebSite\",\"@id\":\"https:\\\/\\\/anadolupet.com.tr\\\/#website\",\"url\":\"https:\\\/\\\/anadolupet.com.tr\\\/\",\"name\":\"Anadolu Pet Grup\",\"description\":\"Her Can\u0131n \u0130yi Ya\u015fam\u0131 \u0130\u00e7in Biraraday\u0131z\",\"publisher\":{\"@id\":\"https:\\\/\\\/anadolupet.com.tr\\\/#organization\"},\"potentialAction\":[{\"@type\":\"SearchAction\",\"target\":{\"@type\":\"EntryPoint\",\"urlTemplate\":\"https:\\\/\\\/anadolupet.com.tr\\\/?s={search_term_string}\"},\"query-input\":{\"@type\":\"PropertyValueSpecification\",\"valueRequired\":true,\"valueName\":\"search_term_string\"}}],\"inLanguage\":\"en-US\"},{\"@type\":\"Organization\",\"@id\":\"https:\\\/\\\/anadolupet.com.tr\\\/#organization\",\"name\":\"Anadolu Pet Grup\",\"alternateName\":\"Anadolu Pet\",\"url\":\"https:\\\/\\\/anadolupet.com.tr\\\/\",\"logo\":{\"@type\":\"ImageObject\",\"inLanguage\":\"en-US\",\"@id\":\"https:\\\/\\\/anadolupet.com.tr\\\/#\\\/schema\\\/logo\\\/image\\\/\",\"url\":\"https:\\\/\\\/anadolupet.com.tr\\\/wp-content\\\/uploads\\\/2026\\\/03\\\/1614666743370.jpg\",\"contentUrl\":\"https:\\\/\\\/anadolupet.com.tr\\\/wp-content\\\/uploads\\\/2026\\\/03\\\/1614666743370.jpg\",\"width\":800,\"height\":571,\"caption\":\"Anadolu Pet Grup\"},\"image\":{\"@id\":\"https:\\\/\\\/anadolupet.com.tr\\\/#\\\/schema\\\/logo\\\/image\\\/\"}}]}<\/script>\n<!-- \/ Yoast SEO plugin. -->","yoast_head_json":{"title":"Autofeeder+ \/ climacontrol+ i\u00e7in EHEIM trafosu - Anadolu Pet Grup","robots":{"index":"index","follow":"follow","max-snippet":"max-snippet:-1","max-image-preview":"max-image-preview:large","max-video-preview":"max-video-preview:-1"},"canonical":"https:\/\/anadolupet.com.tr\/en\/product\/autofeeder-climacontrol-icin-eheim-trafosu\/","og_locale":"en_US","og_type":"article","og_title":"Autofeeder+ \/ climacontrol+ i\u00e7in EHEIM trafosu - Anadolu Pet Grup","og_description":"EHEIM power supply (adapt\u00f6r\/trafo \u00fcnitesi), Autofeeder+ otomatik yemleme cihaz\u0131 ve Climacontrol+ akvaryum iklim kontrol cihaz\u0131 i\u00e7in \u00f6zel olarak \u00fcretilmi\u015f orijinal yedek par\u00e7ad\u0131r. Bu g\u00fc\u00e7 kayna\u011f\u0131, cihazlar\u0131n g\u00fcvenli ve stabil \u015fekilde \u00e7al\u0131\u015fmas\u0131 i\u00e7in gerekli voltaj ve ak\u0131m\u0131 sa\u011flar. Avantajlar ve \u00d6zellikler Orijinal EHEIM yedek par\u00e7a \u2013 tam uyum ve g\u00fcvenilirlik Uyumlu cihazlar: Autofeeder+ ve Climacontrol+ Elektronik bile\u015fenlere do\u011fru voltaj ve ak\u0131m sa\u011flar G\u00fcvenli, stabil ve uzun \u00f6m\u00fcrl\u00fc kullan\u0131m Kolay montaj \u2013 mevcut adapt\u00f6rle do\u011frudan de\u011fi\u015ftirilebilir Dayan\u0131kl\u0131 yap\u0131 \u2013 a\u015f\u0131r\u0131 \u0131s\u0131nmaya kar\u015f\u0131 korumal\u0131","og_url":"https:\/\/anadolupet.com.tr\/en\/product\/autofeeder-climacontrol-icin-eheim-trafosu\/","og_site_name":"Anadolu Pet Grup","article_modified_time":"2026-02-23T12:47:48+00:00","og_image":[{"width":750,"height":750,"url":"https:\/\/anadolupet.com.tr\/wp-content\/uploads\/2026\/02\/115-7341218.jpg","type":"image\/jpeg"}],"twitter_card":"summary_large_image","schema":{"@context":"https:\/\/schema.org","@graph":[{"@type":"WebPage","@id":"https:\/\/anadolupet.com.tr\/urun\/autofeeder-climacontrol-icin-eheim-trafosu\/","url":"https:\/\/anadolupet.com.tr\/urun\/autofeeder-climacontrol-icin-eheim-trafosu\/","name":"Autofeeder+ \/ climacontrol+ i\u00e7in EHEIM trafosu - Anadolu Pet Grup","isPartOf":{"@id":"https:\/\/anadolupet.com.tr\/#website"},"primaryImageOfPage":{"@id":"https:\/\/anadolupet.com.tr\/urun\/autofeeder-climacontrol-icin-eheim-trafosu\/#primaryimage"},"image":{"@id":"https:\/\/anadolupet.com.tr\/urun\/autofeeder-climacontrol-icin-eheim-trafosu\/#primaryimage"},"thumbnailUrl":"https:\/\/anadolupet.com.tr\/wp-content\/uploads\/2026\/02\/115-7341218.jpg","datePublished":"2026-02-14T14:39:19+00:00","dateModified":"2026-02-23T12:47:48+00:00","breadcrumb":{"@id":"https:\/\/anadolupet.com.tr\/urun\/autofeeder-climacontrol-icin-eheim-trafosu\/#breadcrumb"},"inLanguage":"en-US","potentialAction":[{"@type":"ReadAction","target":["https:\/\/anadolupet.com.tr\/urun\/autofeeder-climacontrol-icin-eheim-trafosu\/"]}]},{"@type":"ImageObject","inLanguage":"en-US","@id":"https:\/\/anadolupet.com.tr\/urun\/autofeeder-climacontrol-icin-eheim-trafosu\/#primaryimage","url":"https:\/\/anadolupet.com.tr\/wp-content\/uploads\/2026\/02\/115-7341218.jpg","contentUrl":"https:\/\/anadolupet.com.tr\/wp-content\/uploads\/2026\/02\/115-7341218.jpg","width":750,"height":750},{"@type":"BreadcrumbList","@id":"https:\/\/anadolupet.com.tr\/urun\/autofeeder-climacontrol-icin-eheim-trafosu\/#breadcrumb","itemListElement":[{"@type":"ListItem","position":1,"name":"Anasayfa","item":"https:\/\/anadolupet.com.tr\/"},{"@type":"ListItem","position":2,"name":"\u00dcr\u00fcnler","item":"https:\/\/anadolupet.com.tr\/urunler\/"},{"@type":"ListItem","position":3,"name":"Autofeeder+ \/ climacontrol+ i\u00e7in EHEIM trafosu"}]},{"@type":"WebSite","@id":"https:\/\/anadolupet.com.tr\/#website","url":"https:\/\/anadolupet.com.tr\/","name":"Anadolu Pet Group","description":"We Stand Together for the Well-Being of Every Life","publisher":{"@id":"https:\/\/anadolupet.com.tr\/#organization"},"potentialAction":[{"@type":"SearchAction","target":{"@type":"EntryPoint","urlTemplate":"https:\/\/anadolupet.com.tr\/?s={search_term_string}"},"query-input":{"@type":"PropertyValueSpecification","valueRequired":true,"valueName":"search_term_string"}}],"inLanguage":"en-US"},{"@type":"Organization","@id":"https:\/\/anadolupet.com.tr\/#organization","name":"Anadolu Pet Group","alternateName":"Anadolu Pet","url":"https:\/\/anadolupet.com.tr\/","logo":{"@type":"ImageObject","inLanguage":"en-US","@id":"https:\/\/anadolupet.com.tr\/#\/schema\/logo\/image\/","url":"https:\/\/anadolupet.com.tr\/wp-content\/uploads\/2026\/03\/1614666743370.jpg","contentUrl":"https:\/\/anadolupet.com.tr\/wp-content\/uploads\/2026\/03\/1614666743370.jpg","width":800,"height":571,"caption":"Anadolu Pet Grup"},"image":{"@id":"https:\/\/anadolupet.com.tr\/#\/schema\/logo\/image\/"}}]}},"_links":{"self":[{"href":"https:\/\/anadolupet.com.tr\/en\/wp-json\/wp\/v2\/product\/44653","targetHints":{"allow":["GET"]}}],"collection":[{"href":"https:\/\/anadolupet.com.tr\/en\/wp-json\/wp\/v2\/product"}],"about":[{"href":"https:\/\/anadolupet.com.tr\/en\/wp-json\/wp\/v2\/types\/product"}],"replies":[{"embeddable":true,"href":"https:\/\/anadolupet.com.tr\/en\/wp-json\/wp\/v2\/comments?post=44653"}],"wp:featuredmedia":[{"embeddable":true,"href":"https:\/\/anadolupet.com.tr\/en\/wp-json\/wp\/v2\/media\/42811"}],"wp:attachment":[{"href":"https:\/\/anadolupet.com.tr\/en\/wp-json\/wp\/v2\/media?parent=44653"}],"wp:term":[{"taxonomy":"product_brand","embeddable":true,"href":"https:\/\/anadolupet.com.tr\/en\/wp-json\/wp\/v2\/product_brand?post=44653"},{"taxonomy":"product_cat","embeddable":true,"href":"https:\/\/anadolupet.com.tr\/en\/wp-json\/wp\/v2\/product_cat?post=44653"},{"taxonomy":"product_tag","embeddable":true,"href":"https:\/\/anadolupet.com.tr\/en\/wp-json\/wp\/v2\/product_tag?post=44653"}],"curies":[{"name":"wp","href":"https:\/\/api.w.org\/{rel}","templated":true}]}}