{"id":44662,"date":"2026-02-14T14:39:20","date_gmt":"2026-02-14T14:39:20","guid":{"rendered":"https:\/\/anadolupet.com.tr\/urun\/beaphar-stop-it-kopek-uzaklastirici-sprey-100-ml\/"},"modified":"2026-02-23T12:47:49","modified_gmt":"2026-02-23T12:47:49","slug":"beaphar-stop-it-kopek-uzaklastirici-sprey-100-ml","status":"publish","type":"product","link":"https:\/\/anadolupet.com.tr\/en\/urun\/beaphar-stop-it-kopek-uzaklastirici-sprey-100-ml\/","title":{"rendered":"Beaphar Stop It K\u00f6pek Uzakla\u015ft\u0131r\u0131c\u0131 Sprey &#8211; 100 ML"},"content":{"rendered":"","protected":false},"excerpt":{"rendered":"<p>K\u00f6pekler i\u00e7in, i\u00e7 ve d\u0131\u015f mekanlarda uzak durmalar\u0131n\u0131 istedi\u011finiz alanlara p\u00fcsk\u00fcrt\u00fclerek kullan\u0131lan uzakla\u015ft\u0131r\u0131c\u0131 e\u011fitim spreyi.<br \/>\nKullan\u0131m Talimat\u0131;<br \/>\n* K\u00f6pe\u011finizin yakla\u015fmas\u0131n\u0131 istemedi\u011finiz b\u00f6lgelere 24 saat aral\u0131klarla p\u00fcsk\u00fcrt\u00fcn<br \/>\n* D\u0131\u015f mekanlarda, ya\u011fmur sonras\u0131 tekrar p\u00fcsk\u00fcrt\u00fclmesi tavsiye edilir<br \/>\nUyar\u0131lar;<br \/>\n* \u00c7ocuklar\u0131n ula\u015famayaca\u011f\u0131 yerde saklay\u0131n<br \/>\n* Bitkilerin \u00fczerine s\u0131kmay\u0131n<br \/>\n* \u00dcr\u00fcn\u00fc solumay\u0131n<br \/>\n* \u00dcr\u00fcn leke olu\u015fturmaya sebep olabilce\u011finden i\u00e7 mekanlarda k\u00fc\u00e7\u00fck bir alanda deneyerek uygulay\u0131n<\/p>","protected":false},"featured_media":42886,"comment_status":"open","ping_status":"closed","template":"","meta":{"_acf_changed":false},"product_brand":[],"product_cat":[2464],"product_tag":[],"class_list":{"0":"post-44662","1":"product","2":"type-product","3":"status-publish","4":"has-post-thumbnail","6":"product_cat-yetiskin-kopek-mamalari","8":"first","9":"instock","10":"shipping-taxable","11":"product-type-simple"},"acf":[],"yoast_head":"<!-- This site is optimized with the Yoast SEO plugin v27.4 - https:\/\/yoast.com\/product\/yoast-seo-wordpress\/ -->\n<title>Beaphar Stop It K\u00f6pek Uzakla\u015ft\u0131r\u0131c\u0131 Sprey - 100 ML - Anadolu Pet Grup<\/title>\n<meta name=\"robots\" content=\"index, follow, max-snippet:-1, max-image-preview:large, max-video-preview:-1\" \/>\n<link rel=\"canonical\" href=\"https:\/\/anadolupet.com.tr\/en\/product\/beaphar-stop-it-kopek-uzaklastirici-sprey-100-ml\/\" \/>\n<meta property=\"og:locale\" content=\"en_US\" \/>\n<meta property=\"og:type\" content=\"article\" \/>\n<meta property=\"og:title\" content=\"Beaphar Stop It K\u00f6pek Uzakla\u015ft\u0131r\u0131c\u0131 Sprey - 100 ML - Anadolu Pet Grup\" \/>\n<meta property=\"og:description\" content=\"K\u00f6pekler i\u00e7in, i\u00e7 ve d\u0131\u015f mekanlarda uzak durmalar\u0131n\u0131 istedi\u011finiz alanlara p\u00fcsk\u00fcrt\u00fclerek kullan\u0131lan uzakla\u015ft\u0131r\u0131c\u0131 e\u011fitim spreyi. Kullan\u0131m Talimat\u0131; * K\u00f6pe\u011finizin yakla\u015fmas\u0131n\u0131 istemedi\u011finiz b\u00f6lgelere 24 saat aral\u0131klarla p\u00fcsk\u00fcrt\u00fcn * D\u0131\u015f mekanlarda, ya\u011fmur sonras\u0131 tekrar p\u00fcsk\u00fcrt\u00fclmesi tavsiye edilir Uyar\u0131lar; * \u00c7ocuklar\u0131n ula\u015famayaca\u011f\u0131 yerde saklay\u0131n * Bitkilerin \u00fczerine s\u0131kmay\u0131n * \u00dcr\u00fcn\u00fc solumay\u0131n * \u00dcr\u00fcn leke olu\u015fturmaya sebep olabilce\u011finden i\u00e7 mekanlarda k\u00fc\u00e7\u00fck bir alanda deneyerek uygulay\u0131n\" \/>\n<meta property=\"og:url\" content=\"https:\/\/anadolupet.com.tr\/en\/product\/beaphar-stop-it-kopek-uzaklastirici-sprey-100-ml\/\" \/>\n<meta property=\"og:site_name\" content=\"Anadolu Pet Grup\" \/>\n<meta property=\"article:modified_time\" content=\"2026-02-23T12:47:49+00:00\" \/>\n<meta property=\"og:image\" content=\"https:\/\/anadolupet.com.tr\/wp-content\/uploads\/2026\/02\/210-011319.jpg\" \/>\n\t<meta property=\"og:image:width\" content=\"750\" \/>\n\t<meta property=\"og:image:height\" content=\"750\" \/>\n\t<meta property=\"og:image:type\" content=\"image\/jpeg\" \/>\n<meta name=\"twitter:card\" content=\"summary_large_image\" \/>\n<script type=\"application\/ld+json\" class=\"yoast-schema-graph\">{\"@context\":\"https:\\\/\\\/schema.org\",\"@graph\":[{\"@type\":\"WebPage\",\"@id\":\"https:\\\/\\\/anadolupet.com.tr\\\/urun\\\/beaphar-stop-it-kopek-uzaklastirici-sprey-100-ml\\\/\",\"url\":\"https:\\\/\\\/anadolupet.com.tr\\\/urun\\\/beaphar-stop-it-kopek-uzaklastirici-sprey-100-ml\\\/\",\"name\":\"Beaphar Stop It K\u00f6pek Uzakla\u015ft\u0131r\u0131c\u0131 Sprey - 100 ML - Anadolu Pet Grup\",\"isPartOf\":{\"@id\":\"https:\\\/\\\/anadolupet.com.tr\\\/#website\"},\"primaryImageOfPage\":{\"@id\":\"https:\\\/\\\/anadolupet.com.tr\\\/urun\\\/beaphar-stop-it-kopek-uzaklastirici-sprey-100-ml\\\/#primaryimage\"},\"image\":{\"@id\":\"https:\\\/\\\/anadolupet.com.tr\\\/urun\\\/beaphar-stop-it-kopek-uzaklastirici-sprey-100-ml\\\/#primaryimage\"},\"thumbnailUrl\":\"https:\\\/\\\/anadolupet.com.tr\\\/wp-content\\\/uploads\\\/2026\\\/02\\\/210-011319.jpg\",\"datePublished\":\"2026-02-14T14:39:20+00:00\",\"dateModified\":\"2026-02-23T12:47:49+00:00\",\"breadcrumb\":{\"@id\":\"https:\\\/\\\/anadolupet.com.tr\\\/urun\\\/beaphar-stop-it-kopek-uzaklastirici-sprey-100-ml\\\/#breadcrumb\"},\"inLanguage\":\"en-US\",\"potentialAction\":[{\"@type\":\"ReadAction\",\"target\":[\"https:\\\/\\\/anadolupet.com.tr\\\/urun\\\/beaphar-stop-it-kopek-uzaklastirici-sprey-100-ml\\\/\"]}]},{\"@type\":\"ImageObject\",\"inLanguage\":\"en-US\",\"@id\":\"https:\\\/\\\/anadolupet.com.tr\\\/urun\\\/beaphar-stop-it-kopek-uzaklastirici-sprey-100-ml\\\/#primaryimage\",\"url\":\"https:\\\/\\\/anadolupet.com.tr\\\/wp-content\\\/uploads\\\/2026\\\/02\\\/210-011319.jpg\",\"contentUrl\":\"https:\\\/\\\/anadolupet.com.tr\\\/wp-content\\\/uploads\\\/2026\\\/02\\\/210-011319.jpg\",\"width\":750,\"height\":750},{\"@type\":\"BreadcrumbList\",\"@id\":\"https:\\\/\\\/anadolupet.com.tr\\\/urun\\\/beaphar-stop-it-kopek-uzaklastirici-sprey-100-ml\\\/#breadcrumb\",\"itemListElement\":[{\"@type\":\"ListItem\",\"position\":1,\"name\":\"Anasayfa\",\"item\":\"https:\\\/\\\/anadolupet.com.tr\\\/\"},{\"@type\":\"ListItem\",\"position\":2,\"name\":\"\u00dcr\u00fcnler\",\"item\":\"https:\\\/\\\/anadolupet.com.tr\\\/urunler\\\/\"},{\"@type\":\"ListItem\",\"position\":3,\"name\":\"Beaphar Stop It K\u00f6pek Uzakla\u015ft\u0131r\u0131c\u0131 Sprey &#8211; 100 ML\"}]},{\"@type\":\"WebSite\",\"@id\":\"https:\\\/\\\/anadolupet.com.tr\\\/#website\",\"url\":\"https:\\\/\\\/anadolupet.com.tr\\\/\",\"name\":\"Anadolu Pet Grup\",\"description\":\"Her Can\u0131n \u0130yi Ya\u015fam\u0131 \u0130\u00e7in Biraraday\u0131z\",\"publisher\":{\"@id\":\"https:\\\/\\\/anadolupet.com.tr\\\/#organization\"},\"potentialAction\":[{\"@type\":\"SearchAction\",\"target\":{\"@type\":\"EntryPoint\",\"urlTemplate\":\"https:\\\/\\\/anadolupet.com.tr\\\/?s={search_term_string}\"},\"query-input\":{\"@type\":\"PropertyValueSpecification\",\"valueRequired\":true,\"valueName\":\"search_term_string\"}}],\"inLanguage\":\"en-US\"},{\"@type\":\"Organization\",\"@id\":\"https:\\\/\\\/anadolupet.com.tr\\\/#organization\",\"name\":\"Anadolu Pet Grup\",\"alternateName\":\"Anadolu Pet\",\"url\":\"https:\\\/\\\/anadolupet.com.tr\\\/\",\"logo\":{\"@type\":\"ImageObject\",\"inLanguage\":\"en-US\",\"@id\":\"https:\\\/\\\/anadolupet.com.tr\\\/#\\\/schema\\\/logo\\\/image\\\/\",\"url\":\"https:\\\/\\\/anadolupet.com.tr\\\/wp-content\\\/uploads\\\/2026\\\/03\\\/1614666743370.jpg\",\"contentUrl\":\"https:\\\/\\\/anadolupet.com.tr\\\/wp-content\\\/uploads\\\/2026\\\/03\\\/1614666743370.jpg\",\"width\":800,\"height\":571,\"caption\":\"Anadolu Pet Grup\"},\"image\":{\"@id\":\"https:\\\/\\\/anadolupet.com.tr\\\/#\\\/schema\\\/logo\\\/image\\\/\"}}]}<\/script>\n<!-- \/ Yoast SEO plugin. -->","yoast_head_json":{"title":"Beaphar Stop It K\u00f6pek Uzakla\u015ft\u0131r\u0131c\u0131 Sprey - 100 ML - Anadolu Pet Grup","robots":{"index":"index","follow":"follow","max-snippet":"max-snippet:-1","max-image-preview":"max-image-preview:large","max-video-preview":"max-video-preview:-1"},"canonical":"https:\/\/anadolupet.com.tr\/en\/product\/beaphar-stop-it-kopek-uzaklastirici-sprey-100-ml\/","og_locale":"en_US","og_type":"article","og_title":"Beaphar Stop It K\u00f6pek Uzakla\u015ft\u0131r\u0131c\u0131 Sprey - 100 ML - Anadolu Pet Grup","og_description":"K\u00f6pekler i\u00e7in, i\u00e7 ve d\u0131\u015f mekanlarda uzak durmalar\u0131n\u0131 istedi\u011finiz alanlara p\u00fcsk\u00fcrt\u00fclerek kullan\u0131lan uzakla\u015ft\u0131r\u0131c\u0131 e\u011fitim spreyi. Kullan\u0131m Talimat\u0131; * K\u00f6pe\u011finizin yakla\u015fmas\u0131n\u0131 istemedi\u011finiz b\u00f6lgelere 24 saat aral\u0131klarla p\u00fcsk\u00fcrt\u00fcn * D\u0131\u015f mekanlarda, ya\u011fmur sonras\u0131 tekrar p\u00fcsk\u00fcrt\u00fclmesi tavsiye edilir Uyar\u0131lar; * \u00c7ocuklar\u0131n ula\u015famayaca\u011f\u0131 yerde saklay\u0131n * Bitkilerin \u00fczerine s\u0131kmay\u0131n * \u00dcr\u00fcn\u00fc solumay\u0131n * \u00dcr\u00fcn leke olu\u015fturmaya sebep olabilce\u011finden i\u00e7 mekanlarda k\u00fc\u00e7\u00fck bir alanda deneyerek uygulay\u0131n","og_url":"https:\/\/anadolupet.com.tr\/en\/product\/beaphar-stop-it-kopek-uzaklastirici-sprey-100-ml\/","og_site_name":"Anadolu Pet Grup","article_modified_time":"2026-02-23T12:47:49+00:00","og_image":[{"width":750,"height":750,"url":"https:\/\/anadolupet.com.tr\/wp-content\/uploads\/2026\/02\/210-011319.jpg","type":"image\/jpeg"}],"twitter_card":"summary_large_image","schema":{"@context":"https:\/\/schema.org","@graph":[{"@type":"WebPage","@id":"https:\/\/anadolupet.com.tr\/urun\/beaphar-stop-it-kopek-uzaklastirici-sprey-100-ml\/","url":"https:\/\/anadolupet.com.tr\/urun\/beaphar-stop-it-kopek-uzaklastirici-sprey-100-ml\/","name":"Beaphar Stop It K\u00f6pek Uzakla\u015ft\u0131r\u0131c\u0131 Sprey - 100 ML - Anadolu Pet Grup","isPartOf":{"@id":"https:\/\/anadolupet.com.tr\/#website"},"primaryImageOfPage":{"@id":"https:\/\/anadolupet.com.tr\/urun\/beaphar-stop-it-kopek-uzaklastirici-sprey-100-ml\/#primaryimage"},"image":{"@id":"https:\/\/anadolupet.com.tr\/urun\/beaphar-stop-it-kopek-uzaklastirici-sprey-100-ml\/#primaryimage"},"thumbnailUrl":"https:\/\/anadolupet.com.tr\/wp-content\/uploads\/2026\/02\/210-011319.jpg","datePublished":"2026-02-14T14:39:20+00:00","dateModified":"2026-02-23T12:47:49+00:00","breadcrumb":{"@id":"https:\/\/anadolupet.com.tr\/urun\/beaphar-stop-it-kopek-uzaklastirici-sprey-100-ml\/#breadcrumb"},"inLanguage":"en-US","potentialAction":[{"@type":"ReadAction","target":["https:\/\/anadolupet.com.tr\/urun\/beaphar-stop-it-kopek-uzaklastirici-sprey-100-ml\/"]}]},{"@type":"ImageObject","inLanguage":"en-US","@id":"https:\/\/anadolupet.com.tr\/urun\/beaphar-stop-it-kopek-uzaklastirici-sprey-100-ml\/#primaryimage","url":"https:\/\/anadolupet.com.tr\/wp-content\/uploads\/2026\/02\/210-011319.jpg","contentUrl":"https:\/\/anadolupet.com.tr\/wp-content\/uploads\/2026\/02\/210-011319.jpg","width":750,"height":750},{"@type":"BreadcrumbList","@id":"https:\/\/anadolupet.com.tr\/urun\/beaphar-stop-it-kopek-uzaklastirici-sprey-100-ml\/#breadcrumb","itemListElement":[{"@type":"ListItem","position":1,"name":"Anasayfa","item":"https:\/\/anadolupet.com.tr\/"},{"@type":"ListItem","position":2,"name":"\u00dcr\u00fcnler","item":"https:\/\/anadolupet.com.tr\/urunler\/"},{"@type":"ListItem","position":3,"name":"Beaphar Stop It K\u00f6pek Uzakla\u015ft\u0131r\u0131c\u0131 Sprey &#8211; 100 ML"}]},{"@type":"WebSite","@id":"https:\/\/anadolupet.com.tr\/#website","url":"https:\/\/anadolupet.com.tr\/","name":"Anadolu Pet Group","description":"We Stand Together for the Well-Being of Every Life","publisher":{"@id":"https:\/\/anadolupet.com.tr\/#organization"},"potentialAction":[{"@type":"SearchAction","target":{"@type":"EntryPoint","urlTemplate":"https:\/\/anadolupet.com.tr\/?s={search_term_string}"},"query-input":{"@type":"PropertyValueSpecification","valueRequired":true,"valueName":"search_term_string"}}],"inLanguage":"en-US"},{"@type":"Organization","@id":"https:\/\/anadolupet.com.tr\/#organization","name":"Anadolu Pet Group","alternateName":"Anadolu Pet","url":"https:\/\/anadolupet.com.tr\/","logo":{"@type":"ImageObject","inLanguage":"en-US","@id":"https:\/\/anadolupet.com.tr\/#\/schema\/logo\/image\/","url":"https:\/\/anadolupet.com.tr\/wp-content\/uploads\/2026\/03\/1614666743370.jpg","contentUrl":"https:\/\/anadolupet.com.tr\/wp-content\/uploads\/2026\/03\/1614666743370.jpg","width":800,"height":571,"caption":"Anadolu Pet Grup"},"image":{"@id":"https:\/\/anadolupet.com.tr\/#\/schema\/logo\/image\/"}}]}},"_links":{"self":[{"href":"https:\/\/anadolupet.com.tr\/en\/wp-json\/wp\/v2\/product\/44662","targetHints":{"allow":["GET"]}}],"collection":[{"href":"https:\/\/anadolupet.com.tr\/en\/wp-json\/wp\/v2\/product"}],"about":[{"href":"https:\/\/anadolupet.com.tr\/en\/wp-json\/wp\/v2\/types\/product"}],"replies":[{"embeddable":true,"href":"https:\/\/anadolupet.com.tr\/en\/wp-json\/wp\/v2\/comments?post=44662"}],"wp:featuredmedia":[{"embeddable":true,"href":"https:\/\/anadolupet.com.tr\/en\/wp-json\/wp\/v2\/media\/42886"}],"wp:attachment":[{"href":"https:\/\/anadolupet.com.tr\/en\/wp-json\/wp\/v2\/media?parent=44662"}],"wp:term":[{"taxonomy":"product_brand","embeddable":true,"href":"https:\/\/anadolupet.com.tr\/en\/wp-json\/wp\/v2\/product_brand?post=44662"},{"taxonomy":"product_cat","embeddable":true,"href":"https:\/\/anadolupet.com.tr\/en\/wp-json\/wp\/v2\/product_cat?post=44662"},{"taxonomy":"product_tag","embeddable":true,"href":"https:\/\/anadolupet.com.tr\/en\/wp-json\/wp\/v2\/product_tag?post=44662"}],"curies":[{"name":"wp","href":"https:\/\/api.w.org\/{rel}","templated":true}]}}