{"id":44664,"date":"2026-02-14T14:39:20","date_gmt":"2026-02-14T14:39:20","guid":{"rendered":"https:\/\/anadolupet.com.tr\/?post_type=product&#038;p=44664"},"modified":"2026-02-23T12:47:49","modified_gmt":"2026-02-23T12:47:49","slug":"croque-yetiskin-kuru-kedi-mamasi-adult-cat-tavuk-etli-10kg","status":"publish","type":"product","link":"https:\/\/anadolupet.com.tr\/en\/urun\/croque-yetiskin-kuru-kedi-mamasi-adult-cat-tavuk-etli-10kg\/","title":{"rendered":"Croque Adult Dry Cat Food (Adult Cat) Chicken Meat 10KG"},"content":{"rendered":"","protected":false},"excerpt":{"rendered":"<p>Tavuklu Yeti\u015fkin Kedi Mamas\u0131 (Adult Cat Chicken Formula), 12 ayl\u0131k ya\u015ftan itibaren t\u00fcm yeti\u015fkin kedilerin optimum v\u00fccut a\u011f\u0131rl\u0131\u011f\u0131n\u0131n korunmas\u0131 ve g\u00fcnl\u00fck beslenme ihtiya\u00e7lar\u0131n\u0131n kar\u015f\u0131lanmas\u0131 i\u00e7in \u00f6zel olarak form\u00fcle edilmi\u015f tam ve dengeli, tavuk proteini i\u00e7eren kedi mamas\u0131d\u0131r.<br \/>\n\u2022 \u0130\u00e7eri\u011findeki y\u00fcksek kaliteli hammaddeler sayesinde dengeli beslenmeyi sa\u011flar.<br \/>\n\u2022 Etkili sindirim ve besin maddelerinin emilimini artt\u0131rmak i\u00e7in \u00f6zel olarak form\u00fcle edilmi\u015ftir.<br \/>\n\u2022 Ba\u011f\u0131\u015f\u0131kl\u0131k sistemini destekleyerek yeti\u015fkin kedilerin sa\u011fl\u0131kl\u0131 bir ya\u015fam s\u00fcrmesini sa\u011flar.<br \/>\n\u0130\u00e7eri\u011fi:<br \/>\n\u0130\u015flenmi\u015f Tavuk Proteini (%28), Tah\u0131llar, \u0130\u015flenmi\u015f Hayvansal Protein, Pirin\u00e7, Tavuk Ya\u011f\u0131, Potasyum Klor\u00fcr, Ci\u011fer Aromas\u0131, Tuz, Taurin, A-D ve E Vitaminleri, Mineraller,<br \/>\nTeknolojik ilaveler: Antioksidanlar.<\/p>","protected":false},"featured_media":43674,"comment_status":"open","ping_status":"closed","template":"","meta":{"_acf_changed":false},"product_brand":[],"product_cat":[2442],"product_tag":[],"class_list":{"0":"post-44664","1":"product","2":"type-product","3":"status-publish","4":"has-post-thumbnail","6":"product_cat-yetiskin-kedi-mamalari","8":"first","9":"instock","10":"shipping-taxable","11":"product-type-simple"},"acf":[],"yoast_head":"<!-- This site is optimized with the Yoast SEO plugin v27.5 - https:\/\/yoast.com\/product\/yoast-seo-wordpress\/ -->\n<title>Croque Yeti\u015fkin Kuru Kedi Mamas\u0131 (Adult Cat) Tavuk Etli 10KG - Anadolu Pet Grup<\/title>\n<meta name=\"robots\" content=\"index, follow, max-snippet:-1, max-image-preview:large, max-video-preview:-1\" \/>\n<link rel=\"canonical\" href=\"https:\/\/anadolupet.com.tr\/en\/product\/croque-yetiskin-kuru-kedi-mamasi-adult-cat-tavuk-etli-10kg\/\" \/>\n<meta property=\"og:locale\" content=\"en_US\" \/>\n<meta property=\"og:type\" content=\"article\" \/>\n<meta property=\"og:title\" content=\"Croque Yeti\u015fkin Kuru Kedi Mamas\u0131 (Adult Cat) Tavuk Etli 10KG - Anadolu Pet Grup\" \/>\n<meta property=\"og:description\" content=\"Tavuklu Yeti\u015fkin Kedi Mamas\u0131 (Adult Cat Chicken Formula), 12 ayl\u0131k ya\u015ftan itibaren t\u00fcm yeti\u015fkin kedilerin optimum v\u00fccut a\u011f\u0131rl\u0131\u011f\u0131n\u0131n korunmas\u0131 ve g\u00fcnl\u00fck beslenme ihtiya\u00e7lar\u0131n\u0131n kar\u015f\u0131lanmas\u0131 i\u00e7in \u00f6zel olarak form\u00fcle edilmi\u015f tam ve dengeli, tavuk proteini i\u00e7eren kedi mamas\u0131d\u0131r. \u2022 \u0130\u00e7eri\u011findeki y\u00fcksek kaliteli hammaddeler sayesinde dengeli beslenmeyi sa\u011flar. \u2022 Etkili sindirim ve besin maddelerinin emilimini artt\u0131rmak i\u00e7in \u00f6zel olarak form\u00fcle edilmi\u015ftir. \u2022 Ba\u011f\u0131\u015f\u0131kl\u0131k sistemini destekleyerek yeti\u015fkin kedilerin sa\u011fl\u0131kl\u0131 bir ya\u015fam s\u00fcrmesini sa\u011flar. \u0130\u00e7eri\u011fi: \u0130\u015flenmi\u015f Tavuk Proteini (%28), Tah\u0131llar, \u0130\u015flenmi\u015f Hayvansal Protein, Pirin\u00e7, Tavuk Ya\u011f\u0131, Potasyum Klor\u00fcr, Ci\u011fer Aromas\u0131, Tuz, Taurin, A-D ve E Vitaminleri, Mineraller, Teknolojik ilaveler: Antioksidanlar.\" \/>\n<meta property=\"og:url\" content=\"https:\/\/anadolupet.com.tr\/en\/product\/croque-yetiskin-kuru-kedi-mamasi-adult-cat-tavuk-etli-10kg\/\" \/>\n<meta property=\"og:site_name\" content=\"Anadolu Pet Grup\" \/>\n<meta property=\"article:modified_time\" content=\"2026-02-23T12:47:49+00:00\" \/>\n<meta property=\"og:image\" content=\"https:\/\/anadolupet.com.tr\/wp-content\/uploads\/2026\/02\/289-100002.jpg\" \/>\n\t<meta property=\"og:image:width\" content=\"750\" \/>\n\t<meta property=\"og:image:height\" content=\"750\" \/>\n\t<meta property=\"og:image:type\" content=\"image\/jpeg\" \/>\n<meta name=\"twitter:card\" content=\"summary_large_image\" \/>\n<script type=\"application\/ld+json\" class=\"yoast-schema-graph\">{\"@context\":\"https:\\\/\\\/schema.org\",\"@graph\":[{\"@type\":\"WebPage\",\"@id\":\"https:\\\/\\\/anadolupet.com.tr\\\/urun\\\/croque-yetiskin-kuru-kedi-mamasi-adult-cat-tavuk-etli-10kg\\\/\",\"url\":\"https:\\\/\\\/anadolupet.com.tr\\\/urun\\\/croque-yetiskin-kuru-kedi-mamasi-adult-cat-tavuk-etli-10kg\\\/\",\"name\":\"Croque Yeti\u015fkin Kuru Kedi Mamas\u0131 (Adult Cat) Tavuk Etli 10KG - Anadolu Pet Grup\",\"isPartOf\":{\"@id\":\"https:\\\/\\\/anadolupet.com.tr\\\/#website\"},\"primaryImageOfPage\":{\"@id\":\"https:\\\/\\\/anadolupet.com.tr\\\/urun\\\/croque-yetiskin-kuru-kedi-mamasi-adult-cat-tavuk-etli-10kg\\\/#primaryimage\"},\"image\":{\"@id\":\"https:\\\/\\\/anadolupet.com.tr\\\/urun\\\/croque-yetiskin-kuru-kedi-mamasi-adult-cat-tavuk-etli-10kg\\\/#primaryimage\"},\"thumbnailUrl\":\"https:\\\/\\\/anadolupet.com.tr\\\/wp-content\\\/uploads\\\/2026\\\/02\\\/289-100002.jpg\",\"datePublished\":\"2026-02-14T14:39:20+00:00\",\"dateModified\":\"2026-02-23T12:47:49+00:00\",\"breadcrumb\":{\"@id\":\"https:\\\/\\\/anadolupet.com.tr\\\/urun\\\/croque-yetiskin-kuru-kedi-mamasi-adult-cat-tavuk-etli-10kg\\\/#breadcrumb\"},\"inLanguage\":\"en-US\",\"potentialAction\":[{\"@type\":\"ReadAction\",\"target\":[\"https:\\\/\\\/anadolupet.com.tr\\\/urun\\\/croque-yetiskin-kuru-kedi-mamasi-adult-cat-tavuk-etli-10kg\\\/\"]}]},{\"@type\":\"ImageObject\",\"inLanguage\":\"en-US\",\"@id\":\"https:\\\/\\\/anadolupet.com.tr\\\/urun\\\/croque-yetiskin-kuru-kedi-mamasi-adult-cat-tavuk-etli-10kg\\\/#primaryimage\",\"url\":\"https:\\\/\\\/anadolupet.com.tr\\\/wp-content\\\/uploads\\\/2026\\\/02\\\/289-100002.jpg\",\"contentUrl\":\"https:\\\/\\\/anadolupet.com.tr\\\/wp-content\\\/uploads\\\/2026\\\/02\\\/289-100002.jpg\",\"width\":750,\"height\":750},{\"@type\":\"BreadcrumbList\",\"@id\":\"https:\\\/\\\/anadolupet.com.tr\\\/urun\\\/croque-yetiskin-kuru-kedi-mamasi-adult-cat-tavuk-etli-10kg\\\/#breadcrumb\",\"itemListElement\":[{\"@type\":\"ListItem\",\"position\":1,\"name\":\"Anasayfa\",\"item\":\"https:\\\/\\\/anadolupet.com.tr\\\/\"},{\"@type\":\"ListItem\",\"position\":2,\"name\":\"\u00dcr\u00fcnler\",\"item\":\"https:\\\/\\\/anadolupet.com.tr\\\/urunler\\\/\"},{\"@type\":\"ListItem\",\"position\":3,\"name\":\"Croque Yeti\u015fkin Kuru Kedi Mamas\u0131 (Adult Cat) Tavuk Etli 10KG\"}]},{\"@type\":\"WebSite\",\"@id\":\"https:\\\/\\\/anadolupet.com.tr\\\/#website\",\"url\":\"https:\\\/\\\/anadolupet.com.tr\\\/\",\"name\":\"Anadolu Pet Grup\",\"description\":\"Her Can\u0131n \u0130yi Ya\u015fam\u0131 \u0130\u00e7in Biraraday\u0131z\",\"publisher\":{\"@id\":\"https:\\\/\\\/anadolupet.com.tr\\\/#organization\"},\"potentialAction\":[{\"@type\":\"SearchAction\",\"target\":{\"@type\":\"EntryPoint\",\"urlTemplate\":\"https:\\\/\\\/anadolupet.com.tr\\\/?s={search_term_string}\"},\"query-input\":{\"@type\":\"PropertyValueSpecification\",\"valueRequired\":true,\"valueName\":\"search_term_string\"}}],\"inLanguage\":\"en-US\"},{\"@type\":\"Organization\",\"@id\":\"https:\\\/\\\/anadolupet.com.tr\\\/#organization\",\"name\":\"Anadolu Pet Grup\",\"alternateName\":\"Anadolu Pet\",\"url\":\"https:\\\/\\\/anadolupet.com.tr\\\/\",\"logo\":{\"@type\":\"ImageObject\",\"inLanguage\":\"en-US\",\"@id\":\"https:\\\/\\\/anadolupet.com.tr\\\/#\\\/schema\\\/logo\\\/image\\\/\",\"url\":\"https:\\\/\\\/anadolupet.com.tr\\\/wp-content\\\/uploads\\\/2026\\\/03\\\/1614666743370.jpg\",\"contentUrl\":\"https:\\\/\\\/anadolupet.com.tr\\\/wp-content\\\/uploads\\\/2026\\\/03\\\/1614666743370.jpg\",\"width\":800,\"height\":571,\"caption\":\"Anadolu Pet Grup\"},\"image\":{\"@id\":\"https:\\\/\\\/anadolupet.com.tr\\\/#\\\/schema\\\/logo\\\/image\\\/\"}}]}<\/script>\n<!-- \/ Yoast SEO plugin. -->","yoast_head_json":{"title":"Croque Yeti\u015fkin Kuru Kedi Mamas\u0131 (Adult Cat) Tavuk Etli 10KG - Anadolu Pet Grup","robots":{"index":"index","follow":"follow","max-snippet":"max-snippet:-1","max-image-preview":"max-image-preview:large","max-video-preview":"max-video-preview:-1"},"canonical":"https:\/\/anadolupet.com.tr\/en\/product\/croque-yetiskin-kuru-kedi-mamasi-adult-cat-tavuk-etli-10kg\/","og_locale":"en_US","og_type":"article","og_title":"Croque Yeti\u015fkin Kuru Kedi Mamas\u0131 (Adult Cat) Tavuk Etli 10KG - Anadolu Pet Grup","og_description":"Tavuklu Yeti\u015fkin Kedi Mamas\u0131 (Adult Cat Chicken Formula), 12 ayl\u0131k ya\u015ftan itibaren t\u00fcm yeti\u015fkin kedilerin optimum v\u00fccut a\u011f\u0131rl\u0131\u011f\u0131n\u0131n korunmas\u0131 ve g\u00fcnl\u00fck beslenme ihtiya\u00e7lar\u0131n\u0131n kar\u015f\u0131lanmas\u0131 i\u00e7in \u00f6zel olarak form\u00fcle edilmi\u015f tam ve dengeli, tavuk proteini i\u00e7eren kedi mamas\u0131d\u0131r. \u2022 \u0130\u00e7eri\u011findeki y\u00fcksek kaliteli hammaddeler sayesinde dengeli beslenmeyi sa\u011flar. \u2022 Etkili sindirim ve besin maddelerinin emilimini artt\u0131rmak i\u00e7in \u00f6zel olarak form\u00fcle edilmi\u015ftir. \u2022 Ba\u011f\u0131\u015f\u0131kl\u0131k sistemini destekleyerek yeti\u015fkin kedilerin sa\u011fl\u0131kl\u0131 bir ya\u015fam s\u00fcrmesini sa\u011flar. \u0130\u00e7eri\u011fi: \u0130\u015flenmi\u015f Tavuk Proteini (%28), Tah\u0131llar, \u0130\u015flenmi\u015f Hayvansal Protein, Pirin\u00e7, Tavuk Ya\u011f\u0131, Potasyum Klor\u00fcr, Ci\u011fer Aromas\u0131, Tuz, Taurin, A-D ve E Vitaminleri, Mineraller, Teknolojik ilaveler: Antioksidanlar.","og_url":"https:\/\/anadolupet.com.tr\/en\/product\/croque-yetiskin-kuru-kedi-mamasi-adult-cat-tavuk-etli-10kg\/","og_site_name":"Anadolu Pet Grup","article_modified_time":"2026-02-23T12:47:49+00:00","og_image":[{"width":750,"height":750,"url":"https:\/\/anadolupet.com.tr\/wp-content\/uploads\/2026\/02\/289-100002.jpg","type":"image\/jpeg"}],"twitter_card":"summary_large_image","schema":{"@context":"https:\/\/schema.org","@graph":[{"@type":"WebPage","@id":"https:\/\/anadolupet.com.tr\/urun\/croque-yetiskin-kuru-kedi-mamasi-adult-cat-tavuk-etli-10kg\/","url":"https:\/\/anadolupet.com.tr\/urun\/croque-yetiskin-kuru-kedi-mamasi-adult-cat-tavuk-etli-10kg\/","name":"Croque Yeti\u015fkin Kuru Kedi Mamas\u0131 (Adult Cat) Tavuk Etli 10KG - Anadolu Pet Grup","isPartOf":{"@id":"https:\/\/anadolupet.com.tr\/#website"},"primaryImageOfPage":{"@id":"https:\/\/anadolupet.com.tr\/urun\/croque-yetiskin-kuru-kedi-mamasi-adult-cat-tavuk-etli-10kg\/#primaryimage"},"image":{"@id":"https:\/\/anadolupet.com.tr\/urun\/croque-yetiskin-kuru-kedi-mamasi-adult-cat-tavuk-etli-10kg\/#primaryimage"},"thumbnailUrl":"https:\/\/anadolupet.com.tr\/wp-content\/uploads\/2026\/02\/289-100002.jpg","datePublished":"2026-02-14T14:39:20+00:00","dateModified":"2026-02-23T12:47:49+00:00","breadcrumb":{"@id":"https:\/\/anadolupet.com.tr\/urun\/croque-yetiskin-kuru-kedi-mamasi-adult-cat-tavuk-etli-10kg\/#breadcrumb"},"inLanguage":"en-US","potentialAction":[{"@type":"ReadAction","target":["https:\/\/anadolupet.com.tr\/urun\/croque-yetiskin-kuru-kedi-mamasi-adult-cat-tavuk-etli-10kg\/"]}]},{"@type":"ImageObject","inLanguage":"en-US","@id":"https:\/\/anadolupet.com.tr\/urun\/croque-yetiskin-kuru-kedi-mamasi-adult-cat-tavuk-etli-10kg\/#primaryimage","url":"https:\/\/anadolupet.com.tr\/wp-content\/uploads\/2026\/02\/289-100002.jpg","contentUrl":"https:\/\/anadolupet.com.tr\/wp-content\/uploads\/2026\/02\/289-100002.jpg","width":750,"height":750},{"@type":"BreadcrumbList","@id":"https:\/\/anadolupet.com.tr\/urun\/croque-yetiskin-kuru-kedi-mamasi-adult-cat-tavuk-etli-10kg\/#breadcrumb","itemListElement":[{"@type":"ListItem","position":1,"name":"Anasayfa","item":"https:\/\/anadolupet.com.tr\/"},{"@type":"ListItem","position":2,"name":"\u00dcr\u00fcnler","item":"https:\/\/anadolupet.com.tr\/urunler\/"},{"@type":"ListItem","position":3,"name":"Croque Yeti\u015fkin Kuru Kedi Mamas\u0131 (Adult Cat) Tavuk Etli 10KG"}]},{"@type":"WebSite","@id":"https:\/\/anadolupet.com.tr\/#website","url":"https:\/\/anadolupet.com.tr\/","name":"Anadolu Pet Group","description":"We Stand Together for the Well-Being of Every Life","publisher":{"@id":"https:\/\/anadolupet.com.tr\/#organization"},"potentialAction":[{"@type":"SearchAction","target":{"@type":"EntryPoint","urlTemplate":"https:\/\/anadolupet.com.tr\/?s={search_term_string}"},"query-input":{"@type":"PropertyValueSpecification","valueRequired":true,"valueName":"search_term_string"}}],"inLanguage":"en-US"},{"@type":"Organization","@id":"https:\/\/anadolupet.com.tr\/#organization","name":"Anadolu Pet Group","alternateName":"Anadolu Pet","url":"https:\/\/anadolupet.com.tr\/","logo":{"@type":"ImageObject","inLanguage":"en-US","@id":"https:\/\/anadolupet.com.tr\/#\/schema\/logo\/image\/","url":"https:\/\/anadolupet.com.tr\/wp-content\/uploads\/2026\/03\/1614666743370.jpg","contentUrl":"https:\/\/anadolupet.com.tr\/wp-content\/uploads\/2026\/03\/1614666743370.jpg","width":800,"height":571,"caption":"Anadolu Pet Grup"},"image":{"@id":"https:\/\/anadolupet.com.tr\/#\/schema\/logo\/image\/"}}]}},"_links":{"self":[{"href":"https:\/\/anadolupet.com.tr\/en\/wp-json\/wp\/v2\/product\/44664","targetHints":{"allow":["GET"]}}],"collection":[{"href":"https:\/\/anadolupet.com.tr\/en\/wp-json\/wp\/v2\/product"}],"about":[{"href":"https:\/\/anadolupet.com.tr\/en\/wp-json\/wp\/v2\/types\/product"}],"replies":[{"embeddable":true,"href":"https:\/\/anadolupet.com.tr\/en\/wp-json\/wp\/v2\/comments?post=44664"}],"wp:featuredmedia":[{"embeddable":true,"href":"https:\/\/anadolupet.com.tr\/en\/wp-json\/wp\/v2\/media\/43674"}],"wp:attachment":[{"href":"https:\/\/anadolupet.com.tr\/en\/wp-json\/wp\/v2\/media?parent=44664"}],"wp:term":[{"taxonomy":"product_brand","embeddable":true,"href":"https:\/\/anadolupet.com.tr\/en\/wp-json\/wp\/v2\/product_brand?post=44664"},{"taxonomy":"product_cat","embeddable":true,"href":"https:\/\/anadolupet.com.tr\/en\/wp-json\/wp\/v2\/product_cat?post=44664"},{"taxonomy":"product_tag","embeddable":true,"href":"https:\/\/anadolupet.com.tr\/en\/wp-json\/wp\/v2\/product_tag?post=44664"}],"curies":[{"name":"wp","href":"https:\/\/api.w.org\/{rel}","templated":true}]}}