{"id":44675,"date":"2026-02-14T14:39:21","date_gmt":"2026-02-14T14:39:21","guid":{"rendered":"https:\/\/anadolupet.com.tr\/?post_type=product&#038;p=44675"},"modified":"2026-02-23T12:47:50","modified_gmt":"2026-02-23T12:47:50","slug":"econature-plus-yetiskin-kuru-kopek-mamasi-somonlu-15-kg-132-kg-bonus-paket","status":"publish","type":"product","link":"https:\/\/anadolupet.com.tr\/en\/urun\/econature-plus-yetiskin-kuru-kopek-mamasi-somonlu-15-kg-132-kg-bonus-paket\/","title":{"rendered":"Econature Plus Yeti\u015fkin Kuru K\u00f6pek Mamas\u0131 Somonlu 15 KG (13+2 KG Bonus Paket)"},"content":{"rendered":"","protected":false},"excerpt":{"rendered":"<p>\u0130\u00e7eri\u011fi:<br \/>\n\u0130\u015flenmi\u015f Hayvansal Protein , Tah\u0131l ve yan \u00fcr\u00fcnleri, \u0130\u015flenmi\u015f somon proteini (%6), Tavuk Ya\u011f\u0131, Ci\u011fer Aromas\u0131, Somon Ya\u011f\u0131 (%1), Tuz, Mannan Oligosakkaritler ve B-Glukan (0,2%).<br \/>\nBesin Katk\u0131 Maddeleri:<br \/>\nVitamin A (3a672a) 12,500 IU\/kg, Vitamin D3 (3a671) 750 IU\/kg, Vitamin E (3a700) 120 mg\/kg Demir (II) S\u00fclfat Monohidrat (3b103) 45 mg\/kg, Bak\u0131r S\u00fclfat Pentahidrat (3b405) 4.5 mg\/kg, Mangan S\u00fclfat Monohidrat (3b503) 5 mg\/kg, \u00c7inko S\u00fclfat Monohidrat (3b605) 50 mg\/kg, Anhidre Kalsiyum Iyodat (3b203) 0,90 mg\/kg, Sodyum Selenit (3b802) 0.13 mg\/kg.<br \/>\nTeknolojik Katk\u0131 Maddeleri: Antioksidanlar, koruyucular.<\/p>","protected":false},"featured_media":43599,"comment_status":"open","ping_status":"closed","template":"","meta":{"_acf_changed":false},"product_brand":[],"product_cat":[2464],"product_tag":[],"class_list":{"0":"post-44675","1":"product","2":"type-product","3":"status-publish","4":"has-post-thumbnail","6":"product_cat-yetiskin-kopek-mamalari","8":"first","9":"instock","10":"shipping-taxable","11":"product-type-simple"},"acf":[],"yoast_head":"<!-- This site is optimized with the Yoast SEO plugin v27.4 - https:\/\/yoast.com\/product\/yoast-seo-wordpress\/ -->\n<title>Econature Plus Yeti\u015fkin Kuru K\u00f6pek Mamas\u0131 Somonlu 15 KG (13+2 KG Bonus Paket) - Anadolu Pet Grup<\/title>\n<meta name=\"robots\" content=\"index, follow, max-snippet:-1, max-image-preview:large, max-video-preview:-1\" \/>\n<link rel=\"canonical\" href=\"https:\/\/anadolupet.com.tr\/en\/product\/econature-plus-yetiskin-kuru-kopek-mamasi-somonlu-15-kg-132-kg-bonus-paket\/\" \/>\n<meta property=\"og:locale\" content=\"en_US\" \/>\n<meta property=\"og:type\" content=\"article\" \/>\n<meta property=\"og:title\" content=\"Econature Plus Yeti\u015fkin Kuru K\u00f6pek Mamas\u0131 Somonlu 15 KG (13+2 KG Bonus Paket) - Anadolu Pet Grup\" \/>\n<meta property=\"og:description\" content=\"\u0130\u00e7eri\u011fi: \u0130\u015flenmi\u015f Hayvansal Protein , Tah\u0131l ve yan \u00fcr\u00fcnleri, \u0130\u015flenmi\u015f somon proteini (%6), Tavuk Ya\u011f\u0131, Ci\u011fer Aromas\u0131, Somon Ya\u011f\u0131 (%1), Tuz, Mannan Oligosakkaritler ve B-Glukan (0,2%). Besin Katk\u0131 Maddeleri: Vitamin A (3a672a) 12,500 IU\/kg, Vitamin D3 (3a671) 750 IU\/kg, Vitamin E (3a700) 120 mg\/kg Demir (II) S\u00fclfat Monohidrat (3b103) 45 mg\/kg, Bak\u0131r S\u00fclfat Pentahidrat (3b405) 4.5 mg\/kg, Mangan S\u00fclfat Monohidrat (3b503) 5 mg\/kg, \u00c7inko S\u00fclfat Monohidrat (3b605) 50 mg\/kg, Anhidre Kalsiyum Iyodat (3b203) 0,90 mg\/kg, Sodyum Selenit (3b802) 0.13 mg\/kg. Teknolojik Katk\u0131 Maddeleri: Antioksidanlar, koruyucular.\" \/>\n<meta property=\"og:url\" content=\"https:\/\/anadolupet.com.tr\/en\/product\/econature-plus-yetiskin-kuru-kopek-mamasi-somonlu-15-kg-132-kg-bonus-paket\/\" \/>\n<meta property=\"og:site_name\" content=\"Anadolu Pet Grup\" \/>\n<meta property=\"article:modified_time\" content=\"2026-02-23T12:47:50+00:00\" \/>\n<meta property=\"og:image\" content=\"https:\/\/anadolupet.com.tr\/wp-content\/uploads\/2026\/02\/283-620002.jpg\" \/>\n\t<meta property=\"og:image:width\" content=\"750\" \/>\n\t<meta property=\"og:image:height\" content=\"750\" \/>\n\t<meta property=\"og:image:type\" content=\"image\/jpeg\" \/>\n<meta name=\"twitter:card\" content=\"summary_large_image\" \/>\n<script type=\"application\/ld+json\" class=\"yoast-schema-graph\">{\"@context\":\"https:\\\/\\\/schema.org\",\"@graph\":[{\"@type\":\"WebPage\",\"@id\":\"https:\\\/\\\/anadolupet.com.tr\\\/urun\\\/econature-plus-yetiskin-kuru-kopek-mamasi-somonlu-15-kg-132-kg-bonus-paket\\\/\",\"url\":\"https:\\\/\\\/anadolupet.com.tr\\\/urun\\\/econature-plus-yetiskin-kuru-kopek-mamasi-somonlu-15-kg-132-kg-bonus-paket\\\/\",\"name\":\"Econature Plus Yeti\u015fkin Kuru K\u00f6pek Mamas\u0131 Somonlu 15 KG (13+2 KG Bonus Paket) - Anadolu Pet Grup\",\"isPartOf\":{\"@id\":\"https:\\\/\\\/anadolupet.com.tr\\\/#website\"},\"primaryImageOfPage\":{\"@id\":\"https:\\\/\\\/anadolupet.com.tr\\\/urun\\\/econature-plus-yetiskin-kuru-kopek-mamasi-somonlu-15-kg-132-kg-bonus-paket\\\/#primaryimage\"},\"image\":{\"@id\":\"https:\\\/\\\/anadolupet.com.tr\\\/urun\\\/econature-plus-yetiskin-kuru-kopek-mamasi-somonlu-15-kg-132-kg-bonus-paket\\\/#primaryimage\"},\"thumbnailUrl\":\"https:\\\/\\\/anadolupet.com.tr\\\/wp-content\\\/uploads\\\/2026\\\/02\\\/283-620002.jpg\",\"datePublished\":\"2026-02-14T14:39:21+00:00\",\"dateModified\":\"2026-02-23T12:47:50+00:00\",\"breadcrumb\":{\"@id\":\"https:\\\/\\\/anadolupet.com.tr\\\/urun\\\/econature-plus-yetiskin-kuru-kopek-mamasi-somonlu-15-kg-132-kg-bonus-paket\\\/#breadcrumb\"},\"inLanguage\":\"en-US\",\"potentialAction\":[{\"@type\":\"ReadAction\",\"target\":[\"https:\\\/\\\/anadolupet.com.tr\\\/urun\\\/econature-plus-yetiskin-kuru-kopek-mamasi-somonlu-15-kg-132-kg-bonus-paket\\\/\"]}]},{\"@type\":\"ImageObject\",\"inLanguage\":\"en-US\",\"@id\":\"https:\\\/\\\/anadolupet.com.tr\\\/urun\\\/econature-plus-yetiskin-kuru-kopek-mamasi-somonlu-15-kg-132-kg-bonus-paket\\\/#primaryimage\",\"url\":\"https:\\\/\\\/anadolupet.com.tr\\\/wp-content\\\/uploads\\\/2026\\\/02\\\/283-620002.jpg\",\"contentUrl\":\"https:\\\/\\\/anadolupet.com.tr\\\/wp-content\\\/uploads\\\/2026\\\/02\\\/283-620002.jpg\",\"width\":750,\"height\":750},{\"@type\":\"BreadcrumbList\",\"@id\":\"https:\\\/\\\/anadolupet.com.tr\\\/urun\\\/econature-plus-yetiskin-kuru-kopek-mamasi-somonlu-15-kg-132-kg-bonus-paket\\\/#breadcrumb\",\"itemListElement\":[{\"@type\":\"ListItem\",\"position\":1,\"name\":\"Anasayfa\",\"item\":\"https:\\\/\\\/anadolupet.com.tr\\\/\"},{\"@type\":\"ListItem\",\"position\":2,\"name\":\"\u00dcr\u00fcnler\",\"item\":\"https:\\\/\\\/anadolupet.com.tr\\\/urunler\\\/\"},{\"@type\":\"ListItem\",\"position\":3,\"name\":\"Econature Plus Yeti\u015fkin Kuru K\u00f6pek Mamas\u0131 Somonlu 15 KG (13+2 KG Bonus Paket)\"}]},{\"@type\":\"WebSite\",\"@id\":\"https:\\\/\\\/anadolupet.com.tr\\\/#website\",\"url\":\"https:\\\/\\\/anadolupet.com.tr\\\/\",\"name\":\"Anadolu Pet Grup\",\"description\":\"Her Can\u0131n \u0130yi Ya\u015fam\u0131 \u0130\u00e7in Biraraday\u0131z\",\"publisher\":{\"@id\":\"https:\\\/\\\/anadolupet.com.tr\\\/#organization\"},\"potentialAction\":[{\"@type\":\"SearchAction\",\"target\":{\"@type\":\"EntryPoint\",\"urlTemplate\":\"https:\\\/\\\/anadolupet.com.tr\\\/?s={search_term_string}\"},\"query-input\":{\"@type\":\"PropertyValueSpecification\",\"valueRequired\":true,\"valueName\":\"search_term_string\"}}],\"inLanguage\":\"en-US\"},{\"@type\":\"Organization\",\"@id\":\"https:\\\/\\\/anadolupet.com.tr\\\/#organization\",\"name\":\"Anadolu Pet Grup\",\"alternateName\":\"Anadolu Pet\",\"url\":\"https:\\\/\\\/anadolupet.com.tr\\\/\",\"logo\":{\"@type\":\"ImageObject\",\"inLanguage\":\"en-US\",\"@id\":\"https:\\\/\\\/anadolupet.com.tr\\\/#\\\/schema\\\/logo\\\/image\\\/\",\"url\":\"https:\\\/\\\/anadolupet.com.tr\\\/wp-content\\\/uploads\\\/2026\\\/03\\\/1614666743370.jpg\",\"contentUrl\":\"https:\\\/\\\/anadolupet.com.tr\\\/wp-content\\\/uploads\\\/2026\\\/03\\\/1614666743370.jpg\",\"width\":800,\"height\":571,\"caption\":\"Anadolu Pet Grup\"},\"image\":{\"@id\":\"https:\\\/\\\/anadolupet.com.tr\\\/#\\\/schema\\\/logo\\\/image\\\/\"}}]}<\/script>\n<!-- \/ Yoast SEO plugin. -->","yoast_head_json":{"title":"Econature Plus Yeti\u015fkin Kuru K\u00f6pek Mamas\u0131 Somonlu 15 KG (13+2 KG Bonus Paket) - Anadolu Pet Grup","robots":{"index":"index","follow":"follow","max-snippet":"max-snippet:-1","max-image-preview":"max-image-preview:large","max-video-preview":"max-video-preview:-1"},"canonical":"https:\/\/anadolupet.com.tr\/en\/product\/econature-plus-yetiskin-kuru-kopek-mamasi-somonlu-15-kg-132-kg-bonus-paket\/","og_locale":"en_US","og_type":"article","og_title":"Econature Plus Yeti\u015fkin Kuru K\u00f6pek Mamas\u0131 Somonlu 15 KG (13+2 KG Bonus Paket) - Anadolu Pet Grup","og_description":"\u0130\u00e7eri\u011fi: \u0130\u015flenmi\u015f Hayvansal Protein , Tah\u0131l ve yan \u00fcr\u00fcnleri, \u0130\u015flenmi\u015f somon proteini (%6), Tavuk Ya\u011f\u0131, Ci\u011fer Aromas\u0131, Somon Ya\u011f\u0131 (%1), Tuz, Mannan Oligosakkaritler ve B-Glukan (0,2%). Besin Katk\u0131 Maddeleri: Vitamin A (3a672a) 12,500 IU\/kg, Vitamin D3 (3a671) 750 IU\/kg, Vitamin E (3a700) 120 mg\/kg Demir (II) S\u00fclfat Monohidrat (3b103) 45 mg\/kg, Bak\u0131r S\u00fclfat Pentahidrat (3b405) 4.5 mg\/kg, Mangan S\u00fclfat Monohidrat (3b503) 5 mg\/kg, \u00c7inko S\u00fclfat Monohidrat (3b605) 50 mg\/kg, Anhidre Kalsiyum Iyodat (3b203) 0,90 mg\/kg, Sodyum Selenit (3b802) 0.13 mg\/kg. Teknolojik Katk\u0131 Maddeleri: Antioksidanlar, koruyucular.","og_url":"https:\/\/anadolupet.com.tr\/en\/product\/econature-plus-yetiskin-kuru-kopek-mamasi-somonlu-15-kg-132-kg-bonus-paket\/","og_site_name":"Anadolu Pet Grup","article_modified_time":"2026-02-23T12:47:50+00:00","og_image":[{"width":750,"height":750,"url":"https:\/\/anadolupet.com.tr\/wp-content\/uploads\/2026\/02\/283-620002.jpg","type":"image\/jpeg"}],"twitter_card":"summary_large_image","schema":{"@context":"https:\/\/schema.org","@graph":[{"@type":"WebPage","@id":"https:\/\/anadolupet.com.tr\/urun\/econature-plus-yetiskin-kuru-kopek-mamasi-somonlu-15-kg-132-kg-bonus-paket\/","url":"https:\/\/anadolupet.com.tr\/urun\/econature-plus-yetiskin-kuru-kopek-mamasi-somonlu-15-kg-132-kg-bonus-paket\/","name":"Econature Plus Yeti\u015fkin Kuru K\u00f6pek Mamas\u0131 Somonlu 15 KG (13+2 KG Bonus Paket) - Anadolu Pet Grup","isPartOf":{"@id":"https:\/\/anadolupet.com.tr\/#website"},"primaryImageOfPage":{"@id":"https:\/\/anadolupet.com.tr\/urun\/econature-plus-yetiskin-kuru-kopek-mamasi-somonlu-15-kg-132-kg-bonus-paket\/#primaryimage"},"image":{"@id":"https:\/\/anadolupet.com.tr\/urun\/econature-plus-yetiskin-kuru-kopek-mamasi-somonlu-15-kg-132-kg-bonus-paket\/#primaryimage"},"thumbnailUrl":"https:\/\/anadolupet.com.tr\/wp-content\/uploads\/2026\/02\/283-620002.jpg","datePublished":"2026-02-14T14:39:21+00:00","dateModified":"2026-02-23T12:47:50+00:00","breadcrumb":{"@id":"https:\/\/anadolupet.com.tr\/urun\/econature-plus-yetiskin-kuru-kopek-mamasi-somonlu-15-kg-132-kg-bonus-paket\/#breadcrumb"},"inLanguage":"en-US","potentialAction":[{"@type":"ReadAction","target":["https:\/\/anadolupet.com.tr\/urun\/econature-plus-yetiskin-kuru-kopek-mamasi-somonlu-15-kg-132-kg-bonus-paket\/"]}]},{"@type":"ImageObject","inLanguage":"en-US","@id":"https:\/\/anadolupet.com.tr\/urun\/econature-plus-yetiskin-kuru-kopek-mamasi-somonlu-15-kg-132-kg-bonus-paket\/#primaryimage","url":"https:\/\/anadolupet.com.tr\/wp-content\/uploads\/2026\/02\/283-620002.jpg","contentUrl":"https:\/\/anadolupet.com.tr\/wp-content\/uploads\/2026\/02\/283-620002.jpg","width":750,"height":750},{"@type":"BreadcrumbList","@id":"https:\/\/anadolupet.com.tr\/urun\/econature-plus-yetiskin-kuru-kopek-mamasi-somonlu-15-kg-132-kg-bonus-paket\/#breadcrumb","itemListElement":[{"@type":"ListItem","position":1,"name":"Anasayfa","item":"https:\/\/anadolupet.com.tr\/"},{"@type":"ListItem","position":2,"name":"\u00dcr\u00fcnler","item":"https:\/\/anadolupet.com.tr\/urunler\/"},{"@type":"ListItem","position":3,"name":"Econature Plus Yeti\u015fkin Kuru K\u00f6pek Mamas\u0131 Somonlu 15 KG (13+2 KG Bonus Paket)"}]},{"@type":"WebSite","@id":"https:\/\/anadolupet.com.tr\/#website","url":"https:\/\/anadolupet.com.tr\/","name":"Anadolu Pet Group","description":"We Stand Together for the Well-Being of Every Life","publisher":{"@id":"https:\/\/anadolupet.com.tr\/#organization"},"potentialAction":[{"@type":"SearchAction","target":{"@type":"EntryPoint","urlTemplate":"https:\/\/anadolupet.com.tr\/?s={search_term_string}"},"query-input":{"@type":"PropertyValueSpecification","valueRequired":true,"valueName":"search_term_string"}}],"inLanguage":"en-US"},{"@type":"Organization","@id":"https:\/\/anadolupet.com.tr\/#organization","name":"Anadolu Pet Group","alternateName":"Anadolu Pet","url":"https:\/\/anadolupet.com.tr\/","logo":{"@type":"ImageObject","inLanguage":"en-US","@id":"https:\/\/anadolupet.com.tr\/#\/schema\/logo\/image\/","url":"https:\/\/anadolupet.com.tr\/wp-content\/uploads\/2026\/03\/1614666743370.jpg","contentUrl":"https:\/\/anadolupet.com.tr\/wp-content\/uploads\/2026\/03\/1614666743370.jpg","width":800,"height":571,"caption":"Anadolu Pet Grup"},"image":{"@id":"https:\/\/anadolupet.com.tr\/#\/schema\/logo\/image\/"}}]}},"_links":{"self":[{"href":"https:\/\/anadolupet.com.tr\/en\/wp-json\/wp\/v2\/product\/44675","targetHints":{"allow":["GET"]}}],"collection":[{"href":"https:\/\/anadolupet.com.tr\/en\/wp-json\/wp\/v2\/product"}],"about":[{"href":"https:\/\/anadolupet.com.tr\/en\/wp-json\/wp\/v2\/types\/product"}],"replies":[{"embeddable":true,"href":"https:\/\/anadolupet.com.tr\/en\/wp-json\/wp\/v2\/comments?post=44675"}],"wp:featuredmedia":[{"embeddable":true,"href":"https:\/\/anadolupet.com.tr\/en\/wp-json\/wp\/v2\/media\/43599"}],"wp:attachment":[{"href":"https:\/\/anadolupet.com.tr\/en\/wp-json\/wp\/v2\/media?parent=44675"}],"wp:term":[{"taxonomy":"product_brand","embeddable":true,"href":"https:\/\/anadolupet.com.tr\/en\/wp-json\/wp\/v2\/product_brand?post=44675"},{"taxonomy":"product_cat","embeddable":true,"href":"https:\/\/anadolupet.com.tr\/en\/wp-json\/wp\/v2\/product_cat?post=44675"},{"taxonomy":"product_tag","embeddable":true,"href":"https:\/\/anadolupet.com.tr\/en\/wp-json\/wp\/v2\/product_tag?post=44675"}],"curies":[{"name":"wp","href":"https:\/\/api.w.org\/{rel}","templated":true}]}}