{"id":44677,"date":"2026-02-14T14:39:21","date_gmt":"2026-02-14T14:39:21","guid":{"rendered":"https:\/\/anadolupet.com.tr\/urun\/beaphar-tooth-gel-enzim-etkili-kedi-kopek-dis-jeli-100ml\/"},"modified":"2026-02-23T12:47:50","modified_gmt":"2026-02-23T12:47:50","slug":"beaphar-tooth-gel-enzim-etkili-kedi-kopek-dis-jeli-100ml","status":"publish","type":"product","link":"https:\/\/anadolupet.com.tr\/en\/urun\/beaphar-tooth-gel-enzim-etkili-kedi-kopek-dis-jeli-100ml\/","title":{"rendered":"Beaphar Tooth Gel Enzim Etkili Kedi &#8211; K\u00f6pek Di\u015f Jeli &#8211; 100ML"},"content":{"rendered":"","protected":false},"excerpt":{"rendered":"<p>K\u00f6pekler ve kediler i\u00e7in; geli\u015fmi\u015f enzim etkisi ile f\u0131r\u00e7a kullanmadan plak ve tartar olu\u015fumunu \u00f6nleyen, di\u015f temizli\u011fini ve a\u011f\u0131z sa\u011fl\u0131\u011f\u0131n\u0131 koruyan, a\u011f\u0131z kokusunu gideren, ci\u011fer aromal\u0131 di\u015f jeli.<br \/>\n* A\u011f\u0131zda biriken di\u015f ta\u015flar\u0131 giderilmedi\u011fi taktirde di\u015f eti hastal\u0131klar\u0131na, di\u015f \u00e7\u00fcr\u00fcmelerine ve di\u015f kay\u0131plar\u0131na sebep olabilir<br \/>\n* Karaci\u011fer aromal\u0131d\u0131r ve jel formdad\u0131r<br \/>\n* Propolis i\u00e7erir, dezenfeksiyon sa\u011flar, di\u015f etlerinde kan ak\u0131\u015f\u0131n\u0131 art\u0131r\u0131r, a\u011f\u0131zdaki yaralar\u0131n iyile\u015fmesine ve di\u015f eti hastal\u0131klar\u0131n\u0131n \u00f6nlenmesine yard\u0131mc\u0131 olur<br \/>\n* Yayg\u0131n di\u015f eti problemleri ve a\u011f\u0131z kokusu problemlerinde etken olan nedeni ortadan kald\u0131r\u0131r<br \/>\n* Plaklar\u0131n y\u00fczeye yap\u0131\u015fma yetene\u011fini etkiler; sabit tartar\u0131 yumu\u015fat\u0131r<br \/>\n\u00dcr\u00fcn\u00fcn \u0130\u00e7eri\u011fi;<br \/>\n* Proteaz, amiloglukozidaz, glikoz oksidaz<br \/>\nKullan\u0131m Talimat\u0131;<br \/>\n* Di\u015fler \u00fczerine ince bir \u00e7izgi \u015feklinde s\u00fcr\u00fclerek kullan\u0131l\u0131r<br \/>\n* Haftada bir kez uygulanmas\u0131 tavsiye edilmektedir<br \/>\n* Di\u015flerin i\u00e7 k\u0131s\u0131mlar\u0131na s\u00fcr\u00fclmesi tavsiye edilmektedir<\/p>","protected":false},"featured_media":42893,"comment_status":"open","ping_status":"closed","template":"","meta":{"_acf_changed":false},"product_brand":[],"product_cat":[2464],"product_tag":[],"class_list":{"0":"post-44677","1":"product","2":"type-product","3":"status-publish","4":"has-post-thumbnail","6":"product_cat-yetiskin-kopek-mamalari","8":"first","9":"instock","10":"shipping-taxable","11":"product-type-simple"},"acf":[],"yoast_head":"<!-- This site is optimized with the Yoast SEO plugin v27.4 - https:\/\/yoast.com\/product\/yoast-seo-wordpress\/ -->\n<title>Beaphar Tooth Gel Enzim Etkili Kedi - K\u00f6pek Di\u015f Jeli - 100ML - Anadolu Pet Grup<\/title>\n<meta name=\"robots\" content=\"index, follow, max-snippet:-1, max-image-preview:large, max-video-preview:-1\" \/>\n<link rel=\"canonical\" href=\"https:\/\/anadolupet.com.tr\/en\/product\/beaphar-tooth-gel-enzim-etkili-kedi-kopek-dis-jeli-100ml\/\" \/>\n<meta property=\"og:locale\" content=\"en_US\" \/>\n<meta property=\"og:type\" content=\"article\" \/>\n<meta property=\"og:title\" content=\"Beaphar Tooth Gel Enzim Etkili Kedi - K\u00f6pek Di\u015f Jeli - 100ML - Anadolu Pet Grup\" \/>\n<meta property=\"og:description\" content=\"K\u00f6pekler ve kediler i\u00e7in; geli\u015fmi\u015f enzim etkisi ile f\u0131r\u00e7a kullanmadan plak ve tartar olu\u015fumunu \u00f6nleyen, di\u015f temizli\u011fini ve a\u011f\u0131z sa\u011fl\u0131\u011f\u0131n\u0131 koruyan, a\u011f\u0131z kokusunu gideren, ci\u011fer aromal\u0131 di\u015f jeli. * A\u011f\u0131zda biriken di\u015f ta\u015flar\u0131 giderilmedi\u011fi taktirde di\u015f eti hastal\u0131klar\u0131na, di\u015f \u00e7\u00fcr\u00fcmelerine ve di\u015f kay\u0131plar\u0131na sebep olabilir * Karaci\u011fer aromal\u0131d\u0131r ve jel formdad\u0131r * Propolis i\u00e7erir, dezenfeksiyon sa\u011flar, di\u015f etlerinde kan ak\u0131\u015f\u0131n\u0131 art\u0131r\u0131r, a\u011f\u0131zdaki yaralar\u0131n iyile\u015fmesine ve di\u015f eti hastal\u0131klar\u0131n\u0131n \u00f6nlenmesine yard\u0131mc\u0131 olur * Yayg\u0131n di\u015f eti problemleri ve a\u011f\u0131z kokusu problemlerinde etken olan nedeni ortadan kald\u0131r\u0131r * Plaklar\u0131n y\u00fczeye yap\u0131\u015fma yetene\u011fini etkiler; sabit tartar\u0131 yumu\u015fat\u0131r \u00dcr\u00fcn\u00fcn \u0130\u00e7eri\u011fi; * Proteaz, amiloglukozidaz, glikoz oksidaz Kullan\u0131m Talimat\u0131; * Di\u015fler \u00fczerine ince bir \u00e7izgi \u015feklinde s\u00fcr\u00fclerek kullan\u0131l\u0131r * Haftada bir kez uygulanmas\u0131 tavsiye edilmektedir * Di\u015flerin i\u00e7 k\u0131s\u0131mlar\u0131na s\u00fcr\u00fclmesi tavsiye edilmektedir\" \/>\n<meta property=\"og:url\" content=\"https:\/\/anadolupet.com.tr\/en\/product\/beaphar-tooth-gel-enzim-etkili-kedi-kopek-dis-jeli-100ml\/\" \/>\n<meta property=\"og:site_name\" content=\"Anadolu Pet Grup\" \/>\n<meta property=\"article:modified_time\" content=\"2026-02-23T12:47:50+00:00\" \/>\n<meta property=\"og:image\" content=\"https:\/\/anadolupet.com.tr\/wp-content\/uploads\/2026\/02\/210-017323.jpg\" \/>\n\t<meta property=\"og:image:width\" content=\"750\" \/>\n\t<meta property=\"og:image:height\" content=\"750\" \/>\n\t<meta property=\"og:image:type\" content=\"image\/jpeg\" \/>\n<meta name=\"twitter:card\" content=\"summary_large_image\" \/>\n<script type=\"application\/ld+json\" class=\"yoast-schema-graph\">{\"@context\":\"https:\\\/\\\/schema.org\",\"@graph\":[{\"@type\":\"WebPage\",\"@id\":\"https:\\\/\\\/anadolupet.com.tr\\\/urun\\\/beaphar-tooth-gel-enzim-etkili-kedi-kopek-dis-jeli-100ml\\\/\",\"url\":\"https:\\\/\\\/anadolupet.com.tr\\\/urun\\\/beaphar-tooth-gel-enzim-etkili-kedi-kopek-dis-jeli-100ml\\\/\",\"name\":\"Beaphar Tooth Gel Enzim Etkili Kedi - K\u00f6pek Di\u015f Jeli - 100ML - Anadolu Pet Grup\",\"isPartOf\":{\"@id\":\"https:\\\/\\\/anadolupet.com.tr\\\/#website\"},\"primaryImageOfPage\":{\"@id\":\"https:\\\/\\\/anadolupet.com.tr\\\/urun\\\/beaphar-tooth-gel-enzim-etkili-kedi-kopek-dis-jeli-100ml\\\/#primaryimage\"},\"image\":{\"@id\":\"https:\\\/\\\/anadolupet.com.tr\\\/urun\\\/beaphar-tooth-gel-enzim-etkili-kedi-kopek-dis-jeli-100ml\\\/#primaryimage\"},\"thumbnailUrl\":\"https:\\\/\\\/anadolupet.com.tr\\\/wp-content\\\/uploads\\\/2026\\\/02\\\/210-017323.jpg\",\"datePublished\":\"2026-02-14T14:39:21+00:00\",\"dateModified\":\"2026-02-23T12:47:50+00:00\",\"breadcrumb\":{\"@id\":\"https:\\\/\\\/anadolupet.com.tr\\\/urun\\\/beaphar-tooth-gel-enzim-etkili-kedi-kopek-dis-jeli-100ml\\\/#breadcrumb\"},\"inLanguage\":\"en-US\",\"potentialAction\":[{\"@type\":\"ReadAction\",\"target\":[\"https:\\\/\\\/anadolupet.com.tr\\\/urun\\\/beaphar-tooth-gel-enzim-etkili-kedi-kopek-dis-jeli-100ml\\\/\"]}]},{\"@type\":\"ImageObject\",\"inLanguage\":\"en-US\",\"@id\":\"https:\\\/\\\/anadolupet.com.tr\\\/urun\\\/beaphar-tooth-gel-enzim-etkili-kedi-kopek-dis-jeli-100ml\\\/#primaryimage\",\"url\":\"https:\\\/\\\/anadolupet.com.tr\\\/wp-content\\\/uploads\\\/2026\\\/02\\\/210-017323.jpg\",\"contentUrl\":\"https:\\\/\\\/anadolupet.com.tr\\\/wp-content\\\/uploads\\\/2026\\\/02\\\/210-017323.jpg\",\"width\":750,\"height\":750},{\"@type\":\"BreadcrumbList\",\"@id\":\"https:\\\/\\\/anadolupet.com.tr\\\/urun\\\/beaphar-tooth-gel-enzim-etkili-kedi-kopek-dis-jeli-100ml\\\/#breadcrumb\",\"itemListElement\":[{\"@type\":\"ListItem\",\"position\":1,\"name\":\"Anasayfa\",\"item\":\"https:\\\/\\\/anadolupet.com.tr\\\/\"},{\"@type\":\"ListItem\",\"position\":2,\"name\":\"\u00dcr\u00fcnler\",\"item\":\"https:\\\/\\\/anadolupet.com.tr\\\/urunler\\\/\"},{\"@type\":\"ListItem\",\"position\":3,\"name\":\"Beaphar Tooth Gel Enzim Etkili Kedi &#8211; K\u00f6pek Di\u015f Jeli &#8211; 100ML\"}]},{\"@type\":\"WebSite\",\"@id\":\"https:\\\/\\\/anadolupet.com.tr\\\/#website\",\"url\":\"https:\\\/\\\/anadolupet.com.tr\\\/\",\"name\":\"Anadolu Pet Grup\",\"description\":\"Her Can\u0131n \u0130yi Ya\u015fam\u0131 \u0130\u00e7in Biraraday\u0131z\",\"publisher\":{\"@id\":\"https:\\\/\\\/anadolupet.com.tr\\\/#organization\"},\"potentialAction\":[{\"@type\":\"SearchAction\",\"target\":{\"@type\":\"EntryPoint\",\"urlTemplate\":\"https:\\\/\\\/anadolupet.com.tr\\\/?s={search_term_string}\"},\"query-input\":{\"@type\":\"PropertyValueSpecification\",\"valueRequired\":true,\"valueName\":\"search_term_string\"}}],\"inLanguage\":\"en-US\"},{\"@type\":\"Organization\",\"@id\":\"https:\\\/\\\/anadolupet.com.tr\\\/#organization\",\"name\":\"Anadolu Pet Grup\",\"alternateName\":\"Anadolu Pet\",\"url\":\"https:\\\/\\\/anadolupet.com.tr\\\/\",\"logo\":{\"@type\":\"ImageObject\",\"inLanguage\":\"en-US\",\"@id\":\"https:\\\/\\\/anadolupet.com.tr\\\/#\\\/schema\\\/logo\\\/image\\\/\",\"url\":\"https:\\\/\\\/anadolupet.com.tr\\\/wp-content\\\/uploads\\\/2026\\\/03\\\/1614666743370.jpg\",\"contentUrl\":\"https:\\\/\\\/anadolupet.com.tr\\\/wp-content\\\/uploads\\\/2026\\\/03\\\/1614666743370.jpg\",\"width\":800,\"height\":571,\"caption\":\"Anadolu Pet Grup\"},\"image\":{\"@id\":\"https:\\\/\\\/anadolupet.com.tr\\\/#\\\/schema\\\/logo\\\/image\\\/\"}}]}<\/script>\n<!-- \/ Yoast SEO plugin. -->","yoast_head_json":{"title":"Beaphar Tooth Gel Enzim Etkili Kedi - K\u00f6pek Di\u015f Jeli - 100ML - Anadolu Pet Grup","robots":{"index":"index","follow":"follow","max-snippet":"max-snippet:-1","max-image-preview":"max-image-preview:large","max-video-preview":"max-video-preview:-1"},"canonical":"https:\/\/anadolupet.com.tr\/en\/product\/beaphar-tooth-gel-enzim-etkili-kedi-kopek-dis-jeli-100ml\/","og_locale":"en_US","og_type":"article","og_title":"Beaphar Tooth Gel Enzim Etkili Kedi - K\u00f6pek Di\u015f Jeli - 100ML - Anadolu Pet Grup","og_description":"K\u00f6pekler ve kediler i\u00e7in; geli\u015fmi\u015f enzim etkisi ile f\u0131r\u00e7a kullanmadan plak ve tartar olu\u015fumunu \u00f6nleyen, di\u015f temizli\u011fini ve a\u011f\u0131z sa\u011fl\u0131\u011f\u0131n\u0131 koruyan, a\u011f\u0131z kokusunu gideren, ci\u011fer aromal\u0131 di\u015f jeli. * A\u011f\u0131zda biriken di\u015f ta\u015flar\u0131 giderilmedi\u011fi taktirde di\u015f eti hastal\u0131klar\u0131na, di\u015f \u00e7\u00fcr\u00fcmelerine ve di\u015f kay\u0131plar\u0131na sebep olabilir * Karaci\u011fer aromal\u0131d\u0131r ve jel formdad\u0131r * Propolis i\u00e7erir, dezenfeksiyon sa\u011flar, di\u015f etlerinde kan ak\u0131\u015f\u0131n\u0131 art\u0131r\u0131r, a\u011f\u0131zdaki yaralar\u0131n iyile\u015fmesine ve di\u015f eti hastal\u0131klar\u0131n\u0131n \u00f6nlenmesine yard\u0131mc\u0131 olur * Yayg\u0131n di\u015f eti problemleri ve a\u011f\u0131z kokusu problemlerinde etken olan nedeni ortadan kald\u0131r\u0131r * Plaklar\u0131n y\u00fczeye yap\u0131\u015fma yetene\u011fini etkiler; sabit tartar\u0131 yumu\u015fat\u0131r \u00dcr\u00fcn\u00fcn \u0130\u00e7eri\u011fi; * Proteaz, amiloglukozidaz, glikoz oksidaz Kullan\u0131m Talimat\u0131; * Di\u015fler \u00fczerine ince bir \u00e7izgi \u015feklinde s\u00fcr\u00fclerek kullan\u0131l\u0131r * Haftada bir kez uygulanmas\u0131 tavsiye edilmektedir * Di\u015flerin i\u00e7 k\u0131s\u0131mlar\u0131na s\u00fcr\u00fclmesi tavsiye edilmektedir","og_url":"https:\/\/anadolupet.com.tr\/en\/product\/beaphar-tooth-gel-enzim-etkili-kedi-kopek-dis-jeli-100ml\/","og_site_name":"Anadolu Pet Grup","article_modified_time":"2026-02-23T12:47:50+00:00","og_image":[{"width":750,"height":750,"url":"https:\/\/anadolupet.com.tr\/wp-content\/uploads\/2026\/02\/210-017323.jpg","type":"image\/jpeg"}],"twitter_card":"summary_large_image","schema":{"@context":"https:\/\/schema.org","@graph":[{"@type":"WebPage","@id":"https:\/\/anadolupet.com.tr\/urun\/beaphar-tooth-gel-enzim-etkili-kedi-kopek-dis-jeli-100ml\/","url":"https:\/\/anadolupet.com.tr\/urun\/beaphar-tooth-gel-enzim-etkili-kedi-kopek-dis-jeli-100ml\/","name":"Beaphar Tooth Gel Enzim Etkili Kedi - K\u00f6pek Di\u015f Jeli - 100ML - Anadolu Pet Grup","isPartOf":{"@id":"https:\/\/anadolupet.com.tr\/#website"},"primaryImageOfPage":{"@id":"https:\/\/anadolupet.com.tr\/urun\/beaphar-tooth-gel-enzim-etkili-kedi-kopek-dis-jeli-100ml\/#primaryimage"},"image":{"@id":"https:\/\/anadolupet.com.tr\/urun\/beaphar-tooth-gel-enzim-etkili-kedi-kopek-dis-jeli-100ml\/#primaryimage"},"thumbnailUrl":"https:\/\/anadolupet.com.tr\/wp-content\/uploads\/2026\/02\/210-017323.jpg","datePublished":"2026-02-14T14:39:21+00:00","dateModified":"2026-02-23T12:47:50+00:00","breadcrumb":{"@id":"https:\/\/anadolupet.com.tr\/urun\/beaphar-tooth-gel-enzim-etkili-kedi-kopek-dis-jeli-100ml\/#breadcrumb"},"inLanguage":"en-US","potentialAction":[{"@type":"ReadAction","target":["https:\/\/anadolupet.com.tr\/urun\/beaphar-tooth-gel-enzim-etkili-kedi-kopek-dis-jeli-100ml\/"]}]},{"@type":"ImageObject","inLanguage":"en-US","@id":"https:\/\/anadolupet.com.tr\/urun\/beaphar-tooth-gel-enzim-etkili-kedi-kopek-dis-jeli-100ml\/#primaryimage","url":"https:\/\/anadolupet.com.tr\/wp-content\/uploads\/2026\/02\/210-017323.jpg","contentUrl":"https:\/\/anadolupet.com.tr\/wp-content\/uploads\/2026\/02\/210-017323.jpg","width":750,"height":750},{"@type":"BreadcrumbList","@id":"https:\/\/anadolupet.com.tr\/urun\/beaphar-tooth-gel-enzim-etkili-kedi-kopek-dis-jeli-100ml\/#breadcrumb","itemListElement":[{"@type":"ListItem","position":1,"name":"Anasayfa","item":"https:\/\/anadolupet.com.tr\/"},{"@type":"ListItem","position":2,"name":"\u00dcr\u00fcnler","item":"https:\/\/anadolupet.com.tr\/urunler\/"},{"@type":"ListItem","position":3,"name":"Beaphar Tooth Gel Enzim Etkili Kedi &#8211; K\u00f6pek Di\u015f Jeli &#8211; 100ML"}]},{"@type":"WebSite","@id":"https:\/\/anadolupet.com.tr\/#website","url":"https:\/\/anadolupet.com.tr\/","name":"Anadolu Pet Group","description":"We Stand Together for the Well-Being of Every Life","publisher":{"@id":"https:\/\/anadolupet.com.tr\/#organization"},"potentialAction":[{"@type":"SearchAction","target":{"@type":"EntryPoint","urlTemplate":"https:\/\/anadolupet.com.tr\/?s={search_term_string}"},"query-input":{"@type":"PropertyValueSpecification","valueRequired":true,"valueName":"search_term_string"}}],"inLanguage":"en-US"},{"@type":"Organization","@id":"https:\/\/anadolupet.com.tr\/#organization","name":"Anadolu Pet Group","alternateName":"Anadolu Pet","url":"https:\/\/anadolupet.com.tr\/","logo":{"@type":"ImageObject","inLanguage":"en-US","@id":"https:\/\/anadolupet.com.tr\/#\/schema\/logo\/image\/","url":"https:\/\/anadolupet.com.tr\/wp-content\/uploads\/2026\/03\/1614666743370.jpg","contentUrl":"https:\/\/anadolupet.com.tr\/wp-content\/uploads\/2026\/03\/1614666743370.jpg","width":800,"height":571,"caption":"Anadolu Pet Grup"},"image":{"@id":"https:\/\/anadolupet.com.tr\/#\/schema\/logo\/image\/"}}]}},"_links":{"self":[{"href":"https:\/\/anadolupet.com.tr\/en\/wp-json\/wp\/v2\/product\/44677","targetHints":{"allow":["GET"]}}],"collection":[{"href":"https:\/\/anadolupet.com.tr\/en\/wp-json\/wp\/v2\/product"}],"about":[{"href":"https:\/\/anadolupet.com.tr\/en\/wp-json\/wp\/v2\/types\/product"}],"replies":[{"embeddable":true,"href":"https:\/\/anadolupet.com.tr\/en\/wp-json\/wp\/v2\/comments?post=44677"}],"wp:featuredmedia":[{"embeddable":true,"href":"https:\/\/anadolupet.com.tr\/en\/wp-json\/wp\/v2\/media\/42893"}],"wp:attachment":[{"href":"https:\/\/anadolupet.com.tr\/en\/wp-json\/wp\/v2\/media?parent=44677"}],"wp:term":[{"taxonomy":"product_brand","embeddable":true,"href":"https:\/\/anadolupet.com.tr\/en\/wp-json\/wp\/v2\/product_brand?post=44677"},{"taxonomy":"product_cat","embeddable":true,"href":"https:\/\/anadolupet.com.tr\/en\/wp-json\/wp\/v2\/product_cat?post=44677"},{"taxonomy":"product_tag","embeddable":true,"href":"https:\/\/anadolupet.com.tr\/en\/wp-json\/wp\/v2\/product_tag?post=44677"}],"curies":[{"name":"wp","href":"https:\/\/api.w.org\/{rel}","templated":true}]}}