{"id":44678,"date":"2026-02-14T14:39:21","date_gmt":"2026-02-14T14:39:21","guid":{"rendered":"https:\/\/anadolupet.com.tr\/urun\/beaphar-top-10-kedi-multivitamin-tableti-180-adet\/"},"modified":"2026-02-23T12:47:50","modified_gmt":"2026-02-23T12:47:50","slug":"beaphar-top-10-kedi-multivitamin-tableti-180-adet","status":"publish","type":"product","link":"https:\/\/anadolupet.com.tr\/en\/urun\/beaphar-top-10-kedi-multivitamin-tableti-180-adet\/","title":{"rendered":"Beaphar Top 10 Kedi Multivitamin Tableti &#8211; 180 ADET"},"content":{"rendered":"","protected":false},"excerpt":{"rendered":"<p>Kediler i\u00e7in metabolizmay\u0131, ba\u011f\u0131\u015f\u0131kl\u0131k sistemini g\u00fc\u00e7lendiren, kalp ve g\u00f6rmeyi destekleyen; vitamin, mineral ve iz elementler i\u00e7eren multivitamin tablet.<br \/>\n* Kondisyon ve canl\u0131l\u0131\u011f\u0131 art\u0131rman\u0131n yan\u0131 s\u0131ra t\u00fcylere parlakl\u0131k kazand\u0131r\u0131r<br \/>\n* 10 esansiyel vitamine ek olarak taurin de i\u00e7ermektedir<br \/>\n* \u0130\u00e7eri\u011findeki taurin g\u00f6z ve kalp sa\u011fl\u0131\u011f\u0131n\u0131 destekler<br \/>\n* G\u00fc\u00e7l\u00fc kemik ve di\u015f olu\u015fumu sa\u011flar<br \/>\n* Ya\u015fl\u0131 kedilerin g\u00fc\u00e7l\u00fc ve canl\u0131 hissetmelerine yard\u0131mc\u0131 olur<br \/>\n* Kas yap\u0131s\u0131n\u0131 g\u00fc\u00e7lendirerek dayan\u0131kl\u0131 ve g\u00fc\u00e7l\u00fc fizilki kondisyon sa\u011flar<br \/>\n* Kutu i\u00e7erisinde 180 adet tablet bulunmaktad\u0131r<br \/>\n\u00dcr\u00fcn\u00fcn \u0130\u00e7eri\u011fi;<br \/>\n* S\u00fct ve s\u00fct \u00fcr\u00fcnleri, \u00e7e\u015fitli \u015fekerler, mineraller, kabuklu deniz \u00fcr\u00fcnleri (% 2,6 karides unu), et ve et \u00fcr\u00fcnleri, ya\u011flar, mayalar, tah\u0131llar<br \/>\n\u00dcr\u00fcn\u00fcn Analizi;<br \/>\nHam protein % 10, ham ya\u011f % 2,3, ham sel\u00fcloz % 7,0, ham k\u00fcl % 13, nem % 3,6, kalsiyum % 3,2, fosfor % 1,8, sodyum % 0,75, potasyum % 1,3, magnezyum % 0,1, vitamin A 4450 IU\/kg, vitamin B1 170 mg, vitamin B2 360 mg, niasin 1400 mg, pantotenik asit 1000 mg, vitamin B6 160 mg, vitamin B12 1500 ug, vitamin D3 889 IU\/kg, vitamin E 290 IU\/kg, biyotin 37,000 ug, L-karnitin 6,4 mg, taurin 1200 mg, antioksidanlar<br \/>\nKullan\u0131m Talimat\u0131;<br \/>\n* 2,5 kg a\u011f\u0131rl\u0131k i\u00e7in g\u00fcnde 1 tablet verilmesi tavsiye edilir<br \/>\n* Tavsiye edilen doz a\u015f\u0131lmamal\u0131d\u0131r<br \/>\n* Yan\u0131nda her zaman taze ve temiz i\u00e7me suyu bulundurun<br \/>\nUyar\u0131lar;<br \/>\n* Serin ve kuru yerde saklay\u0131n<\/p>","protected":false},"featured_media":42884,"comment_status":"open","ping_status":"closed","template":"","meta":{"_acf_changed":false},"product_brand":[],"product_cat":[2464],"product_tag":[],"class_list":{"0":"post-44678","1":"product","2":"type-product","3":"status-publish","4":"has-post-thumbnail","6":"product_cat-yetiskin-kopek-mamalari","8":"first","9":"instock","10":"shipping-taxable","11":"product-type-simple"},"acf":[],"yoast_head":"<!-- This site is optimized with the Yoast SEO plugin v27.5 - https:\/\/yoast.com\/product\/yoast-seo-wordpress\/ -->\n<title>Beaphar Top 10 Kedi Multivitamin Tableti - 180 ADET - Anadolu Pet Grup<\/title>\n<meta name=\"robots\" content=\"index, follow, max-snippet:-1, max-image-preview:large, max-video-preview:-1\" \/>\n<link rel=\"canonical\" href=\"https:\/\/anadolupet.com.tr\/en\/product\/beaphar-top-10-kedi-multivitamin-tableti-180-adet\/\" \/>\n<meta property=\"og:locale\" content=\"en_US\" \/>\n<meta property=\"og:type\" content=\"article\" \/>\n<meta property=\"og:title\" content=\"Beaphar Top 10 Kedi Multivitamin Tableti - 180 ADET - Anadolu Pet Grup\" \/>\n<meta property=\"og:description\" content=\"Kediler i\u00e7in metabolizmay\u0131, ba\u011f\u0131\u015f\u0131kl\u0131k sistemini g\u00fc\u00e7lendiren, kalp ve g\u00f6rmeyi destekleyen; vitamin, mineral ve iz elementler i\u00e7eren multivitamin tablet. * Kondisyon ve canl\u0131l\u0131\u011f\u0131 art\u0131rman\u0131n yan\u0131 s\u0131ra t\u00fcylere parlakl\u0131k kazand\u0131r\u0131r * 10 esansiyel vitamine ek olarak taurin de i\u00e7ermektedir * \u0130\u00e7eri\u011findeki taurin g\u00f6z ve kalp sa\u011fl\u0131\u011f\u0131n\u0131 destekler * G\u00fc\u00e7l\u00fc kemik ve di\u015f olu\u015fumu sa\u011flar * Ya\u015fl\u0131 kedilerin g\u00fc\u00e7l\u00fc ve canl\u0131 hissetmelerine yard\u0131mc\u0131 olur * Kas yap\u0131s\u0131n\u0131 g\u00fc\u00e7lendirerek dayan\u0131kl\u0131 ve g\u00fc\u00e7l\u00fc fizilki kondisyon sa\u011flar * Kutu i\u00e7erisinde 180 adet tablet bulunmaktad\u0131r \u00dcr\u00fcn\u00fcn \u0130\u00e7eri\u011fi; * S\u00fct ve s\u00fct \u00fcr\u00fcnleri, \u00e7e\u015fitli \u015fekerler, mineraller, kabuklu deniz \u00fcr\u00fcnleri (% 2,6 karides unu), et ve et \u00fcr\u00fcnleri, ya\u011flar, mayalar, tah\u0131llar \u00dcr\u00fcn\u00fcn Analizi; Ham protein % 10, ham ya\u011f % 2,3, ham sel\u00fcloz % 7,0, ham k\u00fcl % 13, nem % 3,6, kalsiyum % 3,2, fosfor % 1,8, sodyum % 0,75, potasyum % 1,3, magnezyum % 0,1, vitamin A 4450 IU\/kg, vitamin B1 170 mg, vitamin B2 360 mg, niasin 1400 mg, pantotenik asit 1000 mg, vitamin B6 160 mg, vitamin B12 1500 ug, vitamin D3 889 IU\/kg, vitamin E 290 IU\/kg, biyotin 37,000 ug, L-karnitin 6,4 mg, taurin 1200 mg, antioksidanlar Kullan\u0131m Talimat\u0131; * 2,5 kg a\u011f\u0131rl\u0131k i\u00e7in g\u00fcnde 1 tablet verilmesi tavsiye edilir * Tavsiye edilen doz a\u015f\u0131lmamal\u0131d\u0131r * Yan\u0131nda her zaman taze ve temiz i\u00e7me suyu bulundurun Uyar\u0131lar; * Serin ve kuru yerde saklay\u0131n\" \/>\n<meta property=\"og:url\" content=\"https:\/\/anadolupet.com.tr\/en\/product\/beaphar-top-10-kedi-multivitamin-tableti-180-adet\/\" \/>\n<meta property=\"og:site_name\" content=\"Anadolu Pet Grup\" \/>\n<meta property=\"article:modified_time\" content=\"2026-02-23T12:47:50+00:00\" \/>\n<meta property=\"og:image\" content=\"https:\/\/anadolupet.com.tr\/wp-content\/uploads\/2026\/02\/210-010907.jpg\" \/>\n\t<meta property=\"og:image:width\" content=\"750\" \/>\n\t<meta property=\"og:image:height\" content=\"750\" \/>\n\t<meta property=\"og:image:type\" content=\"image\/jpeg\" \/>\n<meta name=\"twitter:card\" content=\"summary_large_image\" \/>\n<script type=\"application\/ld+json\" class=\"yoast-schema-graph\">{\"@context\":\"https:\\\/\\\/schema.org\",\"@graph\":[{\"@type\":\"WebPage\",\"@id\":\"https:\\\/\\\/anadolupet.com.tr\\\/urun\\\/beaphar-top-10-kedi-multivitamin-tableti-180-adet\\\/\",\"url\":\"https:\\\/\\\/anadolupet.com.tr\\\/urun\\\/beaphar-top-10-kedi-multivitamin-tableti-180-adet\\\/\",\"name\":\"Beaphar Top 10 Kedi Multivitamin Tableti - 180 ADET - Anadolu Pet Grup\",\"isPartOf\":{\"@id\":\"https:\\\/\\\/anadolupet.com.tr\\\/#website\"},\"primaryImageOfPage\":{\"@id\":\"https:\\\/\\\/anadolupet.com.tr\\\/urun\\\/beaphar-top-10-kedi-multivitamin-tableti-180-adet\\\/#primaryimage\"},\"image\":{\"@id\":\"https:\\\/\\\/anadolupet.com.tr\\\/urun\\\/beaphar-top-10-kedi-multivitamin-tableti-180-adet\\\/#primaryimage\"},\"thumbnailUrl\":\"https:\\\/\\\/anadolupet.com.tr\\\/wp-content\\\/uploads\\\/2026\\\/02\\\/210-010907.jpg\",\"datePublished\":\"2026-02-14T14:39:21+00:00\",\"dateModified\":\"2026-02-23T12:47:50+00:00\",\"breadcrumb\":{\"@id\":\"https:\\\/\\\/anadolupet.com.tr\\\/urun\\\/beaphar-top-10-kedi-multivitamin-tableti-180-adet\\\/#breadcrumb\"},\"inLanguage\":\"en-US\",\"potentialAction\":[{\"@type\":\"ReadAction\",\"target\":[\"https:\\\/\\\/anadolupet.com.tr\\\/urun\\\/beaphar-top-10-kedi-multivitamin-tableti-180-adet\\\/\"]}]},{\"@type\":\"ImageObject\",\"inLanguage\":\"en-US\",\"@id\":\"https:\\\/\\\/anadolupet.com.tr\\\/urun\\\/beaphar-top-10-kedi-multivitamin-tableti-180-adet\\\/#primaryimage\",\"url\":\"https:\\\/\\\/anadolupet.com.tr\\\/wp-content\\\/uploads\\\/2026\\\/02\\\/210-010907.jpg\",\"contentUrl\":\"https:\\\/\\\/anadolupet.com.tr\\\/wp-content\\\/uploads\\\/2026\\\/02\\\/210-010907.jpg\",\"width\":750,\"height\":750},{\"@type\":\"BreadcrumbList\",\"@id\":\"https:\\\/\\\/anadolupet.com.tr\\\/urun\\\/beaphar-top-10-kedi-multivitamin-tableti-180-adet\\\/#breadcrumb\",\"itemListElement\":[{\"@type\":\"ListItem\",\"position\":1,\"name\":\"Anasayfa\",\"item\":\"https:\\\/\\\/anadolupet.com.tr\\\/\"},{\"@type\":\"ListItem\",\"position\":2,\"name\":\"\u00dcr\u00fcnler\",\"item\":\"https:\\\/\\\/anadolupet.com.tr\\\/urunler\\\/\"},{\"@type\":\"ListItem\",\"position\":3,\"name\":\"Beaphar Top 10 Kedi Multivitamin Tableti &#8211; 180 ADET\"}]},{\"@type\":\"WebSite\",\"@id\":\"https:\\\/\\\/anadolupet.com.tr\\\/#website\",\"url\":\"https:\\\/\\\/anadolupet.com.tr\\\/\",\"name\":\"Anadolu Pet Grup\",\"description\":\"Her Can\u0131n \u0130yi Ya\u015fam\u0131 \u0130\u00e7in Biraraday\u0131z\",\"publisher\":{\"@id\":\"https:\\\/\\\/anadolupet.com.tr\\\/#organization\"},\"potentialAction\":[{\"@type\":\"SearchAction\",\"target\":{\"@type\":\"EntryPoint\",\"urlTemplate\":\"https:\\\/\\\/anadolupet.com.tr\\\/?s={search_term_string}\"},\"query-input\":{\"@type\":\"PropertyValueSpecification\",\"valueRequired\":true,\"valueName\":\"search_term_string\"}}],\"inLanguage\":\"en-US\"},{\"@type\":\"Organization\",\"@id\":\"https:\\\/\\\/anadolupet.com.tr\\\/#organization\",\"name\":\"Anadolu Pet Grup\",\"alternateName\":\"Anadolu Pet\",\"url\":\"https:\\\/\\\/anadolupet.com.tr\\\/\",\"logo\":{\"@type\":\"ImageObject\",\"inLanguage\":\"en-US\",\"@id\":\"https:\\\/\\\/anadolupet.com.tr\\\/#\\\/schema\\\/logo\\\/image\\\/\",\"url\":\"https:\\\/\\\/anadolupet.com.tr\\\/wp-content\\\/uploads\\\/2026\\\/03\\\/1614666743370.jpg\",\"contentUrl\":\"https:\\\/\\\/anadolupet.com.tr\\\/wp-content\\\/uploads\\\/2026\\\/03\\\/1614666743370.jpg\",\"width\":800,\"height\":571,\"caption\":\"Anadolu Pet Grup\"},\"image\":{\"@id\":\"https:\\\/\\\/anadolupet.com.tr\\\/#\\\/schema\\\/logo\\\/image\\\/\"}}]}<\/script>\n<!-- \/ Yoast SEO plugin. -->","yoast_head_json":{"title":"Beaphar Top 10 Kedi Multivitamin Tableti - 180 ADET - Anadolu Pet Grup","robots":{"index":"index","follow":"follow","max-snippet":"max-snippet:-1","max-image-preview":"max-image-preview:large","max-video-preview":"max-video-preview:-1"},"canonical":"https:\/\/anadolupet.com.tr\/en\/product\/beaphar-top-10-kedi-multivitamin-tableti-180-adet\/","og_locale":"en_US","og_type":"article","og_title":"Beaphar Top 10 Kedi Multivitamin Tableti - 180 ADET - Anadolu Pet Grup","og_description":"Kediler i\u00e7in metabolizmay\u0131, ba\u011f\u0131\u015f\u0131kl\u0131k sistemini g\u00fc\u00e7lendiren, kalp ve g\u00f6rmeyi destekleyen; vitamin, mineral ve iz elementler i\u00e7eren multivitamin tablet. * Kondisyon ve canl\u0131l\u0131\u011f\u0131 art\u0131rman\u0131n yan\u0131 s\u0131ra t\u00fcylere parlakl\u0131k kazand\u0131r\u0131r * 10 esansiyel vitamine ek olarak taurin de i\u00e7ermektedir * \u0130\u00e7eri\u011findeki taurin g\u00f6z ve kalp sa\u011fl\u0131\u011f\u0131n\u0131 destekler * G\u00fc\u00e7l\u00fc kemik ve di\u015f olu\u015fumu sa\u011flar * Ya\u015fl\u0131 kedilerin g\u00fc\u00e7l\u00fc ve canl\u0131 hissetmelerine yard\u0131mc\u0131 olur * Kas yap\u0131s\u0131n\u0131 g\u00fc\u00e7lendirerek dayan\u0131kl\u0131 ve g\u00fc\u00e7l\u00fc fizilki kondisyon sa\u011flar * Kutu i\u00e7erisinde 180 adet tablet bulunmaktad\u0131r \u00dcr\u00fcn\u00fcn \u0130\u00e7eri\u011fi; * S\u00fct ve s\u00fct \u00fcr\u00fcnleri, \u00e7e\u015fitli \u015fekerler, mineraller, kabuklu deniz \u00fcr\u00fcnleri (% 2,6 karides unu), et ve et \u00fcr\u00fcnleri, ya\u011flar, mayalar, tah\u0131llar \u00dcr\u00fcn\u00fcn Analizi; Ham protein % 10, ham ya\u011f % 2,3, ham sel\u00fcloz % 7,0, ham k\u00fcl % 13, nem % 3,6, kalsiyum % 3,2, fosfor % 1,8, sodyum % 0,75, potasyum % 1,3, magnezyum % 0,1, vitamin A 4450 IU\/kg, vitamin B1 170 mg, vitamin B2 360 mg, niasin 1400 mg, pantotenik asit 1000 mg, vitamin B6 160 mg, vitamin B12 1500 ug, vitamin D3 889 IU\/kg, vitamin E 290 IU\/kg, biyotin 37,000 ug, L-karnitin 6,4 mg, taurin 1200 mg, antioksidanlar Kullan\u0131m Talimat\u0131; * 2,5 kg a\u011f\u0131rl\u0131k i\u00e7in g\u00fcnde 1 tablet verilmesi tavsiye edilir * Tavsiye edilen doz a\u015f\u0131lmamal\u0131d\u0131r * Yan\u0131nda her zaman taze ve temiz i\u00e7me suyu bulundurun Uyar\u0131lar; * Serin ve kuru yerde saklay\u0131n","og_url":"https:\/\/anadolupet.com.tr\/en\/product\/beaphar-top-10-kedi-multivitamin-tableti-180-adet\/","og_site_name":"Anadolu Pet Grup","article_modified_time":"2026-02-23T12:47:50+00:00","og_image":[{"width":750,"height":750,"url":"https:\/\/anadolupet.com.tr\/wp-content\/uploads\/2026\/02\/210-010907.jpg","type":"image\/jpeg"}],"twitter_card":"summary_large_image","schema":{"@context":"https:\/\/schema.org","@graph":[{"@type":"WebPage","@id":"https:\/\/anadolupet.com.tr\/urun\/beaphar-top-10-kedi-multivitamin-tableti-180-adet\/","url":"https:\/\/anadolupet.com.tr\/urun\/beaphar-top-10-kedi-multivitamin-tableti-180-adet\/","name":"Beaphar Top 10 Kedi Multivitamin Tableti - 180 ADET - Anadolu Pet Grup","isPartOf":{"@id":"https:\/\/anadolupet.com.tr\/#website"},"primaryImageOfPage":{"@id":"https:\/\/anadolupet.com.tr\/urun\/beaphar-top-10-kedi-multivitamin-tableti-180-adet\/#primaryimage"},"image":{"@id":"https:\/\/anadolupet.com.tr\/urun\/beaphar-top-10-kedi-multivitamin-tableti-180-adet\/#primaryimage"},"thumbnailUrl":"https:\/\/anadolupet.com.tr\/wp-content\/uploads\/2026\/02\/210-010907.jpg","datePublished":"2026-02-14T14:39:21+00:00","dateModified":"2026-02-23T12:47:50+00:00","breadcrumb":{"@id":"https:\/\/anadolupet.com.tr\/urun\/beaphar-top-10-kedi-multivitamin-tableti-180-adet\/#breadcrumb"},"inLanguage":"en-US","potentialAction":[{"@type":"ReadAction","target":["https:\/\/anadolupet.com.tr\/urun\/beaphar-top-10-kedi-multivitamin-tableti-180-adet\/"]}]},{"@type":"ImageObject","inLanguage":"en-US","@id":"https:\/\/anadolupet.com.tr\/urun\/beaphar-top-10-kedi-multivitamin-tableti-180-adet\/#primaryimage","url":"https:\/\/anadolupet.com.tr\/wp-content\/uploads\/2026\/02\/210-010907.jpg","contentUrl":"https:\/\/anadolupet.com.tr\/wp-content\/uploads\/2026\/02\/210-010907.jpg","width":750,"height":750},{"@type":"BreadcrumbList","@id":"https:\/\/anadolupet.com.tr\/urun\/beaphar-top-10-kedi-multivitamin-tableti-180-adet\/#breadcrumb","itemListElement":[{"@type":"ListItem","position":1,"name":"Anasayfa","item":"https:\/\/anadolupet.com.tr\/"},{"@type":"ListItem","position":2,"name":"\u00dcr\u00fcnler","item":"https:\/\/anadolupet.com.tr\/urunler\/"},{"@type":"ListItem","position":3,"name":"Beaphar Top 10 Kedi Multivitamin Tableti &#8211; 180 ADET"}]},{"@type":"WebSite","@id":"https:\/\/anadolupet.com.tr\/#website","url":"https:\/\/anadolupet.com.tr\/","name":"Anadolu Pet Group","description":"We Stand Together for the Well-Being of Every Life","publisher":{"@id":"https:\/\/anadolupet.com.tr\/#organization"},"potentialAction":[{"@type":"SearchAction","target":{"@type":"EntryPoint","urlTemplate":"https:\/\/anadolupet.com.tr\/?s={search_term_string}"},"query-input":{"@type":"PropertyValueSpecification","valueRequired":true,"valueName":"search_term_string"}}],"inLanguage":"en-US"},{"@type":"Organization","@id":"https:\/\/anadolupet.com.tr\/#organization","name":"Anadolu Pet Group","alternateName":"Anadolu Pet","url":"https:\/\/anadolupet.com.tr\/","logo":{"@type":"ImageObject","inLanguage":"en-US","@id":"https:\/\/anadolupet.com.tr\/#\/schema\/logo\/image\/","url":"https:\/\/anadolupet.com.tr\/wp-content\/uploads\/2026\/03\/1614666743370.jpg","contentUrl":"https:\/\/anadolupet.com.tr\/wp-content\/uploads\/2026\/03\/1614666743370.jpg","width":800,"height":571,"caption":"Anadolu Pet Grup"},"image":{"@id":"https:\/\/anadolupet.com.tr\/#\/schema\/logo\/image\/"}}]}},"_links":{"self":[{"href":"https:\/\/anadolupet.com.tr\/en\/wp-json\/wp\/v2\/product\/44678","targetHints":{"allow":["GET"]}}],"collection":[{"href":"https:\/\/anadolupet.com.tr\/en\/wp-json\/wp\/v2\/product"}],"about":[{"href":"https:\/\/anadolupet.com.tr\/en\/wp-json\/wp\/v2\/types\/product"}],"replies":[{"embeddable":true,"href":"https:\/\/anadolupet.com.tr\/en\/wp-json\/wp\/v2\/comments?post=44678"}],"wp:featuredmedia":[{"embeddable":true,"href":"https:\/\/anadolupet.com.tr\/en\/wp-json\/wp\/v2\/media\/42884"}],"wp:attachment":[{"href":"https:\/\/anadolupet.com.tr\/en\/wp-json\/wp\/v2\/media?parent=44678"}],"wp:term":[{"taxonomy":"product_brand","embeddable":true,"href":"https:\/\/anadolupet.com.tr\/en\/wp-json\/wp\/v2\/product_brand?post=44678"},{"taxonomy":"product_cat","embeddable":true,"href":"https:\/\/anadolupet.com.tr\/en\/wp-json\/wp\/v2\/product_cat?post=44678"},{"taxonomy":"product_tag","embeddable":true,"href":"https:\/\/anadolupet.com.tr\/en\/wp-json\/wp\/v2\/product_tag?post=44678"}],"curies":[{"name":"wp","href":"https:\/\/api.w.org\/{rel}","templated":true}]}}