{"id":44679,"date":"2026-02-14T14:39:21","date_gmt":"2026-02-14T14:39:21","guid":{"rendered":"https:\/\/anadolupet.com.tr\/urun\/beaphar-yutulabilir-agiz-bakim-suyu-kedi-ve-kopek-250ml\/"},"modified":"2026-02-23T12:47:50","modified_gmt":"2026-02-23T12:47:50","slug":"beaphar-yutulabilir-agiz-bakim-suyu-kedi-ve-kopek-250ml","status":"publish","type":"product","link":"https:\/\/anadolupet.com.tr\/en\/urun\/beaphar-yutulabilir-agiz-bakim-suyu-kedi-ve-kopek-250ml\/","title":{"rendered":"Beaphar Yutulabilir A\u011f\u0131z Bak\u0131m Suyu &#8211; Kedi ve K\u00f6pek &#8211; 250ML"},"content":{"rendered":"","protected":false},"excerpt":{"rendered":"<p>K\u00f6pekler ve kediler i\u00e7in; enzimler sayesinde etkisi ile f\u0131r\u00e7a kullanmadan plak ve tartar olu\u015fumunu \u00f6nleyen, di\u015f temizli\u011fini ve a\u011f\u0131z sa\u011fl\u0131\u011f\u0131n\u0131 koruyan, a\u011f\u0131z kokusunu gideren, a\u011f\u0131z bak\u0131m suyu.<br \/>\n* A\u011f\u0131zda biriken di\u015f ta\u015flar\u0131 giderilmedi\u011fi taktirde di\u015f eti hastal\u0131klar\u0131na, di\u015f \u00e7\u00fcr\u00fcmelerine ve di\u015f kay\u0131plar\u0131na sebep olabilir<br \/>\n* Yayg\u0131n di\u015f eti problemleri ve a\u011f\u0131z kokusuna sebep olan k\u00f6t\u00fc bakterilerle sava\u015f\u0131r ve enzimler etkisi ile problemi ortadan kald\u0131r\u0131r<br \/>\n* Di\u015f plaklar\u0131n\u0131n y\u00fczeye yap\u0131\u015fma yetene\u011fini etkiler; sabit tartar\u0131 yumu\u015fat\u0131r<br \/>\n* Do\u011fal kaynakl\u0131 mineraller i\u00e7eren \u00fcr\u00fcn yapay renklendirici i\u00e7ermez<br \/>\n* 6 ay ile \u00fczeri yavru kedi ve k\u00f6pekler i\u00e7in kullan\u0131labilir<br \/>\n\u00dcr\u00fcn\u00fcn \u0130\u00e7eri\u011fi;<br \/>\n* Su, gliserin, Peg-35, hint ya\u011f\u0131, mentol, potasyum sorbat, \u00e7inko laktat, fosforik asit, propilen glikol, alkol, klorheksidin diglukonat, ekinezya purpurea, proteaz, kalsiyum klorid, sodyum klorid<br \/>\nKullan\u0131m Talimat\u0131;<br \/>\n* G\u00fcnl\u00fck olarak \u00f6nerilen miktarda i\u00e7me suyu i\u00e7erisine kat\u0131larak kullan\u0131lmas\u0131 tavsiye edilir<br \/>\n* Kapa\u011f\u0131 \u00f6l\u00e7eklidir, 1 litre i\u00e7me suyuna 10 ml hesab\u0131 ile kullan\u0131lmas\u0131 tavsiye edilir<br \/>\n* Suyun her de\u011fi\u015fiminde eklenebilir<br \/>\n* 24 saatte bir su de\u011fi\u015ftirilebilir<br \/>\nUyar\u0131lar;<br \/>\n* Direk g\u00fcne\u015f \u0131\u015f\u0131\u011f\u0131ndan koruyunuz<br \/>\n* A\u011fz\u0131 kapal\u0131 olarak, \u00e7ocuklardan uzak bir yerde muhafaza ediniz<br \/>\n* Direk olarak vermeyiniz, su ile seyreltilerek verilmelidir<br \/>\n* Sadece hayvan kullan\u0131m\u0131 i\u00e7indir<\/p>","protected":false},"featured_media":42892,"comment_status":"open","ping_status":"closed","template":"","meta":{"_acf_changed":false},"product_brand":[],"product_cat":[2464],"product_tag":[],"class_list":{"0":"post-44679","1":"product","2":"type-product","3":"status-publish","4":"has-post-thumbnail","6":"product_cat-yetiskin-kopek-mamalari","8":"first","9":"instock","10":"shipping-taxable","11":"product-type-simple"},"acf":[],"yoast_head":"<!-- This site is optimized with the Yoast SEO plugin v27.4 - https:\/\/yoast.com\/product\/yoast-seo-wordpress\/ -->\n<title>Beaphar Yutulabilir A\u011f\u0131z Bak\u0131m Suyu - Kedi ve K\u00f6pek - 250ML - Anadolu Pet Grup<\/title>\n<meta name=\"robots\" content=\"index, follow, max-snippet:-1, max-image-preview:large, max-video-preview:-1\" \/>\n<link rel=\"canonical\" href=\"https:\/\/anadolupet.com.tr\/en\/product\/beaphar-yutulabilir-agiz-bakim-suyu-kedi-ve-kopek-250ml\/\" \/>\n<meta property=\"og:locale\" content=\"en_US\" \/>\n<meta property=\"og:type\" content=\"article\" \/>\n<meta property=\"og:title\" content=\"Beaphar Yutulabilir A\u011f\u0131z Bak\u0131m Suyu - Kedi ve K\u00f6pek - 250ML - Anadolu Pet Grup\" \/>\n<meta property=\"og:description\" content=\"K\u00f6pekler ve kediler i\u00e7in; enzimler sayesinde etkisi ile f\u0131r\u00e7a kullanmadan plak ve tartar olu\u015fumunu \u00f6nleyen, di\u015f temizli\u011fini ve a\u011f\u0131z sa\u011fl\u0131\u011f\u0131n\u0131 koruyan, a\u011f\u0131z kokusunu gideren, a\u011f\u0131z bak\u0131m suyu. * A\u011f\u0131zda biriken di\u015f ta\u015flar\u0131 giderilmedi\u011fi taktirde di\u015f eti hastal\u0131klar\u0131na, di\u015f \u00e7\u00fcr\u00fcmelerine ve di\u015f kay\u0131plar\u0131na sebep olabilir * Yayg\u0131n di\u015f eti problemleri ve a\u011f\u0131z kokusuna sebep olan k\u00f6t\u00fc bakterilerle sava\u015f\u0131r ve enzimler etkisi ile problemi ortadan kald\u0131r\u0131r * Di\u015f plaklar\u0131n\u0131n y\u00fczeye yap\u0131\u015fma yetene\u011fini etkiler; sabit tartar\u0131 yumu\u015fat\u0131r * Do\u011fal kaynakl\u0131 mineraller i\u00e7eren \u00fcr\u00fcn yapay renklendirici i\u00e7ermez * 6 ay ile \u00fczeri yavru kedi ve k\u00f6pekler i\u00e7in kullan\u0131labilir \u00dcr\u00fcn\u00fcn \u0130\u00e7eri\u011fi; * Su, gliserin, Peg-35, hint ya\u011f\u0131, mentol, potasyum sorbat, \u00e7inko laktat, fosforik asit, propilen glikol, alkol, klorheksidin diglukonat, ekinezya purpurea, proteaz, kalsiyum klorid, sodyum klorid Kullan\u0131m Talimat\u0131; * G\u00fcnl\u00fck olarak \u00f6nerilen miktarda i\u00e7me suyu i\u00e7erisine kat\u0131larak kullan\u0131lmas\u0131 tavsiye edilir * Kapa\u011f\u0131 \u00f6l\u00e7eklidir, 1 litre i\u00e7me suyuna 10 ml hesab\u0131 ile kullan\u0131lmas\u0131 tavsiye edilir * Suyun her de\u011fi\u015fiminde eklenebilir * 24 saatte bir su de\u011fi\u015ftirilebilir Uyar\u0131lar; * Direk g\u00fcne\u015f \u0131\u015f\u0131\u011f\u0131ndan koruyunuz * A\u011fz\u0131 kapal\u0131 olarak, \u00e7ocuklardan uzak bir yerde muhafaza ediniz * Direk olarak vermeyiniz, su ile seyreltilerek verilmelidir * Sadece hayvan kullan\u0131m\u0131 i\u00e7indir\" \/>\n<meta property=\"og:url\" content=\"https:\/\/anadolupet.com.tr\/en\/product\/beaphar-yutulabilir-agiz-bakim-suyu-kedi-ve-kopek-250ml\/\" \/>\n<meta property=\"og:site_name\" content=\"Anadolu Pet Grup\" \/>\n<meta property=\"article:modified_time\" content=\"2026-02-23T12:47:50+00:00\" \/>\n<meta property=\"og:image\" content=\"https:\/\/anadolupet.com.tr\/wp-content\/uploads\/2026\/02\/210-017321.jpg\" \/>\n\t<meta property=\"og:image:width\" content=\"750\" \/>\n\t<meta property=\"og:image:height\" content=\"750\" \/>\n\t<meta property=\"og:image:type\" content=\"image\/jpeg\" \/>\n<meta name=\"twitter:card\" content=\"summary_large_image\" \/>\n<script type=\"application\/ld+json\" class=\"yoast-schema-graph\">{\"@context\":\"https:\\\/\\\/schema.org\",\"@graph\":[{\"@type\":\"WebPage\",\"@id\":\"https:\\\/\\\/anadolupet.com.tr\\\/urun\\\/beaphar-yutulabilir-agiz-bakim-suyu-kedi-ve-kopek-250ml\\\/\",\"url\":\"https:\\\/\\\/anadolupet.com.tr\\\/urun\\\/beaphar-yutulabilir-agiz-bakim-suyu-kedi-ve-kopek-250ml\\\/\",\"name\":\"Beaphar Yutulabilir A\u011f\u0131z Bak\u0131m Suyu - Kedi ve K\u00f6pek - 250ML - Anadolu Pet Grup\",\"isPartOf\":{\"@id\":\"https:\\\/\\\/anadolupet.com.tr\\\/#website\"},\"primaryImageOfPage\":{\"@id\":\"https:\\\/\\\/anadolupet.com.tr\\\/urun\\\/beaphar-yutulabilir-agiz-bakim-suyu-kedi-ve-kopek-250ml\\\/#primaryimage\"},\"image\":{\"@id\":\"https:\\\/\\\/anadolupet.com.tr\\\/urun\\\/beaphar-yutulabilir-agiz-bakim-suyu-kedi-ve-kopek-250ml\\\/#primaryimage\"},\"thumbnailUrl\":\"https:\\\/\\\/anadolupet.com.tr\\\/wp-content\\\/uploads\\\/2026\\\/02\\\/210-017321.jpg\",\"datePublished\":\"2026-02-14T14:39:21+00:00\",\"dateModified\":\"2026-02-23T12:47:50+00:00\",\"breadcrumb\":{\"@id\":\"https:\\\/\\\/anadolupet.com.tr\\\/urun\\\/beaphar-yutulabilir-agiz-bakim-suyu-kedi-ve-kopek-250ml\\\/#breadcrumb\"},\"inLanguage\":\"en-US\",\"potentialAction\":[{\"@type\":\"ReadAction\",\"target\":[\"https:\\\/\\\/anadolupet.com.tr\\\/urun\\\/beaphar-yutulabilir-agiz-bakim-suyu-kedi-ve-kopek-250ml\\\/\"]}]},{\"@type\":\"ImageObject\",\"inLanguage\":\"en-US\",\"@id\":\"https:\\\/\\\/anadolupet.com.tr\\\/urun\\\/beaphar-yutulabilir-agiz-bakim-suyu-kedi-ve-kopek-250ml\\\/#primaryimage\",\"url\":\"https:\\\/\\\/anadolupet.com.tr\\\/wp-content\\\/uploads\\\/2026\\\/02\\\/210-017321.jpg\",\"contentUrl\":\"https:\\\/\\\/anadolupet.com.tr\\\/wp-content\\\/uploads\\\/2026\\\/02\\\/210-017321.jpg\",\"width\":750,\"height\":750},{\"@type\":\"BreadcrumbList\",\"@id\":\"https:\\\/\\\/anadolupet.com.tr\\\/urun\\\/beaphar-yutulabilir-agiz-bakim-suyu-kedi-ve-kopek-250ml\\\/#breadcrumb\",\"itemListElement\":[{\"@type\":\"ListItem\",\"position\":1,\"name\":\"Anasayfa\",\"item\":\"https:\\\/\\\/anadolupet.com.tr\\\/\"},{\"@type\":\"ListItem\",\"position\":2,\"name\":\"\u00dcr\u00fcnler\",\"item\":\"https:\\\/\\\/anadolupet.com.tr\\\/urunler\\\/\"},{\"@type\":\"ListItem\",\"position\":3,\"name\":\"Beaphar Yutulabilir A\u011f\u0131z Bak\u0131m Suyu &#8211; Kedi ve K\u00f6pek &#8211; 250ML\"}]},{\"@type\":\"WebSite\",\"@id\":\"https:\\\/\\\/anadolupet.com.tr\\\/#website\",\"url\":\"https:\\\/\\\/anadolupet.com.tr\\\/\",\"name\":\"Anadolu Pet Grup\",\"description\":\"Her Can\u0131n \u0130yi Ya\u015fam\u0131 \u0130\u00e7in Biraraday\u0131z\",\"publisher\":{\"@id\":\"https:\\\/\\\/anadolupet.com.tr\\\/#organization\"},\"potentialAction\":[{\"@type\":\"SearchAction\",\"target\":{\"@type\":\"EntryPoint\",\"urlTemplate\":\"https:\\\/\\\/anadolupet.com.tr\\\/?s={search_term_string}\"},\"query-input\":{\"@type\":\"PropertyValueSpecification\",\"valueRequired\":true,\"valueName\":\"search_term_string\"}}],\"inLanguage\":\"en-US\"},{\"@type\":\"Organization\",\"@id\":\"https:\\\/\\\/anadolupet.com.tr\\\/#organization\",\"name\":\"Anadolu Pet Grup\",\"alternateName\":\"Anadolu Pet\",\"url\":\"https:\\\/\\\/anadolupet.com.tr\\\/\",\"logo\":{\"@type\":\"ImageObject\",\"inLanguage\":\"en-US\",\"@id\":\"https:\\\/\\\/anadolupet.com.tr\\\/#\\\/schema\\\/logo\\\/image\\\/\",\"url\":\"https:\\\/\\\/anadolupet.com.tr\\\/wp-content\\\/uploads\\\/2026\\\/03\\\/1614666743370.jpg\",\"contentUrl\":\"https:\\\/\\\/anadolupet.com.tr\\\/wp-content\\\/uploads\\\/2026\\\/03\\\/1614666743370.jpg\",\"width\":800,\"height\":571,\"caption\":\"Anadolu Pet Grup\"},\"image\":{\"@id\":\"https:\\\/\\\/anadolupet.com.tr\\\/#\\\/schema\\\/logo\\\/image\\\/\"}}]}<\/script>\n<!-- \/ Yoast SEO plugin. -->","yoast_head_json":{"title":"Beaphar Yutulabilir A\u011f\u0131z Bak\u0131m Suyu - Kedi ve K\u00f6pek - 250ML - Anadolu Pet Grup","robots":{"index":"index","follow":"follow","max-snippet":"max-snippet:-1","max-image-preview":"max-image-preview:large","max-video-preview":"max-video-preview:-1"},"canonical":"https:\/\/anadolupet.com.tr\/en\/product\/beaphar-yutulabilir-agiz-bakim-suyu-kedi-ve-kopek-250ml\/","og_locale":"en_US","og_type":"article","og_title":"Beaphar Yutulabilir A\u011f\u0131z Bak\u0131m Suyu - Kedi ve K\u00f6pek - 250ML - Anadolu Pet Grup","og_description":"K\u00f6pekler ve kediler i\u00e7in; enzimler sayesinde etkisi ile f\u0131r\u00e7a kullanmadan plak ve tartar olu\u015fumunu \u00f6nleyen, di\u015f temizli\u011fini ve a\u011f\u0131z sa\u011fl\u0131\u011f\u0131n\u0131 koruyan, a\u011f\u0131z kokusunu gideren, a\u011f\u0131z bak\u0131m suyu. * A\u011f\u0131zda biriken di\u015f ta\u015flar\u0131 giderilmedi\u011fi taktirde di\u015f eti hastal\u0131klar\u0131na, di\u015f \u00e7\u00fcr\u00fcmelerine ve di\u015f kay\u0131plar\u0131na sebep olabilir * Yayg\u0131n di\u015f eti problemleri ve a\u011f\u0131z kokusuna sebep olan k\u00f6t\u00fc bakterilerle sava\u015f\u0131r ve enzimler etkisi ile problemi ortadan kald\u0131r\u0131r * Di\u015f plaklar\u0131n\u0131n y\u00fczeye yap\u0131\u015fma yetene\u011fini etkiler; sabit tartar\u0131 yumu\u015fat\u0131r * Do\u011fal kaynakl\u0131 mineraller i\u00e7eren \u00fcr\u00fcn yapay renklendirici i\u00e7ermez * 6 ay ile \u00fczeri yavru kedi ve k\u00f6pekler i\u00e7in kullan\u0131labilir \u00dcr\u00fcn\u00fcn \u0130\u00e7eri\u011fi; * Su, gliserin, Peg-35, hint ya\u011f\u0131, mentol, potasyum sorbat, \u00e7inko laktat, fosforik asit, propilen glikol, alkol, klorheksidin diglukonat, ekinezya purpurea, proteaz, kalsiyum klorid, sodyum klorid Kullan\u0131m Talimat\u0131; * G\u00fcnl\u00fck olarak \u00f6nerilen miktarda i\u00e7me suyu i\u00e7erisine kat\u0131larak kullan\u0131lmas\u0131 tavsiye edilir * Kapa\u011f\u0131 \u00f6l\u00e7eklidir, 1 litre i\u00e7me suyuna 10 ml hesab\u0131 ile kullan\u0131lmas\u0131 tavsiye edilir * Suyun her de\u011fi\u015fiminde eklenebilir * 24 saatte bir su de\u011fi\u015ftirilebilir Uyar\u0131lar; * Direk g\u00fcne\u015f \u0131\u015f\u0131\u011f\u0131ndan koruyunuz * A\u011fz\u0131 kapal\u0131 olarak, \u00e7ocuklardan uzak bir yerde muhafaza ediniz * Direk olarak vermeyiniz, su ile seyreltilerek verilmelidir * Sadece hayvan kullan\u0131m\u0131 i\u00e7indir","og_url":"https:\/\/anadolupet.com.tr\/en\/product\/beaphar-yutulabilir-agiz-bakim-suyu-kedi-ve-kopek-250ml\/","og_site_name":"Anadolu Pet Grup","article_modified_time":"2026-02-23T12:47:50+00:00","og_image":[{"width":750,"height":750,"url":"https:\/\/anadolupet.com.tr\/wp-content\/uploads\/2026\/02\/210-017321.jpg","type":"image\/jpeg"}],"twitter_card":"summary_large_image","schema":{"@context":"https:\/\/schema.org","@graph":[{"@type":"WebPage","@id":"https:\/\/anadolupet.com.tr\/urun\/beaphar-yutulabilir-agiz-bakim-suyu-kedi-ve-kopek-250ml\/","url":"https:\/\/anadolupet.com.tr\/urun\/beaphar-yutulabilir-agiz-bakim-suyu-kedi-ve-kopek-250ml\/","name":"Beaphar Yutulabilir A\u011f\u0131z Bak\u0131m Suyu - Kedi ve K\u00f6pek - 250ML - Anadolu Pet Grup","isPartOf":{"@id":"https:\/\/anadolupet.com.tr\/#website"},"primaryImageOfPage":{"@id":"https:\/\/anadolupet.com.tr\/urun\/beaphar-yutulabilir-agiz-bakim-suyu-kedi-ve-kopek-250ml\/#primaryimage"},"image":{"@id":"https:\/\/anadolupet.com.tr\/urun\/beaphar-yutulabilir-agiz-bakim-suyu-kedi-ve-kopek-250ml\/#primaryimage"},"thumbnailUrl":"https:\/\/anadolupet.com.tr\/wp-content\/uploads\/2026\/02\/210-017321.jpg","datePublished":"2026-02-14T14:39:21+00:00","dateModified":"2026-02-23T12:47:50+00:00","breadcrumb":{"@id":"https:\/\/anadolupet.com.tr\/urun\/beaphar-yutulabilir-agiz-bakim-suyu-kedi-ve-kopek-250ml\/#breadcrumb"},"inLanguage":"en-US","potentialAction":[{"@type":"ReadAction","target":["https:\/\/anadolupet.com.tr\/urun\/beaphar-yutulabilir-agiz-bakim-suyu-kedi-ve-kopek-250ml\/"]}]},{"@type":"ImageObject","inLanguage":"en-US","@id":"https:\/\/anadolupet.com.tr\/urun\/beaphar-yutulabilir-agiz-bakim-suyu-kedi-ve-kopek-250ml\/#primaryimage","url":"https:\/\/anadolupet.com.tr\/wp-content\/uploads\/2026\/02\/210-017321.jpg","contentUrl":"https:\/\/anadolupet.com.tr\/wp-content\/uploads\/2026\/02\/210-017321.jpg","width":750,"height":750},{"@type":"BreadcrumbList","@id":"https:\/\/anadolupet.com.tr\/urun\/beaphar-yutulabilir-agiz-bakim-suyu-kedi-ve-kopek-250ml\/#breadcrumb","itemListElement":[{"@type":"ListItem","position":1,"name":"Anasayfa","item":"https:\/\/anadolupet.com.tr\/"},{"@type":"ListItem","position":2,"name":"\u00dcr\u00fcnler","item":"https:\/\/anadolupet.com.tr\/urunler\/"},{"@type":"ListItem","position":3,"name":"Beaphar Yutulabilir A\u011f\u0131z Bak\u0131m Suyu &#8211; Kedi ve K\u00f6pek &#8211; 250ML"}]},{"@type":"WebSite","@id":"https:\/\/anadolupet.com.tr\/#website","url":"https:\/\/anadolupet.com.tr\/","name":"Anadolu Pet Group","description":"We Stand Together for the Well-Being of Every Life","publisher":{"@id":"https:\/\/anadolupet.com.tr\/#organization"},"potentialAction":[{"@type":"SearchAction","target":{"@type":"EntryPoint","urlTemplate":"https:\/\/anadolupet.com.tr\/?s={search_term_string}"},"query-input":{"@type":"PropertyValueSpecification","valueRequired":true,"valueName":"search_term_string"}}],"inLanguage":"en-US"},{"@type":"Organization","@id":"https:\/\/anadolupet.com.tr\/#organization","name":"Anadolu Pet Group","alternateName":"Anadolu Pet","url":"https:\/\/anadolupet.com.tr\/","logo":{"@type":"ImageObject","inLanguage":"en-US","@id":"https:\/\/anadolupet.com.tr\/#\/schema\/logo\/image\/","url":"https:\/\/anadolupet.com.tr\/wp-content\/uploads\/2026\/03\/1614666743370.jpg","contentUrl":"https:\/\/anadolupet.com.tr\/wp-content\/uploads\/2026\/03\/1614666743370.jpg","width":800,"height":571,"caption":"Anadolu Pet Grup"},"image":{"@id":"https:\/\/anadolupet.com.tr\/#\/schema\/logo\/image\/"}}]}},"_links":{"self":[{"href":"https:\/\/anadolupet.com.tr\/en\/wp-json\/wp\/v2\/product\/44679","targetHints":{"allow":["GET"]}}],"collection":[{"href":"https:\/\/anadolupet.com.tr\/en\/wp-json\/wp\/v2\/product"}],"about":[{"href":"https:\/\/anadolupet.com.tr\/en\/wp-json\/wp\/v2\/types\/product"}],"replies":[{"embeddable":true,"href":"https:\/\/anadolupet.com.tr\/en\/wp-json\/wp\/v2\/comments?post=44679"}],"wp:featuredmedia":[{"embeddable":true,"href":"https:\/\/anadolupet.com.tr\/en\/wp-json\/wp\/v2\/media\/42892"}],"wp:attachment":[{"href":"https:\/\/anadolupet.com.tr\/en\/wp-json\/wp\/v2\/media?parent=44679"}],"wp:term":[{"taxonomy":"product_brand","embeddable":true,"href":"https:\/\/anadolupet.com.tr\/en\/wp-json\/wp\/v2\/product_brand?post=44679"},{"taxonomy":"product_cat","embeddable":true,"href":"https:\/\/anadolupet.com.tr\/en\/wp-json\/wp\/v2\/product_cat?post=44679"},{"taxonomy":"product_tag","embeddable":true,"href":"https:\/\/anadolupet.com.tr\/en\/wp-json\/wp\/v2\/product_tag?post=44679"}],"curies":[{"name":"wp","href":"https:\/\/api.w.org\/{rel}","templated":true}]}}