{"id":44706,"date":"2026-02-14T14:39:26","date_gmt":"2026-02-14T14:39:26","guid":{"rendered":"https:\/\/anadolupet.com.tr\/?post_type=product&#038;p=44706"},"modified":"2026-02-23T12:47:52","modified_gmt":"2026-02-23T12:47:52","slug":"eheim-akis-kontrol-seti","status":"publish","type":"product","link":"https:\/\/anadolupet.com.tr\/en\/urun\/eheim-akis-kontrol-seti\/","title":{"rendered":"EHEIM Flow Control Kit"},"content":{"rendered":"","protected":false},"excerpt":{"rendered":"<p>Do\u011fal ya\u015fam ortamlar\u0131nda bal\u0131klar ve di\u011fer akvaryum canl\u0131lar\u0131, nehirlerde veya mercan resiflerinde oldu\u011fu gibi de\u011fi\u015fken su ak\u0131nt\u0131lar\u0131na ihtiya\u00e7 duyar. EHEIM streamcontrol, akvaryumunuzda bu do\u011fal ak\u0131nt\u0131 ko\u015fullar\u0131n\u0131 taklit etmenizi sa\u011flar. Sirk\u00fclasyon ve ak\u0131nt\u0131 pompalar\u0131n\u0131n fi\u015flerini cihazla birlikte verilen \u00e7ift priz adapt\u00f6r\u00fcne takman\u0131z yeterlidir. Ard\u0131ndan cihaz\u0131 a\u00e7arak ak\u0131\u015f aral\u0131klar\u0131n\u0131 kolayca ayarlayabilirsiniz.<\/p>\n<p>\u0130ki farkl\u0131 program sunar:<\/p>\n<p>Alternatif ak\u0131\u015f modu \u2013 pompalar s\u0131rayla a\u00e7\u0131l\u0131p kapan\u0131r.<\/p>\n<p>Senkron ak\u0131\u015f modu \u2013 pompalar ayn\u0131 anda a\u00e7\u0131l\u0131p kapan\u0131r.<\/p>\n<p>Besleme s\u0131ras\u0131nda ise Food tu\u015fu ile ak\u0131nt\u0131y\u0131 10 dakika boyunca durdurabilirsiniz. Sonras\u0131nda program otomatik olarak devam eder veya tu\u015fa tekrar basarak ak\u0131\u015f\u0131 yeniden ba\u015flatabilirsiniz.<\/p>\n<p>Avantajlar ve \u00d6zellikler<br \/>\nAkvaryum pompalar\u0131 i\u00e7in kontrol \u00fcnitesi<\/p>\n<p>Sirk\u00fclasyon ve ak\u0131nt\u0131 pompalar\u0131yla uyumlu<\/p>\n<p>\u00c7ift priz adapt\u00f6r\u00fc (pakete dahil)<\/p>\n<p>\u0130ki veya daha fazla pompa ba\u011flanabilir<\/p>\n<p>Maksimum y\u00fck: priz ba\u015f\u0131na 100 W<\/p>\n<p>2 program se\u00e7ene\u011fi:<\/p>\n<p>Alternatif ak\u0131\u015f (pompalar s\u0131rayla \u00e7al\u0131\u015f\u0131r)<\/p>\n<p>Senkron ak\u0131\u015f (pompalar ayn\u0131 anda \u00e7al\u0131\u015f\u0131r)<\/p>\n<p>1\u201360 dakika aras\u0131nda ayarlanabilir zaman aral\u0131klar\u0131<\/p>\n<p>Program s\u00fcresiz olarak \u00e7al\u0131\u015f\u0131r<\/p>\n<p>Food tu\u015fu ile besleme s\u0131ras\u0131nda ak\u0131nt\u0131y\u0131 10 dakika durdurma<\/p>\n<p>Tatl\u0131 su ve deniz akvaryumlar\u0131na uygun<\/p>\n<p>3 y\u0131l garanti \u2013 y\u00fcksek g\u00fcvenlik ve g\u00fcvenilirlik<\/p>","protected":false},"featured_media":42396,"comment_status":"open","ping_status":"closed","template":"","meta":{"_acf_changed":false},"product_brand":[],"product_cat":[2393],"product_tag":[],"class_list":{"0":"post-44706","1":"product","2":"type-product","3":"status-publish","4":"has-post-thumbnail","6":"product_cat-kafa-pompalari","8":"first","9":"instock","10":"shipping-taxable","11":"product-type-simple"},"acf":[],"yoast_head":"<!-- This site is optimized with the Yoast SEO plugin v27.5 - https:\/\/yoast.com\/product\/yoast-seo-wordpress\/ -->\n<title>EHEIM Ak\u0131\u015f Kontrol Seti - Anadolu Pet Grup<\/title>\n<meta name=\"robots\" content=\"index, follow, max-snippet:-1, max-image-preview:large, max-video-preview:-1\" \/>\n<link rel=\"canonical\" href=\"https:\/\/anadolupet.com.tr\/en\/product\/eheim-akis-kontrol-seti\/\" \/>\n<meta property=\"og:locale\" content=\"en_US\" \/>\n<meta property=\"og:type\" content=\"article\" \/>\n<meta property=\"og:title\" content=\"EHEIM Ak\u0131\u015f Kontrol Seti - Anadolu Pet Grup\" \/>\n<meta property=\"og:description\" content=\"Do\u011fal ya\u015fam ortamlar\u0131nda bal\u0131klar ve di\u011fer akvaryum canl\u0131lar\u0131, nehirlerde veya mercan resiflerinde oldu\u011fu gibi de\u011fi\u015fken su ak\u0131nt\u0131lar\u0131na ihtiya\u00e7 duyar. EHEIM streamcontrol, akvaryumunuzda bu do\u011fal ak\u0131nt\u0131 ko\u015fullar\u0131n\u0131 taklit etmenizi sa\u011flar. Sirk\u00fclasyon ve ak\u0131nt\u0131 pompalar\u0131n\u0131n fi\u015flerini cihazla birlikte verilen \u00e7ift priz adapt\u00f6r\u00fcne takman\u0131z yeterlidir. Ard\u0131ndan cihaz\u0131 a\u00e7arak ak\u0131\u015f aral\u0131klar\u0131n\u0131 kolayca ayarlayabilirsiniz. \u0130ki farkl\u0131 program sunar: Alternatif ak\u0131\u015f modu \u2013 pompalar s\u0131rayla a\u00e7\u0131l\u0131p kapan\u0131r. Senkron ak\u0131\u015f modu \u2013 pompalar ayn\u0131 anda a\u00e7\u0131l\u0131p kapan\u0131r. Besleme s\u0131ras\u0131nda ise Food tu\u015fu ile ak\u0131nt\u0131y\u0131 10 dakika boyunca durdurabilirsiniz. Sonras\u0131nda program otomatik olarak devam eder veya tu\u015fa tekrar basarak ak\u0131\u015f\u0131 yeniden ba\u015flatabilirsiniz. Avantajlar ve \u00d6zellikler Akvaryum pompalar\u0131 i\u00e7in kontrol \u00fcnitesi Sirk\u00fclasyon ve ak\u0131nt\u0131 pompalar\u0131yla uyumlu \u00c7ift priz adapt\u00f6r\u00fc (pakete dahil) \u0130ki veya daha fazla pompa ba\u011flanabilir Maksimum y\u00fck: priz ba\u015f\u0131na 100 W 2 program se\u00e7ene\u011fi: Alternatif ak\u0131\u015f (pompalar s\u0131rayla \u00e7al\u0131\u015f\u0131r) Senkron ak\u0131\u015f (pompalar ayn\u0131 anda \u00e7al\u0131\u015f\u0131r) 1\u201360 dakika aras\u0131nda ayarlanabilir zaman aral\u0131klar\u0131 Program s\u00fcresiz olarak \u00e7al\u0131\u015f\u0131r Food tu\u015fu ile besleme s\u0131ras\u0131nda ak\u0131nt\u0131y\u0131 10 dakika durdurma Tatl\u0131 su ve deniz akvaryumlar\u0131na uygun 3 y\u0131l garanti \u2013 y\u00fcksek g\u00fcvenlik ve g\u00fcvenilirlik\" \/>\n<meta property=\"og:url\" content=\"https:\/\/anadolupet.com.tr\/en\/product\/eheim-akis-kontrol-seti\/\" \/>\n<meta property=\"og:site_name\" content=\"Anadolu Pet Grup\" \/>\n<meta property=\"article:modified_time\" content=\"2026-02-23T12:47:52+00:00\" \/>\n<meta property=\"og:image\" content=\"https:\/\/anadolupet.com.tr\/wp-content\/uploads\/2026\/02\/105-3500210.jpg\" \/>\n\t<meta property=\"og:image:width\" content=\"750\" \/>\n\t<meta property=\"og:image:height\" content=\"750\" \/>\n\t<meta property=\"og:image:type\" content=\"image\/jpeg\" \/>\n<meta name=\"twitter:card\" content=\"summary_large_image\" \/>\n<script type=\"application\/ld+json\" class=\"yoast-schema-graph\">{\"@context\":\"https:\\\/\\\/schema.org\",\"@graph\":[{\"@type\":\"WebPage\",\"@id\":\"https:\\\/\\\/anadolupet.com.tr\\\/urun\\\/eheim-akis-kontrol-seti\\\/\",\"url\":\"https:\\\/\\\/anadolupet.com.tr\\\/urun\\\/eheim-akis-kontrol-seti\\\/\",\"name\":\"EHEIM Ak\u0131\u015f Kontrol Seti - Anadolu Pet Grup\",\"isPartOf\":{\"@id\":\"https:\\\/\\\/anadolupet.com.tr\\\/#website\"},\"primaryImageOfPage\":{\"@id\":\"https:\\\/\\\/anadolupet.com.tr\\\/urun\\\/eheim-akis-kontrol-seti\\\/#primaryimage\"},\"image\":{\"@id\":\"https:\\\/\\\/anadolupet.com.tr\\\/urun\\\/eheim-akis-kontrol-seti\\\/#primaryimage\"},\"thumbnailUrl\":\"https:\\\/\\\/anadolupet.com.tr\\\/wp-content\\\/uploads\\\/2026\\\/02\\\/105-3500210.jpg\",\"datePublished\":\"2026-02-14T14:39:26+00:00\",\"dateModified\":\"2026-02-23T12:47:52+00:00\",\"breadcrumb\":{\"@id\":\"https:\\\/\\\/anadolupet.com.tr\\\/urun\\\/eheim-akis-kontrol-seti\\\/#breadcrumb\"},\"inLanguage\":\"en-US\",\"potentialAction\":[{\"@type\":\"ReadAction\",\"target\":[\"https:\\\/\\\/anadolupet.com.tr\\\/urun\\\/eheim-akis-kontrol-seti\\\/\"]}]},{\"@type\":\"ImageObject\",\"inLanguage\":\"en-US\",\"@id\":\"https:\\\/\\\/anadolupet.com.tr\\\/urun\\\/eheim-akis-kontrol-seti\\\/#primaryimage\",\"url\":\"https:\\\/\\\/anadolupet.com.tr\\\/wp-content\\\/uploads\\\/2026\\\/02\\\/105-3500210.jpg\",\"contentUrl\":\"https:\\\/\\\/anadolupet.com.tr\\\/wp-content\\\/uploads\\\/2026\\\/02\\\/105-3500210.jpg\",\"width\":750,\"height\":750},{\"@type\":\"BreadcrumbList\",\"@id\":\"https:\\\/\\\/anadolupet.com.tr\\\/urun\\\/eheim-akis-kontrol-seti\\\/#breadcrumb\",\"itemListElement\":[{\"@type\":\"ListItem\",\"position\":1,\"name\":\"Anasayfa\",\"item\":\"https:\\\/\\\/anadolupet.com.tr\\\/\"},{\"@type\":\"ListItem\",\"position\":2,\"name\":\"\u00dcr\u00fcnler\",\"item\":\"https:\\\/\\\/anadolupet.com.tr\\\/urunler\\\/\"},{\"@type\":\"ListItem\",\"position\":3,\"name\":\"EHEIM Ak\u0131\u015f Kontrol Seti\"}]},{\"@type\":\"WebSite\",\"@id\":\"https:\\\/\\\/anadolupet.com.tr\\\/#website\",\"url\":\"https:\\\/\\\/anadolupet.com.tr\\\/\",\"name\":\"Anadolu Pet Grup\",\"description\":\"Her Can\u0131n \u0130yi Ya\u015fam\u0131 \u0130\u00e7in Biraraday\u0131z\",\"publisher\":{\"@id\":\"https:\\\/\\\/anadolupet.com.tr\\\/#organization\"},\"potentialAction\":[{\"@type\":\"SearchAction\",\"target\":{\"@type\":\"EntryPoint\",\"urlTemplate\":\"https:\\\/\\\/anadolupet.com.tr\\\/?s={search_term_string}\"},\"query-input\":{\"@type\":\"PropertyValueSpecification\",\"valueRequired\":true,\"valueName\":\"search_term_string\"}}],\"inLanguage\":\"en-US\"},{\"@type\":\"Organization\",\"@id\":\"https:\\\/\\\/anadolupet.com.tr\\\/#organization\",\"name\":\"Anadolu Pet Grup\",\"alternateName\":\"Anadolu Pet\",\"url\":\"https:\\\/\\\/anadolupet.com.tr\\\/\",\"logo\":{\"@type\":\"ImageObject\",\"inLanguage\":\"en-US\",\"@id\":\"https:\\\/\\\/anadolupet.com.tr\\\/#\\\/schema\\\/logo\\\/image\\\/\",\"url\":\"https:\\\/\\\/anadolupet.com.tr\\\/wp-content\\\/uploads\\\/2026\\\/03\\\/1614666743370.jpg\",\"contentUrl\":\"https:\\\/\\\/anadolupet.com.tr\\\/wp-content\\\/uploads\\\/2026\\\/03\\\/1614666743370.jpg\",\"width\":800,\"height\":571,\"caption\":\"Anadolu Pet Grup\"},\"image\":{\"@id\":\"https:\\\/\\\/anadolupet.com.tr\\\/#\\\/schema\\\/logo\\\/image\\\/\"}}]}<\/script>\n<!-- \/ Yoast SEO plugin. -->","yoast_head_json":{"title":"EHEIM Ak\u0131\u015f Kontrol Seti - Anadolu Pet Grup","robots":{"index":"index","follow":"follow","max-snippet":"max-snippet:-1","max-image-preview":"max-image-preview:large","max-video-preview":"max-video-preview:-1"},"canonical":"https:\/\/anadolupet.com.tr\/en\/product\/eheim-akis-kontrol-seti\/","og_locale":"en_US","og_type":"article","og_title":"EHEIM Ak\u0131\u015f Kontrol Seti - Anadolu Pet Grup","og_description":"Do\u011fal ya\u015fam ortamlar\u0131nda bal\u0131klar ve di\u011fer akvaryum canl\u0131lar\u0131, nehirlerde veya mercan resiflerinde oldu\u011fu gibi de\u011fi\u015fken su ak\u0131nt\u0131lar\u0131na ihtiya\u00e7 duyar. EHEIM streamcontrol, akvaryumunuzda bu do\u011fal ak\u0131nt\u0131 ko\u015fullar\u0131n\u0131 taklit etmenizi sa\u011flar. Sirk\u00fclasyon ve ak\u0131nt\u0131 pompalar\u0131n\u0131n fi\u015flerini cihazla birlikte verilen \u00e7ift priz adapt\u00f6r\u00fcne takman\u0131z yeterlidir. Ard\u0131ndan cihaz\u0131 a\u00e7arak ak\u0131\u015f aral\u0131klar\u0131n\u0131 kolayca ayarlayabilirsiniz. \u0130ki farkl\u0131 program sunar: Alternatif ak\u0131\u015f modu \u2013 pompalar s\u0131rayla a\u00e7\u0131l\u0131p kapan\u0131r. Senkron ak\u0131\u015f modu \u2013 pompalar ayn\u0131 anda a\u00e7\u0131l\u0131p kapan\u0131r. Besleme s\u0131ras\u0131nda ise Food tu\u015fu ile ak\u0131nt\u0131y\u0131 10 dakika boyunca durdurabilirsiniz. Sonras\u0131nda program otomatik olarak devam eder veya tu\u015fa tekrar basarak ak\u0131\u015f\u0131 yeniden ba\u015flatabilirsiniz. Avantajlar ve \u00d6zellikler Akvaryum pompalar\u0131 i\u00e7in kontrol \u00fcnitesi Sirk\u00fclasyon ve ak\u0131nt\u0131 pompalar\u0131yla uyumlu \u00c7ift priz adapt\u00f6r\u00fc (pakete dahil) \u0130ki veya daha fazla pompa ba\u011flanabilir Maksimum y\u00fck: priz ba\u015f\u0131na 100 W 2 program se\u00e7ene\u011fi: Alternatif ak\u0131\u015f (pompalar s\u0131rayla \u00e7al\u0131\u015f\u0131r) Senkron ak\u0131\u015f (pompalar ayn\u0131 anda \u00e7al\u0131\u015f\u0131r) 1\u201360 dakika aras\u0131nda ayarlanabilir zaman aral\u0131klar\u0131 Program s\u00fcresiz olarak \u00e7al\u0131\u015f\u0131r Food tu\u015fu ile besleme s\u0131ras\u0131nda ak\u0131nt\u0131y\u0131 10 dakika durdurma Tatl\u0131 su ve deniz akvaryumlar\u0131na uygun 3 y\u0131l garanti \u2013 y\u00fcksek g\u00fcvenlik ve g\u00fcvenilirlik","og_url":"https:\/\/anadolupet.com.tr\/en\/product\/eheim-akis-kontrol-seti\/","og_site_name":"Anadolu Pet Grup","article_modified_time":"2026-02-23T12:47:52+00:00","og_image":[{"width":750,"height":750,"url":"https:\/\/anadolupet.com.tr\/wp-content\/uploads\/2026\/02\/105-3500210.jpg","type":"image\/jpeg"}],"twitter_card":"summary_large_image","schema":{"@context":"https:\/\/schema.org","@graph":[{"@type":"WebPage","@id":"https:\/\/anadolupet.com.tr\/urun\/eheim-akis-kontrol-seti\/","url":"https:\/\/anadolupet.com.tr\/urun\/eheim-akis-kontrol-seti\/","name":"EHEIM Ak\u0131\u015f Kontrol Seti - Anadolu Pet Grup","isPartOf":{"@id":"https:\/\/anadolupet.com.tr\/#website"},"primaryImageOfPage":{"@id":"https:\/\/anadolupet.com.tr\/urun\/eheim-akis-kontrol-seti\/#primaryimage"},"image":{"@id":"https:\/\/anadolupet.com.tr\/urun\/eheim-akis-kontrol-seti\/#primaryimage"},"thumbnailUrl":"https:\/\/anadolupet.com.tr\/wp-content\/uploads\/2026\/02\/105-3500210.jpg","datePublished":"2026-02-14T14:39:26+00:00","dateModified":"2026-02-23T12:47:52+00:00","breadcrumb":{"@id":"https:\/\/anadolupet.com.tr\/urun\/eheim-akis-kontrol-seti\/#breadcrumb"},"inLanguage":"en-US","potentialAction":[{"@type":"ReadAction","target":["https:\/\/anadolupet.com.tr\/urun\/eheim-akis-kontrol-seti\/"]}]},{"@type":"ImageObject","inLanguage":"en-US","@id":"https:\/\/anadolupet.com.tr\/urun\/eheim-akis-kontrol-seti\/#primaryimage","url":"https:\/\/anadolupet.com.tr\/wp-content\/uploads\/2026\/02\/105-3500210.jpg","contentUrl":"https:\/\/anadolupet.com.tr\/wp-content\/uploads\/2026\/02\/105-3500210.jpg","width":750,"height":750},{"@type":"BreadcrumbList","@id":"https:\/\/anadolupet.com.tr\/urun\/eheim-akis-kontrol-seti\/#breadcrumb","itemListElement":[{"@type":"ListItem","position":1,"name":"Anasayfa","item":"https:\/\/anadolupet.com.tr\/"},{"@type":"ListItem","position":2,"name":"\u00dcr\u00fcnler","item":"https:\/\/anadolupet.com.tr\/urunler\/"},{"@type":"ListItem","position":3,"name":"EHEIM Ak\u0131\u015f Kontrol Seti"}]},{"@type":"WebSite","@id":"https:\/\/anadolupet.com.tr\/#website","url":"https:\/\/anadolupet.com.tr\/","name":"Anadolu Pet Group","description":"We Stand Together for the Well-Being of Every Life","publisher":{"@id":"https:\/\/anadolupet.com.tr\/#organization"},"potentialAction":[{"@type":"SearchAction","target":{"@type":"EntryPoint","urlTemplate":"https:\/\/anadolupet.com.tr\/?s={search_term_string}"},"query-input":{"@type":"PropertyValueSpecification","valueRequired":true,"valueName":"search_term_string"}}],"inLanguage":"en-US"},{"@type":"Organization","@id":"https:\/\/anadolupet.com.tr\/#organization","name":"Anadolu Pet Group","alternateName":"Anadolu Pet","url":"https:\/\/anadolupet.com.tr\/","logo":{"@type":"ImageObject","inLanguage":"en-US","@id":"https:\/\/anadolupet.com.tr\/#\/schema\/logo\/image\/","url":"https:\/\/anadolupet.com.tr\/wp-content\/uploads\/2026\/03\/1614666743370.jpg","contentUrl":"https:\/\/anadolupet.com.tr\/wp-content\/uploads\/2026\/03\/1614666743370.jpg","width":800,"height":571,"caption":"Anadolu Pet Grup"},"image":{"@id":"https:\/\/anadolupet.com.tr\/#\/schema\/logo\/image\/"}}]}},"_links":{"self":[{"href":"https:\/\/anadolupet.com.tr\/en\/wp-json\/wp\/v2\/product\/44706","targetHints":{"allow":["GET"]}}],"collection":[{"href":"https:\/\/anadolupet.com.tr\/en\/wp-json\/wp\/v2\/product"}],"about":[{"href":"https:\/\/anadolupet.com.tr\/en\/wp-json\/wp\/v2\/types\/product"}],"replies":[{"embeddable":true,"href":"https:\/\/anadolupet.com.tr\/en\/wp-json\/wp\/v2\/comments?post=44706"}],"wp:featuredmedia":[{"embeddable":true,"href":"https:\/\/anadolupet.com.tr\/en\/wp-json\/wp\/v2\/media\/42396"}],"wp:attachment":[{"href":"https:\/\/anadolupet.com.tr\/en\/wp-json\/wp\/v2\/media?parent=44706"}],"wp:term":[{"taxonomy":"product_brand","embeddable":true,"href":"https:\/\/anadolupet.com.tr\/en\/wp-json\/wp\/v2\/product_brand?post=44706"},{"taxonomy":"product_cat","embeddable":true,"href":"https:\/\/anadolupet.com.tr\/en\/wp-json\/wp\/v2\/product_cat?post=44706"},{"taxonomy":"product_tag","embeddable":true,"href":"https:\/\/anadolupet.com.tr\/en\/wp-json\/wp\/v2\/product_tag?post=44706"}],"curies":[{"name":"wp","href":"https:\/\/api.w.org\/{rel}","templated":true}]}}