{"id":44712,"date":"2026-02-14T14:39:27","date_gmt":"2026-02-14T14:39:27","guid":{"rendered":"https:\/\/anadolupet.com.tr\/urun\/econature-yetiskin-kuru-kedi-mamasi-adult-cat-kuzu-etli-15kg\/"},"modified":"2026-02-23T12:47:53","modified_gmt":"2026-02-23T12:47:53","slug":"econature-yetiskin-kuru-kedi-mamasi-adult-cat-kuzu-etli-15kg","status":"publish","type":"product","link":"https:\/\/anadolupet.com.tr\/en\/urun\/econature-yetiskin-kuru-kedi-mamasi-adult-cat-kuzu-etli-15kg\/","title":{"rendered":"Econature Yeti\u015fkin Kuru Kedi Mamas\u0131 (Adult Cat) Kuzu Etli 15KG"},"content":{"rendered":"","protected":false},"excerpt":{"rendered":"<p>Econature Yeti\u015fkin Kuru Kedi Mamas\u0131 Kuzu Etli 15 KG, yeti\u015fkin kedilerin t\u00fcm besin ihtiya\u00e7lar\u0131n\u0131 kar\u015f\u0131lamak \u00fczere \u00f6zenle form\u00fcle edilmi\u015f premium bir mamad\u0131r. Kuzu proteini, y\u00fcksek kaliteli hayvansal protein kayna\u011f\u0131 olarak kas geli\u015fimini destekler ve lezzetli bir beslenme sunar. Sindirimi kolay yap\u0131s\u0131, hassas mideye sahip kediler i\u00e7in idealdir.<br \/>\nDengeli vitamin ve mineral i\u00e7eri\u011fi, kedilerin ba\u011f\u0131\u015f\u0131kl\u0131k sistemini g\u00fc\u00e7lendirir ve genel sa\u011fl\u0131\u011f\u0131n korunmas\u0131na yard\u0131mc\u0131 olur. Omega-3 ve omega-6 ya\u011f asitleri ile desteklenen form\u00fcl\u00fc, t\u00fcylerin parlak ve g\u00fc\u00e7l\u00fc olmas\u0131n\u0131 sa\u011flar. Do\u011fal lifler sindirim sisteminin sa\u011fl\u0131kl\u0131 \u00e7al\u0131\u015fmas\u0131na katk\u0131da bulunur ve daha d\u00fczenli d\u0131\u015fk\u0131 olu\u015fmas\u0131n\u0131 sa\u011flar.<br \/>\nEconature Yeti\u015fkin Kuzu Etli 15 KG, lezzeti, y\u00fcksek besin de\u011feri ve dengeli i\u00e7eri\u011fi ile yeti\u015fkin kediler i\u00e7in g\u00fcvenilir ve uzun vadeli bir beslenme \u00e7\u00f6z\u00fcm\u00fc sunar. G\u00fcnl\u00fck kullan\u0131m i\u00e7in ideal premium mamad\u0131r.<\/p>","protected":false},"featured_media":43586,"comment_status":"open","ping_status":"closed","template":"","meta":{"_acf_changed":false},"product_brand":[],"product_cat":[2442],"product_tag":[],"class_list":{"0":"post-44712","1":"product","2":"type-product","3":"status-publish","4":"has-post-thumbnail","6":"product_cat-yetiskin-kedi-mamalari","8":"first","9":"instock","10":"shipping-taxable","11":"product-type-simple"},"acf":[],"yoast_head":"<!-- This site is optimized with the Yoast SEO plugin v27.5 - https:\/\/yoast.com\/product\/yoast-seo-wordpress\/ -->\n<title>Econature Yeti\u015fkin Kuru Kedi Mamas\u0131 (Adult Cat) Kuzu Etli 15KG - Anadolu Pet Grup<\/title>\n<meta name=\"robots\" content=\"index, follow, max-snippet:-1, max-image-preview:large, max-video-preview:-1\" \/>\n<link rel=\"canonical\" href=\"https:\/\/anadolupet.com.tr\/en\/product\/econature-yetiskin-kuru-kedi-mamasi-adult-cat-kuzu-etli-15kg\/\" \/>\n<meta property=\"og:locale\" content=\"en_US\" \/>\n<meta property=\"og:type\" content=\"article\" \/>\n<meta property=\"og:title\" content=\"Econature Yeti\u015fkin Kuru Kedi Mamas\u0131 (Adult Cat) Kuzu Etli 15KG - Anadolu Pet Grup\" \/>\n<meta property=\"og:description\" content=\"Econature Yeti\u015fkin Kuru Kedi Mamas\u0131 Kuzu Etli 15 KG, yeti\u015fkin kedilerin t\u00fcm besin ihtiya\u00e7lar\u0131n\u0131 kar\u015f\u0131lamak \u00fczere \u00f6zenle form\u00fcle edilmi\u015f premium bir mamad\u0131r. Kuzu proteini, y\u00fcksek kaliteli hayvansal protein kayna\u011f\u0131 olarak kas geli\u015fimini destekler ve lezzetli bir beslenme sunar. Sindirimi kolay yap\u0131s\u0131, hassas mideye sahip kediler i\u00e7in idealdir. Dengeli vitamin ve mineral i\u00e7eri\u011fi, kedilerin ba\u011f\u0131\u015f\u0131kl\u0131k sistemini g\u00fc\u00e7lendirir ve genel sa\u011fl\u0131\u011f\u0131n korunmas\u0131na yard\u0131mc\u0131 olur. Omega-3 ve omega-6 ya\u011f asitleri ile desteklenen form\u00fcl\u00fc, t\u00fcylerin parlak ve g\u00fc\u00e7l\u00fc olmas\u0131n\u0131 sa\u011flar. Do\u011fal lifler sindirim sisteminin sa\u011fl\u0131kl\u0131 \u00e7al\u0131\u015fmas\u0131na katk\u0131da bulunur ve daha d\u00fczenli d\u0131\u015fk\u0131 olu\u015fmas\u0131n\u0131 sa\u011flar. Econature Yeti\u015fkin Kuzu Etli 15 KG, lezzeti, y\u00fcksek besin de\u011feri ve dengeli i\u00e7eri\u011fi ile yeti\u015fkin kediler i\u00e7in g\u00fcvenilir ve uzun vadeli bir beslenme \u00e7\u00f6z\u00fcm\u00fc sunar. G\u00fcnl\u00fck kullan\u0131m i\u00e7in ideal premium mamad\u0131r.\" \/>\n<meta property=\"og:url\" content=\"https:\/\/anadolupet.com.tr\/en\/product\/econature-yetiskin-kuru-kedi-mamasi-adult-cat-kuzu-etli-15kg\/\" \/>\n<meta property=\"og:site_name\" content=\"Anadolu Pet Grup\" \/>\n<meta property=\"article:modified_time\" content=\"2026-02-23T12:47:53+00:00\" \/>\n<meta property=\"og:image\" content=\"https:\/\/anadolupet.com.tr\/wp-content\/uploads\/2026\/02\/283-100002.jpg\" \/>\n\t<meta property=\"og:image:width\" content=\"750\" \/>\n\t<meta property=\"og:image:height\" content=\"750\" \/>\n\t<meta property=\"og:image:type\" content=\"image\/jpeg\" \/>\n<meta name=\"twitter:card\" content=\"summary_large_image\" \/>\n<script type=\"application\/ld+json\" class=\"yoast-schema-graph\">{\"@context\":\"https:\\\/\\\/schema.org\",\"@graph\":[{\"@type\":\"WebPage\",\"@id\":\"https:\\\/\\\/anadolupet.com.tr\\\/urun\\\/econature-yetiskin-kuru-kedi-mamasi-adult-cat-kuzu-etli-15kg\\\/\",\"url\":\"https:\\\/\\\/anadolupet.com.tr\\\/urun\\\/econature-yetiskin-kuru-kedi-mamasi-adult-cat-kuzu-etli-15kg\\\/\",\"name\":\"Econature Yeti\u015fkin Kuru Kedi Mamas\u0131 (Adult Cat) Kuzu Etli 15KG - Anadolu Pet Grup\",\"isPartOf\":{\"@id\":\"https:\\\/\\\/anadolupet.com.tr\\\/#website\"},\"primaryImageOfPage\":{\"@id\":\"https:\\\/\\\/anadolupet.com.tr\\\/urun\\\/econature-yetiskin-kuru-kedi-mamasi-adult-cat-kuzu-etli-15kg\\\/#primaryimage\"},\"image\":{\"@id\":\"https:\\\/\\\/anadolupet.com.tr\\\/urun\\\/econature-yetiskin-kuru-kedi-mamasi-adult-cat-kuzu-etli-15kg\\\/#primaryimage\"},\"thumbnailUrl\":\"https:\\\/\\\/anadolupet.com.tr\\\/wp-content\\\/uploads\\\/2026\\\/02\\\/283-100002.jpg\",\"datePublished\":\"2026-02-14T14:39:27+00:00\",\"dateModified\":\"2026-02-23T12:47:53+00:00\",\"breadcrumb\":{\"@id\":\"https:\\\/\\\/anadolupet.com.tr\\\/urun\\\/econature-yetiskin-kuru-kedi-mamasi-adult-cat-kuzu-etli-15kg\\\/#breadcrumb\"},\"inLanguage\":\"en-US\",\"potentialAction\":[{\"@type\":\"ReadAction\",\"target\":[\"https:\\\/\\\/anadolupet.com.tr\\\/urun\\\/econature-yetiskin-kuru-kedi-mamasi-adult-cat-kuzu-etli-15kg\\\/\"]}]},{\"@type\":\"ImageObject\",\"inLanguage\":\"en-US\",\"@id\":\"https:\\\/\\\/anadolupet.com.tr\\\/urun\\\/econature-yetiskin-kuru-kedi-mamasi-adult-cat-kuzu-etli-15kg\\\/#primaryimage\",\"url\":\"https:\\\/\\\/anadolupet.com.tr\\\/wp-content\\\/uploads\\\/2026\\\/02\\\/283-100002.jpg\",\"contentUrl\":\"https:\\\/\\\/anadolupet.com.tr\\\/wp-content\\\/uploads\\\/2026\\\/02\\\/283-100002.jpg\",\"width\":750,\"height\":750},{\"@type\":\"BreadcrumbList\",\"@id\":\"https:\\\/\\\/anadolupet.com.tr\\\/urun\\\/econature-yetiskin-kuru-kedi-mamasi-adult-cat-kuzu-etli-15kg\\\/#breadcrumb\",\"itemListElement\":[{\"@type\":\"ListItem\",\"position\":1,\"name\":\"Anasayfa\",\"item\":\"https:\\\/\\\/anadolupet.com.tr\\\/\"},{\"@type\":\"ListItem\",\"position\":2,\"name\":\"\u00dcr\u00fcnler\",\"item\":\"https:\\\/\\\/anadolupet.com.tr\\\/urunler\\\/\"},{\"@type\":\"ListItem\",\"position\":3,\"name\":\"Econature Yeti\u015fkin Kuru Kedi Mamas\u0131 (Adult Cat) Kuzu Etli 15KG\"}]},{\"@type\":\"WebSite\",\"@id\":\"https:\\\/\\\/anadolupet.com.tr\\\/#website\",\"url\":\"https:\\\/\\\/anadolupet.com.tr\\\/\",\"name\":\"Anadolu Pet Grup\",\"description\":\"Her Can\u0131n \u0130yi Ya\u015fam\u0131 \u0130\u00e7in Biraraday\u0131z\",\"publisher\":{\"@id\":\"https:\\\/\\\/anadolupet.com.tr\\\/#organization\"},\"potentialAction\":[{\"@type\":\"SearchAction\",\"target\":{\"@type\":\"EntryPoint\",\"urlTemplate\":\"https:\\\/\\\/anadolupet.com.tr\\\/?s={search_term_string}\"},\"query-input\":{\"@type\":\"PropertyValueSpecification\",\"valueRequired\":true,\"valueName\":\"search_term_string\"}}],\"inLanguage\":\"en-US\"},{\"@type\":\"Organization\",\"@id\":\"https:\\\/\\\/anadolupet.com.tr\\\/#organization\",\"name\":\"Anadolu Pet Grup\",\"alternateName\":\"Anadolu Pet\",\"url\":\"https:\\\/\\\/anadolupet.com.tr\\\/\",\"logo\":{\"@type\":\"ImageObject\",\"inLanguage\":\"en-US\",\"@id\":\"https:\\\/\\\/anadolupet.com.tr\\\/#\\\/schema\\\/logo\\\/image\\\/\",\"url\":\"https:\\\/\\\/anadolupet.com.tr\\\/wp-content\\\/uploads\\\/2026\\\/03\\\/1614666743370.jpg\",\"contentUrl\":\"https:\\\/\\\/anadolupet.com.tr\\\/wp-content\\\/uploads\\\/2026\\\/03\\\/1614666743370.jpg\",\"width\":800,\"height\":571,\"caption\":\"Anadolu Pet Grup\"},\"image\":{\"@id\":\"https:\\\/\\\/anadolupet.com.tr\\\/#\\\/schema\\\/logo\\\/image\\\/\"}}]}<\/script>\n<!-- \/ Yoast SEO plugin. -->","yoast_head_json":{"title":"Econature Yeti\u015fkin Kuru Kedi Mamas\u0131 (Adult Cat) Kuzu Etli 15KG - Anadolu Pet Grup","robots":{"index":"index","follow":"follow","max-snippet":"max-snippet:-1","max-image-preview":"max-image-preview:large","max-video-preview":"max-video-preview:-1"},"canonical":"https:\/\/anadolupet.com.tr\/en\/product\/econature-yetiskin-kuru-kedi-mamasi-adult-cat-kuzu-etli-15kg\/","og_locale":"en_US","og_type":"article","og_title":"Econature Yeti\u015fkin Kuru Kedi Mamas\u0131 (Adult Cat) Kuzu Etli 15KG - Anadolu Pet Grup","og_description":"Econature Yeti\u015fkin Kuru Kedi Mamas\u0131 Kuzu Etli 15 KG, yeti\u015fkin kedilerin t\u00fcm besin ihtiya\u00e7lar\u0131n\u0131 kar\u015f\u0131lamak \u00fczere \u00f6zenle form\u00fcle edilmi\u015f premium bir mamad\u0131r. Kuzu proteini, y\u00fcksek kaliteli hayvansal protein kayna\u011f\u0131 olarak kas geli\u015fimini destekler ve lezzetli bir beslenme sunar. Sindirimi kolay yap\u0131s\u0131, hassas mideye sahip kediler i\u00e7in idealdir. Dengeli vitamin ve mineral i\u00e7eri\u011fi, kedilerin ba\u011f\u0131\u015f\u0131kl\u0131k sistemini g\u00fc\u00e7lendirir ve genel sa\u011fl\u0131\u011f\u0131n korunmas\u0131na yard\u0131mc\u0131 olur. Omega-3 ve omega-6 ya\u011f asitleri ile desteklenen form\u00fcl\u00fc, t\u00fcylerin parlak ve g\u00fc\u00e7l\u00fc olmas\u0131n\u0131 sa\u011flar. Do\u011fal lifler sindirim sisteminin sa\u011fl\u0131kl\u0131 \u00e7al\u0131\u015fmas\u0131na katk\u0131da bulunur ve daha d\u00fczenli d\u0131\u015fk\u0131 olu\u015fmas\u0131n\u0131 sa\u011flar. Econature Yeti\u015fkin Kuzu Etli 15 KG, lezzeti, y\u00fcksek besin de\u011feri ve dengeli i\u00e7eri\u011fi ile yeti\u015fkin kediler i\u00e7in g\u00fcvenilir ve uzun vadeli bir beslenme \u00e7\u00f6z\u00fcm\u00fc sunar. G\u00fcnl\u00fck kullan\u0131m i\u00e7in ideal premium mamad\u0131r.","og_url":"https:\/\/anadolupet.com.tr\/en\/product\/econature-yetiskin-kuru-kedi-mamasi-adult-cat-kuzu-etli-15kg\/","og_site_name":"Anadolu Pet Grup","article_modified_time":"2026-02-23T12:47:53+00:00","og_image":[{"width":750,"height":750,"url":"https:\/\/anadolupet.com.tr\/wp-content\/uploads\/2026\/02\/283-100002.jpg","type":"image\/jpeg"}],"twitter_card":"summary_large_image","schema":{"@context":"https:\/\/schema.org","@graph":[{"@type":"WebPage","@id":"https:\/\/anadolupet.com.tr\/urun\/econature-yetiskin-kuru-kedi-mamasi-adult-cat-kuzu-etli-15kg\/","url":"https:\/\/anadolupet.com.tr\/urun\/econature-yetiskin-kuru-kedi-mamasi-adult-cat-kuzu-etli-15kg\/","name":"Econature Yeti\u015fkin Kuru Kedi Mamas\u0131 (Adult Cat) Kuzu Etli 15KG - Anadolu Pet Grup","isPartOf":{"@id":"https:\/\/anadolupet.com.tr\/#website"},"primaryImageOfPage":{"@id":"https:\/\/anadolupet.com.tr\/urun\/econature-yetiskin-kuru-kedi-mamasi-adult-cat-kuzu-etli-15kg\/#primaryimage"},"image":{"@id":"https:\/\/anadolupet.com.tr\/urun\/econature-yetiskin-kuru-kedi-mamasi-adult-cat-kuzu-etli-15kg\/#primaryimage"},"thumbnailUrl":"https:\/\/anadolupet.com.tr\/wp-content\/uploads\/2026\/02\/283-100002.jpg","datePublished":"2026-02-14T14:39:27+00:00","dateModified":"2026-02-23T12:47:53+00:00","breadcrumb":{"@id":"https:\/\/anadolupet.com.tr\/urun\/econature-yetiskin-kuru-kedi-mamasi-adult-cat-kuzu-etli-15kg\/#breadcrumb"},"inLanguage":"en-US","potentialAction":[{"@type":"ReadAction","target":["https:\/\/anadolupet.com.tr\/urun\/econature-yetiskin-kuru-kedi-mamasi-adult-cat-kuzu-etli-15kg\/"]}]},{"@type":"ImageObject","inLanguage":"en-US","@id":"https:\/\/anadolupet.com.tr\/urun\/econature-yetiskin-kuru-kedi-mamasi-adult-cat-kuzu-etli-15kg\/#primaryimage","url":"https:\/\/anadolupet.com.tr\/wp-content\/uploads\/2026\/02\/283-100002.jpg","contentUrl":"https:\/\/anadolupet.com.tr\/wp-content\/uploads\/2026\/02\/283-100002.jpg","width":750,"height":750},{"@type":"BreadcrumbList","@id":"https:\/\/anadolupet.com.tr\/urun\/econature-yetiskin-kuru-kedi-mamasi-adult-cat-kuzu-etli-15kg\/#breadcrumb","itemListElement":[{"@type":"ListItem","position":1,"name":"Anasayfa","item":"https:\/\/anadolupet.com.tr\/"},{"@type":"ListItem","position":2,"name":"\u00dcr\u00fcnler","item":"https:\/\/anadolupet.com.tr\/urunler\/"},{"@type":"ListItem","position":3,"name":"Econature Yeti\u015fkin Kuru Kedi Mamas\u0131 (Adult Cat) Kuzu Etli 15KG"}]},{"@type":"WebSite","@id":"https:\/\/anadolupet.com.tr\/#website","url":"https:\/\/anadolupet.com.tr\/","name":"Anadolu Pet Group","description":"We Stand Together for the Well-Being of Every Life","publisher":{"@id":"https:\/\/anadolupet.com.tr\/#organization"},"potentialAction":[{"@type":"SearchAction","target":{"@type":"EntryPoint","urlTemplate":"https:\/\/anadolupet.com.tr\/?s={search_term_string}"},"query-input":{"@type":"PropertyValueSpecification","valueRequired":true,"valueName":"search_term_string"}}],"inLanguage":"en-US"},{"@type":"Organization","@id":"https:\/\/anadolupet.com.tr\/#organization","name":"Anadolu Pet Group","alternateName":"Anadolu Pet","url":"https:\/\/anadolupet.com.tr\/","logo":{"@type":"ImageObject","inLanguage":"en-US","@id":"https:\/\/anadolupet.com.tr\/#\/schema\/logo\/image\/","url":"https:\/\/anadolupet.com.tr\/wp-content\/uploads\/2026\/03\/1614666743370.jpg","contentUrl":"https:\/\/anadolupet.com.tr\/wp-content\/uploads\/2026\/03\/1614666743370.jpg","width":800,"height":571,"caption":"Anadolu Pet Grup"},"image":{"@id":"https:\/\/anadolupet.com.tr\/#\/schema\/logo\/image\/"}}]}},"_links":{"self":[{"href":"https:\/\/anadolupet.com.tr\/en\/wp-json\/wp\/v2\/product\/44712","targetHints":{"allow":["GET"]}}],"collection":[{"href":"https:\/\/anadolupet.com.tr\/en\/wp-json\/wp\/v2\/product"}],"about":[{"href":"https:\/\/anadolupet.com.tr\/en\/wp-json\/wp\/v2\/types\/product"}],"replies":[{"embeddable":true,"href":"https:\/\/anadolupet.com.tr\/en\/wp-json\/wp\/v2\/comments?post=44712"}],"wp:featuredmedia":[{"embeddable":true,"href":"https:\/\/anadolupet.com.tr\/en\/wp-json\/wp\/v2\/media\/43586"}],"wp:attachment":[{"href":"https:\/\/anadolupet.com.tr\/en\/wp-json\/wp\/v2\/media?parent=44712"}],"wp:term":[{"taxonomy":"product_brand","embeddable":true,"href":"https:\/\/anadolupet.com.tr\/en\/wp-json\/wp\/v2\/product_brand?post=44712"},{"taxonomy":"product_cat","embeddable":true,"href":"https:\/\/anadolupet.com.tr\/en\/wp-json\/wp\/v2\/product_cat?post=44712"},{"taxonomy":"product_tag","embeddable":true,"href":"https:\/\/anadolupet.com.tr\/en\/wp-json\/wp\/v2\/product_tag?post=44712"}],"curies":[{"name":"wp","href":"https:\/\/api.w.org\/{rel}","templated":true}]}}