{"id":44716,"date":"2026-02-14T14:39:28","date_gmt":"2026-02-14T14:39:28","guid":{"rendered":"https:\/\/anadolupet.com.tr\/urun\/econature-yetiskin-yas-kopek-mamasi-adult-dog-ezme-somonlu-400gr-2\/"},"modified":"2026-02-23T12:47:53","modified_gmt":"2026-02-23T12:47:53","slug":"econature-yetiskin-yas-kopek-mamasi-adult-dog-ezme-somonlu-400gr-2","status":"publish","type":"product","link":"https:\/\/anadolupet.com.tr\/en\/urun\/econature-yetiskin-yas-kopek-mamasi-adult-dog-ezme-somonlu-400gr-2\/","title":{"rendered":"Econature Yeti\u015fkin Ya\u015f K\u00f6pek Mamas\u0131 (Adult Dog) Ezme Somonlu 400GR"},"content":{"rendered":"","protected":false},"excerpt":{"rendered":"<p>Econature somon etli k\u00f6pek konservesi; \u0130\u00e7eri\u011finde bulunan vitamin ve mineraller sayesinde b\u00fcy\u00fcme \u00e7a\u011f\u0131nda olan k\u00f6pe\u011finizin ba\u011f\u0131\u015f\u0131kl\u0131\u011f\u0131n\u0131n ve kemiklerinin g\u00fc\u00e7lenmesine destek vermektedir. Ya\u015f mama; bal\u0131k ve bal\u0131k \u00fcr\u00fcnleri sayesinde y\u00fcksek lezzet oran\u0131na sahiptir. K\u00f6pek konservesi; k\u00f6pe\u011finizin su al\u0131m\u0131n\u0131 artt\u0131rmaya yard\u0131mc\u0131 olmaktad\u0131r. Ya\u015f mamalar\u0131n aromas\u0131 yeme konusunda se\u00e7ici davranan yavru k\u00f6pe\u011finizin ilgisini \u00e7ekmeye yard\u0131mc\u0131 olmaktad\u0131r.<br \/>\n\u0130\u00e7erik<br \/>\nEt ve et \u00fcr\u00fcnleri, bal\u0131k ve bal\u0131k \u00fcr\u00fcnleri (somon eti min %4), bitkisel \u00fcr\u00fcnler, mineraller ve vitamin katk\u0131lar\u0131<br \/>\nAnaliz<br \/>\nProtein % 7, Ya\u011f \u0130\u00e7eri\u011fi % 3, Ham K\u00fcl % 3, Ham Sel\u00fcloz % 0.4, Nem % 82<\/p>","protected":false},"featured_media":43608,"comment_status":"open","ping_status":"closed","template":"","meta":{"_acf_changed":false},"product_brand":[],"product_cat":[2450],"product_tag":[],"class_list":{"0":"post-44716","1":"product","2":"type-product","3":"status-publish","4":"has-post-thumbnail","6":"product_cat-kopek-konserveleri","8":"first","9":"instock","10":"shipping-taxable","11":"product-type-simple"},"acf":[],"yoast_head":"<!-- This site is optimized with the Yoast SEO plugin v27.5 - https:\/\/yoast.com\/product\/yoast-seo-wordpress\/ -->\n<title>Econature Yeti\u015fkin Ya\u015f K\u00f6pek Mamas\u0131 (Adult Dog) Ezme Somonlu 400GR - Anadolu Pet Grup<\/title>\n<meta name=\"robots\" content=\"index, follow, max-snippet:-1, max-image-preview:large, max-video-preview:-1\" \/>\n<link rel=\"canonical\" href=\"https:\/\/anadolupet.com.tr\/en\/product\/econature-yetiskin-yas-kopek-mamasi-adult-dog-ezme-somonlu-400gr-2\/\" \/>\n<meta property=\"og:locale\" content=\"en_US\" \/>\n<meta property=\"og:type\" content=\"article\" \/>\n<meta property=\"og:title\" content=\"Econature Yeti\u015fkin Ya\u015f K\u00f6pek Mamas\u0131 (Adult Dog) Ezme Somonlu 400GR - Anadolu Pet Grup\" \/>\n<meta property=\"og:description\" content=\"Econature somon etli k\u00f6pek konservesi; \u0130\u00e7eri\u011finde bulunan vitamin ve mineraller sayesinde b\u00fcy\u00fcme \u00e7a\u011f\u0131nda olan k\u00f6pe\u011finizin ba\u011f\u0131\u015f\u0131kl\u0131\u011f\u0131n\u0131n ve kemiklerinin g\u00fc\u00e7lenmesine destek vermektedir. Ya\u015f mama; bal\u0131k ve bal\u0131k \u00fcr\u00fcnleri sayesinde y\u00fcksek lezzet oran\u0131na sahiptir. K\u00f6pek konservesi; k\u00f6pe\u011finizin su al\u0131m\u0131n\u0131 artt\u0131rmaya yard\u0131mc\u0131 olmaktad\u0131r. Ya\u015f mamalar\u0131n aromas\u0131 yeme konusunda se\u00e7ici davranan yavru k\u00f6pe\u011finizin ilgisini \u00e7ekmeye yard\u0131mc\u0131 olmaktad\u0131r. \u0130\u00e7erik Et ve et \u00fcr\u00fcnleri, bal\u0131k ve bal\u0131k \u00fcr\u00fcnleri (somon eti min %4), bitkisel \u00fcr\u00fcnler, mineraller ve vitamin katk\u0131lar\u0131 Analiz Protein % 7, Ya\u011f \u0130\u00e7eri\u011fi % 3, Ham K\u00fcl % 3, Ham Sel\u00fcloz % 0.4, Nem % 82\" \/>\n<meta property=\"og:url\" content=\"https:\/\/anadolupet.com.tr\/en\/product\/econature-yetiskin-yas-kopek-mamasi-adult-dog-ezme-somonlu-400gr-2\/\" \/>\n<meta property=\"og:site_name\" content=\"Anadolu Pet Grup\" \/>\n<meta property=\"article:modified_time\" content=\"2026-02-23T12:47:53+00:00\" \/>\n<meta property=\"og:image\" content=\"https:\/\/anadolupet.com.tr\/wp-content\/uploads\/2026\/02\/283-700008.jpeg\" \/>\n\t<meta property=\"og:image:width\" content=\"1000\" \/>\n\t<meta property=\"og:image:height\" content=\"1012\" \/>\n\t<meta property=\"og:image:type\" content=\"image\/jpeg\" \/>\n<meta name=\"twitter:card\" content=\"summary_large_image\" \/>\n<script type=\"application\/ld+json\" class=\"yoast-schema-graph\">{\"@context\":\"https:\\\/\\\/schema.org\",\"@graph\":[{\"@type\":\"WebPage\",\"@id\":\"https:\\\/\\\/anadolupet.com.tr\\\/urun\\\/econature-yetiskin-yas-kopek-mamasi-adult-dog-ezme-somonlu-400gr-2\\\/\",\"url\":\"https:\\\/\\\/anadolupet.com.tr\\\/urun\\\/econature-yetiskin-yas-kopek-mamasi-adult-dog-ezme-somonlu-400gr-2\\\/\",\"name\":\"Econature Yeti\u015fkin Ya\u015f K\u00f6pek Mamas\u0131 (Adult Dog) Ezme Somonlu 400GR - Anadolu Pet Grup\",\"isPartOf\":{\"@id\":\"https:\\\/\\\/anadolupet.com.tr\\\/#website\"},\"primaryImageOfPage\":{\"@id\":\"https:\\\/\\\/anadolupet.com.tr\\\/urun\\\/econature-yetiskin-yas-kopek-mamasi-adult-dog-ezme-somonlu-400gr-2\\\/#primaryimage\"},\"image\":{\"@id\":\"https:\\\/\\\/anadolupet.com.tr\\\/urun\\\/econature-yetiskin-yas-kopek-mamasi-adult-dog-ezme-somonlu-400gr-2\\\/#primaryimage\"},\"thumbnailUrl\":\"https:\\\/\\\/anadolupet.com.tr\\\/wp-content\\\/uploads\\\/2026\\\/02\\\/283-700008.jpeg\",\"datePublished\":\"2026-02-14T14:39:28+00:00\",\"dateModified\":\"2026-02-23T12:47:53+00:00\",\"breadcrumb\":{\"@id\":\"https:\\\/\\\/anadolupet.com.tr\\\/urun\\\/econature-yetiskin-yas-kopek-mamasi-adult-dog-ezme-somonlu-400gr-2\\\/#breadcrumb\"},\"inLanguage\":\"en-US\",\"potentialAction\":[{\"@type\":\"ReadAction\",\"target\":[\"https:\\\/\\\/anadolupet.com.tr\\\/urun\\\/econature-yetiskin-yas-kopek-mamasi-adult-dog-ezme-somonlu-400gr-2\\\/\"]}]},{\"@type\":\"ImageObject\",\"inLanguage\":\"en-US\",\"@id\":\"https:\\\/\\\/anadolupet.com.tr\\\/urun\\\/econature-yetiskin-yas-kopek-mamasi-adult-dog-ezme-somonlu-400gr-2\\\/#primaryimage\",\"url\":\"https:\\\/\\\/anadolupet.com.tr\\\/wp-content\\\/uploads\\\/2026\\\/02\\\/283-700008.jpeg\",\"contentUrl\":\"https:\\\/\\\/anadolupet.com.tr\\\/wp-content\\\/uploads\\\/2026\\\/02\\\/283-700008.jpeg\",\"width\":1000,\"height\":1012},{\"@type\":\"BreadcrumbList\",\"@id\":\"https:\\\/\\\/anadolupet.com.tr\\\/urun\\\/econature-yetiskin-yas-kopek-mamasi-adult-dog-ezme-somonlu-400gr-2\\\/#breadcrumb\",\"itemListElement\":[{\"@type\":\"ListItem\",\"position\":1,\"name\":\"Anasayfa\",\"item\":\"https:\\\/\\\/anadolupet.com.tr\\\/\"},{\"@type\":\"ListItem\",\"position\":2,\"name\":\"\u00dcr\u00fcnler\",\"item\":\"https:\\\/\\\/anadolupet.com.tr\\\/urunler\\\/\"},{\"@type\":\"ListItem\",\"position\":3,\"name\":\"Econature Yeti\u015fkin Ya\u015f K\u00f6pek Mamas\u0131 (Adult Dog) Ezme Somonlu 400GR\"}]},{\"@type\":\"WebSite\",\"@id\":\"https:\\\/\\\/anadolupet.com.tr\\\/#website\",\"url\":\"https:\\\/\\\/anadolupet.com.tr\\\/\",\"name\":\"Anadolu Pet Grup\",\"description\":\"Her Can\u0131n \u0130yi Ya\u015fam\u0131 \u0130\u00e7in Biraraday\u0131z\",\"publisher\":{\"@id\":\"https:\\\/\\\/anadolupet.com.tr\\\/#organization\"},\"potentialAction\":[{\"@type\":\"SearchAction\",\"target\":{\"@type\":\"EntryPoint\",\"urlTemplate\":\"https:\\\/\\\/anadolupet.com.tr\\\/?s={search_term_string}\"},\"query-input\":{\"@type\":\"PropertyValueSpecification\",\"valueRequired\":true,\"valueName\":\"search_term_string\"}}],\"inLanguage\":\"en-US\"},{\"@type\":\"Organization\",\"@id\":\"https:\\\/\\\/anadolupet.com.tr\\\/#organization\",\"name\":\"Anadolu Pet Grup\",\"alternateName\":\"Anadolu Pet\",\"url\":\"https:\\\/\\\/anadolupet.com.tr\\\/\",\"logo\":{\"@type\":\"ImageObject\",\"inLanguage\":\"en-US\",\"@id\":\"https:\\\/\\\/anadolupet.com.tr\\\/#\\\/schema\\\/logo\\\/image\\\/\",\"url\":\"https:\\\/\\\/anadolupet.com.tr\\\/wp-content\\\/uploads\\\/2026\\\/03\\\/1614666743370.jpg\",\"contentUrl\":\"https:\\\/\\\/anadolupet.com.tr\\\/wp-content\\\/uploads\\\/2026\\\/03\\\/1614666743370.jpg\",\"width\":800,\"height\":571,\"caption\":\"Anadolu Pet Grup\"},\"image\":{\"@id\":\"https:\\\/\\\/anadolupet.com.tr\\\/#\\\/schema\\\/logo\\\/image\\\/\"}}]}<\/script>\n<!-- \/ Yoast SEO plugin. -->","yoast_head_json":{"title":"Econature Yeti\u015fkin Ya\u015f K\u00f6pek Mamas\u0131 (Adult Dog) Ezme Somonlu 400GR - Anadolu Pet Grup","robots":{"index":"index","follow":"follow","max-snippet":"max-snippet:-1","max-image-preview":"max-image-preview:large","max-video-preview":"max-video-preview:-1"},"canonical":"https:\/\/anadolupet.com.tr\/en\/product\/econature-yetiskin-yas-kopek-mamasi-adult-dog-ezme-somonlu-400gr-2\/","og_locale":"en_US","og_type":"article","og_title":"Econature Yeti\u015fkin Ya\u015f K\u00f6pek Mamas\u0131 (Adult Dog) Ezme Somonlu 400GR - Anadolu Pet Grup","og_description":"Econature somon etli k\u00f6pek konservesi; \u0130\u00e7eri\u011finde bulunan vitamin ve mineraller sayesinde b\u00fcy\u00fcme \u00e7a\u011f\u0131nda olan k\u00f6pe\u011finizin ba\u011f\u0131\u015f\u0131kl\u0131\u011f\u0131n\u0131n ve kemiklerinin g\u00fc\u00e7lenmesine destek vermektedir. Ya\u015f mama; bal\u0131k ve bal\u0131k \u00fcr\u00fcnleri sayesinde y\u00fcksek lezzet oran\u0131na sahiptir. K\u00f6pek konservesi; k\u00f6pe\u011finizin su al\u0131m\u0131n\u0131 artt\u0131rmaya yard\u0131mc\u0131 olmaktad\u0131r. Ya\u015f mamalar\u0131n aromas\u0131 yeme konusunda se\u00e7ici davranan yavru k\u00f6pe\u011finizin ilgisini \u00e7ekmeye yard\u0131mc\u0131 olmaktad\u0131r. \u0130\u00e7erik Et ve et \u00fcr\u00fcnleri, bal\u0131k ve bal\u0131k \u00fcr\u00fcnleri (somon eti min %4), bitkisel \u00fcr\u00fcnler, mineraller ve vitamin katk\u0131lar\u0131 Analiz Protein % 7, Ya\u011f \u0130\u00e7eri\u011fi % 3, Ham K\u00fcl % 3, Ham Sel\u00fcloz % 0.4, Nem % 82","og_url":"https:\/\/anadolupet.com.tr\/en\/product\/econature-yetiskin-yas-kopek-mamasi-adult-dog-ezme-somonlu-400gr-2\/","og_site_name":"Anadolu Pet Grup","article_modified_time":"2026-02-23T12:47:53+00:00","og_image":[{"width":1000,"height":1012,"url":"https:\/\/anadolupet.com.tr\/wp-content\/uploads\/2026\/02\/283-700008.jpeg","type":"image\/jpeg"}],"twitter_card":"summary_large_image","schema":{"@context":"https:\/\/schema.org","@graph":[{"@type":"WebPage","@id":"https:\/\/anadolupet.com.tr\/urun\/econature-yetiskin-yas-kopek-mamasi-adult-dog-ezme-somonlu-400gr-2\/","url":"https:\/\/anadolupet.com.tr\/urun\/econature-yetiskin-yas-kopek-mamasi-adult-dog-ezme-somonlu-400gr-2\/","name":"Econature Yeti\u015fkin Ya\u015f K\u00f6pek Mamas\u0131 (Adult Dog) Ezme Somonlu 400GR - Anadolu Pet Grup","isPartOf":{"@id":"https:\/\/anadolupet.com.tr\/#website"},"primaryImageOfPage":{"@id":"https:\/\/anadolupet.com.tr\/urun\/econature-yetiskin-yas-kopek-mamasi-adult-dog-ezme-somonlu-400gr-2\/#primaryimage"},"image":{"@id":"https:\/\/anadolupet.com.tr\/urun\/econature-yetiskin-yas-kopek-mamasi-adult-dog-ezme-somonlu-400gr-2\/#primaryimage"},"thumbnailUrl":"https:\/\/anadolupet.com.tr\/wp-content\/uploads\/2026\/02\/283-700008.jpeg","datePublished":"2026-02-14T14:39:28+00:00","dateModified":"2026-02-23T12:47:53+00:00","breadcrumb":{"@id":"https:\/\/anadolupet.com.tr\/urun\/econature-yetiskin-yas-kopek-mamasi-adult-dog-ezme-somonlu-400gr-2\/#breadcrumb"},"inLanguage":"en-US","potentialAction":[{"@type":"ReadAction","target":["https:\/\/anadolupet.com.tr\/urun\/econature-yetiskin-yas-kopek-mamasi-adult-dog-ezme-somonlu-400gr-2\/"]}]},{"@type":"ImageObject","inLanguage":"en-US","@id":"https:\/\/anadolupet.com.tr\/urun\/econature-yetiskin-yas-kopek-mamasi-adult-dog-ezme-somonlu-400gr-2\/#primaryimage","url":"https:\/\/anadolupet.com.tr\/wp-content\/uploads\/2026\/02\/283-700008.jpeg","contentUrl":"https:\/\/anadolupet.com.tr\/wp-content\/uploads\/2026\/02\/283-700008.jpeg","width":1000,"height":1012},{"@type":"BreadcrumbList","@id":"https:\/\/anadolupet.com.tr\/urun\/econature-yetiskin-yas-kopek-mamasi-adult-dog-ezme-somonlu-400gr-2\/#breadcrumb","itemListElement":[{"@type":"ListItem","position":1,"name":"Anasayfa","item":"https:\/\/anadolupet.com.tr\/"},{"@type":"ListItem","position":2,"name":"\u00dcr\u00fcnler","item":"https:\/\/anadolupet.com.tr\/urunler\/"},{"@type":"ListItem","position":3,"name":"Econature Yeti\u015fkin Ya\u015f K\u00f6pek Mamas\u0131 (Adult Dog) Ezme Somonlu 400GR"}]},{"@type":"WebSite","@id":"https:\/\/anadolupet.com.tr\/#website","url":"https:\/\/anadolupet.com.tr\/","name":"Anadolu Pet Group","description":"We Stand Together for the Well-Being of Every Life","publisher":{"@id":"https:\/\/anadolupet.com.tr\/#organization"},"potentialAction":[{"@type":"SearchAction","target":{"@type":"EntryPoint","urlTemplate":"https:\/\/anadolupet.com.tr\/?s={search_term_string}"},"query-input":{"@type":"PropertyValueSpecification","valueRequired":true,"valueName":"search_term_string"}}],"inLanguage":"en-US"},{"@type":"Organization","@id":"https:\/\/anadolupet.com.tr\/#organization","name":"Anadolu Pet Group","alternateName":"Anadolu Pet","url":"https:\/\/anadolupet.com.tr\/","logo":{"@type":"ImageObject","inLanguage":"en-US","@id":"https:\/\/anadolupet.com.tr\/#\/schema\/logo\/image\/","url":"https:\/\/anadolupet.com.tr\/wp-content\/uploads\/2026\/03\/1614666743370.jpg","contentUrl":"https:\/\/anadolupet.com.tr\/wp-content\/uploads\/2026\/03\/1614666743370.jpg","width":800,"height":571,"caption":"Anadolu Pet Grup"},"image":{"@id":"https:\/\/anadolupet.com.tr\/#\/schema\/logo\/image\/"}}]}},"_links":{"self":[{"href":"https:\/\/anadolupet.com.tr\/en\/wp-json\/wp\/v2\/product\/44716","targetHints":{"allow":["GET"]}}],"collection":[{"href":"https:\/\/anadolupet.com.tr\/en\/wp-json\/wp\/v2\/product"}],"about":[{"href":"https:\/\/anadolupet.com.tr\/en\/wp-json\/wp\/v2\/types\/product"}],"replies":[{"embeddable":true,"href":"https:\/\/anadolupet.com.tr\/en\/wp-json\/wp\/v2\/comments?post=44716"}],"wp:featuredmedia":[{"embeddable":true,"href":"https:\/\/anadolupet.com.tr\/en\/wp-json\/wp\/v2\/media\/43608"}],"wp:attachment":[{"href":"https:\/\/anadolupet.com.tr\/en\/wp-json\/wp\/v2\/media?parent=44716"}],"wp:term":[{"taxonomy":"product_brand","embeddable":true,"href":"https:\/\/anadolupet.com.tr\/en\/wp-json\/wp\/v2\/product_brand?post=44716"},{"taxonomy":"product_cat","embeddable":true,"href":"https:\/\/anadolupet.com.tr\/en\/wp-json\/wp\/v2\/product_cat?post=44716"},{"taxonomy":"product_tag","embeddable":true,"href":"https:\/\/anadolupet.com.tr\/en\/wp-json\/wp\/v2\/product_tag?post=44716"}],"curies":[{"name":"wp","href":"https:\/\/api.w.org\/{rel}","templated":true}]}}