{"id":44719,"date":"2026-02-14T14:39:28","date_gmt":"2026-02-14T14:39:28","guid":{"rendered":"https:\/\/anadolupet.com.tr\/urun\/eheim-akis-filtresi-set-15000l\/"},"modified":"2026-02-23T12:47:53","modified_gmt":"2026-02-23T12:47:53","slug":"eheim-akis-filtresi-set-15000l","status":"publish","type":"product","link":"https:\/\/anadolupet.com.tr\/en\/urun\/eheim-akis-filtresi-set-15000l\/","title":{"rendered":"EHEIM Flow Filter Set 15000l"},"content":{"rendered":"","protected":false},"excerpt":{"rendered":"<p>T\u00fcm aksesuarlar\u0131m\u0131z verimli ve uzun \u00f6m\u00fcrl\u00fcd\u00fcr \u2013 sa\u011fl\u0131kl\u0131 bir bah\u00e7e havuzu i\u00e7in ihtiyac\u0131n\u0131z olan her \u015fey. FILTERBIO, PRESS veya LOOP komple filtre sistemlerimizde kulland\u0131\u011f\u0131m\u0131z y\u00fcksek kaliteli biyolojik filtre malzemesidir \u2013 gran\u00fcl yap\u0131s\u0131 REPLAY ve REFINE filtre pedleri ile m\u00fckemmel \u015fekilde etkile\u015fir. UV berrakla\u015ft\u0131r\u0131c\u0131m\u0131z CLEAR i\u00e7in yedek lamba GLOWUVC de aksesuar yelpazemizde bulunmaktad\u0131r.<\/p>\n<p>FILTERMEC, t\u00fcm EHEIM havuz filtre sistemlerinde kullan\u0131lmak \u00fczere suya n\u00f6tr plastikten yap\u0131lm\u0131\u015f mekanik bir filtre malzemesidir.<\/p>\n<p>FILTERMEC, \u00f6zel olarak tasarlanm\u0131\u015f spiral \u015fekilli medya sayesinde su ak\u0131\u015f\u0131 s\u0131ras\u0131nda k\u00fc\u00e7\u00fck ve orta boy kirleri giderir.<\/p>\n<p>T\u00fcm EHEIM havuz filtre sistemleri i\u00e7in uygundur, \u00f6rne\u011fin LOOP veya PRESS.<br \/>\nFILTERMEC, Replay ve Refine filtre pedleri ile birlikte en iyi \u015fekilde \u00e7al\u0131\u015f\u0131r.<br \/>\nFILTERMEC kolayca temizlenir ve birka\u00e7 kez yeniden kullan\u0131labilir.<br \/>\nAlternatif olarak biyolojik filtrasyon i\u00e7in FILTERBIO kullan\u0131labilir.<\/p>","protected":false},"featured_media":42362,"comment_status":"open","ping_status":"closed","template":"","meta":{"_acf_changed":false},"product_brand":[],"product_cat":[2393],"product_tag":[],"class_list":{"0":"post-44719","1":"product","2":"type-product","3":"status-publish","4":"has-post-thumbnail","6":"product_cat-kafa-pompalari","8":"first","9":"instock","10":"shipping-taxable","11":"product-type-simple"},"acf":[],"yoast_head":"<!-- This site is optimized with the Yoast SEO plugin v27.5 - https:\/\/yoast.com\/product\/yoast-seo-wordpress\/ -->\n<title>EHEIM Ak\u0131\u015f Filtresi Set 15000l - Anadolu Pet Grup<\/title>\n<meta name=\"robots\" content=\"index, follow, max-snippet:-1, max-image-preview:large, max-video-preview:-1\" \/>\n<link rel=\"canonical\" href=\"https:\/\/anadolupet.com.tr\/en\/product\/eheim-akis-filtresi-set-15000l\/\" \/>\n<meta property=\"og:locale\" content=\"en_US\" \/>\n<meta property=\"og:type\" content=\"article\" \/>\n<meta property=\"og:title\" content=\"EHEIM Ak\u0131\u015f Filtresi Set 15000l - Anadolu Pet Grup\" \/>\n<meta property=\"og:description\" content=\"T\u00fcm aksesuarlar\u0131m\u0131z verimli ve uzun \u00f6m\u00fcrl\u00fcd\u00fcr \u2013 sa\u011fl\u0131kl\u0131 bir bah\u00e7e havuzu i\u00e7in ihtiyac\u0131n\u0131z olan her \u015fey. FILTERBIO, PRESS veya LOOP komple filtre sistemlerimizde kulland\u0131\u011f\u0131m\u0131z y\u00fcksek kaliteli biyolojik filtre malzemesidir \u2013 gran\u00fcl yap\u0131s\u0131 REPLAY ve REFINE filtre pedleri ile m\u00fckemmel \u015fekilde etkile\u015fir. UV berrakla\u015ft\u0131r\u0131c\u0131m\u0131z CLEAR i\u00e7in yedek lamba GLOWUVC de aksesuar yelpazemizde bulunmaktad\u0131r. FILTERMEC, t\u00fcm EHEIM havuz filtre sistemlerinde kullan\u0131lmak \u00fczere suya n\u00f6tr plastikten yap\u0131lm\u0131\u015f mekanik bir filtre malzemesidir. FILTERMEC, \u00f6zel olarak tasarlanm\u0131\u015f spiral \u015fekilli medya sayesinde su ak\u0131\u015f\u0131 s\u0131ras\u0131nda k\u00fc\u00e7\u00fck ve orta boy kirleri giderir. T\u00fcm EHEIM havuz filtre sistemleri i\u00e7in uygundur, \u00f6rne\u011fin LOOP veya PRESS. FILTERMEC, Replay ve Refine filtre pedleri ile birlikte en iyi \u015fekilde \u00e7al\u0131\u015f\u0131r. FILTERMEC kolayca temizlenir ve birka\u00e7 kez yeniden kullan\u0131labilir. Alternatif olarak biyolojik filtrasyon i\u00e7in FILTERBIO kullan\u0131labilir.\" \/>\n<meta property=\"og:url\" content=\"https:\/\/anadolupet.com.tr\/en\/product\/eheim-akis-filtresi-set-15000l\/\" \/>\n<meta property=\"og:site_name\" content=\"Anadolu Pet Grup\" \/>\n<meta property=\"article:modified_time\" content=\"2026-02-23T12:47:53+00:00\" \/>\n<meta property=\"og:image\" content=\"https:\/\/anadolupet.com.tr\/wp-content\/uploads\/2026\/02\/105-2517101.jpg\" \/>\n\t<meta property=\"og:image:width\" content=\"750\" \/>\n\t<meta property=\"og:image:height\" content=\"750\" \/>\n\t<meta property=\"og:image:type\" content=\"image\/jpeg\" \/>\n<meta name=\"twitter:card\" content=\"summary_large_image\" \/>\n<script type=\"application\/ld+json\" class=\"yoast-schema-graph\">{\"@context\":\"https:\\\/\\\/schema.org\",\"@graph\":[{\"@type\":\"WebPage\",\"@id\":\"https:\\\/\\\/anadolupet.com.tr\\\/urun\\\/eheim-akis-filtresi-set-15000l\\\/\",\"url\":\"https:\\\/\\\/anadolupet.com.tr\\\/urun\\\/eheim-akis-filtresi-set-15000l\\\/\",\"name\":\"EHEIM Ak\u0131\u015f Filtresi Set 15000l - Anadolu Pet Grup\",\"isPartOf\":{\"@id\":\"https:\\\/\\\/anadolupet.com.tr\\\/#website\"},\"primaryImageOfPage\":{\"@id\":\"https:\\\/\\\/anadolupet.com.tr\\\/urun\\\/eheim-akis-filtresi-set-15000l\\\/#primaryimage\"},\"image\":{\"@id\":\"https:\\\/\\\/anadolupet.com.tr\\\/urun\\\/eheim-akis-filtresi-set-15000l\\\/#primaryimage\"},\"thumbnailUrl\":\"https:\\\/\\\/anadolupet.com.tr\\\/wp-content\\\/uploads\\\/2026\\\/02\\\/105-2517101.jpg\",\"datePublished\":\"2026-02-14T14:39:28+00:00\",\"dateModified\":\"2026-02-23T12:47:53+00:00\",\"breadcrumb\":{\"@id\":\"https:\\\/\\\/anadolupet.com.tr\\\/urun\\\/eheim-akis-filtresi-set-15000l\\\/#breadcrumb\"},\"inLanguage\":\"en-US\",\"potentialAction\":[{\"@type\":\"ReadAction\",\"target\":[\"https:\\\/\\\/anadolupet.com.tr\\\/urun\\\/eheim-akis-filtresi-set-15000l\\\/\"]}]},{\"@type\":\"ImageObject\",\"inLanguage\":\"en-US\",\"@id\":\"https:\\\/\\\/anadolupet.com.tr\\\/urun\\\/eheim-akis-filtresi-set-15000l\\\/#primaryimage\",\"url\":\"https:\\\/\\\/anadolupet.com.tr\\\/wp-content\\\/uploads\\\/2026\\\/02\\\/105-2517101.jpg\",\"contentUrl\":\"https:\\\/\\\/anadolupet.com.tr\\\/wp-content\\\/uploads\\\/2026\\\/02\\\/105-2517101.jpg\",\"width\":750,\"height\":750},{\"@type\":\"BreadcrumbList\",\"@id\":\"https:\\\/\\\/anadolupet.com.tr\\\/urun\\\/eheim-akis-filtresi-set-15000l\\\/#breadcrumb\",\"itemListElement\":[{\"@type\":\"ListItem\",\"position\":1,\"name\":\"Anasayfa\",\"item\":\"https:\\\/\\\/anadolupet.com.tr\\\/\"},{\"@type\":\"ListItem\",\"position\":2,\"name\":\"\u00dcr\u00fcnler\",\"item\":\"https:\\\/\\\/anadolupet.com.tr\\\/urunler\\\/\"},{\"@type\":\"ListItem\",\"position\":3,\"name\":\"EHEIM Ak\u0131\u015f Filtresi Set 15000l\"}]},{\"@type\":\"WebSite\",\"@id\":\"https:\\\/\\\/anadolupet.com.tr\\\/#website\",\"url\":\"https:\\\/\\\/anadolupet.com.tr\\\/\",\"name\":\"Anadolu Pet Grup\",\"description\":\"Her Can\u0131n \u0130yi Ya\u015fam\u0131 \u0130\u00e7in Biraraday\u0131z\",\"publisher\":{\"@id\":\"https:\\\/\\\/anadolupet.com.tr\\\/#organization\"},\"potentialAction\":[{\"@type\":\"SearchAction\",\"target\":{\"@type\":\"EntryPoint\",\"urlTemplate\":\"https:\\\/\\\/anadolupet.com.tr\\\/?s={search_term_string}\"},\"query-input\":{\"@type\":\"PropertyValueSpecification\",\"valueRequired\":true,\"valueName\":\"search_term_string\"}}],\"inLanguage\":\"en-US\"},{\"@type\":\"Organization\",\"@id\":\"https:\\\/\\\/anadolupet.com.tr\\\/#organization\",\"name\":\"Anadolu Pet Grup\",\"alternateName\":\"Anadolu Pet\",\"url\":\"https:\\\/\\\/anadolupet.com.tr\\\/\",\"logo\":{\"@type\":\"ImageObject\",\"inLanguage\":\"en-US\",\"@id\":\"https:\\\/\\\/anadolupet.com.tr\\\/#\\\/schema\\\/logo\\\/image\\\/\",\"url\":\"https:\\\/\\\/anadolupet.com.tr\\\/wp-content\\\/uploads\\\/2026\\\/03\\\/1614666743370.jpg\",\"contentUrl\":\"https:\\\/\\\/anadolupet.com.tr\\\/wp-content\\\/uploads\\\/2026\\\/03\\\/1614666743370.jpg\",\"width\":800,\"height\":571,\"caption\":\"Anadolu Pet Grup\"},\"image\":{\"@id\":\"https:\\\/\\\/anadolupet.com.tr\\\/#\\\/schema\\\/logo\\\/image\\\/\"}}]}<\/script>\n<!-- \/ Yoast SEO plugin. -->","yoast_head_json":{"title":"EHEIM Ak\u0131\u015f Filtresi Set 15000l - Anadolu Pet Grup","robots":{"index":"index","follow":"follow","max-snippet":"max-snippet:-1","max-image-preview":"max-image-preview:large","max-video-preview":"max-video-preview:-1"},"canonical":"https:\/\/anadolupet.com.tr\/en\/product\/eheim-akis-filtresi-set-15000l\/","og_locale":"en_US","og_type":"article","og_title":"EHEIM Ak\u0131\u015f Filtresi Set 15000l - Anadolu Pet Grup","og_description":"T\u00fcm aksesuarlar\u0131m\u0131z verimli ve uzun \u00f6m\u00fcrl\u00fcd\u00fcr \u2013 sa\u011fl\u0131kl\u0131 bir bah\u00e7e havuzu i\u00e7in ihtiyac\u0131n\u0131z olan her \u015fey. FILTERBIO, PRESS veya LOOP komple filtre sistemlerimizde kulland\u0131\u011f\u0131m\u0131z y\u00fcksek kaliteli biyolojik filtre malzemesidir \u2013 gran\u00fcl yap\u0131s\u0131 REPLAY ve REFINE filtre pedleri ile m\u00fckemmel \u015fekilde etkile\u015fir. UV berrakla\u015ft\u0131r\u0131c\u0131m\u0131z CLEAR i\u00e7in yedek lamba GLOWUVC de aksesuar yelpazemizde bulunmaktad\u0131r. FILTERMEC, t\u00fcm EHEIM havuz filtre sistemlerinde kullan\u0131lmak \u00fczere suya n\u00f6tr plastikten yap\u0131lm\u0131\u015f mekanik bir filtre malzemesidir. FILTERMEC, \u00f6zel olarak tasarlanm\u0131\u015f spiral \u015fekilli medya sayesinde su ak\u0131\u015f\u0131 s\u0131ras\u0131nda k\u00fc\u00e7\u00fck ve orta boy kirleri giderir. T\u00fcm EHEIM havuz filtre sistemleri i\u00e7in uygundur, \u00f6rne\u011fin LOOP veya PRESS. FILTERMEC, Replay ve Refine filtre pedleri ile birlikte en iyi \u015fekilde \u00e7al\u0131\u015f\u0131r. FILTERMEC kolayca temizlenir ve birka\u00e7 kez yeniden kullan\u0131labilir. Alternatif olarak biyolojik filtrasyon i\u00e7in FILTERBIO kullan\u0131labilir.","og_url":"https:\/\/anadolupet.com.tr\/en\/product\/eheim-akis-filtresi-set-15000l\/","og_site_name":"Anadolu Pet Grup","article_modified_time":"2026-02-23T12:47:53+00:00","og_image":[{"width":750,"height":750,"url":"https:\/\/anadolupet.com.tr\/wp-content\/uploads\/2026\/02\/105-2517101.jpg","type":"image\/jpeg"}],"twitter_card":"summary_large_image","schema":{"@context":"https:\/\/schema.org","@graph":[{"@type":"WebPage","@id":"https:\/\/anadolupet.com.tr\/urun\/eheim-akis-filtresi-set-15000l\/","url":"https:\/\/anadolupet.com.tr\/urun\/eheim-akis-filtresi-set-15000l\/","name":"EHEIM Ak\u0131\u015f Filtresi Set 15000l - Anadolu Pet Grup","isPartOf":{"@id":"https:\/\/anadolupet.com.tr\/#website"},"primaryImageOfPage":{"@id":"https:\/\/anadolupet.com.tr\/urun\/eheim-akis-filtresi-set-15000l\/#primaryimage"},"image":{"@id":"https:\/\/anadolupet.com.tr\/urun\/eheim-akis-filtresi-set-15000l\/#primaryimage"},"thumbnailUrl":"https:\/\/anadolupet.com.tr\/wp-content\/uploads\/2026\/02\/105-2517101.jpg","datePublished":"2026-02-14T14:39:28+00:00","dateModified":"2026-02-23T12:47:53+00:00","breadcrumb":{"@id":"https:\/\/anadolupet.com.tr\/urun\/eheim-akis-filtresi-set-15000l\/#breadcrumb"},"inLanguage":"en-US","potentialAction":[{"@type":"ReadAction","target":["https:\/\/anadolupet.com.tr\/urun\/eheim-akis-filtresi-set-15000l\/"]}]},{"@type":"ImageObject","inLanguage":"en-US","@id":"https:\/\/anadolupet.com.tr\/urun\/eheim-akis-filtresi-set-15000l\/#primaryimage","url":"https:\/\/anadolupet.com.tr\/wp-content\/uploads\/2026\/02\/105-2517101.jpg","contentUrl":"https:\/\/anadolupet.com.tr\/wp-content\/uploads\/2026\/02\/105-2517101.jpg","width":750,"height":750},{"@type":"BreadcrumbList","@id":"https:\/\/anadolupet.com.tr\/urun\/eheim-akis-filtresi-set-15000l\/#breadcrumb","itemListElement":[{"@type":"ListItem","position":1,"name":"Anasayfa","item":"https:\/\/anadolupet.com.tr\/"},{"@type":"ListItem","position":2,"name":"\u00dcr\u00fcnler","item":"https:\/\/anadolupet.com.tr\/urunler\/"},{"@type":"ListItem","position":3,"name":"EHEIM Ak\u0131\u015f Filtresi Set 15000l"}]},{"@type":"WebSite","@id":"https:\/\/anadolupet.com.tr\/#website","url":"https:\/\/anadolupet.com.tr\/","name":"Anadolu Pet Group","description":"We Stand Together for the Well-Being of Every Life","publisher":{"@id":"https:\/\/anadolupet.com.tr\/#organization"},"potentialAction":[{"@type":"SearchAction","target":{"@type":"EntryPoint","urlTemplate":"https:\/\/anadolupet.com.tr\/?s={search_term_string}"},"query-input":{"@type":"PropertyValueSpecification","valueRequired":true,"valueName":"search_term_string"}}],"inLanguage":"en-US"},{"@type":"Organization","@id":"https:\/\/anadolupet.com.tr\/#organization","name":"Anadolu Pet Group","alternateName":"Anadolu Pet","url":"https:\/\/anadolupet.com.tr\/","logo":{"@type":"ImageObject","inLanguage":"en-US","@id":"https:\/\/anadolupet.com.tr\/#\/schema\/logo\/image\/","url":"https:\/\/anadolupet.com.tr\/wp-content\/uploads\/2026\/03\/1614666743370.jpg","contentUrl":"https:\/\/anadolupet.com.tr\/wp-content\/uploads\/2026\/03\/1614666743370.jpg","width":800,"height":571,"caption":"Anadolu Pet Grup"},"image":{"@id":"https:\/\/anadolupet.com.tr\/#\/schema\/logo\/image\/"}}]}},"_links":{"self":[{"href":"https:\/\/anadolupet.com.tr\/en\/wp-json\/wp\/v2\/product\/44719","targetHints":{"allow":["GET"]}}],"collection":[{"href":"https:\/\/anadolupet.com.tr\/en\/wp-json\/wp\/v2\/product"}],"about":[{"href":"https:\/\/anadolupet.com.tr\/en\/wp-json\/wp\/v2\/types\/product"}],"replies":[{"embeddable":true,"href":"https:\/\/anadolupet.com.tr\/en\/wp-json\/wp\/v2\/comments?post=44719"}],"wp:featuredmedia":[{"embeddable":true,"href":"https:\/\/anadolupet.com.tr\/en\/wp-json\/wp\/v2\/media\/42362"}],"wp:attachment":[{"href":"https:\/\/anadolupet.com.tr\/en\/wp-json\/wp\/v2\/media?parent=44719"}],"wp:term":[{"taxonomy":"product_brand","embeddable":true,"href":"https:\/\/anadolupet.com.tr\/en\/wp-json\/wp\/v2\/product_brand?post=44719"},{"taxonomy":"product_cat","embeddable":true,"href":"https:\/\/anadolupet.com.tr\/en\/wp-json\/wp\/v2\/product_cat?post=44719"},{"taxonomy":"product_tag","embeddable":true,"href":"https:\/\/anadolupet.com.tr\/en\/wp-json\/wp\/v2\/product_tag?post=44719"}],"curies":[{"name":"wp","href":"https:\/\/api.w.org\/{rel}","templated":true}]}}