{"id":44727,"date":"2026-02-14T14:39:30","date_gmt":"2026-02-14T14:39:30","guid":{"rendered":"https:\/\/anadolupet.com.tr\/?post_type=product&#038;p=44727"},"modified":"2026-02-23T12:47:54","modified_gmt":"2026-02-23T12:47:54","slug":"eheim-basis-bastonu-16-22mm-2","status":"publish","type":"product","link":"https:\/\/anadolupet.com.tr\/en\/urun\/eheim-basis-bastonu-16-22mm-2\/","title":{"rendered":"EHEIM Compression Walking Stick 16-22mm"},"content":{"rendered":"","protected":false},"excerpt":{"rendered":"<p>EHEIM Outlet Pipe (\u00e7\u0131k\u0131\u015f borusu), akvaryumlarda d\u0131\u015f filtrelerden gelen suyun g\u00fcvenli ve kontroll\u00fc \u015fekilde akvaryuma geri verilmesini sa\u011flayan orijinal ba\u011flant\u0131 par\u00e7as\u0131d\u0131r. Hortum \u00e7ap\u0131 \u00d8 9\/12 mm olan sistemler i\u00e7in \u00f6zel olarak tasarlanm\u0131\u015ft\u0131r. Ye\u015fil renkli tasar\u0131m\u0131 sayesinde akvaryum i\u00e7inde do\u011fal g\u00f6r\u00fcn\u00fcme uyum sa\u011flar.<\/p>\n<p>Avantajlar ve \u00d6zellikler<br \/>\nOrijinal EHEIM yedek par\u00e7a \u2013 tam uyum ve g\u00fcvenilirlik<br \/>\n\u00d8 9\/12 mm hortumlar i\u00e7in uygun<br \/>\nYe\u015fil tasar\u0131m \u2013 akvaryum dekoruna do\u011fal uyum<br \/>\nS\u0131zd\u0131rmaz ba\u011flant\u0131 \u2013 g\u00fcvenli su \u00e7\u0131k\u0131\u015f\u0131<br \/>\nDayan\u0131kl\u0131 plastik malzeme \u2013 uzun \u00f6m\u00fcrl\u00fc kullan\u0131m<br \/>\nKolay montaj \u2013 filtre sistemine h\u0131zl\u0131 entegrasyon<\/p>","protected":false},"featured_media":42531,"comment_status":"open","ping_status":"closed","template":"","meta":{"_acf_changed":false},"product_brand":[],"product_cat":[2379],"product_tag":[],"class_list":{"0":"post-44727","1":"product","2":"type-product","3":"status-publish","4":"has-post-thumbnail","6":"product_cat-borular-ve-vantuzlar","8":"first","9":"instock","10":"shipping-taxable","11":"product-type-simple"},"acf":[],"yoast_head":"<!-- This site is optimized with the Yoast SEO plugin v27.5 - https:\/\/yoast.com\/product\/yoast-seo-wordpress\/ -->\n<title>EHEIM Bas\u0131\u015f Bastonu 16-22mm - Anadolu Pet Grup<\/title>\n<meta name=\"robots\" content=\"index, follow, max-snippet:-1, max-image-preview:large, max-video-preview:-1\" \/>\n<link rel=\"canonical\" href=\"https:\/\/anadolupet.com.tr\/en\/product\/eheim-basis-bastonu-16-22mm-2\/\" \/>\n<meta property=\"og:locale\" content=\"en_US\" \/>\n<meta property=\"og:type\" content=\"article\" \/>\n<meta property=\"og:title\" content=\"EHEIM Bas\u0131\u015f Bastonu 16-22mm - Anadolu Pet Grup\" \/>\n<meta property=\"og:description\" content=\"EHEIM Outlet Pipe (\u00e7\u0131k\u0131\u015f borusu), akvaryumlarda d\u0131\u015f filtrelerden gelen suyun g\u00fcvenli ve kontroll\u00fc \u015fekilde akvaryuma geri verilmesini sa\u011flayan orijinal ba\u011flant\u0131 par\u00e7as\u0131d\u0131r. Hortum \u00e7ap\u0131 \u00d8 9\/12 mm olan sistemler i\u00e7in \u00f6zel olarak tasarlanm\u0131\u015ft\u0131r. Ye\u015fil renkli tasar\u0131m\u0131 sayesinde akvaryum i\u00e7inde do\u011fal g\u00f6r\u00fcn\u00fcme uyum sa\u011flar. Avantajlar ve \u00d6zellikler Orijinal EHEIM yedek par\u00e7a \u2013 tam uyum ve g\u00fcvenilirlik \u00d8 9\/12 mm hortumlar i\u00e7in uygun Ye\u015fil tasar\u0131m \u2013 akvaryum dekoruna do\u011fal uyum S\u0131zd\u0131rmaz ba\u011flant\u0131 \u2013 g\u00fcvenli su \u00e7\u0131k\u0131\u015f\u0131 Dayan\u0131kl\u0131 plastik malzeme \u2013 uzun \u00f6m\u00fcrl\u00fc kullan\u0131m Kolay montaj \u2013 filtre sistemine h\u0131zl\u0131 entegrasyon\" \/>\n<meta property=\"og:url\" content=\"https:\/\/anadolupet.com.tr\/en\/product\/eheim-basis-bastonu-16-22mm-2\/\" \/>\n<meta property=\"og:site_name\" content=\"Anadolu Pet Grup\" \/>\n<meta property=\"article:modified_time\" content=\"2026-02-23T12:47:54+00:00\" \/>\n<meta property=\"og:image\" content=\"https:\/\/anadolupet.com.tr\/wp-content\/uploads\/2026\/02\/110-4003710.jpg\" \/>\n\t<meta property=\"og:image:width\" content=\"750\" \/>\n\t<meta property=\"og:image:height\" content=\"750\" \/>\n\t<meta property=\"og:image:type\" content=\"image\/jpeg\" \/>\n<meta name=\"twitter:card\" content=\"summary_large_image\" \/>\n<script type=\"application\/ld+json\" class=\"yoast-schema-graph\">{\"@context\":\"https:\\\/\\\/schema.org\",\"@graph\":[{\"@type\":\"WebPage\",\"@id\":\"https:\\\/\\\/anadolupet.com.tr\\\/urun\\\/eheim-basis-bastonu-16-22mm-2\\\/\",\"url\":\"https:\\\/\\\/anadolupet.com.tr\\\/urun\\\/eheim-basis-bastonu-16-22mm-2\\\/\",\"name\":\"EHEIM Bas\u0131\u015f Bastonu 16-22mm - Anadolu Pet Grup\",\"isPartOf\":{\"@id\":\"https:\\\/\\\/anadolupet.com.tr\\\/#website\"},\"primaryImageOfPage\":{\"@id\":\"https:\\\/\\\/anadolupet.com.tr\\\/urun\\\/eheim-basis-bastonu-16-22mm-2\\\/#primaryimage\"},\"image\":{\"@id\":\"https:\\\/\\\/anadolupet.com.tr\\\/urun\\\/eheim-basis-bastonu-16-22mm-2\\\/#primaryimage\"},\"thumbnailUrl\":\"https:\\\/\\\/anadolupet.com.tr\\\/wp-content\\\/uploads\\\/2026\\\/02\\\/110-4003710.jpg\",\"datePublished\":\"2026-02-14T14:39:30+00:00\",\"dateModified\":\"2026-02-23T12:47:54+00:00\",\"breadcrumb\":{\"@id\":\"https:\\\/\\\/anadolupet.com.tr\\\/urun\\\/eheim-basis-bastonu-16-22mm-2\\\/#breadcrumb\"},\"inLanguage\":\"en-US\",\"potentialAction\":[{\"@type\":\"ReadAction\",\"target\":[\"https:\\\/\\\/anadolupet.com.tr\\\/urun\\\/eheim-basis-bastonu-16-22mm-2\\\/\"]}]},{\"@type\":\"ImageObject\",\"inLanguage\":\"en-US\",\"@id\":\"https:\\\/\\\/anadolupet.com.tr\\\/urun\\\/eheim-basis-bastonu-16-22mm-2\\\/#primaryimage\",\"url\":\"https:\\\/\\\/anadolupet.com.tr\\\/wp-content\\\/uploads\\\/2026\\\/02\\\/110-4003710.jpg\",\"contentUrl\":\"https:\\\/\\\/anadolupet.com.tr\\\/wp-content\\\/uploads\\\/2026\\\/02\\\/110-4003710.jpg\",\"width\":750,\"height\":750},{\"@type\":\"BreadcrumbList\",\"@id\":\"https:\\\/\\\/anadolupet.com.tr\\\/urun\\\/eheim-basis-bastonu-16-22mm-2\\\/#breadcrumb\",\"itemListElement\":[{\"@type\":\"ListItem\",\"position\":1,\"name\":\"Anasayfa\",\"item\":\"https:\\\/\\\/anadolupet.com.tr\\\/\"},{\"@type\":\"ListItem\",\"position\":2,\"name\":\"\u00dcr\u00fcnler\",\"item\":\"https:\\\/\\\/anadolupet.com.tr\\\/urunler\\\/\"},{\"@type\":\"ListItem\",\"position\":3,\"name\":\"EHEIM Bas\u0131\u015f Bastonu 16-22mm\"}]},{\"@type\":\"WebSite\",\"@id\":\"https:\\\/\\\/anadolupet.com.tr\\\/#website\",\"url\":\"https:\\\/\\\/anadolupet.com.tr\\\/\",\"name\":\"Anadolu Pet Grup\",\"description\":\"Her Can\u0131n \u0130yi Ya\u015fam\u0131 \u0130\u00e7in Biraraday\u0131z\",\"publisher\":{\"@id\":\"https:\\\/\\\/anadolupet.com.tr\\\/#organization\"},\"potentialAction\":[{\"@type\":\"SearchAction\",\"target\":{\"@type\":\"EntryPoint\",\"urlTemplate\":\"https:\\\/\\\/anadolupet.com.tr\\\/?s={search_term_string}\"},\"query-input\":{\"@type\":\"PropertyValueSpecification\",\"valueRequired\":true,\"valueName\":\"search_term_string\"}}],\"inLanguage\":\"en-US\"},{\"@type\":\"Organization\",\"@id\":\"https:\\\/\\\/anadolupet.com.tr\\\/#organization\",\"name\":\"Anadolu Pet Grup\",\"alternateName\":\"Anadolu Pet\",\"url\":\"https:\\\/\\\/anadolupet.com.tr\\\/\",\"logo\":{\"@type\":\"ImageObject\",\"inLanguage\":\"en-US\",\"@id\":\"https:\\\/\\\/anadolupet.com.tr\\\/#\\\/schema\\\/logo\\\/image\\\/\",\"url\":\"https:\\\/\\\/anadolupet.com.tr\\\/wp-content\\\/uploads\\\/2026\\\/03\\\/1614666743370.jpg\",\"contentUrl\":\"https:\\\/\\\/anadolupet.com.tr\\\/wp-content\\\/uploads\\\/2026\\\/03\\\/1614666743370.jpg\",\"width\":800,\"height\":571,\"caption\":\"Anadolu Pet Grup\"},\"image\":{\"@id\":\"https:\\\/\\\/anadolupet.com.tr\\\/#\\\/schema\\\/logo\\\/image\\\/\"}}]}<\/script>\n<!-- \/ Yoast SEO plugin. -->","yoast_head_json":{"title":"EHEIM Bas\u0131\u015f Bastonu 16-22mm - Anadolu Pet Grup","robots":{"index":"index","follow":"follow","max-snippet":"max-snippet:-1","max-image-preview":"max-image-preview:large","max-video-preview":"max-video-preview:-1"},"canonical":"https:\/\/anadolupet.com.tr\/en\/product\/eheim-basis-bastonu-16-22mm-2\/","og_locale":"en_US","og_type":"article","og_title":"EHEIM Bas\u0131\u015f Bastonu 16-22mm - Anadolu Pet Grup","og_description":"EHEIM Outlet Pipe (\u00e7\u0131k\u0131\u015f borusu), akvaryumlarda d\u0131\u015f filtrelerden gelen suyun g\u00fcvenli ve kontroll\u00fc \u015fekilde akvaryuma geri verilmesini sa\u011flayan orijinal ba\u011flant\u0131 par\u00e7as\u0131d\u0131r. Hortum \u00e7ap\u0131 \u00d8 9\/12 mm olan sistemler i\u00e7in \u00f6zel olarak tasarlanm\u0131\u015ft\u0131r. Ye\u015fil renkli tasar\u0131m\u0131 sayesinde akvaryum i\u00e7inde do\u011fal g\u00f6r\u00fcn\u00fcme uyum sa\u011flar. Avantajlar ve \u00d6zellikler Orijinal EHEIM yedek par\u00e7a \u2013 tam uyum ve g\u00fcvenilirlik \u00d8 9\/12 mm hortumlar i\u00e7in uygun Ye\u015fil tasar\u0131m \u2013 akvaryum dekoruna do\u011fal uyum S\u0131zd\u0131rmaz ba\u011flant\u0131 \u2013 g\u00fcvenli su \u00e7\u0131k\u0131\u015f\u0131 Dayan\u0131kl\u0131 plastik malzeme \u2013 uzun \u00f6m\u00fcrl\u00fc kullan\u0131m Kolay montaj \u2013 filtre sistemine h\u0131zl\u0131 entegrasyon","og_url":"https:\/\/anadolupet.com.tr\/en\/product\/eheim-basis-bastonu-16-22mm-2\/","og_site_name":"Anadolu Pet Grup","article_modified_time":"2026-02-23T12:47:54+00:00","og_image":[{"width":750,"height":750,"url":"https:\/\/anadolupet.com.tr\/wp-content\/uploads\/2026\/02\/110-4003710.jpg","type":"image\/jpeg"}],"twitter_card":"summary_large_image","schema":{"@context":"https:\/\/schema.org","@graph":[{"@type":"WebPage","@id":"https:\/\/anadolupet.com.tr\/urun\/eheim-basis-bastonu-16-22mm-2\/","url":"https:\/\/anadolupet.com.tr\/urun\/eheim-basis-bastonu-16-22mm-2\/","name":"EHEIM Bas\u0131\u015f Bastonu 16-22mm - Anadolu Pet Grup","isPartOf":{"@id":"https:\/\/anadolupet.com.tr\/#website"},"primaryImageOfPage":{"@id":"https:\/\/anadolupet.com.tr\/urun\/eheim-basis-bastonu-16-22mm-2\/#primaryimage"},"image":{"@id":"https:\/\/anadolupet.com.tr\/urun\/eheim-basis-bastonu-16-22mm-2\/#primaryimage"},"thumbnailUrl":"https:\/\/anadolupet.com.tr\/wp-content\/uploads\/2026\/02\/110-4003710.jpg","datePublished":"2026-02-14T14:39:30+00:00","dateModified":"2026-02-23T12:47:54+00:00","breadcrumb":{"@id":"https:\/\/anadolupet.com.tr\/urun\/eheim-basis-bastonu-16-22mm-2\/#breadcrumb"},"inLanguage":"en-US","potentialAction":[{"@type":"ReadAction","target":["https:\/\/anadolupet.com.tr\/urun\/eheim-basis-bastonu-16-22mm-2\/"]}]},{"@type":"ImageObject","inLanguage":"en-US","@id":"https:\/\/anadolupet.com.tr\/urun\/eheim-basis-bastonu-16-22mm-2\/#primaryimage","url":"https:\/\/anadolupet.com.tr\/wp-content\/uploads\/2026\/02\/110-4003710.jpg","contentUrl":"https:\/\/anadolupet.com.tr\/wp-content\/uploads\/2026\/02\/110-4003710.jpg","width":750,"height":750},{"@type":"BreadcrumbList","@id":"https:\/\/anadolupet.com.tr\/urun\/eheim-basis-bastonu-16-22mm-2\/#breadcrumb","itemListElement":[{"@type":"ListItem","position":1,"name":"Anasayfa","item":"https:\/\/anadolupet.com.tr\/"},{"@type":"ListItem","position":2,"name":"\u00dcr\u00fcnler","item":"https:\/\/anadolupet.com.tr\/urunler\/"},{"@type":"ListItem","position":3,"name":"EHEIM Bas\u0131\u015f Bastonu 16-22mm"}]},{"@type":"WebSite","@id":"https:\/\/anadolupet.com.tr\/#website","url":"https:\/\/anadolupet.com.tr\/","name":"Anadolu Pet Group","description":"We Stand Together for the Well-Being of Every Life","publisher":{"@id":"https:\/\/anadolupet.com.tr\/#organization"},"potentialAction":[{"@type":"SearchAction","target":{"@type":"EntryPoint","urlTemplate":"https:\/\/anadolupet.com.tr\/?s={search_term_string}"},"query-input":{"@type":"PropertyValueSpecification","valueRequired":true,"valueName":"search_term_string"}}],"inLanguage":"en-US"},{"@type":"Organization","@id":"https:\/\/anadolupet.com.tr\/#organization","name":"Anadolu Pet Group","alternateName":"Anadolu Pet","url":"https:\/\/anadolupet.com.tr\/","logo":{"@type":"ImageObject","inLanguage":"en-US","@id":"https:\/\/anadolupet.com.tr\/#\/schema\/logo\/image\/","url":"https:\/\/anadolupet.com.tr\/wp-content\/uploads\/2026\/03\/1614666743370.jpg","contentUrl":"https:\/\/anadolupet.com.tr\/wp-content\/uploads\/2026\/03\/1614666743370.jpg","width":800,"height":571,"caption":"Anadolu Pet Grup"},"image":{"@id":"https:\/\/anadolupet.com.tr\/#\/schema\/logo\/image\/"}}]}},"_links":{"self":[{"href":"https:\/\/anadolupet.com.tr\/en\/wp-json\/wp\/v2\/product\/44727","targetHints":{"allow":["GET"]}}],"collection":[{"href":"https:\/\/anadolupet.com.tr\/en\/wp-json\/wp\/v2\/product"}],"about":[{"href":"https:\/\/anadolupet.com.tr\/en\/wp-json\/wp\/v2\/types\/product"}],"replies":[{"embeddable":true,"href":"https:\/\/anadolupet.com.tr\/en\/wp-json\/wp\/v2\/comments?post=44727"}],"wp:featuredmedia":[{"embeddable":true,"href":"https:\/\/anadolupet.com.tr\/en\/wp-json\/wp\/v2\/media\/42531"}],"wp:attachment":[{"href":"https:\/\/anadolupet.com.tr\/en\/wp-json\/wp\/v2\/media?parent=44727"}],"wp:term":[{"taxonomy":"product_brand","embeddable":true,"href":"https:\/\/anadolupet.com.tr\/en\/wp-json\/wp\/v2\/product_brand?post=44727"},{"taxonomy":"product_cat","embeddable":true,"href":"https:\/\/anadolupet.com.tr\/en\/wp-json\/wp\/v2\/product_cat?post=44727"},{"taxonomy":"product_tag","embeddable":true,"href":"https:\/\/anadolupet.com.tr\/en\/wp-json\/wp\/v2\/product_tag?post=44727"}],"curies":[{"name":"wp","href":"https:\/\/api.w.org\/{rel}","templated":true}]}}