{"id":44734,"date":"2026-02-14T14:39:30","date_gmt":"2026-02-14T14:39:30","guid":{"rendered":"https:\/\/anadolupet.com.tr\/?post_type=product&#038;p=44734"},"modified":"2026-02-23T12:47:54","modified_gmt":"2026-02-23T12:47:54","slug":"eheim-biopower-240-ic-filtre","status":"publish","type":"product","link":"https:\/\/anadolupet.com.tr\/en\/urun\/eheim-biopower-240-ic-filtre\/","title":{"rendered":"EHEIM Biopower 240 Internal Filter"},"content":{"rendered":"","protected":false},"excerpt":{"rendered":"<p>EHEIM biopower, daha \u00f6nce benzeri g\u00f6r\u00fclmemi\u015f y\u00fcksek performansl\u0131 bir i\u00e7 filtredir. Tam d\u00f6nebilen pompa ba\u015fl\u0131\u011f\u0131, mod\u00fcler yap\u0131s\u0131 ve aquaball konseptinden al\u0131nan yenilik\u00e7i \u00f6zellikleri ile akvaryum filtrasyonunda yeni bir standart sunar.<\/p>\n<p>Biopower\u2019\u0131n en \u00f6zel yan\u0131, d\u0131\u015f filtrelerdeki \u00e7ok katmanl\u0131 filtrasyonu i\u00e7 filtre formunda sunmas\u0131d\u0131r. Kapal\u0131 filtre sepetleri y\u00fcksek verimli filtre malzemeleriyle (\u00f6rne\u011fin SUBSTRATpro) doldurulmu\u015ftur. Alt k\u0131s\u0131mda yer alan giri\u015f sepeti, mekanik-biyolojik \u00f6n filtrasyon i\u00e7in kartu\u015f i\u00e7erir. Su, alttan yukar\u0131ya do\u011fru pompalanarak farkl\u0131 filtre katmanlar\u0131ndan ge\u00e7er ve tamamen temizlenmi\u015f halde akvaryuma geri y\u00f6nlendirilir.<\/p>\n<p>Seri, 80 ila 240 litre akvaryumlar i\u00e7in 3 farkl\u0131 modelle sunulmaktad\u0131r.<\/p>\n<p>Aquaball Konsepti ile D\u0131\u015f Filtre Teknolojisi<br \/>\n\u00c7ok katmanl\u0131 filtrasyon: Su, alt k\u0131s\u0131mdan yukar\u0131ya pompalan\u0131r, filtre katmanlar\u0131ndan ge\u00e7erek temizlenir ve akvaryuma geri d\u00f6ner.<\/p>\n<p>Kapal\u0131 filtre sepetleri \u00f6nceden EHEIM SUBSTRATpro ile doldurulmu\u015ftur. \u0130stenirse farkl\u0131 filtre malzemeleri de kullan\u0131labilir.<\/p>\n<p>Giri\u015f sepeti: Mekanik-biyolojik \u00f6n filtrasyon i\u00e7in kartu\u015f i\u00e7erir.<\/p>\n<p>Pompa ba\u015fl\u0131\u011f\u0131 yuvas\u0131nda ek filtre pedi bulunur.<\/p>\n<p>Mod\u00fcler tasar\u0131m sayesinde filtre hacmi ihtiyaca g\u00f6re art\u0131r\u0131labilir veya azalt\u0131labilir.<\/p>\n<p>ExtensionSET2 ile filtre kapasitesi geni\u015fletilebilir.<\/p>\n<p>Easy-Klick kilitleme sistemi ile filtre sepetleri kolayca tak\u0131l\u0131p \u00e7\u0131kar\u0131labilir.<\/p>\n<p>Mod\u00fcler yap\u0131 sayesinde filtre kartu\u015flar\u0131 farkl\u0131 aral\u0131klarla temizlenebilir, b\u00f6ylece yararl\u0131 bakteri k\u00fclt\u00fcrleri korunur.<\/p>\n<p>Kullan\u0131m Kolayl\u0131\u011f\u0131 ve Esneklik<br \/>\nK\u00fcre \u015feklindeki pompa ba\u015fl\u0131\u011f\u0131 360\u00b0 d\u00f6nebilir, su \u00e7\u0131k\u0131\u015f\u0131 istenilen y\u00f6ne y\u00f6nlendirilebilir.<\/p>\n<p>\u00c7\u0131k\u0131\u015f ak\u0131\u015f\u0131 ve debi, \u00e7\u0131k\u0131\u015f noz\u00fcl\u00fcndeki kontrol d\u00fc\u011fmesiyle ayarlanabilir.<\/p>\n<p>Power-diffusor sayesinde hava giri\u015fi d\u00fczenlenir ve su oksijenle zenginle\u015ftirilir.<\/p>\n<p>Dif\u00fcz\u00f6r yerine farkl\u0131 aksesuar par\u00e7alar\u0131 da kullan\u0131labilir.<\/p>\n<p>Filtre, vantuzlarla cama sabitlenir. Temizlik, mod\u00fcl de\u011fi\u015fimi veya filtre malzemesi eklemek i\u00e7in filtre kolayca yuvas\u0131ndan \u00e7\u0131kar\u0131labilir.<\/p>","protected":false},"featured_media":42323,"comment_status":"open","ping_status":"closed","template":"","meta":{"_acf_changed":false},"product_brand":[],"product_cat":[2392],"product_tag":[],"class_list":{"0":"post-44734","1":"product","2":"type-product","3":"status-publish","4":"has-post-thumbnail","6":"product_cat-ic-filtreler","8":"first","9":"instock","10":"shipping-taxable","11":"product-type-simple"},"acf":[],"yoast_head":"<!-- This site is optimized with the Yoast SEO plugin v27.5 - https:\/\/yoast.com\/product\/yoast-seo-wordpress\/ -->\n<title>EHEIM Biopower 240 \u0130\u00e7 Filtre - Anadolu Pet Grup<\/title>\n<meta name=\"robots\" content=\"index, follow, max-snippet:-1, max-image-preview:large, max-video-preview:-1\" \/>\n<link rel=\"canonical\" href=\"https:\/\/anadolupet.com.tr\/en\/product\/eheim-biopower-240-ic-filtre\/\" \/>\n<meta property=\"og:locale\" content=\"en_US\" \/>\n<meta property=\"og:type\" content=\"article\" \/>\n<meta property=\"og:title\" content=\"EHEIM Biopower 240 \u0130\u00e7 Filtre - Anadolu Pet Grup\" \/>\n<meta property=\"og:description\" content=\"EHEIM biopower, daha \u00f6nce benzeri g\u00f6r\u00fclmemi\u015f y\u00fcksek performansl\u0131 bir i\u00e7 filtredir. Tam d\u00f6nebilen pompa ba\u015fl\u0131\u011f\u0131, mod\u00fcler yap\u0131s\u0131 ve aquaball konseptinden al\u0131nan yenilik\u00e7i \u00f6zellikleri ile akvaryum filtrasyonunda yeni bir standart sunar. Biopower\u2019\u0131n en \u00f6zel yan\u0131, d\u0131\u015f filtrelerdeki \u00e7ok katmanl\u0131 filtrasyonu i\u00e7 filtre formunda sunmas\u0131d\u0131r. Kapal\u0131 filtre sepetleri y\u00fcksek verimli filtre malzemeleriyle (\u00f6rne\u011fin SUBSTRATpro) doldurulmu\u015ftur. Alt k\u0131s\u0131mda yer alan giri\u015f sepeti, mekanik-biyolojik \u00f6n filtrasyon i\u00e7in kartu\u015f i\u00e7erir. Su, alttan yukar\u0131ya do\u011fru pompalanarak farkl\u0131 filtre katmanlar\u0131ndan ge\u00e7er ve tamamen temizlenmi\u015f halde akvaryuma geri y\u00f6nlendirilir. Seri, 80 ila 240 litre akvaryumlar i\u00e7in 3 farkl\u0131 modelle sunulmaktad\u0131r. Aquaball Konsepti ile D\u0131\u015f Filtre Teknolojisi \u00c7ok katmanl\u0131 filtrasyon: Su, alt k\u0131s\u0131mdan yukar\u0131ya pompalan\u0131r, filtre katmanlar\u0131ndan ge\u00e7erek temizlenir ve akvaryuma geri d\u00f6ner. Kapal\u0131 filtre sepetleri \u00f6nceden EHEIM SUBSTRATpro ile doldurulmu\u015ftur. \u0130stenirse farkl\u0131 filtre malzemeleri de kullan\u0131labilir. Giri\u015f sepeti: Mekanik-biyolojik \u00f6n filtrasyon i\u00e7in kartu\u015f i\u00e7erir. Pompa ba\u015fl\u0131\u011f\u0131 yuvas\u0131nda ek filtre pedi bulunur. Mod\u00fcler tasar\u0131m sayesinde filtre hacmi ihtiyaca g\u00f6re art\u0131r\u0131labilir veya azalt\u0131labilir. ExtensionSET2 ile filtre kapasitesi geni\u015fletilebilir. Easy-Klick kilitleme sistemi ile filtre sepetleri kolayca tak\u0131l\u0131p \u00e7\u0131kar\u0131labilir. Mod\u00fcler yap\u0131 sayesinde filtre kartu\u015flar\u0131 farkl\u0131 aral\u0131klarla temizlenebilir, b\u00f6ylece yararl\u0131 bakteri k\u00fclt\u00fcrleri korunur. Kullan\u0131m Kolayl\u0131\u011f\u0131 ve Esneklik K\u00fcre \u015feklindeki pompa ba\u015fl\u0131\u011f\u0131 360\u00b0 d\u00f6nebilir, su \u00e7\u0131k\u0131\u015f\u0131 istenilen y\u00f6ne y\u00f6nlendirilebilir. \u00c7\u0131k\u0131\u015f ak\u0131\u015f\u0131 ve debi, \u00e7\u0131k\u0131\u015f noz\u00fcl\u00fcndeki kontrol d\u00fc\u011fmesiyle ayarlanabilir. Power-diffusor sayesinde hava giri\u015fi d\u00fczenlenir ve su oksijenle zenginle\u015ftirilir. Dif\u00fcz\u00f6r yerine farkl\u0131 aksesuar par\u00e7alar\u0131 da kullan\u0131labilir. Filtre, vantuzlarla cama sabitlenir. Temizlik, mod\u00fcl de\u011fi\u015fimi veya filtre malzemesi eklemek i\u00e7in filtre kolayca yuvas\u0131ndan \u00e7\u0131kar\u0131labilir.\" \/>\n<meta property=\"og:url\" content=\"https:\/\/anadolupet.com.tr\/en\/product\/eheim-biopower-240-ic-filtre\/\" \/>\n<meta property=\"og:site_name\" content=\"Anadolu Pet Grup\" \/>\n<meta property=\"article:modified_time\" content=\"2026-02-23T12:47:54+00:00\" \/>\n<meta property=\"og:image\" content=\"https:\/\/anadolupet.com.tr\/wp-content\/uploads\/2026\/02\/105-2413020.jpg\" \/>\n\t<meta property=\"og:image:width\" content=\"750\" \/>\n\t<meta property=\"og:image:height\" content=\"750\" \/>\n\t<meta property=\"og:image:type\" content=\"image\/jpeg\" \/>\n<meta name=\"twitter:card\" content=\"summary_large_image\" \/>\n<script type=\"application\/ld+json\" class=\"yoast-schema-graph\">{\"@context\":\"https:\\\/\\\/schema.org\",\"@graph\":[{\"@type\":\"WebPage\",\"@id\":\"https:\\\/\\\/anadolupet.com.tr\\\/urun\\\/eheim-biopower-240-ic-filtre\\\/\",\"url\":\"https:\\\/\\\/anadolupet.com.tr\\\/urun\\\/eheim-biopower-240-ic-filtre\\\/\",\"name\":\"EHEIM Biopower 240 \u0130\u00e7 Filtre - Anadolu Pet Grup\",\"isPartOf\":{\"@id\":\"https:\\\/\\\/anadolupet.com.tr\\\/#website\"},\"primaryImageOfPage\":{\"@id\":\"https:\\\/\\\/anadolupet.com.tr\\\/urun\\\/eheim-biopower-240-ic-filtre\\\/#primaryimage\"},\"image\":{\"@id\":\"https:\\\/\\\/anadolupet.com.tr\\\/urun\\\/eheim-biopower-240-ic-filtre\\\/#primaryimage\"},\"thumbnailUrl\":\"https:\\\/\\\/anadolupet.com.tr\\\/wp-content\\\/uploads\\\/2026\\\/02\\\/105-2413020.jpg\",\"datePublished\":\"2026-02-14T14:39:30+00:00\",\"dateModified\":\"2026-02-23T12:47:54+00:00\",\"breadcrumb\":{\"@id\":\"https:\\\/\\\/anadolupet.com.tr\\\/urun\\\/eheim-biopower-240-ic-filtre\\\/#breadcrumb\"},\"inLanguage\":\"en-US\",\"potentialAction\":[{\"@type\":\"ReadAction\",\"target\":[\"https:\\\/\\\/anadolupet.com.tr\\\/urun\\\/eheim-biopower-240-ic-filtre\\\/\"]}]},{\"@type\":\"ImageObject\",\"inLanguage\":\"en-US\",\"@id\":\"https:\\\/\\\/anadolupet.com.tr\\\/urun\\\/eheim-biopower-240-ic-filtre\\\/#primaryimage\",\"url\":\"https:\\\/\\\/anadolupet.com.tr\\\/wp-content\\\/uploads\\\/2026\\\/02\\\/105-2413020.jpg\",\"contentUrl\":\"https:\\\/\\\/anadolupet.com.tr\\\/wp-content\\\/uploads\\\/2026\\\/02\\\/105-2413020.jpg\",\"width\":750,\"height\":750},{\"@type\":\"BreadcrumbList\",\"@id\":\"https:\\\/\\\/anadolupet.com.tr\\\/urun\\\/eheim-biopower-240-ic-filtre\\\/#breadcrumb\",\"itemListElement\":[{\"@type\":\"ListItem\",\"position\":1,\"name\":\"Anasayfa\",\"item\":\"https:\\\/\\\/anadolupet.com.tr\\\/\"},{\"@type\":\"ListItem\",\"position\":2,\"name\":\"\u00dcr\u00fcnler\",\"item\":\"https:\\\/\\\/anadolupet.com.tr\\\/urunler\\\/\"},{\"@type\":\"ListItem\",\"position\":3,\"name\":\"EHEIM Biopower 240 \u0130\u00e7 Filtre\"}]},{\"@type\":\"WebSite\",\"@id\":\"https:\\\/\\\/anadolupet.com.tr\\\/#website\",\"url\":\"https:\\\/\\\/anadolupet.com.tr\\\/\",\"name\":\"Anadolu Pet Grup\",\"description\":\"Her Can\u0131n \u0130yi Ya\u015fam\u0131 \u0130\u00e7in Biraraday\u0131z\",\"publisher\":{\"@id\":\"https:\\\/\\\/anadolupet.com.tr\\\/#organization\"},\"potentialAction\":[{\"@type\":\"SearchAction\",\"target\":{\"@type\":\"EntryPoint\",\"urlTemplate\":\"https:\\\/\\\/anadolupet.com.tr\\\/?s={search_term_string}\"},\"query-input\":{\"@type\":\"PropertyValueSpecification\",\"valueRequired\":true,\"valueName\":\"search_term_string\"}}],\"inLanguage\":\"en-US\"},{\"@type\":\"Organization\",\"@id\":\"https:\\\/\\\/anadolupet.com.tr\\\/#organization\",\"name\":\"Anadolu Pet Grup\",\"alternateName\":\"Anadolu Pet\",\"url\":\"https:\\\/\\\/anadolupet.com.tr\\\/\",\"logo\":{\"@type\":\"ImageObject\",\"inLanguage\":\"en-US\",\"@id\":\"https:\\\/\\\/anadolupet.com.tr\\\/#\\\/schema\\\/logo\\\/image\\\/\",\"url\":\"https:\\\/\\\/anadolupet.com.tr\\\/wp-content\\\/uploads\\\/2026\\\/03\\\/1614666743370.jpg\",\"contentUrl\":\"https:\\\/\\\/anadolupet.com.tr\\\/wp-content\\\/uploads\\\/2026\\\/03\\\/1614666743370.jpg\",\"width\":800,\"height\":571,\"caption\":\"Anadolu Pet Grup\"},\"image\":{\"@id\":\"https:\\\/\\\/anadolupet.com.tr\\\/#\\\/schema\\\/logo\\\/image\\\/\"}}]}<\/script>\n<!-- \/ Yoast SEO plugin. -->","yoast_head_json":{"title":"EHEIM Biopower 240 \u0130\u00e7 Filtre - Anadolu Pet Grup","robots":{"index":"index","follow":"follow","max-snippet":"max-snippet:-1","max-image-preview":"max-image-preview:large","max-video-preview":"max-video-preview:-1"},"canonical":"https:\/\/anadolupet.com.tr\/en\/product\/eheim-biopower-240-ic-filtre\/","og_locale":"en_US","og_type":"article","og_title":"EHEIM Biopower 240 \u0130\u00e7 Filtre - Anadolu Pet Grup","og_description":"EHEIM biopower, daha \u00f6nce benzeri g\u00f6r\u00fclmemi\u015f y\u00fcksek performansl\u0131 bir i\u00e7 filtredir. Tam d\u00f6nebilen pompa ba\u015fl\u0131\u011f\u0131, mod\u00fcler yap\u0131s\u0131 ve aquaball konseptinden al\u0131nan yenilik\u00e7i \u00f6zellikleri ile akvaryum filtrasyonunda yeni bir standart sunar. Biopower\u2019\u0131n en \u00f6zel yan\u0131, d\u0131\u015f filtrelerdeki \u00e7ok katmanl\u0131 filtrasyonu i\u00e7 filtre formunda sunmas\u0131d\u0131r. Kapal\u0131 filtre sepetleri y\u00fcksek verimli filtre malzemeleriyle (\u00f6rne\u011fin SUBSTRATpro) doldurulmu\u015ftur. Alt k\u0131s\u0131mda yer alan giri\u015f sepeti, mekanik-biyolojik \u00f6n filtrasyon i\u00e7in kartu\u015f i\u00e7erir. Su, alttan yukar\u0131ya do\u011fru pompalanarak farkl\u0131 filtre katmanlar\u0131ndan ge\u00e7er ve tamamen temizlenmi\u015f halde akvaryuma geri y\u00f6nlendirilir. Seri, 80 ila 240 litre akvaryumlar i\u00e7in 3 farkl\u0131 modelle sunulmaktad\u0131r. Aquaball Konsepti ile D\u0131\u015f Filtre Teknolojisi \u00c7ok katmanl\u0131 filtrasyon: Su, alt k\u0131s\u0131mdan yukar\u0131ya pompalan\u0131r, filtre katmanlar\u0131ndan ge\u00e7erek temizlenir ve akvaryuma geri d\u00f6ner. Kapal\u0131 filtre sepetleri \u00f6nceden EHEIM SUBSTRATpro ile doldurulmu\u015ftur. \u0130stenirse farkl\u0131 filtre malzemeleri de kullan\u0131labilir. Giri\u015f sepeti: Mekanik-biyolojik \u00f6n filtrasyon i\u00e7in kartu\u015f i\u00e7erir. Pompa ba\u015fl\u0131\u011f\u0131 yuvas\u0131nda ek filtre pedi bulunur. Mod\u00fcler tasar\u0131m sayesinde filtre hacmi ihtiyaca g\u00f6re art\u0131r\u0131labilir veya azalt\u0131labilir. ExtensionSET2 ile filtre kapasitesi geni\u015fletilebilir. Easy-Klick kilitleme sistemi ile filtre sepetleri kolayca tak\u0131l\u0131p \u00e7\u0131kar\u0131labilir. Mod\u00fcler yap\u0131 sayesinde filtre kartu\u015flar\u0131 farkl\u0131 aral\u0131klarla temizlenebilir, b\u00f6ylece yararl\u0131 bakteri k\u00fclt\u00fcrleri korunur. Kullan\u0131m Kolayl\u0131\u011f\u0131 ve Esneklik K\u00fcre \u015feklindeki pompa ba\u015fl\u0131\u011f\u0131 360\u00b0 d\u00f6nebilir, su \u00e7\u0131k\u0131\u015f\u0131 istenilen y\u00f6ne y\u00f6nlendirilebilir. \u00c7\u0131k\u0131\u015f ak\u0131\u015f\u0131 ve debi, \u00e7\u0131k\u0131\u015f noz\u00fcl\u00fcndeki kontrol d\u00fc\u011fmesiyle ayarlanabilir. Power-diffusor sayesinde hava giri\u015fi d\u00fczenlenir ve su oksijenle zenginle\u015ftirilir. Dif\u00fcz\u00f6r yerine farkl\u0131 aksesuar par\u00e7alar\u0131 da kullan\u0131labilir. Filtre, vantuzlarla cama sabitlenir. Temizlik, mod\u00fcl de\u011fi\u015fimi veya filtre malzemesi eklemek i\u00e7in filtre kolayca yuvas\u0131ndan \u00e7\u0131kar\u0131labilir.","og_url":"https:\/\/anadolupet.com.tr\/en\/product\/eheim-biopower-240-ic-filtre\/","og_site_name":"Anadolu Pet Grup","article_modified_time":"2026-02-23T12:47:54+00:00","og_image":[{"width":750,"height":750,"url":"https:\/\/anadolupet.com.tr\/wp-content\/uploads\/2026\/02\/105-2413020.jpg","type":"image\/jpeg"}],"twitter_card":"summary_large_image","schema":{"@context":"https:\/\/schema.org","@graph":[{"@type":"WebPage","@id":"https:\/\/anadolupet.com.tr\/urun\/eheim-biopower-240-ic-filtre\/","url":"https:\/\/anadolupet.com.tr\/urun\/eheim-biopower-240-ic-filtre\/","name":"EHEIM Biopower 240 \u0130\u00e7 Filtre - Anadolu Pet Grup","isPartOf":{"@id":"https:\/\/anadolupet.com.tr\/#website"},"primaryImageOfPage":{"@id":"https:\/\/anadolupet.com.tr\/urun\/eheim-biopower-240-ic-filtre\/#primaryimage"},"image":{"@id":"https:\/\/anadolupet.com.tr\/urun\/eheim-biopower-240-ic-filtre\/#primaryimage"},"thumbnailUrl":"https:\/\/anadolupet.com.tr\/wp-content\/uploads\/2026\/02\/105-2413020.jpg","datePublished":"2026-02-14T14:39:30+00:00","dateModified":"2026-02-23T12:47:54+00:00","breadcrumb":{"@id":"https:\/\/anadolupet.com.tr\/urun\/eheim-biopower-240-ic-filtre\/#breadcrumb"},"inLanguage":"en-US","potentialAction":[{"@type":"ReadAction","target":["https:\/\/anadolupet.com.tr\/urun\/eheim-biopower-240-ic-filtre\/"]}]},{"@type":"ImageObject","inLanguage":"en-US","@id":"https:\/\/anadolupet.com.tr\/urun\/eheim-biopower-240-ic-filtre\/#primaryimage","url":"https:\/\/anadolupet.com.tr\/wp-content\/uploads\/2026\/02\/105-2413020.jpg","contentUrl":"https:\/\/anadolupet.com.tr\/wp-content\/uploads\/2026\/02\/105-2413020.jpg","width":750,"height":750},{"@type":"BreadcrumbList","@id":"https:\/\/anadolupet.com.tr\/urun\/eheim-biopower-240-ic-filtre\/#breadcrumb","itemListElement":[{"@type":"ListItem","position":1,"name":"Anasayfa","item":"https:\/\/anadolupet.com.tr\/"},{"@type":"ListItem","position":2,"name":"\u00dcr\u00fcnler","item":"https:\/\/anadolupet.com.tr\/urunler\/"},{"@type":"ListItem","position":3,"name":"EHEIM Biopower 240 \u0130\u00e7 Filtre"}]},{"@type":"WebSite","@id":"https:\/\/anadolupet.com.tr\/#website","url":"https:\/\/anadolupet.com.tr\/","name":"Anadolu Pet Group","description":"We Stand Together for the Well-Being of Every Life","publisher":{"@id":"https:\/\/anadolupet.com.tr\/#organization"},"potentialAction":[{"@type":"SearchAction","target":{"@type":"EntryPoint","urlTemplate":"https:\/\/anadolupet.com.tr\/?s={search_term_string}"},"query-input":{"@type":"PropertyValueSpecification","valueRequired":true,"valueName":"search_term_string"}}],"inLanguage":"en-US"},{"@type":"Organization","@id":"https:\/\/anadolupet.com.tr\/#organization","name":"Anadolu Pet Group","alternateName":"Anadolu Pet","url":"https:\/\/anadolupet.com.tr\/","logo":{"@type":"ImageObject","inLanguage":"en-US","@id":"https:\/\/anadolupet.com.tr\/#\/schema\/logo\/image\/","url":"https:\/\/anadolupet.com.tr\/wp-content\/uploads\/2026\/03\/1614666743370.jpg","contentUrl":"https:\/\/anadolupet.com.tr\/wp-content\/uploads\/2026\/03\/1614666743370.jpg","width":800,"height":571,"caption":"Anadolu Pet Grup"},"image":{"@id":"https:\/\/anadolupet.com.tr\/#\/schema\/logo\/image\/"}}]}},"_links":{"self":[{"href":"https:\/\/anadolupet.com.tr\/en\/wp-json\/wp\/v2\/product\/44734","targetHints":{"allow":["GET"]}}],"collection":[{"href":"https:\/\/anadolupet.com.tr\/en\/wp-json\/wp\/v2\/product"}],"about":[{"href":"https:\/\/anadolupet.com.tr\/en\/wp-json\/wp\/v2\/types\/product"}],"replies":[{"embeddable":true,"href":"https:\/\/anadolupet.com.tr\/en\/wp-json\/wp\/v2\/comments?post=44734"}],"wp:featuredmedia":[{"embeddable":true,"href":"https:\/\/anadolupet.com.tr\/en\/wp-json\/wp\/v2\/media\/42323"}],"wp:attachment":[{"href":"https:\/\/anadolupet.com.tr\/en\/wp-json\/wp\/v2\/media?parent=44734"}],"wp:term":[{"taxonomy":"product_brand","embeddable":true,"href":"https:\/\/anadolupet.com.tr\/en\/wp-json\/wp\/v2\/product_brand?post=44734"},{"taxonomy":"product_cat","embeddable":true,"href":"https:\/\/anadolupet.com.tr\/en\/wp-json\/wp\/v2\/product_cat?post=44734"},{"taxonomy":"product_tag","embeddable":true,"href":"https:\/\/anadolupet.com.tr\/en\/wp-json\/wp\/v2\/product_tag?post=44734"}],"curies":[{"name":"wp","href":"https:\/\/api.w.org\/{rel}","templated":true}]}}