{"id":44736,"date":"2026-02-14T14:39:30","date_gmt":"2026-02-14T14:39:30","guid":{"rendered":"https:\/\/anadolupet.com.tr\/?post_type=product&#038;p=44736"},"modified":"2026-02-23T12:47:54","modified_gmt":"2026-02-23T12:47:54","slug":"eheim-biopower-sunger-2li","status":"publish","type":"product","link":"https:\/\/anadolupet.com.tr\/en\/urun\/eheim-biopower-sunger-2li\/","title":{"rendered":"EHEIM Biopower Sponge 2 pcs"},"content":{"rendered":"","protected":false},"excerpt":{"rendered":"<p>EHEIM filtre kartu\u015flar\u0131, akvaryum suyunun hem mekanik hem biyolojik filtrasyonu i\u00e7in geli\u015ftirilmi\u015ftir. G\u00f6zenekli k\u00f6p\u00fck yap\u0131s\u0131 sayesinde su i\u00e7indeki kir par\u00e7ac\u0131klar\u0131 etkili \u015fekilde tutulur. Ayn\u0131 zamanda geni\u015f y\u00fczey alan\u0131, yararl\u0131 bakterilerin kolonile\u015fmesi i\u00e7in ideal ortam sa\u011flar.<br \/>\nK\u0131sa bir kullan\u0131m s\u00fcresinden sonra kartu\u015flar yaln\u0131zca mekanik temizlik yapmakla kalmaz, ayn\u0131 zamanda zararl\u0131 maddelerin biyolojik olarak par\u00e7alanmas\u0131na da katk\u0131da bulunur. Defalarca kullan\u0131labilir ve kolayca temizlenebilir.<br \/>\n\u00d6ne \u00c7\u0131kan \u00d6zellikler<br \/>\nMekanik Filtrasyon: G\u00f6zenekli k\u00f6p\u00fck kir par\u00e7ac\u0131klar\u0131n\u0131 etkili \u015fekilde yakalar.<br \/>\nBiyolojik Destek: P\u00fcr\u00fczl\u00fc y\u00fczey yap\u0131s\u0131, yararl\u0131 bakterilerin kolonile\u015fmesi i\u00e7in geni\u015f alan sunar.<br \/>\nUzun \u00d6m\u00fcrl\u00fc Kullan\u0131m: Defalarca kullan\u0131labilir.<br \/>\nKolay Temizlik: Sadece durulay\u0131p s\u0131kmak yeterlidir, bakteriler tamamen yok edilmez.<\/p>","protected":false},"featured_media":42387,"comment_status":"open","ping_status":"closed","template":"","meta":{"_acf_changed":false},"product_brand":[],"product_cat":[2412],"product_tag":[],"class_list":{"0":"post-44736","1":"product","2":"type-product","3":"status-publish","4":"has-post-thumbnail","6":"product_cat-sunger-ve-elyaflar","8":"first","9":"instock","10":"shipping-taxable","11":"product-type-simple"},"acf":[],"yoast_head":"<!-- This site is optimized with the Yoast SEO plugin v27.5 - https:\/\/yoast.com\/product\/yoast-seo-wordpress\/ -->\n<title>EHEIM Biopower S\u00fcnger 2&#039;li - Anadolu Pet Grup<\/title>\n<meta name=\"robots\" content=\"index, follow, max-snippet:-1, max-image-preview:large, max-video-preview:-1\" \/>\n<link rel=\"canonical\" href=\"https:\/\/anadolupet.com.tr\/en\/product\/eheim-biopower-sunger-2li\/\" \/>\n<meta property=\"og:locale\" content=\"en_US\" \/>\n<meta property=\"og:type\" content=\"article\" \/>\n<meta property=\"og:title\" content=\"EHEIM Biopower S\u00fcnger 2&#039;li - Anadolu Pet Grup\" \/>\n<meta property=\"og:description\" content=\"EHEIM filtre kartu\u015flar\u0131, akvaryum suyunun hem mekanik hem biyolojik filtrasyonu i\u00e7in geli\u015ftirilmi\u015ftir. G\u00f6zenekli k\u00f6p\u00fck yap\u0131s\u0131 sayesinde su i\u00e7indeki kir par\u00e7ac\u0131klar\u0131 etkili \u015fekilde tutulur. Ayn\u0131 zamanda geni\u015f y\u00fczey alan\u0131, yararl\u0131 bakterilerin kolonile\u015fmesi i\u00e7in ideal ortam sa\u011flar. K\u0131sa bir kullan\u0131m s\u00fcresinden sonra kartu\u015flar yaln\u0131zca mekanik temizlik yapmakla kalmaz, ayn\u0131 zamanda zararl\u0131 maddelerin biyolojik olarak par\u00e7alanmas\u0131na da katk\u0131da bulunur. Defalarca kullan\u0131labilir ve kolayca temizlenebilir. \u00d6ne \u00c7\u0131kan \u00d6zellikler Mekanik Filtrasyon: G\u00f6zenekli k\u00f6p\u00fck kir par\u00e7ac\u0131klar\u0131n\u0131 etkili \u015fekilde yakalar. Biyolojik Destek: P\u00fcr\u00fczl\u00fc y\u00fczey yap\u0131s\u0131, yararl\u0131 bakterilerin kolonile\u015fmesi i\u00e7in geni\u015f alan sunar. Uzun \u00d6m\u00fcrl\u00fc Kullan\u0131m: Defalarca kullan\u0131labilir. Kolay Temizlik: Sadece durulay\u0131p s\u0131kmak yeterlidir, bakteriler tamamen yok edilmez.\" \/>\n<meta property=\"og:url\" content=\"https:\/\/anadolupet.com.tr\/en\/product\/eheim-biopower-sunger-2li\/\" \/>\n<meta property=\"og:site_name\" content=\"Anadolu Pet Grup\" \/>\n<meta property=\"article:modified_time\" content=\"2026-02-23T12:47:54+00:00\" \/>\n<meta property=\"og:image\" content=\"https:\/\/anadolupet.com.tr\/wp-content\/uploads\/2026\/02\/105-2618080.jpg\" \/>\n\t<meta property=\"og:image:width\" content=\"750\" \/>\n\t<meta property=\"og:image:height\" content=\"750\" \/>\n\t<meta property=\"og:image:type\" content=\"image\/jpeg\" \/>\n<meta name=\"twitter:card\" content=\"summary_large_image\" \/>\n<script type=\"application\/ld+json\" class=\"yoast-schema-graph\">{\"@context\":\"https:\\\/\\\/schema.org\",\"@graph\":[{\"@type\":\"WebPage\",\"@id\":\"https:\\\/\\\/anadolupet.com.tr\\\/urun\\\/eheim-biopower-sunger-2li\\\/\",\"url\":\"https:\\\/\\\/anadolupet.com.tr\\\/urun\\\/eheim-biopower-sunger-2li\\\/\",\"name\":\"EHEIM Biopower S\u00fcnger 2'li - Anadolu Pet Grup\",\"isPartOf\":{\"@id\":\"https:\\\/\\\/anadolupet.com.tr\\\/#website\"},\"primaryImageOfPage\":{\"@id\":\"https:\\\/\\\/anadolupet.com.tr\\\/urun\\\/eheim-biopower-sunger-2li\\\/#primaryimage\"},\"image\":{\"@id\":\"https:\\\/\\\/anadolupet.com.tr\\\/urun\\\/eheim-biopower-sunger-2li\\\/#primaryimage\"},\"thumbnailUrl\":\"https:\\\/\\\/anadolupet.com.tr\\\/wp-content\\\/uploads\\\/2026\\\/02\\\/105-2618080.jpg\",\"datePublished\":\"2026-02-14T14:39:30+00:00\",\"dateModified\":\"2026-02-23T12:47:54+00:00\",\"breadcrumb\":{\"@id\":\"https:\\\/\\\/anadolupet.com.tr\\\/urun\\\/eheim-biopower-sunger-2li\\\/#breadcrumb\"},\"inLanguage\":\"en-US\",\"potentialAction\":[{\"@type\":\"ReadAction\",\"target\":[\"https:\\\/\\\/anadolupet.com.tr\\\/urun\\\/eheim-biopower-sunger-2li\\\/\"]}]},{\"@type\":\"ImageObject\",\"inLanguage\":\"en-US\",\"@id\":\"https:\\\/\\\/anadolupet.com.tr\\\/urun\\\/eheim-biopower-sunger-2li\\\/#primaryimage\",\"url\":\"https:\\\/\\\/anadolupet.com.tr\\\/wp-content\\\/uploads\\\/2026\\\/02\\\/105-2618080.jpg\",\"contentUrl\":\"https:\\\/\\\/anadolupet.com.tr\\\/wp-content\\\/uploads\\\/2026\\\/02\\\/105-2618080.jpg\",\"width\":750,\"height\":750},{\"@type\":\"BreadcrumbList\",\"@id\":\"https:\\\/\\\/anadolupet.com.tr\\\/urun\\\/eheim-biopower-sunger-2li\\\/#breadcrumb\",\"itemListElement\":[{\"@type\":\"ListItem\",\"position\":1,\"name\":\"Anasayfa\",\"item\":\"https:\\\/\\\/anadolupet.com.tr\\\/\"},{\"@type\":\"ListItem\",\"position\":2,\"name\":\"\u00dcr\u00fcnler\",\"item\":\"https:\\\/\\\/anadolupet.com.tr\\\/urunler\\\/\"},{\"@type\":\"ListItem\",\"position\":3,\"name\":\"EHEIM Biopower S\u00fcnger 2&#8217;li\"}]},{\"@type\":\"WebSite\",\"@id\":\"https:\\\/\\\/anadolupet.com.tr\\\/#website\",\"url\":\"https:\\\/\\\/anadolupet.com.tr\\\/\",\"name\":\"Anadolu Pet Grup\",\"description\":\"Her Can\u0131n \u0130yi Ya\u015fam\u0131 \u0130\u00e7in Biraraday\u0131z\",\"publisher\":{\"@id\":\"https:\\\/\\\/anadolupet.com.tr\\\/#organization\"},\"potentialAction\":[{\"@type\":\"SearchAction\",\"target\":{\"@type\":\"EntryPoint\",\"urlTemplate\":\"https:\\\/\\\/anadolupet.com.tr\\\/?s={search_term_string}\"},\"query-input\":{\"@type\":\"PropertyValueSpecification\",\"valueRequired\":true,\"valueName\":\"search_term_string\"}}],\"inLanguage\":\"en-US\"},{\"@type\":\"Organization\",\"@id\":\"https:\\\/\\\/anadolupet.com.tr\\\/#organization\",\"name\":\"Anadolu Pet Grup\",\"alternateName\":\"Anadolu Pet\",\"url\":\"https:\\\/\\\/anadolupet.com.tr\\\/\",\"logo\":{\"@type\":\"ImageObject\",\"inLanguage\":\"en-US\",\"@id\":\"https:\\\/\\\/anadolupet.com.tr\\\/#\\\/schema\\\/logo\\\/image\\\/\",\"url\":\"https:\\\/\\\/anadolupet.com.tr\\\/wp-content\\\/uploads\\\/2026\\\/03\\\/1614666743370.jpg\",\"contentUrl\":\"https:\\\/\\\/anadolupet.com.tr\\\/wp-content\\\/uploads\\\/2026\\\/03\\\/1614666743370.jpg\",\"width\":800,\"height\":571,\"caption\":\"Anadolu Pet Grup\"},\"image\":{\"@id\":\"https:\\\/\\\/anadolupet.com.tr\\\/#\\\/schema\\\/logo\\\/image\\\/\"}}]}<\/script>\n<!-- \/ Yoast SEO plugin. -->","yoast_head_json":{"title":"EHEIM Biopower S\u00fcnger 2'li - Anadolu Pet Grup","robots":{"index":"index","follow":"follow","max-snippet":"max-snippet:-1","max-image-preview":"max-image-preview:large","max-video-preview":"max-video-preview:-1"},"canonical":"https:\/\/anadolupet.com.tr\/en\/product\/eheim-biopower-sunger-2li\/","og_locale":"en_US","og_type":"article","og_title":"EHEIM Biopower S\u00fcnger 2'li - Anadolu Pet Grup","og_description":"EHEIM filtre kartu\u015flar\u0131, akvaryum suyunun hem mekanik hem biyolojik filtrasyonu i\u00e7in geli\u015ftirilmi\u015ftir. G\u00f6zenekli k\u00f6p\u00fck yap\u0131s\u0131 sayesinde su i\u00e7indeki kir par\u00e7ac\u0131klar\u0131 etkili \u015fekilde tutulur. Ayn\u0131 zamanda geni\u015f y\u00fczey alan\u0131, yararl\u0131 bakterilerin kolonile\u015fmesi i\u00e7in ideal ortam sa\u011flar. K\u0131sa bir kullan\u0131m s\u00fcresinden sonra kartu\u015flar yaln\u0131zca mekanik temizlik yapmakla kalmaz, ayn\u0131 zamanda zararl\u0131 maddelerin biyolojik olarak par\u00e7alanmas\u0131na da katk\u0131da bulunur. Defalarca kullan\u0131labilir ve kolayca temizlenebilir. \u00d6ne \u00c7\u0131kan \u00d6zellikler Mekanik Filtrasyon: G\u00f6zenekli k\u00f6p\u00fck kir par\u00e7ac\u0131klar\u0131n\u0131 etkili \u015fekilde yakalar. Biyolojik Destek: P\u00fcr\u00fczl\u00fc y\u00fczey yap\u0131s\u0131, yararl\u0131 bakterilerin kolonile\u015fmesi i\u00e7in geni\u015f alan sunar. Uzun \u00d6m\u00fcrl\u00fc Kullan\u0131m: Defalarca kullan\u0131labilir. Kolay Temizlik: Sadece durulay\u0131p s\u0131kmak yeterlidir, bakteriler tamamen yok edilmez.","og_url":"https:\/\/anadolupet.com.tr\/en\/product\/eheim-biopower-sunger-2li\/","og_site_name":"Anadolu Pet Grup","article_modified_time":"2026-02-23T12:47:54+00:00","og_image":[{"width":750,"height":750,"url":"https:\/\/anadolupet.com.tr\/wp-content\/uploads\/2026\/02\/105-2618080.jpg","type":"image\/jpeg"}],"twitter_card":"summary_large_image","schema":{"@context":"https:\/\/schema.org","@graph":[{"@type":"WebPage","@id":"https:\/\/anadolupet.com.tr\/urun\/eheim-biopower-sunger-2li\/","url":"https:\/\/anadolupet.com.tr\/urun\/eheim-biopower-sunger-2li\/","name":"EHEIM Biopower S\u00fcnger 2'li - Anadolu Pet Grup","isPartOf":{"@id":"https:\/\/anadolupet.com.tr\/#website"},"primaryImageOfPage":{"@id":"https:\/\/anadolupet.com.tr\/urun\/eheim-biopower-sunger-2li\/#primaryimage"},"image":{"@id":"https:\/\/anadolupet.com.tr\/urun\/eheim-biopower-sunger-2li\/#primaryimage"},"thumbnailUrl":"https:\/\/anadolupet.com.tr\/wp-content\/uploads\/2026\/02\/105-2618080.jpg","datePublished":"2026-02-14T14:39:30+00:00","dateModified":"2026-02-23T12:47:54+00:00","breadcrumb":{"@id":"https:\/\/anadolupet.com.tr\/urun\/eheim-biopower-sunger-2li\/#breadcrumb"},"inLanguage":"en-US","potentialAction":[{"@type":"ReadAction","target":["https:\/\/anadolupet.com.tr\/urun\/eheim-biopower-sunger-2li\/"]}]},{"@type":"ImageObject","inLanguage":"en-US","@id":"https:\/\/anadolupet.com.tr\/urun\/eheim-biopower-sunger-2li\/#primaryimage","url":"https:\/\/anadolupet.com.tr\/wp-content\/uploads\/2026\/02\/105-2618080.jpg","contentUrl":"https:\/\/anadolupet.com.tr\/wp-content\/uploads\/2026\/02\/105-2618080.jpg","width":750,"height":750},{"@type":"BreadcrumbList","@id":"https:\/\/anadolupet.com.tr\/urun\/eheim-biopower-sunger-2li\/#breadcrumb","itemListElement":[{"@type":"ListItem","position":1,"name":"Anasayfa","item":"https:\/\/anadolupet.com.tr\/"},{"@type":"ListItem","position":2,"name":"\u00dcr\u00fcnler","item":"https:\/\/anadolupet.com.tr\/urunler\/"},{"@type":"ListItem","position":3,"name":"EHEIM Biopower S\u00fcnger 2&#8217;li"}]},{"@type":"WebSite","@id":"https:\/\/anadolupet.com.tr\/#website","url":"https:\/\/anadolupet.com.tr\/","name":"Anadolu Pet Group","description":"We Stand Together for the Well-Being of Every Life","publisher":{"@id":"https:\/\/anadolupet.com.tr\/#organization"},"potentialAction":[{"@type":"SearchAction","target":{"@type":"EntryPoint","urlTemplate":"https:\/\/anadolupet.com.tr\/?s={search_term_string}"},"query-input":{"@type":"PropertyValueSpecification","valueRequired":true,"valueName":"search_term_string"}}],"inLanguage":"en-US"},{"@type":"Organization","@id":"https:\/\/anadolupet.com.tr\/#organization","name":"Anadolu Pet Group","alternateName":"Anadolu Pet","url":"https:\/\/anadolupet.com.tr\/","logo":{"@type":"ImageObject","inLanguage":"en-US","@id":"https:\/\/anadolupet.com.tr\/#\/schema\/logo\/image\/","url":"https:\/\/anadolupet.com.tr\/wp-content\/uploads\/2026\/03\/1614666743370.jpg","contentUrl":"https:\/\/anadolupet.com.tr\/wp-content\/uploads\/2026\/03\/1614666743370.jpg","width":800,"height":571,"caption":"Anadolu Pet Grup"},"image":{"@id":"https:\/\/anadolupet.com.tr\/#\/schema\/logo\/image\/"}}]}},"_links":{"self":[{"href":"https:\/\/anadolupet.com.tr\/en\/wp-json\/wp\/v2\/product\/44736","targetHints":{"allow":["GET"]}}],"collection":[{"href":"https:\/\/anadolupet.com.tr\/en\/wp-json\/wp\/v2\/product"}],"about":[{"href":"https:\/\/anadolupet.com.tr\/en\/wp-json\/wp\/v2\/types\/product"}],"replies":[{"embeddable":true,"href":"https:\/\/anadolupet.com.tr\/en\/wp-json\/wp\/v2\/comments?post=44736"}],"wp:featuredmedia":[{"embeddable":true,"href":"https:\/\/anadolupet.com.tr\/en\/wp-json\/wp\/v2\/media\/42387"}],"wp:attachment":[{"href":"https:\/\/anadolupet.com.tr\/en\/wp-json\/wp\/v2\/media?parent=44736"}],"wp:term":[{"taxonomy":"product_brand","embeddable":true,"href":"https:\/\/anadolupet.com.tr\/en\/wp-json\/wp\/v2\/product_brand?post=44736"},{"taxonomy":"product_cat","embeddable":true,"href":"https:\/\/anadolupet.com.tr\/en\/wp-json\/wp\/v2\/product_cat?post=44736"},{"taxonomy":"product_tag","embeddable":true,"href":"https:\/\/anadolupet.com.tr\/en\/wp-json\/wp\/v2\/product_tag?post=44736"}],"curies":[{"name":"wp","href":"https:\/\/api.w.org\/{rel}","templated":true}]}}