{"id":44744,"date":"2026-02-14T14:39:31","date_gmt":"2026-02-14T14:39:31","guid":{"rendered":"https:\/\/anadolupet.com.tr\/?post_type=product&#038;p=44744"},"modified":"2026-02-23T12:47:55","modified_gmt":"2026-02-23T12:47:55","slug":"eheim-classic-150-dis-filtre-2211-01","status":"publish","type":"product","link":"https:\/\/anadolupet.com.tr\/en\/urun\/eheim-classic-150-dis-filtre-2211-01\/","title":{"rendered":"EHEIM Classic 150 D\u0131\u015f Filtre (2211-01)"},"content":{"rendered":"","protected":false},"excerpt":{"rendered":"<p>EHEIM Classic, akvaryum d\u00fcnyas\u0131nda milyonlarca kez denenmi\u015f ve kan\u0131tlanm\u0131\u015f g\u00fcvenilir bir d\u0131\u015f filtre serisidir. Y\u00fcksek kalite standartlar\u0131na uygun olarak \u00fcretilmi\u015f, sa\u011flam bile\u015fenleri ve \u00f6zenle uyumland\u0131r\u0131lm\u0131\u015f \u00f6zellikleri sayesinde m\u00fckemmel pompa ve filtrasyon performans\u0131 sunar. Sessiz \u00e7al\u0131\u015fmas\u0131, dayan\u0131kl\u0131 yap\u0131s\u0131 ve d\u00fc\u015f\u00fck enerji t\u00fcketimi ile uzun y\u0131llar boyunca akvaryumunuz i\u00e7in ideal \u00e7\u00f6z\u00fcm sa\u011flar.<br \/>\nClassic serisi, 50 litreden 1500 litreye kadar akvaryumlar i\u00e7in 5 farkl\u0131 modelde sunulmaktad\u0131r ve her biri filtre malzemeleriyle birlikte, kullan\u0131ma haz\u0131r \u015fekilde gelir.<br \/>\nAvantajlar<br \/>\nMilyonlarca kez denenmi\u015f, g\u00fcvenilir teknoloji<br \/>\nUygun fiyat \u2013 y\u00fcksek performans dengesi<br \/>\nSessiz \u00e7al\u0131\u015fma \u00f6zelli\u011fi<br \/>\nD\u00fc\u015f\u00fck enerji t\u00fcketimi<br \/>\nUzun \u00f6m\u00fcrl\u00fc, esnek silikon conta (temizlik sonras\u0131 kolay ve g\u00fcvenli de\u011fi\u015fim i\u00e7in)<br \/>\nFiltre pedleri ve\/veya gev\u015fek filtre malzemeleri ile kullan\u0131labilir<br \/>\nSprey bar, emi\u015f borusu, hortum ve kurulum aksesuarlar\u0131 dahil<br \/>\nGeni\u015f aksesuar se\u00e7enekleri<br \/>\n5 model: 50\u2013150 l, 80\u2013250 l, 120\u2013350 l, 180\u2013600 l, 300\u20131500 l<br \/>\nModel \u00d6zellikleri<br \/>\nClassic 150: G\u00fcvenli konumland\u0131rma i\u00e7in tabanl\u0131 tasar\u0131m<br \/>\nClassic 250: Filtre sepeti + 1 adet kal\u0131n filtre pedi, 1 adet ince filtre pedi ve 1 adet aktif karbon pedi<br \/>\nClassic 1500XL: Pratik tahliye muslu\u011fu; pompa \u00fcnitesi hazneden ba\u011f\u0131ms\u0131z \u00e7al\u0131\u015ft\u0131r\u0131labilir<br \/>\nFiltre Medyas\u0131<br \/>\nKal\u0131n ve ince filtre pedleri ile \u00e7al\u0131\u015ft\u0131r\u0131labilir<br \/>\nEn iyi sonu\u00e7 i\u00e7in EHEIM filtre medya katmanlama sistemi \u00f6nerilir (Classic 150 hari\u00e7 t\u00fcm modeller i\u00e7in medya setleri mevcuttur)<br \/>\nOpsiyonel aksesuarlar ile filtre \u00f6zellikleri ihtiyaca g\u00f6re y\u00fckseltilebilir<\/p>","protected":false},"featured_media":42306,"comment_status":"open","ping_status":"closed","template":"","meta":{"_acf_changed":false},"product_brand":[],"product_cat":[2382],"product_tag":[],"class_list":{"0":"post-44744","1":"product","2":"type-product","3":"status-publish","4":"has-post-thumbnail","6":"product_cat-dis-filtreler","8":"first","9":"instock","10":"shipping-taxable","11":"product-type-simple"},"acf":[],"yoast_head":"<!-- This site is optimized with the Yoast SEO plugin v27.5 - https:\/\/yoast.com\/product\/yoast-seo-wordpress\/ -->\n<title>EHEIM Classic 150 D\u0131\u015f Filtre (2211-01) - Anadolu Pet Grup<\/title>\n<meta name=\"robots\" content=\"index, follow, max-snippet:-1, max-image-preview:large, max-video-preview:-1\" \/>\n<link rel=\"canonical\" href=\"https:\/\/anadolupet.com.tr\/en\/product\/eheim-classic-150-dis-filtre-2211-01\/\" \/>\n<meta property=\"og:locale\" content=\"en_US\" \/>\n<meta property=\"og:type\" content=\"article\" \/>\n<meta property=\"og:title\" content=\"EHEIM Classic 150 D\u0131\u015f Filtre (2211-01) - Anadolu Pet Grup\" \/>\n<meta property=\"og:description\" content=\"EHEIM Classic, akvaryum d\u00fcnyas\u0131nda milyonlarca kez denenmi\u015f ve kan\u0131tlanm\u0131\u015f g\u00fcvenilir bir d\u0131\u015f filtre serisidir. Y\u00fcksek kalite standartlar\u0131na uygun olarak \u00fcretilmi\u015f, sa\u011flam bile\u015fenleri ve \u00f6zenle uyumland\u0131r\u0131lm\u0131\u015f \u00f6zellikleri sayesinde m\u00fckemmel pompa ve filtrasyon performans\u0131 sunar. Sessiz \u00e7al\u0131\u015fmas\u0131, dayan\u0131kl\u0131 yap\u0131s\u0131 ve d\u00fc\u015f\u00fck enerji t\u00fcketimi ile uzun y\u0131llar boyunca akvaryumunuz i\u00e7in ideal \u00e7\u00f6z\u00fcm sa\u011flar. Classic serisi, 50 litreden 1500 litreye kadar akvaryumlar i\u00e7in 5 farkl\u0131 modelde sunulmaktad\u0131r ve her biri filtre malzemeleriyle birlikte, kullan\u0131ma haz\u0131r \u015fekilde gelir. Avantajlar Milyonlarca kez denenmi\u015f, g\u00fcvenilir teknoloji Uygun fiyat \u2013 y\u00fcksek performans dengesi Sessiz \u00e7al\u0131\u015fma \u00f6zelli\u011fi D\u00fc\u015f\u00fck enerji t\u00fcketimi Uzun \u00f6m\u00fcrl\u00fc, esnek silikon conta (temizlik sonras\u0131 kolay ve g\u00fcvenli de\u011fi\u015fim i\u00e7in) Filtre pedleri ve\/veya gev\u015fek filtre malzemeleri ile kullan\u0131labilir Sprey bar, emi\u015f borusu, hortum ve kurulum aksesuarlar\u0131 dahil Geni\u015f aksesuar se\u00e7enekleri 5 model: 50\u2013150 l, 80\u2013250 l, 120\u2013350 l, 180\u2013600 l, 300\u20131500 l Model \u00d6zellikleri Classic 150: G\u00fcvenli konumland\u0131rma i\u00e7in tabanl\u0131 tasar\u0131m Classic 250: Filtre sepeti + 1 adet kal\u0131n filtre pedi, 1 adet ince filtre pedi ve 1 adet aktif karbon pedi Classic 1500XL: Pratik tahliye muslu\u011fu; pompa \u00fcnitesi hazneden ba\u011f\u0131ms\u0131z \u00e7al\u0131\u015ft\u0131r\u0131labilir Filtre Medyas\u0131 Kal\u0131n ve ince filtre pedleri ile \u00e7al\u0131\u015ft\u0131r\u0131labilir En iyi sonu\u00e7 i\u00e7in EHEIM filtre medya katmanlama sistemi \u00f6nerilir (Classic 150 hari\u00e7 t\u00fcm modeller i\u00e7in medya setleri mevcuttur) Opsiyonel aksesuarlar ile filtre \u00f6zellikleri ihtiyaca g\u00f6re y\u00fckseltilebilir\" \/>\n<meta property=\"og:url\" content=\"https:\/\/anadolupet.com.tr\/en\/product\/eheim-classic-150-dis-filtre-2211-01\/\" \/>\n<meta property=\"og:site_name\" content=\"Anadolu Pet Grup\" \/>\n<meta property=\"article:modified_time\" content=\"2026-02-23T12:47:55+00:00\" \/>\n<meta property=\"og:image\" content=\"https:\/\/anadolupet.com.tr\/wp-content\/uploads\/2026\/02\/105-2211010.jpg\" \/>\n\t<meta property=\"og:image:width\" content=\"750\" \/>\n\t<meta property=\"og:image:height\" content=\"750\" \/>\n\t<meta property=\"og:image:type\" content=\"image\/jpeg\" \/>\n<meta name=\"twitter:card\" content=\"summary_large_image\" \/>\n<script type=\"application\/ld+json\" class=\"yoast-schema-graph\">{\"@context\":\"https:\\\/\\\/schema.org\",\"@graph\":[{\"@type\":\"WebPage\",\"@id\":\"https:\\\/\\\/anadolupet.com.tr\\\/urun\\\/eheim-classic-150-dis-filtre-2211-01\\\/\",\"url\":\"https:\\\/\\\/anadolupet.com.tr\\\/urun\\\/eheim-classic-150-dis-filtre-2211-01\\\/\",\"name\":\"EHEIM Classic 150 D\u0131\u015f Filtre (2211-01) - Anadolu Pet Grup\",\"isPartOf\":{\"@id\":\"https:\\\/\\\/anadolupet.com.tr\\\/#website\"},\"primaryImageOfPage\":{\"@id\":\"https:\\\/\\\/anadolupet.com.tr\\\/urun\\\/eheim-classic-150-dis-filtre-2211-01\\\/#primaryimage\"},\"image\":{\"@id\":\"https:\\\/\\\/anadolupet.com.tr\\\/urun\\\/eheim-classic-150-dis-filtre-2211-01\\\/#primaryimage\"},\"thumbnailUrl\":\"https:\\\/\\\/anadolupet.com.tr\\\/wp-content\\\/uploads\\\/2026\\\/02\\\/105-2211010.jpg\",\"datePublished\":\"2026-02-14T14:39:31+00:00\",\"dateModified\":\"2026-02-23T12:47:55+00:00\",\"breadcrumb\":{\"@id\":\"https:\\\/\\\/anadolupet.com.tr\\\/urun\\\/eheim-classic-150-dis-filtre-2211-01\\\/#breadcrumb\"},\"inLanguage\":\"en-US\",\"potentialAction\":[{\"@type\":\"ReadAction\",\"target\":[\"https:\\\/\\\/anadolupet.com.tr\\\/urun\\\/eheim-classic-150-dis-filtre-2211-01\\\/\"]}]},{\"@type\":\"ImageObject\",\"inLanguage\":\"en-US\",\"@id\":\"https:\\\/\\\/anadolupet.com.tr\\\/urun\\\/eheim-classic-150-dis-filtre-2211-01\\\/#primaryimage\",\"url\":\"https:\\\/\\\/anadolupet.com.tr\\\/wp-content\\\/uploads\\\/2026\\\/02\\\/105-2211010.jpg\",\"contentUrl\":\"https:\\\/\\\/anadolupet.com.tr\\\/wp-content\\\/uploads\\\/2026\\\/02\\\/105-2211010.jpg\",\"width\":750,\"height\":750},{\"@type\":\"BreadcrumbList\",\"@id\":\"https:\\\/\\\/anadolupet.com.tr\\\/urun\\\/eheim-classic-150-dis-filtre-2211-01\\\/#breadcrumb\",\"itemListElement\":[{\"@type\":\"ListItem\",\"position\":1,\"name\":\"Anasayfa\",\"item\":\"https:\\\/\\\/anadolupet.com.tr\\\/\"},{\"@type\":\"ListItem\",\"position\":2,\"name\":\"\u00dcr\u00fcnler\",\"item\":\"https:\\\/\\\/anadolupet.com.tr\\\/urunler\\\/\"},{\"@type\":\"ListItem\",\"position\":3,\"name\":\"EHEIM Classic 150 D\u0131\u015f Filtre (2211-01)\"}]},{\"@type\":\"WebSite\",\"@id\":\"https:\\\/\\\/anadolupet.com.tr\\\/#website\",\"url\":\"https:\\\/\\\/anadolupet.com.tr\\\/\",\"name\":\"Anadolu Pet Grup\",\"description\":\"Her Can\u0131n \u0130yi Ya\u015fam\u0131 \u0130\u00e7in Biraraday\u0131z\",\"publisher\":{\"@id\":\"https:\\\/\\\/anadolupet.com.tr\\\/#organization\"},\"potentialAction\":[{\"@type\":\"SearchAction\",\"target\":{\"@type\":\"EntryPoint\",\"urlTemplate\":\"https:\\\/\\\/anadolupet.com.tr\\\/?s={search_term_string}\"},\"query-input\":{\"@type\":\"PropertyValueSpecification\",\"valueRequired\":true,\"valueName\":\"search_term_string\"}}],\"inLanguage\":\"en-US\"},{\"@type\":\"Organization\",\"@id\":\"https:\\\/\\\/anadolupet.com.tr\\\/#organization\",\"name\":\"Anadolu Pet Grup\",\"alternateName\":\"Anadolu Pet\",\"url\":\"https:\\\/\\\/anadolupet.com.tr\\\/\",\"logo\":{\"@type\":\"ImageObject\",\"inLanguage\":\"en-US\",\"@id\":\"https:\\\/\\\/anadolupet.com.tr\\\/#\\\/schema\\\/logo\\\/image\\\/\",\"url\":\"https:\\\/\\\/anadolupet.com.tr\\\/wp-content\\\/uploads\\\/2026\\\/03\\\/1614666743370.jpg\",\"contentUrl\":\"https:\\\/\\\/anadolupet.com.tr\\\/wp-content\\\/uploads\\\/2026\\\/03\\\/1614666743370.jpg\",\"width\":800,\"height\":571,\"caption\":\"Anadolu Pet Grup\"},\"image\":{\"@id\":\"https:\\\/\\\/anadolupet.com.tr\\\/#\\\/schema\\\/logo\\\/image\\\/\"}}]}<\/script>\n<!-- \/ Yoast SEO plugin. -->","yoast_head_json":{"title":"EHEIM Classic 150 D\u0131\u015f Filtre (2211-01) - Anadolu Pet Grup","robots":{"index":"index","follow":"follow","max-snippet":"max-snippet:-1","max-image-preview":"max-image-preview:large","max-video-preview":"max-video-preview:-1"},"canonical":"https:\/\/anadolupet.com.tr\/en\/product\/eheim-classic-150-dis-filtre-2211-01\/","og_locale":"en_US","og_type":"article","og_title":"EHEIM Classic 150 D\u0131\u015f Filtre (2211-01) - Anadolu Pet Grup","og_description":"EHEIM Classic, akvaryum d\u00fcnyas\u0131nda milyonlarca kez denenmi\u015f ve kan\u0131tlanm\u0131\u015f g\u00fcvenilir bir d\u0131\u015f filtre serisidir. Y\u00fcksek kalite standartlar\u0131na uygun olarak \u00fcretilmi\u015f, sa\u011flam bile\u015fenleri ve \u00f6zenle uyumland\u0131r\u0131lm\u0131\u015f \u00f6zellikleri sayesinde m\u00fckemmel pompa ve filtrasyon performans\u0131 sunar. Sessiz \u00e7al\u0131\u015fmas\u0131, dayan\u0131kl\u0131 yap\u0131s\u0131 ve d\u00fc\u015f\u00fck enerji t\u00fcketimi ile uzun y\u0131llar boyunca akvaryumunuz i\u00e7in ideal \u00e7\u00f6z\u00fcm sa\u011flar. Classic serisi, 50 litreden 1500 litreye kadar akvaryumlar i\u00e7in 5 farkl\u0131 modelde sunulmaktad\u0131r ve her biri filtre malzemeleriyle birlikte, kullan\u0131ma haz\u0131r \u015fekilde gelir. Avantajlar Milyonlarca kez denenmi\u015f, g\u00fcvenilir teknoloji Uygun fiyat \u2013 y\u00fcksek performans dengesi Sessiz \u00e7al\u0131\u015fma \u00f6zelli\u011fi D\u00fc\u015f\u00fck enerji t\u00fcketimi Uzun \u00f6m\u00fcrl\u00fc, esnek silikon conta (temizlik sonras\u0131 kolay ve g\u00fcvenli de\u011fi\u015fim i\u00e7in) Filtre pedleri ve\/veya gev\u015fek filtre malzemeleri ile kullan\u0131labilir Sprey bar, emi\u015f borusu, hortum ve kurulum aksesuarlar\u0131 dahil Geni\u015f aksesuar se\u00e7enekleri 5 model: 50\u2013150 l, 80\u2013250 l, 120\u2013350 l, 180\u2013600 l, 300\u20131500 l Model \u00d6zellikleri Classic 150: G\u00fcvenli konumland\u0131rma i\u00e7in tabanl\u0131 tasar\u0131m Classic 250: Filtre sepeti + 1 adet kal\u0131n filtre pedi, 1 adet ince filtre pedi ve 1 adet aktif karbon pedi Classic 1500XL: Pratik tahliye muslu\u011fu; pompa \u00fcnitesi hazneden ba\u011f\u0131ms\u0131z \u00e7al\u0131\u015ft\u0131r\u0131labilir Filtre Medyas\u0131 Kal\u0131n ve ince filtre pedleri ile \u00e7al\u0131\u015ft\u0131r\u0131labilir En iyi sonu\u00e7 i\u00e7in EHEIM filtre medya katmanlama sistemi \u00f6nerilir (Classic 150 hari\u00e7 t\u00fcm modeller i\u00e7in medya setleri mevcuttur) Opsiyonel aksesuarlar ile filtre \u00f6zellikleri ihtiyaca g\u00f6re y\u00fckseltilebilir","og_url":"https:\/\/anadolupet.com.tr\/en\/product\/eheim-classic-150-dis-filtre-2211-01\/","og_site_name":"Anadolu Pet Grup","article_modified_time":"2026-02-23T12:47:55+00:00","og_image":[{"width":750,"height":750,"url":"https:\/\/anadolupet.com.tr\/wp-content\/uploads\/2026\/02\/105-2211010.jpg","type":"image\/jpeg"}],"twitter_card":"summary_large_image","schema":{"@context":"https:\/\/schema.org","@graph":[{"@type":"WebPage","@id":"https:\/\/anadolupet.com.tr\/urun\/eheim-classic-150-dis-filtre-2211-01\/","url":"https:\/\/anadolupet.com.tr\/urun\/eheim-classic-150-dis-filtre-2211-01\/","name":"EHEIM Classic 150 D\u0131\u015f Filtre (2211-01) - Anadolu Pet Grup","isPartOf":{"@id":"https:\/\/anadolupet.com.tr\/#website"},"primaryImageOfPage":{"@id":"https:\/\/anadolupet.com.tr\/urun\/eheim-classic-150-dis-filtre-2211-01\/#primaryimage"},"image":{"@id":"https:\/\/anadolupet.com.tr\/urun\/eheim-classic-150-dis-filtre-2211-01\/#primaryimage"},"thumbnailUrl":"https:\/\/anadolupet.com.tr\/wp-content\/uploads\/2026\/02\/105-2211010.jpg","datePublished":"2026-02-14T14:39:31+00:00","dateModified":"2026-02-23T12:47:55+00:00","breadcrumb":{"@id":"https:\/\/anadolupet.com.tr\/urun\/eheim-classic-150-dis-filtre-2211-01\/#breadcrumb"},"inLanguage":"en-US","potentialAction":[{"@type":"ReadAction","target":["https:\/\/anadolupet.com.tr\/urun\/eheim-classic-150-dis-filtre-2211-01\/"]}]},{"@type":"ImageObject","inLanguage":"en-US","@id":"https:\/\/anadolupet.com.tr\/urun\/eheim-classic-150-dis-filtre-2211-01\/#primaryimage","url":"https:\/\/anadolupet.com.tr\/wp-content\/uploads\/2026\/02\/105-2211010.jpg","contentUrl":"https:\/\/anadolupet.com.tr\/wp-content\/uploads\/2026\/02\/105-2211010.jpg","width":750,"height":750},{"@type":"BreadcrumbList","@id":"https:\/\/anadolupet.com.tr\/urun\/eheim-classic-150-dis-filtre-2211-01\/#breadcrumb","itemListElement":[{"@type":"ListItem","position":1,"name":"Anasayfa","item":"https:\/\/anadolupet.com.tr\/"},{"@type":"ListItem","position":2,"name":"\u00dcr\u00fcnler","item":"https:\/\/anadolupet.com.tr\/urunler\/"},{"@type":"ListItem","position":3,"name":"EHEIM Classic 150 D\u0131\u015f Filtre (2211-01)"}]},{"@type":"WebSite","@id":"https:\/\/anadolupet.com.tr\/#website","url":"https:\/\/anadolupet.com.tr\/","name":"Anadolu Pet Group","description":"We Stand Together for the Well-Being of Every Life","publisher":{"@id":"https:\/\/anadolupet.com.tr\/#organization"},"potentialAction":[{"@type":"SearchAction","target":{"@type":"EntryPoint","urlTemplate":"https:\/\/anadolupet.com.tr\/?s={search_term_string}"},"query-input":{"@type":"PropertyValueSpecification","valueRequired":true,"valueName":"search_term_string"}}],"inLanguage":"en-US"},{"@type":"Organization","@id":"https:\/\/anadolupet.com.tr\/#organization","name":"Anadolu Pet Group","alternateName":"Anadolu Pet","url":"https:\/\/anadolupet.com.tr\/","logo":{"@type":"ImageObject","inLanguage":"en-US","@id":"https:\/\/anadolupet.com.tr\/#\/schema\/logo\/image\/","url":"https:\/\/anadolupet.com.tr\/wp-content\/uploads\/2026\/03\/1614666743370.jpg","contentUrl":"https:\/\/anadolupet.com.tr\/wp-content\/uploads\/2026\/03\/1614666743370.jpg","width":800,"height":571,"caption":"Anadolu Pet Grup"},"image":{"@id":"https:\/\/anadolupet.com.tr\/#\/schema\/logo\/image\/"}}]}},"_links":{"self":[{"href":"https:\/\/anadolupet.com.tr\/en\/wp-json\/wp\/v2\/product\/44744","targetHints":{"allow":["GET"]}}],"collection":[{"href":"https:\/\/anadolupet.com.tr\/en\/wp-json\/wp\/v2\/product"}],"about":[{"href":"https:\/\/anadolupet.com.tr\/en\/wp-json\/wp\/v2\/types\/product"}],"replies":[{"embeddable":true,"href":"https:\/\/anadolupet.com.tr\/en\/wp-json\/wp\/v2\/comments?post=44744"}],"wp:featuredmedia":[{"embeddable":true,"href":"https:\/\/anadolupet.com.tr\/en\/wp-json\/wp\/v2\/media\/42306"}],"wp:attachment":[{"href":"https:\/\/anadolupet.com.tr\/en\/wp-json\/wp\/v2\/media?parent=44744"}],"wp:term":[{"taxonomy":"product_brand","embeddable":true,"href":"https:\/\/anadolupet.com.tr\/en\/wp-json\/wp\/v2\/product_brand?post=44744"},{"taxonomy":"product_cat","embeddable":true,"href":"https:\/\/anadolupet.com.tr\/en\/wp-json\/wp\/v2\/product_cat?post=44744"},{"taxonomy":"product_tag","embeddable":true,"href":"https:\/\/anadolupet.com.tr\/en\/wp-json\/wp\/v2\/product_tag?post=44744"}],"curies":[{"name":"wp","href":"https:\/\/api.w.org\/{rel}","templated":true}]}}