{"id":44746,"date":"2026-02-14T14:39:31","date_gmt":"2026-02-14T14:39:31","guid":{"rendered":"https:\/\/anadolupet.com.tr\/urun\/eheim-aqua-compact-sunger-set\/"},"modified":"2026-02-23T12:47:55","modified_gmt":"2026-02-23T12:47:55","slug":"eheim-aqua-compact-sunger-set","status":"publish","type":"product","link":"https:\/\/anadolupet.com.tr\/en\/urun\/eheim-aqua-compact-sunger-set\/","title":{"rendered":"EHEIM Aqua Compact Sponge Set"},"content":{"rendered":"","protected":false},"excerpt":{"rendered":"<p>G\u00f6zenekli malzeme suyla e\u015fit \u015fekilde \u0131slan\u0131r ve b\u00fcy\u00fck ile k\u00fc\u00e7\u00fck kir par\u00e7ac\u0131klar\u0131n\u0131 tutar. K\u0131sa bir ba\u015flang\u0131\u00e7 s\u00fcresinden sonra, zararl\u0131 maddelerin yo\u011fun biyolojik par\u00e7alanmas\u0131n\u0131 sa\u011flayan ar\u0131t\u0131c\u0131 bakteriler \u00f6zel yap\u0131l\u0131 s\u00fcngerde kolonile\u015fir.<\/p>\n<p>\u0130nce ve kal\u0131n filtre pedleri defalarca kullan\u0131labilir. Temizlemek i\u00e7in sadece durulay\u0131p s\u0131karak bakterilerin tamamen yok olmamas\u0131 sa\u011flan\u0131r.<\/p>\n<p>\u00d6zellikler:<\/p>\n<p>G\u00f6zenekli malzeme b\u00fcy\u00fck ve k\u00fc\u00e7\u00fck kir par\u00e7ac\u0131klar\u0131n\u0131 tutar<\/p>\n<p>Bakteri k\u00fclt\u00fcrleri i\u00e7in iyi kolonile\u015fme ko\u015fullar\u0131 sa\u011flar<\/p>\n<p>Defalarca kullan\u0131labilir<\/p>\n<p>Temizlemek i\u00e7in sadece durulay\u0131p s\u0131kmak yeterlidir<\/p>","protected":false},"featured_media":42368,"comment_status":"open","ping_status":"closed","template":"","meta":{"_acf_changed":false},"product_brand":[],"product_cat":[2406],"product_tag":[],"class_list":{"0":"post-44746","1":"product","2":"type-product","3":"status-publish","4":"has-post-thumbnail","6":"product_cat-pervane-ve-miller","8":"first","9":"instock","10":"shipping-taxable","11":"product-type-simple"},"acf":[],"yoast_head":"<!-- This site is optimized with the Yoast SEO plugin v27.5 - https:\/\/yoast.com\/product\/yoast-seo-wordpress\/ -->\n<title>EHEIM Aqua Compact S\u00fcnger Set - Anadolu Pet Grup<\/title>\n<meta name=\"robots\" content=\"index, follow, max-snippet:-1, max-image-preview:large, max-video-preview:-1\" \/>\n<link rel=\"canonical\" href=\"https:\/\/anadolupet.com.tr\/en\/product\/eheim-aqua-compact-sunger-set\/\" \/>\n<meta property=\"og:locale\" content=\"en_US\" \/>\n<meta property=\"og:type\" content=\"article\" \/>\n<meta property=\"og:title\" content=\"EHEIM Aqua Compact S\u00fcnger Set - Anadolu Pet Grup\" \/>\n<meta property=\"og:description\" content=\"G\u00f6zenekli malzeme suyla e\u015fit \u015fekilde \u0131slan\u0131r ve b\u00fcy\u00fck ile k\u00fc\u00e7\u00fck kir par\u00e7ac\u0131klar\u0131n\u0131 tutar. K\u0131sa bir ba\u015flang\u0131\u00e7 s\u00fcresinden sonra, zararl\u0131 maddelerin yo\u011fun biyolojik par\u00e7alanmas\u0131n\u0131 sa\u011flayan ar\u0131t\u0131c\u0131 bakteriler \u00f6zel yap\u0131l\u0131 s\u00fcngerde kolonile\u015fir. \u0130nce ve kal\u0131n filtre pedleri defalarca kullan\u0131labilir. Temizlemek i\u00e7in sadece durulay\u0131p s\u0131karak bakterilerin tamamen yok olmamas\u0131 sa\u011flan\u0131r. \u00d6zellikler: G\u00f6zenekli malzeme b\u00fcy\u00fck ve k\u00fc\u00e7\u00fck kir par\u00e7ac\u0131klar\u0131n\u0131 tutar Bakteri k\u00fclt\u00fcrleri i\u00e7in iyi kolonile\u015fme ko\u015fullar\u0131 sa\u011flar Defalarca kullan\u0131labilir Temizlemek i\u00e7in sadece durulay\u0131p s\u0131kmak yeterlidir\" \/>\n<meta property=\"og:url\" content=\"https:\/\/anadolupet.com.tr\/en\/product\/eheim-aqua-compact-sunger-set\/\" \/>\n<meta property=\"og:site_name\" content=\"Anadolu Pet Grup\" \/>\n<meta property=\"article:modified_time\" content=\"2026-02-23T12:47:55+00:00\" \/>\n<meta property=\"og:image\" content=\"https:\/\/anadolupet.com.tr\/wp-content\/uploads\/2026\/02\/105-2616040.jpg\" \/>\n\t<meta property=\"og:image:width\" content=\"500\" \/>\n\t<meta property=\"og:image:height\" content=\"500\" \/>\n\t<meta property=\"og:image:type\" content=\"image\/jpeg\" \/>\n<meta name=\"twitter:card\" content=\"summary_large_image\" \/>\n<script type=\"application\/ld+json\" class=\"yoast-schema-graph\">{\"@context\":\"https:\\\/\\\/schema.org\",\"@graph\":[{\"@type\":\"WebPage\",\"@id\":\"https:\\\/\\\/anadolupet.com.tr\\\/urun\\\/eheim-aqua-compact-sunger-set\\\/\",\"url\":\"https:\\\/\\\/anadolupet.com.tr\\\/urun\\\/eheim-aqua-compact-sunger-set\\\/\",\"name\":\"EHEIM Aqua Compact S\u00fcnger Set - Anadolu Pet Grup\",\"isPartOf\":{\"@id\":\"https:\\\/\\\/anadolupet.com.tr\\\/#website\"},\"primaryImageOfPage\":{\"@id\":\"https:\\\/\\\/anadolupet.com.tr\\\/urun\\\/eheim-aqua-compact-sunger-set\\\/#primaryimage\"},\"image\":{\"@id\":\"https:\\\/\\\/anadolupet.com.tr\\\/urun\\\/eheim-aqua-compact-sunger-set\\\/#primaryimage\"},\"thumbnailUrl\":\"https:\\\/\\\/anadolupet.com.tr\\\/wp-content\\\/uploads\\\/2026\\\/02\\\/105-2616040.jpg\",\"datePublished\":\"2026-02-14T14:39:31+00:00\",\"dateModified\":\"2026-02-23T12:47:55+00:00\",\"breadcrumb\":{\"@id\":\"https:\\\/\\\/anadolupet.com.tr\\\/urun\\\/eheim-aqua-compact-sunger-set\\\/#breadcrumb\"},\"inLanguage\":\"en-US\",\"potentialAction\":[{\"@type\":\"ReadAction\",\"target\":[\"https:\\\/\\\/anadolupet.com.tr\\\/urun\\\/eheim-aqua-compact-sunger-set\\\/\"]}]},{\"@type\":\"ImageObject\",\"inLanguage\":\"en-US\",\"@id\":\"https:\\\/\\\/anadolupet.com.tr\\\/urun\\\/eheim-aqua-compact-sunger-set\\\/#primaryimage\",\"url\":\"https:\\\/\\\/anadolupet.com.tr\\\/wp-content\\\/uploads\\\/2026\\\/02\\\/105-2616040.jpg\",\"contentUrl\":\"https:\\\/\\\/anadolupet.com.tr\\\/wp-content\\\/uploads\\\/2026\\\/02\\\/105-2616040.jpg\",\"width\":500,\"height\":500},{\"@type\":\"BreadcrumbList\",\"@id\":\"https:\\\/\\\/anadolupet.com.tr\\\/urun\\\/eheim-aqua-compact-sunger-set\\\/#breadcrumb\",\"itemListElement\":[{\"@type\":\"ListItem\",\"position\":1,\"name\":\"Anasayfa\",\"item\":\"https:\\\/\\\/anadolupet.com.tr\\\/\"},{\"@type\":\"ListItem\",\"position\":2,\"name\":\"\u00dcr\u00fcnler\",\"item\":\"https:\\\/\\\/anadolupet.com.tr\\\/urunler\\\/\"},{\"@type\":\"ListItem\",\"position\":3,\"name\":\"EHEIM Aqua Compact S\u00fcnger Set\"}]},{\"@type\":\"WebSite\",\"@id\":\"https:\\\/\\\/anadolupet.com.tr\\\/#website\",\"url\":\"https:\\\/\\\/anadolupet.com.tr\\\/\",\"name\":\"Anadolu Pet Grup\",\"description\":\"Her Can\u0131n \u0130yi Ya\u015fam\u0131 \u0130\u00e7in Biraraday\u0131z\",\"publisher\":{\"@id\":\"https:\\\/\\\/anadolupet.com.tr\\\/#organization\"},\"potentialAction\":[{\"@type\":\"SearchAction\",\"target\":{\"@type\":\"EntryPoint\",\"urlTemplate\":\"https:\\\/\\\/anadolupet.com.tr\\\/?s={search_term_string}\"},\"query-input\":{\"@type\":\"PropertyValueSpecification\",\"valueRequired\":true,\"valueName\":\"search_term_string\"}}],\"inLanguage\":\"en-US\"},{\"@type\":\"Organization\",\"@id\":\"https:\\\/\\\/anadolupet.com.tr\\\/#organization\",\"name\":\"Anadolu Pet Grup\",\"alternateName\":\"Anadolu Pet\",\"url\":\"https:\\\/\\\/anadolupet.com.tr\\\/\",\"logo\":{\"@type\":\"ImageObject\",\"inLanguage\":\"en-US\",\"@id\":\"https:\\\/\\\/anadolupet.com.tr\\\/#\\\/schema\\\/logo\\\/image\\\/\",\"url\":\"https:\\\/\\\/anadolupet.com.tr\\\/wp-content\\\/uploads\\\/2026\\\/03\\\/1614666743370.jpg\",\"contentUrl\":\"https:\\\/\\\/anadolupet.com.tr\\\/wp-content\\\/uploads\\\/2026\\\/03\\\/1614666743370.jpg\",\"width\":800,\"height\":571,\"caption\":\"Anadolu Pet Grup\"},\"image\":{\"@id\":\"https:\\\/\\\/anadolupet.com.tr\\\/#\\\/schema\\\/logo\\\/image\\\/\"}}]}<\/script>\n<!-- \/ Yoast SEO plugin. -->","yoast_head_json":{"title":"EHEIM Aqua Compact S\u00fcnger Set - Anadolu Pet Grup","robots":{"index":"index","follow":"follow","max-snippet":"max-snippet:-1","max-image-preview":"max-image-preview:large","max-video-preview":"max-video-preview:-1"},"canonical":"https:\/\/anadolupet.com.tr\/en\/product\/eheim-aqua-compact-sunger-set\/","og_locale":"en_US","og_type":"article","og_title":"EHEIM Aqua Compact S\u00fcnger Set - Anadolu Pet Grup","og_description":"G\u00f6zenekli malzeme suyla e\u015fit \u015fekilde \u0131slan\u0131r ve b\u00fcy\u00fck ile k\u00fc\u00e7\u00fck kir par\u00e7ac\u0131klar\u0131n\u0131 tutar. K\u0131sa bir ba\u015flang\u0131\u00e7 s\u00fcresinden sonra, zararl\u0131 maddelerin yo\u011fun biyolojik par\u00e7alanmas\u0131n\u0131 sa\u011flayan ar\u0131t\u0131c\u0131 bakteriler \u00f6zel yap\u0131l\u0131 s\u00fcngerde kolonile\u015fir. \u0130nce ve kal\u0131n filtre pedleri defalarca kullan\u0131labilir. Temizlemek i\u00e7in sadece durulay\u0131p s\u0131karak bakterilerin tamamen yok olmamas\u0131 sa\u011flan\u0131r. \u00d6zellikler: G\u00f6zenekli malzeme b\u00fcy\u00fck ve k\u00fc\u00e7\u00fck kir par\u00e7ac\u0131klar\u0131n\u0131 tutar Bakteri k\u00fclt\u00fcrleri i\u00e7in iyi kolonile\u015fme ko\u015fullar\u0131 sa\u011flar Defalarca kullan\u0131labilir Temizlemek i\u00e7in sadece durulay\u0131p s\u0131kmak yeterlidir","og_url":"https:\/\/anadolupet.com.tr\/en\/product\/eheim-aqua-compact-sunger-set\/","og_site_name":"Anadolu Pet Grup","article_modified_time":"2026-02-23T12:47:55+00:00","og_image":[{"width":500,"height":500,"url":"https:\/\/anadolupet.com.tr\/wp-content\/uploads\/2026\/02\/105-2616040.jpg","type":"image\/jpeg"}],"twitter_card":"summary_large_image","schema":{"@context":"https:\/\/schema.org","@graph":[{"@type":"WebPage","@id":"https:\/\/anadolupet.com.tr\/urun\/eheim-aqua-compact-sunger-set\/","url":"https:\/\/anadolupet.com.tr\/urun\/eheim-aqua-compact-sunger-set\/","name":"EHEIM Aqua Compact S\u00fcnger Set - Anadolu Pet Grup","isPartOf":{"@id":"https:\/\/anadolupet.com.tr\/#website"},"primaryImageOfPage":{"@id":"https:\/\/anadolupet.com.tr\/urun\/eheim-aqua-compact-sunger-set\/#primaryimage"},"image":{"@id":"https:\/\/anadolupet.com.tr\/urun\/eheim-aqua-compact-sunger-set\/#primaryimage"},"thumbnailUrl":"https:\/\/anadolupet.com.tr\/wp-content\/uploads\/2026\/02\/105-2616040.jpg","datePublished":"2026-02-14T14:39:31+00:00","dateModified":"2026-02-23T12:47:55+00:00","breadcrumb":{"@id":"https:\/\/anadolupet.com.tr\/urun\/eheim-aqua-compact-sunger-set\/#breadcrumb"},"inLanguage":"en-US","potentialAction":[{"@type":"ReadAction","target":["https:\/\/anadolupet.com.tr\/urun\/eheim-aqua-compact-sunger-set\/"]}]},{"@type":"ImageObject","inLanguage":"en-US","@id":"https:\/\/anadolupet.com.tr\/urun\/eheim-aqua-compact-sunger-set\/#primaryimage","url":"https:\/\/anadolupet.com.tr\/wp-content\/uploads\/2026\/02\/105-2616040.jpg","contentUrl":"https:\/\/anadolupet.com.tr\/wp-content\/uploads\/2026\/02\/105-2616040.jpg","width":500,"height":500},{"@type":"BreadcrumbList","@id":"https:\/\/anadolupet.com.tr\/urun\/eheim-aqua-compact-sunger-set\/#breadcrumb","itemListElement":[{"@type":"ListItem","position":1,"name":"Anasayfa","item":"https:\/\/anadolupet.com.tr\/"},{"@type":"ListItem","position":2,"name":"\u00dcr\u00fcnler","item":"https:\/\/anadolupet.com.tr\/urunler\/"},{"@type":"ListItem","position":3,"name":"EHEIM Aqua Compact S\u00fcnger Set"}]},{"@type":"WebSite","@id":"https:\/\/anadolupet.com.tr\/#website","url":"https:\/\/anadolupet.com.tr\/","name":"Anadolu Pet Group","description":"We Stand Together for the Well-Being of Every Life","publisher":{"@id":"https:\/\/anadolupet.com.tr\/#organization"},"potentialAction":[{"@type":"SearchAction","target":{"@type":"EntryPoint","urlTemplate":"https:\/\/anadolupet.com.tr\/?s={search_term_string}"},"query-input":{"@type":"PropertyValueSpecification","valueRequired":true,"valueName":"search_term_string"}}],"inLanguage":"en-US"},{"@type":"Organization","@id":"https:\/\/anadolupet.com.tr\/#organization","name":"Anadolu Pet Group","alternateName":"Anadolu Pet","url":"https:\/\/anadolupet.com.tr\/","logo":{"@type":"ImageObject","inLanguage":"en-US","@id":"https:\/\/anadolupet.com.tr\/#\/schema\/logo\/image\/","url":"https:\/\/anadolupet.com.tr\/wp-content\/uploads\/2026\/03\/1614666743370.jpg","contentUrl":"https:\/\/anadolupet.com.tr\/wp-content\/uploads\/2026\/03\/1614666743370.jpg","width":800,"height":571,"caption":"Anadolu Pet Grup"},"image":{"@id":"https:\/\/anadolupet.com.tr\/#\/schema\/logo\/image\/"}}]}},"_links":{"self":[{"href":"https:\/\/anadolupet.com.tr\/en\/wp-json\/wp\/v2\/product\/44746","targetHints":{"allow":["GET"]}}],"collection":[{"href":"https:\/\/anadolupet.com.tr\/en\/wp-json\/wp\/v2\/product"}],"about":[{"href":"https:\/\/anadolupet.com.tr\/en\/wp-json\/wp\/v2\/types\/product"}],"replies":[{"embeddable":true,"href":"https:\/\/anadolupet.com.tr\/en\/wp-json\/wp\/v2\/comments?post=44746"}],"wp:featuredmedia":[{"embeddable":true,"href":"https:\/\/anadolupet.com.tr\/en\/wp-json\/wp\/v2\/media\/42368"}],"wp:attachment":[{"href":"https:\/\/anadolupet.com.tr\/en\/wp-json\/wp\/v2\/media?parent=44746"}],"wp:term":[{"taxonomy":"product_brand","embeddable":true,"href":"https:\/\/anadolupet.com.tr\/en\/wp-json\/wp\/v2\/product_brand?post=44746"},{"taxonomy":"product_cat","embeddable":true,"href":"https:\/\/anadolupet.com.tr\/en\/wp-json\/wp\/v2\/product_cat?post=44746"},{"taxonomy":"product_tag","embeddable":true,"href":"https:\/\/anadolupet.com.tr\/en\/wp-json\/wp\/v2\/product_tag?post=44746"}],"curies":[{"name":"wp","href":"https:\/\/api.w.org\/{rel}","templated":true}]}}