{"id":44748,"date":"2026-02-14T14:39:31","date_gmt":"2026-02-14T14:39:31","guid":{"rendered":"https:\/\/anadolupet.com.tr\/urun\/eheim-aquapro-126-akvaryum-baslangic-seti-siyah-led-aydinlatma-filtre-filtre-medyasi-isitici\/"},"modified":"2026-02-23T12:47:55","modified_gmt":"2026-02-23T12:47:55","slug":"eheim-aquapro-126-akvaryum-baslangic-seti-siyah-led-aydinlatma-filtre-filtre-medyasi-isitici","status":"publish","type":"product","link":"https:\/\/anadolupet.com.tr\/en\/urun\/eheim-aquapro-126-akvaryum-baslangic-seti-siyah-led-aydinlatma-filtre-filtre-medyasi-isitici\/","title":{"rendered":"EHEIM Aquapro 126 Aquarium Starter Kit Black (LED Lighting\/filter\/filter media\/heater)"},"content":{"rendered":"","protected":false},"excerpt":{"rendered":"<p>EHEIM aquaproLED ile, t\u00fcm aksesuarlar\u0131 i\u00e7eren premium setlerimizden birine sahip olacaks\u0131n\u0131z.<\/p>\n<p>T\u00fcm EHEIM komple setlerinde oldu\u011fu gibi, aquaproLED de standart donan\u0131m olarak ihtiyac\u0131n\u0131z olan her \u015feyi i\u00e7erir; bu sayede akvaryumunuzu hemen kurabilir ve olgunla\u015fmaya ba\u015flayabilirsiniz. LED ayd\u0131nlatman\u0131n ek avantajlar\u0131 da vard\u0131r: I\u015f\u0131klar enerji tasarrufludur ve \u0131\u015f\u0131k rengi bitkiler ve akvaryum sakinleri i\u00e7in idealdir. Kapak, bak\u0131m i\u00e7in tamamen \u00e7\u0131kar\u0131labilir, lamba ise akvaryumda kal\u0131r ve kolayca hareket ettirilebilir.<\/p>\n<p>Di\u011fer avantajlar aras\u0131nda besleme i\u00e7in pratik bir a\u00e7\u0131kl\u0131k (EHEIM besleme istasyonu ve EHEIM otomatik besleyici i\u00e7in b\u00f6lme ile), taban \u00e7er\u00e7evesi ve birinci s\u0131n\u0131f kalite bulunmaktad\u0131r.<\/p>\n<p>EHEIM aquaproLED komple akvaryum setlerinin avantajlar\u0131:<\/p>\n<p>Tanklar\u0131n hacmi (84, 126 ve 180 l)  yeni ba\u015flayanlar ve profesyoneller i\u00e7in idealdir<br \/>\n    Y\u00fcksek kaliteli tasar\u0131m ve i\u015f\u00e7ilik<br \/>\n    Siyah veya beyaz dekor<br \/>\n    Taban \u00e7er\u00e7evesi dahildir<br \/>\n    \u0130nce tasar\u0131m, d\u00fcz kapak<br \/>\n    Bak\u0131m ve onar\u0131m \u00e7al\u0131\u015fmalar\u0131 i\u00e7in kapak tamamen \u00e7\u0131kar\u0131labilir:  LED lamba akvaryumda kal\u0131r ve kolayca hareket ettirilebilir.<br \/>\n    Yemleme i\u00e7in a\u00e7\u0131kl\u0131k (kapakl\u0131); yemleme istasyonu ve otomatik yemlik (EHEIM otomatik yemlik) kullan\u0131m\u0131 i\u00e7in uygundur<br \/>\n    Enerji verimli klasik g\u00fcn \u0131\u015f\u0131\u011f\u0131 LED ayd\u0131nlatma (6.500 K)<br \/>\nKomple setler y\u00fcksek kaliteli ekipman i\u00e7erir: EHEIM aquaball i\u00e7 filtre; EHEIM ayarlanabilir \u0131s\u0131t\u0131c\u0131; termometre; bal\u0131k a\u011f\u0131<br \/>\n&#8220;Aquacab&#8221; veya &#8220;vivalineLED&#8221; dolaplarla uyumludur<br \/>\nAyd\u0131nlatma, EHEIM classicLED ile geni\u015fletilebilir<\/p>","protected":false},"featured_media":42265,"comment_status":"open","ping_status":"closed","template":"","meta":{"_acf_changed":false},"product_brand":[],"product_cat":[2406],"product_tag":[],"class_list":{"0":"post-44748","1":"product","2":"type-product","3":"status-publish","4":"has-post-thumbnail","6":"product_cat-pervane-ve-miller","8":"first","9":"instock","10":"shipping-taxable","11":"product-type-simple"},"acf":[],"yoast_head":"<!-- This site is optimized with the Yoast SEO plugin v27.5 - https:\/\/yoast.com\/product\/yoast-seo-wordpress\/ -->\n<title>EHEIM Aquapro 126 Akvaryum Ba\u015flang\u0131\u00e7 Seti S\u0130yah (LED Ayd\u0131nlatma\/filtre\/filtre medyas\u0131\/\u0131s\u0131t\u0131c\u0131) - Anadolu Pet Grup<\/title>\n<meta name=\"robots\" content=\"index, follow, max-snippet:-1, max-image-preview:large, max-video-preview:-1\" \/>\n<link rel=\"canonical\" href=\"https:\/\/anadolupet.com.tr\/en\/product\/eheim-aquapro-126-akvaryum-baslangic-seti-siyah-led-aydinlatma-filtre-filtre-medyasi-isitici\/\" \/>\n<meta property=\"og:locale\" content=\"en_US\" \/>\n<meta property=\"og:type\" content=\"article\" \/>\n<meta property=\"og:title\" content=\"EHEIM Aquapro 126 Akvaryum Ba\u015flang\u0131\u00e7 Seti S\u0130yah (LED Ayd\u0131nlatma\/filtre\/filtre medyas\u0131\/\u0131s\u0131t\u0131c\u0131) - Anadolu Pet Grup\" \/>\n<meta property=\"og:description\" content=\"EHEIM aquaproLED ile, t\u00fcm aksesuarlar\u0131 i\u00e7eren premium setlerimizden birine sahip olacaks\u0131n\u0131z. T\u00fcm EHEIM komple setlerinde oldu\u011fu gibi, aquaproLED de standart donan\u0131m olarak ihtiyac\u0131n\u0131z olan her \u015feyi i\u00e7erir; bu sayede akvaryumunuzu hemen kurabilir ve olgunla\u015fmaya ba\u015flayabilirsiniz. LED ayd\u0131nlatman\u0131n ek avantajlar\u0131 da vard\u0131r: I\u015f\u0131klar enerji tasarrufludur ve \u0131\u015f\u0131k rengi bitkiler ve akvaryum sakinleri i\u00e7in idealdir. Kapak, bak\u0131m i\u00e7in tamamen \u00e7\u0131kar\u0131labilir, lamba ise akvaryumda kal\u0131r ve kolayca hareket ettirilebilir. Di\u011fer avantajlar aras\u0131nda besleme i\u00e7in pratik bir a\u00e7\u0131kl\u0131k (EHEIM besleme istasyonu ve EHEIM otomatik besleyici i\u00e7in b\u00f6lme ile), taban \u00e7er\u00e7evesi ve birinci s\u0131n\u0131f kalite bulunmaktad\u0131r. EHEIM aquaproLED komple akvaryum setlerinin avantajlar\u0131: Tanklar\u0131n hacmi (84, 126 ve 180 l) yeni ba\u015flayanlar ve profesyoneller i\u00e7in idealdir   Y\u00fcksek kaliteli tasar\u0131m ve i\u015f\u00e7ilik   Siyah veya beyaz dekor   Taban \u00e7er\u00e7evesi dahildir    \u0130nce tasar\u0131m, d\u00fcz kapak   Bak\u0131m ve onar\u0131m \u00e7al\u0131\u015fmalar\u0131 i\u00e7in kapak tamamen \u00e7\u0131kar\u0131labilir: LED lamba akvaryumda kal\u0131r ve kolayca hareket ettirilebilir.   Yemleme i\u00e7in a\u00e7\u0131kl\u0131k (kapakl\u0131); yemleme istasyonu ve otomatik yemlik (EHEIM otomatik yemlik) kullan\u0131m\u0131 i\u00e7in uygundur   Enerji verimli klasik g\u00fcn \u0131\u015f\u0131\u011f\u0131 LED ayd\u0131nlatma (6.500 K) Komple setler y\u00fcksek kaliteli ekipman i\u00e7erir: EHEIM aquaball i\u00e7 filtre; EHEIM ayarlanabilir \u0131s\u0131t\u0131c\u0131; termometre; bal\u0131k a\u011f\u0131 &quot;Aquacab&quot; veya &quot;vivalineLED&quot; dolaplarla uyumludur Ayd\u0131nlatma, EHEIM classicLED ile geni\u015fletilebilir\" \/>\n<meta property=\"og:url\" content=\"https:\/\/anadolupet.com.tr\/en\/product\/eheim-aquapro-126-akvaryum-baslangic-seti-siyah-led-aydinlatma-filtre-filtre-medyasi-isitici\/\" \/>\n<meta property=\"og:site_name\" content=\"Anadolu Pet Grup\" \/>\n<meta property=\"article:modified_time\" content=\"2026-02-23T12:47:55+00:00\" \/>\n<meta property=\"og:image\" content=\"https:\/\/anadolupet.com.tr\/wp-content\/uploads\/2026\/02\/105-340898.jpg\" \/>\n\t<meta property=\"og:image:width\" content=\"750\" \/>\n\t<meta property=\"og:image:height\" content=\"750\" \/>\n\t<meta property=\"og:image:type\" content=\"image\/jpeg\" \/>\n<meta name=\"twitter:card\" content=\"summary_large_image\" \/>\n<script type=\"application\/ld+json\" class=\"yoast-schema-graph\">{\"@context\":\"https:\\\/\\\/schema.org\",\"@graph\":[{\"@type\":\"WebPage\",\"@id\":\"https:\\\/\\\/anadolupet.com.tr\\\/urun\\\/eheim-aquapro-126-akvaryum-baslangic-seti-siyah-led-aydinlatma-filtre-filtre-medyasi-isitici\\\/\",\"url\":\"https:\\\/\\\/anadolupet.com.tr\\\/urun\\\/eheim-aquapro-126-akvaryum-baslangic-seti-siyah-led-aydinlatma-filtre-filtre-medyasi-isitici\\\/\",\"name\":\"EHEIM Aquapro 126 Akvaryum Ba\u015flang\u0131\u00e7 Seti S\u0130yah (LED Ayd\u0131nlatma\\\/filtre\\\/filtre medyas\u0131\\\/\u0131s\u0131t\u0131c\u0131) - Anadolu Pet Grup\",\"isPartOf\":{\"@id\":\"https:\\\/\\\/anadolupet.com.tr\\\/#website\"},\"primaryImageOfPage\":{\"@id\":\"https:\\\/\\\/anadolupet.com.tr\\\/urun\\\/eheim-aquapro-126-akvaryum-baslangic-seti-siyah-led-aydinlatma-filtre-filtre-medyasi-isitici\\\/#primaryimage\"},\"image\":{\"@id\":\"https:\\\/\\\/anadolupet.com.tr\\\/urun\\\/eheim-aquapro-126-akvaryum-baslangic-seti-siyah-led-aydinlatma-filtre-filtre-medyasi-isitici\\\/#primaryimage\"},\"thumbnailUrl\":\"https:\\\/\\\/anadolupet.com.tr\\\/wp-content\\\/uploads\\\/2026\\\/02\\\/105-340898.jpg\",\"datePublished\":\"2026-02-14T14:39:31+00:00\",\"dateModified\":\"2026-02-23T12:47:55+00:00\",\"breadcrumb\":{\"@id\":\"https:\\\/\\\/anadolupet.com.tr\\\/urun\\\/eheim-aquapro-126-akvaryum-baslangic-seti-siyah-led-aydinlatma-filtre-filtre-medyasi-isitici\\\/#breadcrumb\"},\"inLanguage\":\"en-US\",\"potentialAction\":[{\"@type\":\"ReadAction\",\"target\":[\"https:\\\/\\\/anadolupet.com.tr\\\/urun\\\/eheim-aquapro-126-akvaryum-baslangic-seti-siyah-led-aydinlatma-filtre-filtre-medyasi-isitici\\\/\"]}]},{\"@type\":\"ImageObject\",\"inLanguage\":\"en-US\",\"@id\":\"https:\\\/\\\/anadolupet.com.tr\\\/urun\\\/eheim-aquapro-126-akvaryum-baslangic-seti-siyah-led-aydinlatma-filtre-filtre-medyasi-isitici\\\/#primaryimage\",\"url\":\"https:\\\/\\\/anadolupet.com.tr\\\/wp-content\\\/uploads\\\/2026\\\/02\\\/105-340898.jpg\",\"contentUrl\":\"https:\\\/\\\/anadolupet.com.tr\\\/wp-content\\\/uploads\\\/2026\\\/02\\\/105-340898.jpg\",\"width\":750,\"height\":750},{\"@type\":\"BreadcrumbList\",\"@id\":\"https:\\\/\\\/anadolupet.com.tr\\\/urun\\\/eheim-aquapro-126-akvaryum-baslangic-seti-siyah-led-aydinlatma-filtre-filtre-medyasi-isitici\\\/#breadcrumb\",\"itemListElement\":[{\"@type\":\"ListItem\",\"position\":1,\"name\":\"Anasayfa\",\"item\":\"https:\\\/\\\/anadolupet.com.tr\\\/\"},{\"@type\":\"ListItem\",\"position\":2,\"name\":\"\u00dcr\u00fcnler\",\"item\":\"https:\\\/\\\/anadolupet.com.tr\\\/urunler\\\/\"},{\"@type\":\"ListItem\",\"position\":3,\"name\":\"EHEIM Aquapro 126 Akvaryum Ba\u015flang\u0131\u00e7 Seti S\u0130yah (LED Ayd\u0131nlatma\\\/filtre\\\/filtre medyas\u0131\\\/\u0131s\u0131t\u0131c\u0131)\"}]},{\"@type\":\"WebSite\",\"@id\":\"https:\\\/\\\/anadolupet.com.tr\\\/#website\",\"url\":\"https:\\\/\\\/anadolupet.com.tr\\\/\",\"name\":\"Anadolu Pet Grup\",\"description\":\"Her Can\u0131n \u0130yi Ya\u015fam\u0131 \u0130\u00e7in Biraraday\u0131z\",\"publisher\":{\"@id\":\"https:\\\/\\\/anadolupet.com.tr\\\/#organization\"},\"potentialAction\":[{\"@type\":\"SearchAction\",\"target\":{\"@type\":\"EntryPoint\",\"urlTemplate\":\"https:\\\/\\\/anadolupet.com.tr\\\/?s={search_term_string}\"},\"query-input\":{\"@type\":\"PropertyValueSpecification\",\"valueRequired\":true,\"valueName\":\"search_term_string\"}}],\"inLanguage\":\"en-US\"},{\"@type\":\"Organization\",\"@id\":\"https:\\\/\\\/anadolupet.com.tr\\\/#organization\",\"name\":\"Anadolu Pet Grup\",\"alternateName\":\"Anadolu Pet\",\"url\":\"https:\\\/\\\/anadolupet.com.tr\\\/\",\"logo\":{\"@type\":\"ImageObject\",\"inLanguage\":\"en-US\",\"@id\":\"https:\\\/\\\/anadolupet.com.tr\\\/#\\\/schema\\\/logo\\\/image\\\/\",\"url\":\"https:\\\/\\\/anadolupet.com.tr\\\/wp-content\\\/uploads\\\/2026\\\/03\\\/1614666743370.jpg\",\"contentUrl\":\"https:\\\/\\\/anadolupet.com.tr\\\/wp-content\\\/uploads\\\/2026\\\/03\\\/1614666743370.jpg\",\"width\":800,\"height\":571,\"caption\":\"Anadolu Pet Grup\"},\"image\":{\"@id\":\"https:\\\/\\\/anadolupet.com.tr\\\/#\\\/schema\\\/logo\\\/image\\\/\"}}]}<\/script>\n<!-- \/ Yoast SEO plugin. -->","yoast_head_json":{"title":"EHEIM Aquapro 126 Akvaryum Ba\u015flang\u0131\u00e7 Seti S\u0130yah (LED Ayd\u0131nlatma\/filtre\/filtre medyas\u0131\/\u0131s\u0131t\u0131c\u0131) - Anadolu Pet Grup","robots":{"index":"index","follow":"follow","max-snippet":"max-snippet:-1","max-image-preview":"max-image-preview:large","max-video-preview":"max-video-preview:-1"},"canonical":"https:\/\/anadolupet.com.tr\/en\/product\/eheim-aquapro-126-akvaryum-baslangic-seti-siyah-led-aydinlatma-filtre-filtre-medyasi-isitici\/","og_locale":"en_US","og_type":"article","og_title":"EHEIM Aquapro 126 Akvaryum Ba\u015flang\u0131\u00e7 Seti S\u0130yah (LED Ayd\u0131nlatma\/filtre\/filtre medyas\u0131\/\u0131s\u0131t\u0131c\u0131) - Anadolu Pet Grup","og_description":"EHEIM aquaproLED ile, t\u00fcm aksesuarlar\u0131 i\u00e7eren premium setlerimizden birine sahip olacaks\u0131n\u0131z. T\u00fcm EHEIM komple setlerinde oldu\u011fu gibi, aquaproLED de standart donan\u0131m olarak ihtiyac\u0131n\u0131z olan her \u015feyi i\u00e7erir; bu sayede akvaryumunuzu hemen kurabilir ve olgunla\u015fmaya ba\u015flayabilirsiniz. LED ayd\u0131nlatman\u0131n ek avantajlar\u0131 da vard\u0131r: I\u015f\u0131klar enerji tasarrufludur ve \u0131\u015f\u0131k rengi bitkiler ve akvaryum sakinleri i\u00e7in idealdir. Kapak, bak\u0131m i\u00e7in tamamen \u00e7\u0131kar\u0131labilir, lamba ise akvaryumda kal\u0131r ve kolayca hareket ettirilebilir. Di\u011fer avantajlar aras\u0131nda besleme i\u00e7in pratik bir a\u00e7\u0131kl\u0131k (EHEIM besleme istasyonu ve EHEIM otomatik besleyici i\u00e7in b\u00f6lme ile), taban \u00e7er\u00e7evesi ve birinci s\u0131n\u0131f kalite bulunmaktad\u0131r. EHEIM aquaproLED komple akvaryum setlerinin avantajlar\u0131: Tanklar\u0131n hacmi (84, 126 ve 180 l) yeni ba\u015flayanlar ve profesyoneller i\u00e7in idealdir   Y\u00fcksek kaliteli tasar\u0131m ve i\u015f\u00e7ilik   Siyah veya beyaz dekor   Taban \u00e7er\u00e7evesi dahildir    \u0130nce tasar\u0131m, d\u00fcz kapak   Bak\u0131m ve onar\u0131m \u00e7al\u0131\u015fmalar\u0131 i\u00e7in kapak tamamen \u00e7\u0131kar\u0131labilir: LED lamba akvaryumda kal\u0131r ve kolayca hareket ettirilebilir.   Yemleme i\u00e7in a\u00e7\u0131kl\u0131k (kapakl\u0131); yemleme istasyonu ve otomatik yemlik (EHEIM otomatik yemlik) kullan\u0131m\u0131 i\u00e7in uygundur   Enerji verimli klasik g\u00fcn \u0131\u015f\u0131\u011f\u0131 LED ayd\u0131nlatma (6.500 K) Komple setler y\u00fcksek kaliteli ekipman i\u00e7erir: EHEIM aquaball i\u00e7 filtre; EHEIM ayarlanabilir \u0131s\u0131t\u0131c\u0131; termometre; bal\u0131k a\u011f\u0131 \"Aquacab\" veya \"vivalineLED\" dolaplarla uyumludur Ayd\u0131nlatma, EHEIM classicLED ile geni\u015fletilebilir","og_url":"https:\/\/anadolupet.com.tr\/en\/product\/eheim-aquapro-126-akvaryum-baslangic-seti-siyah-led-aydinlatma-filtre-filtre-medyasi-isitici\/","og_site_name":"Anadolu Pet Grup","article_modified_time":"2026-02-23T12:47:55+00:00","og_image":[{"width":750,"height":750,"url":"https:\/\/anadolupet.com.tr\/wp-content\/uploads\/2026\/02\/105-340898.jpg","type":"image\/jpeg"}],"twitter_card":"summary_large_image","schema":{"@context":"https:\/\/schema.org","@graph":[{"@type":"WebPage","@id":"https:\/\/anadolupet.com.tr\/urun\/eheim-aquapro-126-akvaryum-baslangic-seti-siyah-led-aydinlatma-filtre-filtre-medyasi-isitici\/","url":"https:\/\/anadolupet.com.tr\/urun\/eheim-aquapro-126-akvaryum-baslangic-seti-siyah-led-aydinlatma-filtre-filtre-medyasi-isitici\/","name":"EHEIM Aquapro 126 Akvaryum Ba\u015flang\u0131\u00e7 Seti S\u0130yah (LED Ayd\u0131nlatma\/filtre\/filtre medyas\u0131\/\u0131s\u0131t\u0131c\u0131) - Anadolu Pet Grup","isPartOf":{"@id":"https:\/\/anadolupet.com.tr\/#website"},"primaryImageOfPage":{"@id":"https:\/\/anadolupet.com.tr\/urun\/eheim-aquapro-126-akvaryum-baslangic-seti-siyah-led-aydinlatma-filtre-filtre-medyasi-isitici\/#primaryimage"},"image":{"@id":"https:\/\/anadolupet.com.tr\/urun\/eheim-aquapro-126-akvaryum-baslangic-seti-siyah-led-aydinlatma-filtre-filtre-medyasi-isitici\/#primaryimage"},"thumbnailUrl":"https:\/\/anadolupet.com.tr\/wp-content\/uploads\/2026\/02\/105-340898.jpg","datePublished":"2026-02-14T14:39:31+00:00","dateModified":"2026-02-23T12:47:55+00:00","breadcrumb":{"@id":"https:\/\/anadolupet.com.tr\/urun\/eheim-aquapro-126-akvaryum-baslangic-seti-siyah-led-aydinlatma-filtre-filtre-medyasi-isitici\/#breadcrumb"},"inLanguage":"en-US","potentialAction":[{"@type":"ReadAction","target":["https:\/\/anadolupet.com.tr\/urun\/eheim-aquapro-126-akvaryum-baslangic-seti-siyah-led-aydinlatma-filtre-filtre-medyasi-isitici\/"]}]},{"@type":"ImageObject","inLanguage":"en-US","@id":"https:\/\/anadolupet.com.tr\/urun\/eheim-aquapro-126-akvaryum-baslangic-seti-siyah-led-aydinlatma-filtre-filtre-medyasi-isitici\/#primaryimage","url":"https:\/\/anadolupet.com.tr\/wp-content\/uploads\/2026\/02\/105-340898.jpg","contentUrl":"https:\/\/anadolupet.com.tr\/wp-content\/uploads\/2026\/02\/105-340898.jpg","width":750,"height":750},{"@type":"BreadcrumbList","@id":"https:\/\/anadolupet.com.tr\/urun\/eheim-aquapro-126-akvaryum-baslangic-seti-siyah-led-aydinlatma-filtre-filtre-medyasi-isitici\/#breadcrumb","itemListElement":[{"@type":"ListItem","position":1,"name":"Anasayfa","item":"https:\/\/anadolupet.com.tr\/"},{"@type":"ListItem","position":2,"name":"\u00dcr\u00fcnler","item":"https:\/\/anadolupet.com.tr\/urunler\/"},{"@type":"ListItem","position":3,"name":"EHEIM Aquapro 126 Akvaryum Ba\u015flang\u0131\u00e7 Seti S\u0130yah (LED Ayd\u0131nlatma\/filtre\/filtre medyas\u0131\/\u0131s\u0131t\u0131c\u0131)"}]},{"@type":"WebSite","@id":"https:\/\/anadolupet.com.tr\/#website","url":"https:\/\/anadolupet.com.tr\/","name":"Anadolu Pet Group","description":"We Stand Together for the Well-Being of Every Life","publisher":{"@id":"https:\/\/anadolupet.com.tr\/#organization"},"potentialAction":[{"@type":"SearchAction","target":{"@type":"EntryPoint","urlTemplate":"https:\/\/anadolupet.com.tr\/?s={search_term_string}"},"query-input":{"@type":"PropertyValueSpecification","valueRequired":true,"valueName":"search_term_string"}}],"inLanguage":"en-US"},{"@type":"Organization","@id":"https:\/\/anadolupet.com.tr\/#organization","name":"Anadolu Pet Group","alternateName":"Anadolu Pet","url":"https:\/\/anadolupet.com.tr\/","logo":{"@type":"ImageObject","inLanguage":"en-US","@id":"https:\/\/anadolupet.com.tr\/#\/schema\/logo\/image\/","url":"https:\/\/anadolupet.com.tr\/wp-content\/uploads\/2026\/03\/1614666743370.jpg","contentUrl":"https:\/\/anadolupet.com.tr\/wp-content\/uploads\/2026\/03\/1614666743370.jpg","width":800,"height":571,"caption":"Anadolu Pet Grup"},"image":{"@id":"https:\/\/anadolupet.com.tr\/#\/schema\/logo\/image\/"}}]}},"_links":{"self":[{"href":"https:\/\/anadolupet.com.tr\/en\/wp-json\/wp\/v2\/product\/44748","targetHints":{"allow":["GET"]}}],"collection":[{"href":"https:\/\/anadolupet.com.tr\/en\/wp-json\/wp\/v2\/product"}],"about":[{"href":"https:\/\/anadolupet.com.tr\/en\/wp-json\/wp\/v2\/types\/product"}],"replies":[{"embeddable":true,"href":"https:\/\/anadolupet.com.tr\/en\/wp-json\/wp\/v2\/comments?post=44748"}],"wp:featuredmedia":[{"embeddable":true,"href":"https:\/\/anadolupet.com.tr\/en\/wp-json\/wp\/v2\/media\/42265"}],"wp:attachment":[{"href":"https:\/\/anadolupet.com.tr\/en\/wp-json\/wp\/v2\/media?parent=44748"}],"wp:term":[{"taxonomy":"product_brand","embeddable":true,"href":"https:\/\/anadolupet.com.tr\/en\/wp-json\/wp\/v2\/product_brand?post=44748"},{"taxonomy":"product_cat","embeddable":true,"href":"https:\/\/anadolupet.com.tr\/en\/wp-json\/wp\/v2\/product_cat?post=44748"},{"taxonomy":"product_tag","embeddable":true,"href":"https:\/\/anadolupet.com.tr\/en\/wp-json\/wp\/v2\/product_tag?post=44748"}],"curies":[{"name":"wp","href":"https:\/\/api.w.org\/{rel}","templated":true}]}}