{"id":44749,"date":"2026-02-14T14:39:31","date_gmt":"2026-02-14T14:39:31","guid":{"rendered":"https:\/\/anadolupet.com.tr\/urun\/eheim-aquastar-54-akvaryum-baslangic-seti-siyah-led-aydinlatma-filtre-filtre-medyasi-isitici\/"},"modified":"2026-02-23T12:47:55","modified_gmt":"2026-02-23T12:47:55","slug":"eheim-aquastar-54-akvaryum-baslangic-seti-siyah-led-aydinlatma-filtre-filtre-medyasi-isitici","status":"publish","type":"product","link":"https:\/\/anadolupet.com.tr\/en\/urun\/eheim-aquastar-54-akvaryum-baslangic-seti-siyah-led-aydinlatma-filtre-filtre-medyasi-isitici\/","title":{"rendered":"EHEIM Aquastar 54 Aquarium Starter Kit Black (LED Lighting\/filter\/filter media\/heater)"},"content":{"rendered":"","protected":false},"excerpt":{"rendered":"<p>EHEIM aquastar54 LED, akvaryum hobisine yeni ba\u015flayanlar i\u00e7in tasarlanm\u0131\u015f en iyi k\u00fc\u00e7\u00fck komple setlerden biridir. T\u00fcm temel ekipmanlar\u0131 i\u00e7erir, kurulumdan hemen sonra kullan\u0131labilir ve ilerleyen s\u00fcre\u00e7te iste\u011fe g\u00f6re \u00f6zelle\u015ftirilebilir. Bitkiler ve akvaryum canl\u0131lar\u0131 i\u00e7in ideal \u0131\u015f\u0131k rengine sahip enerji tasarruflu LED ayd\u0131nlatmas\u0131yla \u00f6ne \u00e7\u0131kar.<\/p>\n<p>\u00d6ne \u00c7\u0131kan \u00d6zellikler<br \/>\nTank Hacmi: 54 litre \u2013 yeni ba\u015flayanlar i\u00e7in ideal<\/p>\n<p>Tasar\u0131m: \u015eeffaf cam, y\u00fcksek i\u015f\u00e7ilik kalitesi, beyaz veya siyah dekor se\u00e7enekleri<\/p>\n<p>Alt \u00c7er\u00e7eve: G\u00f6rsel g\u00f6r\u00fcn\u00fcm\u00fc iyile\u015ftirir<\/p>\n<p>Kapak: \u0130nce tasar\u0131m (y\u00fckseklik yaln\u0131zca 30 mm), tamamen a\u00e7\u0131labilir veya \u00e7\u0131kar\u0131labilir<\/p>\n<p>LED Ayd\u0131nlatma: 7,7 W, 6500 K (g\u00fcn \u0131\u015f\u0131\u011f\u0131) \u2013 bitki geli\u015fimi ve canl\u0131lar i\u00e7in uygun<\/p>\n<p>Pratik Kapak A\u00e7\u0131kl\u0131klar\u0131: Otomatik yemleme cihaz\u0131 (EHEIM autofeeder) i\u00e7in uyumlu<\/p>\n<p>Bak\u0131m Kolayl\u0131\u011f\u0131: LED lamba kayd\u0131r\u0131larak bak\u0131m s\u0131ras\u0131nda \u0131\u015f\u0131k sa\u011flan\u0131r, g\u00f6z almaz<\/p>\n<p>Tam Donan\u0131m:<\/p>\n<p>EHEIM i\u00e7 filtre pickup 60<\/p>\n<p>EHEIM ayarlanabilir \u0131s\u0131t\u0131c\u0131 50 W<\/p>\n<p>Termometre<\/p>\n<p>Set Boyutlar\u0131<br \/>\nAkvaryum \u00f6l\u00e7\u00fcleri: 60 \u00d7 30 \u00d7 30 cm (54 L)<\/p>\n<p>Genel set \u00f6l\u00e7\u00fcleri: 61 \u00d7 31 \u00d7 32 cm<\/p>\n<p>Avantajlar<br \/>\nEnerji tasarruflu LED ayd\u0131nlatma ile d\u00fc\u015f\u00fck t\u00fcketim<\/p>\n<p>Bitki b\u00fcy\u00fcmesini ve akvaryum canl\u0131lar\u0131n\u0131n sa\u011fl\u0131\u011f\u0131n\u0131 destekleyen \u0131\u015f\u0131k rengi<\/p>\n<p>Y\u00fcksek kaliteli cam ve i\u015f\u00e7ilik garantisi<\/p>\n<p>Kolay bak\u0131m ve servis imk\u00e2n\u0131<\/p>\n<p>Otomatik yemleme cihaz\u0131 ile uyumlu kapak tasar\u0131m\u0131<\/p>\n<p>\u201caquaduo\u201d dolap kiti ile m\u00fckemmel uyum<\/p>","protected":false},"featured_media":42262,"comment_status":"open","ping_status":"closed","template":"","meta":{"_acf_changed":false},"product_brand":[],"product_cat":[2406],"product_tag":[],"class_list":{"0":"post-44749","1":"product","2":"type-product","3":"status-publish","4":"has-post-thumbnail","6":"product_cat-pervane-ve-miller","8":"first","9":"instock","10":"shipping-taxable","11":"product-type-simple"},"acf":[],"yoast_head":"<!-- This site is optimized with the Yoast SEO plugin v27.5 - https:\/\/yoast.com\/product\/yoast-seo-wordpress\/ -->\n<title>EHEIM Aquastar 54 Akvaryum Ba\u015flang\u0131\u00e7 Seti Siyah (LED Ayd\u0131nlatma\/filtre\/filtre medyas\u0131\/\u0131s\u0131t\u0131c\u0131) - Anadolu Pet Grup<\/title>\n<meta name=\"robots\" content=\"index, follow, max-snippet:-1, max-image-preview:large, max-video-preview:-1\" \/>\n<link rel=\"canonical\" href=\"https:\/\/anadolupet.com.tr\/en\/product\/eheim-aquastar-54-akvaryum-baslangic-seti-siyah-led-aydinlatma-filtre-filtre-medyasi-isitici\/\" \/>\n<meta property=\"og:locale\" content=\"en_US\" \/>\n<meta property=\"og:type\" content=\"article\" \/>\n<meta property=\"og:title\" content=\"EHEIM Aquastar 54 Akvaryum Ba\u015flang\u0131\u00e7 Seti Siyah (LED Ayd\u0131nlatma\/filtre\/filtre medyas\u0131\/\u0131s\u0131t\u0131c\u0131) - Anadolu Pet Grup\" \/>\n<meta property=\"og:description\" content=\"EHEIM aquastar54 LED, akvaryum hobisine yeni ba\u015flayanlar i\u00e7in tasarlanm\u0131\u015f en iyi k\u00fc\u00e7\u00fck komple setlerden biridir. T\u00fcm temel ekipmanlar\u0131 i\u00e7erir, kurulumdan hemen sonra kullan\u0131labilir ve ilerleyen s\u00fcre\u00e7te iste\u011fe g\u00f6re \u00f6zelle\u015ftirilebilir. Bitkiler ve akvaryum canl\u0131lar\u0131 i\u00e7in ideal \u0131\u015f\u0131k rengine sahip enerji tasarruflu LED ayd\u0131nlatmas\u0131yla \u00f6ne \u00e7\u0131kar. \u00d6ne \u00c7\u0131kan \u00d6zellikler Tank Hacmi: 54 litre \u2013 yeni ba\u015flayanlar i\u00e7in ideal Tasar\u0131m: \u015eeffaf cam, y\u00fcksek i\u015f\u00e7ilik kalitesi, beyaz veya siyah dekor se\u00e7enekleri Alt \u00c7er\u00e7eve: G\u00f6rsel g\u00f6r\u00fcn\u00fcm\u00fc iyile\u015ftirir Kapak: \u0130nce tasar\u0131m (y\u00fckseklik yaln\u0131zca 30 mm), tamamen a\u00e7\u0131labilir veya \u00e7\u0131kar\u0131labilir LED Ayd\u0131nlatma: 7,7 W, 6500 K (g\u00fcn \u0131\u015f\u0131\u011f\u0131) \u2013 bitki geli\u015fimi ve canl\u0131lar i\u00e7in uygun Pratik Kapak A\u00e7\u0131kl\u0131klar\u0131: Otomatik yemleme cihaz\u0131 (EHEIM autofeeder) i\u00e7in uyumlu Bak\u0131m Kolayl\u0131\u011f\u0131: LED lamba kayd\u0131r\u0131larak bak\u0131m s\u0131ras\u0131nda \u0131\u015f\u0131k sa\u011flan\u0131r, g\u00f6z almaz Tam Donan\u0131m: EHEIM i\u00e7 filtre pickup 60 EHEIM ayarlanabilir \u0131s\u0131t\u0131c\u0131 50 W Termometre Set Boyutlar\u0131 Akvaryum \u00f6l\u00e7\u00fcleri: 60 \u00d7 30 \u00d7 30 cm (54 L) Genel set \u00f6l\u00e7\u00fcleri: 61 \u00d7 31 \u00d7 32 cm Avantajlar Enerji tasarruflu LED ayd\u0131nlatma ile d\u00fc\u015f\u00fck t\u00fcketim Bitki b\u00fcy\u00fcmesini ve akvaryum canl\u0131lar\u0131n\u0131n sa\u011fl\u0131\u011f\u0131n\u0131 destekleyen \u0131\u015f\u0131k rengi Y\u00fcksek kaliteli cam ve i\u015f\u00e7ilik garantisi Kolay bak\u0131m ve servis imk\u00e2n\u0131 Otomatik yemleme cihaz\u0131 ile uyumlu kapak tasar\u0131m\u0131 \u201caquaduo\u201d dolap kiti ile m\u00fckemmel uyum\" \/>\n<meta property=\"og:url\" content=\"https:\/\/anadolupet.com.tr\/en\/product\/eheim-aquastar-54-akvaryum-baslangic-seti-siyah-led-aydinlatma-filtre-filtre-medyasi-isitici\/\" \/>\n<meta property=\"og:site_name\" content=\"Anadolu Pet Grup\" \/>\n<meta property=\"article:modified_time\" content=\"2026-02-23T12:47:55+00:00\" \/>\n<meta property=\"og:image\" content=\"https:\/\/anadolupet.com.tr\/wp-content\/uploads\/2026\/02\/105-340645.jpg\" \/>\n\t<meta property=\"og:image:width\" content=\"750\" \/>\n\t<meta property=\"og:image:height\" content=\"750\" \/>\n\t<meta property=\"og:image:type\" content=\"image\/jpeg\" \/>\n<meta name=\"twitter:card\" content=\"summary_large_image\" \/>\n<script type=\"application\/ld+json\" class=\"yoast-schema-graph\">{\"@context\":\"https:\\\/\\\/schema.org\",\"@graph\":[{\"@type\":\"WebPage\",\"@id\":\"https:\\\/\\\/anadolupet.com.tr\\\/urun\\\/eheim-aquastar-54-akvaryum-baslangic-seti-siyah-led-aydinlatma-filtre-filtre-medyasi-isitici\\\/\",\"url\":\"https:\\\/\\\/anadolupet.com.tr\\\/urun\\\/eheim-aquastar-54-akvaryum-baslangic-seti-siyah-led-aydinlatma-filtre-filtre-medyasi-isitici\\\/\",\"name\":\"EHEIM Aquastar 54 Akvaryum Ba\u015flang\u0131\u00e7 Seti Siyah (LED Ayd\u0131nlatma\\\/filtre\\\/filtre medyas\u0131\\\/\u0131s\u0131t\u0131c\u0131) - Anadolu Pet Grup\",\"isPartOf\":{\"@id\":\"https:\\\/\\\/anadolupet.com.tr\\\/#website\"},\"primaryImageOfPage\":{\"@id\":\"https:\\\/\\\/anadolupet.com.tr\\\/urun\\\/eheim-aquastar-54-akvaryum-baslangic-seti-siyah-led-aydinlatma-filtre-filtre-medyasi-isitici\\\/#primaryimage\"},\"image\":{\"@id\":\"https:\\\/\\\/anadolupet.com.tr\\\/urun\\\/eheim-aquastar-54-akvaryum-baslangic-seti-siyah-led-aydinlatma-filtre-filtre-medyasi-isitici\\\/#primaryimage\"},\"thumbnailUrl\":\"https:\\\/\\\/anadolupet.com.tr\\\/wp-content\\\/uploads\\\/2026\\\/02\\\/105-340645.jpg\",\"datePublished\":\"2026-02-14T14:39:31+00:00\",\"dateModified\":\"2026-02-23T12:47:55+00:00\",\"breadcrumb\":{\"@id\":\"https:\\\/\\\/anadolupet.com.tr\\\/urun\\\/eheim-aquastar-54-akvaryum-baslangic-seti-siyah-led-aydinlatma-filtre-filtre-medyasi-isitici\\\/#breadcrumb\"},\"inLanguage\":\"en-US\",\"potentialAction\":[{\"@type\":\"ReadAction\",\"target\":[\"https:\\\/\\\/anadolupet.com.tr\\\/urun\\\/eheim-aquastar-54-akvaryum-baslangic-seti-siyah-led-aydinlatma-filtre-filtre-medyasi-isitici\\\/\"]}]},{\"@type\":\"ImageObject\",\"inLanguage\":\"en-US\",\"@id\":\"https:\\\/\\\/anadolupet.com.tr\\\/urun\\\/eheim-aquastar-54-akvaryum-baslangic-seti-siyah-led-aydinlatma-filtre-filtre-medyasi-isitici\\\/#primaryimage\",\"url\":\"https:\\\/\\\/anadolupet.com.tr\\\/wp-content\\\/uploads\\\/2026\\\/02\\\/105-340645.jpg\",\"contentUrl\":\"https:\\\/\\\/anadolupet.com.tr\\\/wp-content\\\/uploads\\\/2026\\\/02\\\/105-340645.jpg\",\"width\":750,\"height\":750},{\"@type\":\"BreadcrumbList\",\"@id\":\"https:\\\/\\\/anadolupet.com.tr\\\/urun\\\/eheim-aquastar-54-akvaryum-baslangic-seti-siyah-led-aydinlatma-filtre-filtre-medyasi-isitici\\\/#breadcrumb\",\"itemListElement\":[{\"@type\":\"ListItem\",\"position\":1,\"name\":\"Anasayfa\",\"item\":\"https:\\\/\\\/anadolupet.com.tr\\\/\"},{\"@type\":\"ListItem\",\"position\":2,\"name\":\"\u00dcr\u00fcnler\",\"item\":\"https:\\\/\\\/anadolupet.com.tr\\\/urunler\\\/\"},{\"@type\":\"ListItem\",\"position\":3,\"name\":\"EHEIM Aquastar 54 Akvaryum Ba\u015flang\u0131\u00e7 Seti Siyah (LED Ayd\u0131nlatma\\\/filtre\\\/filtre medyas\u0131\\\/\u0131s\u0131t\u0131c\u0131)\"}]},{\"@type\":\"WebSite\",\"@id\":\"https:\\\/\\\/anadolupet.com.tr\\\/#website\",\"url\":\"https:\\\/\\\/anadolupet.com.tr\\\/\",\"name\":\"Anadolu Pet Grup\",\"description\":\"Her Can\u0131n \u0130yi Ya\u015fam\u0131 \u0130\u00e7in Biraraday\u0131z\",\"publisher\":{\"@id\":\"https:\\\/\\\/anadolupet.com.tr\\\/#organization\"},\"potentialAction\":[{\"@type\":\"SearchAction\",\"target\":{\"@type\":\"EntryPoint\",\"urlTemplate\":\"https:\\\/\\\/anadolupet.com.tr\\\/?s={search_term_string}\"},\"query-input\":{\"@type\":\"PropertyValueSpecification\",\"valueRequired\":true,\"valueName\":\"search_term_string\"}}],\"inLanguage\":\"en-US\"},{\"@type\":\"Organization\",\"@id\":\"https:\\\/\\\/anadolupet.com.tr\\\/#organization\",\"name\":\"Anadolu Pet Grup\",\"alternateName\":\"Anadolu Pet\",\"url\":\"https:\\\/\\\/anadolupet.com.tr\\\/\",\"logo\":{\"@type\":\"ImageObject\",\"inLanguage\":\"en-US\",\"@id\":\"https:\\\/\\\/anadolupet.com.tr\\\/#\\\/schema\\\/logo\\\/image\\\/\",\"url\":\"https:\\\/\\\/anadolupet.com.tr\\\/wp-content\\\/uploads\\\/2026\\\/03\\\/1614666743370.jpg\",\"contentUrl\":\"https:\\\/\\\/anadolupet.com.tr\\\/wp-content\\\/uploads\\\/2026\\\/03\\\/1614666743370.jpg\",\"width\":800,\"height\":571,\"caption\":\"Anadolu Pet Grup\"},\"image\":{\"@id\":\"https:\\\/\\\/anadolupet.com.tr\\\/#\\\/schema\\\/logo\\\/image\\\/\"}}]}<\/script>\n<!-- \/ Yoast SEO plugin. -->","yoast_head_json":{"title":"EHEIM Aquastar 54 Akvaryum Ba\u015flang\u0131\u00e7 Seti Siyah (LED Ayd\u0131nlatma\/filtre\/filtre medyas\u0131\/\u0131s\u0131t\u0131c\u0131) - Anadolu Pet Grup","robots":{"index":"index","follow":"follow","max-snippet":"max-snippet:-1","max-image-preview":"max-image-preview:large","max-video-preview":"max-video-preview:-1"},"canonical":"https:\/\/anadolupet.com.tr\/en\/product\/eheim-aquastar-54-akvaryum-baslangic-seti-siyah-led-aydinlatma-filtre-filtre-medyasi-isitici\/","og_locale":"en_US","og_type":"article","og_title":"EHEIM Aquastar 54 Akvaryum Ba\u015flang\u0131\u00e7 Seti Siyah (LED Ayd\u0131nlatma\/filtre\/filtre medyas\u0131\/\u0131s\u0131t\u0131c\u0131) - Anadolu Pet Grup","og_description":"EHEIM aquastar54 LED, akvaryum hobisine yeni ba\u015flayanlar i\u00e7in tasarlanm\u0131\u015f en iyi k\u00fc\u00e7\u00fck komple setlerden biridir. T\u00fcm temel ekipmanlar\u0131 i\u00e7erir, kurulumdan hemen sonra kullan\u0131labilir ve ilerleyen s\u00fcre\u00e7te iste\u011fe g\u00f6re \u00f6zelle\u015ftirilebilir. Bitkiler ve akvaryum canl\u0131lar\u0131 i\u00e7in ideal \u0131\u015f\u0131k rengine sahip enerji tasarruflu LED ayd\u0131nlatmas\u0131yla \u00f6ne \u00e7\u0131kar. \u00d6ne \u00c7\u0131kan \u00d6zellikler Tank Hacmi: 54 litre \u2013 yeni ba\u015flayanlar i\u00e7in ideal Tasar\u0131m: \u015eeffaf cam, y\u00fcksek i\u015f\u00e7ilik kalitesi, beyaz veya siyah dekor se\u00e7enekleri Alt \u00c7er\u00e7eve: G\u00f6rsel g\u00f6r\u00fcn\u00fcm\u00fc iyile\u015ftirir Kapak: \u0130nce tasar\u0131m (y\u00fckseklik yaln\u0131zca 30 mm), tamamen a\u00e7\u0131labilir veya \u00e7\u0131kar\u0131labilir LED Ayd\u0131nlatma: 7,7 W, 6500 K (g\u00fcn \u0131\u015f\u0131\u011f\u0131) \u2013 bitki geli\u015fimi ve canl\u0131lar i\u00e7in uygun Pratik Kapak A\u00e7\u0131kl\u0131klar\u0131: Otomatik yemleme cihaz\u0131 (EHEIM autofeeder) i\u00e7in uyumlu Bak\u0131m Kolayl\u0131\u011f\u0131: LED lamba kayd\u0131r\u0131larak bak\u0131m s\u0131ras\u0131nda \u0131\u015f\u0131k sa\u011flan\u0131r, g\u00f6z almaz Tam Donan\u0131m: EHEIM i\u00e7 filtre pickup 60 EHEIM ayarlanabilir \u0131s\u0131t\u0131c\u0131 50 W Termometre Set Boyutlar\u0131 Akvaryum \u00f6l\u00e7\u00fcleri: 60 \u00d7 30 \u00d7 30 cm (54 L) Genel set \u00f6l\u00e7\u00fcleri: 61 \u00d7 31 \u00d7 32 cm Avantajlar Enerji tasarruflu LED ayd\u0131nlatma ile d\u00fc\u015f\u00fck t\u00fcketim Bitki b\u00fcy\u00fcmesini ve akvaryum canl\u0131lar\u0131n\u0131n sa\u011fl\u0131\u011f\u0131n\u0131 destekleyen \u0131\u015f\u0131k rengi Y\u00fcksek kaliteli cam ve i\u015f\u00e7ilik garantisi Kolay bak\u0131m ve servis imk\u00e2n\u0131 Otomatik yemleme cihaz\u0131 ile uyumlu kapak tasar\u0131m\u0131 \u201caquaduo\u201d dolap kiti ile m\u00fckemmel uyum","og_url":"https:\/\/anadolupet.com.tr\/en\/product\/eheim-aquastar-54-akvaryum-baslangic-seti-siyah-led-aydinlatma-filtre-filtre-medyasi-isitici\/","og_site_name":"Anadolu Pet Grup","article_modified_time":"2026-02-23T12:47:55+00:00","og_image":[{"width":750,"height":750,"url":"https:\/\/anadolupet.com.tr\/wp-content\/uploads\/2026\/02\/105-340645.jpg","type":"image\/jpeg"}],"twitter_card":"summary_large_image","schema":{"@context":"https:\/\/schema.org","@graph":[{"@type":"WebPage","@id":"https:\/\/anadolupet.com.tr\/urun\/eheim-aquastar-54-akvaryum-baslangic-seti-siyah-led-aydinlatma-filtre-filtre-medyasi-isitici\/","url":"https:\/\/anadolupet.com.tr\/urun\/eheim-aquastar-54-akvaryum-baslangic-seti-siyah-led-aydinlatma-filtre-filtre-medyasi-isitici\/","name":"EHEIM Aquastar 54 Akvaryum Ba\u015flang\u0131\u00e7 Seti Siyah (LED Ayd\u0131nlatma\/filtre\/filtre medyas\u0131\/\u0131s\u0131t\u0131c\u0131) - Anadolu Pet Grup","isPartOf":{"@id":"https:\/\/anadolupet.com.tr\/#website"},"primaryImageOfPage":{"@id":"https:\/\/anadolupet.com.tr\/urun\/eheim-aquastar-54-akvaryum-baslangic-seti-siyah-led-aydinlatma-filtre-filtre-medyasi-isitici\/#primaryimage"},"image":{"@id":"https:\/\/anadolupet.com.tr\/urun\/eheim-aquastar-54-akvaryum-baslangic-seti-siyah-led-aydinlatma-filtre-filtre-medyasi-isitici\/#primaryimage"},"thumbnailUrl":"https:\/\/anadolupet.com.tr\/wp-content\/uploads\/2026\/02\/105-340645.jpg","datePublished":"2026-02-14T14:39:31+00:00","dateModified":"2026-02-23T12:47:55+00:00","breadcrumb":{"@id":"https:\/\/anadolupet.com.tr\/urun\/eheim-aquastar-54-akvaryum-baslangic-seti-siyah-led-aydinlatma-filtre-filtre-medyasi-isitici\/#breadcrumb"},"inLanguage":"en-US","potentialAction":[{"@type":"ReadAction","target":["https:\/\/anadolupet.com.tr\/urun\/eheim-aquastar-54-akvaryum-baslangic-seti-siyah-led-aydinlatma-filtre-filtre-medyasi-isitici\/"]}]},{"@type":"ImageObject","inLanguage":"en-US","@id":"https:\/\/anadolupet.com.tr\/urun\/eheim-aquastar-54-akvaryum-baslangic-seti-siyah-led-aydinlatma-filtre-filtre-medyasi-isitici\/#primaryimage","url":"https:\/\/anadolupet.com.tr\/wp-content\/uploads\/2026\/02\/105-340645.jpg","contentUrl":"https:\/\/anadolupet.com.tr\/wp-content\/uploads\/2026\/02\/105-340645.jpg","width":750,"height":750},{"@type":"BreadcrumbList","@id":"https:\/\/anadolupet.com.tr\/urun\/eheim-aquastar-54-akvaryum-baslangic-seti-siyah-led-aydinlatma-filtre-filtre-medyasi-isitici\/#breadcrumb","itemListElement":[{"@type":"ListItem","position":1,"name":"Anasayfa","item":"https:\/\/anadolupet.com.tr\/"},{"@type":"ListItem","position":2,"name":"\u00dcr\u00fcnler","item":"https:\/\/anadolupet.com.tr\/urunler\/"},{"@type":"ListItem","position":3,"name":"EHEIM Aquastar 54 Akvaryum Ba\u015flang\u0131\u00e7 Seti Siyah (LED Ayd\u0131nlatma\/filtre\/filtre medyas\u0131\/\u0131s\u0131t\u0131c\u0131)"}]},{"@type":"WebSite","@id":"https:\/\/anadolupet.com.tr\/#website","url":"https:\/\/anadolupet.com.tr\/","name":"Anadolu Pet Group","description":"We Stand Together for the Well-Being of Every Life","publisher":{"@id":"https:\/\/anadolupet.com.tr\/#organization"},"potentialAction":[{"@type":"SearchAction","target":{"@type":"EntryPoint","urlTemplate":"https:\/\/anadolupet.com.tr\/?s={search_term_string}"},"query-input":{"@type":"PropertyValueSpecification","valueRequired":true,"valueName":"search_term_string"}}],"inLanguage":"en-US"},{"@type":"Organization","@id":"https:\/\/anadolupet.com.tr\/#organization","name":"Anadolu Pet Group","alternateName":"Anadolu Pet","url":"https:\/\/anadolupet.com.tr\/","logo":{"@type":"ImageObject","inLanguage":"en-US","@id":"https:\/\/anadolupet.com.tr\/#\/schema\/logo\/image\/","url":"https:\/\/anadolupet.com.tr\/wp-content\/uploads\/2026\/03\/1614666743370.jpg","contentUrl":"https:\/\/anadolupet.com.tr\/wp-content\/uploads\/2026\/03\/1614666743370.jpg","width":800,"height":571,"caption":"Anadolu Pet Grup"},"image":{"@id":"https:\/\/anadolupet.com.tr\/#\/schema\/logo\/image\/"}}]}},"_links":{"self":[{"href":"https:\/\/anadolupet.com.tr\/en\/wp-json\/wp\/v2\/product\/44749","targetHints":{"allow":["GET"]}}],"collection":[{"href":"https:\/\/anadolupet.com.tr\/en\/wp-json\/wp\/v2\/product"}],"about":[{"href":"https:\/\/anadolupet.com.tr\/en\/wp-json\/wp\/v2\/types\/product"}],"replies":[{"embeddable":true,"href":"https:\/\/anadolupet.com.tr\/en\/wp-json\/wp\/v2\/comments?post=44749"}],"wp:featuredmedia":[{"embeddable":true,"href":"https:\/\/anadolupet.com.tr\/en\/wp-json\/wp\/v2\/media\/42262"}],"wp:attachment":[{"href":"https:\/\/anadolupet.com.tr\/en\/wp-json\/wp\/v2\/media?parent=44749"}],"wp:term":[{"taxonomy":"product_brand","embeddable":true,"href":"https:\/\/anadolupet.com.tr\/en\/wp-json\/wp\/v2\/product_brand?post=44749"},{"taxonomy":"product_cat","embeddable":true,"href":"https:\/\/anadolupet.com.tr\/en\/wp-json\/wp\/v2\/product_cat?post=44749"},{"taxonomy":"product_tag","embeddable":true,"href":"https:\/\/anadolupet.com.tr\/en\/wp-json\/wp\/v2\/product_tag?post=44749"}],"curies":[{"name":"wp","href":"https:\/\/api.w.org\/{rel}","templated":true}]}}