{"id":44751,"date":"2026-02-14T14:39:32","date_gmt":"2026-02-14T14:39:32","guid":{"rendered":"https:\/\/anadolupet.com.tr\/urun\/eheim-aquastar-84-akvaryum-baslangic-seti-siyah-led-aydinlatma-filtre-filtre-medyasi-isitici\/"},"modified":"2026-02-23T12:47:55","modified_gmt":"2026-02-23T12:47:55","slug":"eheim-aquastar-84-akvaryum-baslangic-seti-siyah-led-aydinlatma-filtre-filtre-medyasi-isitici","status":"publish","type":"product","link":"https:\/\/anadolupet.com.tr\/en\/urun\/eheim-aquastar-84-akvaryum-baslangic-seti-siyah-led-aydinlatma-filtre-filtre-medyasi-isitici\/","title":{"rendered":"EHEIM Aquastar 84 Aquarium Starter Kit Black (LED Lighting\/filter\/filter media\/heater)"},"content":{"rendered":"","protected":false},"excerpt":{"rendered":"<p>EHEIM aquaproLED, t\u00fcm aksesuarlar\u0131yla birlikte gelen premium akvaryum setidir. Standart ekipmanlar\u0131 sayesinde kurulumdan hemen sonra kullan\u0131labilir ve akvaryumunuzu olgunla\u015ft\u0131rmaya ba\u015flayabilirsiniz. Enerji tasarruflu LED ayd\u0131nlatmas\u0131 bitkiler ve akvaryum canl\u0131lar\u0131 i\u00e7in ideal \u0131\u015f\u0131k rengi sunar. Kapak tamamen \u00e7\u0131kar\u0131labilir, bak\u0131m s\u0131ras\u0131nda LED lamba akvaryumda kal\u0131r ve kolayca hareket ettirilebilir.<\/p>\n<p>\u00d6ne \u00c7\u0131kan \u00d6zellikler<br \/>\nTank Hacimleri: 84 L, 126 L ve 180 L \u2013 hem yeni ba\u015flayanlar hem de profesyoneller i\u00e7in uygun<\/p>\n<p>Tasar\u0131m: Y\u00fcksek kaliteli i\u015f\u00e7ilik, siyah veya beyaz dekor se\u00e7enekleri<\/p>\n<p>Taban \u00c7er\u00e7evesi: Dahil, g\u00f6rsel uyum sa\u011flar<\/p>\n<p>Kapak: \u0130nce tasar\u0131m, d\u00fcz form; tamamen \u00e7\u0131kar\u0131labilir<\/p>\n<p>LED Ayd\u0131nlatma: Enerji tasarruflu, klasik g\u00fcn \u0131\u015f\u0131\u011f\u0131 (6500 K)<\/p>\n<p>Besleme A\u00e7\u0131kl\u0131\u011f\u0131: Kapakl\u0131 b\u00f6lme, EHEIM yemleme istasyonu ve otomatik yemleme cihaz\u0131 (autofeeder) i\u00e7in uyumlu<\/p>\n<p>Tam Donan\u0131m:<\/p>\n<p>EHEIM aquaball i\u00e7 filtre<\/p>\n<p>EHEIM ayarlanabilir \u0131s\u0131t\u0131c\u0131<\/p>\n<p>Termometre<\/p>\n<p>Bal\u0131k a\u011f\u0131<\/p>\n<p>Uyumluluk: \u201caquacab\u201d veya \u201cvivalineLED\u201d dolaplarla uyumlu<\/p>\n<p>Geni\u015fletilebilirlik: EHEIM classicLED ile ayd\u0131nlatma art\u0131r\u0131labilir<\/p>\n<p>Avantajlar<br \/>\nEnerji tasarruflu LED ile d\u00fc\u015f\u00fck t\u00fcketim<\/p>\n<p>Bitki geli\u015fimi ve akvaryum canl\u0131lar\u0131 i\u00e7in ideal \u0131\u015f\u0131k rengi<\/p>\n<p>Kolay bak\u0131m: Kapak tamamen \u00e7\u0131kar\u0131labilir, LED akvaryumda kal\u0131r<\/p>\n<p>Premium kalite ve \u015f\u0131k tasar\u0131m<\/p>\n<p>Ba\u015flang\u0131\u00e7 ve ileri seviye kullan\u0131c\u0131lar i\u00e7in uygun<\/p>","protected":false},"featured_media":42263,"comment_status":"open","ping_status":"closed","template":"","meta":{"_acf_changed":false},"product_brand":[],"product_cat":[2406],"product_tag":[],"class_list":{"0":"post-44751","1":"product","2":"type-product","3":"status-publish","4":"has-post-thumbnail","6":"product_cat-pervane-ve-miller","8":"first","9":"instock","10":"shipping-taxable","11":"product-type-simple"},"acf":[],"yoast_head":"<!-- This site is optimized with the Yoast SEO plugin v27.5 - https:\/\/yoast.com\/product\/yoast-seo-wordpress\/ -->\n<title>EHEIM Aquastar 84 Akvaryum Ba\u015flang\u0131\u00e7 Seti Siyah (LED Ayd\u0131nlatma\/filtre\/filtre medyas\u0131\/\u0131s\u0131t\u0131c\u0131) - Anadolu Pet Grup<\/title>\n<meta name=\"robots\" content=\"index, follow, max-snippet:-1, max-image-preview:large, max-video-preview:-1\" \/>\n<link rel=\"canonical\" href=\"https:\/\/anadolupet.com.tr\/en\/product\/eheim-aquastar-84-akvaryum-baslangic-seti-siyah-led-aydinlatma-filtre-filtre-medyasi-isitici\/\" \/>\n<meta property=\"og:locale\" content=\"en_US\" \/>\n<meta property=\"og:type\" content=\"article\" \/>\n<meta property=\"og:title\" content=\"EHEIM Aquastar 84 Akvaryum Ba\u015flang\u0131\u00e7 Seti Siyah (LED Ayd\u0131nlatma\/filtre\/filtre medyas\u0131\/\u0131s\u0131t\u0131c\u0131) - Anadolu Pet Grup\" \/>\n<meta property=\"og:description\" content=\"EHEIM aquaproLED, t\u00fcm aksesuarlar\u0131yla birlikte gelen premium akvaryum setidir. Standart ekipmanlar\u0131 sayesinde kurulumdan hemen sonra kullan\u0131labilir ve akvaryumunuzu olgunla\u015ft\u0131rmaya ba\u015flayabilirsiniz. Enerji tasarruflu LED ayd\u0131nlatmas\u0131 bitkiler ve akvaryum canl\u0131lar\u0131 i\u00e7in ideal \u0131\u015f\u0131k rengi sunar. Kapak tamamen \u00e7\u0131kar\u0131labilir, bak\u0131m s\u0131ras\u0131nda LED lamba akvaryumda kal\u0131r ve kolayca hareket ettirilebilir. \u00d6ne \u00c7\u0131kan \u00d6zellikler Tank Hacimleri: 84 L, 126 L ve 180 L \u2013 hem yeni ba\u015flayanlar hem de profesyoneller i\u00e7in uygun Tasar\u0131m: Y\u00fcksek kaliteli i\u015f\u00e7ilik, siyah veya beyaz dekor se\u00e7enekleri Taban \u00c7er\u00e7evesi: Dahil, g\u00f6rsel uyum sa\u011flar Kapak: \u0130nce tasar\u0131m, d\u00fcz form; tamamen \u00e7\u0131kar\u0131labilir LED Ayd\u0131nlatma: Enerji tasarruflu, klasik g\u00fcn \u0131\u015f\u0131\u011f\u0131 (6500 K) Besleme A\u00e7\u0131kl\u0131\u011f\u0131: Kapakl\u0131 b\u00f6lme, EHEIM yemleme istasyonu ve otomatik yemleme cihaz\u0131 (autofeeder) i\u00e7in uyumlu Tam Donan\u0131m: EHEIM aquaball i\u00e7 filtre EHEIM ayarlanabilir \u0131s\u0131t\u0131c\u0131 Termometre Bal\u0131k a\u011f\u0131 Uyumluluk: \u201caquacab\u201d veya \u201cvivalineLED\u201d dolaplarla uyumlu Geni\u015fletilebilirlik: EHEIM classicLED ile ayd\u0131nlatma art\u0131r\u0131labilir Avantajlar Enerji tasarruflu LED ile d\u00fc\u015f\u00fck t\u00fcketim Bitki geli\u015fimi ve akvaryum canl\u0131lar\u0131 i\u00e7in ideal \u0131\u015f\u0131k rengi Kolay bak\u0131m: Kapak tamamen \u00e7\u0131kar\u0131labilir, LED akvaryumda kal\u0131r Premium kalite ve \u015f\u0131k tasar\u0131m Ba\u015flang\u0131\u00e7 ve ileri seviye kullan\u0131c\u0131lar i\u00e7in uygun\" \/>\n<meta property=\"og:url\" content=\"https:\/\/anadolupet.com.tr\/en\/product\/eheim-aquastar-84-akvaryum-baslangic-seti-siyah-led-aydinlatma-filtre-filtre-medyasi-isitici\/\" \/>\n<meta property=\"og:site_name\" content=\"Anadolu Pet Grup\" \/>\n<meta property=\"article:modified_time\" content=\"2026-02-23T12:47:55+00:00\" \/>\n<meta property=\"og:image\" content=\"https:\/\/anadolupet.com.tr\/wp-content\/uploads\/2026\/02\/105-340698.jpg\" \/>\n\t<meta property=\"og:image:width\" content=\"750\" \/>\n\t<meta property=\"og:image:height\" content=\"750\" \/>\n\t<meta property=\"og:image:type\" content=\"image\/jpeg\" \/>\n<meta name=\"twitter:card\" content=\"summary_large_image\" \/>\n<script type=\"application\/ld+json\" class=\"yoast-schema-graph\">{\"@context\":\"https:\\\/\\\/schema.org\",\"@graph\":[{\"@type\":\"WebPage\",\"@id\":\"https:\\\/\\\/anadolupet.com.tr\\\/urun\\\/eheim-aquastar-84-akvaryum-baslangic-seti-siyah-led-aydinlatma-filtre-filtre-medyasi-isitici\\\/\",\"url\":\"https:\\\/\\\/anadolupet.com.tr\\\/urun\\\/eheim-aquastar-84-akvaryum-baslangic-seti-siyah-led-aydinlatma-filtre-filtre-medyasi-isitici\\\/\",\"name\":\"EHEIM Aquastar 84 Akvaryum Ba\u015flang\u0131\u00e7 Seti Siyah (LED Ayd\u0131nlatma\\\/filtre\\\/filtre medyas\u0131\\\/\u0131s\u0131t\u0131c\u0131) - Anadolu Pet Grup\",\"isPartOf\":{\"@id\":\"https:\\\/\\\/anadolupet.com.tr\\\/#website\"},\"primaryImageOfPage\":{\"@id\":\"https:\\\/\\\/anadolupet.com.tr\\\/urun\\\/eheim-aquastar-84-akvaryum-baslangic-seti-siyah-led-aydinlatma-filtre-filtre-medyasi-isitici\\\/#primaryimage\"},\"image\":{\"@id\":\"https:\\\/\\\/anadolupet.com.tr\\\/urun\\\/eheim-aquastar-84-akvaryum-baslangic-seti-siyah-led-aydinlatma-filtre-filtre-medyasi-isitici\\\/#primaryimage\"},\"thumbnailUrl\":\"https:\\\/\\\/anadolupet.com.tr\\\/wp-content\\\/uploads\\\/2026\\\/02\\\/105-340698.jpg\",\"datePublished\":\"2026-02-14T14:39:32+00:00\",\"dateModified\":\"2026-02-23T12:47:55+00:00\",\"breadcrumb\":{\"@id\":\"https:\\\/\\\/anadolupet.com.tr\\\/urun\\\/eheim-aquastar-84-akvaryum-baslangic-seti-siyah-led-aydinlatma-filtre-filtre-medyasi-isitici\\\/#breadcrumb\"},\"inLanguage\":\"en-US\",\"potentialAction\":[{\"@type\":\"ReadAction\",\"target\":[\"https:\\\/\\\/anadolupet.com.tr\\\/urun\\\/eheim-aquastar-84-akvaryum-baslangic-seti-siyah-led-aydinlatma-filtre-filtre-medyasi-isitici\\\/\"]}]},{\"@type\":\"ImageObject\",\"inLanguage\":\"en-US\",\"@id\":\"https:\\\/\\\/anadolupet.com.tr\\\/urun\\\/eheim-aquastar-84-akvaryum-baslangic-seti-siyah-led-aydinlatma-filtre-filtre-medyasi-isitici\\\/#primaryimage\",\"url\":\"https:\\\/\\\/anadolupet.com.tr\\\/wp-content\\\/uploads\\\/2026\\\/02\\\/105-340698.jpg\",\"contentUrl\":\"https:\\\/\\\/anadolupet.com.tr\\\/wp-content\\\/uploads\\\/2026\\\/02\\\/105-340698.jpg\",\"width\":750,\"height\":750},{\"@type\":\"BreadcrumbList\",\"@id\":\"https:\\\/\\\/anadolupet.com.tr\\\/urun\\\/eheim-aquastar-84-akvaryum-baslangic-seti-siyah-led-aydinlatma-filtre-filtre-medyasi-isitici\\\/#breadcrumb\",\"itemListElement\":[{\"@type\":\"ListItem\",\"position\":1,\"name\":\"Anasayfa\",\"item\":\"https:\\\/\\\/anadolupet.com.tr\\\/\"},{\"@type\":\"ListItem\",\"position\":2,\"name\":\"\u00dcr\u00fcnler\",\"item\":\"https:\\\/\\\/anadolupet.com.tr\\\/urunler\\\/\"},{\"@type\":\"ListItem\",\"position\":3,\"name\":\"EHEIM Aquastar 84 Akvaryum Ba\u015flang\u0131\u00e7 Seti Siyah (LED Ayd\u0131nlatma\\\/filtre\\\/filtre medyas\u0131\\\/\u0131s\u0131t\u0131c\u0131)\"}]},{\"@type\":\"WebSite\",\"@id\":\"https:\\\/\\\/anadolupet.com.tr\\\/#website\",\"url\":\"https:\\\/\\\/anadolupet.com.tr\\\/\",\"name\":\"Anadolu Pet Grup\",\"description\":\"Her Can\u0131n \u0130yi Ya\u015fam\u0131 \u0130\u00e7in Biraraday\u0131z\",\"publisher\":{\"@id\":\"https:\\\/\\\/anadolupet.com.tr\\\/#organization\"},\"potentialAction\":[{\"@type\":\"SearchAction\",\"target\":{\"@type\":\"EntryPoint\",\"urlTemplate\":\"https:\\\/\\\/anadolupet.com.tr\\\/?s={search_term_string}\"},\"query-input\":{\"@type\":\"PropertyValueSpecification\",\"valueRequired\":true,\"valueName\":\"search_term_string\"}}],\"inLanguage\":\"en-US\"},{\"@type\":\"Organization\",\"@id\":\"https:\\\/\\\/anadolupet.com.tr\\\/#organization\",\"name\":\"Anadolu Pet Grup\",\"alternateName\":\"Anadolu Pet\",\"url\":\"https:\\\/\\\/anadolupet.com.tr\\\/\",\"logo\":{\"@type\":\"ImageObject\",\"inLanguage\":\"en-US\",\"@id\":\"https:\\\/\\\/anadolupet.com.tr\\\/#\\\/schema\\\/logo\\\/image\\\/\",\"url\":\"https:\\\/\\\/anadolupet.com.tr\\\/wp-content\\\/uploads\\\/2026\\\/03\\\/1614666743370.jpg\",\"contentUrl\":\"https:\\\/\\\/anadolupet.com.tr\\\/wp-content\\\/uploads\\\/2026\\\/03\\\/1614666743370.jpg\",\"width\":800,\"height\":571,\"caption\":\"Anadolu Pet Grup\"},\"image\":{\"@id\":\"https:\\\/\\\/anadolupet.com.tr\\\/#\\\/schema\\\/logo\\\/image\\\/\"}}]}<\/script>\n<!-- \/ Yoast SEO plugin. -->","yoast_head_json":{"title":"EHEIM Aquastar 84 Akvaryum Ba\u015flang\u0131\u00e7 Seti Siyah (LED Ayd\u0131nlatma\/filtre\/filtre medyas\u0131\/\u0131s\u0131t\u0131c\u0131) - Anadolu Pet Grup","robots":{"index":"index","follow":"follow","max-snippet":"max-snippet:-1","max-image-preview":"max-image-preview:large","max-video-preview":"max-video-preview:-1"},"canonical":"https:\/\/anadolupet.com.tr\/en\/product\/eheim-aquastar-84-akvaryum-baslangic-seti-siyah-led-aydinlatma-filtre-filtre-medyasi-isitici\/","og_locale":"en_US","og_type":"article","og_title":"EHEIM Aquastar 84 Akvaryum Ba\u015flang\u0131\u00e7 Seti Siyah (LED Ayd\u0131nlatma\/filtre\/filtre medyas\u0131\/\u0131s\u0131t\u0131c\u0131) - Anadolu Pet Grup","og_description":"EHEIM aquaproLED, t\u00fcm aksesuarlar\u0131yla birlikte gelen premium akvaryum setidir. Standart ekipmanlar\u0131 sayesinde kurulumdan hemen sonra kullan\u0131labilir ve akvaryumunuzu olgunla\u015ft\u0131rmaya ba\u015flayabilirsiniz. Enerji tasarruflu LED ayd\u0131nlatmas\u0131 bitkiler ve akvaryum canl\u0131lar\u0131 i\u00e7in ideal \u0131\u015f\u0131k rengi sunar. Kapak tamamen \u00e7\u0131kar\u0131labilir, bak\u0131m s\u0131ras\u0131nda LED lamba akvaryumda kal\u0131r ve kolayca hareket ettirilebilir. \u00d6ne \u00c7\u0131kan \u00d6zellikler Tank Hacimleri: 84 L, 126 L ve 180 L \u2013 hem yeni ba\u015flayanlar hem de profesyoneller i\u00e7in uygun Tasar\u0131m: Y\u00fcksek kaliteli i\u015f\u00e7ilik, siyah veya beyaz dekor se\u00e7enekleri Taban \u00c7er\u00e7evesi: Dahil, g\u00f6rsel uyum sa\u011flar Kapak: \u0130nce tasar\u0131m, d\u00fcz form; tamamen \u00e7\u0131kar\u0131labilir LED Ayd\u0131nlatma: Enerji tasarruflu, klasik g\u00fcn \u0131\u015f\u0131\u011f\u0131 (6500 K) Besleme A\u00e7\u0131kl\u0131\u011f\u0131: Kapakl\u0131 b\u00f6lme, EHEIM yemleme istasyonu ve otomatik yemleme cihaz\u0131 (autofeeder) i\u00e7in uyumlu Tam Donan\u0131m: EHEIM aquaball i\u00e7 filtre EHEIM ayarlanabilir \u0131s\u0131t\u0131c\u0131 Termometre Bal\u0131k a\u011f\u0131 Uyumluluk: \u201caquacab\u201d veya \u201cvivalineLED\u201d dolaplarla uyumlu Geni\u015fletilebilirlik: EHEIM classicLED ile ayd\u0131nlatma art\u0131r\u0131labilir Avantajlar Enerji tasarruflu LED ile d\u00fc\u015f\u00fck t\u00fcketim Bitki geli\u015fimi ve akvaryum canl\u0131lar\u0131 i\u00e7in ideal \u0131\u015f\u0131k rengi Kolay bak\u0131m: Kapak tamamen \u00e7\u0131kar\u0131labilir, LED akvaryumda kal\u0131r Premium kalite ve \u015f\u0131k tasar\u0131m Ba\u015flang\u0131\u00e7 ve ileri seviye kullan\u0131c\u0131lar i\u00e7in uygun","og_url":"https:\/\/anadolupet.com.tr\/en\/product\/eheim-aquastar-84-akvaryum-baslangic-seti-siyah-led-aydinlatma-filtre-filtre-medyasi-isitici\/","og_site_name":"Anadolu Pet Grup","article_modified_time":"2026-02-23T12:47:55+00:00","og_image":[{"width":750,"height":750,"url":"https:\/\/anadolupet.com.tr\/wp-content\/uploads\/2026\/02\/105-340698.jpg","type":"image\/jpeg"}],"twitter_card":"summary_large_image","schema":{"@context":"https:\/\/schema.org","@graph":[{"@type":"WebPage","@id":"https:\/\/anadolupet.com.tr\/urun\/eheim-aquastar-84-akvaryum-baslangic-seti-siyah-led-aydinlatma-filtre-filtre-medyasi-isitici\/","url":"https:\/\/anadolupet.com.tr\/urun\/eheim-aquastar-84-akvaryum-baslangic-seti-siyah-led-aydinlatma-filtre-filtre-medyasi-isitici\/","name":"EHEIM Aquastar 84 Akvaryum Ba\u015flang\u0131\u00e7 Seti Siyah (LED Ayd\u0131nlatma\/filtre\/filtre medyas\u0131\/\u0131s\u0131t\u0131c\u0131) - Anadolu Pet Grup","isPartOf":{"@id":"https:\/\/anadolupet.com.tr\/#website"},"primaryImageOfPage":{"@id":"https:\/\/anadolupet.com.tr\/urun\/eheim-aquastar-84-akvaryum-baslangic-seti-siyah-led-aydinlatma-filtre-filtre-medyasi-isitici\/#primaryimage"},"image":{"@id":"https:\/\/anadolupet.com.tr\/urun\/eheim-aquastar-84-akvaryum-baslangic-seti-siyah-led-aydinlatma-filtre-filtre-medyasi-isitici\/#primaryimage"},"thumbnailUrl":"https:\/\/anadolupet.com.tr\/wp-content\/uploads\/2026\/02\/105-340698.jpg","datePublished":"2026-02-14T14:39:32+00:00","dateModified":"2026-02-23T12:47:55+00:00","breadcrumb":{"@id":"https:\/\/anadolupet.com.tr\/urun\/eheim-aquastar-84-akvaryum-baslangic-seti-siyah-led-aydinlatma-filtre-filtre-medyasi-isitici\/#breadcrumb"},"inLanguage":"en-US","potentialAction":[{"@type":"ReadAction","target":["https:\/\/anadolupet.com.tr\/urun\/eheim-aquastar-84-akvaryum-baslangic-seti-siyah-led-aydinlatma-filtre-filtre-medyasi-isitici\/"]}]},{"@type":"ImageObject","inLanguage":"en-US","@id":"https:\/\/anadolupet.com.tr\/urun\/eheim-aquastar-84-akvaryum-baslangic-seti-siyah-led-aydinlatma-filtre-filtre-medyasi-isitici\/#primaryimage","url":"https:\/\/anadolupet.com.tr\/wp-content\/uploads\/2026\/02\/105-340698.jpg","contentUrl":"https:\/\/anadolupet.com.tr\/wp-content\/uploads\/2026\/02\/105-340698.jpg","width":750,"height":750},{"@type":"BreadcrumbList","@id":"https:\/\/anadolupet.com.tr\/urun\/eheim-aquastar-84-akvaryum-baslangic-seti-siyah-led-aydinlatma-filtre-filtre-medyasi-isitici\/#breadcrumb","itemListElement":[{"@type":"ListItem","position":1,"name":"Anasayfa","item":"https:\/\/anadolupet.com.tr\/"},{"@type":"ListItem","position":2,"name":"\u00dcr\u00fcnler","item":"https:\/\/anadolupet.com.tr\/urunler\/"},{"@type":"ListItem","position":3,"name":"EHEIM Aquastar 84 Akvaryum Ba\u015flang\u0131\u00e7 Seti Siyah (LED Ayd\u0131nlatma\/filtre\/filtre medyas\u0131\/\u0131s\u0131t\u0131c\u0131)"}]},{"@type":"WebSite","@id":"https:\/\/anadolupet.com.tr\/#website","url":"https:\/\/anadolupet.com.tr\/","name":"Anadolu Pet Group","description":"We Stand Together for the Well-Being of Every Life","publisher":{"@id":"https:\/\/anadolupet.com.tr\/#organization"},"potentialAction":[{"@type":"SearchAction","target":{"@type":"EntryPoint","urlTemplate":"https:\/\/anadolupet.com.tr\/?s={search_term_string}"},"query-input":{"@type":"PropertyValueSpecification","valueRequired":true,"valueName":"search_term_string"}}],"inLanguage":"en-US"},{"@type":"Organization","@id":"https:\/\/anadolupet.com.tr\/#organization","name":"Anadolu Pet Group","alternateName":"Anadolu Pet","url":"https:\/\/anadolupet.com.tr\/","logo":{"@type":"ImageObject","inLanguage":"en-US","@id":"https:\/\/anadolupet.com.tr\/#\/schema\/logo\/image\/","url":"https:\/\/anadolupet.com.tr\/wp-content\/uploads\/2026\/03\/1614666743370.jpg","contentUrl":"https:\/\/anadolupet.com.tr\/wp-content\/uploads\/2026\/03\/1614666743370.jpg","width":800,"height":571,"caption":"Anadolu Pet Grup"},"image":{"@id":"https:\/\/anadolupet.com.tr\/#\/schema\/logo\/image\/"}}]}},"_links":{"self":[{"href":"https:\/\/anadolupet.com.tr\/en\/wp-json\/wp\/v2\/product\/44751","targetHints":{"allow":["GET"]}}],"collection":[{"href":"https:\/\/anadolupet.com.tr\/en\/wp-json\/wp\/v2\/product"}],"about":[{"href":"https:\/\/anadolupet.com.tr\/en\/wp-json\/wp\/v2\/types\/product"}],"replies":[{"embeddable":true,"href":"https:\/\/anadolupet.com.tr\/en\/wp-json\/wp\/v2\/comments?post=44751"}],"wp:featuredmedia":[{"embeddable":true,"href":"https:\/\/anadolupet.com.tr\/en\/wp-json\/wp\/v2\/media\/42263"}],"wp:attachment":[{"href":"https:\/\/anadolupet.com.tr\/en\/wp-json\/wp\/v2\/media?parent=44751"}],"wp:term":[{"taxonomy":"product_brand","embeddable":true,"href":"https:\/\/anadolupet.com.tr\/en\/wp-json\/wp\/v2\/product_brand?post=44751"},{"taxonomy":"product_cat","embeddable":true,"href":"https:\/\/anadolupet.com.tr\/en\/wp-json\/wp\/v2\/product_cat?post=44751"},{"taxonomy":"product_tag","embeddable":true,"href":"https:\/\/anadolupet.com.tr\/en\/wp-json\/wp\/v2\/product_tag?post=44751"}],"curies":[{"name":"wp","href":"https:\/\/api.w.org\/{rel}","templated":true}]}}