{"id":44786,"date":"2026-02-14T14:39:41","date_gmt":"2026-02-14T14:39:41","guid":{"rendered":"https:\/\/anadolupet.com.tr\/?post_type=product&#038;p=44786"},"modified":"2026-02-23T12:47:58","modified_gmt":"2026-02-23T12:47:58","slug":"eheim-classic-350-karbonlu-sunger-3lu-2215","status":"publish","type":"product","link":"https:\/\/anadolupet.com.tr\/en\/urun\/eheim-classic-350-karbonlu-sunger-3lu-2215\/","title":{"rendered":"EHEIM Classic 350 Karbonlu S\u00fcnger 3&#8217;l\u00fc (2215)"},"content":{"rendered":"","protected":false},"excerpt":{"rendered":"<p>EHEIM aktif karbon filtre pedleri, akvaryum suyunda adsorptif filtrasyon sa\u011flayarak zararl\u0131 kimyasal maddelerin (klor, ila\u00e7 kal\u0131nt\u0131lar\u0131, pestisitler vb.) uzakla\u015ft\u0131r\u0131lmas\u0131na yard\u0131mc\u0131 olur. \u0130nce ve kal\u0131n ped se\u00e7enekleriyle filtreye kolayca yerle\u015ftirilebilir.<br \/>\nBu filtre malzemesi \u00f6zellikle akvaryumun ilk kurulum a\u015famas\u0131nda veya ila\u00e7 tedavisi sonras\u0131 kullan\u0131ma uygundur. Ancak yaln\u0131zca k\u0131sa s\u00fcreli kullan\u0131m i\u00e7in tasarlanm\u0131\u015ft\u0131r ve yakla\u015f\u0131k 4 hafta sonra \u00e7\u0131kar\u0131lmal\u0131 veya yenisiyle de\u011fi\u015ftirilmelidir.<br \/>\n\u00d6ne \u00c7\u0131kan \u00d6zellikler<br \/>\nAdsorptif Filtrasyon: Klor, ila\u00e7 kal\u0131nt\u0131lar\u0131 ve kimyasal maddeleri ba\u011flar.<br \/>\n\u0130nce ve Kal\u0131n Pedler: Farkl\u0131 ihtiya\u00e7lara uygun kullan\u0131m.<br \/>\nK\u0131sa S\u00fcreli Kullan\u0131m: Yakla\u015f\u0131k 4 hafta sonra de\u011fi\u015ftirilmelidir.<br \/>\nTatl\u0131 ve Tuzlu Su Uyumu: Her iki akvaryum tipinde kullan\u0131labilir.<br \/>\nKolay Uygulama: Filtreye do\u011frudan yerle\u015ftirilebilir.<\/p>","protected":false},"featured_media":42392,"comment_status":"open","ping_status":"closed","template":"","meta":{"_acf_changed":false},"product_brand":[],"product_cat":[2412],"product_tag":[],"class_list":{"0":"post-44786","1":"product","2":"type-product","3":"status-publish","4":"has-post-thumbnail","6":"product_cat-sunger-ve-elyaflar","8":"first","9":"instock","10":"shipping-taxable","11":"product-type-simple"},"acf":[],"yoast_head":"<!-- This site is optimized with the Yoast SEO plugin v27.5 - https:\/\/yoast.com\/product\/yoast-seo-wordpress\/ -->\n<title>EHEIM Classic 350 Karbonlu S\u00fcnger 3&#039;l\u00fc (2215) - Anadolu Pet Grup<\/title>\n<meta name=\"robots\" content=\"index, follow, max-snippet:-1, max-image-preview:large, max-video-preview:-1\" \/>\n<link rel=\"canonical\" href=\"https:\/\/anadolupet.com.tr\/en\/product\/eheim-classic-350-karbonlu-sunger-3lu-2215\/\" \/>\n<meta property=\"og:locale\" content=\"en_US\" \/>\n<meta property=\"og:type\" content=\"article\" \/>\n<meta property=\"og:title\" content=\"EHEIM Classic 350 Karbonlu S\u00fcnger 3&#039;l\u00fc (2215) - Anadolu Pet Grup\" \/>\n<meta property=\"og:description\" content=\"EHEIM aktif karbon filtre pedleri, akvaryum suyunda adsorptif filtrasyon sa\u011flayarak zararl\u0131 kimyasal maddelerin (klor, ila\u00e7 kal\u0131nt\u0131lar\u0131, pestisitler vb.) uzakla\u015ft\u0131r\u0131lmas\u0131na yard\u0131mc\u0131 olur. \u0130nce ve kal\u0131n ped se\u00e7enekleriyle filtreye kolayca yerle\u015ftirilebilir. Bu filtre malzemesi \u00f6zellikle akvaryumun ilk kurulum a\u015famas\u0131nda veya ila\u00e7 tedavisi sonras\u0131 kullan\u0131ma uygundur. Ancak yaln\u0131zca k\u0131sa s\u00fcreli kullan\u0131m i\u00e7in tasarlanm\u0131\u015ft\u0131r ve yakla\u015f\u0131k 4 hafta sonra \u00e7\u0131kar\u0131lmal\u0131 veya yenisiyle de\u011fi\u015ftirilmelidir. \u00d6ne \u00c7\u0131kan \u00d6zellikler Adsorptif Filtrasyon: Klor, ila\u00e7 kal\u0131nt\u0131lar\u0131 ve kimyasal maddeleri ba\u011flar. \u0130nce ve Kal\u0131n Pedler: Farkl\u0131 ihtiya\u00e7lara uygun kullan\u0131m. K\u0131sa S\u00fcreli Kullan\u0131m: Yakla\u015f\u0131k 4 hafta sonra de\u011fi\u015ftirilmelidir. Tatl\u0131 ve Tuzlu Su Uyumu: Her iki akvaryum tipinde kullan\u0131labilir. Kolay Uygulama: Filtreye do\u011frudan yerle\u015ftirilebilir.\" \/>\n<meta property=\"og:url\" content=\"https:\/\/anadolupet.com.tr\/en\/product\/eheim-classic-350-karbonlu-sunger-3lu-2215\/\" \/>\n<meta property=\"og:site_name\" content=\"Anadolu Pet Grup\" \/>\n<meta property=\"article:modified_time\" content=\"2026-02-23T12:47:58+00:00\" \/>\n<meta property=\"og:image\" content=\"https:\/\/anadolupet.com.tr\/wp-content\/uploads\/2026\/02\/105-2628150.jpg\" \/>\n\t<meta property=\"og:image:width\" content=\"750\" \/>\n\t<meta property=\"og:image:height\" content=\"750\" \/>\n\t<meta property=\"og:image:type\" content=\"image\/jpeg\" \/>\n<meta name=\"twitter:card\" content=\"summary_large_image\" \/>\n<script type=\"application\/ld+json\" class=\"yoast-schema-graph\">{\"@context\":\"https:\\\/\\\/schema.org\",\"@graph\":[{\"@type\":\"WebPage\",\"@id\":\"https:\\\/\\\/anadolupet.com.tr\\\/urun\\\/eheim-classic-350-karbonlu-sunger-3lu-2215\\\/\",\"url\":\"https:\\\/\\\/anadolupet.com.tr\\\/urun\\\/eheim-classic-350-karbonlu-sunger-3lu-2215\\\/\",\"name\":\"EHEIM Classic 350 Karbonlu S\u00fcnger 3'l\u00fc (2215) - Anadolu Pet Grup\",\"isPartOf\":{\"@id\":\"https:\\\/\\\/anadolupet.com.tr\\\/#website\"},\"primaryImageOfPage\":{\"@id\":\"https:\\\/\\\/anadolupet.com.tr\\\/urun\\\/eheim-classic-350-karbonlu-sunger-3lu-2215\\\/#primaryimage\"},\"image\":{\"@id\":\"https:\\\/\\\/anadolupet.com.tr\\\/urun\\\/eheim-classic-350-karbonlu-sunger-3lu-2215\\\/#primaryimage\"},\"thumbnailUrl\":\"https:\\\/\\\/anadolupet.com.tr\\\/wp-content\\\/uploads\\\/2026\\\/02\\\/105-2628150.jpg\",\"datePublished\":\"2026-02-14T14:39:41+00:00\",\"dateModified\":\"2026-02-23T12:47:58+00:00\",\"breadcrumb\":{\"@id\":\"https:\\\/\\\/anadolupet.com.tr\\\/urun\\\/eheim-classic-350-karbonlu-sunger-3lu-2215\\\/#breadcrumb\"},\"inLanguage\":\"en-US\",\"potentialAction\":[{\"@type\":\"ReadAction\",\"target\":[\"https:\\\/\\\/anadolupet.com.tr\\\/urun\\\/eheim-classic-350-karbonlu-sunger-3lu-2215\\\/\"]}]},{\"@type\":\"ImageObject\",\"inLanguage\":\"en-US\",\"@id\":\"https:\\\/\\\/anadolupet.com.tr\\\/urun\\\/eheim-classic-350-karbonlu-sunger-3lu-2215\\\/#primaryimage\",\"url\":\"https:\\\/\\\/anadolupet.com.tr\\\/wp-content\\\/uploads\\\/2026\\\/02\\\/105-2628150.jpg\",\"contentUrl\":\"https:\\\/\\\/anadolupet.com.tr\\\/wp-content\\\/uploads\\\/2026\\\/02\\\/105-2628150.jpg\",\"width\":750,\"height\":750},{\"@type\":\"BreadcrumbList\",\"@id\":\"https:\\\/\\\/anadolupet.com.tr\\\/urun\\\/eheim-classic-350-karbonlu-sunger-3lu-2215\\\/#breadcrumb\",\"itemListElement\":[{\"@type\":\"ListItem\",\"position\":1,\"name\":\"Anasayfa\",\"item\":\"https:\\\/\\\/anadolupet.com.tr\\\/\"},{\"@type\":\"ListItem\",\"position\":2,\"name\":\"\u00dcr\u00fcnler\",\"item\":\"https:\\\/\\\/anadolupet.com.tr\\\/urunler\\\/\"},{\"@type\":\"ListItem\",\"position\":3,\"name\":\"EHEIM Classic 350 Karbonlu S\u00fcnger 3&#8217;l\u00fc (2215)\"}]},{\"@type\":\"WebSite\",\"@id\":\"https:\\\/\\\/anadolupet.com.tr\\\/#website\",\"url\":\"https:\\\/\\\/anadolupet.com.tr\\\/\",\"name\":\"Anadolu Pet Grup\",\"description\":\"Her Can\u0131n \u0130yi Ya\u015fam\u0131 \u0130\u00e7in Biraraday\u0131z\",\"publisher\":{\"@id\":\"https:\\\/\\\/anadolupet.com.tr\\\/#organization\"},\"potentialAction\":[{\"@type\":\"SearchAction\",\"target\":{\"@type\":\"EntryPoint\",\"urlTemplate\":\"https:\\\/\\\/anadolupet.com.tr\\\/?s={search_term_string}\"},\"query-input\":{\"@type\":\"PropertyValueSpecification\",\"valueRequired\":true,\"valueName\":\"search_term_string\"}}],\"inLanguage\":\"en-US\"},{\"@type\":\"Organization\",\"@id\":\"https:\\\/\\\/anadolupet.com.tr\\\/#organization\",\"name\":\"Anadolu Pet Grup\",\"alternateName\":\"Anadolu Pet\",\"url\":\"https:\\\/\\\/anadolupet.com.tr\\\/\",\"logo\":{\"@type\":\"ImageObject\",\"inLanguage\":\"en-US\",\"@id\":\"https:\\\/\\\/anadolupet.com.tr\\\/#\\\/schema\\\/logo\\\/image\\\/\",\"url\":\"https:\\\/\\\/anadolupet.com.tr\\\/wp-content\\\/uploads\\\/2026\\\/03\\\/1614666743370.jpg\",\"contentUrl\":\"https:\\\/\\\/anadolupet.com.tr\\\/wp-content\\\/uploads\\\/2026\\\/03\\\/1614666743370.jpg\",\"width\":800,\"height\":571,\"caption\":\"Anadolu Pet Grup\"},\"image\":{\"@id\":\"https:\\\/\\\/anadolupet.com.tr\\\/#\\\/schema\\\/logo\\\/image\\\/\"}}]}<\/script>\n<!-- \/ Yoast SEO plugin. -->","yoast_head_json":{"title":"EHEIM Classic 350 Karbonlu S\u00fcnger 3'l\u00fc (2215) - Anadolu Pet Grup","robots":{"index":"index","follow":"follow","max-snippet":"max-snippet:-1","max-image-preview":"max-image-preview:large","max-video-preview":"max-video-preview:-1"},"canonical":"https:\/\/anadolupet.com.tr\/en\/product\/eheim-classic-350-karbonlu-sunger-3lu-2215\/","og_locale":"en_US","og_type":"article","og_title":"EHEIM Classic 350 Karbonlu S\u00fcnger 3'l\u00fc (2215) - Anadolu Pet Grup","og_description":"EHEIM aktif karbon filtre pedleri, akvaryum suyunda adsorptif filtrasyon sa\u011flayarak zararl\u0131 kimyasal maddelerin (klor, ila\u00e7 kal\u0131nt\u0131lar\u0131, pestisitler vb.) uzakla\u015ft\u0131r\u0131lmas\u0131na yard\u0131mc\u0131 olur. \u0130nce ve kal\u0131n ped se\u00e7enekleriyle filtreye kolayca yerle\u015ftirilebilir. Bu filtre malzemesi \u00f6zellikle akvaryumun ilk kurulum a\u015famas\u0131nda veya ila\u00e7 tedavisi sonras\u0131 kullan\u0131ma uygundur. Ancak yaln\u0131zca k\u0131sa s\u00fcreli kullan\u0131m i\u00e7in tasarlanm\u0131\u015ft\u0131r ve yakla\u015f\u0131k 4 hafta sonra \u00e7\u0131kar\u0131lmal\u0131 veya yenisiyle de\u011fi\u015ftirilmelidir. \u00d6ne \u00c7\u0131kan \u00d6zellikler Adsorptif Filtrasyon: Klor, ila\u00e7 kal\u0131nt\u0131lar\u0131 ve kimyasal maddeleri ba\u011flar. \u0130nce ve Kal\u0131n Pedler: Farkl\u0131 ihtiya\u00e7lara uygun kullan\u0131m. K\u0131sa S\u00fcreli Kullan\u0131m: Yakla\u015f\u0131k 4 hafta sonra de\u011fi\u015ftirilmelidir. Tatl\u0131 ve Tuzlu Su Uyumu: Her iki akvaryum tipinde kullan\u0131labilir. Kolay Uygulama: Filtreye do\u011frudan yerle\u015ftirilebilir.","og_url":"https:\/\/anadolupet.com.tr\/en\/product\/eheim-classic-350-karbonlu-sunger-3lu-2215\/","og_site_name":"Anadolu Pet Grup","article_modified_time":"2026-02-23T12:47:58+00:00","og_image":[{"width":750,"height":750,"url":"https:\/\/anadolupet.com.tr\/wp-content\/uploads\/2026\/02\/105-2628150.jpg","type":"image\/jpeg"}],"twitter_card":"summary_large_image","schema":{"@context":"https:\/\/schema.org","@graph":[{"@type":"WebPage","@id":"https:\/\/anadolupet.com.tr\/urun\/eheim-classic-350-karbonlu-sunger-3lu-2215\/","url":"https:\/\/anadolupet.com.tr\/urun\/eheim-classic-350-karbonlu-sunger-3lu-2215\/","name":"EHEIM Classic 350 Karbonlu S\u00fcnger 3'l\u00fc (2215) - Anadolu Pet Grup","isPartOf":{"@id":"https:\/\/anadolupet.com.tr\/#website"},"primaryImageOfPage":{"@id":"https:\/\/anadolupet.com.tr\/urun\/eheim-classic-350-karbonlu-sunger-3lu-2215\/#primaryimage"},"image":{"@id":"https:\/\/anadolupet.com.tr\/urun\/eheim-classic-350-karbonlu-sunger-3lu-2215\/#primaryimage"},"thumbnailUrl":"https:\/\/anadolupet.com.tr\/wp-content\/uploads\/2026\/02\/105-2628150.jpg","datePublished":"2026-02-14T14:39:41+00:00","dateModified":"2026-02-23T12:47:58+00:00","breadcrumb":{"@id":"https:\/\/anadolupet.com.tr\/urun\/eheim-classic-350-karbonlu-sunger-3lu-2215\/#breadcrumb"},"inLanguage":"en-US","potentialAction":[{"@type":"ReadAction","target":["https:\/\/anadolupet.com.tr\/urun\/eheim-classic-350-karbonlu-sunger-3lu-2215\/"]}]},{"@type":"ImageObject","inLanguage":"en-US","@id":"https:\/\/anadolupet.com.tr\/urun\/eheim-classic-350-karbonlu-sunger-3lu-2215\/#primaryimage","url":"https:\/\/anadolupet.com.tr\/wp-content\/uploads\/2026\/02\/105-2628150.jpg","contentUrl":"https:\/\/anadolupet.com.tr\/wp-content\/uploads\/2026\/02\/105-2628150.jpg","width":750,"height":750},{"@type":"BreadcrumbList","@id":"https:\/\/anadolupet.com.tr\/urun\/eheim-classic-350-karbonlu-sunger-3lu-2215\/#breadcrumb","itemListElement":[{"@type":"ListItem","position":1,"name":"Anasayfa","item":"https:\/\/anadolupet.com.tr\/"},{"@type":"ListItem","position":2,"name":"\u00dcr\u00fcnler","item":"https:\/\/anadolupet.com.tr\/urunler\/"},{"@type":"ListItem","position":3,"name":"EHEIM Classic 350 Karbonlu S\u00fcnger 3&#8217;l\u00fc (2215)"}]},{"@type":"WebSite","@id":"https:\/\/anadolupet.com.tr\/#website","url":"https:\/\/anadolupet.com.tr\/","name":"Anadolu Pet Group","description":"We Stand Together for the Well-Being of Every Life","publisher":{"@id":"https:\/\/anadolupet.com.tr\/#organization"},"potentialAction":[{"@type":"SearchAction","target":{"@type":"EntryPoint","urlTemplate":"https:\/\/anadolupet.com.tr\/?s={search_term_string}"},"query-input":{"@type":"PropertyValueSpecification","valueRequired":true,"valueName":"search_term_string"}}],"inLanguage":"en-US"},{"@type":"Organization","@id":"https:\/\/anadolupet.com.tr\/#organization","name":"Anadolu Pet Group","alternateName":"Anadolu Pet","url":"https:\/\/anadolupet.com.tr\/","logo":{"@type":"ImageObject","inLanguage":"en-US","@id":"https:\/\/anadolupet.com.tr\/#\/schema\/logo\/image\/","url":"https:\/\/anadolupet.com.tr\/wp-content\/uploads\/2026\/03\/1614666743370.jpg","contentUrl":"https:\/\/anadolupet.com.tr\/wp-content\/uploads\/2026\/03\/1614666743370.jpg","width":800,"height":571,"caption":"Anadolu Pet Grup"},"image":{"@id":"https:\/\/anadolupet.com.tr\/#\/schema\/logo\/image\/"}}]}},"_links":{"self":[{"href":"https:\/\/anadolupet.com.tr\/en\/wp-json\/wp\/v2\/product\/44786","targetHints":{"allow":["GET"]}}],"collection":[{"href":"https:\/\/anadolupet.com.tr\/en\/wp-json\/wp\/v2\/product"}],"about":[{"href":"https:\/\/anadolupet.com.tr\/en\/wp-json\/wp\/v2\/types\/product"}],"replies":[{"embeddable":true,"href":"https:\/\/anadolupet.com.tr\/en\/wp-json\/wp\/v2\/comments?post=44786"}],"wp:featuredmedia":[{"embeddable":true,"href":"https:\/\/anadolupet.com.tr\/en\/wp-json\/wp\/v2\/media\/42392"}],"wp:attachment":[{"href":"https:\/\/anadolupet.com.tr\/en\/wp-json\/wp\/v2\/media?parent=44786"}],"wp:term":[{"taxonomy":"product_brand","embeddable":true,"href":"https:\/\/anadolupet.com.tr\/en\/wp-json\/wp\/v2\/product_brand?post=44786"},{"taxonomy":"product_cat","embeddable":true,"href":"https:\/\/anadolupet.com.tr\/en\/wp-json\/wp\/v2\/product_cat?post=44786"},{"taxonomy":"product_tag","embeddable":true,"href":"https:\/\/anadolupet.com.tr\/en\/wp-json\/wp\/v2\/product_tag?post=44786"}],"curies":[{"name":"wp","href":"https:\/\/api.w.org\/{rel}","templated":true}]}}