{"id":44805,"date":"2026-02-14T14:39:44","date_gmt":"2026-02-14T14:39:44","guid":{"rendered":"https:\/\/anadolupet.com.tr\/urun\/eheim-classicled-led-aydinlatma-1140mm\/"},"modified":"2026-02-23T12:47:59","modified_gmt":"2026-02-23T12:47:59","slug":"eheim-classicled-led-aydinlatma-1140mm","status":"publish","type":"product","link":"https:\/\/anadolupet.com.tr\/en\/urun\/eheim-classicled-led-aydinlatma-1140mm\/","title":{"rendered":"EHEIM classicLED LED Ayd\u0131nlatma 1140mm"},"content":{"rendered":"","protected":false},"excerpt":{"rendered":"<p>EHEIM classicLED \u2018daylight\u2019 serisi, akvaryumlar i\u00e7in \u00f6zel olarak tasarlanm\u0131\u015f LED ayd\u0131nlatmad\u0131r. 6500 Kelvin renk s\u0131cakl\u0131\u011f\u0131 ile do\u011fal g\u00fcn \u0131\u015f\u0131\u011f\u0131na yak\u0131n bir \u0131\u015f\u0131k sa\u011flar. Bu sayede bal\u0131klar\u0131n ve bitkilerin sa\u011fl\u0131kl\u0131 geli\u015fimini destekler, suyun berrak ve canl\u0131 g\u00f6r\u00fcnmesini sa\u011flar.<\/p>\n<p>Uyumlu Kullan\u0131m:<\/p>\n<p>1140 mm uzunluk, 1,30 m geni\u015fli\u011fe kadar akvaryumlar i\u00e7in uygundur.<\/p>\n<p>Ultra ince ve kompakt tasar\u0131m\u0131 sayesinde akvaryum kapaklar\u0131n\u0131n alt\u0131na kolayca yerle\u015ftirilebilir.<\/p>\n<p>Tatl\u0131 ve tuzlu su akvaryumlar\u0131nda kullan\u0131labilir.<\/p>\n<p>\u00d6zellikler:<\/p>\n<p>I\u015f\u0131k A\u00e7\u0131s\u0131: 120\u00b0 \u2013 akvaryumun taban\u0131na kadar homojen ayd\u0131nlatma<\/p>\n<p>Renk S\u0131cakl\u0131\u011f\u0131: 6500 K (do\u011fal g\u00fcn \u0131\u015f\u0131\u011f\u0131)<\/p>\n<p>Enerji T\u00fcketimi: Uzunlu\u011fa ba\u011fl\u0131 olarak 7,7 \u2013 17,3 W<\/p>\n<p>Dayan\u0131kl\u0131l\u0131k: Ortalama \u00f6m\u00fcr en az 35.000 saat<\/p>\n<p>G\u00fcvenlik: IPx7 su ge\u00e7irmezlik standard\u0131, d\u00fc\u015f\u00fck voltaj teknolojisi ile ekstra g\u00fcvenlik<\/p>\n<p>Montaj: Uzat\u0131labilir montaj braketi ile kolay kurulum<\/p>\n<p>Kutu \u0130\u00e7eri\u011fi: LED \u00e7ubuk + g\u00fcvenlik g\u00fc\u00e7 kayna\u011f\u0131<\/p>","protected":false},"featured_media":42581,"comment_status":"open","ping_status":"closed","template":"","meta":{"_acf_changed":false},"product_brand":[],"product_cat":[2385],"product_tag":[],"class_list":{"0":"post-44805","1":"product","2":"type-product","3":"status-publish","4":"has-post-thumbnail","6":"product_cat-diger-yedek-parcalar","8":"first","9":"instock","10":"shipping-taxable","11":"product-type-simple"},"acf":[],"yoast_head":"<!-- This site is optimized with the Yoast SEO plugin v27.5 - https:\/\/yoast.com\/product\/yoast-seo-wordpress\/ -->\n<title>EHEIM classicLED LED Ayd\u0131nlatma 1140mm - Anadolu Pet Grup<\/title>\n<meta name=\"robots\" content=\"index, follow, max-snippet:-1, max-image-preview:large, max-video-preview:-1\" \/>\n<link rel=\"canonical\" href=\"https:\/\/anadolupet.com.tr\/en\/product\/eheim-classicled-led-aydinlatma-1140mm\/\" \/>\n<meta property=\"og:locale\" content=\"en_US\" \/>\n<meta property=\"og:type\" content=\"article\" \/>\n<meta property=\"og:title\" content=\"EHEIM classicLED LED Ayd\u0131nlatma 1140mm - Anadolu Pet Grup\" \/>\n<meta property=\"og:description\" content=\"EHEIM classicLED \u2018daylight\u2019 serisi, akvaryumlar i\u00e7in \u00f6zel olarak tasarlanm\u0131\u015f LED ayd\u0131nlatmad\u0131r. 6500 Kelvin renk s\u0131cakl\u0131\u011f\u0131 ile do\u011fal g\u00fcn \u0131\u015f\u0131\u011f\u0131na yak\u0131n bir \u0131\u015f\u0131k sa\u011flar. Bu sayede bal\u0131klar\u0131n ve bitkilerin sa\u011fl\u0131kl\u0131 geli\u015fimini destekler, suyun berrak ve canl\u0131 g\u00f6r\u00fcnmesini sa\u011flar. Uyumlu Kullan\u0131m: 1140 mm uzunluk, 1,30 m geni\u015fli\u011fe kadar akvaryumlar i\u00e7in uygundur. Ultra ince ve kompakt tasar\u0131m\u0131 sayesinde akvaryum kapaklar\u0131n\u0131n alt\u0131na kolayca yerle\u015ftirilebilir. Tatl\u0131 ve tuzlu su akvaryumlar\u0131nda kullan\u0131labilir. \u00d6zellikler: I\u015f\u0131k A\u00e7\u0131s\u0131: 120\u00b0 \u2013 akvaryumun taban\u0131na kadar homojen ayd\u0131nlatma Renk S\u0131cakl\u0131\u011f\u0131: 6500 K (do\u011fal g\u00fcn \u0131\u015f\u0131\u011f\u0131) Enerji T\u00fcketimi: Uzunlu\u011fa ba\u011fl\u0131 olarak 7,7 \u2013 17,3 W Dayan\u0131kl\u0131l\u0131k: Ortalama \u00f6m\u00fcr en az 35.000 saat G\u00fcvenlik: IPx7 su ge\u00e7irmezlik standard\u0131, d\u00fc\u015f\u00fck voltaj teknolojisi ile ekstra g\u00fcvenlik Montaj: Uzat\u0131labilir montaj braketi ile kolay kurulum Kutu \u0130\u00e7eri\u011fi: LED \u00e7ubuk + g\u00fcvenlik g\u00fc\u00e7 kayna\u011f\u0131\" \/>\n<meta property=\"og:url\" content=\"https:\/\/anadolupet.com.tr\/en\/product\/eheim-classicled-led-aydinlatma-1140mm\/\" \/>\n<meta property=\"og:site_name\" content=\"Anadolu Pet Grup\" \/>\n<meta property=\"article:modified_time\" content=\"2026-02-23T12:47:59+00:00\" \/>\n<meta property=\"og:image\" content=\"https:\/\/anadolupet.com.tr\/wp-content\/uploads\/2026\/02\/110-4264011_3.jpg\" \/>\n\t<meta property=\"og:image:width\" content=\"750\" \/>\n\t<meta property=\"og:image:height\" content=\"750\" \/>\n\t<meta property=\"og:image:type\" content=\"image\/jpeg\" \/>\n<meta name=\"twitter:card\" content=\"summary_large_image\" \/>\n<script type=\"application\/ld+json\" class=\"yoast-schema-graph\">{\"@context\":\"https:\\\/\\\/schema.org\",\"@graph\":[{\"@type\":\"WebPage\",\"@id\":\"https:\\\/\\\/anadolupet.com.tr\\\/urun\\\/eheim-classicled-led-aydinlatma-1140mm\\\/\",\"url\":\"https:\\\/\\\/anadolupet.com.tr\\\/urun\\\/eheim-classicled-led-aydinlatma-1140mm\\\/\",\"name\":\"EHEIM classicLED LED Ayd\u0131nlatma 1140mm - Anadolu Pet Grup\",\"isPartOf\":{\"@id\":\"https:\\\/\\\/anadolupet.com.tr\\\/#website\"},\"primaryImageOfPage\":{\"@id\":\"https:\\\/\\\/anadolupet.com.tr\\\/urun\\\/eheim-classicled-led-aydinlatma-1140mm\\\/#primaryimage\"},\"image\":{\"@id\":\"https:\\\/\\\/anadolupet.com.tr\\\/urun\\\/eheim-classicled-led-aydinlatma-1140mm\\\/#primaryimage\"},\"thumbnailUrl\":\"https:\\\/\\\/anadolupet.com.tr\\\/wp-content\\\/uploads\\\/2026\\\/02\\\/110-4264011_3.jpg\",\"datePublished\":\"2026-02-14T14:39:44+00:00\",\"dateModified\":\"2026-02-23T12:47:59+00:00\",\"breadcrumb\":{\"@id\":\"https:\\\/\\\/anadolupet.com.tr\\\/urun\\\/eheim-classicled-led-aydinlatma-1140mm\\\/#breadcrumb\"},\"inLanguage\":\"en-US\",\"potentialAction\":[{\"@type\":\"ReadAction\",\"target\":[\"https:\\\/\\\/anadolupet.com.tr\\\/urun\\\/eheim-classicled-led-aydinlatma-1140mm\\\/\"]}]},{\"@type\":\"ImageObject\",\"inLanguage\":\"en-US\",\"@id\":\"https:\\\/\\\/anadolupet.com.tr\\\/urun\\\/eheim-classicled-led-aydinlatma-1140mm\\\/#primaryimage\",\"url\":\"https:\\\/\\\/anadolupet.com.tr\\\/wp-content\\\/uploads\\\/2026\\\/02\\\/110-4264011_3.jpg\",\"contentUrl\":\"https:\\\/\\\/anadolupet.com.tr\\\/wp-content\\\/uploads\\\/2026\\\/02\\\/110-4264011_3.jpg\",\"width\":750,\"height\":750},{\"@type\":\"BreadcrumbList\",\"@id\":\"https:\\\/\\\/anadolupet.com.tr\\\/urun\\\/eheim-classicled-led-aydinlatma-1140mm\\\/#breadcrumb\",\"itemListElement\":[{\"@type\":\"ListItem\",\"position\":1,\"name\":\"Anasayfa\",\"item\":\"https:\\\/\\\/anadolupet.com.tr\\\/\"},{\"@type\":\"ListItem\",\"position\":2,\"name\":\"\u00dcr\u00fcnler\",\"item\":\"https:\\\/\\\/anadolupet.com.tr\\\/urunler\\\/\"},{\"@type\":\"ListItem\",\"position\":3,\"name\":\"EHEIM classicLED LED Ayd\u0131nlatma 1140mm\"}]},{\"@type\":\"WebSite\",\"@id\":\"https:\\\/\\\/anadolupet.com.tr\\\/#website\",\"url\":\"https:\\\/\\\/anadolupet.com.tr\\\/\",\"name\":\"Anadolu Pet Grup\",\"description\":\"Her Can\u0131n \u0130yi Ya\u015fam\u0131 \u0130\u00e7in Biraraday\u0131z\",\"publisher\":{\"@id\":\"https:\\\/\\\/anadolupet.com.tr\\\/#organization\"},\"potentialAction\":[{\"@type\":\"SearchAction\",\"target\":{\"@type\":\"EntryPoint\",\"urlTemplate\":\"https:\\\/\\\/anadolupet.com.tr\\\/?s={search_term_string}\"},\"query-input\":{\"@type\":\"PropertyValueSpecification\",\"valueRequired\":true,\"valueName\":\"search_term_string\"}}],\"inLanguage\":\"en-US\"},{\"@type\":\"Organization\",\"@id\":\"https:\\\/\\\/anadolupet.com.tr\\\/#organization\",\"name\":\"Anadolu Pet Grup\",\"alternateName\":\"Anadolu Pet\",\"url\":\"https:\\\/\\\/anadolupet.com.tr\\\/\",\"logo\":{\"@type\":\"ImageObject\",\"inLanguage\":\"en-US\",\"@id\":\"https:\\\/\\\/anadolupet.com.tr\\\/#\\\/schema\\\/logo\\\/image\\\/\",\"url\":\"https:\\\/\\\/anadolupet.com.tr\\\/wp-content\\\/uploads\\\/2026\\\/03\\\/1614666743370.jpg\",\"contentUrl\":\"https:\\\/\\\/anadolupet.com.tr\\\/wp-content\\\/uploads\\\/2026\\\/03\\\/1614666743370.jpg\",\"width\":800,\"height\":571,\"caption\":\"Anadolu Pet Grup\"},\"image\":{\"@id\":\"https:\\\/\\\/anadolupet.com.tr\\\/#\\\/schema\\\/logo\\\/image\\\/\"}}]}<\/script>\n<!-- \/ Yoast SEO plugin. -->","yoast_head_json":{"title":"EHEIM classicLED LED Ayd\u0131nlatma 1140mm - Anadolu Pet Grup","robots":{"index":"index","follow":"follow","max-snippet":"max-snippet:-1","max-image-preview":"max-image-preview:large","max-video-preview":"max-video-preview:-1"},"canonical":"https:\/\/anadolupet.com.tr\/en\/product\/eheim-classicled-led-aydinlatma-1140mm\/","og_locale":"en_US","og_type":"article","og_title":"EHEIM classicLED LED Ayd\u0131nlatma 1140mm - Anadolu Pet Grup","og_description":"EHEIM classicLED \u2018daylight\u2019 serisi, akvaryumlar i\u00e7in \u00f6zel olarak tasarlanm\u0131\u015f LED ayd\u0131nlatmad\u0131r. 6500 Kelvin renk s\u0131cakl\u0131\u011f\u0131 ile do\u011fal g\u00fcn \u0131\u015f\u0131\u011f\u0131na yak\u0131n bir \u0131\u015f\u0131k sa\u011flar. Bu sayede bal\u0131klar\u0131n ve bitkilerin sa\u011fl\u0131kl\u0131 geli\u015fimini destekler, suyun berrak ve canl\u0131 g\u00f6r\u00fcnmesini sa\u011flar. Uyumlu Kullan\u0131m: 1140 mm uzunluk, 1,30 m geni\u015fli\u011fe kadar akvaryumlar i\u00e7in uygundur. Ultra ince ve kompakt tasar\u0131m\u0131 sayesinde akvaryum kapaklar\u0131n\u0131n alt\u0131na kolayca yerle\u015ftirilebilir. Tatl\u0131 ve tuzlu su akvaryumlar\u0131nda kullan\u0131labilir. \u00d6zellikler: I\u015f\u0131k A\u00e7\u0131s\u0131: 120\u00b0 \u2013 akvaryumun taban\u0131na kadar homojen ayd\u0131nlatma Renk S\u0131cakl\u0131\u011f\u0131: 6500 K (do\u011fal g\u00fcn \u0131\u015f\u0131\u011f\u0131) Enerji T\u00fcketimi: Uzunlu\u011fa ba\u011fl\u0131 olarak 7,7 \u2013 17,3 W Dayan\u0131kl\u0131l\u0131k: Ortalama \u00f6m\u00fcr en az 35.000 saat G\u00fcvenlik: IPx7 su ge\u00e7irmezlik standard\u0131, d\u00fc\u015f\u00fck voltaj teknolojisi ile ekstra g\u00fcvenlik Montaj: Uzat\u0131labilir montaj braketi ile kolay kurulum Kutu \u0130\u00e7eri\u011fi: LED \u00e7ubuk + g\u00fcvenlik g\u00fc\u00e7 kayna\u011f\u0131","og_url":"https:\/\/anadolupet.com.tr\/en\/product\/eheim-classicled-led-aydinlatma-1140mm\/","og_site_name":"Anadolu Pet Grup","article_modified_time":"2026-02-23T12:47:59+00:00","og_image":[{"width":750,"height":750,"url":"https:\/\/anadolupet.com.tr\/wp-content\/uploads\/2026\/02\/110-4264011_3.jpg","type":"image\/jpeg"}],"twitter_card":"summary_large_image","schema":{"@context":"https:\/\/schema.org","@graph":[{"@type":"WebPage","@id":"https:\/\/anadolupet.com.tr\/urun\/eheim-classicled-led-aydinlatma-1140mm\/","url":"https:\/\/anadolupet.com.tr\/urun\/eheim-classicled-led-aydinlatma-1140mm\/","name":"EHEIM classicLED LED Ayd\u0131nlatma 1140mm - Anadolu Pet Grup","isPartOf":{"@id":"https:\/\/anadolupet.com.tr\/#website"},"primaryImageOfPage":{"@id":"https:\/\/anadolupet.com.tr\/urun\/eheim-classicled-led-aydinlatma-1140mm\/#primaryimage"},"image":{"@id":"https:\/\/anadolupet.com.tr\/urun\/eheim-classicled-led-aydinlatma-1140mm\/#primaryimage"},"thumbnailUrl":"https:\/\/anadolupet.com.tr\/wp-content\/uploads\/2026\/02\/110-4264011_3.jpg","datePublished":"2026-02-14T14:39:44+00:00","dateModified":"2026-02-23T12:47:59+00:00","breadcrumb":{"@id":"https:\/\/anadolupet.com.tr\/urun\/eheim-classicled-led-aydinlatma-1140mm\/#breadcrumb"},"inLanguage":"en-US","potentialAction":[{"@type":"ReadAction","target":["https:\/\/anadolupet.com.tr\/urun\/eheim-classicled-led-aydinlatma-1140mm\/"]}]},{"@type":"ImageObject","inLanguage":"en-US","@id":"https:\/\/anadolupet.com.tr\/urun\/eheim-classicled-led-aydinlatma-1140mm\/#primaryimage","url":"https:\/\/anadolupet.com.tr\/wp-content\/uploads\/2026\/02\/110-4264011_3.jpg","contentUrl":"https:\/\/anadolupet.com.tr\/wp-content\/uploads\/2026\/02\/110-4264011_3.jpg","width":750,"height":750},{"@type":"BreadcrumbList","@id":"https:\/\/anadolupet.com.tr\/urun\/eheim-classicled-led-aydinlatma-1140mm\/#breadcrumb","itemListElement":[{"@type":"ListItem","position":1,"name":"Anasayfa","item":"https:\/\/anadolupet.com.tr\/"},{"@type":"ListItem","position":2,"name":"\u00dcr\u00fcnler","item":"https:\/\/anadolupet.com.tr\/urunler\/"},{"@type":"ListItem","position":3,"name":"EHEIM classicLED LED Ayd\u0131nlatma 1140mm"}]},{"@type":"WebSite","@id":"https:\/\/anadolupet.com.tr\/#website","url":"https:\/\/anadolupet.com.tr\/","name":"Anadolu Pet Group","description":"We Stand Together for the Well-Being of Every Life","publisher":{"@id":"https:\/\/anadolupet.com.tr\/#organization"},"potentialAction":[{"@type":"SearchAction","target":{"@type":"EntryPoint","urlTemplate":"https:\/\/anadolupet.com.tr\/?s={search_term_string}"},"query-input":{"@type":"PropertyValueSpecification","valueRequired":true,"valueName":"search_term_string"}}],"inLanguage":"en-US"},{"@type":"Organization","@id":"https:\/\/anadolupet.com.tr\/#organization","name":"Anadolu Pet Group","alternateName":"Anadolu Pet","url":"https:\/\/anadolupet.com.tr\/","logo":{"@type":"ImageObject","inLanguage":"en-US","@id":"https:\/\/anadolupet.com.tr\/#\/schema\/logo\/image\/","url":"https:\/\/anadolupet.com.tr\/wp-content\/uploads\/2026\/03\/1614666743370.jpg","contentUrl":"https:\/\/anadolupet.com.tr\/wp-content\/uploads\/2026\/03\/1614666743370.jpg","width":800,"height":571,"caption":"Anadolu Pet Grup"},"image":{"@id":"https:\/\/anadolupet.com.tr\/#\/schema\/logo\/image\/"}}]}},"_links":{"self":[{"href":"https:\/\/anadolupet.com.tr\/en\/wp-json\/wp\/v2\/product\/44805","targetHints":{"allow":["GET"]}}],"collection":[{"href":"https:\/\/anadolupet.com.tr\/en\/wp-json\/wp\/v2\/product"}],"about":[{"href":"https:\/\/anadolupet.com.tr\/en\/wp-json\/wp\/v2\/types\/product"}],"replies":[{"embeddable":true,"href":"https:\/\/anadolupet.com.tr\/en\/wp-json\/wp\/v2\/comments?post=44805"}],"wp:featuredmedia":[{"embeddable":true,"href":"https:\/\/anadolupet.com.tr\/en\/wp-json\/wp\/v2\/media\/42581"}],"wp:attachment":[{"href":"https:\/\/anadolupet.com.tr\/en\/wp-json\/wp\/v2\/media?parent=44805"}],"wp:term":[{"taxonomy":"product_brand","embeddable":true,"href":"https:\/\/anadolupet.com.tr\/en\/wp-json\/wp\/v2\/product_brand?post=44805"},{"taxonomy":"product_cat","embeddable":true,"href":"https:\/\/anadolupet.com.tr\/en\/wp-json\/wp\/v2\/product_cat?post=44805"},{"taxonomy":"product_tag","embeddable":true,"href":"https:\/\/anadolupet.com.tr\/en\/wp-json\/wp\/v2\/product_tag?post=44805"}],"curies":[{"name":"wp","href":"https:\/\/api.w.org\/{rel}","templated":true}]}}