{"id":44809,"date":"2026-02-14T14:39:45","date_gmt":"2026-02-14T14:39:45","guid":{"rendered":"https:\/\/anadolupet.com.tr\/urun\/eheim-classicvarioe-250-dis-filtre\/"},"modified":"2026-02-23T12:47:59","modified_gmt":"2026-02-23T12:47:59","slug":"eheim-classicvarioe-250-dis-filtre","status":"publish","type":"product","link":"https:\/\/anadolupet.com.tr\/en\/urun\/eheim-classicvarioe-250-dis-filtre\/","title":{"rendered":"EHEIM classicVARIO+e 250 D\u0131\u015f Filtre"},"content":{"rendered":"","protected":false},"excerpt":{"rendered":"<p>EHEIM classicVARIO+e &#8211; milyonlarca kez kendini kan\u0131tlam\u0131\u015f klasik filtrenin ak\u0131ll\u0131 versiyonu, kablosuz elektronik kontrol ve harici filtrede d\u00fcnyan\u0131n tek BLDC pompas\u0131.<\/p>\n<p>EHEIM classicVARIO+e ile \u00fc\u00e7 \u015fey se\u00e7ersiniz: \u0130lk olarak, milyonlarca kez kendini kan\u0131tlam\u0131\u015f g\u00fcvenilir klasik filtremizin &#8220;+e versiyonu&#8221;. \u0130kincisi, ak\u0131ll\u0131 telefon, tablet veya PC\/Mac \u00fczerinden kablosuz elektronik kontrol ile yenilik. \u00dc\u00e7\u00fcnc\u00fcs\u00fc, \u00f6zellikle sessiz BLDC pompaya sahip bir harici filtre. Bu, en y\u00fcksek kalite, birinci s\u0131n\u0131f bile\u015fenler ve \u00f6zenle koordine edilmi\u015f i\u015flevler anlam\u0131na gelir. Pompa performans\u0131n\u0131 s\u00fcrekli olarak ayarlayabilirsiniz (farkl\u0131 modlar). EHEIM Digital Family cihazlar\u0131yla ba\u011flant\u0131 kuruldu\u011funda, i\u015flev buna g\u00f6re koordine edilir. \u00d6rne\u011fin, otomatik yemlik+ ile besleme s\u0131ras\u0131nda pompa performans\u0131 azal\u0131r. Veya LEDcontrol+e ile birle\u015ftirildi\u011finde, performans ayarlanan g\u00fcnd\u00fcz\/gece ritmine uyum sa\u011flar. Bir sonraki temizlik zaman\u0131 geldi\u011finde, classicVARIO+e bunu hesaplar, bak\u0131m g\u00f6stergesi arac\u0131l\u0131\u011f\u0131yla sizi bilgilendirir ve gerekirse e-posta ile hat\u0131rlat\u0131r.<\/p>\n<p>EHEIM classicVARIO+e&#8217;nin avantajlar\u0131<\/p>\n<p>    Milyonlarca kez kan\u0131tlanm\u0131\u015f, g\u00fcvenilir klasik harici filtre neslinin dijital geli\u015fimi<br \/>\n    Entegre WLAN i\u015flevi (Wi-Fi) ve ak\u0131ll\u0131 telefon, tablet veya PC\/Mac \u00fczerinden kablosuz kontrol ile elektronik filtre<br \/>\n    S\u00fcrekli ayarlanabilir pompa performans\u0131<br \/>\n    Farkl\u0131 pompa i\u015flevleri &#8211; Manuel ve Darbe Modu<br \/>\n    G\u00fc\u00e7 d\u00fczenleme sayesinde \u00e7ok d\u00fc\u015f\u00fck g\u00fc\u00e7 t\u00fcketimi (1,7-9,8 W)<br \/>\n    EHEIM Digital Family \u00fcr\u00fcnleriyle ba\u011flanabilir: \u00d6rne\u011fin, EHEIM otomatik yemlik+ ile birle\u015ftirildi\u011finde besleme s\u0131ras\u0131nda pompa performans\u0131n\u0131n ayarlanmas\u0131 ve LEDcontrol+e ile ba\u011fland\u0131\u011f\u0131nda ayarlanan g\u00fcnd\u00fcz\/gece ritmiyle uyumla\u015ft\u0131rma<br \/>\n    Bak\u0131m g\u00f6stergesi, hesaplanan temizlik zaman\u0131n\u0131 g\u00f6sterir; e-posta ile otomatik hat\u0131rlatma<br \/>\n    Pompa kafas\u0131nda kal\u0131c\u0131 elastik silikon conta (temizlikten sonra kolay ve g\u00fcvenli kapatma i\u00e7in)<br \/>\n    Filtre matlar\u0131 ve\/veya gev\u015fek filtre malzemeleri ile donat\u0131labilir.<br \/>\n    Y\u00fcksek verimli BLDC pompa (f\u0131r\u00e7as\u0131z do\u011fru ak\u0131m motoru), sessiz, d\u00fc\u015f\u00fck titre\u015fimli \u00e7al\u0131\u015fma ve ince kademeli geni\u015f kontrol aral\u0131\u011f\u0131 sa\u011flar.<br \/>\n    P\u00fcsk\u00fcrtme \u00e7ubu\u011fu, emme borusu, hortum ve montaj aksesuarlar\u0131 dahildir.<br \/>\n    Tatl\u0131 ve tuzlu su i\u00e7in uygundur.<br \/>\n    2 y\u0131l garanti.<\/p>","protected":false},"featured_media":42524,"comment_status":"open","ping_status":"closed","template":"","meta":{"_acf_changed":false},"product_brand":[],"product_cat":[2385],"product_tag":[],"class_list":{"0":"post-44809","1":"product","2":"type-product","3":"status-publish","4":"has-post-thumbnail","6":"product_cat-diger-yedek-parcalar","8":"first","9":"instock","10":"shipping-taxable","11":"product-type-simple"},"acf":[],"yoast_head":"<!-- This site is optimized with the Yoast SEO plugin v27.5 - https:\/\/yoast.com\/product\/yoast-seo-wordpress\/ -->\n<title>EHEIM classicVARIO+e 250 D\u0131\u015f Filtre - Anadolu Pet Grup<\/title>\n<meta name=\"robots\" content=\"index, follow, max-snippet:-1, max-image-preview:large, max-video-preview:-1\" \/>\n<link rel=\"canonical\" href=\"https:\/\/anadolupet.com.tr\/en\/product\/eheim-classicvarioe-250-dis-filtre\/\" \/>\n<meta property=\"og:locale\" content=\"en_US\" \/>\n<meta property=\"og:type\" content=\"article\" \/>\n<meta property=\"og:title\" content=\"EHEIM classicVARIO+e 250 D\u0131\u015f Filtre - Anadolu Pet Grup\" \/>\n<meta property=\"og:description\" content=\"EHEIM classicVARIO+e - milyonlarca kez kendini kan\u0131tlam\u0131\u015f klasik filtrenin ak\u0131ll\u0131 versiyonu, kablosuz elektronik kontrol ve harici filtrede d\u00fcnyan\u0131n tek BLDC pompas\u0131. EHEIM classicVARIO+e ile \u00fc\u00e7 \u015fey se\u00e7ersiniz: \u0130lk olarak, milyonlarca kez kendini kan\u0131tlam\u0131\u015f g\u00fcvenilir klasik filtremizin &quot;+e versiyonu&quot;. \u0130kincisi, ak\u0131ll\u0131 telefon, tablet veya PC\/Mac \u00fczerinden kablosuz elektronik kontrol ile yenilik. \u00dc\u00e7\u00fcnc\u00fcs\u00fc, \u00f6zellikle sessiz BLDC pompaya sahip bir harici filtre. Bu, en y\u00fcksek kalite, birinci s\u0131n\u0131f bile\u015fenler ve \u00f6zenle koordine edilmi\u015f i\u015flevler anlam\u0131na gelir. Pompa performans\u0131n\u0131 s\u00fcrekli olarak ayarlayabilirsiniz (farkl\u0131 modlar). EHEIM Digital Family cihazlar\u0131yla ba\u011flant\u0131 kuruldu\u011funda, i\u015flev buna g\u00f6re koordine edilir. \u00d6rne\u011fin, otomatik yemlik+ ile besleme s\u0131ras\u0131nda pompa performans\u0131 azal\u0131r. Veya LEDcontrol+e ile birle\u015ftirildi\u011finde, performans ayarlanan g\u00fcnd\u00fcz\/gece ritmine uyum sa\u011flar. Bir sonraki temizlik zaman\u0131 geldi\u011finde, classicVARIO+e bunu hesaplar, bak\u0131m g\u00f6stergesi arac\u0131l\u0131\u011f\u0131yla sizi bilgilendirir ve gerekirse e-posta ile hat\u0131rlat\u0131r. EHEIM classicVARIO+e&#039;nin avantajlar\u0131   Milyonlarca kez kan\u0131tlanm\u0131\u015f, g\u00fcvenilir klasik harici filtre neslinin dijital geli\u015fimi   Entegre WLAN i\u015flevi (Wi-Fi) ve ak\u0131ll\u0131 telefon, tablet veya PC\/Mac \u00fczerinden kablosuz kontrol ile elektronik filtre   S\u00fcrekli ayarlanabilir pompa performans\u0131   Farkl\u0131 pompa i\u015flevleri - Manuel ve Darbe Modu   G\u00fc\u00e7 d\u00fczenleme sayesinde \u00e7ok d\u00fc\u015f\u00fck g\u00fc\u00e7 t\u00fcketimi (1,7-9,8 W)   EHEIM Digital Family \u00fcr\u00fcnleriyle ba\u011flanabilir: \u00d6rne\u011fin, EHEIM otomatik yemlik+ ile birle\u015ftirildi\u011finde besleme s\u0131ras\u0131nda pompa performans\u0131n\u0131n ayarlanmas\u0131 ve LEDcontrol+e ile ba\u011fland\u0131\u011f\u0131nda ayarlanan g\u00fcnd\u00fcz\/gece ritmiyle uyumla\u015ft\u0131rma   Bak\u0131m g\u00f6stergesi, hesaplanan temizlik zaman\u0131n\u0131 g\u00f6sterir; e-posta ile otomatik hat\u0131rlatma   Pompa kafas\u0131nda kal\u0131c\u0131 elastik silikon conta (temizlikten sonra kolay ve g\u00fcvenli kapatma i\u00e7in)   Filtre matlar\u0131 ve\/veya gev\u015fek filtre malzemeleri ile donat\u0131labilir.   Y\u00fcksek verimli BLDC pompa (f\u0131r\u00e7as\u0131z do\u011fru ak\u0131m motoru), sessiz, d\u00fc\u015f\u00fck titre\u015fimli \u00e7al\u0131\u015fma ve ince kademeli geni\u015f kontrol aral\u0131\u011f\u0131 sa\u011flar.   P\u00fcsk\u00fcrtme \u00e7ubu\u011fu, emme borusu, hortum ve montaj aksesuarlar\u0131 dahildir.   Tatl\u0131 ve tuzlu su i\u00e7in uygundur.   2 y\u0131l garanti.\" \/>\n<meta property=\"og:url\" content=\"https:\/\/anadolupet.com.tr\/en\/product\/eheim-classicvarioe-250-dis-filtre\/\" \/>\n<meta property=\"og:site_name\" content=\"Anadolu Pet Grup\" \/>\n<meta property=\"article:modified_time\" content=\"2026-02-23T12:47:59+00:00\" \/>\n<meta property=\"og:image\" content=\"https:\/\/anadolupet.com.tr\/wp-content\/uploads\/2026\/02\/110-2214020-7.jpg\" \/>\n\t<meta property=\"og:image:width\" content=\"750\" \/>\n\t<meta property=\"og:image:height\" content=\"750\" \/>\n\t<meta property=\"og:image:type\" content=\"image\/jpeg\" \/>\n<meta name=\"twitter:card\" content=\"summary_large_image\" \/>\n<script type=\"application\/ld+json\" class=\"yoast-schema-graph\">{\"@context\":\"https:\\\/\\\/schema.org\",\"@graph\":[{\"@type\":\"WebPage\",\"@id\":\"https:\\\/\\\/anadolupet.com.tr\\\/urun\\\/eheim-classicvarioe-250-dis-filtre\\\/\",\"url\":\"https:\\\/\\\/anadolupet.com.tr\\\/urun\\\/eheim-classicvarioe-250-dis-filtre\\\/\",\"name\":\"EHEIM classicVARIO+e 250 D\u0131\u015f Filtre - Anadolu Pet Grup\",\"isPartOf\":{\"@id\":\"https:\\\/\\\/anadolupet.com.tr\\\/#website\"},\"primaryImageOfPage\":{\"@id\":\"https:\\\/\\\/anadolupet.com.tr\\\/urun\\\/eheim-classicvarioe-250-dis-filtre\\\/#primaryimage\"},\"image\":{\"@id\":\"https:\\\/\\\/anadolupet.com.tr\\\/urun\\\/eheim-classicvarioe-250-dis-filtre\\\/#primaryimage\"},\"thumbnailUrl\":\"https:\\\/\\\/anadolupet.com.tr\\\/wp-content\\\/uploads\\\/2026\\\/02\\\/110-2214020-7.jpg\",\"datePublished\":\"2026-02-14T14:39:45+00:00\",\"dateModified\":\"2026-02-23T12:47:59+00:00\",\"breadcrumb\":{\"@id\":\"https:\\\/\\\/anadolupet.com.tr\\\/urun\\\/eheim-classicvarioe-250-dis-filtre\\\/#breadcrumb\"},\"inLanguage\":\"en-US\",\"potentialAction\":[{\"@type\":\"ReadAction\",\"target\":[\"https:\\\/\\\/anadolupet.com.tr\\\/urun\\\/eheim-classicvarioe-250-dis-filtre\\\/\"]}]},{\"@type\":\"ImageObject\",\"inLanguage\":\"en-US\",\"@id\":\"https:\\\/\\\/anadolupet.com.tr\\\/urun\\\/eheim-classicvarioe-250-dis-filtre\\\/#primaryimage\",\"url\":\"https:\\\/\\\/anadolupet.com.tr\\\/wp-content\\\/uploads\\\/2026\\\/02\\\/110-2214020-7.jpg\",\"contentUrl\":\"https:\\\/\\\/anadolupet.com.tr\\\/wp-content\\\/uploads\\\/2026\\\/02\\\/110-2214020-7.jpg\",\"width\":750,\"height\":750},{\"@type\":\"BreadcrumbList\",\"@id\":\"https:\\\/\\\/anadolupet.com.tr\\\/urun\\\/eheim-classicvarioe-250-dis-filtre\\\/#breadcrumb\",\"itemListElement\":[{\"@type\":\"ListItem\",\"position\":1,\"name\":\"Anasayfa\",\"item\":\"https:\\\/\\\/anadolupet.com.tr\\\/\"},{\"@type\":\"ListItem\",\"position\":2,\"name\":\"\u00dcr\u00fcnler\",\"item\":\"https:\\\/\\\/anadolupet.com.tr\\\/urunler\\\/\"},{\"@type\":\"ListItem\",\"position\":3,\"name\":\"EHEIM classicVARIO+e 250 D\u0131\u015f Filtre\"}]},{\"@type\":\"WebSite\",\"@id\":\"https:\\\/\\\/anadolupet.com.tr\\\/#website\",\"url\":\"https:\\\/\\\/anadolupet.com.tr\\\/\",\"name\":\"Anadolu Pet Grup\",\"description\":\"Her Can\u0131n \u0130yi Ya\u015fam\u0131 \u0130\u00e7in Biraraday\u0131z\",\"publisher\":{\"@id\":\"https:\\\/\\\/anadolupet.com.tr\\\/#organization\"},\"potentialAction\":[{\"@type\":\"SearchAction\",\"target\":{\"@type\":\"EntryPoint\",\"urlTemplate\":\"https:\\\/\\\/anadolupet.com.tr\\\/?s={search_term_string}\"},\"query-input\":{\"@type\":\"PropertyValueSpecification\",\"valueRequired\":true,\"valueName\":\"search_term_string\"}}],\"inLanguage\":\"en-US\"},{\"@type\":\"Organization\",\"@id\":\"https:\\\/\\\/anadolupet.com.tr\\\/#organization\",\"name\":\"Anadolu Pet Grup\",\"alternateName\":\"Anadolu Pet\",\"url\":\"https:\\\/\\\/anadolupet.com.tr\\\/\",\"logo\":{\"@type\":\"ImageObject\",\"inLanguage\":\"en-US\",\"@id\":\"https:\\\/\\\/anadolupet.com.tr\\\/#\\\/schema\\\/logo\\\/image\\\/\",\"url\":\"https:\\\/\\\/anadolupet.com.tr\\\/wp-content\\\/uploads\\\/2026\\\/03\\\/1614666743370.jpg\",\"contentUrl\":\"https:\\\/\\\/anadolupet.com.tr\\\/wp-content\\\/uploads\\\/2026\\\/03\\\/1614666743370.jpg\",\"width\":800,\"height\":571,\"caption\":\"Anadolu Pet Grup\"},\"image\":{\"@id\":\"https:\\\/\\\/anadolupet.com.tr\\\/#\\\/schema\\\/logo\\\/image\\\/\"}}]}<\/script>\n<!-- \/ Yoast SEO plugin. -->","yoast_head_json":{"title":"EHEIM classicVARIO+e 250 D\u0131\u015f Filtre - Anadolu Pet Grup","robots":{"index":"index","follow":"follow","max-snippet":"max-snippet:-1","max-image-preview":"max-image-preview:large","max-video-preview":"max-video-preview:-1"},"canonical":"https:\/\/anadolupet.com.tr\/en\/product\/eheim-classicvarioe-250-dis-filtre\/","og_locale":"en_US","og_type":"article","og_title":"EHEIM classicVARIO+e 250 D\u0131\u015f Filtre - Anadolu Pet Grup","og_description":"EHEIM classicVARIO+e - milyonlarca kez kendini kan\u0131tlam\u0131\u015f klasik filtrenin ak\u0131ll\u0131 versiyonu, kablosuz elektronik kontrol ve harici filtrede d\u00fcnyan\u0131n tek BLDC pompas\u0131. EHEIM classicVARIO+e ile \u00fc\u00e7 \u015fey se\u00e7ersiniz: \u0130lk olarak, milyonlarca kez kendini kan\u0131tlam\u0131\u015f g\u00fcvenilir klasik filtremizin \"+e versiyonu\". \u0130kincisi, ak\u0131ll\u0131 telefon, tablet veya PC\/Mac \u00fczerinden kablosuz elektronik kontrol ile yenilik. \u00dc\u00e7\u00fcnc\u00fcs\u00fc, \u00f6zellikle sessiz BLDC pompaya sahip bir harici filtre. Bu, en y\u00fcksek kalite, birinci s\u0131n\u0131f bile\u015fenler ve \u00f6zenle koordine edilmi\u015f i\u015flevler anlam\u0131na gelir. Pompa performans\u0131n\u0131 s\u00fcrekli olarak ayarlayabilirsiniz (farkl\u0131 modlar). EHEIM Digital Family cihazlar\u0131yla ba\u011flant\u0131 kuruldu\u011funda, i\u015flev buna g\u00f6re koordine edilir. \u00d6rne\u011fin, otomatik yemlik+ ile besleme s\u0131ras\u0131nda pompa performans\u0131 azal\u0131r. Veya LEDcontrol+e ile birle\u015ftirildi\u011finde, performans ayarlanan g\u00fcnd\u00fcz\/gece ritmine uyum sa\u011flar. Bir sonraki temizlik zaman\u0131 geldi\u011finde, classicVARIO+e bunu hesaplar, bak\u0131m g\u00f6stergesi arac\u0131l\u0131\u011f\u0131yla sizi bilgilendirir ve gerekirse e-posta ile hat\u0131rlat\u0131r. EHEIM classicVARIO+e'nin avantajlar\u0131   Milyonlarca kez kan\u0131tlanm\u0131\u015f, g\u00fcvenilir klasik harici filtre neslinin dijital geli\u015fimi   Entegre WLAN i\u015flevi (Wi-Fi) ve ak\u0131ll\u0131 telefon, tablet veya PC\/Mac \u00fczerinden kablosuz kontrol ile elektronik filtre   S\u00fcrekli ayarlanabilir pompa performans\u0131   Farkl\u0131 pompa i\u015flevleri - Manuel ve Darbe Modu   G\u00fc\u00e7 d\u00fczenleme sayesinde \u00e7ok d\u00fc\u015f\u00fck g\u00fc\u00e7 t\u00fcketimi (1,7-9,8 W)   EHEIM Digital Family \u00fcr\u00fcnleriyle ba\u011flanabilir: \u00d6rne\u011fin, EHEIM otomatik yemlik+ ile birle\u015ftirildi\u011finde besleme s\u0131ras\u0131nda pompa performans\u0131n\u0131n ayarlanmas\u0131 ve LEDcontrol+e ile ba\u011fland\u0131\u011f\u0131nda ayarlanan g\u00fcnd\u00fcz\/gece ritmiyle uyumla\u015ft\u0131rma   Bak\u0131m g\u00f6stergesi, hesaplanan temizlik zaman\u0131n\u0131 g\u00f6sterir; e-posta ile otomatik hat\u0131rlatma   Pompa kafas\u0131nda kal\u0131c\u0131 elastik silikon conta (temizlikten sonra kolay ve g\u00fcvenli kapatma i\u00e7in)   Filtre matlar\u0131 ve\/veya gev\u015fek filtre malzemeleri ile donat\u0131labilir.   Y\u00fcksek verimli BLDC pompa (f\u0131r\u00e7as\u0131z do\u011fru ak\u0131m motoru), sessiz, d\u00fc\u015f\u00fck titre\u015fimli \u00e7al\u0131\u015fma ve ince kademeli geni\u015f kontrol aral\u0131\u011f\u0131 sa\u011flar.   P\u00fcsk\u00fcrtme \u00e7ubu\u011fu, emme borusu, hortum ve montaj aksesuarlar\u0131 dahildir.   Tatl\u0131 ve tuzlu su i\u00e7in uygundur.   2 y\u0131l garanti.","og_url":"https:\/\/anadolupet.com.tr\/en\/product\/eheim-classicvarioe-250-dis-filtre\/","og_site_name":"Anadolu Pet Grup","article_modified_time":"2026-02-23T12:47:59+00:00","og_image":[{"width":750,"height":750,"url":"https:\/\/anadolupet.com.tr\/wp-content\/uploads\/2026\/02\/110-2214020-7.jpg","type":"image\/jpeg"}],"twitter_card":"summary_large_image","schema":{"@context":"https:\/\/schema.org","@graph":[{"@type":"WebPage","@id":"https:\/\/anadolupet.com.tr\/urun\/eheim-classicvarioe-250-dis-filtre\/","url":"https:\/\/anadolupet.com.tr\/urun\/eheim-classicvarioe-250-dis-filtre\/","name":"EHEIM classicVARIO+e 250 D\u0131\u015f Filtre - Anadolu Pet Grup","isPartOf":{"@id":"https:\/\/anadolupet.com.tr\/#website"},"primaryImageOfPage":{"@id":"https:\/\/anadolupet.com.tr\/urun\/eheim-classicvarioe-250-dis-filtre\/#primaryimage"},"image":{"@id":"https:\/\/anadolupet.com.tr\/urun\/eheim-classicvarioe-250-dis-filtre\/#primaryimage"},"thumbnailUrl":"https:\/\/anadolupet.com.tr\/wp-content\/uploads\/2026\/02\/110-2214020-7.jpg","datePublished":"2026-02-14T14:39:45+00:00","dateModified":"2026-02-23T12:47:59+00:00","breadcrumb":{"@id":"https:\/\/anadolupet.com.tr\/urun\/eheim-classicvarioe-250-dis-filtre\/#breadcrumb"},"inLanguage":"en-US","potentialAction":[{"@type":"ReadAction","target":["https:\/\/anadolupet.com.tr\/urun\/eheim-classicvarioe-250-dis-filtre\/"]}]},{"@type":"ImageObject","inLanguage":"en-US","@id":"https:\/\/anadolupet.com.tr\/urun\/eheim-classicvarioe-250-dis-filtre\/#primaryimage","url":"https:\/\/anadolupet.com.tr\/wp-content\/uploads\/2026\/02\/110-2214020-7.jpg","contentUrl":"https:\/\/anadolupet.com.tr\/wp-content\/uploads\/2026\/02\/110-2214020-7.jpg","width":750,"height":750},{"@type":"BreadcrumbList","@id":"https:\/\/anadolupet.com.tr\/urun\/eheim-classicvarioe-250-dis-filtre\/#breadcrumb","itemListElement":[{"@type":"ListItem","position":1,"name":"Anasayfa","item":"https:\/\/anadolupet.com.tr\/"},{"@type":"ListItem","position":2,"name":"\u00dcr\u00fcnler","item":"https:\/\/anadolupet.com.tr\/urunler\/"},{"@type":"ListItem","position":3,"name":"EHEIM classicVARIO+e 250 D\u0131\u015f Filtre"}]},{"@type":"WebSite","@id":"https:\/\/anadolupet.com.tr\/#website","url":"https:\/\/anadolupet.com.tr\/","name":"Anadolu Pet Group","description":"We Stand Together for the Well-Being of Every Life","publisher":{"@id":"https:\/\/anadolupet.com.tr\/#organization"},"potentialAction":[{"@type":"SearchAction","target":{"@type":"EntryPoint","urlTemplate":"https:\/\/anadolupet.com.tr\/?s={search_term_string}"},"query-input":{"@type":"PropertyValueSpecification","valueRequired":true,"valueName":"search_term_string"}}],"inLanguage":"en-US"},{"@type":"Organization","@id":"https:\/\/anadolupet.com.tr\/#organization","name":"Anadolu Pet Group","alternateName":"Anadolu Pet","url":"https:\/\/anadolupet.com.tr\/","logo":{"@type":"ImageObject","inLanguage":"en-US","@id":"https:\/\/anadolupet.com.tr\/#\/schema\/logo\/image\/","url":"https:\/\/anadolupet.com.tr\/wp-content\/uploads\/2026\/03\/1614666743370.jpg","contentUrl":"https:\/\/anadolupet.com.tr\/wp-content\/uploads\/2026\/03\/1614666743370.jpg","width":800,"height":571,"caption":"Anadolu Pet Grup"},"image":{"@id":"https:\/\/anadolupet.com.tr\/#\/schema\/logo\/image\/"}}]}},"_links":{"self":[{"href":"https:\/\/anadolupet.com.tr\/en\/wp-json\/wp\/v2\/product\/44809","targetHints":{"allow":["GET"]}}],"collection":[{"href":"https:\/\/anadolupet.com.tr\/en\/wp-json\/wp\/v2\/product"}],"about":[{"href":"https:\/\/anadolupet.com.tr\/en\/wp-json\/wp\/v2\/types\/product"}],"replies":[{"embeddable":true,"href":"https:\/\/anadolupet.com.tr\/en\/wp-json\/wp\/v2\/comments?post=44809"}],"wp:featuredmedia":[{"embeddable":true,"href":"https:\/\/anadolupet.com.tr\/en\/wp-json\/wp\/v2\/media\/42524"}],"wp:attachment":[{"href":"https:\/\/anadolupet.com.tr\/en\/wp-json\/wp\/v2\/media?parent=44809"}],"wp:term":[{"taxonomy":"product_brand","embeddable":true,"href":"https:\/\/anadolupet.com.tr\/en\/wp-json\/wp\/v2\/product_brand?post=44809"},{"taxonomy":"product_cat","embeddable":true,"href":"https:\/\/anadolupet.com.tr\/en\/wp-json\/wp\/v2\/product_cat?post=44809"},{"taxonomy":"product_tag","embeddable":true,"href":"https:\/\/anadolupet.com.tr\/en\/wp-json\/wp\/v2\/product_tag?post=44809"}],"curies":[{"name":"wp","href":"https:\/\/api.w.org\/{rel}","templated":true}]}}