{"id":44811,"date":"2026-02-14T14:39:45","date_gmt":"2026-02-14T14:39:45","guid":{"rendered":"https:\/\/anadolupet.com.tr\/urun\/eheim-clearscape-73-nero-akvaryum\/"},"modified":"2026-02-23T12:48:00","modified_gmt":"2026-02-23T12:48:00","slug":"eheim-clearscape-73-nero-akvaryum","status":"publish","type":"product","link":"https:\/\/anadolupet.com.tr\/en\/urun\/eheim-clearscape-73-nero-akvaryum\/","title":{"rendered":"EHEIM Clearscape 73 Nero Akvaryum"},"content":{"rendered":"","protected":false},"excerpt":{"rendered":"<p>EHEIM clearscape, sualt\u0131 d\u00fcnyan\u0131z i\u00e7in m\u00fckemmel bir ortam yarat\u0131r.<\/p>\n<p>EHEIM clearscape ile ya\u015fam alan\u0131n\u0131zda zarif ve g\u00f6z al\u0131c\u0131 bir merkez par\u00e7as\u0131 olu\u015fturabilirsiniz. Akvaryum, \u015feffaf silikon ba\u011flant\u0131 par\u00e7alar\u0131yla en saf beyaz camdan yap\u0131lm\u0131\u015ft\u0131r. Akvaryumdaki sualt\u0131 manzaras\u0131n\u0131 net bir \u015fekilde g\u00f6rebilir ve hayvanlar\u0131n ve bitkilerin bozulmam\u0131\u015f renk spektrumunun tad\u0131n\u0131 \u00e7\u0131karabilirsiniz.<br \/>\n\u00c7arp\u0131c\u0131 dolap siyah renktedir, kulpsuz kapaklara ve yanlarda kablolar ve hortumlar i\u00e7in ek a\u00e7\u0131kl\u0131klara sahiptir. Bu zarif tasar\u0131m iki farkl\u0131 stilde sunulur: Dolap kapaklar\u0131nda \u00e7arp\u0131c\u0131 bir vurgu olarak k\u0131rm\u0131z\u0131 kenarlar\u0131 m\u0131 yoksa daha zarif d\u00fcz versiyonu mu istedi\u011finize siz karar verirsiniz. Kapaklar\u0131 \u00e7evirme \u00f6zelli\u011fi sayesinde, vurgulu kenar\u0131 \u00fcstte veya altta yerle\u015ftirebilirsiniz. Ki\u015fisel tarz\u0131n\u0131z\u0131 yans\u0131tman\u0131za hi\u00e7bir \u015fey engel olamaz.<\/p>\n<p>EHEIM clearscape akvaryum setinin \u00f6zellikleri ve avantajlar\u0131<\/p>\n<p>Kapaks\u0131z ve \u0131\u015f\u0131ks\u0131z a\u00e7\u0131k akvaryum seti<br \/>\n    Sualt\u0131 manzaras\u0131 tasarlamak i\u00e7in ideal (akvaryum peyzaj\u0131)<br \/>\n    Berrak, saf \u015feffafl\u0131k i\u00e7in en saf beyaz camdan \u00fcretilmi\u015ftir<br \/>\n    Akvaryumda rahats\u0131z edici destekler yoktur<br \/>\n    Elmas ta\u015flanm\u0131\u015f, y\u00fcksek parlakl\u0131kta kenarlar<br \/>\n    \u015eeffaf silikonla yap\u0131\u015ft\u0131r\u0131lm\u0131\u015f akvaryum<br \/>\n    Neredeyse g\u00f6r\u00fcnmez, \u00e7ok y\u00fcksek standartlarda i\u015flenmi\u015f diki\u015fler<br \/>\n    Bireysel ekipmanlar i\u00e7in alana sahip sa\u011flam dolap<br \/>\n    Y\u00fcksek kaliteli i\u015f\u00e7ilik<br \/>\n    Dokulu siyah (Nero) y\u00fczey<br \/>\n    Yumu\u015fak kapanan &#8220;iterek a\u00e7&#8221; kap\u0131 mente\u015fe teknolojisine sahip kulpsuz kap\u0131lar<br \/>\n    K\u0131rm\u0131z\u0131 vurgulu kenar, kap\u0131lar\u0131 \u00e7evirerek yerle\u015ftirilebilir veya \u00e7\u0131kar\u0131labilir<br \/>\n    Manyetik \u00e7\u0131t\u00e7\u0131tlarla kap\u0131 sabitlemesi<br \/>\n    Filtreler ve aksesuarlar i\u00e7in i\u00e7 k\u0131s\u0131mda bolca alan<br \/>\n    Kablolar ve hortumlar i\u00e7in gizli a\u00e7\u0131kl\u0131klara sahip yan y\u00fczey (arka duvardan ge\u00e7i\u015fe alternatif olarak)<br \/>\n    Ayd\u0131nlatma, filtre teknolojisi vb. i\u00e7in kapsaml\u0131 EHEIM aksesuar yelpazesi mevcuttur.<br \/>\n    Tank clearTank\u201c ve dolap \u201cclearCab\u201c ayr\u0131ca ayr\u0131 olarak da mevcuttur<br \/>\n    D\u00f6rt boyutta mevcuttur: 73, 175, 200, 300 l<br \/>\n    Almanya&#8217;da \u00fcretilmi\u015ftir<br \/>\n    3 y\u0131l garanti<\/p>","protected":false},"featured_media":42266,"comment_status":"open","ping_status":"closed","template":"","meta":{"_acf_changed":false},"product_brand":[],"product_cat":[2385],"product_tag":[],"class_list":{"0":"post-44811","1":"product","2":"type-product","3":"status-publish","4":"has-post-thumbnail","6":"product_cat-diger-yedek-parcalar","8":"first","9":"instock","10":"shipping-taxable","11":"product-type-simple"},"acf":[],"yoast_head":"<!-- This site is optimized with the Yoast SEO plugin v27.5 - https:\/\/yoast.com\/product\/yoast-seo-wordpress\/ -->\n<title>EHEIM Clearscape 73 Nero Akvaryum - Anadolu Pet Grup<\/title>\n<meta name=\"robots\" content=\"index, follow, max-snippet:-1, max-image-preview:large, max-video-preview:-1\" \/>\n<link rel=\"canonical\" href=\"https:\/\/anadolupet.com.tr\/en\/product\/eheim-clearscape-73-nero-akvaryum\/\" \/>\n<meta property=\"og:locale\" content=\"en_US\" \/>\n<meta property=\"og:type\" content=\"article\" \/>\n<meta property=\"og:title\" content=\"EHEIM Clearscape 73 Nero Akvaryum - Anadolu Pet Grup\" \/>\n<meta property=\"og:description\" content=\"EHEIM clearscape, sualt\u0131 d\u00fcnyan\u0131z i\u00e7in m\u00fckemmel bir ortam yarat\u0131r. EHEIM clearscape ile ya\u015fam alan\u0131n\u0131zda zarif ve g\u00f6z al\u0131c\u0131 bir merkez par\u00e7as\u0131 olu\u015fturabilirsiniz. Akvaryum, \u015feffaf silikon ba\u011flant\u0131 par\u00e7alar\u0131yla en saf beyaz camdan yap\u0131lm\u0131\u015ft\u0131r. Akvaryumdaki sualt\u0131 manzaras\u0131n\u0131 net bir \u015fekilde g\u00f6rebilir ve hayvanlar\u0131n ve bitkilerin bozulmam\u0131\u015f renk spektrumunun tad\u0131n\u0131 \u00e7\u0131karabilirsiniz. \u00c7arp\u0131c\u0131 dolap siyah renktedir, kulpsuz kapaklara ve yanlarda kablolar ve hortumlar i\u00e7in ek a\u00e7\u0131kl\u0131klara sahiptir. Bu zarif tasar\u0131m iki farkl\u0131 stilde sunulur: Dolap kapaklar\u0131nda \u00e7arp\u0131c\u0131 bir vurgu olarak k\u0131rm\u0131z\u0131 kenarlar\u0131 m\u0131 yoksa daha zarif d\u00fcz versiyonu mu istedi\u011finize siz karar verirsiniz. Kapaklar\u0131 \u00e7evirme \u00f6zelli\u011fi sayesinde, vurgulu kenar\u0131 \u00fcstte veya altta yerle\u015ftirebilirsiniz. Ki\u015fisel tarz\u0131n\u0131z\u0131 yans\u0131tman\u0131za hi\u00e7bir \u015fey engel olamaz. EHEIM clearscape akvaryum setinin \u00f6zellikleri ve avantajlar\u0131 Kapaks\u0131z ve \u0131\u015f\u0131ks\u0131z a\u00e7\u0131k akvaryum seti   Sualt\u0131 manzaras\u0131 tasarlamak i\u00e7in ideal (akvaryum peyzaj\u0131)   Berrak, saf \u015feffafl\u0131k i\u00e7in en saf beyaz camdan \u00fcretilmi\u015ftir   Akvaryumda rahats\u0131z edici destekler yoktur   Elmas ta\u015flanm\u0131\u015f, y\u00fcksek parlakl\u0131kta kenarlar   \u015eeffaf silikonla yap\u0131\u015ft\u0131r\u0131lm\u0131\u015f akvaryum   Neredeyse g\u00f6r\u00fcnmez, \u00e7ok y\u00fcksek standartlarda i\u015flenmi\u015f diki\u015fler   Bireysel ekipmanlar i\u00e7in alana sahip sa\u011flam dolap   Y\u00fcksek kaliteli i\u015f\u00e7ilik   Dokulu siyah (Nero) y\u00fczey   Yumu\u015fak kapanan &quot;iterek a\u00e7&quot; kap\u0131 mente\u015fe teknolojisine sahip kulpsuz kap\u0131lar   K\u0131rm\u0131z\u0131 vurgulu kenar, kap\u0131lar\u0131 \u00e7evirerek yerle\u015ftirilebilir veya \u00e7\u0131kar\u0131labilir   Manyetik \u00e7\u0131t\u00e7\u0131tlarla kap\u0131 sabitlemesi   Filtreler ve aksesuarlar i\u00e7in i\u00e7 k\u0131s\u0131mda bolca alan   Kablolar ve hortumlar i\u00e7in gizli a\u00e7\u0131kl\u0131klara sahip yan y\u00fczey (arka duvardan ge\u00e7i\u015fe alternatif olarak)   Ayd\u0131nlatma, filtre teknolojisi vb. i\u00e7in kapsaml\u0131 EHEIM aksesuar yelpazesi mevcuttur.   Tank clearTank\u201c ve dolap \u201cclearCab\u201c ayr\u0131ca ayr\u0131 olarak da mevcuttur   D\u00f6rt boyutta mevcuttur: 73, 175, 200, 300 l   Almanya&#039;da \u00fcretilmi\u015ftir   3 y\u0131l garanti\" \/>\n<meta property=\"og:url\" content=\"https:\/\/anadolupet.com.tr\/en\/product\/eheim-clearscape-73-nero-akvaryum\/\" \/>\n<meta property=\"og:site_name\" content=\"Anadolu Pet Grup\" \/>\n<meta property=\"article:modified_time\" content=\"2026-02-23T12:48:00+00:00\" \/>\n<meta property=\"og:image\" content=\"https:\/\/anadolupet.com.tr\/wp-content\/uploads\/2026\/02\/105-480073.jpg\" \/>\n\t<meta property=\"og:image:width\" content=\"750\" \/>\n\t<meta property=\"og:image:height\" content=\"750\" \/>\n\t<meta property=\"og:image:type\" content=\"image\/jpeg\" \/>\n<meta name=\"twitter:card\" content=\"summary_large_image\" \/>\n<script type=\"application\/ld+json\" class=\"yoast-schema-graph\">{\"@context\":\"https:\\\/\\\/schema.org\",\"@graph\":[{\"@type\":\"WebPage\",\"@id\":\"https:\\\/\\\/anadolupet.com.tr\\\/urun\\\/eheim-clearscape-73-nero-akvaryum\\\/\",\"url\":\"https:\\\/\\\/anadolupet.com.tr\\\/urun\\\/eheim-clearscape-73-nero-akvaryum\\\/\",\"name\":\"EHEIM Clearscape 73 Nero Akvaryum - Anadolu Pet Grup\",\"isPartOf\":{\"@id\":\"https:\\\/\\\/anadolupet.com.tr\\\/#website\"},\"primaryImageOfPage\":{\"@id\":\"https:\\\/\\\/anadolupet.com.tr\\\/urun\\\/eheim-clearscape-73-nero-akvaryum\\\/#primaryimage\"},\"image\":{\"@id\":\"https:\\\/\\\/anadolupet.com.tr\\\/urun\\\/eheim-clearscape-73-nero-akvaryum\\\/#primaryimage\"},\"thumbnailUrl\":\"https:\\\/\\\/anadolupet.com.tr\\\/wp-content\\\/uploads\\\/2026\\\/02\\\/105-480073.jpg\",\"datePublished\":\"2026-02-14T14:39:45+00:00\",\"dateModified\":\"2026-02-23T12:48:00+00:00\",\"breadcrumb\":{\"@id\":\"https:\\\/\\\/anadolupet.com.tr\\\/urun\\\/eheim-clearscape-73-nero-akvaryum\\\/#breadcrumb\"},\"inLanguage\":\"en-US\",\"potentialAction\":[{\"@type\":\"ReadAction\",\"target\":[\"https:\\\/\\\/anadolupet.com.tr\\\/urun\\\/eheim-clearscape-73-nero-akvaryum\\\/\"]}]},{\"@type\":\"ImageObject\",\"inLanguage\":\"en-US\",\"@id\":\"https:\\\/\\\/anadolupet.com.tr\\\/urun\\\/eheim-clearscape-73-nero-akvaryum\\\/#primaryimage\",\"url\":\"https:\\\/\\\/anadolupet.com.tr\\\/wp-content\\\/uploads\\\/2026\\\/02\\\/105-480073.jpg\",\"contentUrl\":\"https:\\\/\\\/anadolupet.com.tr\\\/wp-content\\\/uploads\\\/2026\\\/02\\\/105-480073.jpg\",\"width\":750,\"height\":750},{\"@type\":\"BreadcrumbList\",\"@id\":\"https:\\\/\\\/anadolupet.com.tr\\\/urun\\\/eheim-clearscape-73-nero-akvaryum\\\/#breadcrumb\",\"itemListElement\":[{\"@type\":\"ListItem\",\"position\":1,\"name\":\"Anasayfa\",\"item\":\"https:\\\/\\\/anadolupet.com.tr\\\/\"},{\"@type\":\"ListItem\",\"position\":2,\"name\":\"\u00dcr\u00fcnler\",\"item\":\"https:\\\/\\\/anadolupet.com.tr\\\/urunler\\\/\"},{\"@type\":\"ListItem\",\"position\":3,\"name\":\"EHEIM Clearscape 73 Nero Akvaryum\"}]},{\"@type\":\"WebSite\",\"@id\":\"https:\\\/\\\/anadolupet.com.tr\\\/#website\",\"url\":\"https:\\\/\\\/anadolupet.com.tr\\\/\",\"name\":\"Anadolu Pet Grup\",\"description\":\"Her Can\u0131n \u0130yi Ya\u015fam\u0131 \u0130\u00e7in Biraraday\u0131z\",\"publisher\":{\"@id\":\"https:\\\/\\\/anadolupet.com.tr\\\/#organization\"},\"potentialAction\":[{\"@type\":\"SearchAction\",\"target\":{\"@type\":\"EntryPoint\",\"urlTemplate\":\"https:\\\/\\\/anadolupet.com.tr\\\/?s={search_term_string}\"},\"query-input\":{\"@type\":\"PropertyValueSpecification\",\"valueRequired\":true,\"valueName\":\"search_term_string\"}}],\"inLanguage\":\"en-US\"},{\"@type\":\"Organization\",\"@id\":\"https:\\\/\\\/anadolupet.com.tr\\\/#organization\",\"name\":\"Anadolu Pet Grup\",\"alternateName\":\"Anadolu Pet\",\"url\":\"https:\\\/\\\/anadolupet.com.tr\\\/\",\"logo\":{\"@type\":\"ImageObject\",\"inLanguage\":\"en-US\",\"@id\":\"https:\\\/\\\/anadolupet.com.tr\\\/#\\\/schema\\\/logo\\\/image\\\/\",\"url\":\"https:\\\/\\\/anadolupet.com.tr\\\/wp-content\\\/uploads\\\/2026\\\/03\\\/1614666743370.jpg\",\"contentUrl\":\"https:\\\/\\\/anadolupet.com.tr\\\/wp-content\\\/uploads\\\/2026\\\/03\\\/1614666743370.jpg\",\"width\":800,\"height\":571,\"caption\":\"Anadolu Pet Grup\"},\"image\":{\"@id\":\"https:\\\/\\\/anadolupet.com.tr\\\/#\\\/schema\\\/logo\\\/image\\\/\"}}]}<\/script>\n<!-- \/ Yoast SEO plugin. -->","yoast_head_json":{"title":"EHEIM Clearscape 73 Nero Akvaryum - Anadolu Pet Grup","robots":{"index":"index","follow":"follow","max-snippet":"max-snippet:-1","max-image-preview":"max-image-preview:large","max-video-preview":"max-video-preview:-1"},"canonical":"https:\/\/anadolupet.com.tr\/en\/product\/eheim-clearscape-73-nero-akvaryum\/","og_locale":"en_US","og_type":"article","og_title":"EHEIM Clearscape 73 Nero Akvaryum - Anadolu Pet Grup","og_description":"EHEIM clearscape, sualt\u0131 d\u00fcnyan\u0131z i\u00e7in m\u00fckemmel bir ortam yarat\u0131r. EHEIM clearscape ile ya\u015fam alan\u0131n\u0131zda zarif ve g\u00f6z al\u0131c\u0131 bir merkez par\u00e7as\u0131 olu\u015fturabilirsiniz. Akvaryum, \u015feffaf silikon ba\u011flant\u0131 par\u00e7alar\u0131yla en saf beyaz camdan yap\u0131lm\u0131\u015ft\u0131r. Akvaryumdaki sualt\u0131 manzaras\u0131n\u0131 net bir \u015fekilde g\u00f6rebilir ve hayvanlar\u0131n ve bitkilerin bozulmam\u0131\u015f renk spektrumunun tad\u0131n\u0131 \u00e7\u0131karabilirsiniz. \u00c7arp\u0131c\u0131 dolap siyah renktedir, kulpsuz kapaklara ve yanlarda kablolar ve hortumlar i\u00e7in ek a\u00e7\u0131kl\u0131klara sahiptir. Bu zarif tasar\u0131m iki farkl\u0131 stilde sunulur: Dolap kapaklar\u0131nda \u00e7arp\u0131c\u0131 bir vurgu olarak k\u0131rm\u0131z\u0131 kenarlar\u0131 m\u0131 yoksa daha zarif d\u00fcz versiyonu mu istedi\u011finize siz karar verirsiniz. Kapaklar\u0131 \u00e7evirme \u00f6zelli\u011fi sayesinde, vurgulu kenar\u0131 \u00fcstte veya altta yerle\u015ftirebilirsiniz. Ki\u015fisel tarz\u0131n\u0131z\u0131 yans\u0131tman\u0131za hi\u00e7bir \u015fey engel olamaz. EHEIM clearscape akvaryum setinin \u00f6zellikleri ve avantajlar\u0131 Kapaks\u0131z ve \u0131\u015f\u0131ks\u0131z a\u00e7\u0131k akvaryum seti   Sualt\u0131 manzaras\u0131 tasarlamak i\u00e7in ideal (akvaryum peyzaj\u0131)   Berrak, saf \u015feffafl\u0131k i\u00e7in en saf beyaz camdan \u00fcretilmi\u015ftir   Akvaryumda rahats\u0131z edici destekler yoktur   Elmas ta\u015flanm\u0131\u015f, y\u00fcksek parlakl\u0131kta kenarlar   \u015eeffaf silikonla yap\u0131\u015ft\u0131r\u0131lm\u0131\u015f akvaryum   Neredeyse g\u00f6r\u00fcnmez, \u00e7ok y\u00fcksek standartlarda i\u015flenmi\u015f diki\u015fler   Bireysel ekipmanlar i\u00e7in alana sahip sa\u011flam dolap   Y\u00fcksek kaliteli i\u015f\u00e7ilik   Dokulu siyah (Nero) y\u00fczey   Yumu\u015fak kapanan \"iterek a\u00e7\" kap\u0131 mente\u015fe teknolojisine sahip kulpsuz kap\u0131lar   K\u0131rm\u0131z\u0131 vurgulu kenar, kap\u0131lar\u0131 \u00e7evirerek yerle\u015ftirilebilir veya \u00e7\u0131kar\u0131labilir   Manyetik \u00e7\u0131t\u00e7\u0131tlarla kap\u0131 sabitlemesi   Filtreler ve aksesuarlar i\u00e7in i\u00e7 k\u0131s\u0131mda bolca alan   Kablolar ve hortumlar i\u00e7in gizli a\u00e7\u0131kl\u0131klara sahip yan y\u00fczey (arka duvardan ge\u00e7i\u015fe alternatif olarak)   Ayd\u0131nlatma, filtre teknolojisi vb. i\u00e7in kapsaml\u0131 EHEIM aksesuar yelpazesi mevcuttur.   Tank clearTank\u201c ve dolap \u201cclearCab\u201c ayr\u0131ca ayr\u0131 olarak da mevcuttur   D\u00f6rt boyutta mevcuttur: 73, 175, 200, 300 l   Almanya'da \u00fcretilmi\u015ftir   3 y\u0131l garanti","og_url":"https:\/\/anadolupet.com.tr\/en\/product\/eheim-clearscape-73-nero-akvaryum\/","og_site_name":"Anadolu Pet Grup","article_modified_time":"2026-02-23T12:48:00+00:00","og_image":[{"width":750,"height":750,"url":"https:\/\/anadolupet.com.tr\/wp-content\/uploads\/2026\/02\/105-480073.jpg","type":"image\/jpeg"}],"twitter_card":"summary_large_image","schema":{"@context":"https:\/\/schema.org","@graph":[{"@type":"WebPage","@id":"https:\/\/anadolupet.com.tr\/urun\/eheim-clearscape-73-nero-akvaryum\/","url":"https:\/\/anadolupet.com.tr\/urun\/eheim-clearscape-73-nero-akvaryum\/","name":"EHEIM Clearscape 73 Nero Akvaryum - Anadolu Pet Grup","isPartOf":{"@id":"https:\/\/anadolupet.com.tr\/#website"},"primaryImageOfPage":{"@id":"https:\/\/anadolupet.com.tr\/urun\/eheim-clearscape-73-nero-akvaryum\/#primaryimage"},"image":{"@id":"https:\/\/anadolupet.com.tr\/urun\/eheim-clearscape-73-nero-akvaryum\/#primaryimage"},"thumbnailUrl":"https:\/\/anadolupet.com.tr\/wp-content\/uploads\/2026\/02\/105-480073.jpg","datePublished":"2026-02-14T14:39:45+00:00","dateModified":"2026-02-23T12:48:00+00:00","breadcrumb":{"@id":"https:\/\/anadolupet.com.tr\/urun\/eheim-clearscape-73-nero-akvaryum\/#breadcrumb"},"inLanguage":"en-US","potentialAction":[{"@type":"ReadAction","target":["https:\/\/anadolupet.com.tr\/urun\/eheim-clearscape-73-nero-akvaryum\/"]}]},{"@type":"ImageObject","inLanguage":"en-US","@id":"https:\/\/anadolupet.com.tr\/urun\/eheim-clearscape-73-nero-akvaryum\/#primaryimage","url":"https:\/\/anadolupet.com.tr\/wp-content\/uploads\/2026\/02\/105-480073.jpg","contentUrl":"https:\/\/anadolupet.com.tr\/wp-content\/uploads\/2026\/02\/105-480073.jpg","width":750,"height":750},{"@type":"BreadcrumbList","@id":"https:\/\/anadolupet.com.tr\/urun\/eheim-clearscape-73-nero-akvaryum\/#breadcrumb","itemListElement":[{"@type":"ListItem","position":1,"name":"Anasayfa","item":"https:\/\/anadolupet.com.tr\/"},{"@type":"ListItem","position":2,"name":"\u00dcr\u00fcnler","item":"https:\/\/anadolupet.com.tr\/urunler\/"},{"@type":"ListItem","position":3,"name":"EHEIM Clearscape 73 Nero Akvaryum"}]},{"@type":"WebSite","@id":"https:\/\/anadolupet.com.tr\/#website","url":"https:\/\/anadolupet.com.tr\/","name":"Anadolu Pet Group","description":"We Stand Together for the Well-Being of Every Life","publisher":{"@id":"https:\/\/anadolupet.com.tr\/#organization"},"potentialAction":[{"@type":"SearchAction","target":{"@type":"EntryPoint","urlTemplate":"https:\/\/anadolupet.com.tr\/?s={search_term_string}"},"query-input":{"@type":"PropertyValueSpecification","valueRequired":true,"valueName":"search_term_string"}}],"inLanguage":"en-US"},{"@type":"Organization","@id":"https:\/\/anadolupet.com.tr\/#organization","name":"Anadolu Pet Group","alternateName":"Anadolu Pet","url":"https:\/\/anadolupet.com.tr\/","logo":{"@type":"ImageObject","inLanguage":"en-US","@id":"https:\/\/anadolupet.com.tr\/#\/schema\/logo\/image\/","url":"https:\/\/anadolupet.com.tr\/wp-content\/uploads\/2026\/03\/1614666743370.jpg","contentUrl":"https:\/\/anadolupet.com.tr\/wp-content\/uploads\/2026\/03\/1614666743370.jpg","width":800,"height":571,"caption":"Anadolu Pet Grup"},"image":{"@id":"https:\/\/anadolupet.com.tr\/#\/schema\/logo\/image\/"}}]}},"_links":{"self":[{"href":"https:\/\/anadolupet.com.tr\/en\/wp-json\/wp\/v2\/product\/44811","targetHints":{"allow":["GET"]}}],"collection":[{"href":"https:\/\/anadolupet.com.tr\/en\/wp-json\/wp\/v2\/product"}],"about":[{"href":"https:\/\/anadolupet.com.tr\/en\/wp-json\/wp\/v2\/types\/product"}],"replies":[{"embeddable":true,"href":"https:\/\/anadolupet.com.tr\/en\/wp-json\/wp\/v2\/comments?post=44811"}],"wp:featuredmedia":[{"embeddable":true,"href":"https:\/\/anadolupet.com.tr\/en\/wp-json\/wp\/v2\/media\/42266"}],"wp:attachment":[{"href":"https:\/\/anadolupet.com.tr\/en\/wp-json\/wp\/v2\/media?parent=44811"}],"wp:term":[{"taxonomy":"product_brand","embeddable":true,"href":"https:\/\/anadolupet.com.tr\/en\/wp-json\/wp\/v2\/product_brand?post=44811"},{"taxonomy":"product_cat","embeddable":true,"href":"https:\/\/anadolupet.com.tr\/en\/wp-json\/wp\/v2\/product_cat?post=44811"},{"taxonomy":"product_tag","embeddable":true,"href":"https:\/\/anadolupet.com.tr\/en\/wp-json\/wp\/v2\/product_tag?post=44811"}],"curies":[{"name":"wp","href":"https:\/\/api.w.org\/{rel}","templated":true}]}}