{"id":44826,"date":"2026-02-14T14:39:46","date_gmt":"2026-02-14T14:39:46","guid":{"rendered":"https:\/\/anadolupet.com.tr\/?post_type=product&#038;p=44826"},"modified":"2026-02-23T12:48:01","modified_gmt":"2026-02-23T12:48:01","slug":"eheim-difuzor-12-16-mm","status":"publish","type":"product","link":"https:\/\/anadolupet.com.tr\/en\/urun\/eheim-difuzor-12-16-mm\/","title":{"rendered":"EHEIM Dif\u00fcz\u00f6r 12-16 mm"},"content":{"rendered":"","protected":false},"excerpt":{"rendered":"<p>K\u00fc\u00e7\u00fck ve pratik bir cihaz olan EHEIM Diffusor, d\u0131\u015far\u0131dan taze hava alarak akvaryum suyunu oksijenle zenginle\u015ftirir. \u00d6zellikle az bitkili akvaryumlarda, yo\u011fun bal\u0131k populasyonunda, so\u011fuk su ve deniz akvaryumlar\u0131nda ya da oksijen seven t\u00fcrlerin bulundu\u011fu tanklarda tavsiye edilir. Ayr\u0131ca akvaryum kapa\u011f\u0131 nedeniyle su y\u00fczeyinde hava dola\u015f\u0131m\u0131 s\u0131n\u0131rl\u0131ysa, ek oksijen deste\u011fi sa\u011flar.<\/p>\n<p>Avantajlar ve \u00d6zellikler<br \/>\nAkvaryum suyunu oksijenle zenginle\u015ftirir<\/p>\n<p>K\u00fc\u00e7\u00fck ve kolay montaj \u2013 akvaryum cam\u0131na rahat\u00e7a sabitlenir<\/p>\n<p>Bitki azl\u0131\u011f\u0131 veya yo\u011fun bal\u0131k beslemede ideal \u00e7\u00f6z\u00fcm<\/p>\n<p>Su y\u00fczeyine yak\u0131n montaj ile su hareketi art\u0131r\u0131labilir<\/p>\n<p>Bas\u0131n\u00e7 ayar kelep\u00e7esi ile hava miktar\u0131 kolayca d\u00fczenlenir<\/p>","protected":false},"featured_media":42456,"comment_status":"open","ping_status":"closed","template":"","meta":{"_acf_changed":false},"product_brand":[],"product_cat":[2420],"product_tag":[],"class_list":{"0":"post-44826","1":"product","2":"type-product","3":"status-publish","4":"has-post-thumbnail","6":"product_cat-yardimci-ekipmanlar","8":"first","9":"instock","10":"shipping-taxable","11":"product-type-simple"},"acf":[],"yoast_head":"<!-- This site is optimized with the Yoast SEO plugin v27.5 - https:\/\/yoast.com\/product\/yoast-seo-wordpress\/ -->\n<title>EHEIM Dif\u00fcz\u00f6r 12-16 mm - Anadolu Pet Grup<\/title>\n<meta name=\"robots\" content=\"index, follow, max-snippet:-1, max-image-preview:large, max-video-preview:-1\" \/>\n<link rel=\"canonical\" href=\"https:\/\/anadolupet.com.tr\/en\/product\/eheim-difuzor-12-16-mm\/\" \/>\n<meta property=\"og:locale\" content=\"en_US\" \/>\n<meta property=\"og:type\" content=\"article\" \/>\n<meta property=\"og:title\" content=\"EHEIM Dif\u00fcz\u00f6r 12-16 mm - Anadolu Pet Grup\" \/>\n<meta property=\"og:description\" content=\"K\u00fc\u00e7\u00fck ve pratik bir cihaz olan EHEIM Diffusor, d\u0131\u015far\u0131dan taze hava alarak akvaryum suyunu oksijenle zenginle\u015ftirir. \u00d6zellikle az bitkili akvaryumlarda, yo\u011fun bal\u0131k populasyonunda, so\u011fuk su ve deniz akvaryumlar\u0131nda ya da oksijen seven t\u00fcrlerin bulundu\u011fu tanklarda tavsiye edilir. Ayr\u0131ca akvaryum kapa\u011f\u0131 nedeniyle su y\u00fczeyinde hava dola\u015f\u0131m\u0131 s\u0131n\u0131rl\u0131ysa, ek oksijen deste\u011fi sa\u011flar. Avantajlar ve \u00d6zellikler Akvaryum suyunu oksijenle zenginle\u015ftirir K\u00fc\u00e7\u00fck ve kolay montaj \u2013 akvaryum cam\u0131na rahat\u00e7a sabitlenir Bitki azl\u0131\u011f\u0131 veya yo\u011fun bal\u0131k beslemede ideal \u00e7\u00f6z\u00fcm Su y\u00fczeyine yak\u0131n montaj ile su hareketi art\u0131r\u0131labilir Bas\u0131n\u00e7 ayar kelep\u00e7esi ile hava miktar\u0131 kolayca d\u00fczenlenir\" \/>\n<meta property=\"og:url\" content=\"https:\/\/anadolupet.com.tr\/en\/product\/eheim-difuzor-12-16-mm\/\" \/>\n<meta property=\"og:site_name\" content=\"Anadolu Pet Grup\" \/>\n<meta property=\"article:modified_time\" content=\"2026-02-23T12:48:01+00:00\" \/>\n<meta property=\"og:image\" content=\"https:\/\/anadolupet.com.tr\/wp-content\/uploads\/2026\/02\/105-4004651.jpg\" \/>\n\t<meta property=\"og:image:width\" content=\"750\" \/>\n\t<meta property=\"og:image:height\" content=\"750\" \/>\n\t<meta property=\"og:image:type\" content=\"image\/jpeg\" \/>\n<meta name=\"twitter:card\" content=\"summary_large_image\" \/>\n<script type=\"application\/ld+json\" class=\"yoast-schema-graph\">{\"@context\":\"https:\\\/\\\/schema.org\",\"@graph\":[{\"@type\":\"WebPage\",\"@id\":\"https:\\\/\\\/anadolupet.com.tr\\\/urun\\\/eheim-difuzor-12-16-mm\\\/\",\"url\":\"https:\\\/\\\/anadolupet.com.tr\\\/urun\\\/eheim-difuzor-12-16-mm\\\/\",\"name\":\"EHEIM Dif\u00fcz\u00f6r 12-16 mm - Anadolu Pet Grup\",\"isPartOf\":{\"@id\":\"https:\\\/\\\/anadolupet.com.tr\\\/#website\"},\"primaryImageOfPage\":{\"@id\":\"https:\\\/\\\/anadolupet.com.tr\\\/urun\\\/eheim-difuzor-12-16-mm\\\/#primaryimage\"},\"image\":{\"@id\":\"https:\\\/\\\/anadolupet.com.tr\\\/urun\\\/eheim-difuzor-12-16-mm\\\/#primaryimage\"},\"thumbnailUrl\":\"https:\\\/\\\/anadolupet.com.tr\\\/wp-content\\\/uploads\\\/2026\\\/02\\\/105-4004651.jpg\",\"datePublished\":\"2026-02-14T14:39:46+00:00\",\"dateModified\":\"2026-02-23T12:48:01+00:00\",\"breadcrumb\":{\"@id\":\"https:\\\/\\\/anadolupet.com.tr\\\/urun\\\/eheim-difuzor-12-16-mm\\\/#breadcrumb\"},\"inLanguage\":\"en-US\",\"potentialAction\":[{\"@type\":\"ReadAction\",\"target\":[\"https:\\\/\\\/anadolupet.com.tr\\\/urun\\\/eheim-difuzor-12-16-mm\\\/\"]}]},{\"@type\":\"ImageObject\",\"inLanguage\":\"en-US\",\"@id\":\"https:\\\/\\\/anadolupet.com.tr\\\/urun\\\/eheim-difuzor-12-16-mm\\\/#primaryimage\",\"url\":\"https:\\\/\\\/anadolupet.com.tr\\\/wp-content\\\/uploads\\\/2026\\\/02\\\/105-4004651.jpg\",\"contentUrl\":\"https:\\\/\\\/anadolupet.com.tr\\\/wp-content\\\/uploads\\\/2026\\\/02\\\/105-4004651.jpg\",\"width\":750,\"height\":750},{\"@type\":\"BreadcrumbList\",\"@id\":\"https:\\\/\\\/anadolupet.com.tr\\\/urun\\\/eheim-difuzor-12-16-mm\\\/#breadcrumb\",\"itemListElement\":[{\"@type\":\"ListItem\",\"position\":1,\"name\":\"Anasayfa\",\"item\":\"https:\\\/\\\/anadolupet.com.tr\\\/\"},{\"@type\":\"ListItem\",\"position\":2,\"name\":\"\u00dcr\u00fcnler\",\"item\":\"https:\\\/\\\/anadolupet.com.tr\\\/urunler\\\/\"},{\"@type\":\"ListItem\",\"position\":3,\"name\":\"EHEIM Dif\u00fcz\u00f6r 12-16 mm\"}]},{\"@type\":\"WebSite\",\"@id\":\"https:\\\/\\\/anadolupet.com.tr\\\/#website\",\"url\":\"https:\\\/\\\/anadolupet.com.tr\\\/\",\"name\":\"Anadolu Pet Grup\",\"description\":\"Her Can\u0131n \u0130yi Ya\u015fam\u0131 \u0130\u00e7in Biraraday\u0131z\",\"publisher\":{\"@id\":\"https:\\\/\\\/anadolupet.com.tr\\\/#organization\"},\"potentialAction\":[{\"@type\":\"SearchAction\",\"target\":{\"@type\":\"EntryPoint\",\"urlTemplate\":\"https:\\\/\\\/anadolupet.com.tr\\\/?s={search_term_string}\"},\"query-input\":{\"@type\":\"PropertyValueSpecification\",\"valueRequired\":true,\"valueName\":\"search_term_string\"}}],\"inLanguage\":\"en-US\"},{\"@type\":\"Organization\",\"@id\":\"https:\\\/\\\/anadolupet.com.tr\\\/#organization\",\"name\":\"Anadolu Pet Grup\",\"alternateName\":\"Anadolu Pet\",\"url\":\"https:\\\/\\\/anadolupet.com.tr\\\/\",\"logo\":{\"@type\":\"ImageObject\",\"inLanguage\":\"en-US\",\"@id\":\"https:\\\/\\\/anadolupet.com.tr\\\/#\\\/schema\\\/logo\\\/image\\\/\",\"url\":\"https:\\\/\\\/anadolupet.com.tr\\\/wp-content\\\/uploads\\\/2026\\\/03\\\/1614666743370.jpg\",\"contentUrl\":\"https:\\\/\\\/anadolupet.com.tr\\\/wp-content\\\/uploads\\\/2026\\\/03\\\/1614666743370.jpg\",\"width\":800,\"height\":571,\"caption\":\"Anadolu Pet Grup\"},\"image\":{\"@id\":\"https:\\\/\\\/anadolupet.com.tr\\\/#\\\/schema\\\/logo\\\/image\\\/\"}}]}<\/script>\n<!-- \/ Yoast SEO plugin. -->","yoast_head_json":{"title":"EHEIM Dif\u00fcz\u00f6r 12-16 mm - Anadolu Pet Grup","robots":{"index":"index","follow":"follow","max-snippet":"max-snippet:-1","max-image-preview":"max-image-preview:large","max-video-preview":"max-video-preview:-1"},"canonical":"https:\/\/anadolupet.com.tr\/en\/product\/eheim-difuzor-12-16-mm\/","og_locale":"en_US","og_type":"article","og_title":"EHEIM Dif\u00fcz\u00f6r 12-16 mm - Anadolu Pet Grup","og_description":"K\u00fc\u00e7\u00fck ve pratik bir cihaz olan EHEIM Diffusor, d\u0131\u015far\u0131dan taze hava alarak akvaryum suyunu oksijenle zenginle\u015ftirir. \u00d6zellikle az bitkili akvaryumlarda, yo\u011fun bal\u0131k populasyonunda, so\u011fuk su ve deniz akvaryumlar\u0131nda ya da oksijen seven t\u00fcrlerin bulundu\u011fu tanklarda tavsiye edilir. Ayr\u0131ca akvaryum kapa\u011f\u0131 nedeniyle su y\u00fczeyinde hava dola\u015f\u0131m\u0131 s\u0131n\u0131rl\u0131ysa, ek oksijen deste\u011fi sa\u011flar. Avantajlar ve \u00d6zellikler Akvaryum suyunu oksijenle zenginle\u015ftirir K\u00fc\u00e7\u00fck ve kolay montaj \u2013 akvaryum cam\u0131na rahat\u00e7a sabitlenir Bitki azl\u0131\u011f\u0131 veya yo\u011fun bal\u0131k beslemede ideal \u00e7\u00f6z\u00fcm Su y\u00fczeyine yak\u0131n montaj ile su hareketi art\u0131r\u0131labilir Bas\u0131n\u00e7 ayar kelep\u00e7esi ile hava miktar\u0131 kolayca d\u00fczenlenir","og_url":"https:\/\/anadolupet.com.tr\/en\/product\/eheim-difuzor-12-16-mm\/","og_site_name":"Anadolu Pet Grup","article_modified_time":"2026-02-23T12:48:01+00:00","og_image":[{"width":750,"height":750,"url":"https:\/\/anadolupet.com.tr\/wp-content\/uploads\/2026\/02\/105-4004651.jpg","type":"image\/jpeg"}],"twitter_card":"summary_large_image","schema":{"@context":"https:\/\/schema.org","@graph":[{"@type":"WebPage","@id":"https:\/\/anadolupet.com.tr\/urun\/eheim-difuzor-12-16-mm\/","url":"https:\/\/anadolupet.com.tr\/urun\/eheim-difuzor-12-16-mm\/","name":"EHEIM Dif\u00fcz\u00f6r 12-16 mm - Anadolu Pet Grup","isPartOf":{"@id":"https:\/\/anadolupet.com.tr\/#website"},"primaryImageOfPage":{"@id":"https:\/\/anadolupet.com.tr\/urun\/eheim-difuzor-12-16-mm\/#primaryimage"},"image":{"@id":"https:\/\/anadolupet.com.tr\/urun\/eheim-difuzor-12-16-mm\/#primaryimage"},"thumbnailUrl":"https:\/\/anadolupet.com.tr\/wp-content\/uploads\/2026\/02\/105-4004651.jpg","datePublished":"2026-02-14T14:39:46+00:00","dateModified":"2026-02-23T12:48:01+00:00","breadcrumb":{"@id":"https:\/\/anadolupet.com.tr\/urun\/eheim-difuzor-12-16-mm\/#breadcrumb"},"inLanguage":"en-US","potentialAction":[{"@type":"ReadAction","target":["https:\/\/anadolupet.com.tr\/urun\/eheim-difuzor-12-16-mm\/"]}]},{"@type":"ImageObject","inLanguage":"en-US","@id":"https:\/\/anadolupet.com.tr\/urun\/eheim-difuzor-12-16-mm\/#primaryimage","url":"https:\/\/anadolupet.com.tr\/wp-content\/uploads\/2026\/02\/105-4004651.jpg","contentUrl":"https:\/\/anadolupet.com.tr\/wp-content\/uploads\/2026\/02\/105-4004651.jpg","width":750,"height":750},{"@type":"BreadcrumbList","@id":"https:\/\/anadolupet.com.tr\/urun\/eheim-difuzor-12-16-mm\/#breadcrumb","itemListElement":[{"@type":"ListItem","position":1,"name":"Anasayfa","item":"https:\/\/anadolupet.com.tr\/"},{"@type":"ListItem","position":2,"name":"\u00dcr\u00fcnler","item":"https:\/\/anadolupet.com.tr\/urunler\/"},{"@type":"ListItem","position":3,"name":"EHEIM Dif\u00fcz\u00f6r 12-16 mm"}]},{"@type":"WebSite","@id":"https:\/\/anadolupet.com.tr\/#website","url":"https:\/\/anadolupet.com.tr\/","name":"Anadolu Pet Group","description":"We Stand Together for the Well-Being of Every Life","publisher":{"@id":"https:\/\/anadolupet.com.tr\/#organization"},"potentialAction":[{"@type":"SearchAction","target":{"@type":"EntryPoint","urlTemplate":"https:\/\/anadolupet.com.tr\/?s={search_term_string}"},"query-input":{"@type":"PropertyValueSpecification","valueRequired":true,"valueName":"search_term_string"}}],"inLanguage":"en-US"},{"@type":"Organization","@id":"https:\/\/anadolupet.com.tr\/#organization","name":"Anadolu Pet Group","alternateName":"Anadolu Pet","url":"https:\/\/anadolupet.com.tr\/","logo":{"@type":"ImageObject","inLanguage":"en-US","@id":"https:\/\/anadolupet.com.tr\/#\/schema\/logo\/image\/","url":"https:\/\/anadolupet.com.tr\/wp-content\/uploads\/2026\/03\/1614666743370.jpg","contentUrl":"https:\/\/anadolupet.com.tr\/wp-content\/uploads\/2026\/03\/1614666743370.jpg","width":800,"height":571,"caption":"Anadolu Pet Grup"},"image":{"@id":"https:\/\/anadolupet.com.tr\/#\/schema\/logo\/image\/"}}]}},"_links":{"self":[{"href":"https:\/\/anadolupet.com.tr\/en\/wp-json\/wp\/v2\/product\/44826","targetHints":{"allow":["GET"]}}],"collection":[{"href":"https:\/\/anadolupet.com.tr\/en\/wp-json\/wp\/v2\/product"}],"about":[{"href":"https:\/\/anadolupet.com.tr\/en\/wp-json\/wp\/v2\/types\/product"}],"replies":[{"embeddable":true,"href":"https:\/\/anadolupet.com.tr\/en\/wp-json\/wp\/v2\/comments?post=44826"}],"wp:featuredmedia":[{"embeddable":true,"href":"https:\/\/anadolupet.com.tr\/en\/wp-json\/wp\/v2\/media\/42456"}],"wp:attachment":[{"href":"https:\/\/anadolupet.com.tr\/en\/wp-json\/wp\/v2\/media?parent=44826"}],"wp:term":[{"taxonomy":"product_brand","embeddable":true,"href":"https:\/\/anadolupet.com.tr\/en\/wp-json\/wp\/v2\/product_brand?post=44826"},{"taxonomy":"product_cat","embeddable":true,"href":"https:\/\/anadolupet.com.tr\/en\/wp-json\/wp\/v2\/product_cat?post=44826"},{"taxonomy":"product_tag","embeddable":true,"href":"https:\/\/anadolupet.com.tr\/en\/wp-json\/wp\/v2\/product_tag?post=44826"}],"curies":[{"name":"wp","href":"https:\/\/api.w.org\/{rel}","templated":true}]}}