{"id":44830,"date":"2026-02-14T14:39:47","date_gmt":"2026-02-14T14:39:47","guid":{"rendered":"https:\/\/anadolupet.com.tr\/?post_type=product&#038;p=44830"},"modified":"2026-02-23T12:48:01","modified_gmt":"2026-02-23T12:48:01","slug":"eheim-dis-filtre-emis-borusu-suzgeci-25-34mm","status":"publish","type":"product","link":"https:\/\/anadolupet.com.tr\/en\/urun\/eheim-dis-filtre-emis-borusu-suzgeci-25-34mm\/","title":{"rendered":"EHEIM D\u0131\u015f Filtre Emi\u015f Borusu S\u00fczgeci 25-34mm"},"content":{"rendered":"","protected":false},"excerpt":{"rendered":"<p>EHEIM inlet strainer (emme s\u00fczgeci), Classic 2250 ve Classic 2260 d\u0131\u015f filtre modelleri i\u00e7in \u00f6zel olarak tasarlanm\u0131\u015f orijinal yedek par\u00e7ad\u0131r. Filtrenin giri\u015f taraf\u0131nda kullan\u0131larak yaprak, bitki par\u00e7alar\u0131 veya bal\u0131klar\u0131n filtreye girmesini \u00f6nler. B\u00f6ylece filtreniz korunur ve su ak\u0131\u015f\u0131 kesintisiz devam eder.<\/p>\n<p>Avantajlar ve \u00d6zellikler<br \/>\nOrijinal EHEIM yedek par\u00e7a \u2013 tam uyum ve g\u00fcvenilirlik<\/p>\n<p>Classic 2250 ve 2260 d\u0131\u015f filtre modelleriyle uyumlu<\/p>\n<p>Filtrenin giri\u015f hatt\u0131n\u0131 korur \u2013 yaprak, bitki par\u00e7alar\u0131 ve bal\u0131klar\u0131n filtreye girmesini engeller<\/p>\n<p>Dayan\u0131kl\u0131 plastik malzeme \u2013 uzun \u00f6m\u00fcrl\u00fc kullan\u0131m<\/p>\n<p>Ye\u015fil renkli tasar\u0131m \u2013 akvaryum dekoruna do\u011fal uyum<\/p>\n<p>Kolay montaj \u2013 hortum ve giri\u015f borusuna h\u0131zl\u0131 entegrasyon<\/p>","protected":false},"featured_media":42716,"comment_status":"open","ping_status":"closed","template":"","meta":{"_acf_changed":false},"product_brand":[],"product_cat":[2379],"product_tag":[],"class_list":{"0":"post-44830","1":"product","2":"type-product","3":"status-publish","4":"has-post-thumbnail","6":"product_cat-borular-ve-vantuzlar","8":"first","9":"instock","10":"shipping-taxable","11":"product-type-simple"},"acf":[],"yoast_head":"<!-- This site is optimized with the Yoast SEO plugin v27.5 - https:\/\/yoast.com\/product\/yoast-seo-wordpress\/ -->\n<title>EHEIM D\u0131\u015f Filtre Emi\u015f Borusu S\u00fczgeci 25-34mm - Anadolu Pet Grup<\/title>\n<meta name=\"robots\" content=\"index, follow, max-snippet:-1, max-image-preview:large, max-video-preview:-1\" \/>\n<link rel=\"canonical\" href=\"https:\/\/anadolupet.com.tr\/en\/product\/eheim-dis-filtre-emis-borusu-suzgeci-25-34mm\/\" \/>\n<meta property=\"og:locale\" content=\"en_US\" \/>\n<meta property=\"og:type\" content=\"article\" \/>\n<meta property=\"og:title\" content=\"EHEIM D\u0131\u015f Filtre Emi\u015f Borusu S\u00fczgeci 25-34mm - Anadolu Pet Grup\" \/>\n<meta property=\"og:description\" content=\"EHEIM inlet strainer (emme s\u00fczgeci), Classic 2250 ve Classic 2260 d\u0131\u015f filtre modelleri i\u00e7in \u00f6zel olarak tasarlanm\u0131\u015f orijinal yedek par\u00e7ad\u0131r. Filtrenin giri\u015f taraf\u0131nda kullan\u0131larak yaprak, bitki par\u00e7alar\u0131 veya bal\u0131klar\u0131n filtreye girmesini \u00f6nler. B\u00f6ylece filtreniz korunur ve su ak\u0131\u015f\u0131 kesintisiz devam eder. Avantajlar ve \u00d6zellikler Orijinal EHEIM yedek par\u00e7a \u2013 tam uyum ve g\u00fcvenilirlik Classic 2250 ve 2260 d\u0131\u015f filtre modelleriyle uyumlu Filtrenin giri\u015f hatt\u0131n\u0131 korur \u2013 yaprak, bitki par\u00e7alar\u0131 ve bal\u0131klar\u0131n filtreye girmesini engeller Dayan\u0131kl\u0131 plastik malzeme \u2013 uzun \u00f6m\u00fcrl\u00fc kullan\u0131m Ye\u015fil renkli tasar\u0131m \u2013 akvaryum dekoruna do\u011fal uyum Kolay montaj \u2013 hortum ve giri\u015f borusuna h\u0131zl\u0131 entegrasyon\" \/>\n<meta property=\"og:url\" content=\"https:\/\/anadolupet.com.tr\/en\/product\/eheim-dis-filtre-emis-borusu-suzgeci-25-34mm\/\" \/>\n<meta property=\"og:site_name\" content=\"Anadolu Pet Grup\" \/>\n<meta property=\"article:modified_time\" content=\"2026-02-23T12:48:01+00:00\" \/>\n<meta property=\"og:image\" content=\"https:\/\/anadolupet.com.tr\/wp-content\/uploads\/2026\/02\/110-7472950.jpg\" \/>\n\t<meta property=\"og:image:width\" content=\"750\" \/>\n\t<meta property=\"og:image:height\" content=\"750\" \/>\n\t<meta property=\"og:image:type\" content=\"image\/jpeg\" \/>\n<meta name=\"twitter:card\" content=\"summary_large_image\" \/>\n<script type=\"application\/ld+json\" class=\"yoast-schema-graph\">{\"@context\":\"https:\\\/\\\/schema.org\",\"@graph\":[{\"@type\":\"WebPage\",\"@id\":\"https:\\\/\\\/anadolupet.com.tr\\\/urun\\\/eheim-dis-filtre-emis-borusu-suzgeci-25-34mm\\\/\",\"url\":\"https:\\\/\\\/anadolupet.com.tr\\\/urun\\\/eheim-dis-filtre-emis-borusu-suzgeci-25-34mm\\\/\",\"name\":\"EHEIM D\u0131\u015f Filtre Emi\u015f Borusu S\u00fczgeci 25-34mm - Anadolu Pet Grup\",\"isPartOf\":{\"@id\":\"https:\\\/\\\/anadolupet.com.tr\\\/#website\"},\"primaryImageOfPage\":{\"@id\":\"https:\\\/\\\/anadolupet.com.tr\\\/urun\\\/eheim-dis-filtre-emis-borusu-suzgeci-25-34mm\\\/#primaryimage\"},\"image\":{\"@id\":\"https:\\\/\\\/anadolupet.com.tr\\\/urun\\\/eheim-dis-filtre-emis-borusu-suzgeci-25-34mm\\\/#primaryimage\"},\"thumbnailUrl\":\"https:\\\/\\\/anadolupet.com.tr\\\/wp-content\\\/uploads\\\/2026\\\/02\\\/110-7472950.jpg\",\"datePublished\":\"2026-02-14T14:39:47+00:00\",\"dateModified\":\"2026-02-23T12:48:01+00:00\",\"breadcrumb\":{\"@id\":\"https:\\\/\\\/anadolupet.com.tr\\\/urun\\\/eheim-dis-filtre-emis-borusu-suzgeci-25-34mm\\\/#breadcrumb\"},\"inLanguage\":\"en-US\",\"potentialAction\":[{\"@type\":\"ReadAction\",\"target\":[\"https:\\\/\\\/anadolupet.com.tr\\\/urun\\\/eheim-dis-filtre-emis-borusu-suzgeci-25-34mm\\\/\"]}]},{\"@type\":\"ImageObject\",\"inLanguage\":\"en-US\",\"@id\":\"https:\\\/\\\/anadolupet.com.tr\\\/urun\\\/eheim-dis-filtre-emis-borusu-suzgeci-25-34mm\\\/#primaryimage\",\"url\":\"https:\\\/\\\/anadolupet.com.tr\\\/wp-content\\\/uploads\\\/2026\\\/02\\\/110-7472950.jpg\",\"contentUrl\":\"https:\\\/\\\/anadolupet.com.tr\\\/wp-content\\\/uploads\\\/2026\\\/02\\\/110-7472950.jpg\",\"width\":750,\"height\":750},{\"@type\":\"BreadcrumbList\",\"@id\":\"https:\\\/\\\/anadolupet.com.tr\\\/urun\\\/eheim-dis-filtre-emis-borusu-suzgeci-25-34mm\\\/#breadcrumb\",\"itemListElement\":[{\"@type\":\"ListItem\",\"position\":1,\"name\":\"Anasayfa\",\"item\":\"https:\\\/\\\/anadolupet.com.tr\\\/\"},{\"@type\":\"ListItem\",\"position\":2,\"name\":\"\u00dcr\u00fcnler\",\"item\":\"https:\\\/\\\/anadolupet.com.tr\\\/urunler\\\/\"},{\"@type\":\"ListItem\",\"position\":3,\"name\":\"EHEIM D\u0131\u015f Filtre Emi\u015f Borusu S\u00fczgeci 25-34mm\"}]},{\"@type\":\"WebSite\",\"@id\":\"https:\\\/\\\/anadolupet.com.tr\\\/#website\",\"url\":\"https:\\\/\\\/anadolupet.com.tr\\\/\",\"name\":\"Anadolu Pet Grup\",\"description\":\"Her Can\u0131n \u0130yi Ya\u015fam\u0131 \u0130\u00e7in Biraraday\u0131z\",\"publisher\":{\"@id\":\"https:\\\/\\\/anadolupet.com.tr\\\/#organization\"},\"potentialAction\":[{\"@type\":\"SearchAction\",\"target\":{\"@type\":\"EntryPoint\",\"urlTemplate\":\"https:\\\/\\\/anadolupet.com.tr\\\/?s={search_term_string}\"},\"query-input\":{\"@type\":\"PropertyValueSpecification\",\"valueRequired\":true,\"valueName\":\"search_term_string\"}}],\"inLanguage\":\"en-US\"},{\"@type\":\"Organization\",\"@id\":\"https:\\\/\\\/anadolupet.com.tr\\\/#organization\",\"name\":\"Anadolu Pet Grup\",\"alternateName\":\"Anadolu Pet\",\"url\":\"https:\\\/\\\/anadolupet.com.tr\\\/\",\"logo\":{\"@type\":\"ImageObject\",\"inLanguage\":\"en-US\",\"@id\":\"https:\\\/\\\/anadolupet.com.tr\\\/#\\\/schema\\\/logo\\\/image\\\/\",\"url\":\"https:\\\/\\\/anadolupet.com.tr\\\/wp-content\\\/uploads\\\/2026\\\/03\\\/1614666743370.jpg\",\"contentUrl\":\"https:\\\/\\\/anadolupet.com.tr\\\/wp-content\\\/uploads\\\/2026\\\/03\\\/1614666743370.jpg\",\"width\":800,\"height\":571,\"caption\":\"Anadolu Pet Grup\"},\"image\":{\"@id\":\"https:\\\/\\\/anadolupet.com.tr\\\/#\\\/schema\\\/logo\\\/image\\\/\"}}]}<\/script>\n<!-- \/ Yoast SEO plugin. -->","yoast_head_json":{"title":"EHEIM D\u0131\u015f Filtre Emi\u015f Borusu S\u00fczgeci 25-34mm - Anadolu Pet Grup","robots":{"index":"index","follow":"follow","max-snippet":"max-snippet:-1","max-image-preview":"max-image-preview:large","max-video-preview":"max-video-preview:-1"},"canonical":"https:\/\/anadolupet.com.tr\/en\/product\/eheim-dis-filtre-emis-borusu-suzgeci-25-34mm\/","og_locale":"en_US","og_type":"article","og_title":"EHEIM D\u0131\u015f Filtre Emi\u015f Borusu S\u00fczgeci 25-34mm - Anadolu Pet Grup","og_description":"EHEIM inlet strainer (emme s\u00fczgeci), Classic 2250 ve Classic 2260 d\u0131\u015f filtre modelleri i\u00e7in \u00f6zel olarak tasarlanm\u0131\u015f orijinal yedek par\u00e7ad\u0131r. Filtrenin giri\u015f taraf\u0131nda kullan\u0131larak yaprak, bitki par\u00e7alar\u0131 veya bal\u0131klar\u0131n filtreye girmesini \u00f6nler. B\u00f6ylece filtreniz korunur ve su ak\u0131\u015f\u0131 kesintisiz devam eder. Avantajlar ve \u00d6zellikler Orijinal EHEIM yedek par\u00e7a \u2013 tam uyum ve g\u00fcvenilirlik Classic 2250 ve 2260 d\u0131\u015f filtre modelleriyle uyumlu Filtrenin giri\u015f hatt\u0131n\u0131 korur \u2013 yaprak, bitki par\u00e7alar\u0131 ve bal\u0131klar\u0131n filtreye girmesini engeller Dayan\u0131kl\u0131 plastik malzeme \u2013 uzun \u00f6m\u00fcrl\u00fc kullan\u0131m Ye\u015fil renkli tasar\u0131m \u2013 akvaryum dekoruna do\u011fal uyum Kolay montaj \u2013 hortum ve giri\u015f borusuna h\u0131zl\u0131 entegrasyon","og_url":"https:\/\/anadolupet.com.tr\/en\/product\/eheim-dis-filtre-emis-borusu-suzgeci-25-34mm\/","og_site_name":"Anadolu Pet Grup","article_modified_time":"2026-02-23T12:48:01+00:00","og_image":[{"width":750,"height":750,"url":"https:\/\/anadolupet.com.tr\/wp-content\/uploads\/2026\/02\/110-7472950.jpg","type":"image\/jpeg"}],"twitter_card":"summary_large_image","schema":{"@context":"https:\/\/schema.org","@graph":[{"@type":"WebPage","@id":"https:\/\/anadolupet.com.tr\/urun\/eheim-dis-filtre-emis-borusu-suzgeci-25-34mm\/","url":"https:\/\/anadolupet.com.tr\/urun\/eheim-dis-filtre-emis-borusu-suzgeci-25-34mm\/","name":"EHEIM D\u0131\u015f Filtre Emi\u015f Borusu S\u00fczgeci 25-34mm - Anadolu Pet Grup","isPartOf":{"@id":"https:\/\/anadolupet.com.tr\/#website"},"primaryImageOfPage":{"@id":"https:\/\/anadolupet.com.tr\/urun\/eheim-dis-filtre-emis-borusu-suzgeci-25-34mm\/#primaryimage"},"image":{"@id":"https:\/\/anadolupet.com.tr\/urun\/eheim-dis-filtre-emis-borusu-suzgeci-25-34mm\/#primaryimage"},"thumbnailUrl":"https:\/\/anadolupet.com.tr\/wp-content\/uploads\/2026\/02\/110-7472950.jpg","datePublished":"2026-02-14T14:39:47+00:00","dateModified":"2026-02-23T12:48:01+00:00","breadcrumb":{"@id":"https:\/\/anadolupet.com.tr\/urun\/eheim-dis-filtre-emis-borusu-suzgeci-25-34mm\/#breadcrumb"},"inLanguage":"en-US","potentialAction":[{"@type":"ReadAction","target":["https:\/\/anadolupet.com.tr\/urun\/eheim-dis-filtre-emis-borusu-suzgeci-25-34mm\/"]}]},{"@type":"ImageObject","inLanguage":"en-US","@id":"https:\/\/anadolupet.com.tr\/urun\/eheim-dis-filtre-emis-borusu-suzgeci-25-34mm\/#primaryimage","url":"https:\/\/anadolupet.com.tr\/wp-content\/uploads\/2026\/02\/110-7472950.jpg","contentUrl":"https:\/\/anadolupet.com.tr\/wp-content\/uploads\/2026\/02\/110-7472950.jpg","width":750,"height":750},{"@type":"BreadcrumbList","@id":"https:\/\/anadolupet.com.tr\/urun\/eheim-dis-filtre-emis-borusu-suzgeci-25-34mm\/#breadcrumb","itemListElement":[{"@type":"ListItem","position":1,"name":"Anasayfa","item":"https:\/\/anadolupet.com.tr\/"},{"@type":"ListItem","position":2,"name":"\u00dcr\u00fcnler","item":"https:\/\/anadolupet.com.tr\/urunler\/"},{"@type":"ListItem","position":3,"name":"EHEIM D\u0131\u015f Filtre Emi\u015f Borusu S\u00fczgeci 25-34mm"}]},{"@type":"WebSite","@id":"https:\/\/anadolupet.com.tr\/#website","url":"https:\/\/anadolupet.com.tr\/","name":"Anadolu Pet Group","description":"We Stand Together for the Well-Being of Every Life","publisher":{"@id":"https:\/\/anadolupet.com.tr\/#organization"},"potentialAction":[{"@type":"SearchAction","target":{"@type":"EntryPoint","urlTemplate":"https:\/\/anadolupet.com.tr\/?s={search_term_string}"},"query-input":{"@type":"PropertyValueSpecification","valueRequired":true,"valueName":"search_term_string"}}],"inLanguage":"en-US"},{"@type":"Organization","@id":"https:\/\/anadolupet.com.tr\/#organization","name":"Anadolu Pet Group","alternateName":"Anadolu Pet","url":"https:\/\/anadolupet.com.tr\/","logo":{"@type":"ImageObject","inLanguage":"en-US","@id":"https:\/\/anadolupet.com.tr\/#\/schema\/logo\/image\/","url":"https:\/\/anadolupet.com.tr\/wp-content\/uploads\/2026\/03\/1614666743370.jpg","contentUrl":"https:\/\/anadolupet.com.tr\/wp-content\/uploads\/2026\/03\/1614666743370.jpg","width":800,"height":571,"caption":"Anadolu Pet Grup"},"image":{"@id":"https:\/\/anadolupet.com.tr\/#\/schema\/logo\/image\/"}}]}},"_links":{"self":[{"href":"https:\/\/anadolupet.com.tr\/en\/wp-json\/wp\/v2\/product\/44830","targetHints":{"allow":["GET"]}}],"collection":[{"href":"https:\/\/anadolupet.com.tr\/en\/wp-json\/wp\/v2\/product"}],"about":[{"href":"https:\/\/anadolupet.com.tr\/en\/wp-json\/wp\/v2\/types\/product"}],"replies":[{"embeddable":true,"href":"https:\/\/anadolupet.com.tr\/en\/wp-json\/wp\/v2\/comments?post=44830"}],"wp:featuredmedia":[{"embeddable":true,"href":"https:\/\/anadolupet.com.tr\/en\/wp-json\/wp\/v2\/media\/42716"}],"wp:attachment":[{"href":"https:\/\/anadolupet.com.tr\/en\/wp-json\/wp\/v2\/media?parent=44830"}],"wp:term":[{"taxonomy":"product_brand","embeddable":true,"href":"https:\/\/anadolupet.com.tr\/en\/wp-json\/wp\/v2\/product_brand?post=44830"},{"taxonomy":"product_cat","embeddable":true,"href":"https:\/\/anadolupet.com.tr\/en\/wp-json\/wp\/v2\/product_cat?post=44830"},{"taxonomy":"product_tag","embeddable":true,"href":"https:\/\/anadolupet.com.tr\/en\/wp-json\/wp\/v2\/product_tag?post=44830"}],"curies":[{"name":"wp","href":"https:\/\/api.w.org\/{rel}","templated":true}]}}