{"id":44835,"date":"2026-02-14T14:39:47","date_gmt":"2026-02-14T14:39:47","guid":{"rendered":"https:\/\/anadolupet.com.tr\/urun\/eheim-co2set400-sisesiz-komple-set\/"},"modified":"2026-02-23T12:48:01","modified_gmt":"2026-02-23T12:48:01","slug":"eheim-co2set400-sisesiz-komple-set","status":"publish","type":"product","link":"https:\/\/anadolupet.com.tr\/en\/urun\/eheim-co2set400-sisesiz-komple-set\/","title":{"rendered":"EHEIM CO2SET400 \u015fi\u015fesiz komple set"},"content":{"rendered":"","protected":false},"excerpt":{"rendered":"<p>EHEIM CO\u00b2 Set 400, akvaryum bitkilerinin sa\u011fl\u0131kl\u0131 geli\u015fimi i\u00e7in gerekli olan karbondioksiti (CO\u00b2) g\u00fcvenli ve kontroll\u00fc \u015fekilde sa\u011flar. Musluk suyunda genellikle yetersiz bulunan CO\u00b2, bitkilerin b\u00fcy\u00fcmesi i\u00e7in en \u00f6nemli besinlerden biridir. Sa\u011fl\u0131kl\u0131 bitkiler sayesinde yosun olu\u015fumu azal\u0131r, bal\u0131klar i\u00e7in daha fazla oksijen \u00fcretilir ve do\u011fru dozajla suyun pH de\u011feri dengelenir.<\/p>\n<p>Set \u0130\u00e7eri\u011fi ve \u00d6zellikler<br \/>\nBas\u0131n\u00e7 D\u00fc\u015f\u00fcr\u00fcc\u00fc: Manometreli, hassas dozaj vanal\u0131, yeniden kullan\u0131labilir sistemler i\u00e7in.<\/p>\n<p>360\u00b0 D\u00f6ner Hortum Ba\u011flant\u0131s\u0131: Kolay kurulum ve esnek kullan\u0131m.<\/p>\n<p>CO\u00b2 G\u00fcvenlik Hortumu: Bas\u0131nca dayan\u0131kl\u0131, 3 m uzunluk, \u00d8 4\/6 mm.<\/p>\n<p>CO\u00b2 G\u00fcvenlik Dif\u00fcz\u00f6r\u00fc: Baloncuk sayac\u0131 ve \u00e7ekvalf ile etkili dozaj.<\/p>\n<p>Su Test Stripleri: 5 adet, ba\u015flang\u0131\u00e7 su de\u011ferlerinin analizi i\u00e7in.<\/p>\n<p>CO\u00b2 Uzun S\u00fcreli Test + Reaktif: Akvaryumda CO\u00b2 seviyesini s\u00fcrekli \u00f6l\u00e7mek i\u00e7in.<\/p>\n<p>Kurulum: G\u00fcvenli ve aletsiz montaj.<\/p>\n<p>Opsiyonel Aksesuar: CO\u00b2 manyetik valf (gece kapatma sistemi, dahil de\u011fil).<\/p>\n<p>Men\u015fei: Made in Germany<\/p>\n<p>Garanti: 3 y\u0131l<\/p>\n<p>Kullan\u0131c\u0131ya Sa\u011flad\u0131\u011f\u0131 Faydalar<br \/>\nBitkiler i\u00e7in sa\u011fl\u0131kl\u0131 b\u00fcy\u00fcme ortam\u0131<\/p>\n<p>Yosun olu\u015fumunu azalt\u0131r<\/p>\n<p>Bal\u0131klar i\u00e7in daha fazla oksijen \u00fcretimi<\/p>\n<p>pH de\u011ferini dengeler<\/p>\n<p>Kolay kurulum ve g\u00fcvenli kullan\u0131m<\/p>","protected":false},"featured_media":42808,"comment_status":"open","ping_status":"closed","template":"","meta":{"_acf_changed":false},"product_brand":[],"product_cat":[2406],"product_tag":[],"class_list":{"0":"post-44835","1":"product","2":"type-product","3":"status-publish","4":"has-post-thumbnail","6":"product_cat-pervane-ve-miller","8":"first","9":"instock","10":"shipping-taxable","11":"product-type-simple"},"acf":[],"yoast_head":"<!-- This site is optimized with the Yoast SEO plugin v27.4 - https:\/\/yoast.com\/product\/yoast-seo-wordpress\/ -->\n<title>EHEIM CO2SET400 \u015fi\u015fesiz komple set - Anadolu Pet Grup<\/title>\n<meta name=\"robots\" content=\"index, follow, max-snippet:-1, max-image-preview:large, max-video-preview:-1\" \/>\n<link rel=\"canonical\" href=\"https:\/\/anadolupet.com.tr\/en\/product\/eheim-co2set400-sisesiz-komple-set\/\" \/>\n<meta property=\"og:locale\" content=\"en_US\" \/>\n<meta property=\"og:type\" content=\"article\" \/>\n<meta property=\"og:title\" content=\"EHEIM CO2SET400 \u015fi\u015fesiz komple set - Anadolu Pet Grup\" \/>\n<meta property=\"og:description\" content=\"EHEIM CO\u00b2 Set 400, akvaryum bitkilerinin sa\u011fl\u0131kl\u0131 geli\u015fimi i\u00e7in gerekli olan karbondioksiti (CO\u00b2) g\u00fcvenli ve kontroll\u00fc \u015fekilde sa\u011flar. Musluk suyunda genellikle yetersiz bulunan CO\u00b2, bitkilerin b\u00fcy\u00fcmesi i\u00e7in en \u00f6nemli besinlerden biridir. Sa\u011fl\u0131kl\u0131 bitkiler sayesinde yosun olu\u015fumu azal\u0131r, bal\u0131klar i\u00e7in daha fazla oksijen \u00fcretilir ve do\u011fru dozajla suyun pH de\u011feri dengelenir. Set \u0130\u00e7eri\u011fi ve \u00d6zellikler Bas\u0131n\u00e7 D\u00fc\u015f\u00fcr\u00fcc\u00fc: Manometreli, hassas dozaj vanal\u0131, yeniden kullan\u0131labilir sistemler i\u00e7in. 360\u00b0 D\u00f6ner Hortum Ba\u011flant\u0131s\u0131: Kolay kurulum ve esnek kullan\u0131m. CO\u00b2 G\u00fcvenlik Hortumu: Bas\u0131nca dayan\u0131kl\u0131, 3 m uzunluk, \u00d8 4\/6 mm. CO\u00b2 G\u00fcvenlik Dif\u00fcz\u00f6r\u00fc: Baloncuk sayac\u0131 ve \u00e7ekvalf ile etkili dozaj. Su Test Stripleri: 5 adet, ba\u015flang\u0131\u00e7 su de\u011ferlerinin analizi i\u00e7in. CO\u00b2 Uzun S\u00fcreli Test + Reaktif: Akvaryumda CO\u00b2 seviyesini s\u00fcrekli \u00f6l\u00e7mek i\u00e7in. Kurulum: G\u00fcvenli ve aletsiz montaj. Opsiyonel Aksesuar: CO\u00b2 manyetik valf (gece kapatma sistemi, dahil de\u011fil). Men\u015fei: Made in Germany Garanti: 3 y\u0131l Kullan\u0131c\u0131ya Sa\u011flad\u0131\u011f\u0131 Faydalar Bitkiler i\u00e7in sa\u011fl\u0131kl\u0131 b\u00fcy\u00fcme ortam\u0131 Yosun olu\u015fumunu azalt\u0131r Bal\u0131klar i\u00e7in daha fazla oksijen \u00fcretimi pH de\u011ferini dengeler Kolay kurulum ve g\u00fcvenli kullan\u0131m\" \/>\n<meta property=\"og:url\" content=\"https:\/\/anadolupet.com.tr\/en\/product\/eheim-co2set400-sisesiz-komple-set\/\" \/>\n<meta property=\"og:site_name\" content=\"Anadolu Pet Grup\" \/>\n<meta property=\"article:modified_time\" content=\"2026-02-23T12:48:01+00:00\" \/>\n<meta property=\"og:image\" content=\"https:\/\/anadolupet.com.tr\/wp-content\/uploads\/2026\/02\/115-6063300-2.jpg\" \/>\n\t<meta property=\"og:image:width\" content=\"750\" \/>\n\t<meta property=\"og:image:height\" content=\"750\" \/>\n\t<meta property=\"og:image:type\" content=\"image\/jpeg\" \/>\n<meta name=\"twitter:card\" content=\"summary_large_image\" \/>\n<script type=\"application\/ld+json\" class=\"yoast-schema-graph\">{\"@context\":\"https:\\\/\\\/schema.org\",\"@graph\":[{\"@type\":\"WebPage\",\"@id\":\"https:\\\/\\\/anadolupet.com.tr\\\/urun\\\/eheim-co2set400-sisesiz-komple-set\\\/\",\"url\":\"https:\\\/\\\/anadolupet.com.tr\\\/urun\\\/eheim-co2set400-sisesiz-komple-set\\\/\",\"name\":\"EHEIM CO2SET400 \u015fi\u015fesiz komple set - Anadolu Pet Grup\",\"isPartOf\":{\"@id\":\"https:\\\/\\\/anadolupet.com.tr\\\/#website\"},\"primaryImageOfPage\":{\"@id\":\"https:\\\/\\\/anadolupet.com.tr\\\/urun\\\/eheim-co2set400-sisesiz-komple-set\\\/#primaryimage\"},\"image\":{\"@id\":\"https:\\\/\\\/anadolupet.com.tr\\\/urun\\\/eheim-co2set400-sisesiz-komple-set\\\/#primaryimage\"},\"thumbnailUrl\":\"https:\\\/\\\/anadolupet.com.tr\\\/wp-content\\\/uploads\\\/2026\\\/02\\\/115-6063300-2.jpg\",\"datePublished\":\"2026-02-14T14:39:47+00:00\",\"dateModified\":\"2026-02-23T12:48:01+00:00\",\"breadcrumb\":{\"@id\":\"https:\\\/\\\/anadolupet.com.tr\\\/urun\\\/eheim-co2set400-sisesiz-komple-set\\\/#breadcrumb\"},\"inLanguage\":\"en-US\",\"potentialAction\":[{\"@type\":\"ReadAction\",\"target\":[\"https:\\\/\\\/anadolupet.com.tr\\\/urun\\\/eheim-co2set400-sisesiz-komple-set\\\/\"]}]},{\"@type\":\"ImageObject\",\"inLanguage\":\"en-US\",\"@id\":\"https:\\\/\\\/anadolupet.com.tr\\\/urun\\\/eheim-co2set400-sisesiz-komple-set\\\/#primaryimage\",\"url\":\"https:\\\/\\\/anadolupet.com.tr\\\/wp-content\\\/uploads\\\/2026\\\/02\\\/115-6063300-2.jpg\",\"contentUrl\":\"https:\\\/\\\/anadolupet.com.tr\\\/wp-content\\\/uploads\\\/2026\\\/02\\\/115-6063300-2.jpg\",\"width\":750,\"height\":750},{\"@type\":\"BreadcrumbList\",\"@id\":\"https:\\\/\\\/anadolupet.com.tr\\\/urun\\\/eheim-co2set400-sisesiz-komple-set\\\/#breadcrumb\",\"itemListElement\":[{\"@type\":\"ListItem\",\"position\":1,\"name\":\"Anasayfa\",\"item\":\"https:\\\/\\\/anadolupet.com.tr\\\/\"},{\"@type\":\"ListItem\",\"position\":2,\"name\":\"\u00dcr\u00fcnler\",\"item\":\"https:\\\/\\\/anadolupet.com.tr\\\/urunler\\\/\"},{\"@type\":\"ListItem\",\"position\":3,\"name\":\"EHEIM CO2SET400 \u015fi\u015fesiz komple set\"}]},{\"@type\":\"WebSite\",\"@id\":\"https:\\\/\\\/anadolupet.com.tr\\\/#website\",\"url\":\"https:\\\/\\\/anadolupet.com.tr\\\/\",\"name\":\"Anadolu Pet Grup\",\"description\":\"Her Can\u0131n \u0130yi Ya\u015fam\u0131 \u0130\u00e7in Biraraday\u0131z\",\"publisher\":{\"@id\":\"https:\\\/\\\/anadolupet.com.tr\\\/#organization\"},\"potentialAction\":[{\"@type\":\"SearchAction\",\"target\":{\"@type\":\"EntryPoint\",\"urlTemplate\":\"https:\\\/\\\/anadolupet.com.tr\\\/?s={search_term_string}\"},\"query-input\":{\"@type\":\"PropertyValueSpecification\",\"valueRequired\":true,\"valueName\":\"search_term_string\"}}],\"inLanguage\":\"en-US\"},{\"@type\":\"Organization\",\"@id\":\"https:\\\/\\\/anadolupet.com.tr\\\/#organization\",\"name\":\"Anadolu Pet Grup\",\"alternateName\":\"Anadolu Pet\",\"url\":\"https:\\\/\\\/anadolupet.com.tr\\\/\",\"logo\":{\"@type\":\"ImageObject\",\"inLanguage\":\"en-US\",\"@id\":\"https:\\\/\\\/anadolupet.com.tr\\\/#\\\/schema\\\/logo\\\/image\\\/\",\"url\":\"https:\\\/\\\/anadolupet.com.tr\\\/wp-content\\\/uploads\\\/2026\\\/03\\\/1614666743370.jpg\",\"contentUrl\":\"https:\\\/\\\/anadolupet.com.tr\\\/wp-content\\\/uploads\\\/2026\\\/03\\\/1614666743370.jpg\",\"width\":800,\"height\":571,\"caption\":\"Anadolu Pet Grup\"},\"image\":{\"@id\":\"https:\\\/\\\/anadolupet.com.tr\\\/#\\\/schema\\\/logo\\\/image\\\/\"}}]}<\/script>\n<!-- \/ Yoast SEO plugin. -->","yoast_head_json":{"title":"EHEIM CO2SET400 \u015fi\u015fesiz komple set - Anadolu Pet Grup","robots":{"index":"index","follow":"follow","max-snippet":"max-snippet:-1","max-image-preview":"max-image-preview:large","max-video-preview":"max-video-preview:-1"},"canonical":"https:\/\/anadolupet.com.tr\/en\/product\/eheim-co2set400-sisesiz-komple-set\/","og_locale":"en_US","og_type":"article","og_title":"EHEIM CO2SET400 \u015fi\u015fesiz komple set - Anadolu Pet Grup","og_description":"EHEIM CO\u00b2 Set 400, akvaryum bitkilerinin sa\u011fl\u0131kl\u0131 geli\u015fimi i\u00e7in gerekli olan karbondioksiti (CO\u00b2) g\u00fcvenli ve kontroll\u00fc \u015fekilde sa\u011flar. Musluk suyunda genellikle yetersiz bulunan CO\u00b2, bitkilerin b\u00fcy\u00fcmesi i\u00e7in en \u00f6nemli besinlerden biridir. Sa\u011fl\u0131kl\u0131 bitkiler sayesinde yosun olu\u015fumu azal\u0131r, bal\u0131klar i\u00e7in daha fazla oksijen \u00fcretilir ve do\u011fru dozajla suyun pH de\u011feri dengelenir. Set \u0130\u00e7eri\u011fi ve \u00d6zellikler Bas\u0131n\u00e7 D\u00fc\u015f\u00fcr\u00fcc\u00fc: Manometreli, hassas dozaj vanal\u0131, yeniden kullan\u0131labilir sistemler i\u00e7in. 360\u00b0 D\u00f6ner Hortum Ba\u011flant\u0131s\u0131: Kolay kurulum ve esnek kullan\u0131m. CO\u00b2 G\u00fcvenlik Hortumu: Bas\u0131nca dayan\u0131kl\u0131, 3 m uzunluk, \u00d8 4\/6 mm. CO\u00b2 G\u00fcvenlik Dif\u00fcz\u00f6r\u00fc: Baloncuk sayac\u0131 ve \u00e7ekvalf ile etkili dozaj. Su Test Stripleri: 5 adet, ba\u015flang\u0131\u00e7 su de\u011ferlerinin analizi i\u00e7in. CO\u00b2 Uzun S\u00fcreli Test + Reaktif: Akvaryumda CO\u00b2 seviyesini s\u00fcrekli \u00f6l\u00e7mek i\u00e7in. Kurulum: G\u00fcvenli ve aletsiz montaj. Opsiyonel Aksesuar: CO\u00b2 manyetik valf (gece kapatma sistemi, dahil de\u011fil). Men\u015fei: Made in Germany Garanti: 3 y\u0131l Kullan\u0131c\u0131ya Sa\u011flad\u0131\u011f\u0131 Faydalar Bitkiler i\u00e7in sa\u011fl\u0131kl\u0131 b\u00fcy\u00fcme ortam\u0131 Yosun olu\u015fumunu azalt\u0131r Bal\u0131klar i\u00e7in daha fazla oksijen \u00fcretimi pH de\u011ferini dengeler Kolay kurulum ve g\u00fcvenli kullan\u0131m","og_url":"https:\/\/anadolupet.com.tr\/en\/product\/eheim-co2set400-sisesiz-komple-set\/","og_site_name":"Anadolu Pet Grup","article_modified_time":"2026-02-23T12:48:01+00:00","og_image":[{"width":750,"height":750,"url":"https:\/\/anadolupet.com.tr\/wp-content\/uploads\/2026\/02\/115-6063300-2.jpg","type":"image\/jpeg"}],"twitter_card":"summary_large_image","schema":{"@context":"https:\/\/schema.org","@graph":[{"@type":"WebPage","@id":"https:\/\/anadolupet.com.tr\/urun\/eheim-co2set400-sisesiz-komple-set\/","url":"https:\/\/anadolupet.com.tr\/urun\/eheim-co2set400-sisesiz-komple-set\/","name":"EHEIM CO2SET400 \u015fi\u015fesiz komple set - Anadolu Pet Grup","isPartOf":{"@id":"https:\/\/anadolupet.com.tr\/#website"},"primaryImageOfPage":{"@id":"https:\/\/anadolupet.com.tr\/urun\/eheim-co2set400-sisesiz-komple-set\/#primaryimage"},"image":{"@id":"https:\/\/anadolupet.com.tr\/urun\/eheim-co2set400-sisesiz-komple-set\/#primaryimage"},"thumbnailUrl":"https:\/\/anadolupet.com.tr\/wp-content\/uploads\/2026\/02\/115-6063300-2.jpg","datePublished":"2026-02-14T14:39:47+00:00","dateModified":"2026-02-23T12:48:01+00:00","breadcrumb":{"@id":"https:\/\/anadolupet.com.tr\/urun\/eheim-co2set400-sisesiz-komple-set\/#breadcrumb"},"inLanguage":"en-US","potentialAction":[{"@type":"ReadAction","target":["https:\/\/anadolupet.com.tr\/urun\/eheim-co2set400-sisesiz-komple-set\/"]}]},{"@type":"ImageObject","inLanguage":"en-US","@id":"https:\/\/anadolupet.com.tr\/urun\/eheim-co2set400-sisesiz-komple-set\/#primaryimage","url":"https:\/\/anadolupet.com.tr\/wp-content\/uploads\/2026\/02\/115-6063300-2.jpg","contentUrl":"https:\/\/anadolupet.com.tr\/wp-content\/uploads\/2026\/02\/115-6063300-2.jpg","width":750,"height":750},{"@type":"BreadcrumbList","@id":"https:\/\/anadolupet.com.tr\/urun\/eheim-co2set400-sisesiz-komple-set\/#breadcrumb","itemListElement":[{"@type":"ListItem","position":1,"name":"Anasayfa","item":"https:\/\/anadolupet.com.tr\/"},{"@type":"ListItem","position":2,"name":"\u00dcr\u00fcnler","item":"https:\/\/anadolupet.com.tr\/urunler\/"},{"@type":"ListItem","position":3,"name":"EHEIM CO2SET400 \u015fi\u015fesiz komple set"}]},{"@type":"WebSite","@id":"https:\/\/anadolupet.com.tr\/#website","url":"https:\/\/anadolupet.com.tr\/","name":"Anadolu Pet Group","description":"We Stand Together for the Well-Being of Every Life","publisher":{"@id":"https:\/\/anadolupet.com.tr\/#organization"},"potentialAction":[{"@type":"SearchAction","target":{"@type":"EntryPoint","urlTemplate":"https:\/\/anadolupet.com.tr\/?s={search_term_string}"},"query-input":{"@type":"PropertyValueSpecification","valueRequired":true,"valueName":"search_term_string"}}],"inLanguage":"en-US"},{"@type":"Organization","@id":"https:\/\/anadolupet.com.tr\/#organization","name":"Anadolu Pet Group","alternateName":"Anadolu Pet","url":"https:\/\/anadolupet.com.tr\/","logo":{"@type":"ImageObject","inLanguage":"en-US","@id":"https:\/\/anadolupet.com.tr\/#\/schema\/logo\/image\/","url":"https:\/\/anadolupet.com.tr\/wp-content\/uploads\/2026\/03\/1614666743370.jpg","contentUrl":"https:\/\/anadolupet.com.tr\/wp-content\/uploads\/2026\/03\/1614666743370.jpg","width":800,"height":571,"caption":"Anadolu Pet Grup"},"image":{"@id":"https:\/\/anadolupet.com.tr\/#\/schema\/logo\/image\/"}}]}},"_links":{"self":[{"href":"https:\/\/anadolupet.com.tr\/en\/wp-json\/wp\/v2\/product\/44835","targetHints":{"allow":["GET"]}}],"collection":[{"href":"https:\/\/anadolupet.com.tr\/en\/wp-json\/wp\/v2\/product"}],"about":[{"href":"https:\/\/anadolupet.com.tr\/en\/wp-json\/wp\/v2\/types\/product"}],"replies":[{"embeddable":true,"href":"https:\/\/anadolupet.com.tr\/en\/wp-json\/wp\/v2\/comments?post=44835"}],"wp:featuredmedia":[{"embeddable":true,"href":"https:\/\/anadolupet.com.tr\/en\/wp-json\/wp\/v2\/media\/42808"}],"wp:attachment":[{"href":"https:\/\/anadolupet.com.tr\/en\/wp-json\/wp\/v2\/media?parent=44835"}],"wp:term":[{"taxonomy":"product_brand","embeddable":true,"href":"https:\/\/anadolupet.com.tr\/en\/wp-json\/wp\/v2\/product_brand?post=44835"},{"taxonomy":"product_cat","embeddable":true,"href":"https:\/\/anadolupet.com.tr\/en\/wp-json\/wp\/v2\/product_cat?post=44835"},{"taxonomy":"product_tag","embeddable":true,"href":"https:\/\/anadolupet.com.tr\/en\/wp-json\/wp\/v2\/product_tag?post=44835"}],"curies":[{"name":"wp","href":"https:\/\/api.w.org\/{rel}","templated":true}]}}