{"id":44837,"date":"2026-02-14T14:39:48","date_gmt":"2026-02-14T14:39:48","guid":{"rendered":"https:\/\/anadolupet.com.tr\/urun\/eheim-compact-on-12000-kafa-motoru\/"},"modified":"2026-02-23T12:48:01","modified_gmt":"2026-02-23T12:48:01","slug":"eheim-compact-on-12000-kafa-motoru","status":"publish","type":"product","link":"https:\/\/anadolupet.com.tr\/en\/urun\/eheim-compact-on-12000-kafa-motoru\/","title":{"rendered":"EHEIM Compact On 12000 Kafa Motoru"},"content":{"rendered":"","protected":false},"excerpt":{"rendered":"<p>EHEIM compactON serisi, kompakt tasar\u0131m\u0131yla g\u00fc\u00e7l\u00fc ve sessiz akvaryum pompalar\u0131 sunar. Tatl\u0131 ve tuzlu su akvaryumlar\u0131nda kullan\u0131labilir. 9 farkl\u0131 boyutta \u00fcretilen bu pompalar, 170 L\/h\u2019den 16.000 L\/h\u2019ye kadar geni\u015f bir debi aral\u0131\u011f\u0131na sahiptir.<\/p>\n<p>\u00d6ne \u00c7\u0131kan \u00d6zellikler<br \/>\nKompakt ve g\u00fc\u00e7l\u00fc tasar\u0131m<\/p>\n<p>Sessiz \u00e7al\u0131\u015fma i\u00e7in seramik mil ve yatak sistemi (\u00f6zellikle 2100 ve 3000 modellerinde)<\/p>\n<p>Tatl\u0131 ve tuzlu su akvaryumlar\u0131nda sorunsuz kullan\u0131m<\/p>\n<p>Enerji t\u00fcketimi \u00f6nceki serilere g\u00f6re %50\u2019ye kadar daha verimli<\/p>\n<p>Sa\u011flam vantuzlarla kolay sabitleme<\/p>\n<p>Aksesuar seti: emi\u015f sepeti ve di\u015fli ba\u011flant\u0131 dahil<\/p>\n<p>Y\u00fcksek g\u00fcvenlik standartlar\u0131: kal\u0131n kablo izolasyonu, toksik madde salmayan malzeme<\/p>\n<p>2100\u20135000 serisi su d\u0131\u015f\u0131nda da kullan\u0131labilir<\/p>","protected":false},"featured_media":42275,"comment_status":"open","ping_status":"closed","template":"","meta":{"_acf_changed":false},"product_brand":[],"product_cat":[2393],"product_tag":[],"class_list":{"0":"post-44837","1":"product","2":"type-product","3":"status-publish","4":"has-post-thumbnail","6":"product_cat-kafa-pompalari","8":"first","9":"instock","10":"shipping-taxable","11":"product-type-simple"},"acf":[],"yoast_head":"<!-- This site is optimized with the Yoast SEO plugin v27.5 - https:\/\/yoast.com\/product\/yoast-seo-wordpress\/ -->\n<title>EHEIM Compact On 12000 Kafa Motoru - Anadolu Pet Grup<\/title>\n<meta name=\"robots\" content=\"index, follow, max-snippet:-1, max-image-preview:large, max-video-preview:-1\" \/>\n<link rel=\"canonical\" href=\"https:\/\/anadolupet.com.tr\/en\/product\/eheim-compact-on-12000-kafa-motoru\/\" \/>\n<meta property=\"og:locale\" content=\"en_US\" \/>\n<meta property=\"og:type\" content=\"article\" \/>\n<meta property=\"og:title\" content=\"EHEIM Compact On 12000 Kafa Motoru - Anadolu Pet Grup\" \/>\n<meta property=\"og:description\" content=\"EHEIM compactON serisi, kompakt tasar\u0131m\u0131yla g\u00fc\u00e7l\u00fc ve sessiz akvaryum pompalar\u0131 sunar. Tatl\u0131 ve tuzlu su akvaryumlar\u0131nda kullan\u0131labilir. 9 farkl\u0131 boyutta \u00fcretilen bu pompalar, 170 L\/h\u2019den 16.000 L\/h\u2019ye kadar geni\u015f bir debi aral\u0131\u011f\u0131na sahiptir. \u00d6ne \u00c7\u0131kan \u00d6zellikler Kompakt ve g\u00fc\u00e7l\u00fc tasar\u0131m Sessiz \u00e7al\u0131\u015fma i\u00e7in seramik mil ve yatak sistemi (\u00f6zellikle 2100 ve 3000 modellerinde) Tatl\u0131 ve tuzlu su akvaryumlar\u0131nda sorunsuz kullan\u0131m Enerji t\u00fcketimi \u00f6nceki serilere g\u00f6re %50\u2019ye kadar daha verimli Sa\u011flam vantuzlarla kolay sabitleme Aksesuar seti: emi\u015f sepeti ve di\u015fli ba\u011flant\u0131 dahil Y\u00fcksek g\u00fcvenlik standartlar\u0131: kal\u0131n kablo izolasyonu, toksik madde salmayan malzeme 2100\u20135000 serisi su d\u0131\u015f\u0131nda da kullan\u0131labilir\" \/>\n<meta property=\"og:url\" content=\"https:\/\/anadolupet.com.tr\/en\/product\/eheim-compact-on-12000-kafa-motoru\/\" \/>\n<meta property=\"og:site_name\" content=\"Anadolu Pet Grup\" \/>\n<meta property=\"article:modified_time\" content=\"2026-02-23T12:48:01+00:00\" \/>\n<meta property=\"og:image\" content=\"https:\/\/anadolupet.com.tr\/wp-content\/uploads\/2026\/02\/105-1034220.jpg\" \/>\n\t<meta property=\"og:image:width\" content=\"750\" \/>\n\t<meta property=\"og:image:height\" content=\"750\" \/>\n\t<meta property=\"og:image:type\" content=\"image\/jpeg\" \/>\n<meta name=\"twitter:card\" content=\"summary_large_image\" \/>\n<script type=\"application\/ld+json\" class=\"yoast-schema-graph\">{\"@context\":\"https:\\\/\\\/schema.org\",\"@graph\":[{\"@type\":\"WebPage\",\"@id\":\"https:\\\/\\\/anadolupet.com.tr\\\/urun\\\/eheim-compact-on-12000-kafa-motoru\\\/\",\"url\":\"https:\\\/\\\/anadolupet.com.tr\\\/urun\\\/eheim-compact-on-12000-kafa-motoru\\\/\",\"name\":\"EHEIM Compact On 12000 Kafa Motoru - Anadolu Pet Grup\",\"isPartOf\":{\"@id\":\"https:\\\/\\\/anadolupet.com.tr\\\/#website\"},\"primaryImageOfPage\":{\"@id\":\"https:\\\/\\\/anadolupet.com.tr\\\/urun\\\/eheim-compact-on-12000-kafa-motoru\\\/#primaryimage\"},\"image\":{\"@id\":\"https:\\\/\\\/anadolupet.com.tr\\\/urun\\\/eheim-compact-on-12000-kafa-motoru\\\/#primaryimage\"},\"thumbnailUrl\":\"https:\\\/\\\/anadolupet.com.tr\\\/wp-content\\\/uploads\\\/2026\\\/02\\\/105-1034220.jpg\",\"datePublished\":\"2026-02-14T14:39:48+00:00\",\"dateModified\":\"2026-02-23T12:48:01+00:00\",\"breadcrumb\":{\"@id\":\"https:\\\/\\\/anadolupet.com.tr\\\/urun\\\/eheim-compact-on-12000-kafa-motoru\\\/#breadcrumb\"},\"inLanguage\":\"en-US\",\"potentialAction\":[{\"@type\":\"ReadAction\",\"target\":[\"https:\\\/\\\/anadolupet.com.tr\\\/urun\\\/eheim-compact-on-12000-kafa-motoru\\\/\"]}]},{\"@type\":\"ImageObject\",\"inLanguage\":\"en-US\",\"@id\":\"https:\\\/\\\/anadolupet.com.tr\\\/urun\\\/eheim-compact-on-12000-kafa-motoru\\\/#primaryimage\",\"url\":\"https:\\\/\\\/anadolupet.com.tr\\\/wp-content\\\/uploads\\\/2026\\\/02\\\/105-1034220.jpg\",\"contentUrl\":\"https:\\\/\\\/anadolupet.com.tr\\\/wp-content\\\/uploads\\\/2026\\\/02\\\/105-1034220.jpg\",\"width\":750,\"height\":750},{\"@type\":\"BreadcrumbList\",\"@id\":\"https:\\\/\\\/anadolupet.com.tr\\\/urun\\\/eheim-compact-on-12000-kafa-motoru\\\/#breadcrumb\",\"itemListElement\":[{\"@type\":\"ListItem\",\"position\":1,\"name\":\"Anasayfa\",\"item\":\"https:\\\/\\\/anadolupet.com.tr\\\/\"},{\"@type\":\"ListItem\",\"position\":2,\"name\":\"\u00dcr\u00fcnler\",\"item\":\"https:\\\/\\\/anadolupet.com.tr\\\/urunler\\\/\"},{\"@type\":\"ListItem\",\"position\":3,\"name\":\"EHEIM Compact On 12000 Kafa Motoru\"}]},{\"@type\":\"WebSite\",\"@id\":\"https:\\\/\\\/anadolupet.com.tr\\\/#website\",\"url\":\"https:\\\/\\\/anadolupet.com.tr\\\/\",\"name\":\"Anadolu Pet Grup\",\"description\":\"Her Can\u0131n \u0130yi Ya\u015fam\u0131 \u0130\u00e7in Biraraday\u0131z\",\"publisher\":{\"@id\":\"https:\\\/\\\/anadolupet.com.tr\\\/#organization\"},\"potentialAction\":[{\"@type\":\"SearchAction\",\"target\":{\"@type\":\"EntryPoint\",\"urlTemplate\":\"https:\\\/\\\/anadolupet.com.tr\\\/?s={search_term_string}\"},\"query-input\":{\"@type\":\"PropertyValueSpecification\",\"valueRequired\":true,\"valueName\":\"search_term_string\"}}],\"inLanguage\":\"en-US\"},{\"@type\":\"Organization\",\"@id\":\"https:\\\/\\\/anadolupet.com.tr\\\/#organization\",\"name\":\"Anadolu Pet Grup\",\"alternateName\":\"Anadolu Pet\",\"url\":\"https:\\\/\\\/anadolupet.com.tr\\\/\",\"logo\":{\"@type\":\"ImageObject\",\"inLanguage\":\"en-US\",\"@id\":\"https:\\\/\\\/anadolupet.com.tr\\\/#\\\/schema\\\/logo\\\/image\\\/\",\"url\":\"https:\\\/\\\/anadolupet.com.tr\\\/wp-content\\\/uploads\\\/2026\\\/03\\\/1614666743370.jpg\",\"contentUrl\":\"https:\\\/\\\/anadolupet.com.tr\\\/wp-content\\\/uploads\\\/2026\\\/03\\\/1614666743370.jpg\",\"width\":800,\"height\":571,\"caption\":\"Anadolu Pet Grup\"},\"image\":{\"@id\":\"https:\\\/\\\/anadolupet.com.tr\\\/#\\\/schema\\\/logo\\\/image\\\/\"}}]}<\/script>\n<!-- \/ Yoast SEO plugin. -->","yoast_head_json":{"title":"EHEIM Compact On 12000 Kafa Motoru - Anadolu Pet Grup","robots":{"index":"index","follow":"follow","max-snippet":"max-snippet:-1","max-image-preview":"max-image-preview:large","max-video-preview":"max-video-preview:-1"},"canonical":"https:\/\/anadolupet.com.tr\/en\/product\/eheim-compact-on-12000-kafa-motoru\/","og_locale":"en_US","og_type":"article","og_title":"EHEIM Compact On 12000 Kafa Motoru - Anadolu Pet Grup","og_description":"EHEIM compactON serisi, kompakt tasar\u0131m\u0131yla g\u00fc\u00e7l\u00fc ve sessiz akvaryum pompalar\u0131 sunar. Tatl\u0131 ve tuzlu su akvaryumlar\u0131nda kullan\u0131labilir. 9 farkl\u0131 boyutta \u00fcretilen bu pompalar, 170 L\/h\u2019den 16.000 L\/h\u2019ye kadar geni\u015f bir debi aral\u0131\u011f\u0131na sahiptir. \u00d6ne \u00c7\u0131kan \u00d6zellikler Kompakt ve g\u00fc\u00e7l\u00fc tasar\u0131m Sessiz \u00e7al\u0131\u015fma i\u00e7in seramik mil ve yatak sistemi (\u00f6zellikle 2100 ve 3000 modellerinde) Tatl\u0131 ve tuzlu su akvaryumlar\u0131nda sorunsuz kullan\u0131m Enerji t\u00fcketimi \u00f6nceki serilere g\u00f6re %50\u2019ye kadar daha verimli Sa\u011flam vantuzlarla kolay sabitleme Aksesuar seti: emi\u015f sepeti ve di\u015fli ba\u011flant\u0131 dahil Y\u00fcksek g\u00fcvenlik standartlar\u0131: kal\u0131n kablo izolasyonu, toksik madde salmayan malzeme 2100\u20135000 serisi su d\u0131\u015f\u0131nda da kullan\u0131labilir","og_url":"https:\/\/anadolupet.com.tr\/en\/product\/eheim-compact-on-12000-kafa-motoru\/","og_site_name":"Anadolu Pet Grup","article_modified_time":"2026-02-23T12:48:01+00:00","og_image":[{"width":750,"height":750,"url":"https:\/\/anadolupet.com.tr\/wp-content\/uploads\/2026\/02\/105-1034220.jpg","type":"image\/jpeg"}],"twitter_card":"summary_large_image","schema":{"@context":"https:\/\/schema.org","@graph":[{"@type":"WebPage","@id":"https:\/\/anadolupet.com.tr\/urun\/eheim-compact-on-12000-kafa-motoru\/","url":"https:\/\/anadolupet.com.tr\/urun\/eheim-compact-on-12000-kafa-motoru\/","name":"EHEIM Compact On 12000 Kafa Motoru - Anadolu Pet Grup","isPartOf":{"@id":"https:\/\/anadolupet.com.tr\/#website"},"primaryImageOfPage":{"@id":"https:\/\/anadolupet.com.tr\/urun\/eheim-compact-on-12000-kafa-motoru\/#primaryimage"},"image":{"@id":"https:\/\/anadolupet.com.tr\/urun\/eheim-compact-on-12000-kafa-motoru\/#primaryimage"},"thumbnailUrl":"https:\/\/anadolupet.com.tr\/wp-content\/uploads\/2026\/02\/105-1034220.jpg","datePublished":"2026-02-14T14:39:48+00:00","dateModified":"2026-02-23T12:48:01+00:00","breadcrumb":{"@id":"https:\/\/anadolupet.com.tr\/urun\/eheim-compact-on-12000-kafa-motoru\/#breadcrumb"},"inLanguage":"en-US","potentialAction":[{"@type":"ReadAction","target":["https:\/\/anadolupet.com.tr\/urun\/eheim-compact-on-12000-kafa-motoru\/"]}]},{"@type":"ImageObject","inLanguage":"en-US","@id":"https:\/\/anadolupet.com.tr\/urun\/eheim-compact-on-12000-kafa-motoru\/#primaryimage","url":"https:\/\/anadolupet.com.tr\/wp-content\/uploads\/2026\/02\/105-1034220.jpg","contentUrl":"https:\/\/anadolupet.com.tr\/wp-content\/uploads\/2026\/02\/105-1034220.jpg","width":750,"height":750},{"@type":"BreadcrumbList","@id":"https:\/\/anadolupet.com.tr\/urun\/eheim-compact-on-12000-kafa-motoru\/#breadcrumb","itemListElement":[{"@type":"ListItem","position":1,"name":"Anasayfa","item":"https:\/\/anadolupet.com.tr\/"},{"@type":"ListItem","position":2,"name":"\u00dcr\u00fcnler","item":"https:\/\/anadolupet.com.tr\/urunler\/"},{"@type":"ListItem","position":3,"name":"EHEIM Compact On 12000 Kafa Motoru"}]},{"@type":"WebSite","@id":"https:\/\/anadolupet.com.tr\/#website","url":"https:\/\/anadolupet.com.tr\/","name":"Anadolu Pet Group","description":"We Stand Together for the Well-Being of Every Life","publisher":{"@id":"https:\/\/anadolupet.com.tr\/#organization"},"potentialAction":[{"@type":"SearchAction","target":{"@type":"EntryPoint","urlTemplate":"https:\/\/anadolupet.com.tr\/?s={search_term_string}"},"query-input":{"@type":"PropertyValueSpecification","valueRequired":true,"valueName":"search_term_string"}}],"inLanguage":"en-US"},{"@type":"Organization","@id":"https:\/\/anadolupet.com.tr\/#organization","name":"Anadolu Pet Group","alternateName":"Anadolu Pet","url":"https:\/\/anadolupet.com.tr\/","logo":{"@type":"ImageObject","inLanguage":"en-US","@id":"https:\/\/anadolupet.com.tr\/#\/schema\/logo\/image\/","url":"https:\/\/anadolupet.com.tr\/wp-content\/uploads\/2026\/03\/1614666743370.jpg","contentUrl":"https:\/\/anadolupet.com.tr\/wp-content\/uploads\/2026\/03\/1614666743370.jpg","width":800,"height":571,"caption":"Anadolu Pet Grup"},"image":{"@id":"https:\/\/anadolupet.com.tr\/#\/schema\/logo\/image\/"}}]}},"_links":{"self":[{"href":"https:\/\/anadolupet.com.tr\/en\/wp-json\/wp\/v2\/product\/44837","targetHints":{"allow":["GET"]}}],"collection":[{"href":"https:\/\/anadolupet.com.tr\/en\/wp-json\/wp\/v2\/product"}],"about":[{"href":"https:\/\/anadolupet.com.tr\/en\/wp-json\/wp\/v2\/types\/product"}],"replies":[{"embeddable":true,"href":"https:\/\/anadolupet.com.tr\/en\/wp-json\/wp\/v2\/comments?post=44837"}],"wp:featuredmedia":[{"embeddable":true,"href":"https:\/\/anadolupet.com.tr\/en\/wp-json\/wp\/v2\/media\/42275"}],"wp:attachment":[{"href":"https:\/\/anadolupet.com.tr\/en\/wp-json\/wp\/v2\/media?parent=44837"}],"wp:term":[{"taxonomy":"product_brand","embeddable":true,"href":"https:\/\/anadolupet.com.tr\/en\/wp-json\/wp\/v2\/product_brand?post=44837"},{"taxonomy":"product_cat","embeddable":true,"href":"https:\/\/anadolupet.com.tr\/en\/wp-json\/wp\/v2\/product_cat?post=44837"},{"taxonomy":"product_tag","embeddable":true,"href":"https:\/\/anadolupet.com.tr\/en\/wp-json\/wp\/v2\/product_tag?post=44837"}],"curies":[{"name":"wp","href":"https:\/\/api.w.org\/{rel}","templated":true}]}}