{"id":44848,"date":"2026-02-14T14:39:50","date_gmt":"2026-02-14T14:39:50","guid":{"rendered":"https:\/\/anadolupet.com.tr\/?post_type=product&#038;p=44848"},"modified":"2026-02-23T12:48:02","modified_gmt":"2026-02-23T12:48:02","slug":"eheim-dis-filtre-media-set-2080","status":"publish","type":"product","link":"https:\/\/anadolupet.com.tr\/en\/urun\/eheim-dis-filtre-media-set-2080\/","title":{"rendered":"EHEIM D\u0131\u015f Filtre Media Set (2080)"},"content":{"rendered":"","protected":false},"excerpt":{"rendered":"<p>EHEIM filtre malzemeleri, kendi laboratuvarlar\u0131m\u0131zda geli\u015ftirilmi\u015f, en kaliteli hammaddelerden \u00fcretilmi\u015f ve s\u00fcrekli kontrol edilerek zararl\u0131 maddelerden ar\u0131nd\u0131r\u0131lm\u0131\u015f profesyonel \u00e7\u00f6z\u00fcmlerdir. Akvaryumunuzda mekanik, biyolojik ve kimyasal filtrasyon i\u00e7in en uygun se\u00e7enekleri sunar.<br \/>\nEHEIM \u0130nce ve Kal\u0131n Filtre Pedleri \u2013 Mekanik &#038; Biyolojik Filtrasyon<br \/>\n\u00dcr\u00fcn A\u00e7\u0131klamas\u0131: G\u00f6zenekli yap\u0131s\u0131 sayesinde suyun e\u015fit \u015fekilde s\u00fcz\u00fclmesini sa\u011flar ve hem b\u00fcy\u00fck hem k\u00fc\u00e7\u00fck kir par\u00e7ac\u0131klar\u0131n\u0131 yakalar. K\u0131sa bir kullan\u0131m s\u00fcresinden sonra \u00f6zel yap\u0131l\u0131 k\u00f6p\u00fck y\u00fczeyinde yararl\u0131 bakteriler kolonile\u015fir ve zararl\u0131 maddelerin biyolojik olarak par\u00e7alanmas\u0131na katk\u0131da bulunur.<br \/>\n\u00d6ne \u00c7\u0131kan \u00d6zellikler:<br \/>\nG\u00f6zenekli yap\u0131 ile kir par\u00e7ac\u0131klar\u0131n\u0131 etkili \u015fekilde tutar<br \/>\nYararl\u0131 bakteriler i\u00e7in ideal kolonile\u015fme y\u00fczeyi<br \/>\nDefalarca kullan\u0131labilir<br \/>\nTemizlik i\u00e7in sadece durulay\u0131p s\u0131kmak yeterlidir<br \/>\nEHEIM MECH \u2013 Seramik Halka \u00d6n Filtre Malzemesi<br \/>\n\u00dcr\u00fcn A\u00e7\u0131klamas\u0131: EHEIM MECH, akvaryum filtrenizin ilk a\u015famas\u0131nda b\u00fcy\u00fck kir par\u00e7ac\u0131klar\u0131n\u0131 yakalamak i\u00e7in tasarlanm\u0131\u015f seramik halka filtre malzemesidir. Su, i\u00e7i bo\u015f seramik halkalardan ge\u00e7erken girdap olu\u015fturur ve b\u00fcy\u00fck kir par\u00e7ac\u0131klar\u0131 dibe \u00e7\u00f6ker. \u00d6n filtrelenmi\u015f su daha sonra di\u011fer filtre katmanlar\u0131na y\u00f6nlendirilir.<br \/>\n\u00d6ne \u00c7\u0131kan \u00d6zellikler:<br \/>\nB\u00fcy\u00fck kir par\u00e7ac\u0131klar\u0131 i\u00e7in \u00f6n filtrasyon<br \/>\n\u0130\u00e7i bo\u015f seramik halka yap\u0131s\u0131<br \/>\nKolay temizlenebilir ve tekrar kullan\u0131labilir<br \/>\nTatl\u0131 ve tuzlu su akvaryumlar\u0131nda kullan\u0131labilir<br \/>\nEHEIM SUBSTRATpro \u2013 Optimize Edilmi\u015f Biyolojik Filtre Malzemesi<br \/>\n\u00dcr\u00fcn A\u00e7\u0131klamas\u0131: EHEIM SUBSTRATpro, akvaryum filtrenizde maksimum hacim kullan\u0131m\u0131, uzun temizlik aral\u0131klar\u0131 ve \u00fcst\u00fcn biyolojik par\u00e7alanma performans\u0131 sunar. \u0130nci \u015feklindeki sinterlenmi\u015f cam yap\u0131s\u0131 sayesinde filtre hacminin tamam\u0131 etkin \u015fekilde kullan\u0131l\u0131r. K\u00fcresel y\u00fczey, yararl\u0131 bakterilerin yo\u011fun kolonile\u015fmesini sa\u011flar.<br \/>\nYo\u011fun bakteri kolonileri sayesinde nitrit pikleri daha kolay azalt\u0131l\u0131r ve filtre malzemesinin bak\u0131m aral\u0131klar\u0131 uzar. Tatl\u0131 su ve deniz suyu akvaryumlar\u0131nda kullan\u0131labilir, dikkatli \u015fekilde y\u0131kand\u0131\u011f\u0131nda defalarca tekrar kullan\u0131labilir.<br \/>\n\u00d6ne \u00c7\u0131kan \u00d6zellikler:<br \/>\nOptimize edilmi\u015f sinterlenmi\u015f cam yap\u0131s\u0131<br \/>\nK\u00fcresel form ile y\u00fcksek yo\u011funluk ve hacim kullan\u0131m\u0131<br \/>\nYo\u011fun bakteri kolonisi ile g\u00fc\u00e7l\u00fc biyolojik filtrasyon<br \/>\nNitrit y\u00fcklerini daha kolay azalt\u0131r<br \/>\nUzun bak\u0131m aral\u0131klar\u0131 sa\u011flar<br \/>\nTekrar kullan\u0131labilir<br \/>\nTatl\u0131 ve tuzlu su akvaryumlar\u0131nda kullan\u0131labilir<\/p>","protected":false},"featured_media":42364,"comment_status":"open","ping_status":"closed","template":"","meta":{"_acf_changed":false},"product_brand":[],"product_cat":[2399],"product_tag":[],"class_list":{"0":"post-44848","1":"product","2":"type-product","3":"status-publish","4":"has-post-thumbnail","6":"product_cat-media-setler","8":"first","9":"instock","10":"shipping-taxable","11":"product-type-simple"},"acf":[],"yoast_head":"<!-- This site is optimized with the Yoast SEO plugin v27.4 - https:\/\/yoast.com\/product\/yoast-seo-wordpress\/ -->\n<title>EHEIM D\u0131\u015f Filtre Media Set (2080) - Anadolu Pet Grup<\/title>\n<meta name=\"robots\" content=\"index, follow, max-snippet:-1, max-image-preview:large, max-video-preview:-1\" \/>\n<link rel=\"canonical\" href=\"https:\/\/anadolupet.com.tr\/en\/product\/eheim-dis-filtre-media-set-2080\/\" \/>\n<meta property=\"og:locale\" content=\"en_US\" \/>\n<meta property=\"og:type\" content=\"article\" \/>\n<meta property=\"og:title\" content=\"EHEIM D\u0131\u015f Filtre Media Set (2080) - Anadolu Pet Grup\" \/>\n<meta property=\"og:description\" content=\"EHEIM filtre malzemeleri, kendi laboratuvarlar\u0131m\u0131zda geli\u015ftirilmi\u015f, en kaliteli hammaddelerden \u00fcretilmi\u015f ve s\u00fcrekli kontrol edilerek zararl\u0131 maddelerden ar\u0131nd\u0131r\u0131lm\u0131\u015f profesyonel \u00e7\u00f6z\u00fcmlerdir. Akvaryumunuzda mekanik, biyolojik ve kimyasal filtrasyon i\u00e7in en uygun se\u00e7enekleri sunar. EHEIM \u0130nce ve Kal\u0131n Filtre Pedleri \u2013 Mekanik &amp; Biyolojik Filtrasyon \u00dcr\u00fcn A\u00e7\u0131klamas\u0131: G\u00f6zenekli yap\u0131s\u0131 sayesinde suyun e\u015fit \u015fekilde s\u00fcz\u00fclmesini sa\u011flar ve hem b\u00fcy\u00fck hem k\u00fc\u00e7\u00fck kir par\u00e7ac\u0131klar\u0131n\u0131 yakalar. K\u0131sa bir kullan\u0131m s\u00fcresinden sonra \u00f6zel yap\u0131l\u0131 k\u00f6p\u00fck y\u00fczeyinde yararl\u0131 bakteriler kolonile\u015fir ve zararl\u0131 maddelerin biyolojik olarak par\u00e7alanmas\u0131na katk\u0131da bulunur. \u00d6ne \u00c7\u0131kan \u00d6zellikler: G\u00f6zenekli yap\u0131 ile kir par\u00e7ac\u0131klar\u0131n\u0131 etkili \u015fekilde tutar Yararl\u0131 bakteriler i\u00e7in ideal kolonile\u015fme y\u00fczeyi Defalarca kullan\u0131labilir Temizlik i\u00e7in sadece durulay\u0131p s\u0131kmak yeterlidir EHEIM MECH \u2013 Seramik Halka \u00d6n Filtre Malzemesi \u00dcr\u00fcn A\u00e7\u0131klamas\u0131: EHEIM MECH, akvaryum filtrenizin ilk a\u015famas\u0131nda b\u00fcy\u00fck kir par\u00e7ac\u0131klar\u0131n\u0131 yakalamak i\u00e7in tasarlanm\u0131\u015f seramik halka filtre malzemesidir. Su, i\u00e7i bo\u015f seramik halkalardan ge\u00e7erken girdap olu\u015fturur ve b\u00fcy\u00fck kir par\u00e7ac\u0131klar\u0131 dibe \u00e7\u00f6ker. \u00d6n filtrelenmi\u015f su daha sonra di\u011fer filtre katmanlar\u0131na y\u00f6nlendirilir. \u00d6ne \u00c7\u0131kan \u00d6zellikler: B\u00fcy\u00fck kir par\u00e7ac\u0131klar\u0131 i\u00e7in \u00f6n filtrasyon \u0130\u00e7i bo\u015f seramik halka yap\u0131s\u0131 Kolay temizlenebilir ve tekrar kullan\u0131labilir Tatl\u0131 ve tuzlu su akvaryumlar\u0131nda kullan\u0131labilir EHEIM SUBSTRATpro \u2013 Optimize Edilmi\u015f Biyolojik Filtre Malzemesi \u00dcr\u00fcn A\u00e7\u0131klamas\u0131: EHEIM SUBSTRATpro, akvaryum filtrenizde maksimum hacim kullan\u0131m\u0131, uzun temizlik aral\u0131klar\u0131 ve \u00fcst\u00fcn biyolojik par\u00e7alanma performans\u0131 sunar. \u0130nci \u015feklindeki sinterlenmi\u015f cam yap\u0131s\u0131 sayesinde filtre hacminin tamam\u0131 etkin \u015fekilde kullan\u0131l\u0131r. K\u00fcresel y\u00fczey, yararl\u0131 bakterilerin yo\u011fun kolonile\u015fmesini sa\u011flar. Yo\u011fun bakteri kolonileri sayesinde nitrit pikleri daha kolay azalt\u0131l\u0131r ve filtre malzemesinin bak\u0131m aral\u0131klar\u0131 uzar. Tatl\u0131 su ve deniz suyu akvaryumlar\u0131nda kullan\u0131labilir, dikkatli \u015fekilde y\u0131kand\u0131\u011f\u0131nda defalarca tekrar kullan\u0131labilir. \u00d6ne \u00c7\u0131kan \u00d6zellikler: Optimize edilmi\u015f sinterlenmi\u015f cam yap\u0131s\u0131 K\u00fcresel form ile y\u00fcksek yo\u011funluk ve hacim kullan\u0131m\u0131 Yo\u011fun bakteri kolonisi ile g\u00fc\u00e7l\u00fc biyolojik filtrasyon Nitrit y\u00fcklerini daha kolay azalt\u0131r Uzun bak\u0131m aral\u0131klar\u0131 sa\u011flar Tekrar kullan\u0131labilir Tatl\u0131 ve tuzlu su akvaryumlar\u0131nda kullan\u0131labilir\" \/>\n<meta property=\"og:url\" content=\"https:\/\/anadolupet.com.tr\/en\/product\/eheim-dis-filtre-media-set-2080\/\" \/>\n<meta property=\"og:site_name\" content=\"Anadolu Pet Grup\" \/>\n<meta property=\"article:modified_time\" content=\"2026-02-23T12:48:02+00:00\" \/>\n<meta property=\"og:image\" content=\"https:\/\/anadolupet.com.tr\/wp-content\/uploads\/2026\/02\/105-2520800.jpg\" \/>\n\t<meta property=\"og:image:width\" content=\"750\" \/>\n\t<meta property=\"og:image:height\" content=\"750\" \/>\n\t<meta property=\"og:image:type\" content=\"image\/jpeg\" \/>\n<meta name=\"twitter:card\" content=\"summary_large_image\" \/>\n<script type=\"application\/ld+json\" class=\"yoast-schema-graph\">{\"@context\":\"https:\\\/\\\/schema.org\",\"@graph\":[{\"@type\":\"WebPage\",\"@id\":\"https:\\\/\\\/anadolupet.com.tr\\\/urun\\\/eheim-dis-filtre-media-set-2080\\\/\",\"url\":\"https:\\\/\\\/anadolupet.com.tr\\\/urun\\\/eheim-dis-filtre-media-set-2080\\\/\",\"name\":\"EHEIM D\u0131\u015f Filtre Media Set (2080) - Anadolu Pet Grup\",\"isPartOf\":{\"@id\":\"https:\\\/\\\/anadolupet.com.tr\\\/#website\"},\"primaryImageOfPage\":{\"@id\":\"https:\\\/\\\/anadolupet.com.tr\\\/urun\\\/eheim-dis-filtre-media-set-2080\\\/#primaryimage\"},\"image\":{\"@id\":\"https:\\\/\\\/anadolupet.com.tr\\\/urun\\\/eheim-dis-filtre-media-set-2080\\\/#primaryimage\"},\"thumbnailUrl\":\"https:\\\/\\\/anadolupet.com.tr\\\/wp-content\\\/uploads\\\/2026\\\/02\\\/105-2520800.jpg\",\"datePublished\":\"2026-02-14T14:39:50+00:00\",\"dateModified\":\"2026-02-23T12:48:02+00:00\",\"breadcrumb\":{\"@id\":\"https:\\\/\\\/anadolupet.com.tr\\\/urun\\\/eheim-dis-filtre-media-set-2080\\\/#breadcrumb\"},\"inLanguage\":\"en-US\",\"potentialAction\":[{\"@type\":\"ReadAction\",\"target\":[\"https:\\\/\\\/anadolupet.com.tr\\\/urun\\\/eheim-dis-filtre-media-set-2080\\\/\"]}]},{\"@type\":\"ImageObject\",\"inLanguage\":\"en-US\",\"@id\":\"https:\\\/\\\/anadolupet.com.tr\\\/urun\\\/eheim-dis-filtre-media-set-2080\\\/#primaryimage\",\"url\":\"https:\\\/\\\/anadolupet.com.tr\\\/wp-content\\\/uploads\\\/2026\\\/02\\\/105-2520800.jpg\",\"contentUrl\":\"https:\\\/\\\/anadolupet.com.tr\\\/wp-content\\\/uploads\\\/2026\\\/02\\\/105-2520800.jpg\",\"width\":750,\"height\":750},{\"@type\":\"BreadcrumbList\",\"@id\":\"https:\\\/\\\/anadolupet.com.tr\\\/urun\\\/eheim-dis-filtre-media-set-2080\\\/#breadcrumb\",\"itemListElement\":[{\"@type\":\"ListItem\",\"position\":1,\"name\":\"Anasayfa\",\"item\":\"https:\\\/\\\/anadolupet.com.tr\\\/\"},{\"@type\":\"ListItem\",\"position\":2,\"name\":\"\u00dcr\u00fcnler\",\"item\":\"https:\\\/\\\/anadolupet.com.tr\\\/urunler\\\/\"},{\"@type\":\"ListItem\",\"position\":3,\"name\":\"EHEIM D\u0131\u015f Filtre Media Set (2080)\"}]},{\"@type\":\"WebSite\",\"@id\":\"https:\\\/\\\/anadolupet.com.tr\\\/#website\",\"url\":\"https:\\\/\\\/anadolupet.com.tr\\\/\",\"name\":\"Anadolu Pet Grup\",\"description\":\"Her Can\u0131n \u0130yi Ya\u015fam\u0131 \u0130\u00e7in Biraraday\u0131z\",\"publisher\":{\"@id\":\"https:\\\/\\\/anadolupet.com.tr\\\/#organization\"},\"potentialAction\":[{\"@type\":\"SearchAction\",\"target\":{\"@type\":\"EntryPoint\",\"urlTemplate\":\"https:\\\/\\\/anadolupet.com.tr\\\/?s={search_term_string}\"},\"query-input\":{\"@type\":\"PropertyValueSpecification\",\"valueRequired\":true,\"valueName\":\"search_term_string\"}}],\"inLanguage\":\"en-US\"},{\"@type\":\"Organization\",\"@id\":\"https:\\\/\\\/anadolupet.com.tr\\\/#organization\",\"name\":\"Anadolu Pet Grup\",\"alternateName\":\"Anadolu Pet\",\"url\":\"https:\\\/\\\/anadolupet.com.tr\\\/\",\"logo\":{\"@type\":\"ImageObject\",\"inLanguage\":\"en-US\",\"@id\":\"https:\\\/\\\/anadolupet.com.tr\\\/#\\\/schema\\\/logo\\\/image\\\/\",\"url\":\"https:\\\/\\\/anadolupet.com.tr\\\/wp-content\\\/uploads\\\/2026\\\/03\\\/1614666743370.jpg\",\"contentUrl\":\"https:\\\/\\\/anadolupet.com.tr\\\/wp-content\\\/uploads\\\/2026\\\/03\\\/1614666743370.jpg\",\"width\":800,\"height\":571,\"caption\":\"Anadolu Pet Grup\"},\"image\":{\"@id\":\"https:\\\/\\\/anadolupet.com.tr\\\/#\\\/schema\\\/logo\\\/image\\\/\"}}]}<\/script>\n<!-- \/ Yoast SEO plugin. -->","yoast_head_json":{"title":"EHEIM D\u0131\u015f Filtre Media Set (2080) - Anadolu Pet Grup","robots":{"index":"index","follow":"follow","max-snippet":"max-snippet:-1","max-image-preview":"max-image-preview:large","max-video-preview":"max-video-preview:-1"},"canonical":"https:\/\/anadolupet.com.tr\/en\/product\/eheim-dis-filtre-media-set-2080\/","og_locale":"en_US","og_type":"article","og_title":"EHEIM D\u0131\u015f Filtre Media Set (2080) - Anadolu Pet Grup","og_description":"EHEIM filtre malzemeleri, kendi laboratuvarlar\u0131m\u0131zda geli\u015ftirilmi\u015f, en kaliteli hammaddelerden \u00fcretilmi\u015f ve s\u00fcrekli kontrol edilerek zararl\u0131 maddelerden ar\u0131nd\u0131r\u0131lm\u0131\u015f profesyonel \u00e7\u00f6z\u00fcmlerdir. Akvaryumunuzda mekanik, biyolojik ve kimyasal filtrasyon i\u00e7in en uygun se\u00e7enekleri sunar. EHEIM \u0130nce ve Kal\u0131n Filtre Pedleri \u2013 Mekanik & Biyolojik Filtrasyon \u00dcr\u00fcn A\u00e7\u0131klamas\u0131: G\u00f6zenekli yap\u0131s\u0131 sayesinde suyun e\u015fit \u015fekilde s\u00fcz\u00fclmesini sa\u011flar ve hem b\u00fcy\u00fck hem k\u00fc\u00e7\u00fck kir par\u00e7ac\u0131klar\u0131n\u0131 yakalar. K\u0131sa bir kullan\u0131m s\u00fcresinden sonra \u00f6zel yap\u0131l\u0131 k\u00f6p\u00fck y\u00fczeyinde yararl\u0131 bakteriler kolonile\u015fir ve zararl\u0131 maddelerin biyolojik olarak par\u00e7alanmas\u0131na katk\u0131da bulunur. \u00d6ne \u00c7\u0131kan \u00d6zellikler: G\u00f6zenekli yap\u0131 ile kir par\u00e7ac\u0131klar\u0131n\u0131 etkili \u015fekilde tutar Yararl\u0131 bakteriler i\u00e7in ideal kolonile\u015fme y\u00fczeyi Defalarca kullan\u0131labilir Temizlik i\u00e7in sadece durulay\u0131p s\u0131kmak yeterlidir EHEIM MECH \u2013 Seramik Halka \u00d6n Filtre Malzemesi \u00dcr\u00fcn A\u00e7\u0131klamas\u0131: EHEIM MECH, akvaryum filtrenizin ilk a\u015famas\u0131nda b\u00fcy\u00fck kir par\u00e7ac\u0131klar\u0131n\u0131 yakalamak i\u00e7in tasarlanm\u0131\u015f seramik halka filtre malzemesidir. Su, i\u00e7i bo\u015f seramik halkalardan ge\u00e7erken girdap olu\u015fturur ve b\u00fcy\u00fck kir par\u00e7ac\u0131klar\u0131 dibe \u00e7\u00f6ker. \u00d6n filtrelenmi\u015f su daha sonra di\u011fer filtre katmanlar\u0131na y\u00f6nlendirilir. \u00d6ne \u00c7\u0131kan \u00d6zellikler: B\u00fcy\u00fck kir par\u00e7ac\u0131klar\u0131 i\u00e7in \u00f6n filtrasyon \u0130\u00e7i bo\u015f seramik halka yap\u0131s\u0131 Kolay temizlenebilir ve tekrar kullan\u0131labilir Tatl\u0131 ve tuzlu su akvaryumlar\u0131nda kullan\u0131labilir EHEIM SUBSTRATpro \u2013 Optimize Edilmi\u015f Biyolojik Filtre Malzemesi \u00dcr\u00fcn A\u00e7\u0131klamas\u0131: EHEIM SUBSTRATpro, akvaryum filtrenizde maksimum hacim kullan\u0131m\u0131, uzun temizlik aral\u0131klar\u0131 ve \u00fcst\u00fcn biyolojik par\u00e7alanma performans\u0131 sunar. \u0130nci \u015feklindeki sinterlenmi\u015f cam yap\u0131s\u0131 sayesinde filtre hacminin tamam\u0131 etkin \u015fekilde kullan\u0131l\u0131r. K\u00fcresel y\u00fczey, yararl\u0131 bakterilerin yo\u011fun kolonile\u015fmesini sa\u011flar. Yo\u011fun bakteri kolonileri sayesinde nitrit pikleri daha kolay azalt\u0131l\u0131r ve filtre malzemesinin bak\u0131m aral\u0131klar\u0131 uzar. Tatl\u0131 su ve deniz suyu akvaryumlar\u0131nda kullan\u0131labilir, dikkatli \u015fekilde y\u0131kand\u0131\u011f\u0131nda defalarca tekrar kullan\u0131labilir. \u00d6ne \u00c7\u0131kan \u00d6zellikler: Optimize edilmi\u015f sinterlenmi\u015f cam yap\u0131s\u0131 K\u00fcresel form ile y\u00fcksek yo\u011funluk ve hacim kullan\u0131m\u0131 Yo\u011fun bakteri kolonisi ile g\u00fc\u00e7l\u00fc biyolojik filtrasyon Nitrit y\u00fcklerini daha kolay azalt\u0131r Uzun bak\u0131m aral\u0131klar\u0131 sa\u011flar Tekrar kullan\u0131labilir Tatl\u0131 ve tuzlu su akvaryumlar\u0131nda kullan\u0131labilir","og_url":"https:\/\/anadolupet.com.tr\/en\/product\/eheim-dis-filtre-media-set-2080\/","og_site_name":"Anadolu Pet Grup","article_modified_time":"2026-02-23T12:48:02+00:00","og_image":[{"width":750,"height":750,"url":"https:\/\/anadolupet.com.tr\/wp-content\/uploads\/2026\/02\/105-2520800.jpg","type":"image\/jpeg"}],"twitter_card":"summary_large_image","schema":{"@context":"https:\/\/schema.org","@graph":[{"@type":"WebPage","@id":"https:\/\/anadolupet.com.tr\/urun\/eheim-dis-filtre-media-set-2080\/","url":"https:\/\/anadolupet.com.tr\/urun\/eheim-dis-filtre-media-set-2080\/","name":"EHEIM D\u0131\u015f Filtre Media Set (2080) - Anadolu Pet Grup","isPartOf":{"@id":"https:\/\/anadolupet.com.tr\/#website"},"primaryImageOfPage":{"@id":"https:\/\/anadolupet.com.tr\/urun\/eheim-dis-filtre-media-set-2080\/#primaryimage"},"image":{"@id":"https:\/\/anadolupet.com.tr\/urun\/eheim-dis-filtre-media-set-2080\/#primaryimage"},"thumbnailUrl":"https:\/\/anadolupet.com.tr\/wp-content\/uploads\/2026\/02\/105-2520800.jpg","datePublished":"2026-02-14T14:39:50+00:00","dateModified":"2026-02-23T12:48:02+00:00","breadcrumb":{"@id":"https:\/\/anadolupet.com.tr\/urun\/eheim-dis-filtre-media-set-2080\/#breadcrumb"},"inLanguage":"en-US","potentialAction":[{"@type":"ReadAction","target":["https:\/\/anadolupet.com.tr\/urun\/eheim-dis-filtre-media-set-2080\/"]}]},{"@type":"ImageObject","inLanguage":"en-US","@id":"https:\/\/anadolupet.com.tr\/urun\/eheim-dis-filtre-media-set-2080\/#primaryimage","url":"https:\/\/anadolupet.com.tr\/wp-content\/uploads\/2026\/02\/105-2520800.jpg","contentUrl":"https:\/\/anadolupet.com.tr\/wp-content\/uploads\/2026\/02\/105-2520800.jpg","width":750,"height":750},{"@type":"BreadcrumbList","@id":"https:\/\/anadolupet.com.tr\/urun\/eheim-dis-filtre-media-set-2080\/#breadcrumb","itemListElement":[{"@type":"ListItem","position":1,"name":"Anasayfa","item":"https:\/\/anadolupet.com.tr\/"},{"@type":"ListItem","position":2,"name":"\u00dcr\u00fcnler","item":"https:\/\/anadolupet.com.tr\/urunler\/"},{"@type":"ListItem","position":3,"name":"EHEIM D\u0131\u015f Filtre Media Set (2080)"}]},{"@type":"WebSite","@id":"https:\/\/anadolupet.com.tr\/#website","url":"https:\/\/anadolupet.com.tr\/","name":"Anadolu Pet Group","description":"We Stand Together for the Well-Being of Every Life","publisher":{"@id":"https:\/\/anadolupet.com.tr\/#organization"},"potentialAction":[{"@type":"SearchAction","target":{"@type":"EntryPoint","urlTemplate":"https:\/\/anadolupet.com.tr\/?s={search_term_string}"},"query-input":{"@type":"PropertyValueSpecification","valueRequired":true,"valueName":"search_term_string"}}],"inLanguage":"en-US"},{"@type":"Organization","@id":"https:\/\/anadolupet.com.tr\/#organization","name":"Anadolu Pet Group","alternateName":"Anadolu Pet","url":"https:\/\/anadolupet.com.tr\/","logo":{"@type":"ImageObject","inLanguage":"en-US","@id":"https:\/\/anadolupet.com.tr\/#\/schema\/logo\/image\/","url":"https:\/\/anadolupet.com.tr\/wp-content\/uploads\/2026\/03\/1614666743370.jpg","contentUrl":"https:\/\/anadolupet.com.tr\/wp-content\/uploads\/2026\/03\/1614666743370.jpg","width":800,"height":571,"caption":"Anadolu Pet Grup"},"image":{"@id":"https:\/\/anadolupet.com.tr\/#\/schema\/logo\/image\/"}}]}},"_links":{"self":[{"href":"https:\/\/anadolupet.com.tr\/en\/wp-json\/wp\/v2\/product\/44848","targetHints":{"allow":["GET"]}}],"collection":[{"href":"https:\/\/anadolupet.com.tr\/en\/wp-json\/wp\/v2\/product"}],"about":[{"href":"https:\/\/anadolupet.com.tr\/en\/wp-json\/wp\/v2\/types\/product"}],"replies":[{"embeddable":true,"href":"https:\/\/anadolupet.com.tr\/en\/wp-json\/wp\/v2\/comments?post=44848"}],"wp:featuredmedia":[{"embeddable":true,"href":"https:\/\/anadolupet.com.tr\/en\/wp-json\/wp\/v2\/media\/42364"}],"wp:attachment":[{"href":"https:\/\/anadolupet.com.tr\/en\/wp-json\/wp\/v2\/media?parent=44848"}],"wp:term":[{"taxonomy":"product_brand","embeddable":true,"href":"https:\/\/anadolupet.com.tr\/en\/wp-json\/wp\/v2\/product_brand?post=44848"},{"taxonomy":"product_cat","embeddable":true,"href":"https:\/\/anadolupet.com.tr\/en\/wp-json\/wp\/v2\/product_cat?post=44848"},{"taxonomy":"product_tag","embeddable":true,"href":"https:\/\/anadolupet.com.tr\/en\/wp-json\/wp\/v2\/product_tag?post=44848"}],"curies":[{"name":"wp","href":"https:\/\/api.w.org\/{rel}","templated":true}]}}