{"id":44852,"date":"2026-02-14T14:39:51","date_gmt":"2026-02-14T14:39:51","guid":{"rendered":"https:\/\/anadolupet.com.tr\/?post_type=product&#038;p=44852"},"modified":"2026-02-23T12:48:03","modified_gmt":"2026-02-23T12:48:03","slug":"eheim-dis-filtre-pervane-mili-1046-1048-2222-2224","status":"publish","type":"product","link":"https:\/\/anadolupet.com.tr\/en\/urun\/eheim-dis-filtre-pervane-mili-1046-1048-2222-2224\/","title":{"rendered":"EHEIM D\u0131\u015f Filtre Pervane Mili (1046-1048-2222-2224)"},"content":{"rendered":"","protected":false},"excerpt":{"rendered":"<p>EHEIM orijinal pervane mili ve yatak seti, filtrenin pervane b\u00f6l\u00fcm\u00fcnde su sirk\u00fclasyonunu sa\u011flayan par\u00e7alar\u0131n sessiz ve verimli \u00e7al\u0131\u015fmas\u0131 i\u00e7in kullan\u0131l\u0131r. Seramik yap\u0131s\u0131 sayesinde \u0131s\u0131ya dayan\u0131kl\u0131d\u0131r ve uzun \u00f6m\u00fcrl\u00fcd\u00fcr.<br \/>\nK\u0131r\u0131lan mili yap\u0131\u015ft\u0131rmak veya tamir etmeye \u00e7al\u0131\u015fmak filtreye zarar verir; mutlaka orijinal yedek par\u00e7a kullan\u0131lmal\u0131d\u0131r.<\/p>\n<p>Uyumlu Modeller:<\/p>\n<p>1046 \/ 1048<\/p>\n<p>2222 \/ 2224 \/ 2324<\/p>\n<p>2422 \/ 2424<\/p>\n<p>Universal 300 \/ 600<\/p>\n<p>eXperience 150 \/ 250 \/ 250T<\/p>","protected":false},"featured_media":42685,"comment_status":"open","ping_status":"closed","template":"","meta":{"_acf_changed":false},"product_brand":[],"product_cat":[2406],"product_tag":[],"class_list":{"0":"post-44852","1":"product","2":"type-product","3":"status-publish","4":"has-post-thumbnail","6":"product_cat-pervane-ve-miller","8":"first","9":"instock","10":"shipping-taxable","11":"product-type-simple"},"acf":[],"yoast_head":"<!-- This site is optimized with the Yoast SEO plugin v27.5 - https:\/\/yoast.com\/product\/yoast-seo-wordpress\/ -->\n<title>EHEIM D\u0131\u015f Filtre Pervane Mili (1046-1048-2222-2224) - Anadolu Pet Grup<\/title>\n<meta name=\"robots\" content=\"index, follow, max-snippet:-1, max-image-preview:large, max-video-preview:-1\" \/>\n<link rel=\"canonical\" href=\"https:\/\/anadolupet.com.tr\/en\/product\/eheim-dis-filtre-pervane-mili-1046-1048-2222-2224\/\" \/>\n<meta property=\"og:locale\" content=\"en_US\" \/>\n<meta property=\"og:type\" content=\"article\" \/>\n<meta property=\"og:title\" content=\"EHEIM D\u0131\u015f Filtre Pervane Mili (1046-1048-2222-2224) - Anadolu Pet Grup\" \/>\n<meta property=\"og:description\" content=\"EHEIM orijinal pervane mili ve yatak seti, filtrenin pervane b\u00f6l\u00fcm\u00fcnde su sirk\u00fclasyonunu sa\u011flayan par\u00e7alar\u0131n sessiz ve verimli \u00e7al\u0131\u015fmas\u0131 i\u00e7in kullan\u0131l\u0131r. Seramik yap\u0131s\u0131 sayesinde \u0131s\u0131ya dayan\u0131kl\u0131d\u0131r ve uzun \u00f6m\u00fcrl\u00fcd\u00fcr. K\u0131r\u0131lan mili yap\u0131\u015ft\u0131rmak veya tamir etmeye \u00e7al\u0131\u015fmak filtreye zarar verir; mutlaka orijinal yedek par\u00e7a kullan\u0131lmal\u0131d\u0131r. Uyumlu Modeller: 1046 \/ 1048 2222 \/ 2224 \/ 2324 2422 \/ 2424 Universal 300 \/ 600 eXperience 150 \/ 250 \/ 250T\" \/>\n<meta property=\"og:url\" content=\"https:\/\/anadolupet.com.tr\/en\/product\/eheim-dis-filtre-pervane-mili-1046-1048-2222-2224\/\" \/>\n<meta property=\"og:site_name\" content=\"Anadolu Pet Grup\" \/>\n<meta property=\"article:modified_time\" content=\"2026-02-23T12:48:03+00:00\" \/>\n<meta property=\"og:image\" content=\"https:\/\/anadolupet.com.tr\/wp-content\/uploads\/2026\/02\/110-7433720.jpg\" \/>\n\t<meta property=\"og:image:width\" content=\"750\" \/>\n\t<meta property=\"og:image:height\" content=\"750\" \/>\n\t<meta property=\"og:image:type\" content=\"image\/jpeg\" \/>\n<meta name=\"twitter:card\" content=\"summary_large_image\" \/>\n<script type=\"application\/ld+json\" class=\"yoast-schema-graph\">{\"@context\":\"https:\\\/\\\/schema.org\",\"@graph\":[{\"@type\":\"WebPage\",\"@id\":\"https:\\\/\\\/anadolupet.com.tr\\\/urun\\\/eheim-dis-filtre-pervane-mili-1046-1048-2222-2224\\\/\",\"url\":\"https:\\\/\\\/anadolupet.com.tr\\\/urun\\\/eheim-dis-filtre-pervane-mili-1046-1048-2222-2224\\\/\",\"name\":\"EHEIM D\u0131\u015f Filtre Pervane Mili (1046-1048-2222-2224) - Anadolu Pet Grup\",\"isPartOf\":{\"@id\":\"https:\\\/\\\/anadolupet.com.tr\\\/#website\"},\"primaryImageOfPage\":{\"@id\":\"https:\\\/\\\/anadolupet.com.tr\\\/urun\\\/eheim-dis-filtre-pervane-mili-1046-1048-2222-2224\\\/#primaryimage\"},\"image\":{\"@id\":\"https:\\\/\\\/anadolupet.com.tr\\\/urun\\\/eheim-dis-filtre-pervane-mili-1046-1048-2222-2224\\\/#primaryimage\"},\"thumbnailUrl\":\"https:\\\/\\\/anadolupet.com.tr\\\/wp-content\\\/uploads\\\/2026\\\/02\\\/110-7433720.jpg\",\"datePublished\":\"2026-02-14T14:39:51+00:00\",\"dateModified\":\"2026-02-23T12:48:03+00:00\",\"breadcrumb\":{\"@id\":\"https:\\\/\\\/anadolupet.com.tr\\\/urun\\\/eheim-dis-filtre-pervane-mili-1046-1048-2222-2224\\\/#breadcrumb\"},\"inLanguage\":\"en-US\",\"potentialAction\":[{\"@type\":\"ReadAction\",\"target\":[\"https:\\\/\\\/anadolupet.com.tr\\\/urun\\\/eheim-dis-filtre-pervane-mili-1046-1048-2222-2224\\\/\"]}]},{\"@type\":\"ImageObject\",\"inLanguage\":\"en-US\",\"@id\":\"https:\\\/\\\/anadolupet.com.tr\\\/urun\\\/eheim-dis-filtre-pervane-mili-1046-1048-2222-2224\\\/#primaryimage\",\"url\":\"https:\\\/\\\/anadolupet.com.tr\\\/wp-content\\\/uploads\\\/2026\\\/02\\\/110-7433720.jpg\",\"contentUrl\":\"https:\\\/\\\/anadolupet.com.tr\\\/wp-content\\\/uploads\\\/2026\\\/02\\\/110-7433720.jpg\",\"width\":750,\"height\":750},{\"@type\":\"BreadcrumbList\",\"@id\":\"https:\\\/\\\/anadolupet.com.tr\\\/urun\\\/eheim-dis-filtre-pervane-mili-1046-1048-2222-2224\\\/#breadcrumb\",\"itemListElement\":[{\"@type\":\"ListItem\",\"position\":1,\"name\":\"Anasayfa\",\"item\":\"https:\\\/\\\/anadolupet.com.tr\\\/\"},{\"@type\":\"ListItem\",\"position\":2,\"name\":\"\u00dcr\u00fcnler\",\"item\":\"https:\\\/\\\/anadolupet.com.tr\\\/urunler\\\/\"},{\"@type\":\"ListItem\",\"position\":3,\"name\":\"EHEIM D\u0131\u015f Filtre Pervane Mili (1046-1048-2222-2224)\"}]},{\"@type\":\"WebSite\",\"@id\":\"https:\\\/\\\/anadolupet.com.tr\\\/#website\",\"url\":\"https:\\\/\\\/anadolupet.com.tr\\\/\",\"name\":\"Anadolu Pet Grup\",\"description\":\"Her Can\u0131n \u0130yi Ya\u015fam\u0131 \u0130\u00e7in Biraraday\u0131z\",\"publisher\":{\"@id\":\"https:\\\/\\\/anadolupet.com.tr\\\/#organization\"},\"potentialAction\":[{\"@type\":\"SearchAction\",\"target\":{\"@type\":\"EntryPoint\",\"urlTemplate\":\"https:\\\/\\\/anadolupet.com.tr\\\/?s={search_term_string}\"},\"query-input\":{\"@type\":\"PropertyValueSpecification\",\"valueRequired\":true,\"valueName\":\"search_term_string\"}}],\"inLanguage\":\"en-US\"},{\"@type\":\"Organization\",\"@id\":\"https:\\\/\\\/anadolupet.com.tr\\\/#organization\",\"name\":\"Anadolu Pet Grup\",\"alternateName\":\"Anadolu Pet\",\"url\":\"https:\\\/\\\/anadolupet.com.tr\\\/\",\"logo\":{\"@type\":\"ImageObject\",\"inLanguage\":\"en-US\",\"@id\":\"https:\\\/\\\/anadolupet.com.tr\\\/#\\\/schema\\\/logo\\\/image\\\/\",\"url\":\"https:\\\/\\\/anadolupet.com.tr\\\/wp-content\\\/uploads\\\/2026\\\/03\\\/1614666743370.jpg\",\"contentUrl\":\"https:\\\/\\\/anadolupet.com.tr\\\/wp-content\\\/uploads\\\/2026\\\/03\\\/1614666743370.jpg\",\"width\":800,\"height\":571,\"caption\":\"Anadolu Pet Grup\"},\"image\":{\"@id\":\"https:\\\/\\\/anadolupet.com.tr\\\/#\\\/schema\\\/logo\\\/image\\\/\"}}]}<\/script>\n<!-- \/ Yoast SEO plugin. -->","yoast_head_json":{"title":"EHEIM D\u0131\u015f Filtre Pervane Mili (1046-1048-2222-2224) - Anadolu Pet Grup","robots":{"index":"index","follow":"follow","max-snippet":"max-snippet:-1","max-image-preview":"max-image-preview:large","max-video-preview":"max-video-preview:-1"},"canonical":"https:\/\/anadolupet.com.tr\/en\/product\/eheim-dis-filtre-pervane-mili-1046-1048-2222-2224\/","og_locale":"en_US","og_type":"article","og_title":"EHEIM D\u0131\u015f Filtre Pervane Mili (1046-1048-2222-2224) - Anadolu Pet Grup","og_description":"EHEIM orijinal pervane mili ve yatak seti, filtrenin pervane b\u00f6l\u00fcm\u00fcnde su sirk\u00fclasyonunu sa\u011flayan par\u00e7alar\u0131n sessiz ve verimli \u00e7al\u0131\u015fmas\u0131 i\u00e7in kullan\u0131l\u0131r. Seramik yap\u0131s\u0131 sayesinde \u0131s\u0131ya dayan\u0131kl\u0131d\u0131r ve uzun \u00f6m\u00fcrl\u00fcd\u00fcr. K\u0131r\u0131lan mili yap\u0131\u015ft\u0131rmak veya tamir etmeye \u00e7al\u0131\u015fmak filtreye zarar verir; mutlaka orijinal yedek par\u00e7a kullan\u0131lmal\u0131d\u0131r. Uyumlu Modeller: 1046 \/ 1048 2222 \/ 2224 \/ 2324 2422 \/ 2424 Universal 300 \/ 600 eXperience 150 \/ 250 \/ 250T","og_url":"https:\/\/anadolupet.com.tr\/en\/product\/eheim-dis-filtre-pervane-mili-1046-1048-2222-2224\/","og_site_name":"Anadolu Pet Grup","article_modified_time":"2026-02-23T12:48:03+00:00","og_image":[{"width":750,"height":750,"url":"https:\/\/anadolupet.com.tr\/wp-content\/uploads\/2026\/02\/110-7433720.jpg","type":"image\/jpeg"}],"twitter_card":"summary_large_image","schema":{"@context":"https:\/\/schema.org","@graph":[{"@type":"WebPage","@id":"https:\/\/anadolupet.com.tr\/urun\/eheim-dis-filtre-pervane-mili-1046-1048-2222-2224\/","url":"https:\/\/anadolupet.com.tr\/urun\/eheim-dis-filtre-pervane-mili-1046-1048-2222-2224\/","name":"EHEIM D\u0131\u015f Filtre Pervane Mili (1046-1048-2222-2224) - Anadolu Pet Grup","isPartOf":{"@id":"https:\/\/anadolupet.com.tr\/#website"},"primaryImageOfPage":{"@id":"https:\/\/anadolupet.com.tr\/urun\/eheim-dis-filtre-pervane-mili-1046-1048-2222-2224\/#primaryimage"},"image":{"@id":"https:\/\/anadolupet.com.tr\/urun\/eheim-dis-filtre-pervane-mili-1046-1048-2222-2224\/#primaryimage"},"thumbnailUrl":"https:\/\/anadolupet.com.tr\/wp-content\/uploads\/2026\/02\/110-7433720.jpg","datePublished":"2026-02-14T14:39:51+00:00","dateModified":"2026-02-23T12:48:03+00:00","breadcrumb":{"@id":"https:\/\/anadolupet.com.tr\/urun\/eheim-dis-filtre-pervane-mili-1046-1048-2222-2224\/#breadcrumb"},"inLanguage":"en-US","potentialAction":[{"@type":"ReadAction","target":["https:\/\/anadolupet.com.tr\/urun\/eheim-dis-filtre-pervane-mili-1046-1048-2222-2224\/"]}]},{"@type":"ImageObject","inLanguage":"en-US","@id":"https:\/\/anadolupet.com.tr\/urun\/eheim-dis-filtre-pervane-mili-1046-1048-2222-2224\/#primaryimage","url":"https:\/\/anadolupet.com.tr\/wp-content\/uploads\/2026\/02\/110-7433720.jpg","contentUrl":"https:\/\/anadolupet.com.tr\/wp-content\/uploads\/2026\/02\/110-7433720.jpg","width":750,"height":750},{"@type":"BreadcrumbList","@id":"https:\/\/anadolupet.com.tr\/urun\/eheim-dis-filtre-pervane-mili-1046-1048-2222-2224\/#breadcrumb","itemListElement":[{"@type":"ListItem","position":1,"name":"Anasayfa","item":"https:\/\/anadolupet.com.tr\/"},{"@type":"ListItem","position":2,"name":"\u00dcr\u00fcnler","item":"https:\/\/anadolupet.com.tr\/urunler\/"},{"@type":"ListItem","position":3,"name":"EHEIM D\u0131\u015f Filtre Pervane Mili (1046-1048-2222-2224)"}]},{"@type":"WebSite","@id":"https:\/\/anadolupet.com.tr\/#website","url":"https:\/\/anadolupet.com.tr\/","name":"Anadolu Pet Group","description":"We Stand Together for the Well-Being of Every Life","publisher":{"@id":"https:\/\/anadolupet.com.tr\/#organization"},"potentialAction":[{"@type":"SearchAction","target":{"@type":"EntryPoint","urlTemplate":"https:\/\/anadolupet.com.tr\/?s={search_term_string}"},"query-input":{"@type":"PropertyValueSpecification","valueRequired":true,"valueName":"search_term_string"}}],"inLanguage":"en-US"},{"@type":"Organization","@id":"https:\/\/anadolupet.com.tr\/#organization","name":"Anadolu Pet Group","alternateName":"Anadolu Pet","url":"https:\/\/anadolupet.com.tr\/","logo":{"@type":"ImageObject","inLanguage":"en-US","@id":"https:\/\/anadolupet.com.tr\/#\/schema\/logo\/image\/","url":"https:\/\/anadolupet.com.tr\/wp-content\/uploads\/2026\/03\/1614666743370.jpg","contentUrl":"https:\/\/anadolupet.com.tr\/wp-content\/uploads\/2026\/03\/1614666743370.jpg","width":800,"height":571,"caption":"Anadolu Pet Grup"},"image":{"@id":"https:\/\/anadolupet.com.tr\/#\/schema\/logo\/image\/"}}]}},"_links":{"self":[{"href":"https:\/\/anadolupet.com.tr\/en\/wp-json\/wp\/v2\/product\/44852","targetHints":{"allow":["GET"]}}],"collection":[{"href":"https:\/\/anadolupet.com.tr\/en\/wp-json\/wp\/v2\/product"}],"about":[{"href":"https:\/\/anadolupet.com.tr\/en\/wp-json\/wp\/v2\/types\/product"}],"replies":[{"embeddable":true,"href":"https:\/\/anadolupet.com.tr\/en\/wp-json\/wp\/v2\/comments?post=44852"}],"wp:featuredmedia":[{"embeddable":true,"href":"https:\/\/anadolupet.com.tr\/en\/wp-json\/wp\/v2\/media\/42685"}],"wp:attachment":[{"href":"https:\/\/anadolupet.com.tr\/en\/wp-json\/wp\/v2\/media?parent=44852"}],"wp:term":[{"taxonomy":"product_brand","embeddable":true,"href":"https:\/\/anadolupet.com.tr\/en\/wp-json\/wp\/v2\/product_brand?post=44852"},{"taxonomy":"product_cat","embeddable":true,"href":"https:\/\/anadolupet.com.tr\/en\/wp-json\/wp\/v2\/product_cat?post=44852"},{"taxonomy":"product_tag","embeddable":true,"href":"https:\/\/anadolupet.com.tr\/en\/wp-json\/wp\/v2\/product_tag?post=44852"}],"curies":[{"name":"wp","href":"https:\/\/api.w.org\/{rel}","templated":true}]}}