{"id":44859,"date":"2026-02-14T14:39:51","date_gmt":"2026-02-14T14:39:51","guid":{"rendered":"https:\/\/anadolupet.com.tr\/?post_type=product&#038;p=44859"},"modified":"2026-02-23T12:48:03","modified_gmt":"2026-02-23T12:48:03","slug":"eheim-ecco-pro-200-dis-filtre","status":"publish","type":"product","link":"https:\/\/anadolupet.com.tr\/en\/urun\/eheim-ecco-pro-200-dis-filtre\/","title":{"rendered":"EHEIM Ecco Pro 200 D\u0131\u015f Filtre"},"content":{"rendered":"","protected":false},"excerpt":{"rendered":"<p>EHEIM ecco pro, enerji tasarrufu, y\u00fcksek performans ve kullan\u0131m kolayl\u0131\u011f\u0131n\u0131 bir arada sunan \u00f6zel bir d\u0131\u015f filtre serisidir. Sadece 5 Watt g\u00fc\u00e7 t\u00fcketimiyle 600 l\/saat ve 8 Watt ile 750 l\/saat pompa \u00e7\u0131k\u0131\u015f\u0131 sa\u011flayarak piyasadaki en verimli filtrelerden biridir. Bu sayede benzer filtrelere k\u0131yasla %44\u201375 daha az enerji harcar.<br \/>\nEcco pro\u2019nun karakteristik multifonksiyonel kolu \u00fc\u00e7 i\u015flevi bir arada sunar: ta\u015f\u0131ma, a\u00e7ma\/kapama ve ilk \u00e7al\u0131\u015ft\u0131rma (priming). D\u00f6ner kapatma musluklar\u0131, pratik filtre sepetleri ve seramik bile\u015fenler sayesinde sessiz \u00e7al\u0131\u015fma, uzun \u00f6m\u00fcr ve kolay kullan\u0131m sa\u011flan\u0131r.<br \/>\n\u00dc\u00e7 farkl\u0131 model ile 60\u2013300 litre akvaryumlar i\u00e7in uygundur ve filtre malzemeleriyle birlikte tam donan\u0131ml\u0131, kullan\u0131ma haz\u0131r \u015fekilde gelir.<br \/>\nAvantajlar<br \/>\nD\u00fc\u015f\u00fck enerji t\u00fcketimi, y\u00fcksek performans<br \/>\nOptimum su ak\u0131\u015f\u0131 ile m\u00fckemmel mekanik ve biyolojik filtrasyon<br \/>\nMultifonksiyonel kol (ta\u015f\u0131ma + a\u00e7ma\/kapama + priming)<br \/>\nD\u00f6ner kapatma musluklar\u0131 ile kolay kullan\u0131m<br \/>\nSeramik bile\u015fenler sayesinde sessiz \u00e7al\u0131\u015fma ve uzun \u00f6m\u00fcr<br \/>\nPratik filtre sepetleri, ihtiyaca g\u00f6re doldurulabilir<br \/>\nEk \u00f6n filtre sayesinde daha uzun temizlik aral\u0131klar\u0131<br \/>\nUzun \u00f6m\u00fcrl\u00fc silikon conta<br \/>\nAksesuarlar dahil: 2 kapatma muslu\u011fu, \u00e7\u0131k\u0131\u015f dirse\u011fi, emi\u015f borusu, EHEIM hortum, kurulum par\u00e7alar\u0131<br \/>\nOrijinal EHEIM filtre malzemeleriyle (\u00f6nceden doldurulmu\u015f sepetler) tam donan\u0131ml\u0131<br \/>\nModel \u00d6zellikleri<br \/>\necco pro 130: 1 filtre sepeti<br \/>\necco pro 200: 2 filtre sepeti<br \/>\necco pro 300: 3 filtre sepeti<\/p>","protected":false},"featured_media":42292,"comment_status":"open","ping_status":"closed","template":"","meta":{"_acf_changed":false},"product_brand":[],"product_cat":[2382],"product_tag":[],"class_list":{"0":"post-44859","1":"product","2":"type-product","3":"status-publish","4":"has-post-thumbnail","6":"product_cat-dis-filtreler","8":"first","9":"instock","10":"shipping-taxable","11":"product-type-simple"},"acf":[],"yoast_head":"<!-- This site is optimized with the Yoast SEO plugin v27.5 - https:\/\/yoast.com\/product\/yoast-seo-wordpress\/ -->\n<title>EHEIM Ecco Pro 200 D\u0131\u015f Filtre - Anadolu Pet Grup<\/title>\n<meta name=\"robots\" content=\"index, follow, max-snippet:-1, max-image-preview:large, max-video-preview:-1\" \/>\n<link rel=\"canonical\" href=\"https:\/\/anadolupet.com.tr\/en\/product\/eheim-ecco-pro-200-dis-filtre\/\" \/>\n<meta property=\"og:locale\" content=\"en_US\" \/>\n<meta property=\"og:type\" content=\"article\" \/>\n<meta property=\"og:title\" content=\"EHEIM Ecco Pro 200 D\u0131\u015f Filtre - Anadolu Pet Grup\" \/>\n<meta property=\"og:description\" content=\"EHEIM ecco pro, enerji tasarrufu, y\u00fcksek performans ve kullan\u0131m kolayl\u0131\u011f\u0131n\u0131 bir arada sunan \u00f6zel bir d\u0131\u015f filtre serisidir. Sadece 5 Watt g\u00fc\u00e7 t\u00fcketimiyle 600 l\/saat ve 8 Watt ile 750 l\/saat pompa \u00e7\u0131k\u0131\u015f\u0131 sa\u011flayarak piyasadaki en verimli filtrelerden biridir. Bu sayede benzer filtrelere k\u0131yasla %44\u201375 daha az enerji harcar. Ecco pro\u2019nun karakteristik multifonksiyonel kolu \u00fc\u00e7 i\u015flevi bir arada sunar: ta\u015f\u0131ma, a\u00e7ma\/kapama ve ilk \u00e7al\u0131\u015ft\u0131rma (priming). D\u00f6ner kapatma musluklar\u0131, pratik filtre sepetleri ve seramik bile\u015fenler sayesinde sessiz \u00e7al\u0131\u015fma, uzun \u00f6m\u00fcr ve kolay kullan\u0131m sa\u011flan\u0131r. \u00dc\u00e7 farkl\u0131 model ile 60\u2013300 litre akvaryumlar i\u00e7in uygundur ve filtre malzemeleriyle birlikte tam donan\u0131ml\u0131, kullan\u0131ma haz\u0131r \u015fekilde gelir. Avantajlar D\u00fc\u015f\u00fck enerji t\u00fcketimi, y\u00fcksek performans Optimum su ak\u0131\u015f\u0131 ile m\u00fckemmel mekanik ve biyolojik filtrasyon Multifonksiyonel kol (ta\u015f\u0131ma + a\u00e7ma\/kapama + priming) D\u00f6ner kapatma musluklar\u0131 ile kolay kullan\u0131m Seramik bile\u015fenler sayesinde sessiz \u00e7al\u0131\u015fma ve uzun \u00f6m\u00fcr Pratik filtre sepetleri, ihtiyaca g\u00f6re doldurulabilir Ek \u00f6n filtre sayesinde daha uzun temizlik aral\u0131klar\u0131 Uzun \u00f6m\u00fcrl\u00fc silikon conta Aksesuarlar dahil: 2 kapatma muslu\u011fu, \u00e7\u0131k\u0131\u015f dirse\u011fi, emi\u015f borusu, EHEIM hortum, kurulum par\u00e7alar\u0131 Orijinal EHEIM filtre malzemeleriyle (\u00f6nceden doldurulmu\u015f sepetler) tam donan\u0131ml\u0131 Model \u00d6zellikleri ecco pro 130: 1 filtre sepeti ecco pro 200: 2 filtre sepeti ecco pro 300: 3 filtre sepeti\" \/>\n<meta property=\"og:url\" content=\"https:\/\/anadolupet.com.tr\/en\/product\/eheim-ecco-pro-200-dis-filtre\/\" \/>\n<meta property=\"og:site_name\" content=\"Anadolu Pet Grup\" \/>\n<meta property=\"article:modified_time\" content=\"2026-02-23T12:48:03+00:00\" \/>\n<meta property=\"og:image\" content=\"https:\/\/anadolupet.com.tr\/wp-content\/uploads\/2026\/02\/105-2034020.jpg\" \/>\n\t<meta property=\"og:image:width\" content=\"750\" \/>\n\t<meta property=\"og:image:height\" content=\"750\" \/>\n\t<meta property=\"og:image:type\" content=\"image\/jpeg\" \/>\n<meta name=\"twitter:card\" content=\"summary_large_image\" \/>\n<script type=\"application\/ld+json\" class=\"yoast-schema-graph\">{\"@context\":\"https:\\\/\\\/schema.org\",\"@graph\":[{\"@type\":\"WebPage\",\"@id\":\"https:\\\/\\\/anadolupet.com.tr\\\/urun\\\/eheim-ecco-pro-200-dis-filtre\\\/\",\"url\":\"https:\\\/\\\/anadolupet.com.tr\\\/urun\\\/eheim-ecco-pro-200-dis-filtre\\\/\",\"name\":\"EHEIM Ecco Pro 200 D\u0131\u015f Filtre - Anadolu Pet Grup\",\"isPartOf\":{\"@id\":\"https:\\\/\\\/anadolupet.com.tr\\\/#website\"},\"primaryImageOfPage\":{\"@id\":\"https:\\\/\\\/anadolupet.com.tr\\\/urun\\\/eheim-ecco-pro-200-dis-filtre\\\/#primaryimage\"},\"image\":{\"@id\":\"https:\\\/\\\/anadolupet.com.tr\\\/urun\\\/eheim-ecco-pro-200-dis-filtre\\\/#primaryimage\"},\"thumbnailUrl\":\"https:\\\/\\\/anadolupet.com.tr\\\/wp-content\\\/uploads\\\/2026\\\/02\\\/105-2034020.jpg\",\"datePublished\":\"2026-02-14T14:39:51+00:00\",\"dateModified\":\"2026-02-23T12:48:03+00:00\",\"breadcrumb\":{\"@id\":\"https:\\\/\\\/anadolupet.com.tr\\\/urun\\\/eheim-ecco-pro-200-dis-filtre\\\/#breadcrumb\"},\"inLanguage\":\"en-US\",\"potentialAction\":[{\"@type\":\"ReadAction\",\"target\":[\"https:\\\/\\\/anadolupet.com.tr\\\/urun\\\/eheim-ecco-pro-200-dis-filtre\\\/\"]}]},{\"@type\":\"ImageObject\",\"inLanguage\":\"en-US\",\"@id\":\"https:\\\/\\\/anadolupet.com.tr\\\/urun\\\/eheim-ecco-pro-200-dis-filtre\\\/#primaryimage\",\"url\":\"https:\\\/\\\/anadolupet.com.tr\\\/wp-content\\\/uploads\\\/2026\\\/02\\\/105-2034020.jpg\",\"contentUrl\":\"https:\\\/\\\/anadolupet.com.tr\\\/wp-content\\\/uploads\\\/2026\\\/02\\\/105-2034020.jpg\",\"width\":750,\"height\":750},{\"@type\":\"BreadcrumbList\",\"@id\":\"https:\\\/\\\/anadolupet.com.tr\\\/urun\\\/eheim-ecco-pro-200-dis-filtre\\\/#breadcrumb\",\"itemListElement\":[{\"@type\":\"ListItem\",\"position\":1,\"name\":\"Anasayfa\",\"item\":\"https:\\\/\\\/anadolupet.com.tr\\\/\"},{\"@type\":\"ListItem\",\"position\":2,\"name\":\"\u00dcr\u00fcnler\",\"item\":\"https:\\\/\\\/anadolupet.com.tr\\\/urunler\\\/\"},{\"@type\":\"ListItem\",\"position\":3,\"name\":\"EHEIM Ecco Pro 200 D\u0131\u015f Filtre\"}]},{\"@type\":\"WebSite\",\"@id\":\"https:\\\/\\\/anadolupet.com.tr\\\/#website\",\"url\":\"https:\\\/\\\/anadolupet.com.tr\\\/\",\"name\":\"Anadolu Pet Grup\",\"description\":\"Her Can\u0131n \u0130yi Ya\u015fam\u0131 \u0130\u00e7in Biraraday\u0131z\",\"publisher\":{\"@id\":\"https:\\\/\\\/anadolupet.com.tr\\\/#organization\"},\"potentialAction\":[{\"@type\":\"SearchAction\",\"target\":{\"@type\":\"EntryPoint\",\"urlTemplate\":\"https:\\\/\\\/anadolupet.com.tr\\\/?s={search_term_string}\"},\"query-input\":{\"@type\":\"PropertyValueSpecification\",\"valueRequired\":true,\"valueName\":\"search_term_string\"}}],\"inLanguage\":\"en-US\"},{\"@type\":\"Organization\",\"@id\":\"https:\\\/\\\/anadolupet.com.tr\\\/#organization\",\"name\":\"Anadolu Pet Grup\",\"alternateName\":\"Anadolu Pet\",\"url\":\"https:\\\/\\\/anadolupet.com.tr\\\/\",\"logo\":{\"@type\":\"ImageObject\",\"inLanguage\":\"en-US\",\"@id\":\"https:\\\/\\\/anadolupet.com.tr\\\/#\\\/schema\\\/logo\\\/image\\\/\",\"url\":\"https:\\\/\\\/anadolupet.com.tr\\\/wp-content\\\/uploads\\\/2026\\\/03\\\/1614666743370.jpg\",\"contentUrl\":\"https:\\\/\\\/anadolupet.com.tr\\\/wp-content\\\/uploads\\\/2026\\\/03\\\/1614666743370.jpg\",\"width\":800,\"height\":571,\"caption\":\"Anadolu Pet Grup\"},\"image\":{\"@id\":\"https:\\\/\\\/anadolupet.com.tr\\\/#\\\/schema\\\/logo\\\/image\\\/\"}}]}<\/script>\n<!-- \/ Yoast SEO plugin. -->","yoast_head_json":{"title":"EHEIM Ecco Pro 200 D\u0131\u015f Filtre - Anadolu Pet Grup","robots":{"index":"index","follow":"follow","max-snippet":"max-snippet:-1","max-image-preview":"max-image-preview:large","max-video-preview":"max-video-preview:-1"},"canonical":"https:\/\/anadolupet.com.tr\/en\/product\/eheim-ecco-pro-200-dis-filtre\/","og_locale":"en_US","og_type":"article","og_title":"EHEIM Ecco Pro 200 D\u0131\u015f Filtre - Anadolu Pet Grup","og_description":"EHEIM ecco pro, enerji tasarrufu, y\u00fcksek performans ve kullan\u0131m kolayl\u0131\u011f\u0131n\u0131 bir arada sunan \u00f6zel bir d\u0131\u015f filtre serisidir. Sadece 5 Watt g\u00fc\u00e7 t\u00fcketimiyle 600 l\/saat ve 8 Watt ile 750 l\/saat pompa \u00e7\u0131k\u0131\u015f\u0131 sa\u011flayarak piyasadaki en verimli filtrelerden biridir. Bu sayede benzer filtrelere k\u0131yasla %44\u201375 daha az enerji harcar. Ecco pro\u2019nun karakteristik multifonksiyonel kolu \u00fc\u00e7 i\u015flevi bir arada sunar: ta\u015f\u0131ma, a\u00e7ma\/kapama ve ilk \u00e7al\u0131\u015ft\u0131rma (priming). D\u00f6ner kapatma musluklar\u0131, pratik filtre sepetleri ve seramik bile\u015fenler sayesinde sessiz \u00e7al\u0131\u015fma, uzun \u00f6m\u00fcr ve kolay kullan\u0131m sa\u011flan\u0131r. \u00dc\u00e7 farkl\u0131 model ile 60\u2013300 litre akvaryumlar i\u00e7in uygundur ve filtre malzemeleriyle birlikte tam donan\u0131ml\u0131, kullan\u0131ma haz\u0131r \u015fekilde gelir. Avantajlar D\u00fc\u015f\u00fck enerji t\u00fcketimi, y\u00fcksek performans Optimum su ak\u0131\u015f\u0131 ile m\u00fckemmel mekanik ve biyolojik filtrasyon Multifonksiyonel kol (ta\u015f\u0131ma + a\u00e7ma\/kapama + priming) D\u00f6ner kapatma musluklar\u0131 ile kolay kullan\u0131m Seramik bile\u015fenler sayesinde sessiz \u00e7al\u0131\u015fma ve uzun \u00f6m\u00fcr Pratik filtre sepetleri, ihtiyaca g\u00f6re doldurulabilir Ek \u00f6n filtre sayesinde daha uzun temizlik aral\u0131klar\u0131 Uzun \u00f6m\u00fcrl\u00fc silikon conta Aksesuarlar dahil: 2 kapatma muslu\u011fu, \u00e7\u0131k\u0131\u015f dirse\u011fi, emi\u015f borusu, EHEIM hortum, kurulum par\u00e7alar\u0131 Orijinal EHEIM filtre malzemeleriyle (\u00f6nceden doldurulmu\u015f sepetler) tam donan\u0131ml\u0131 Model \u00d6zellikleri ecco pro 130: 1 filtre sepeti ecco pro 200: 2 filtre sepeti ecco pro 300: 3 filtre sepeti","og_url":"https:\/\/anadolupet.com.tr\/en\/product\/eheim-ecco-pro-200-dis-filtre\/","og_site_name":"Anadolu Pet Grup","article_modified_time":"2026-02-23T12:48:03+00:00","og_image":[{"width":750,"height":750,"url":"https:\/\/anadolupet.com.tr\/wp-content\/uploads\/2026\/02\/105-2034020.jpg","type":"image\/jpeg"}],"twitter_card":"summary_large_image","schema":{"@context":"https:\/\/schema.org","@graph":[{"@type":"WebPage","@id":"https:\/\/anadolupet.com.tr\/urun\/eheim-ecco-pro-200-dis-filtre\/","url":"https:\/\/anadolupet.com.tr\/urun\/eheim-ecco-pro-200-dis-filtre\/","name":"EHEIM Ecco Pro 200 D\u0131\u015f Filtre - Anadolu Pet Grup","isPartOf":{"@id":"https:\/\/anadolupet.com.tr\/#website"},"primaryImageOfPage":{"@id":"https:\/\/anadolupet.com.tr\/urun\/eheim-ecco-pro-200-dis-filtre\/#primaryimage"},"image":{"@id":"https:\/\/anadolupet.com.tr\/urun\/eheim-ecco-pro-200-dis-filtre\/#primaryimage"},"thumbnailUrl":"https:\/\/anadolupet.com.tr\/wp-content\/uploads\/2026\/02\/105-2034020.jpg","datePublished":"2026-02-14T14:39:51+00:00","dateModified":"2026-02-23T12:48:03+00:00","breadcrumb":{"@id":"https:\/\/anadolupet.com.tr\/urun\/eheim-ecco-pro-200-dis-filtre\/#breadcrumb"},"inLanguage":"en-US","potentialAction":[{"@type":"ReadAction","target":["https:\/\/anadolupet.com.tr\/urun\/eheim-ecco-pro-200-dis-filtre\/"]}]},{"@type":"ImageObject","inLanguage":"en-US","@id":"https:\/\/anadolupet.com.tr\/urun\/eheim-ecco-pro-200-dis-filtre\/#primaryimage","url":"https:\/\/anadolupet.com.tr\/wp-content\/uploads\/2026\/02\/105-2034020.jpg","contentUrl":"https:\/\/anadolupet.com.tr\/wp-content\/uploads\/2026\/02\/105-2034020.jpg","width":750,"height":750},{"@type":"BreadcrumbList","@id":"https:\/\/anadolupet.com.tr\/urun\/eheim-ecco-pro-200-dis-filtre\/#breadcrumb","itemListElement":[{"@type":"ListItem","position":1,"name":"Anasayfa","item":"https:\/\/anadolupet.com.tr\/"},{"@type":"ListItem","position":2,"name":"\u00dcr\u00fcnler","item":"https:\/\/anadolupet.com.tr\/urunler\/"},{"@type":"ListItem","position":3,"name":"EHEIM Ecco Pro 200 D\u0131\u015f Filtre"}]},{"@type":"WebSite","@id":"https:\/\/anadolupet.com.tr\/#website","url":"https:\/\/anadolupet.com.tr\/","name":"Anadolu Pet Group","description":"We Stand Together for the Well-Being of Every Life","publisher":{"@id":"https:\/\/anadolupet.com.tr\/#organization"},"potentialAction":[{"@type":"SearchAction","target":{"@type":"EntryPoint","urlTemplate":"https:\/\/anadolupet.com.tr\/?s={search_term_string}"},"query-input":{"@type":"PropertyValueSpecification","valueRequired":true,"valueName":"search_term_string"}}],"inLanguage":"en-US"},{"@type":"Organization","@id":"https:\/\/anadolupet.com.tr\/#organization","name":"Anadolu Pet Group","alternateName":"Anadolu Pet","url":"https:\/\/anadolupet.com.tr\/","logo":{"@type":"ImageObject","inLanguage":"en-US","@id":"https:\/\/anadolupet.com.tr\/#\/schema\/logo\/image\/","url":"https:\/\/anadolupet.com.tr\/wp-content\/uploads\/2026\/03\/1614666743370.jpg","contentUrl":"https:\/\/anadolupet.com.tr\/wp-content\/uploads\/2026\/03\/1614666743370.jpg","width":800,"height":571,"caption":"Anadolu Pet Grup"},"image":{"@id":"https:\/\/anadolupet.com.tr\/#\/schema\/logo\/image\/"}}]}},"_links":{"self":[{"href":"https:\/\/anadolupet.com.tr\/en\/wp-json\/wp\/v2\/product\/44859","targetHints":{"allow":["GET"]}}],"collection":[{"href":"https:\/\/anadolupet.com.tr\/en\/wp-json\/wp\/v2\/product"}],"about":[{"href":"https:\/\/anadolupet.com.tr\/en\/wp-json\/wp\/v2\/types\/product"}],"replies":[{"embeddable":true,"href":"https:\/\/anadolupet.com.tr\/en\/wp-json\/wp\/v2\/comments?post=44859"}],"wp:featuredmedia":[{"embeddable":true,"href":"https:\/\/anadolupet.com.tr\/en\/wp-json\/wp\/v2\/media\/42292"}],"wp:attachment":[{"href":"https:\/\/anadolupet.com.tr\/en\/wp-json\/wp\/v2\/media?parent=44859"}],"wp:term":[{"taxonomy":"product_brand","embeddable":true,"href":"https:\/\/anadolupet.com.tr\/en\/wp-json\/wp\/v2\/product_brand?post=44859"},{"taxonomy":"product_cat","embeddable":true,"href":"https:\/\/anadolupet.com.tr\/en\/wp-json\/wp\/v2\/product_cat?post=44859"},{"taxonomy":"product_tag","embeddable":true,"href":"https:\/\/anadolupet.com.tr\/en\/wp-json\/wp\/v2\/product_tag?post=44859"}],"curies":[{"name":"wp","href":"https:\/\/api.w.org\/{rel}","templated":true}]}}